{"id":455,"date":"2012-07-12T13:52:13","date_gmt":"2012-07-12T11:52:13","guid":{"rendered":"http:\/\/tabanispartacus.wordpress.com\/?page_id=455"},"modified":"2015-05-08T17:28:50","modified_gmt":"2015-05-08T15:28:50","slug":"versenyeink-1996-ban","status":"publish","type":"page","link":"https:\/\/www.tabanispartacus.hu\/tajfuto\/wordpress\/?page_id=455","title":{"rendered":"Versenyeink 1996-ban"},"content":{"rendered":"<p>&nbsp;<\/p>\n<table width=\"100%\" border=\"0\" cellspacing=\"0\" cellpadding=\"10\">\n<tbody>\n<tr>\n<td align=\"center\" valign=\"top\" width=\"100%\">\n<p align=\"CENTER\">1996<\/p>\n<p>&nbsp;<\/p>\n<p align=\"center\"><strong>1996. \u00c9VI \u0150SZI SPARTACUS KUPA NEMZETK\u00d6ZI T\u00c1JFUT\u00d3 VERSENY<\/strong><br \/>\nG\u00e1nt 1996. november 2-3<\/p>\n<p align=\"LEFT\">Rendez\u0151 Tab\u00e1ni Spartacus SKE 1013 Budapest, Attila \u00fat 2.<br \/>\nA verseny t\u00e1mogat\u00f3ja Apenta \u00c1sv\u00e1nyv\u00edz \u00e9s \u00dcdit\u0151ital Kft. <em>\u0084Friss er\u0151forr\u00e1s 1000 m\u00e9ter m\u00e9lyr\u0151l\u0094<\/em><\/p>\n<p>&nbsp;<\/p>\n<p align=\"LEFT\"><strong>Versenyrendez\u0151s\u00e9g<br \/>\n<\/strong>Eln\u00f6k: Gyalog L\u00e1szl\u00f3<br \/>\nEln\u00f6khelyettesek: Vass L\u00e1szl\u00f3, Sz\u0171cs B. Levente<br \/>\nTitk\u00e1r: Ger\u0151 Csaba<br \/>\nP\u00e1lyakit\u0171z\u0151k: Lux Andrea, Uhlir P\u00e9ter<br \/>\nGazdas\u00e1gi \u00fcgyek: Vass Katalin<br \/>\nEllen\u0151rz\u0151 b\u00edr\u00f3k: Heged\u0171s Andr\u00e1s, (Lux Iv\u00e1n), Ki\u00e1cz Bence<\/p>\n<p align=\"LEFT\">T\u00e9rk\u00e9p: 1996-ban IOF norm\u00e1k szerint helyesb\u00edtett, M = 1:15 000 \/ 5 m<\/p>\n<p align=\"LEFT\">H21 E 53 f\u0151 indult, 28 f\u0151 \u00e9rt\u00e9kelhet\u0151<br \/>\n1. Thomas B\u00fchrer WWP SUI 64.85 ( 1) 78.12 ( 2) 142.97<br \/>\n2. Holger Hott-Johanssen WWP NOR 70.70 ( 2) 77.88 ( 1) 148.58<br \/>\n3. Rudolf Ropek WWP CZ 71.40 ( 3) 81.55 ( 4) 152.95<br \/>\n4. Sixten Sild WWP EST 73.85 ( 9) 80.10 ( 3) 153.95<br \/>\n5. Edgaras Voveris WWP LIT 71.80 ( 4) 83.65 ( 5) 155.45<br \/>\n6. Tore Sandvik WWP NOR 71.85 ( 5) 88.10 (10) 159.95<br \/>\n7. Moln\u00e1r Tibor BEA 73.97 (10) 87.43 ( 9) 161.40<br \/>\n8. Lantos Zolt\u00e1n BEA 75.93 (14) 85.75 ( 7) 161.68<br \/>\n9. Domonyik G\u00e1bor MEA 75.45 (12) 87.27 ( 8) 162.72<br \/>\n10. J\u00f6rgen M\u013artensson WWP SWE 74.35 (11) 89.38 (13) 163.73<\/p>\n<p align=\"LEFT\">D21 E 17 f\u0151 indult, 12 f\u0151 \u00e9rt\u00e9kelhet\u0151<br \/>\n1. Ol\u00e1h Katalin SZV 63.38 ( 1) 59.15 ( 1) 122.53<br \/>\n2. Hanne Staff WWP NOR 66.60 ( 2) 61.37 ( 2) 127.97<br \/>\n3. Lucie B\u00f6hm WWP AUT 66.68 ( 3) 68.77 ( 4) 135.45<br \/>\n4. Mari-Luce Romanens WWP SWE 71.15 ( 4) 64.43 ( 3) 135.58<br \/>\n5. Skerletz Imola SMA 76.81 ( 6) 79.42 ( 6) 156.22<\/p>\n<p align=\"LEFT\">D18 B 36 f\u0151 indult, 30 f\u0151 \u00e9rt\u00e9kelhet\u0151<br \/>\n1. B\u00edr\u00f3 Alma MOM 45.85 ( 2) 47.23 ( 1) 93.8<br \/>\n2. Pog\u00e1ny Borcsi FAB 51.67 ( 5) 52.18 ( 2) 103.85<br \/>\n3. <strong>Szuromi M\u00e1rta SPA<\/strong> 53.42 ( 6) 54.58 ( 5) 108.0<br \/>\n6. <strong>Gyalog Zsuzsa SPA<\/strong> 54.23 ( 7) 55.72 ( 7) 109.95<br \/>\nAz \u0150szi Spartacus-kup\u00e1val az id\u00e9ny utols\u00f3 t\u00e1jfut\u00f3verseny\u00e9t rendezt\u00e9k meg a h\u00e9t v\u00e9g\u00e9n a V\u00e9rtesben \u00e9s mint a sz\u00ednpadi fin\u00e1l\u00e9kban \u00e1ltal\u00e1ban, itt sem volt n\u00e9lk\u00fcl\u00f6zve a par\u00e1d\u00e9! A G\u00e1nt t\u00e9rs\u00e9g\u00e9ben felsorakozott mez\u0151ny igaz\u00e1n elitre sikeredett. \u00d6t feln\u0151tt vil\u00e1gbajnok, junior \u00e9s f\u0151iskolai vil\u00e1gbajnokok \u00e9s \u00e9rmesek, Vil\u00e1gkupa-gy\u0151ztesek adtak randev\u00fat egym\u00e1snak a k\u00e9tnapos versenyen.<br \/>\nA f\u00e9rfiakn\u00e1l a detmoldi vil\u00e1gbajnoks\u00e1g v\u00e1lt\u00f3verseny\u00e9n aranyat nyert sv\u00e1jci csapat egyik tagja, <em>Thomas B\u00fchrer<\/em> m\u00e1r az els\u0151, vagyis a szombati felvon\u00e1sban eld\u00f6nt\u00f6tte a viadal v\u00e9gkimenet\u00e9t \u0096 hat (!) percet vert az igencsak kiegyenl\u00edtett er\u0151ss\u00e9g\u0171 mez\u0151nyre. A k\u00e9tszeres vil\u00e1gbajnok sv\u00e9d <em>J\u00f6rgen M\u013artenssonnak<\/em> csak a bossz\u00fas\u00e1g maradt: az els\u0151 nap az egyik pontn\u00e1l \u0084elkavart\u0094, s \u00edgy csak a k\u00f6z\u00e9pmez\u0151nyben tudta befejezni magyarorsz\u00e1gi vend\u00e9gszerepl\u00e9s\u00e9t.<br \/>\n<em>&#8211; Nem tetszett a p\u00e1lya<\/em> \u0096 mondta verseny v\u00e9g\u00e9n M\u013artensson. \u0096 <em>Technikailag nagyon k\u00f6nny\u0171 volt, fizikailag pedig v\u00e1ratlanul kem\u00e9ny. Kellemesebb fut\u00e1sra sz\u00e1m\u00edtottam, de az is lehet, hogy elf\u00e1radtam az id\u00e9ny v\u00e9g\u00e9re<\/em>\u0085<br \/>\nH\u00e1romszoros junior vil\u00e1gbajnokunknak,<em> Domonyik G\u00e1bornak <\/em>sem fek\u00fcdt a terep. A legjobban szerepl\u0151 magyar f\u00e9rfi, a hetedik helyezett <em>Moln\u00e1r Tibor<\/em> lett. A h\u00f6lgyekn\u00e9l Ol\u00e1h Katalin ism\u00e9t szenz\u00e1ci\u00f3san versenyzett. Noha id\u00e9n nem igaz\u00e1n a t\u00e1jfut\u00e1sra koncentr\u00e1lt (a vasi Park World Tour-\u00e1llom\u00e1son k\u00edv\u00fcl csak az orsz\u00e1gos bajnoks\u00e1gokon szerepelt), a Vil\u00e1gkupa-sorozatban menetel\u0151 szt\u00e1roknak j\u00f3csk\u00e1n \u0084odakoppintott\u0094 az orrukra. A Vil\u00e1gkupa-els\u0151 norv\u00e9g Hanne Staffot t\u00f6bb mint \u00f6t perccel utas\u00edtotta a m\u00e1sodik helyre.<br \/>\n&#8211; <em>Igaz\u00e1n megszenvedtem e h\u00e9t v\u00e9g\u00e9n<\/em> \u0096 vallotta a Garancia-SZVSE versenyz\u0151je. \u0096 <em>Jobb p\u00e1lyavezet\u00e9st v\u00e1rtam, sok volt a pont \u00e9s kev\u00e9s az \u00fatvonalv\u00e1laszt\u00e1si lehet\u0151s\u00e9g. Mindenesetre nagyon \u00f6r\u00fcl\u00f6k a j\u00f3 szerepl\u00e9snek.<\/em><\/p>\n<p>&nbsp;<\/p>\n<p align=\"RIGHT\">(lipiczky) Nemzeti Sport 1996. november 4.<\/p>\n<p align=\"center\"><strong><a href=\"http:\/\/lazarus.elte.hu\/tajfutas\/results\/1996\/aspart96.htm\">Eredm\u00e9nyek<\/a><\/strong><br \/>\n(k\u00fcls\u0151 hivatkoz\u00e1sok a <strong><a href=\"http:\/\/lazarus.elte.hu\/tajfutas\">Magyar T\u00e1jfut\u00f3 Lapok<\/a><\/strong>ra)<\/p>\n<p><strong><a href=\"http:\/\/www.tabanispartacus.hu\/tajfuto\/wordpress\/?page_id=34\">Vissza a Spari kup\u00e1k kezd\u0151oldal\u00e1ra<\/a><\/strong><\/td>\n<\/tr>\n<\/tbody>\n<\/table>\n","protected":false},"excerpt":{"rendered":"<p>&nbsp; 1996 &nbsp; 1996. \u00c9VI \u0150SZI SPARTACUS KUPA NEMZETK\u00d6ZI T\u00c1JFUT\u00d3 VERSENY G\u00e1nt 1996. november 2-3 Rendez\u0151 Tab\u00e1ni Spartacus SKE 1013 Budapest, Attila \u00fat 2. A verseny t\u00e1mogat\u00f3ja Apenta \u00c1sv\u00e1nyv\u00edz \u00e9s \u00dcdit\u0151ital Kft. \u0084Friss er\u0151forr\u00e1s 1000 m\u00e9ter m\u00e9lyr\u0151l\u0094 &nbsp; Versenyrendez\u0151s\u00e9g Eln\u00f6k: Gyalog L\u00e1szl\u00f3 Eln\u00f6khelyettesek: Vass L\u00e1szl\u00f3, Sz\u0171cs B. Levente Titk\u00e1r: Ger\u0151 Csaba P\u00e1lyakit\u0171z\u0151k: Lux Andrea, Uhlir &hellip; <a href=\"https:\/\/www.tabanispartacus.hu\/tajfuto\/wordpress\/?page_id=455\" class=\"more-link\"><span class=\"screen-reader-text\">Versenyeink 1996-ban<\/span> olvas\u00e1s\u00e1nak folytat\u00e1sa <span class=\"meta-nav\">&rarr;<\/span><\/a><\/p>\n","protected":false},"author":1,"featured_media":0,"parent":34,"menu_order":0,"comment_status":"closed","ping_status":"closed","template":"","meta":{"ngg_post_thumbnail":0},"_links":{"self":[{"href":"https:\/\/www.tabanispartacus.hu\/tajfuto\/wordpress\/index.php?rest_route=\/wp\/v2\/pages\/455"}],"collection":[{"href":"https:\/\/www.tabanispartacus.hu\/tajfuto\/wordpress\/index.php?rest_route=\/wp\/v2\/pages"}],"about":[{"href":"https:\/\/www.tabanispartacus.hu\/tajfuto\/wordpress\/index.php?rest_route=\/wp\/v2\/types\/page"}],"author":[{"embeddable":true,"href":"https:\/\/www.tabanispartacus.hu\/tajfuto\/wordpress\/index.php?rest_route=\/wp\/v2\/users\/1"}],"replies":[{"embeddable":true,"href":"https:\/\/www.tabanispartacus.hu\/tajfuto\/wordpress\/index.php?rest_route=%2Fwp%2Fv2%2Fcomments&post=455"}],"version-history":[{"count":1,"href":"https:\/\/www.tabanispartacus.hu\/tajfuto\/wordpress\/index.php?rest_route=\/wp\/v2\/pages\/455\/revisions"}],"predecessor-version":[{"id":2459,"href":"https:\/\/www.tabanispartacus.hu\/tajfuto\/wordpress\/index.php?rest_route=\/wp\/v2\/pages\/455\/revisions\/2459"}],"up":[{"embeddable":true,"href":"https:\/\/www.tabanispartacus.hu\/tajfuto\/wordpress\/index.php?rest_route=\/wp\/v2\/pages\/34"}],"wp:attachment":[{"href":"https:\/\/www.tabanispartacus.hu\/tajfuto\/wordpress\/index.php?rest_route=%2Fwp%2Fv2%2Fmedia&parent=455"}],"curies":[{"name":"wp","href":"https:\/\/api.w.org\/{rel}","templated":true}]}}