{"id":447,"date":"2012-07-12T13:00:05","date_gmt":"2012-07-12T11:00:05","guid":{"rendered":"http:\/\/tabanispartacus.wordpress.com\/?page_id=447"},"modified":"2015-05-08T17:30:37","modified_gmt":"2015-05-08T15:30:37","slug":"versenyeink-1999-ben","status":"publish","type":"page","link":"https:\/\/www.tabanispartacus.hu\/tajfuto\/wordpress\/?page_id=447","title":{"rendered":"Versenyeink 1999-ben"},"content":{"rendered":"<p>&nbsp;<\/p>\n<table width=\"100%\" border=\"0\" cellspacing=\"0\" cellpadding=\"10\">\n<tbody>\n<tr>\n<td align=\"center\" valign=\"top\" width=\"100%\">\n<p align=\"CENTER\"><strong>1999<\/strong><\/p>\n<p>TAVASZI SPARTACUS KUPA NEMZETK\u00d6ZI T\u00c1J\u00c9KOZ\u00d3D\u00c1SI FUT\u00d3VERSENY<\/p>\n<p align=\"center\"><strong><a href=\"http:\/\/lazarus.elte.hu\/tajfutas\/results\/1999\/spari99.htm\" target=\"_blank\">Eredm\u00e9nyek<\/a><\/strong><br \/>\n(k\u00fcls\u0151 hivatkoz\u00e1s a <strong><a href=\"http:\/\/lazarus.elte.hu\/tajfutas\" target=\"_blank\">Magyar T\u00e1jfut\u00f3 Lapok<\/a><\/strong>ra)<\/p>\n<p>&nbsp;<\/p>\n<p align=\"center\"><strong>47. \u0150SZI SPARTACUS KUPA NEMZETK\u00d6ZI T\u00c1J\u00c9KOZ\u00d3D\u00c1SI FUT\u00d3VERSENY<\/strong><br \/>\nCs\u00e1kv\u00e1r (V\u00e9rteskozma) 1999. november 6-7<\/p>\n<p align=\"LEFT\">A verseny meghat\u00e1roz\u00e1sa: K\u00e9tnapos, nemzetk\u00f6zi, nappali, rangsorol\u00f3 egy\u00e9ni verseny<br \/>\nAz els\u0151 nap a feln\u0151tt elit kateg\u00f3ri\u00e1kban (M21E \u00e9s W21E) Vil\u00e1granglista Futam<br \/>\nRangsorol\u00f3 kateg\u00f3ri\u00e1k: 21E,A,B, 20A, 18B, 16B, 14B, 35<\/p>\n<p align=\"LEFT\">Versenyrendez\u0151s\u00e9g:<br \/>\nEln\u00f6k: Gyalog L\u00e1szl\u00f3<br \/>\nEln\u00f6khelyettesek: Vass L\u00e1szl\u00f3, Sz\u0171cs B. Levente<br \/>\nP\u00e1lyakit\u0171z\u0151k: Boz\u00e1n Gy\u00f6rgy, Ki\u00e1cz Bence<br \/>\nEllen\u0151rz\u0151b\u00edr\u00f3k: Kopanyecz Attila (1. nap), Mih\u00e1czi Zolt\u00e1n (2. nap)<\/p>\n<p align=\"JUSTIFY\">T\u00e9rk\u00e9p: 1:15 000 \/ 5 m, 1999-ben IOF norm\u00e1k szerint helyesb\u00edtett<\/p>\n<p align=\"LEFT\">D\u00edjaz\u00e1s: Rangsorol\u00f3 kateg\u00f3ri\u00e1k gy\u0151zteseinek tiszteletd\u00edj. Valamennyi min\u0151s\u00edt\u0151 kateg\u00f3ria els\u0151 h\u00e1rom helyezettj\u00e9nek \u00e9rem. A H20E kateg\u00f3ria ifj. Sch\u00f6nviszky Gy\u00f6rgy eml\u00e9kverseny \u0096 k\u00fcl\u00f6n d\u00edjaz\u00e1ssal.<\/p>\n<p align=\"LEFT\">Egy\u00e9b inform\u00e1ci\u00f3k:<br \/>\n\u0096 a t\u00e9rk\u00e9p f\u00f3li\u00e1zva lesz, szimbolok a t\u00e9rk\u00e9pen<br \/>\n\u0096 a versenyz\u0151kartonok m\u0171anyagb\u00f3l k\u00e9sz\u00fcltek, v\u00edz\u00e1ll\u00f3ak<br \/>\n\u0096 a 10 km-n\u00e9l hosszabb p\u00e1ly\u00e1kon friss\u00edt\u0151pont lesz<br \/>\n\u0096 a befut\u00f3 versenyz\u0151k te\u00e1t kapnak<br \/>\n\u0096 a c\u00e9lban b\u00fcf\u00e9 \u00fczemel, meleg \u00e9telekkel is<\/p>\n<p align=\"LEFT\">P\u00e1lyaadatok:<strong> <\/strong>t\u00e1v [m]\/szint [m]\/pont<\/p>\n<p align=\"LEFT\">M21E 14 300\/710\/20 10700\/ 570\/21<br \/>\nW21E 8 450\/410\/14 7700\/ 450\/16<br \/>\nM21A 11 700\/550\/18 9700\/ 550\/21<br \/>\nW21A 6 600\/310\/12 6300\/ 340\/10<br \/>\nM21B 9 000\/480\/13 8700\/ 455\/16<br \/>\nW21B 5 250\/230\/10 3900\/ 185\/ 9<br \/>\nM21BR 5 200\/230\/10 4600\/ 265\/ 8<br \/>\nW21C 4 800\/215\/ 8 4550\/ 215\/ 8<br \/>\nM21C 7 500\/410\/10 6600\/ 295\/ 9<br \/>\nW20A 6 050\/285\/ 9 5750\/ 340\/12<br \/>\nM20A 9 900\/520\/14 9200\/ 440\/17<br \/>\nW18B 5 100\/200\/ 8 4700\/ 275\/ 9<br \/>\nM18B 8 450\/410\/14 7700\/ 440\/16<br \/>\nW18C 4 800\/215\/ 8 4500\/ 210\/ 8<br \/>\nM18C 6 500\/380\/ 8 4450\/ 215\/ 8<br \/>\nW16B 4 430\/220\/ 7 4200\/ 195\/10<br \/>\nM16B 6 050\/285\/ 9 6300\/ 340\/10<br \/>\nW16C 3 800\/175\/ 7 3850\/ 200\/ 7<br \/>\nM16C 4 500\/220\/ 8 4500\/ 210\/ 8<br \/>\nW14B 3 800\/175\/ 7 3150\/ 150\/ 8<br \/>\nM14B 4 430\/220\/ 7 4250\/ 215\/ 9<br \/>\nW12C 3 120\/150\/ 7 2100\/ 85\/ 6<br \/>\nM12C 3 350\/150\/ 6 2280\/ 90\/ 6<br \/>\nW35 5 100\/200\/ 8 4850\/ 310\/10<br \/>\nM35 9 900\/520\/14 9200\/ 440\/17<br \/>\nW40 4 800\/215\/ 8 4300\/ 225\/ 9<br \/>\nM40 7 100\/300\/10 7000\/ 375\/12<br \/>\nW45 4 300\/185\/ 8 4050\/ 180\/ 7<br \/>\nM45 6 100\/285\/ 9 5750\/ 340\/12<br \/>\nW50 3 600\/150\/ 7 3150\/ 150\/ 8<br \/>\nM50 5 100\/200\/ 8 4850\/ 310\/10<br \/>\nW55 3 100\/150\/ 6 2900\/ 120\/ 6<br \/>\nM55 4 300\/185\/ 8 4050\/ 180\/ 7<br \/>\nNy\u00edlt kezd\u0151: 3 100\/150\/ 6 2100\/ 85\/ 6<br \/>\nM60 3 600\/150\/ 7 3150\/ 150\/ 8<br \/>\nM65 3 400\/150\/ 6 2900\/ 150\/ 8<br \/>\nNy\u00edlt technik\u00e1s: 5 100\/200\/ 8 4250\/ 215\/ 9<br \/>\nM14C \u00e9s W14C kateg\u00f3ri\u00e1k a kev\u00e9s nevez\u00e9s miatt t\u00f6r\u00f6lve<\/p>\n<p align=\"center\"><strong><a href=\"http:\/\/lazarus.elte.hu\/tajfutas\/results\/1999\/autumn.htm\" target=\"_blank\">Eredm\u00e9nyek<\/a><\/strong><br \/>\n(k\u00fcls\u0151 hivatkoz\u00e1s a <strong><a href=\"http:\/\/lazarus.elte.hu\/tajfutas\" target=\"_blank\">Magyar T\u00e1jfut\u00f3 Lapok<\/a><\/strong>ra)<\/p>\n<p><strong><a href=\"http:\/\/www.tabanispartacus.hu\/tajfuto\/wordpress\/?page_id=34\">Vissza a Spari kup\u00e1k kezd\u0151oldal\u00e1ra<\/a><\/strong><\/td>\n<\/tr>\n<\/tbody>\n<\/table>\n","protected":false},"excerpt":{"rendered":"<p>&nbsp; 1999 TAVASZI SPARTACUS KUPA NEMZETK\u00d6ZI T\u00c1J\u00c9KOZ\u00d3D\u00c1SI FUT\u00d3VERSENY Eredm\u00e9nyek (k\u00fcls\u0151 hivatkoz\u00e1s a Magyar T\u00e1jfut\u00f3 Lapokra) &nbsp; 47. \u0150SZI SPARTACUS KUPA NEMZETK\u00d6ZI T\u00c1J\u00c9KOZ\u00d3D\u00c1SI FUT\u00d3VERSENY Cs\u00e1kv\u00e1r (V\u00e9rteskozma) 1999. november 6-7 A verseny meghat\u00e1roz\u00e1sa: K\u00e9tnapos, nemzetk\u00f6zi, nappali, rangsorol\u00f3 egy\u00e9ni verseny Az els\u0151 nap a feln\u0151tt elit kateg\u00f3ri\u00e1kban (M21E \u00e9s W21E) Vil\u00e1granglista Futam Rangsorol\u00f3 kateg\u00f3ri\u00e1k: 21E,A,B, 20A, 18B, 16B, &hellip; <a href=\"https:\/\/www.tabanispartacus.hu\/tajfuto\/wordpress\/?page_id=447\" class=\"more-link\"><span class=\"screen-reader-text\">Versenyeink 1999-ben<\/span> olvas\u00e1s\u00e1nak folytat\u00e1sa <span class=\"meta-nav\">&rarr;<\/span><\/a><\/p>\n","protected":false},"author":1,"featured_media":0,"parent":34,"menu_order":0,"comment_status":"closed","ping_status":"closed","template":"","meta":{"ngg_post_thumbnail":0},"_links":{"self":[{"href":"https:\/\/www.tabanispartacus.hu\/tajfuto\/wordpress\/index.php?rest_route=\/wp\/v2\/pages\/447"}],"collection":[{"href":"https:\/\/www.tabanispartacus.hu\/tajfuto\/wordpress\/index.php?rest_route=\/wp\/v2\/pages"}],"about":[{"href":"https:\/\/www.tabanispartacus.hu\/tajfuto\/wordpress\/index.php?rest_route=\/wp\/v2\/types\/page"}],"author":[{"embeddable":true,"href":"https:\/\/www.tabanispartacus.hu\/tajfuto\/wordpress\/index.php?rest_route=\/wp\/v2\/users\/1"}],"replies":[{"embeddable":true,"href":"https:\/\/www.tabanispartacus.hu\/tajfuto\/wordpress\/index.php?rest_route=%2Fwp%2Fv2%2Fcomments&post=447"}],"version-history":[{"count":1,"href":"https:\/\/www.tabanispartacus.hu\/tajfuto\/wordpress\/index.php?rest_route=\/wp\/v2\/pages\/447\/revisions"}],"predecessor-version":[{"id":2462,"href":"https:\/\/www.tabanispartacus.hu\/tajfuto\/wordpress\/index.php?rest_route=\/wp\/v2\/pages\/447\/revisions\/2462"}],"up":[{"embeddable":true,"href":"https:\/\/www.tabanispartacus.hu\/tajfuto\/wordpress\/index.php?rest_route=\/wp\/v2\/pages\/34"}],"wp:attachment":[{"href":"https:\/\/www.tabanispartacus.hu\/tajfuto\/wordpress\/index.php?rest_route=%2Fwp%2Fv2%2Fmedia&parent=447"}],"curies":[{"name":"wp","href":"https:\/\/api.w.org\/{rel}","templated":true}]}}