{"id":44,"date":"2012-07-05T13:38:09","date_gmt":"2012-07-05T11:38:09","guid":{"rendered":"http:\/\/tabanispartacus.wordpress.com\/?page_id=44"},"modified":"2012-11-14T11:06:40","modified_gmt":"2012-11-14T10:06:40","slug":"sajtonk","status":"publish","type":"page","link":"https:\/\/www.tabanispartacus.hu\/tajfuto\/wordpress\/?page_id=44","title":{"rendered":"Sajt\u00f3nk 2011"},"content":{"rendered":"<table border=\"1\">\n<tbody>\n<tr>\n<td rowspan=\"21\">2011<\/td>\n<td><strong>\u00dajs\u00e1g neve, sz\u00e1ma<\/strong><\/td>\n<td><strong>oldal<\/strong><\/td>\n<td><strong><br \/>\n<\/strong><\/td>\n<td><strong>Cikk c\u00edme<\/strong><\/td>\n<td><strong>Cikk szerz\u0151je<\/strong><\/td>\n<\/tr>\n<tr>\n<td>T\u00e1jol\u00f3, 11\/1<\/td>\n<td>2<\/td>\n<td>T11\/01<\/td>\n<td><a href=\"http:\/\/www.tabanispartacus.hu\/tajfuto\/sajtonk\/2011\/11-1Tajolo_2_3Bp-bajn_TSpK.jpg\">H\u00e1rom Budapest bajnoks\u00e1g m\u00e1rciusban! Budapest norm\u00e1lt\u00e1v\u00fa bajnoks\u00e1ga<\/a><\/td>\n<td>\u2014<\/td>\n<\/tr>\n<tr>\n<td>T\u00e1jol\u00f3, 11\/1<\/td>\n<td>3<\/td>\n<td>T11\/01<\/td>\n<td><a href=\"http:\/\/www.tabanispartacus.hu\/tajfuto\/sajtonk\/2011\/11-1Tajolo_3_Bp-TajfutoNapok_Bp-tajfutoja.jpg\">Budapesti T\u00e1jfut\u00f3 Napok \u00c1tadt\u00e1k a Budapest T\u00e1jfut\u00f3ja d\u00edjakat (Ifi fi\u00fa Liszka Kriszti\u00e1n, edz\u0151je Gyalog Zolt\u00e1n)<\/a><\/td>\n<td>\u2014<\/td>\n<\/tr>\n<tr>\n<td>T\u00e1jol\u00f3, 11\/1<\/td>\n<td>5<\/td>\n<td>T11\/01<\/td>\n<td><a href=\"http:\/\/www.tabanispartacus.hu\/tajfuto\/sajtonk\/2011\/11-1Tajolo_5_Mosa-koszontese2.jpg\">Monspart Sarolta k\u00f6sz\u00f6nt\u00e9se II.<\/a><\/td>\n<td>M\u00e1th\u00e9 Istv\u00e1n<\/td>\n<\/tr>\n<tr>\n<td>T\u00e1jol\u00f3, 11\/1<\/td>\n<td>8\u20139<\/td>\n<td>T11\/01<\/td>\n<td><a href=\"http:\/\/www.tabanispartacus.hu\/tajfuto\/sajtonk\/2011\/11-1Tajolo_8-9_Sportagfejl-tam-2010.jpg\">Besz\u00e1mol\u00f3 a sport\u00e1gfejleszt\u00e9si t\u00e1mogat\u00e1sok 2010. \u00e9vi felhaszn\u00e1l\u00e1s\u00e1r\u00f3l<\/a><\/td>\n<td>Kov\u00e1cs Bal\u00e1zs<\/td>\n<\/tr>\n<tr>\n<td>T\u00e1jol\u00f3, 11\/1<\/td>\n<td>14\u201315<\/td>\n<td>T11\/01<\/td>\n<td><a href=\"http:\/\/www.tabanispartacus.hu\/tajfuto\/sajtonk\/2011\/11-1Tajolo_14-15_Utanp-helyzet-2010.jpg\">Ut\u00e1np\u00f3tl\u00e1sunk helyzete 2010-ben<\/a><\/td>\n<td>Feh\u00e9r Ferenc<\/td>\n<\/tr>\n<tr>\n<td>T\u00e1jol\u00f3, 11\/1<\/td>\n<td><a href=\"http:\/\/www.tabanispartacus.hu\/tajfuto\/sajtonk\/2011\/11-1Tajolo_36-37_Piri-neni-vendegloje1.jpg\">36\u201337<\/a><\/td>\n<td>T11\/01<\/td>\n<td rowspan=\"2\">Otthonosan Piri n\u00e9ni vend\u00e9gl\u0151j\u00e9ben (alc\u00edm: V\u00e9rtes Vend\u00e9gl\u0151 1915)<\/td>\n<td rowspan=\"2\">Sindely P\u00e1l<\/td>\n<\/tr>\n<tr>\n<td>T\u00e1jol\u00f3, 11\/1<\/td>\n<td><a href=\"http:\/\/www.tabanispartacus.hu\/tajfuto\/sajtonk\/2011\/11-1Tajolo_38_Piri-neni-vendegloje2.jpg\">38<\/a><\/td>\n<td>T11\/01<\/td>\n<\/tr>\n<tr>\n<td>T\u00e1jol\u00f3, 11\/2<\/td>\n<td>c\u00edmlap<\/td>\n<td>T11\/02<\/td>\n<td><a href=\"http:\/\/www.tabanispartacus.hu\/tajfuto\/sajtonk\/2011\/11-2Tajolo_cimlap_Boroka-bef-pont_Lengyeladam.jpg\">C\u00edmlap: A Bor\u00f3ka kupa els\u0151 napi befut\u00f3 pontja (h\u00e1tul Lengyel \u00c1d\u00e1m)<\/a><\/td>\n<td>\u2014<\/td>\n<\/tr>\n<tr>\n<td>T\u00e1jol\u00f3, 11\/2<\/td>\n<td>2\u20133<\/td>\n<td>T11\/02<\/td>\n<td><a href=\"http:\/\/www.tabanispartacus.hu\/tajfuto\/sajtonk\/2011\/11-2Tajolo_2-3_Kozgyules-kituzoZoli-MPista.jpg\">Tiszt\u00faj\u00edt\u00f3 \u00e9ves rendes k\u00f6zgy\u0171l\u00e9s \/ T\u00e1j\u00e9koz\u00f3d\u00e1si fut\u00e1s\u00e9rt kit\u0171z\u0151 (Gyalog Zolt\u00e1n, M\u00e1th\u00e9 Istv\u00e1n)<\/a><\/td>\n<td>(mtfsz.hu)<\/td>\n<\/tr>\n<tr>\n<td>T\u00e1jol\u00f3, 11\/2<\/td>\n<td>12<\/td>\n<td>T11\/02<\/td>\n<td><a href=\"http:\/\/www.tabanispartacus.hu\/tajfuto\/sajtonk\/2011\/11-2Tajolo_12_Sp-tajf-vers-tort_konyvism.jpg\">Spartacus T\u00e1j\u00e9koz\u00f3d\u00e1si versenyek t\u00f6rt\u00e9nete 1953\u20131980 \/ K\u00f6nyvaj\u00e1nl\u00f3<\/a><\/td>\n<td>\u2014 (Boz\u00e1n Gy\u00f6rgy)<\/td>\n<\/tr>\n<tr>\n<td>T\u00e1jol\u00f3, 11\/2<\/td>\n<td>17<\/td>\n<td>T11\/02<\/td>\n<td><a href=\"http:\/\/www.tabanispartacus.hu\/tajfuto\/sajtonk\/2011\/11-2Tajolo_17_Bp-eln-ules_up-kiemeltek.jpg\">Budapesti h\u00edrek \/ Eln\u00f6ks\u00e9gi \u00fcl\u00e9s \/ Kiemeltek (SPA: F20 Liszka K., F16 Hajdu Sz., Lengyel \u00c1., F14 Dalos M., N16 Weiler V., Liszka E., N14 Bal\u00e1zs O.)<\/a><\/td>\n<td>\u2014<\/td>\n<\/tr>\n<tr>\n<td>T\u00e1jol\u00f3, 11\/2<\/td>\n<td>18<\/td>\n<td>T11\/02<\/td>\n<td><a href=\"http:\/\/www.tabanispartacus.hu\/tajfuto\/sajtonk\/2011\/11-2Tajolo_18_Kezdo-tajf-felep_Zoli.jpg\">Kezd\u0151 t\u00e1jfut\u00f3k fel\u00e9p\u00edt\u00e9se \/ azaz mi kell ahhoz, hogy valakib\u0151l profi t\u00e1jfut\u00f3 v\u00e1lhasson \/ \u00cdgy csin\u00e1ljuk a Spariban<\/a><\/td>\n<td>Gyalog Zoli<\/td>\n<\/tr>\n<tr>\n<td>T\u00e1jol\u00f3, 11\/2<\/td>\n<td>34\u201335<\/td>\n<td>T11\/02<\/td>\n<td><a href=\"http:\/\/www.tabanispartacus.hu\/tajfuto\/sajtonk\/2011\/11-2Tajolo_34-35_Tajek-feszt-Greten_Todor.jpg\">T\u00e1j\u00e9koz\u00f3d\u00e1si Fesztiv\u00e1l Gazdagr\u00e9ten \/ Beharangoz\u00f3<\/a><\/td>\n<td>T\u00f3dor (Gyalog L\u00e1szl\u00f3)<\/td>\n<\/tr>\n<tr>\n<td>T\u00e1jol\u00f3, 11\/3<\/td>\n<td>13<\/td>\n<td>T11\/03<\/td>\n<td><a href=\"http:\/\/www.tabanispartacus.hu\/tajfuto\/sajtonk\/2011\/11-3Tajolo_13_Szo-pontverseny.jpg\">A PVSK nyerte a szakoszt\u00e1lyi pontversenyt<\/a><\/td>\n<td>(mtfsz.hu)<\/td>\n<\/tr>\n<tr>\n<td>T\u00e1jol\u00f3, 11\/3<\/td>\n<td>14<\/td>\n<td>T11\/03<\/td>\n<td><a href=\"http:\/\/www.tabanispartacus.hu\/tajfuto\/sajtonk\/2011\/11-3Tajolo_14_PeikerGyorgy_1930-2011.jpg\">Gy\u00e1szh\u00edr \/ Peiker Gy\u00f6rgy 1930\u20132011<\/a><\/td>\n<td>Sch\u0151nviszky L\u00e1szl\u00f3<\/td>\n<\/tr>\n<tr>\n<td>T\u00e1jol\u00f3, 11\/3<\/td>\n<td>20<\/td>\n<td>T11\/03<\/td>\n<td><a href=\"http:\/\/www.tabanispartacus.hu\/tajfuto\/sajtonk\/2011\/11-3Tajolo_20_Bp-bajn-ok_Normaltav-TSpK.jpg\">Budapest bajnoks\u00e1gok (Budapest norm\u00e1lt\u00e1v\u00fa bajnoks\u00e1ga)<\/a><\/td>\n<td>\u2014<\/td>\n<\/tr>\n<tr>\n<td>Helyi T\u00e9ma, I.ker\u00fclet; 2011.01.19.<\/td>\n<td>8<\/td>\n<td>H11\/01<\/td>\n<td><a href=\"http:\/\/www.tabanispartacus.hu\/tajfuto\/sajtonk\/2011\/110119HelyiTema_Kemeny-versenyekre-keszulnek.jpg\">Kem\u00e9ny versenyekre k\u00e9sz\u00fclnek az id\u00e9n is (alc\u00edm: A legjobb t\u00e1jfut\u00f3pal\u00e1nt\u00e1k a Tab\u00e1nban)<\/a><\/td>\n<td>reb ()<\/td>\n<\/tr>\n<tr>\n<td>Helyi T\u00e9ma, I.ker\u00fclet; 2011.04.06.<\/td>\n<td>8<\/td>\n<td>H11\/04<\/td>\n<td><a href=\"http:\/\/www.tabanispartacus.hu\/tajfuto\/sajtonk\/2011\/110406HelyiTema_SchonviszkyLaszlo.jpg\">Sch\u0151nviszky L\u00e1szl\u00f3 kapta a Tab\u00e1ni-eml\u00e9k\u00e9rmet (alc\u00edm: Megalakul\u00e1sa \u00f3ta tagja a klubnak)<\/a><\/td>\n<td>R. E. B.<\/td>\n<\/tr>\n<tr>\n<td>V\u00e1rnegyed, 2011.04.08.<\/td>\n<td><\/td>\n<td>V11\/04<\/td>\n<td><a href=\"http:\/\/www.tabanispartacus.hu\/tajfuto\/sajtonk\/2011\/110408Varnegyed_TajekFesztiGazdagreten.jpg\">T\u00e1j\u00e9koz\u00f3d\u00e1si Fesztiv\u00e1l Gazdagr\u00e9ten<\/a><\/td>\n<td>Gyalog L\u00e1szl\u00f3<\/td>\n<\/tr>\n<tr>\n<td>\u00dajbuda, 2011.05.04.<\/td>\n<td>12<\/td>\n<td>\u00da11\/05<\/td>\n<td><a href=\"http:\/\/www.tabanispartacus.hu\/tajfuto\/sajtonk\/2011\/110504ujbuda_Tajfutas-a-Gellerthegyen.jpg\">T\u00e1jfut\u00e1s a Gell\u00e9rthegyen (alc\u00edmek: F\u00f6ld napja; K\u00f6zel h\u00e1romsz\u00e1z gyermek sportolt)<\/a><\/td>\n<td>szalai<\/td>\n<\/tr>\n<\/tbody>\n<\/table>\n","protected":false},"excerpt":{"rendered":"<p>2011 \u00dajs\u00e1g neve, sz\u00e1ma oldal Cikk c\u00edme Cikk szerz\u0151je T\u00e1jol\u00f3, 11\/1 2 T11\/01 H\u00e1rom Budapest bajnoks\u00e1g m\u00e1rciusban! Budapest norm\u00e1lt\u00e1v\u00fa bajnoks\u00e1ga \u2014 T\u00e1jol\u00f3, 11\/1 3 T11\/01 Budapesti T\u00e1jfut\u00f3 Napok \u00c1tadt\u00e1k a Budapest T\u00e1jfut\u00f3ja d\u00edjakat (Ifi fi\u00fa Liszka Kriszti\u00e1n, edz\u0151je Gyalog Zolt\u00e1n) \u2014 T\u00e1jol\u00f3, 11\/1 5 T11\/01 Monspart Sarolta k\u00f6sz\u00f6nt\u00e9se II. M\u00e1th\u00e9 Istv\u00e1n T\u00e1jol\u00f3, 11\/1 8\u20139 T11\/01 &hellip; <a href=\"https:\/\/www.tabanispartacus.hu\/tajfuto\/wordpress\/?page_id=44\" class=\"more-link\"><span class=\"screen-reader-text\">Sajt\u00f3nk 2011<\/span> olvas\u00e1s\u00e1nak folytat\u00e1sa <span class=\"meta-nav\">&rarr;<\/span><\/a><\/p>\n","protected":false},"author":1,"featured_media":0,"parent":0,"menu_order":0,"comment_status":"closed","ping_status":"closed","template":"","meta":{"ngg_post_thumbnail":0},"_links":{"self":[{"href":"https:\/\/www.tabanispartacus.hu\/tajfuto\/wordpress\/index.php?rest_route=\/wp\/v2\/pages\/44"}],"collection":[{"href":"https:\/\/www.tabanispartacus.hu\/tajfuto\/wordpress\/index.php?rest_route=\/wp\/v2\/pages"}],"about":[{"href":"https:\/\/www.tabanispartacus.hu\/tajfuto\/wordpress\/index.php?rest_route=\/wp\/v2\/types\/page"}],"author":[{"embeddable":true,"href":"https:\/\/www.tabanispartacus.hu\/tajfuto\/wordpress\/index.php?rest_route=\/wp\/v2\/users\/1"}],"replies":[{"embeddable":true,"href":"https:\/\/www.tabanispartacus.hu\/tajfuto\/wordpress\/index.php?rest_route=%2Fwp%2Fv2%2Fcomments&post=44"}],"version-history":[{"count":2,"href":"https:\/\/www.tabanispartacus.hu\/tajfuto\/wordpress\/index.php?rest_route=\/wp\/v2\/pages\/44\/revisions"}],"predecessor-version":[{"id":1263,"href":"https:\/\/www.tabanispartacus.hu\/tajfuto\/wordpress\/index.php?rest_route=\/wp\/v2\/pages\/44\/revisions\/1263"}],"wp:attachment":[{"href":"https:\/\/www.tabanispartacus.hu\/tajfuto\/wordpress\/index.php?rest_route=%2Fwp%2Fv2%2Fmedia&parent=44"}],"curies":[{"name":"wp","href":"https:\/\/api.w.org\/{rel}","templated":true}]}}