{"id":429,"date":"2012-07-12T12:50:45","date_gmt":"2012-07-12T10:50:45","guid":{"rendered":"http:\/\/tabanispartacus.wordpress.com\/?page_id=429"},"modified":"2015-05-08T17:32:54","modified_gmt":"2015-05-08T15:32:54","slug":"versenyeink-2001-ben","status":"publish","type":"page","link":"https:\/\/www.tabanispartacus.hu\/tajfuto\/wordpress\/?page_id=429","title":{"rendered":"Versenyeink 2001-ben"},"content":{"rendered":"<p>&nbsp;<\/p>\n<table width=\"100%\" border=\"0\" cellspacing=\"0\" cellpadding=\"10\">\n<tbody>\n<tr>\n<td align=\"center\" valign=\"top\" width=\"100%\">\n<p align=\"CENTER\">2001<\/p>\n<p align=\"center\">RIPSZ\u00c1M HENRIK eml\u00e9kverseny<\/p>\n<p align=\"LEFT\">A m\u00falt \u00e9vsz\u00e1zad els\u0151 magyar t\u00e1j\u00e9koz\u00f3d\u00e1si verseny\u00e9nek eml\u00e9k\u00e9re a Tab\u00e1ni Spartacus 2001 janu\u00e1r 14.-\u00e9n rendezi meg az \u00faj \u00e9vezred els\u0151 magyar t\u00e1j\u00e9koz\u00f3d\u00e1si verseny\u00e9t!<\/p>\n<p align=\"LEFT\">Jelentkez\u00e9s a Gyermekvas\u00fat h\u0171v\u00f6sv\u00f6lgyi v\u00e9g\u00e1llom\u00e1s\u00e1n\u00e1l 8.30 \u0096 9.30 \u00f3ra k\u00f6z\u00f6tt<br \/>\nNullid\u0151: 10.00 \u00f3ra<\/p>\n<p align=\"LEFT\">A Sz\u00e9pjuh\u00e1szn\u00e9 \u00fat \u0096 Budakeszi \u00faton fut\u00f3 szakasz helyett, a k\u00f6z\u00fati balesetek vesz\u00e9ly\u00e9nek elker\u00fcl\u00e9se \u00e9rdek\u00e9ben, \u00faj pont \u00e9rint\u00e9s\u00e9vel, a Piros jelz\u00e9s \u0096 H\u00e1rshegyi k\u00f6r\u00fat \u0096 Piros k\u00f6r jelz\u00e9s \u00fatvonal v\u00e1lik \u00e9sszer\u0171v\u00e9.<br \/>\nVigy\u00e1zzatok a Budakeszi \u00fat keresztez\u00e9s\u00e9n\u00e9l is! (Sz\u00e9pjuh\u00e1szn\u00e9, l\u00e1nykori n\u00e9ven S\u00e1gv\u00e1ri liget ter\u00fclet\u00e9n)<\/p>\n<p align=\"LEFT\">PONTMEGNEVEZ\u00c9S:<\/p>\n<p align=\"LEFT\">1. Tiszt\u00e1s sziklacs\u00facs D-i l\u00e1b\u00e1n\u00e1l,<br \/>\n2. \u00d6sv\u00e9ny keresztez\u0151d\u00e9s<br \/>\n3. Budapest 1872-es hat\u00e1rk\u00f6ve<br \/>\n4. J\u00e1nos-hegyi nyereg<br \/>\n5. Gyermekvas\u00fat h\u00eddja<\/p>\n<p align=\"LEFT\">T\u00c9RK\u00c9P<br \/>\nM. 1:15.000m szintk\u00f6z 10 m, k\u00e9sz\u00fclt a Magyar Kir\u00e1lyi \u00c1llami T\u00e9rk\u00e9p\u00e9szeti Int\u00e9zet 1.sz. Kir\u00e1ndul\u00f3k T\u00e9rk\u00e9pe M: 1:25.000-es lapj\u00e1nak nagy\u00edt\u00e1s\u00e1val, p\u00e1lya benyomtat\u00e1ssal.<\/p>\n<p align=\"LEFT\">Az els\u0151 100 jelentkez\u0151 sz\u00ednes t\u00e9rk\u00e9pet kap !<\/p>\n<p align=\"LEFT\">Gyere TE is !<\/p>\n<p align=\"RIGHT\">Boz\u00e1n Gy.<\/p>\n<p align=\"center\"><strong><a href=\"http:\/\/lazarus.elte.hu\/tajfutas\/results\/2001\/ripszam.htm\" target=\"_blank\">Eredm\u00e9nyek<\/a><\/strong><br \/>\n(k\u00fcls\u0151 hivatkoz\u00e1s a <strong><a href=\"http:\/\/lazarus.elte.hu\/tajfutas\" target=\"_blank\">Magyar T\u00e1jfut\u00f3 Lapok<\/a><\/strong>ra)<\/p>\n<p>&nbsp;<\/p>\n<p align=\"center\"><strong>BUDAPEST-NAGYD\u00cdJ TAVASZI SPARTACUS KUPA<br \/>\nNEMZETK\u00d6ZI T\u00c1J\u00c9KOZ\u00d3D\u00c1SI FUT\u00d3VERSENY<\/strong><br \/>\nG\u00e1nt-K\u0151h\u00e1ny\u00e1s-puszta 2001. m\u00e1rcius 15-16.<\/p>\n<p align=\"LEFT\">Versenyrendez\u0151s\u00e9g:<br \/>\nEln\u00f6k: Vass L\u00e1szl\u00f3<br \/>\nEln\u00f6khelyettesek: Sz\u0171cs B. Levente, M\u00e1th\u00e9 Istv\u00e1n<br \/>\nP\u00e1lyakit\u0171z\u0151k: T\u00f3th S\u00e1ndor, Sch\u00f6nviszky Gy\u00f6rgy<br \/>\nEllen\u0151rz\u0151b\u00edr\u00f3: dr. Nagy \u00c1rp\u00e1d<\/p>\n<p align=\"LEFT\">T\u00e9rk\u00e9p: 1:15 000 \/ 5 m, 200-ben IOF norm\u00e1k szerint helyesb\u00edtett, m\u00e9rete &#8211; 1. nap: 45&#215;31, ill 33&#215;22 cm, 2. nap: 33&#215;26 cm<\/p>\n<p align=\"LEFT\">Eredm\u00e9nyek:<\/p>\n<p>&nbsp;<\/p>\n<p align=\"LEFT\"><strong>F\/M 18 B 34\/28 f\u0151 6700\/ 225 \/15 6500\/ 280 \/15<br \/>\n1. Sz\u0171cs Levente SPA 52.35 ( 4) 49.32 ( 2) 101.67<br \/>\n<\/strong>2. Gyulai P\u00e9ter MSE 55.68 ( 8) 47.23 ( 1) 102.91<br \/>\n3. J\u00f3zsa G\u00e1bor TSE 51.95 ( 1) 53.92 ( 6) 105.87<\/p>\n<p>&nbsp;<\/p>\n<p align=\"LEFT\"><strong>F\/M 20 A 16\/15 f\u0151 8400\/ 360 \/18 8500\/ 350 \/16<br \/>\n<\/strong>1. Bartak Lukas PEZ SVK 60.57 ( 1) 56.58 ( 1) 117.15<br \/>\n2. Pelyhe D\u00e9nes ifj. SDS 68.70 ( 2) 61.05 ( 2) 129.75<br \/>\n<strong>3. Lenkei \u00c1kos SPA 69.80 ( 3) 66.78 ( 7) 136.58<\/strong><\/p>\n<p>&nbsp;<\/p>\n<p align=\"LEFT\">F\/M 21 A 34\/25 f\u0151 11100\/ 410 \/18 11300\/ 490 \/21<br \/>\n1. Moln\u00e1r Tibor ARA 67.87 ( 2) 69.15 ( 1) 137.02<br \/>\n2. D\u00e9nes Zolt\u00e1n KAL 66.68 ( 1) 71.22 ( 2) 137.02<br \/>\n3. Poll\u00e1k Jozef ATU SVK 72.33 ( 4) 73.82 ( 4) 146.15<\/p>\n<p>&nbsp;<\/p>\n<p align=\"LEFT\"><strong>F\/M 50 26\/25 f\u0151 5100\/ 160 \/11 4900\/ 175 \/13<br \/>\n<\/strong>1. K\u00e9ri P\u00e9ter TSE 50.50 ( 1) 45.38 ( 4) 95.88<br \/>\n<strong>2. Gyalog L\u00e1szl\u00f3 SPA 51.23 ( 2) 46.93 ( 8) 98.16<br \/>\n<\/strong>3. Bacs\u00f3 Attila TSE 58.03 ( 8) 41.23 ( 1) 99.26<\/p>\n<p>&nbsp;<\/p>\n<p align=\"LEFT\"><strong>N\/W 21 A 22\/11118 f\u0151 6700\/ 225 \/15 6500\/ 280 \/15<br \/>\n<\/strong>1. Rakayov\u00e1 Martina ATU SVK 59.45 ( 4) 55.48 ( 1) 114.93<br \/>\n2. Wengrin \u00c1gnes VHS 58.90 ( 3) 58.55 ( 2) 117.45<br \/>\n4. Slamov\u00e1 Jana ATU SVK 57.82 ( 1) 60.78 ( 4) 118.60<\/p>\n<p>&nbsp;<\/p>\n<p align=\"LEFT\"><strong>N\/W 21 B 44\/42 f\u0151 5600\/ 180 \/10 5600\/ 175 \/11<br \/>\n1. Gy\u0151rffy GabriellaSPA 55.85 ( 1) 47.77 ( 1) 103.62<br \/>\n<\/strong>2. Nagy Krisztina BEA 60.45 ( 4) 52.15 ( 4) 112.60<\/p>\n<p>&nbsp;<\/p>\n<p align=\"center\"><strong><br \/>\n<a href=\"http:\/\/lazarus.elte.hu\/tajfutas\/results\/2001\/tavspar.htm\" target=\"_blank\">Eredm\u00e9nyek<\/a><br \/>\n<\/strong>(k\u00fcls\u0151 hivatkoz\u00e1s a <a href=\"http:\/\/lazarus.elte.hu\/tajfutas\" target=\"_blank\"><strong>Magyar T\u00e1jfut\u00f3 Lapok<\/strong><\/a>ra) <strong><\/strong><\/p>\n<p>&nbsp;<\/p>\n<p>&nbsp;<\/p>\n<p align=\"center\"><strong>49. \u0150SZI SPARTACUS KUPA <\/strong><br \/>\nG\u00e1nt-K\u0151h\u00e1ny\u00e1s 2001. november 3-4.<\/p>\n<p>&nbsp;<\/p>\n<p align=\"LEFT\"><strong>Rendez\u0151s\u00e9g:<br \/>\n<\/strong>Eln\u00f6k: Gyalog L\u00e1szl\u00f3<br \/>\nEln\u00f6khelyettes: Vass L\u00e1szl\u00f3, \u00c9zsi\u00e1s Katalin<br \/>\nP\u00e1lyakit\u0171z\u0151: Boz\u00e1n Gy\u00f6rgy, Lenkei Gy\u0151z\u0151 (1. nap), Heged\u0171s Zolt\u00e1n (2.nap)<br \/>\nEllen\u0151rz\u0151b\u00edr\u00f3: Kopanyec Attila (1. nap), Dr. S\u00f3dor Istv\u00e1n (2. nap)<br \/>\nTitk\u00e1r Papanek Ern\u0151<br \/>\nNevez\u00e9sek: Princzhausen Judit<br \/>\nRajt: Sch\u00f6nviszky Gy\u00f6rgy<br \/>\nC\u00e9l: \u00d3hegyi Albin<\/p>\n<p>&nbsp;<\/p>\n<p align=\"LEFT\"><strong>T\u00e9rk\u00e9p:<\/strong> 2001-ben IOF norm\u00e1k szerint helyesb\u00edtett, m\u00e9rete 1:15 000\/5 m (432&#215;325) \u00e9s1:10 000\/5 m (316&#215;231)<br \/>\n1. nap: az F 21A, B, BR, 20A, 18B, 35, 45 \u00e9s az N 21A, 20A, 18B, 35 kateg\u00f3ri\u00e1kban 1:15:000, a t\u00f6bbi kateg\u00f3ri\u00e1ban 1:10:000<br \/>\n2. nap: az F 21A, B, 20A, 18B, 16B, 14B, 35, 40, 45 \u00e9s az N 21A, B, 20A, 18B, 35, 40, 45 kateg\u00f3ri\u00e1kban 1:15 000, a t\u00f6bbi kateg\u00f3ri\u00e1ban 1:10 000<\/p>\n<p>&nbsp;<\/p>\n<p align=\"LEFT\"><strong>\u00dajdons\u00e1g!<\/strong> Keress\u00fck az <strong>egy adott \u00e1tmenetben leggyorsabb<\/strong> versenyz\u0151t! K\u00fcl\u00f6n verseny az els\u0151 napon k\u00e9t kateg\u00f3ri\u00e1ban (f\u00e9rfi ill. n\u0151i), a 18B, 20A, 21A, 35 p\u00e1ly\u00e1kon, a saj\u00e1t p\u00e1ly\u00e1jukat 120%-on bel\u00fcl teljes\u00edtettek k\u00f6z\u00f6tt, a 4 p\u00e1ly\u00e1n k\u00f6z\u00f6s kijel\u00f6lt \u00e1tmenetet leggyorsabban teljes\u00edt\u0151knek. Az \u00e1tmenetet a kezdet\u00e9n )a p\u00e1lya megfelel\u0151 pontj\u00e1n) felt\u0171n\u0151en fogjuk jelezni (Philips-\u00e1tmenet rajtja felirattal)!<br \/>\nD\u00edj: 1-1 db <strong>PHILIPS (55cm-es, 21 PT 1654 t\u00edpus\u00fa) sz\u00ednes telev\u00edzi\u00f3<\/strong>!!! A d\u00edjakat az els\u0151 versenynap v\u00e9g\u00e9n \u00e1tadjuk (holtverseny est\u00e9n sorsol\u00e1s lesz)!<\/p>\n<p>&nbsp;<\/p>\n<p align=\"LEFT\"><strong>Egy\u00e9b inform\u00e1ci\u00f3k:<br \/>\n<\/strong>&#8211; a versenyt a SPORTident <strong>elektronikus pont\u00e9rint\u00e9si rendszerrel<\/strong> bonyol\u00edtjuk le, akik nem rendelkeznek saj\u00e1t dug\u00f3k\u00e1val, ennek helysz\u00edni b\u00e9rleti d\u00edja naponta 200 Ft;<br \/>\n&#8211; a szimbolok a t\u00e9rk\u00e9pen, de a rajtban k\u00fcl\u00f6n szimbol is lesz;<br \/>\n&#8211; mindenki rajtsz\u00e1mot kap, amelyet k\u00f6telez\u0151 el\u0151l viselni (rajtsz\u00e1m n\u00e9lk\u00fcl nem lehet indulni)<br \/>\n&#8211; a versenyen mindennem\u0171 kereskedelmi tev\u00e9kenys\u00e9g csak a rendez\u0151s\u00e9g \u00edr\u00e1sbeli enged\u00e9ly\u00e9vel (szerz\u0151d\u00e9s alapj\u00e1n, t\u00e9r\u00edt\u00e9s ellen\u00e9ben) lehets\u00e9ges<\/p>\n<p align=\"LEFT\">P\u00e1lyaadatok:<strong> <\/strong>t\u00e1v [m]\/szint [m]\/pont<\/p>\n<p align=\"LEFT\">F\/M 21A 12 000\/610\/17 13 150\/715\/23<br \/>\nN\/W 21A 8 500\/375\/13 7 300\/360\/13<br \/>\nF\/M 21B 8 400\/420\/12 8 600\/410\/10<br \/>\nN\/W 21B 5 200\/225\/12 5 400\/230\/10<br \/>\nF\/M 21BR 5 500\/240\/ 9 5 150\/140\/15<br \/>\nN\/W 21BR 4 200\/160\/ 8 4 550\/230\/10<br \/>\nF\/M 21C 6 600\/245\/10 6 750\/135\/ 9<br \/>\nN\/W 21C 4 200\/110\/ 6 4 550\/105\/ 8<br \/>\nF\/M 20A 9 700\/455\/13 10 450\/510\/17<br \/>\nN\/W 20A 6 500\/305\/11 6 700\/530\/11<br \/>\nF\/M 18B 8 400\/370\/13 7 300\/360\/13<br \/>\nN\/W 18B 5 100\/190\/ 8 4 500\/195\/13<br \/>\nF\/M 18C 4 200\/110\/ 6 5 500\/ 80\/ 8<br \/>\nN\/W 18C 4 200\/110\/ 6 4 550\/105\/ 8<br \/>\nF\/M 16B 6 700\/285\/10 7 700\/235\/14<br \/>\nN\/W 16B 4 200\/160\/ 8 4 550\/230\/10<br \/>\nF\/M 14B 5 200\/225\/12 5 250\/225\/ 7<br \/>\nN\/W 14B 4 250\/135\/ 7 3 750\/130\/ 7<br \/>\nF\/M 14C 4 200\/110\/ 6 4 550\/105\/ 8<br \/>\nN\/W 14C 2 950\/120\/ 7 3 550\/105\/ 7<br \/>\nF\/M 12C 2 950\/120\/ 7 3 550\/105\/ 7<br \/>\nN\/W 12C 3 050\/ 90\/ 7 3 100\/ 35\/ 6<br \/>\nF\/M 35 9 700\/455\/13 10 450\/510\/17<br \/>\nN\/W 35 6 500\/305\/11 6 700\/330\/11<br \/>\nF\/M 40 6 700\/285\/10 7 700\/235\/14<br \/>\nN\/W 40 5 200\/225\/12 5 400\/230\/10<br \/>\nF\/M 45 6 500\/305\/11 6 700\/330\/11<br \/>\nN\/W 45 5 200\/205\/ 9 4 500\/195\/13<br \/>\nF\/M 50 5 200\/205\/ 9 4 500\/195\/13<br \/>\nN\/W 50 3 200\/125\/ 7 3 750\/130\/ 7<br \/>\nF\/M 55 4 200\/160\/ 8 4 550\/230\/10<br \/>\nN\/W 55 3 200\/125\/ 7 2 850\/ 85\/ 8<br \/>\nF\/M 60 4 250\/135\/ 7 3 750\/130\/ 7<br \/>\nN\/W 60 3 200\/125\/ 7 2 850\/ 85\/ 8<br \/>\nF\/M 65 3 200\/125\/ 7 2 850\/ 85\/ 8<br \/>\nNy\u00edlt kezd\u0151 3 050\/ 90\/ 7 3 100\/ 35\/ 6<br \/>\nF\/M 70 3 200\/125\/ 7 2 850\/ 85\/ 8<br \/>\nNy\u00edlt technik\u00e1s 4 250\/135\/ 7 3 750\/130\/ 7<\/p>\n<p align=\"center\"><strong><a href=\"http:\/\/lazarus.elte.hu\/tajfutas\/results\/2001\/ospaered.htm\" target=\"_blank\">Eredm\u00e9nyek<\/a><\/strong><br \/>\n(k\u00fcls\u0151 hivatkoz\u00e1s a <strong><a href=\"http:\/\/lazarus.elte.hu\/tajfutas\" target=\"_blank\">Magyar T\u00e1jfut\u00f3 Lapok<\/a><\/strong>ra)<\/p>\n<p><strong><a href=\"http:\/\/www.tabanispartacus.hu\/tajfuto\/wordpress\/?page_id=34\">Vissza a Spari kup\u00e1k kezd\u0151oldal\u00e1ra<\/a><\/strong><\/td>\n<\/tr>\n<\/tbody>\n<\/table>\n","protected":false},"excerpt":{"rendered":"<p>&nbsp; 2001 RIPSZ\u00c1M HENRIK eml\u00e9kverseny A m\u00falt \u00e9vsz\u00e1zad els\u0151 magyar t\u00e1j\u00e9koz\u00f3d\u00e1si verseny\u00e9nek eml\u00e9k\u00e9re a Tab\u00e1ni Spartacus 2001 janu\u00e1r 14.-\u00e9n rendezi meg az \u00faj \u00e9vezred els\u0151 magyar t\u00e1j\u00e9koz\u00f3d\u00e1si verseny\u00e9t! Jelentkez\u00e9s a Gyermekvas\u00fat h\u0171v\u00f6sv\u00f6lgyi v\u00e9g\u00e1llom\u00e1s\u00e1n\u00e1l 8.30 \u0096 9.30 \u00f3ra k\u00f6z\u00f6tt Nullid\u0151: 10.00 \u00f3ra A Sz\u00e9pjuh\u00e1szn\u00e9 \u00fat \u0096 Budakeszi \u00faton fut\u00f3 szakasz helyett, a k\u00f6z\u00fati balesetek vesz\u00e9ly\u00e9nek elker\u00fcl\u00e9se &hellip; <a href=\"https:\/\/www.tabanispartacus.hu\/tajfuto\/wordpress\/?page_id=429\" class=\"more-link\"><span class=\"screen-reader-text\">Versenyeink 2001-ben<\/span> olvas\u00e1s\u00e1nak folytat\u00e1sa <span class=\"meta-nav\">&rarr;<\/span><\/a><\/p>\n","protected":false},"author":1,"featured_media":0,"parent":34,"menu_order":0,"comment_status":"closed","ping_status":"closed","template":"","meta":{"ngg_post_thumbnail":0},"_links":{"self":[{"href":"https:\/\/www.tabanispartacus.hu\/tajfuto\/wordpress\/index.php?rest_route=\/wp\/v2\/pages\/429"}],"collection":[{"href":"https:\/\/www.tabanispartacus.hu\/tajfuto\/wordpress\/index.php?rest_route=\/wp\/v2\/pages"}],"about":[{"href":"https:\/\/www.tabanispartacus.hu\/tajfuto\/wordpress\/index.php?rest_route=\/wp\/v2\/types\/page"}],"author":[{"embeddable":true,"href":"https:\/\/www.tabanispartacus.hu\/tajfuto\/wordpress\/index.php?rest_route=\/wp\/v2\/users\/1"}],"replies":[{"embeddable":true,"href":"https:\/\/www.tabanispartacus.hu\/tajfuto\/wordpress\/index.php?rest_route=%2Fwp%2Fv2%2Fcomments&post=429"}],"version-history":[{"count":2,"href":"https:\/\/www.tabanispartacus.hu\/tajfuto\/wordpress\/index.php?rest_route=\/wp\/v2\/pages\/429\/revisions"}],"predecessor-version":[{"id":2465,"href":"https:\/\/www.tabanispartacus.hu\/tajfuto\/wordpress\/index.php?rest_route=\/wp\/v2\/pages\/429\/revisions\/2465"}],"up":[{"embeddable":true,"href":"https:\/\/www.tabanispartacus.hu\/tajfuto\/wordpress\/index.php?rest_route=\/wp\/v2\/pages\/34"}],"wp:attachment":[{"href":"https:\/\/www.tabanispartacus.hu\/tajfuto\/wordpress\/index.php?rest_route=%2Fwp%2Fv2%2Fmedia&parent=429"}],"curies":[{"name":"wp","href":"https:\/\/api.w.org\/{rel}","templated":true}]}}