{"id":425,"date":"2012-07-12T12:49:22","date_gmt":"2012-07-12T10:49:22","guid":{"rendered":"http:\/\/tabanispartacus.wordpress.com\/?page_id=425"},"modified":"2012-07-12T12:49:22","modified_gmt":"2012-07-12T10:49:22","slug":"versenyeink-2003-ban","status":"publish","type":"page","link":"https:\/\/www.tabanispartacus.hu\/tajfuto\/wordpress\/?page_id=425","title":{"rendered":"Versenyeink 2003-ban"},"content":{"rendered":"<p>&nbsp;<\/p>\n<table width=\"100%\" border=\"0\" cellspacing=\"0\" cellpadding=\"10\">\n<tbody>\n<tr>\n<td valign=\"top\" width=\"100%\">\n<p align=\"center\">2003<\/p>\n<p><strong>\u0150szi Spartacus kupa 2003. \/ Autumn Spartacus Cup 2003<\/strong><br \/>\n<em>2003. november 02-03., Cs\u00e1kv\u00e1r<\/em><\/p>\n<p align=\"left\">Magyarul:<\/p>\n<ul>\n<li>\n<p align=\"left\"><strong><a href=\"http:\/\/www.tabanispartacus.hu\/tajfuto\/index.php?page=2003\/osz_kiiras\">Ki\u00edr\u00e1s<\/a><\/strong><\/p>\n<\/li>\n<li>\n<p align=\"left\"><strong><a href=\"http:\/\/www.tabanispartacus.hu\/tajfuto\/index.php?page=2003\/osz_ertesito\">\u00c9rtes\u00edt\u0151<\/a><\/strong><\/p>\n<\/li>\n<li>\n<p align=\"left\"><strong><a href=\"http:\/\/www.tabanispartacus.hu\/tajfuto\/2003\/osz_rajtlista.htm\">Rajtlista<\/a><\/strong><\/p>\n<\/li>\n<li>\n<p align=\"left\"><strong><a href=\"http:\/\/www.tabanispartacus.hu\/tajfuto\/2003\/osz_eredmeny.htm\">\u00d6sszetett eredm\u00e9nyek<\/a><\/strong><\/p>\n<\/li>\n<li>\n<p align=\"left\"><strong><a href=\"http:\/\/www.tabanispartacus.hu\/tajfuto\/2003\/oszi_w1.htm\">R\u00e9szid\u0151s eredm\u00e9nyek &#8211; n\u0151k 1. nap<\/a><\/strong><\/p>\n<\/li>\n<li>\n<p align=\"left\"><strong><a href=\"http:\/\/www.tabanispartacus.hu\/tajfuto\/2003\/oszi_m1.htm\">R\u00e9szid\u0151s eredm\u00e9nyek &#8211; f\u00e9rfiak 1. nap<\/a><\/strong><\/p>\n<\/li>\n<li>\n<p align=\"left\"><strong><a href=\"http:\/\/www.tabanispartacus.hu\/tajfuto\/2003\/oszi_w2.htm\">R\u00e9szid\u0151s eredm\u00e9nyek &#8211; n\u0151k 2. nap<\/a><\/strong><\/p>\n<\/li>\n<li>\n<p align=\"left\"><strong><a href=\"http:\/\/www.tabanispartacus.hu\/tajfuto\/2003\/oszi_m2.htm\">R\u00e9szid\u0151s eredm\u00e9nyek &#8211; f\u00e9rfiak 2. nap<\/a><\/strong><\/p>\n<\/li>\n<\/ul>\n<p align=\"left\">In English:<\/p>\n<ul>\n<li>\n<p align=\"left\"><strong><a href=\"http:\/\/www.tabanispartacus.hu\/tajfuto\/index.php?page=2003\/osz_kiirase\">Invitation<\/a><\/strong><\/p>\n<\/li>\n<li>\n<p align=\"left\"><strong><a href=\"http:\/\/www.tabanispartacus.hu\/tajfuto\/index.php?page=2003\/osz_ertesitoe\">Information<\/a><\/strong><\/p>\n<\/li>\n<li>\n<p align=\"left\"><strong><a href=\"http:\/\/www.tabanispartacus.hu\/tajfuto\/2003\/osz_rajtlista.htm\">Startlists<\/a><\/strong><\/p>\n<\/li>\n<li>\n<p align=\"left\"><strong><a href=\"http:\/\/www.tabanispartacus.hu\/tajfuto\/2003\/osz_eredmeny.htm\">2 days results<\/a><\/strong><\/p>\n<\/li>\n<li>\n<p align=\"left\"><strong><a href=\"http:\/\/www.tabanispartacus.hu\/tajfuto\/2003\/oszi_w1.htm\">Split times &#8211; women 1st day<\/a><\/strong><\/p>\n<\/li>\n<li>\n<p align=\"left\"><strong><a href=\"http:\/\/www.tabanispartacus.hu\/tajfuto\/2003\/oszi_m1.htm\">Split times &#8211; men 1st day<\/a><\/strong><\/p>\n<\/li>\n<li>\n<p align=\"left\"><strong><a href=\"http:\/\/www.tabanispartacus.hu\/tajfuto\/2003\/oszi_w2.htm\">Split times &#8211; women 2nd day<\/a><\/strong><\/p>\n<\/li>\n<li>\n<p align=\"left\"><strong><a href=\"http:\/\/www.tabanispartacus.hu\/tajfuto\/2003\/oszi_m2.htm\">Split times &#8211; men 2nd day<\/a><\/strong><\/p>\n<\/li>\n<\/ul>\n<p align=\"left\">\n<p><strong>Dobog\u00f3k\u0151i Hegyi Fut\u00f3verseny<\/strong><br \/>\n<em>2003. november 15., Dobog\u00f3k\u0151<\/em><\/p>\n<ul>\n<li>\n<p align=\"left\"><strong><a href=\"http:\/\/www.tabanispartacus.hu\/tajfuto\/index.php?page=2003\/dobogoko_kiiras\">Ki\u00edr\u00e1s<\/a><\/strong><\/p>\n<\/li>\n<li>\n<p align=\"left\"><strong><a href=\"http:\/\/www.tabanispartacus.hu\/tajfuto\/2003\/dobogoko_ered.xls\">Eredm\u00e9nyek<\/a><\/strong> (ExCel)<\/p>\n<\/li>\n<\/ul>\n<\/td>\n<\/tr>\n<\/tbody>\n<\/table>\n","protected":false},"excerpt":{"rendered":"<p>&nbsp; 2003 \u0150szi Spartacus kupa 2003. \/ Autumn Spartacus Cup 2003 2003. november 02-03., Cs\u00e1kv\u00e1r Magyarul: Ki\u00edr\u00e1s \u00c9rtes\u00edt\u0151 Rajtlista \u00d6sszetett eredm\u00e9nyek R\u00e9szid\u0151s eredm\u00e9nyek &#8211; n\u0151k 1. nap R\u00e9szid\u0151s eredm\u00e9nyek &#8211; f\u00e9rfiak 1. nap R\u00e9szid\u0151s eredm\u00e9nyek &#8211; n\u0151k 2. nap R\u00e9szid\u0151s eredm\u00e9nyek &#8211; f\u00e9rfiak 2. nap In English: Invitation Information Startlists 2 days results Split times &hellip; <a href=\"https:\/\/www.tabanispartacus.hu\/tajfuto\/wordpress\/?page_id=425\" class=\"more-link\"><span class=\"screen-reader-text\">Versenyeink 2003-ban<\/span> olvas\u00e1s\u00e1nak folytat\u00e1sa <span class=\"meta-nav\">&rarr;<\/span><\/a><\/p>\n","protected":false},"author":1,"featured_media":0,"parent":34,"menu_order":0,"comment_status":"closed","ping_status":"closed","template":"","meta":{"ngg_post_thumbnail":0},"_links":{"self":[{"href":"https:\/\/www.tabanispartacus.hu\/tajfuto\/wordpress\/index.php?rest_route=\/wp\/v2\/pages\/425"}],"collection":[{"href":"https:\/\/www.tabanispartacus.hu\/tajfuto\/wordpress\/index.php?rest_route=\/wp\/v2\/pages"}],"about":[{"href":"https:\/\/www.tabanispartacus.hu\/tajfuto\/wordpress\/index.php?rest_route=\/wp\/v2\/types\/page"}],"author":[{"embeddable":true,"href":"https:\/\/www.tabanispartacus.hu\/tajfuto\/wordpress\/index.php?rest_route=\/wp\/v2\/users\/1"}],"replies":[{"embeddable":true,"href":"https:\/\/www.tabanispartacus.hu\/tajfuto\/wordpress\/index.php?rest_route=%2Fwp%2Fv2%2Fcomments&post=425"}],"version-history":[{"count":0,"href":"https:\/\/www.tabanispartacus.hu\/tajfuto\/wordpress\/index.php?rest_route=\/wp\/v2\/pages\/425\/revisions"}],"up":[{"embeddable":true,"href":"https:\/\/www.tabanispartacus.hu\/tajfuto\/wordpress\/index.php?rest_route=\/wp\/v2\/pages\/34"}],"wp:attachment":[{"href":"https:\/\/www.tabanispartacus.hu\/tajfuto\/wordpress\/index.php?rest_route=%2Fwp%2Fv2%2Fmedia&parent=425"}],"curies":[{"name":"wp","href":"https:\/\/api.w.org\/{rel}","templated":true}]}}