{"id":421,"date":"2012-07-12T12:47:58","date_gmt":"2012-07-12T10:47:58","guid":{"rendered":"http:\/\/tabanispartacus.wordpress.com\/?page_id=421"},"modified":"2012-07-12T12:47:58","modified_gmt":"2012-07-12T10:47:58","slug":"versenyeink-2005-ben","status":"publish","type":"page","link":"https:\/\/www.tabanispartacus.hu\/tajfuto\/wordpress\/?page_id=421","title":{"rendered":"Versenyeink 2005-ben"},"content":{"rendered":"<p>&nbsp;<\/p>\n<table width=\"100%\" border=\"0\" cellspacing=\"0\" cellpadding=\"10\">\n<tbody>\n<tr>\n<td valign=\"top\" width=\"100%\">\n<p align=\"center\"><strong><span style=\"font-size:small;\">2005<\/span><\/strong><\/p>\n<p align=\"left\">\n<p><strong>10. Dobog\u00f3k\u0151i Hegyi Fut\u00f3verseny<\/strong><br \/>\n<em>2005. november 19., Dobog\u00f3k\u0151<\/em><\/p>\n<ul>\n<li>\n<p align=\"left\"><strong><a href=\"http:\/\/www.tabanispartacus.hu\/tajfuto\/index.php?page=2005\/dobogoko_kiiras\">Ki\u00edr\u00e1s<\/a><\/strong><\/p>\n<\/li>\n<li>\n<p align=\"left\"><strong><a href=\"http:\/\/www.tabanispartacus.hu\/tajfuto\/2005\/dobogoko_ered.doc\">Eredm\u00e9nyek<\/a><\/strong><\/p>\n<\/li>\n<li>\n<p align=\"left\"><strong><a href=\"http:\/\/www.tabanispartacus.hu\/tajfuto\/2005\/dobogoko_noi.jpg\">Dobog\u00f3sok a n\u0151i kateg\u00f3ri\u00e1ban<\/a><\/strong><\/p>\n<\/li>\n<li>\n<p align=\"left\"><strong><a href=\"http:\/\/www.tabanispartacus.hu\/tajfuto\/2005\/dobogoko_ferfi.jpg\">Dobog\u00f3sok a f\u00e9rfi kateg\u00f3ri\u00e1ban<\/a><\/strong><\/p>\n<\/li>\n<li>\n<p align=\"left\"><strong><a href=\"http:\/\/www.tabanispartacus.hu\/tajfuto\/2005\/dobogoko_nyilt.jpg\">Dobog\u00f3sok a ny\u00edlt kateg\u00f3ri\u00e1ban<\/a><\/strong><\/p>\n<\/li>\n<\/ul>\n<hr size=\"1\" \/>\n<p align=\"left\"><strong>\u0150szi Spartacus kupa 2005.<br \/>\nAutumn Spartacus Cup 2005<\/strong><br \/>\n<em>2005. november 05-06., G\u00e1nt<\/em><\/p>\n<p>Magyarul:<\/p>\n<ul>\n<li>\n<p align=\"left\"><strong><a href=\"http:\/\/www.tabanispartacus.hu\/tajfuto\/index.php?page=2005\/osz_kiiras\">Ki\u00edr\u00e1s<\/a><\/strong><\/p>\n<\/li>\n<li>\n<p align=\"left\"><strong><a href=\"http:\/\/www.tabanispartacus.hu\/tajfuto\/2005\/osz_entries_cat.htm\">Benevezett versenyz\u0151k kateg\u00f3ri\u00e1nk\u00e9nt<\/a><\/strong> (10.16. esti \u00e1llapot szerint)<\/p>\n<\/li>\n<li>\n<p align=\"left\"><strong><a href=\"http:\/\/www.tabanispartacus.hu\/tajfuto\/2005\/osz_entries_club.htm\">Benevezett versenyz\u0151k klubonk\u00e9nt<\/a><\/strong> (10.27. esti \u00e1llapot szerint)<\/p>\n<\/li>\n<li>\n<p align=\"left\"><strong><a href=\"http:\/\/www.tabanispartacus.hu\/tajfuto\/index.php?page=2005\/osz_ertesito\">\u00c9rtes\u00edt\u0151<\/a><\/strong><\/p>\n<\/li>\n<li>\n<p align=\"left\"><strong><a href=\"http:\/\/www.tabanispartacus.hu\/tajfuto\/2005\/osz_accomodation.xls\">Sz\u00e1ll\u00e1slista<\/a><\/strong> (10.27-i \u00e1llapot)<\/p>\n<\/li>\n<li>\n<p align=\"left\"><strong><a href=\"http:\/\/www.tabanispartacus.hu\/tajfuto\/2005\/osz_startlist_cat.htm\">Rajtlista kateg\u00f3ri\u00e1nk\u00e9nt<\/a><\/strong> (11.03. esti \u00e1llapot szerint)<\/p>\n<\/li>\n<li>\n<p align=\"left\"><strong><a href=\"http:\/\/www.tabanispartacus.hu\/tajfuto\/2005\/osz_startlist_club.htm\">Rajtlista klubonk\u00e9nt<\/a><\/strong> (11.03. esti \u00e1llapot szerint)<\/p>\n<\/li>\n<li>\n<p align=\"left\"><strong><a href=\"http:\/\/www.tabanispartacus.hu\/tajfuto\/2005\/osz_ered.htm\">Eredm\u00e9ny<\/a><\/strong><\/p>\n<\/li>\n<li>\n<p align=\"left\"><strong><a href=\"http:\/\/www.tabanispartacus.hu\/tajfuto\/2005\/osz_split1.htm\">R\u00e9szid\u0151k 1. nap<\/a><\/strong><\/p>\n<\/li>\n<li>\n<p align=\"left\"><strong><a href=\"http:\/\/www.tabanispartacus.hu\/tajfuto\/2005\/osz_split2.htm\">R\u00e9szid\u0151k 2. nap<\/a><\/strong><\/p>\n<\/li>\n<li>\n<p align=\"left\"><strong><a href=\"http:\/\/www.tabanispartacus.hu\/tajfuto\/2005\/osz_gyerek.doc\">Gyerekverseny eredm\u00e9nyek<\/a><\/strong> (45 KB .doc)<\/p>\n<\/li>\n<\/ul>\n<p align=\"left\">In English:<\/p>\n<ul>\n<li>\n<p align=\"left\"><strong><a href=\"http:\/\/www.tabanispartacus.hu\/tajfuto\/index.php?page=2005\/osz_kiirase\">Invitation<\/a><\/strong><\/p>\n<\/li>\n<li>\n<p align=\"left\"><strong><a href=\"http:\/\/www.tabanispartacus.hu\/tajfuto\/2005\/osz_entries_cat.htm\">Entries by categories<\/a><\/strong> (arrived until 10.16.)<\/p>\n<\/li>\n<li>\n<p align=\"left\"><strong><a href=\"http:\/\/www.tabanispartacus.hu\/tajfuto\/2005\/osz_entries_club.htm\">Entries by clubs<\/a><\/strong> (arrived until 10.27.)<\/p>\n<\/li>\n<li>\n<p align=\"left\"><strong><a href=\"http:\/\/www.tabanispartacus.hu\/tajfuto\/index.php?page=2005\/osz_ertesitoe\">Information<\/a><\/strong><\/p>\n<\/li>\n<li>\n<p align=\"left\"><strong><a href=\"http:\/\/www.tabanispartacus.hu\/tajfuto\/2005\/osz_accomodation.xls\">Accomodation<\/a><\/strong> (booked until 10.27.)<\/p>\n<\/li>\n<li>\n<p align=\"left\"><strong><a href=\"http:\/\/www.tabanispartacus.hu\/tajfuto\/2005\/osz_startlist_cat.htm\">Startlist by categories<\/a><\/strong> (last update 11.04., 0:00)<\/p>\n<\/li>\n<li>\n<p align=\"left\"><strong><a href=\"http:\/\/www.tabanispartacus.hu\/tajfuto\/2005\/osz_startlist_club.htm\">Startlist by clubs<\/a><\/strong> (last update 11.04., 0:00)<\/p>\n<\/li>\n<li>\n<p align=\"left\"><strong><a href=\"http:\/\/www.tabanispartacus.hu\/tajfuto\/2005\/osz_ered.htm\">Results<\/a><\/strong><\/p>\n<\/li>\n<li>\n<p align=\"left\"><strong><a href=\"http:\/\/www.tabanispartacus.hu\/tajfuto\/2005\/osz_split1.htm\">Split times 1st day<\/a><\/strong><\/p>\n<\/li>\n<li>\n<p align=\"left\"><strong><a href=\"http:\/\/www.tabanispartacus.hu\/tajfuto\/2005\/osz_split2.htm\">Split times 2nd day<\/a><\/strong><\/p>\n<\/li>\n<\/ul>\n<hr size=\"1\" \/>\n<p align=\"left\"><strong>Tavaszi Spartacus kupa 2005.<br \/>\nSpring Spartacus Cup 2005<\/strong><br \/>\n<em>2005. m\u00e1rcius 19-20., Cs\u00e1kv\u00e1r<\/em><\/p>\n<p>Magyarul:<\/p>\n<ul>\n<li>\n<p align=\"left\"><strong><a href=\"http:\/\/www.tabanispartacus.hu\/tajfuto\/index.php?page=2005\/tavasz_kiiras\">Ki\u00edr\u00e1s<\/a><\/strong><\/p>\n<\/li>\n<li>\n<p align=\"left\"><strong><a href=\"http:\/\/www.tabanispartacus.hu\/tajfuto\/2005\/tavasz_entries_cat.htm\">Benevezett versenyz\u0151k kateg\u00f3ri\u00e1nk\u00e9nt<\/a><\/strong> (03.10. d\u00e9lut\u00e1ni \u00e1llapot szerint)<\/p>\n<\/li>\n<li>\n<p align=\"left\"><strong><a href=\"http:\/\/www.tabanispartacus.hu\/tajfuto\/2005\/tavasz_entries_club.htm\">Benevezett versenyz\u0151k klubonk\u00e9nt<\/a><\/strong> (03.10. d\u00e9lut\u00e1ni \u00e1llapot szerint)<\/p>\n<\/li>\n<li>\n<p align=\"left\"><strong><a href=\"http:\/\/www.tabanispartacus.hu\/tajfuto\/index.php?page=2005\/tavasz_ertesito\">\u00c9rtes\u00edt\u0151<\/a><\/strong><\/p>\n<\/li>\n<li>\n<p align=\"left\"><strong><a href=\"http:\/\/www.tabanispartacus.hu\/tajfuto\/2005\/tavasz_startlist_cat.htm\">Rajtlista kateg\u00f3ri\u00e1nk\u00e9nt<\/a><\/strong><\/p>\n<\/li>\n<li>\n<p align=\"left\"><strong><a href=\"http:\/\/www.tabanispartacus.hu\/tajfuto\/2005\/tavasz_startlist_club.htm\">Rajtlista klubonk\u00e9nt<\/a><\/strong><\/p>\n<\/li>\n<li>\n<p align=\"left\"><strong><a href=\"http:\/\/www.tabanispartacus.hu\/tajfuto\/2005\/tavasz_ered.htm\">Eredm\u00e9ny<\/a><\/strong><\/p>\n<\/li>\n<li>\n<p align=\"left\"><strong><a href=\"http:\/\/www.tabanispartacus.hu\/tajfuto\/2005\/tavasz_split1.htm\">R\u00e9szid\u0151k 1. nap<\/a><\/strong><\/p>\n<\/li>\n<li>\n<p align=\"left\"><strong><a href=\"http:\/\/www.tabanispartacus.hu\/tajfuto\/2005\/tavasz_split2.htm\">R\u00e9szid\u0151k 2. nap<\/a><\/strong><\/p>\n<\/li>\n<\/ul>\n<p align=\"left\">In English:<\/p>\n<ul>\n<li>\n<p align=\"left\"><strong><a href=\"http:\/\/www.tabanispartacus.hu\/tajfuto\/index.php?page=2005\/tavasz_kiirase\">Invitation<\/a><\/strong><\/p>\n<\/li>\n<li>\n<p align=\"left\"><strong><a href=\"http:\/\/www.tabanispartacus.hu\/tajfuto\/2005\/tavasz_entries_cat.htm\">Entries by categories<\/a><\/strong> (arrived until 03.10.)<\/p>\n<\/li>\n<li>\n<p align=\"left\"><strong><a href=\"http:\/\/www.tabanispartacus.hu\/tajfuto\/2005\/tavasz_entries_club.htm\">Entries by clubs<\/a><\/strong> (arrived until 03.10.)<\/p>\n<\/li>\n<li>\n<p align=\"left\"><strong><a href=\"http:\/\/www.tabanispartacus.hu\/tajfuto\/index.php?page=2005\/tavasz_ertesitoe\">Information<\/a><\/strong><\/p>\n<\/li>\n<li>\n<p align=\"left\"><strong><a href=\"http:\/\/www.tabanispartacus.hu\/tajfuto\/2005\/tavasz_startlist_cat.htm\">Startlist by categories<\/a><\/strong><\/p>\n<\/li>\n<li>\n<p align=\"left\"><strong><a href=\"http:\/\/www.tabanispartacus.hu\/tajfuto\/2005\/tavasz_startlist_club.htm\">Startlist by clubs<\/a><\/strong><\/p>\n<\/li>\n<li>\n<p align=\"left\"><strong><a href=\"http:\/\/www.tabanispartacus.hu\/tajfuto\/2005\/tavasz_ered.htm\">Results<\/a><\/strong><\/p>\n<\/li>\n<li>\n<p align=\"left\"><strong><a href=\"http:\/\/www.tabanispartacus.hu\/tajfuto\/2005\/tavasz_split1.htm\">Split times 1st day<\/a><\/strong><\/p>\n<\/li>\n<li>\n<p align=\"left\"><strong><a href=\"http:\/\/www.tabanispartacus.hu\/tajfuto\/2005\/tavasz_split2.htm\">Split times 2nd day<\/a><\/strong><\/p>\n<\/li>\n<\/ul>\n<\/td>\n<\/tr>\n<\/tbody>\n<\/table>\n","protected":false},"excerpt":{"rendered":"<p>&nbsp; 2005 10. Dobog\u00f3k\u0151i Hegyi Fut\u00f3verseny 2005. november 19., Dobog\u00f3k\u0151 Ki\u00edr\u00e1s Eredm\u00e9nyek Dobog\u00f3sok a n\u0151i kateg\u00f3ri\u00e1ban Dobog\u00f3sok a f\u00e9rfi kateg\u00f3ri\u00e1ban Dobog\u00f3sok a ny\u00edlt kateg\u00f3ri\u00e1ban \u0150szi Spartacus kupa 2005. Autumn Spartacus Cup 2005 2005. november 05-06., G\u00e1nt Magyarul: Ki\u00edr\u00e1s Benevezett versenyz\u0151k kateg\u00f3ri\u00e1nk\u00e9nt (10.16. esti \u00e1llapot szerint) Benevezett versenyz\u0151k klubonk\u00e9nt (10.27. esti \u00e1llapot szerint) \u00c9rtes\u00edt\u0151 Sz\u00e1ll\u00e1slista (10.27-i &hellip; <a href=\"https:\/\/www.tabanispartacus.hu\/tajfuto\/wordpress\/?page_id=421\" class=\"more-link\"><span class=\"screen-reader-text\">Versenyeink 2005-ben<\/span> olvas\u00e1s\u00e1nak folytat\u00e1sa <span class=\"meta-nav\">&rarr;<\/span><\/a><\/p>\n","protected":false},"author":1,"featured_media":0,"parent":34,"menu_order":0,"comment_status":"closed","ping_status":"closed","template":"","meta":{"ngg_post_thumbnail":0},"_links":{"self":[{"href":"https:\/\/www.tabanispartacus.hu\/tajfuto\/wordpress\/index.php?rest_route=\/wp\/v2\/pages\/421"}],"collection":[{"href":"https:\/\/www.tabanispartacus.hu\/tajfuto\/wordpress\/index.php?rest_route=\/wp\/v2\/pages"}],"about":[{"href":"https:\/\/www.tabanispartacus.hu\/tajfuto\/wordpress\/index.php?rest_route=\/wp\/v2\/types\/page"}],"author":[{"embeddable":true,"href":"https:\/\/www.tabanispartacus.hu\/tajfuto\/wordpress\/index.php?rest_route=\/wp\/v2\/users\/1"}],"replies":[{"embeddable":true,"href":"https:\/\/www.tabanispartacus.hu\/tajfuto\/wordpress\/index.php?rest_route=%2Fwp%2Fv2%2Fcomments&post=421"}],"version-history":[{"count":0,"href":"https:\/\/www.tabanispartacus.hu\/tajfuto\/wordpress\/index.php?rest_route=\/wp\/v2\/pages\/421\/revisions"}],"up":[{"embeddable":true,"href":"https:\/\/www.tabanispartacus.hu\/tajfuto\/wordpress\/index.php?rest_route=\/wp\/v2\/pages\/34"}],"wp:attachment":[{"href":"https:\/\/www.tabanispartacus.hu\/tajfuto\/wordpress\/index.php?rest_route=%2Fwp%2Fv2%2Fmedia&parent=421"}],"curies":[{"name":"wp","href":"https:\/\/api.w.org\/{rel}","templated":true}]}}