{"id":4207,"date":"2019-02-21T16:18:48","date_gmt":"2019-02-21T16:18:48","guid":{"rendered":"http:\/\/tabanispartacus.home.blog\/?page_id=1498"},"modified":"2019-02-21T16:18:48","modified_gmt":"2019-02-21T16:18:48","slug":"velunk-tortent-2009-ben","status":"publish","type":"page","link":"https:\/\/www.tabanispartacus.hu\/tajfuto\/wordpress\/?page_id=4207","title":{"rendered":"Vel\u00fcnk t\u00f6rt\u00e9nt 2009-ben"},"content":{"rendered":"<table border=\"1\" cellspacing=\"10\" cellpadding=\"10\" align=\"center\">\n<tbody>\n<tr>\n<td><a title=\"2009 dobog\u00f3k\u0151i f\u00e9nyk\u00e9pek\" href=\"http:\/\/picasaweb.google.com\/tabanispartacus.photos2\/2009DobogokoiHegyiFutoverseny#\" target=\"_blank\" rel=\"noopener noreferrer\"><b>Dobog\u00f3k\u0151i Hegyi Fut\u00f3verseny<\/b><\/a><\/td>\n<td>fot\u00f3k<\/td>\n<td>Gyalog L\u00e1szl\u00f3<\/td>\n<\/tr>\n<tr>\n<td><a title=\"dobog\u00f3k\u0151 2009\" href=\"\/xiv-dobogokoi-hegyi-futoverseny\">Dobog\u00f3k\u0151i Hegyi Fut\u00f3verseny<\/a><\/td>\n<td>besz\u00e1mol\u00f3<\/td>\n<td>Gyalog Zoli<\/td>\n<\/tr>\n<tr>\n<td><a title=\"velence besz\u00e1mol\u00f3\" href=\"\/ismet-velenceben-jartunk\">Velencei t\u00e1jfut\u00e1s<\/a><\/p>\n<p>2009. 11.14., Velence, Olaszorsz\u00e1g<\/td>\n<td>besz\u00e1mol\u00f3<\/td>\n<td>Gyalog Zoli<\/td>\n<\/tr>\n<tr>\n<td><b>Velencei t\u00e1jut\u00e1s<\/b><\/p>\n<p>2009. 11.14., Velence, Olaszorsz\u00e1g<\/td>\n<td>fot\u00f3k<\/td>\n<td><b><a title=\"velence k\u00e9pek 2009\" href=\"http:\/\/picasaweb.google.hu\/bugarteering\/20091116#\" target=\"_blank\" rel=\"noopener noreferrer\">Bug\u00e1r Gerg\u0151<\/a><\/b><\/p>\n<p><b><a title=\"velence k\u00e9pek 2009\" href=\"http:\/\/picasaweb.google.hu\/tabanispartacus.photos2\/Velence?feat=directlink#\" target=\"_blank\" rel=\"noopener noreferrer\">Zai B\u00e1lint fot\u00f3ib\u00f3l v\u00e1logatva<\/a><\/b><\/td>\n<\/tr>\n<tr>\n<td><b><a title=\"\u0151szi spari besz\u00e1mol\u00f3\" href=\"\/spari-kupa-ertekeles\">\u0150szi Spartacus Kupa<\/a><\/b><\/p>\n<p>2009.11.7-8., G\u00e1nt<\/td>\n<td>besz\u00e1mol\u00f3<\/td>\n<td>Gyalog Zoli<\/td>\n<\/tr>\n<tr>\n<td><b><a title=\"zb \u0151szi sparis k\u00e9pei 2009\" href=\"http:\/\/picasaweb.google.hu\/tabanispartacus.photos2\/SpariKupa?feat=directlink#\" target=\"_blank\" rel=\"noopener noreferrer\">\u0150szi Spartacus Kupa<\/a><\/b><\/p>\n<p>2009.11.7-8., G\u00e1nt<\/td>\n<td>fot\u00f3k<\/td>\n<td>Zai B\u00e1lint k\u00e9peib\u0151l megv\u00e1gva<\/td>\n<\/tr>\n<tr>\n<td><b><a title=\"Rudi \u0151szi sparis k\u00e9pei 2009\" href=\"http:\/\/oszispari09.rudibacsi.fotoalbum.hu\/\" target=\"_blank\" rel=\"noopener noreferrer\">\u0150szi Spartacus Kupa<\/a><\/b><\/p>\n<p>2009.11.7-8., G\u00e1nt<\/td>\n<td>fot\u00f3k<\/td>\n<td>Lat\u00e1k Rudi<\/td>\n<\/tr>\n<tr>\n<td><a title=\"\u00d6sszettett bajnoks\u00e1g 2009\" href=\"http:\/\/www.tabanispartacus.hu\/tajfuto\/index.php?page=velunktortent\/2009\/2009_osszetett_beszamolo.htm\"><b>\u00d6sszetett bajnoks\u00e1g Sparis \u00e9rdekelts\u00e9gei<\/b><\/a><\/td>\n<td>besz\u00e1mol\u00f3<\/td>\n<td>Gyalog Zoli<\/td>\n<\/tr>\n<tr>\n<td><a title=\"bajnoki pontverseny 2009\" href=\"http:\/\/www.tabanispartacus.hu\/tajfuto\/index.php?page=velunktortent\/2009\/2009_bajnoki_pontverseny_beszamolo.htm\"><b>Bajnoki pontverseny<\/b><\/a><\/td>\n<td>besz\u00e1mol\u00f3<\/td>\n<td>Gyalog Zoli<\/td>\n<\/tr>\n<tr>\n<td><b><a title=\"OEVB - OCSB besz\u00e1mol\u00f3\" href=\"http:\/\/www.tabanispartacus.hu\/tajfuto\/index.php?page=velunktortent\/2009\/2009_OEVB_OCSB_beszamolo.htm\">OEVB &#8211; OCSB<\/a><\/b><\/p>\n<p>\u00e1gasegyh\u00e1za, 2009.10.23-24.<\/td>\n<td>besz\u00e1mol\u00f3<\/td>\n<td>Gyalog Zoli<\/td>\n<\/tr>\n<tr>\n<td><b><a title=\"OEVB p\u00e1lyaelemz\u00e9s\" href=\"http:\/\/www.tabanispartacus.hu\/tajfuto\/index.php?page=velunktortent\/2009\/2009_OEVB_palyaelemzes\">OEVB p\u00e1lyaelemz\u00e9se az F21 p\u00e1ly\u00e1n.<\/a><\/b><\/p>\n<p>\u00e1gasegyh\u00e1za, 2009.10.23.<\/td>\n<td>p\u00e1lyaelemz\u00e9s<\/td>\n<td>Gyalog Zoli<\/td>\n<\/tr>\n<tr>\n<td><b><a title=\"OCSB k\u00e9pek\" href=\"http:\/\/picasaweb.google.com\/zaibolint\/OCSB?feat=directlink\" target=\"_blank\" rel=\"noopener noreferrer\">OCSB<\/a><\/b><\/p>\n<p>2009.10.24., \u00e1gasegyh\u00e1za<\/td>\n<td>k\u00e9pek<\/td>\n<td>Zai B\u00e1lint FZ-8-asa<\/td>\n<\/tr>\n<tr>\n<td><b><a title=\"OCSB k\u00e9pek\" href=\"http:\/\/picasaweb.google.hu\/lh\/sredir?uname=weilerzsolt&amp;target=ALBUM&amp;id=5395879530948058337&amp;authkey=Gv1sRgCJCly82UlZeCRA&amp;feat=email\" target=\"_blank\" rel=\"noopener noreferrer\">OEVB<\/a><\/b><\/p>\n<p>2009.10.23., \u00e1gasegyh\u00e1za<\/td>\n<td>k\u00e9pek<\/td>\n<td>Weiler Zsolt<\/td>\n<\/tr>\n<tr>\n<td><a title=\"OEVB \u00e9s OCSB\" href=\"http:\/\/picasaweb.google.hu\/tabanispartacus.photos\/OEVBOCSB#\" target=\"_blank\" rel=\"noopener noreferrer\"><b>OEVB<\/b>\u00a0<\/a><b>\u00e9s<\/b>\u00a0<a title=\"OCSB k\u00e9pek\" href=\"http:\/\/picasaweb.google.hu\/tabanispartacus.photos\/CSOB#\" target=\"_blank\" rel=\"noopener noreferrer\"><b>OCSB<\/b><\/a><\/p>\n<p>2009.10.23-24., \u00e1gasegyh\u00e1za<\/td>\n<td>k\u00e9pek<\/td>\n<td>&#8211;<\/td>\n<\/tr>\n<tr>\n<td><b><a title=\"2009 ONEB besz\u00e1mol\u00f3\" href=\"http:\/\/www.tabanispartacus.hu\/tajfuto\/index.php?page=velunktortent\/2009\/ONEB\">ONEB<\/a><\/b><\/p>\n<p>2009.10.17-18.<\/td>\n<td>besz\u00e1mol\u00f3<\/td>\n<td>Gyalog Zoli<\/td>\n<\/tr>\n<tr>\n<td><a href=\"http:\/\/picasaweb.google.com\/zaibolint\/Edzotabor?feat=directlink\" target=\"_blank\" rel=\"noopener noreferrer\"><b>Edz\u0151t\u00e1bor<\/b><\/a>, szombat este<\/p>\n<p>2009.10.10., G\u00e1nt<\/td>\n<td>fot\u00f3k<\/td>\n<td>Zai B\u00e1lint<\/td>\n<\/tr>\n<tr>\n<td><a href=\"http:\/\/picasaweb.google.hu\/tabanispartacus.photos\/SPARBUDAPESTMARATON2009?feat=directlink\" target=\"_blank\" rel=\"noopener noreferrer\"><b>Budapest Maraton<\/b><\/a><\/p>\n<p>2009.10.04.<\/td>\n<td>fot\u00f3k<\/td>\n<td>&#8211;<\/td>\n<\/tr>\n<tr>\n<td><a href=\"http:\/\/picasaweb.google.hu\/tabanispartacus.photos\/Dobogokepek2009?feat=directlink#\" target=\"_blank\" rel=\"noopener noreferrer\"><b>Dobog\u00f3k\u00e9pek<\/b><\/a><\/td>\n<td>fot\u00f3k<\/td>\n<td>&#8211;<\/td>\n<\/tr>\n<tr>\n<td><a href=\"http:\/\/picasaweb.google.hu\/tabanispartacus.photos\/NikeFelmaraton200902?feat=directlink#\" target=\"_blank\" rel=\"noopener noreferrer\"><b>Nike f\u00e9lmaraton<\/b><\/a><\/p>\n<p>2009.09.06., V\u00e1rosliget<\/td>\n<td>fot\u00f3k<\/td>\n<td>&#8211;<\/td>\n<\/tr>\n<tr>\n<td align=\"center\" width=\"40%\"><b><a href=\"http:\/\/edzotabor.rudibacsi.fotoalbum.hu\/\" target=\"_blank\" rel=\"noopener noreferrer\">\u0150szi g\u00e1nti edz\u0151t\u00e1bor<\/a><\/b><br \/>\n2009.10.10-11., G\u00e1nt.<\/td>\n<td align=\"center\" width=\"20%\">fot\u00f3k<\/td>\n<td align=\"center\" width=\"40%\">Lat\u00e1k Rudi<\/td>\n<\/tr>\n<tr>\n<td><b><a title=\"E\u00f6tv\u00f6s\" href=\"http:\/\/picasaweb.google.hu\/tabanispartacus.photos\/EotvosKupa2009?feat=directlink#\" target=\"_blank\" rel=\"noopener noreferrer\">E\u00f6tv\u00f6s Lor\u00e1nd ev. (k\u00e9tnapos egy\u00e9ni \u00e9s v\u00e1lt\u00f3)<\/a><\/b><a title=\"E\u00f6tv\u00f6s\" href=\"http:\/\/picasaweb.google.com\/tabanispartacus.photos\/EO#\" target=\"_blank\" rel=\"noopener noreferrer\"><br \/>\n<\/a>2009.09.12-13. Budakeszi, Bp. Haj\u00f3gy\u00e1ri-sziget<\/td>\n<td>fot\u00f3k<\/td>\n<td>&#8211;<\/td>\n<\/tr>\n<tr>\n<td align=\"center\" width=\"40%\"><b><a href=\"http:\/\/www.tabanispartacus.hu\/tajfuto\/index.php?page=images\/2009\/eotvos\/kis\/lista\">E\u00f6tv\u00f6s Lor\u00e1nd ev. (k\u00e9tnapos egy\u00e9ni \u00e9s v\u00e1lt\u00f3)\u00a0<\/a><\/b><br \/>\n2009.09.12-13. Budakeszi, Bp. Haj\u00f3gy\u00e1ri-sziget<\/td>\n<td align=\"center\" width=\"20%\">fot\u00f3k<\/td>\n<td align=\"center\" width=\"40%\">Gyalog L\u00e1szl\u00f3<\/td>\n<\/tr>\n<tr>\n<td align=\"center\" width=\"40%\"><b><a href=\"http:\/\/www.tabanispartacus.hu\/tajfuto\/2009\/tajfuto-szo2009_beszamolo.doc\">A szakoszt\u00e1ly ez\u00e9vi els\u0151 nyolc h\u00f3napja<\/a><\/b><br \/>\n2009.09.07.<\/td>\n<td align=\"center\" width=\"20%\">besz\u00e1mol\u00f3 (.doc)<\/td>\n<td align=\"center\" width=\"40%\">Gyalog L\u00e1szl\u00f3<\/td>\n<\/tr>\n<tr>\n<td align=\"center\" width=\"40%\"><b><a href=\"http:\/\/www.tabanispartacus.hu\/tajfuto\/index.php?page=images\/2009\/ovb\/kis\/lista\">A V\u00e1lt\u00f3 OB-n<\/a><\/b><br \/>\n2009.06.21. Pusztamar\u00f3t<\/td>\n<td align=\"center\" width=\"20%\">fot\u00f3k<\/td>\n<td align=\"center\" width=\"40%\">Gyalog T\u00f3dor<\/td>\n<\/tr>\n<tr>\n<td align=\"center\" width=\"40%\"><b><a href=\"http:\/\/www.tabanispartacus.hu\/tajfuto\/index.php?page=images\/2009\/hungaria\/kis\/lista\">Hung\u00e1ria Kupa<\/a><\/b><br \/>\n2009.08.17-23.<br \/>\nPilisszentkereszt, B\u00e1nk\u00fat, Sz\u00f6gliget<\/td>\n<td align=\"center\" width=\"20%\">fot\u00f3k<\/td>\n<td align=\"center\" width=\"40%\">Gyalog T\u00f3dor<\/td>\n<\/tr>\n<tr>\n<td><b><a title=\"V\u00e1logatott edz\u0151t\u00e1bor besz\u00e1mol\u00f3\" href=\"http:\/\/www.tabanispartacus.hu\/tajfuto\/index.php?page=velunktortent\/2009\/2009_valogatott_et_beszamolo.htm\">V\u00e1logatott edz\u0151t\u00e1bor<\/a><\/b><\/p>\n<p>2009.07.11-12.<\/td>\n<td>besz\u00e1mol\u00f3<\/td>\n<td>Liszka Kriszti\u00e1n<\/td>\n<\/tr>\n<tr>\n<td align=\"center\" width=\"40%\"><b><a href=\"http:\/\/picasaweb.google.hu\/zaibolint\/ROB_needed?feat=directlink\" target=\"_blank\" rel=\"noopener noreferrer\">ROB &#8211; PCSB<\/a><\/b><br \/>\n2009.05.15-16. Koml\u00f3 &#8211; P\u00e9cs \u00c1rp\u00e1d-tet\u0151<\/td>\n<td align=\"center\" width=\"20%\">fot\u00f3k<\/td>\n<td align=\"center\" width=\"40%\">Zai B\u00e1lint<\/td>\n<\/tr>\n<tr>\n<td align=\"center\" width=\"40%\"><b><a href=\"http:\/\/www.tabanispartacus.hu\/tajfuto\/index.php?page=images\/2009\/postas_zb\/kis\/lista\">Post\u00e1s Kupa<\/a><\/b><br \/>\n2009.04.11-13. B\u00fckkszentkereszt<\/td>\n<td align=\"center\" width=\"20%\">fot\u00f3k<\/td>\n<td align=\"center\" width=\"40%\">Zai B\u00e1lint<\/td>\n<\/tr>\n<tr>\n<td align=\"center\" width=\"40%\"><b><a href=\"http:\/\/www.tabanispartacus.hu\/tajfuto\/index.php?page=images\/2009\/postas\/kis\/lista\">Post\u00e1s Kupa<\/a><\/b><br \/>\n2009.04.11-13. B\u00fckkszentkereszt<\/td>\n<td align=\"center\" width=\"20%\">\n<div class=\"easteregg\"><a class=\"fotoalbum_gallery_link\" href=\"http:\/\/www.tabanispartacus.hu\/tajfuto\/index.php?page=velunktortent\/velunktortent_2009#\">fot\u00f3k<\/a><\/div>\n<\/td>\n<td align=\"center\" width=\"40%\">\n<div class=\"easteregg\"><a href=\"http:\/\/postas2009sparisok.rudibacsi.fotoalbum.hu\/\">Lat\u00e1k Rudi<\/a><\/div>\n<\/td>\n<\/tr>\n<tr>\n<td align=\"center\" width=\"40%\"><b><a href=\"http:\/\/www.tabanispartacus.hu\/tajfuto\/index.php?page=images\/2009\/hob\/kis\/lista\">HOB<\/a><\/b><br \/>\n2009.04.04. Salg\u00f3tarj\u00e1n, Medves lapos<\/td>\n<td align=\"center\" width=\"20%\">fot\u00f3k<\/td>\n<td align=\"center\" width=\"40%\">&#8211;<\/td>\n<\/tr>\n<tr>\n<td align=\"center\" width=\"40%\"><b><a href=\"http:\/\/www.tabanispartacus.hu\/tajfuto\/index.php?page=velunktortent\/2009\/2009_mecsek_beszamolo\">Mecsek Kupa<\/a><\/b><br \/>\n2009.03.21-22. Orf\u0171<\/td>\n<td align=\"center\" width=\"20%\">besz\u00e1mol\u00f3<\/td>\n<td align=\"center\" width=\"40%\">Gyalog Zoli<\/td>\n<\/tr>\n<tr>\n<td align=\"center\" width=\"40%\"><b><a href=\"http:\/\/www.tabanispartacus.hu\/tajfuto\/index.php?page=images\/2009_kozgyules\/k\/lista\">K\u00f6zgy\u0171l\u00e9s<\/a><\/b><br \/>\n2009.02.26. Klubhelyis\u00e9g<\/td>\n<td align=\"center\" width=\"20%\">fot\u00f3<\/td>\n<td align=\"center\" width=\"40%\">M\u00e1th\u00e9 Pisti<\/td>\n<\/tr>\n<tr>\n<td align=\"center\" width=\"40%\"><b><a href=\"http:\/\/www.tabanispartacus.hu\/tajfuto\/index.php?page=velunktortent\/2009\/fizikai_ET\">Fizikai edz\u0151t\u00e1bor<\/a><\/b><br \/>\n2009.01.09-11. G\u00e1nt<\/td>\n<td align=\"center\" width=\"20%\">besz\u00e1mol\u00f3<\/td>\n<td align=\"center\" width=\"40%\">Gyalog Zoli<\/td>\n<\/tr>\n<\/tbody>\n<\/table>\n","protected":false},"excerpt":{"rendered":"<p>Dobog\u00f3k\u0151i Hegyi Fut\u00f3verseny fot\u00f3k Gyalog L\u00e1szl\u00f3 Dobog\u00f3k\u0151i Hegyi Fut\u00f3verseny besz\u00e1mol\u00f3 Gyalog Zoli Velencei t\u00e1jfut\u00e1s 2009. 11.14., Velence, Olaszorsz\u00e1g besz\u00e1mol\u00f3 Gyalog Zoli Velencei t\u00e1jut\u00e1s 2009. 11.14., Velence, Olaszorsz\u00e1g fot\u00f3k Bug\u00e1r Gerg\u0151 Zai B\u00e1lint fot\u00f3ib\u00f3l v\u00e1logatva \u0150szi Spartacus Kupa 2009.11.7-8., G\u00e1nt besz\u00e1mol\u00f3 Gyalog Zoli \u0150szi Spartacus Kupa 2009.11.7-8., G\u00e1nt fot\u00f3k Zai B\u00e1lint k\u00e9peib\u0151l megv\u00e1gva \u0150szi Spartacus Kupa &hellip; <a href=\"https:\/\/www.tabanispartacus.hu\/tajfuto\/wordpress\/?page_id=4207\" class=\"more-link\"><span class=\"screen-reader-text\">Vel\u00fcnk t\u00f6rt\u00e9nt 2009-ben<\/span> olvas\u00e1s\u00e1nak folytat\u00e1sa <span class=\"meta-nav\">&rarr;<\/span><\/a><\/p>\n","protected":false},"author":9,"featured_media":0,"parent":0,"menu_order":0,"comment_status":"closed","ping_status":"closed","template":"","meta":{"ngg_post_thumbnail":0},"_links":{"self":[{"href":"https:\/\/www.tabanispartacus.hu\/tajfuto\/wordpress\/index.php?rest_route=\/wp\/v2\/pages\/4207"}],"collection":[{"href":"https:\/\/www.tabanispartacus.hu\/tajfuto\/wordpress\/index.php?rest_route=\/wp\/v2\/pages"}],"about":[{"href":"https:\/\/www.tabanispartacus.hu\/tajfuto\/wordpress\/index.php?rest_route=\/wp\/v2\/types\/page"}],"author":[{"embeddable":true,"href":"https:\/\/www.tabanispartacus.hu\/tajfuto\/wordpress\/index.php?rest_route=\/wp\/v2\/users\/9"}],"replies":[{"embeddable":true,"href":"https:\/\/www.tabanispartacus.hu\/tajfuto\/wordpress\/index.php?rest_route=%2Fwp%2Fv2%2Fcomments&post=4207"}],"version-history":[{"count":0,"href":"https:\/\/www.tabanispartacus.hu\/tajfuto\/wordpress\/index.php?rest_route=\/wp\/v2\/pages\/4207\/revisions"}],"wp:attachment":[{"href":"https:\/\/www.tabanispartacus.hu\/tajfuto\/wordpress\/index.php?rest_route=%2Fwp%2Fv2%2Fmedia&parent=4207"}],"curies":[{"name":"wp","href":"https:\/\/api.w.org\/{rel}","templated":true}]}}