{"id":4206,"date":"2019-02-21T01:58:18","date_gmt":"2019-02-21T01:58:18","guid":{"rendered":"http:\/\/tabanispartacus.home.blog\/?page_id=1480"},"modified":"2026-04-15T19:24:12","modified_gmt":"2026-04-15T17:24:12","slug":"elnoksegi-ulesek-jegyzokonyvei","status":"publish","type":"page","link":"https:\/\/www.tabanispartacus.hu\/tajfuto\/wordpress\/?page_id=4206","title":{"rendered":"Eln\u00f6ks\u00e9gi \u00fcl\u00e9sek jegyz\u0151k\u00f6nyvei"},"content":{"rendered":"<p><span style=\"color: #000080;\"><strong><br \/>\n<a style=\"color: #000080;\" href=\"http:\/\/www.tabanispartacus.hu\/tajfuto\/wordpress\/wp-content\/uploads\/2026\/04\/jkv_20260409.pdf\">2026. \u00e1prilis 9-i eln\u00f6ks\u00e9gi \u00fcl\u00e9s jegyz\u0151k\u00f6nyve<\/a><br \/>\n<a style=\"color: #000080;\" href=\"http:\/\/www.tabanispartacus.hu\/tajfuto\/wordpress\/wp-content\/uploads\/2026\/03\/jkv_20260305.pdf\">2026. m\u00e1rcius 5-i eln\u00f6ks\u00e9gi \u00fcl\u00e9s jegyz\u0151k\u00f6nyve<\/a><br \/>\n<a style=\"color: #000080;\" href=\"http:\/\/www.tabanispartacus.hu\/tajfuto\/wordpress\/wp-content\/uploads\/2026\/02\/jkv_20260122.pdf\">2026. janu\u00e1r 22-i eln\u00f6ks\u00e9gi \u00fcl\u00e9s jegyz\u0151k\u00f6nyve<\/a><br \/>\n<a style=\"color: #000080;\" href=\"http:\/\/www.tabanispartacus.hu\/tajfuto\/wordpress\/wp-content\/uploads\/2025\/12\/jkv_20251204.pdf\">2025. december 4-i eln\u00f6ks\u00e9gi \u00fcl\u00e9s jegyz\u0151k\u00f6nyve<\/a><br \/>\n<a style=\"color: #000080;\" href=\"http:\/\/www.tabanispartacus.hu\/tajfuto\/wordpress\/wp-content\/uploads\/2025\/11\/jkv_20251030.pdf\">2025. okt\u00f3ber 30-i eln\u00f6ks\u00e9gi \u00fcl\u00e9s jegyz\u0151k\u00f6nyve<\/a><br \/>\n<a style=\"color: #000080;\" href=\"http:\/\/www.tabanispartacus.hu\/tajfuto\/wordpress\/wp-content\/uploads\/2025\/09\/jkv_20250911.pdf\">2025. szeptember 11-i eln\u00f6ks\u00e9gi \u00fcl\u00e9s jegyz\u0151k\u00f6nyve<\/a><br \/>\n<a style=\"color: #000080;\" href=\"http:\/\/www.tabanispartacus.hu\/tajfuto\/wordpress\/wp-content\/uploads\/2025\/06\/jkv_20250612.pdf\">2025. j\u00fanius 12-i eln\u00f6ks\u00e9gi \u00fcl\u00e9s jegyz\u0151k\u00f6nyve<\/a><br \/>\n<a style=\"color: #000080;\" href=\"http:\/\/www.tabanispartacus.hu\/tajfuto\/wordpress\/wp-content\/uploads\/2025\/04\/jkv_20250410.pdf\">2025. \u00e1prilis 10-i eln\u00f6ks\u00e9gi \u00fcl\u00e9s jegyz\u0151k\u00f6nyve<\/a><br \/>\n<a style=\"color: #000080;\" href=\"http:\/\/www.tabanispartacus.hu\/tajfuto\/wordpress\/wp-content\/uploads\/2025\/04\/jkv_20250304.pdf\">2025. m\u00e1rcius 4-i eln\u00f6ks\u00e9gi \u00fcl\u00e9s jegyz\u0151k\u00f6nyve<\/a><br \/>\n<a style=\"color: #000080;\" href=\"http:\/\/www.tabanispartacus.hu\/tajfuto\/wordpress\/wp-content\/uploads\/2025\/02\/jkv_20250130.pdf\">2025. janu\u00e1r 30-i eln\u00f6ks\u00e9gi \u00fcl\u00e9s jegyz\u0151k\u00f6nyve<\/a><br \/>\n<a style=\"color: #000080;\" href=\"http:\/\/www.tabanispartacus.hu\/tajfuto\/wordpress\/wp-content\/uploads\/2024\/12\/jkv_20241210-05.pdf\">2024. december 05-i eln\u00f6ks\u00e9gi \u00fcl\u00e9s jegyz\u0151k\u00f6nyve<\/a><br \/>\n<a style=\"color: #000080;\" href=\"http:\/\/www.tabanispartacus.hu\/tajfuto\/wordpress\/wp-content\/uploads\/2024\/11\/jkv_20241024.pdf\">2024. okt\u00f3ber 24-i eln\u00f6ks\u00e9gi \u00fcl\u00e9s jegyz\u0151k\u00f6nyve<\/a><br \/>\n<a style=\"color: #000080;\" href=\"http:\/\/www.tabanispartacus.hu\/tajfuto\/wordpress\/wp-content\/uploads\/2024\/09\/jkv_20240905.pdf\">2024. szeptember 5-i eln\u00f6ks\u00e9gi \u00fcl\u00e9s jegyz\u0151k\u00f6nyve<\/a><br \/>\n<a style=\"color: #000080;\" href=\"http:\/\/www.tabanispartacus.hu\/tajfuto\/wordpress\/wp-content\/uploads\/2024\/06\/jkv_20240613.pdf\">2024. j\u00fanius 13-i eln\u00f6ks\u00e9gi \u00fcl\u00e9s jegyz\u0151k\u00f6nyve<\/a><br \/>\n<a style=\"color: #000080;\" href=\"http:\/\/www.tabanispartacus.hu\/tajfuto\/wordpress\/wp-content\/uploads\/2024\/04\/jkv_20240418.pdf\">2024. \u00e1prilis 18-i eln\u00f6ks\u00e9gi \u00fcl\u00e9s jegyz\u0151k\u00f6nyve<\/a><br \/>\n<a style=\"color: #000080;\" href=\"http:\/\/www.tabanispartacus.hu\/tajfuto\/wordpress\/wp-content\/uploads\/2024\/04\/jkv_20240326.pdf\">2024. m\u00e1rcius 26-i eln\u00f6ks\u00e9gi \u00fcl\u00e9s jegyz\u0151k\u00f6nyve<\/a><br \/>\n<a style=\"color: #000080;\" href=\"http:\/\/www.tabanispartacus.hu\/tajfuto\/wordpress\/wp-content\/uploads\/2024\/02\/jkv_20240213.pdf\">2024. febru\u00e1r 13-i eln\u00f6ks\u00e9gi \u00fcl\u00e9s jegyz\u0151k\u00f6nyve<\/a><br \/>\n<a style=\"color: #000080;\" href=\"http:\/\/www.tabanispartacus.hu\/tajfuto\/wordpress\/wp-content\/uploads\/2023\/12\/jkv_20231207.pdf\">2023. december 7-i eln\u00f6ks\u00e9gi \u00fcl\u00e9s jegyz\u0151k\u00f6nyve<\/a><br \/>\n<a style=\"color: #000080;\" href=\"http:\/\/www.tabanispartacus.hu\/tajfuto\/wordpress\/wp-content\/uploads\/2023\/10\/jkv_20231026.pdf\">2023. okt\u00f3ber 26-i eln\u00f6ks\u00e9gi \u00fcl\u00e9s jegyz\u0151k\u00f6nyve<\/a><br \/>\n<a style=\"color: #000080;\" href=\"http:\/\/www.tabanispartacus.hu\/tajfuto\/wordpress\/wp-content\/uploads\/2023\/09\/jkv_20230907.pdf\">2023. szeptember 7-i eln\u00f6ks\u00e9gi \u00fcl\u00e9s jegyz\u0151k\u00f6nyve<\/a><br \/>\n<a style=\"color: #000080;\" href=\"http:\/\/www.tabanispartacus.hu\/tajfuto\/wordpress\/wp-content\/uploads\/2023\/06\/jkv_20230530_kivonat.pdf\">2023. m\u00e1jus 30-i eln\u00f6ks\u00e9gi \u00fcl\u00e9s jegyz\u0151k\u00f6nyve<\/a><br \/>\n<a style=\"color: #000080;\" href=\"http:\/\/www.tabanispartacus.hu\/tajfuto\/wordpress\/wp-content\/uploads\/2023\/04\/jkv_20230411_v1.pdf\">2023. \u00e1prilis 11-i eln\u00f6ks\u00e9gi \u00fcl\u00e9s jegyz\u0151k\u00f6nyve<\/a><br \/>\n<a style=\"color: #000080;\" href=\"http:\/\/www.tabanispartacus.hu\/tajfuto\/wordpress\/wp-content\/uploads\/2023\/03\/jkv_20230309_v1.pdf\">2023. m\u00e1rcius 9-i eln\u00f6ks\u00e9gi \u00fcl\u00e9s jegyz\u0151k\u00f6nyve<\/a><br \/>\n<a style=\"color: #000080;\" href=\"http:\/\/www.tabanispartacus.hu\/tajfuto\/wordpress\/wp-content\/uploads\/2023\/02\/jkv_20230126_v3.pdf\">2023. janu\u00e1r 26-i eln\u00f6ks\u00e9gi \u00fcl\u00e9s jegyz\u0151k\u00f6nyve<\/a><br \/>\n<a style=\"color: #000080;\" href=\"http:\/\/www.tabanispartacus.hu\/tajfuto\/wordpress\/wp-content\/uploads\/2022\/12\/jkv_20221208_v3.pdf\">2022. december 8-i eln\u00f6ks\u00e9gi \u00fcl\u00e9s jegyz\u0151k\u00f6nyve<\/a><br \/>\n<a style=\"color: #000080;\" href=\"http:\/\/www.tabanispartacus.hu\/tajfuto\/wordpress\/wp-content\/uploads\/2022\/11\/jkv_20221027_v1.pdf\">2022. okt\u00f3ber 27-i eln\u00f6ks\u00e9gi \u00fcl\u00e9s jegyz\u0151k\u00f6nyve<\/a><br \/>\n<a style=\"color: #000080;\" href=\"http:\/\/www.tabanispartacus.hu\/tajfuto\/wordpress\/wp-content\/uploads\/2022\/09\/jkv_20220901_v2.pdf\">2022. szeptember 1-i eln\u00f6ks\u00e9gi \u00fcl\u00e9s jegyz\u0151k\u00f6nyve<\/a><br \/>\n<a style=\"color: #000080;\" href=\"http:\/\/www.tabanispartacus.hu\/tajfuto\/wordpress\/wp-content\/uploads\/2022\/09\/jkv_20220609_v2.pdf\">2022. j\u00fanius 9-i eln\u00f6ks\u00e9gi \u00fcl\u00e9s jegyz\u0151k\u00f6nyve<\/a><br \/>\n<a style=\"color: #000080;\" href=\"http:\/\/www.tabanispartacus.hu\/tajfuto\/wordpress\/wp-content\/uploads\/2022\/04\/jkv_20220419_v1.pdf\">2022. \u00e1prilis 19-i eln\u00f6ks\u00e9gi \u00fcl\u00e9s jegyz\u0151k\u00f6nyve<\/a><br \/>\n<a style=\"color: #000080;\" href=\"http:\/\/www.tabanispartacus.hu\/tajfuto\/wordpress\/wp-content\/uploads\/2022\/03\/jkv_20220303_v2.pdf\">2022. m\u00e1rcius 3-i eln\u00f6ks\u00e9gi \u00fcl\u00e9s jegyz\u0151k\u00f6nyve<\/a><br \/>\n<a style=\"color: #000080;\" href=\"http:\/\/www.tabanispartacus.hu\/tajfuto\/wordpress\/wp-content\/uploads\/2022\/02\/jkv_20220203_v1.pdf\">2022. febru\u00e1r 3-i eln\u00f6ks\u00e9gi \u00fcl\u00e9s jegyz\u0151k\u00f6nyve<\/a><br \/>\n<a style=\"color: #000080;\" href=\"http:\/\/www.tabanispartacus.hu\/tajfuto\/wordpress\/wp-content\/uploads\/2022\/02\/jkv_20211209_v2.pdf\">2021. december 9-i eln\u00f6ks\u00e9gi \u00fcl\u00e9s jegyz\u0151k\u00f6nyve<\/a><br \/>\n<a style=\"color: #000080;\" href=\"http:\/\/www.tabanispartacus.hu\/tajfuto\/wordpress\/wp-content\/uploads\/2021\/11\/jkv_20211021_v1.pdf\">2021. okt\u00f3ber 21-i eln\u00f6ks\u00e9gi \u00fcl\u00e9s jegyz\u0151k\u00f6nyve<\/a><br \/>\n<a style=\"color: #000080;\" href=\"http:\/\/www.tabanispartacus.hu\/tajfuto\/wordpress\/wp-content\/uploads\/2021\/11\/jkv_20210826_v1.pdf\">2021. augusztus 26-i eln\u00f6ks\u00e9gi \u00fcl\u00e9s jegyz\u0151k\u00f6nyve<\/a><br \/>\n<a style=\"color: #000080;\" href=\"http:\/\/www.tabanispartacus.hu\/tajfuto\/wordpress\/wp-content\/uploads\/2021\/11\/jkv_20210610_v2.pdf\">2021. j\u00fanius 10-i eln\u00f6ks\u00e9gi \u00fcl\u00e9s jegyz\u0151k\u00f6nyve<\/a><br \/>\n<a style=\"color: #000080;\" href=\"http:\/\/www.tabanispartacus.hu\/tajfuto\/wordpress\/wp-content\/uploads\/2021\/05\/jkv_20210415_v1.pdf\">2021. \u00e1prilis 15-i eln\u00f6ks\u00e9gi \u00fcl\u00e9s jegyz\u0151k\u00f6nyve<\/a><br \/>\n<a style=\"color: #000080;\" href=\"http:\/\/www.tabanispartacus.hu\/tajfuto\/wordpress\/wp-content\/uploads\/2021\/05\/jkv_20210304_v1.pdf\">2021. m\u00e1rcius 04-i eln\u00f6ks\u00e9gi \u00fcl\u00e9s jegyz\u0151k\u00f6nyve<\/a><br \/>\n<a style=\"color: #000080;\" href=\"http:\/\/www.tabanispartacus.hu\/tajfuto\/wordpress\/wp-content\/uploads\/2022\/02\/jkv_20210121_v1.pdf\">2021. janu\u00e1r 21-i eln\u00f6ks\u00e9gi \u00fcl\u00e9s jegyz\u0151k\u00f6nyve<\/a><br \/>\n<a style=\"color: #000080;\" href=\"http:\/\/www.tabanispartacus.hu\/tajfuto\/wordpress\/wp-content\/uploads\/2020\/12\/jkv_20201210_v2.pdf\">2020. december 10-i eln\u00f6ks\u00e9gi \u00fcl\u00e9s jegyz\u0151k\u00f6nyve<\/a><br \/>\n<a style=\"color: #000080;\" href=\"http:\/\/www.tabanispartacus.hu\/tajfuto\/wordpress\/wp-content\/uploads\/2020\/11\/jkv_20201029_v2.pdf\">2020. okt\u00f3ber 29-i eln\u00f6ks\u00e9gi \u00fcl\u00e9s jegyz\u0151k\u00f6nyve<\/a><br \/>\n<a style=\"color: #000080;\" href=\"http:\/\/www.tabanispartacus.hu\/tajfuto\/wordpress\/wp-content\/uploads\/2020\/08\/jkv_20200804_v2.pdf\">2020. augusztus 04-i eln\u00f6ks\u00e9gi \u00fcl\u00e9s jegyz\u0151k\u00f6nyve<\/a><br \/>\n<a style=\"color: #000080;\" href=\"http:\/\/www.tabanispartacus.hu\/tajfuto\/wordpress\/wp-content\/uploads\/2020\/06\/jkv_20200609_v2.pdf\">2020. j\u00fanius 09-i eln\u00f6ks\u00e9gi \u00fcl\u00e9s jegyz\u0151k\u00f6nyve<\/a><br \/>\n<a style=\"color: #000080;\" href=\"http:\/\/www.tabanispartacus.hu\/tajfuto\/wordpress\/wp-content\/uploads\/2020\/06\/SPA-eln\u00f6ks\u00e9gi-jgy.-2020.04.23..docx\">2020. \u00e1prilis 23-i eln\u00f6ks\u00e9gi \u00fcl\u00e9s jegyz\u0151k\u00f6nyve<\/a><br \/>\n<a style=\"color: #000080;\" href=\"http:\/\/www.tabanispartacus.hu\/tajfuto\/wordpress\/wp-content\/uploads\/2019\/12\/190926-eln\u00f6ks\u00e9gi_jkv_v2_honlapra.pdf\">2019. szeptember 26-i eln\u00f6ks\u00e9gi \u00fcl\u00e9s jegyz\u0151k\u00f6nyve<\/a><br \/>\n<a style=\"color: #000080;\" href=\"http:\/\/www.tabanispartacus.hu\/tajfuto\/wordpress\/wp-content\/uploads\/2019\/12\/190402-eln\u00f6ks\u00e9gi_jkv_v4_honlapra.pdf\">2019. \u00e1prilis 02-i eln\u00f6ks\u00e9gi \u00fcl\u00e9s jegyz\u0151k\u00f6nyve<\/a><br \/>\n<a style=\"color: #000080;\" href=\"https:\/\/drive.google.com\/open?id=1WNwlz0qCs2eqj7aQZvp6aRrOelrTEoMC\">2018. szeptember 06-i eln\u00f6ks\u00e9gi \u00fcl\u00e9s jegyz\u0151k\u00f6nyve<\/a><\/strong><\/span><br \/>\n<span style=\"color: #000080;\"><strong><a style=\"color: #000080;\" href=\"https:\/\/drive.google.com\/open?id=1xgjhHp-2RWft1PUemVsXXbM713uamqiO\">2018. \u00e1prilis 19-i eln\u00f6ks\u00e9gi \u00fcl\u00e9s jegyz\u0151k\u00f6nyve<\/a><\/strong><\/span><br \/>\n<span style=\"color: #000080;\"><strong><a style=\"color: #000080;\" href=\"https:\/\/drive.google.com\/open?id=1_9_YtgrD-vwcFd1ip3w5d62wEkAy6hcE\">2017. november 16-i eln\u00f6ks\u00e9gi \u00fcl\u00e9s jegyz\u0151k\u00f6nyve<\/a><\/strong><\/span><br \/>\n<span style=\"color: #000080;\"><strong><a style=\"color: #000080;\" href=\"https:\/\/drive.google.com\/open?id=1J8MOmLqskQEPV1NCLiEsd1NdObQufrSl\">2017. \u00e1prilis 20-i eln\u00f6ks\u00e9gi \u00fcl\u00e9s jegyz\u0151k\u00f6nyve<\/a><\/strong><\/span><br \/>\n<span style=\"color: #000080;\"><strong><a style=\"color: #000080;\" href=\"https:\/\/drive.google.com\/open?id=1UsRvBXCrFqTD_xim0iAGvpjCtdeOyriB\">2016. december 08-i eln\u00f6ks\u00e9gi \u00fcl\u00e9s jegyz\u0151k\u00f6nyve<\/a><\/strong><\/span><br \/>\n<span style=\"color: #000080;\"><strong><a style=\"color: #000080;\" href=\"https:\/\/drive.google.com\/open?id=18hxlbFm9vGiIWNZ6t8-uX9Y_gDjYQodY\">2016. \u00e1prilis 14-i eln\u00f6ks\u00e9gi \u00fcl\u00e9s jegyz\u0151k\u00f6nyve<\/a><\/strong><\/span><br \/>\n<span style=\"color: #000080;\"><strong><a style=\"color: #000080;\" href=\"https:\/\/drive.google.com\/open?id=1UyugXpuMkofKBx7FG37qN535PPjUHRke\">2015. december 01-i eln\u00f6ks\u00e9gi \u00fcl\u00e9s jegyz\u0151k\u00f6nyve<\/a><\/strong><\/span><br \/>\n<span style=\"color: #000080;\"><strong><a style=\"color: #000080;\" href=\"https:\/\/drive.google.com\/open?id=18ircTE4J-iPhQU6lNzB5H1GArHxDsJcU\">2015. m\u00e1rcius 26-i eln\u00f6ks\u00e9gi \u00fcl\u00e9s jegyz\u0151k\u00f6nyve<\/a><\/strong><\/span><br \/>\n<span style=\"color: #000080;\"><strong><a style=\"color: #000080;\" href=\"https:\/\/drive.google.com\/open?id=1ZNDuhQNKkiqNV_ey-gY3GhqhDfJsD5Mp\">2014. november 06-i eln\u00f6ks\u00e9gi \u00fcl\u00e9s jegyz\u0151k\u00f6nyve<\/a><\/strong><\/span><br \/>\n<span style=\"color: #000080;\"><strong><a style=\"color: #000080;\" href=\"https:\/\/drive.google.com\/open?id=11WpG_mDQnZWOln7wYYegqY6IYxCxmtQK\">2014. m\u00e1rcius 10-i eln\u00f6ks\u00e9gi \u00fcl\u00e9s jegyz\u0151k\u00f6nyve<\/a><\/strong><\/span><br \/>\n<span style=\"color: #000080;\"><strong><a style=\"color: #000080;\" href=\"https:\/\/drive.google.com\/open?id=16IeL7CJY4svnCVerV9Yx_7Nkou033-74\">2013. november 18-i eln\u00f6ks\u00e9gi \u00fcl\u00e9s jegyz\u0151k\u00f6nyve<\/a><\/strong><\/span><br \/>\n<span style=\"color: #000080;\"><strong><a style=\"color: #000080;\" href=\"https:\/\/drive.google.com\/open?id=11osztTUJWwUsarPW4zJGVofgkY8MHi-A\">2013. \u00e1prilis 03-i eln\u00f6ks\u00e9gi \u00fcl\u00e9s jegyz\u0151k\u00f6nyve<\/a><\/strong><\/span><br \/>\n<span style=\"color: #000080;\"><strong><a style=\"color: #000080;\" href=\"https:\/\/drive.google.com\/open?id=1V68y0cdX5-iZOcelxbj8M3nB9rq47KpN\">2013. janu\u00e1r 14-i eln\u00f6ks\u00e9gi \u00fcl\u00e9s jegyz\u0151k\u00f6nyve<\/a><\/strong><\/span><br \/>\n<span style=\"color: #000080;\"><strong><a style=\"color: #000080;\" href=\"https:\/\/drive.google.com\/open?id=1iIoVGkOf_peUmGLHFdSDQduXhoWVUa5n\">2012. szeptember 12-i eln\u00f6ks\u00e9gi \u00fcl\u00e9s jegyz\u0151k\u00f6nyve<\/a><\/strong><\/span><br \/>\n<span style=\"color: #000080;\"><strong><a style=\"color: #000080;\" href=\"https:\/\/drive.google.com\/open?id=1osK0wrXJps8TTRGqUZpy1Spn2qPvpXJt\">2012. m\u00e1rcius 19-i eln\u00f6ks\u00e9gi \u00fcl\u00e9s jegyz\u0151k\u00f6nyve<\/a><\/strong><\/span><br \/>\n<span style=\"color: #000080;\"><strong><a style=\"color: #000080;\" href=\"https:\/\/drive.google.com\/open?id=1XzOXrfNUjY_xGZp5Ih5WzcOuN7yRBOhO\">2011. okt\u00f3ber 17-i eln\u00f6ks\u00e9gi \u00fcl\u00e9s jegyz\u0151k\u00f6nyve<\/a><\/strong><\/span><br \/>\n<span style=\"color: #000080;\"><strong><a style=\"color: #000080;\" href=\"https:\/\/drive.google.com\/open?id=105j4gEaPhLFCoxJXE1yTN8di6ZUyq62s\">2011. m\u00e1jus 30-i eln\u00f6ks\u00e9gi \u00fcl\u00e9s jegyz\u0151k\u00f6nyve<\/a><\/strong><\/span><br \/>\n<span style=\"color: #000080;\"><strong><a style=\"color: #000080;\" href=\"https:\/\/drive.google.com\/open?id=1OFHmfK6iYOoRVEsACoQmLE0gJ3uaGZX8\">2011. febru\u00e1r 28-i eln\u00f6ks\u00e9gi \u00fcl\u00e9s jegyz\u0151k\u00f6nyve<\/a><\/strong><\/span><br \/>\n<span style=\"color: #000080;\"><strong><a style=\"color: #000080;\" href=\"https:\/\/drive.google.com\/open?id=1rZgb6oX1LMilf_7iW18WF7WfEhkaGOa7\">2010. november 29-i eln\u00f6ks\u00e9gi \u00fcl\u00e9s jegyz\u0151k\u00f6nyve<\/a><\/strong><\/span><br \/>\n<span style=\"color: #000080;\"><strong><a style=\"color: #000080;\" href=\"https:\/\/drive.google.com\/open?id=1Ej8oYa0wcFr8QDGmZgEBgbLDWd2uv1AF\">2010. szeptember 6-i eln\u00f6ks\u00e9gi \u00fcl\u00e9s jegyz\u0151k\u00f6nyve<\/a><\/strong><\/span><br \/>\n<span style=\"color: #000080;\"><strong><a style=\"color: #000080;\" href=\"https:\/\/drive.google.com\/open?id=1GtpxUHGahUf1B7u-Ptbmf0PDlJ890N_B\">2010. m\u00e1jus 31-i eln\u00f6ks\u00e9gi \u00fcl\u00e9s jegyz\u0151k\u00f6nyve<\/a><\/strong><\/span><br \/>\n<span style=\"color: #000080;\"><strong><a style=\"color: #000080;\" href=\"https:\/\/drive.google.com\/open?id=1RdmG3ekoeNB19Wz9kx_dx6R8hp79hgyV\">2010. febru\u00e1r 22-i eln\u00f6ks\u00e9gi \u00fcl\u00e9s jegyz\u0151k\u00f6nyve<\/a><\/strong><\/span><br \/>\n<span style=\"color: #000080;\"><strong><a style=\"color: #000080;\" href=\"https:\/\/drive.google.com\/open?id=1zS1uSzAWdEPrqiRFm9Zi54vwF4wi87z2\">2009. november 30-i eln\u00f6ks\u00e9gi \u00fcl\u00e9s jegyz\u0151k\u00f6nyve<\/a><\/strong><\/span><br \/>\n<span style=\"color: #000080;\"><strong><a style=\"color: #000080;\" href=\"https:\/\/drive.google.com\/open?id=1X0Had3dwyhux2ncdNLMVHs2HfyXHK8r8\">2009. szeptember 7-i eln\u00f6ks\u00e9gi \u00fcl\u00e9s jegyz\u0151k\u00f6nyve<\/a><\/strong><\/span><br \/>\n<span style=\"color: #000080;\"><strong><a style=\"color: #000080;\" href=\"https:\/\/drive.google.com\/open?id=1bKXnyIMvQLGDveuEgS2UyCXtmxO5eZ5F\">2009. m\u00e1jus 25-i eln\u00f6ks\u00e9gi \u00fcl\u00e9s jegyz\u0151k\u00f6nyve<\/a><\/strong><\/span><br \/>\n<span style=\"color: #000080;\"><strong><a style=\"color: #000080;\" href=\"https:\/\/drive.google.com\/open?id=1h8TYbSuglD_v4uVm2_S9RklzOZNHptyE\">2009. febru\u00e1r 16-i eln\u00f6ks\u00e9gi \u00fcl\u00e9s jegyz\u0151k\u00f6nyve<\/a><\/strong><\/span><br \/>\n<span style=\"color: #000080;\"><strong><a style=\"color: #000080;\" href=\"https:\/\/drive.google.com\/open?id=1UUgFA3w81EnNEY-AscYuGhvhAOLKF6jN\">2008. november 24-i eln\u00f6ks\u00e9gi \u00fcl\u00e9s jegyz\u0151k\u00f6nyve<\/a><\/strong><\/span><br \/>\n<span style=\"color: #000080;\"><strong><a style=\"color: #000080;\" href=\"https:\/\/drive.google.com\/open?id=10cnVtv6i5o-GUijD1SKyimb4l4QxSFCi\">2008. szeptember 8-i eln\u00f6ks\u00e9gi \u00fcl\u00e9s jegyz\u0151k\u00f6nyve<\/a><\/strong><\/span><br \/>\n<span style=\"color: #000080;\"><strong><a style=\"color: #000080;\" href=\"https:\/\/drive.google.com\/open?id=1cVdgKyXagNi9RAonwf1eNvSqkZurRHSY\">2008. j\u00fanius 9-i eln\u00f6ks\u00e9gi \u00fcl\u00e9s jegyz\u0151k\u00f6nyve<\/a><\/strong><\/span><br \/>\n<span style=\"color: #000080;\"><strong><a style=\"color: #000080;\" href=\"https:\/\/drive.google.com\/open?id=1p71YMzjJc5Q-tuvCASIuF58ZAg5AgcnV\">2008. m\u00e1rcius 31-i eln\u00f6ks\u00e9gi \u00fcl\u00e9s jegyz\u0151k\u00f6nyve<\/a><\/strong><\/span><br \/>\n<span style=\"color: #000080;\"><strong><a style=\"color: #000080;\" href=\"https:\/\/drive.google.com\/open?id=165tbgjyp0iqW7EaHjV_O0nUZczSyEvAs\">2008. febru\u00e1r 25-i eln\u00f6ks\u00e9gi \u00fcl\u00e9s jegyz\u0151k\u00f6nyve<\/a><\/strong><\/span><\/p>\n","protected":false},"excerpt":{"rendered":"<p>2026. \u00e1prilis 9-i eln\u00f6ks\u00e9gi \u00fcl\u00e9s jegyz\u0151k\u00f6nyve 2026. m\u00e1rcius 5-i eln\u00f6ks\u00e9gi \u00fcl\u00e9s jegyz\u0151k\u00f6nyve 2026. janu\u00e1r 22-i eln\u00f6ks\u00e9gi \u00fcl\u00e9s jegyz\u0151k\u00f6nyve 2025. december 4-i eln\u00f6ks\u00e9gi \u00fcl\u00e9s jegyz\u0151k\u00f6nyve 2025. okt\u00f3ber 30-i eln\u00f6ks\u00e9gi \u00fcl\u00e9s jegyz\u0151k\u00f6nyve 2025. szeptember 11-i eln\u00f6ks\u00e9gi \u00fcl\u00e9s jegyz\u0151k\u00f6nyve 2025. j\u00fanius 12-i eln\u00f6ks\u00e9gi \u00fcl\u00e9s jegyz\u0151k\u00f6nyve 2025. \u00e1prilis 10-i eln\u00f6ks\u00e9gi \u00fcl\u00e9s jegyz\u0151k\u00f6nyve 2025. m\u00e1rcius 4-i eln\u00f6ks\u00e9gi \u00fcl\u00e9s jegyz\u0151k\u00f6nyve 2025. &hellip; <a href=\"https:\/\/www.tabanispartacus.hu\/tajfuto\/wordpress\/?page_id=4206\" class=\"more-link\"><span class=\"screen-reader-text\">Eln\u00f6ks\u00e9gi \u00fcl\u00e9sek jegyz\u0151k\u00f6nyvei<\/span> olvas\u00e1s\u00e1nak folytat\u00e1sa <span class=\"meta-nav\">&rarr;<\/span><\/a><\/p>\n","protected":false},"author":9,"featured_media":0,"parent":0,"menu_order":0,"comment_status":"closed","ping_status":"closed","template":"","meta":{"ngg_post_thumbnail":0},"_links":{"self":[{"href":"https:\/\/www.tabanispartacus.hu\/tajfuto\/wordpress\/index.php?rest_route=\/wp\/v2\/pages\/4206"}],"collection":[{"href":"https:\/\/www.tabanispartacus.hu\/tajfuto\/wordpress\/index.php?rest_route=\/wp\/v2\/pages"}],"about":[{"href":"https:\/\/www.tabanispartacus.hu\/tajfuto\/wordpress\/index.php?rest_route=\/wp\/v2\/types\/page"}],"author":[{"embeddable":true,"href":"https:\/\/www.tabanispartacus.hu\/tajfuto\/wordpress\/index.php?rest_route=\/wp\/v2\/users\/9"}],"replies":[{"embeddable":true,"href":"https:\/\/www.tabanispartacus.hu\/tajfuto\/wordpress\/index.php?rest_route=%2Fwp%2Fv2%2Fcomments&post=4206"}],"version-history":[{"count":42,"href":"https:\/\/www.tabanispartacus.hu\/tajfuto\/wordpress\/index.php?rest_route=\/wp\/v2\/pages\/4206\/revisions"}],"predecessor-version":[{"id":7714,"href":"https:\/\/www.tabanispartacus.hu\/tajfuto\/wordpress\/index.php?rest_route=\/wp\/v2\/pages\/4206\/revisions\/7714"}],"wp:attachment":[{"href":"https:\/\/www.tabanispartacus.hu\/tajfuto\/wordpress\/index.php?rest_route=%2Fwp%2Fv2%2Fmedia&parent=4206"}],"curies":[{"name":"wp","href":"https:\/\/api.w.org\/{rel}","templated":true}]}}