{"id":4205,"date":"2019-02-21T01:43:57","date_gmt":"2019-02-21T01:43:57","guid":{"rendered":"http:\/\/tabanispartacus.home.blog\/?page_id=1478"},"modified":"2023-05-02T19:17:39","modified_gmt":"2023-05-02T17:17:39","slug":"letoltheto-dokumentumok","status":"publish","type":"page","link":"https:\/\/www.tabanispartacus.hu\/tajfuto\/wordpress\/?page_id=4205","title":{"rendered":"Let\u00f6lthet\u0151 dokumentumok"},"content":{"rendered":"<p style=\"text-align: center;\"><strong><a href=\"http:\/\/www.tabanispartacus.hu\/tajfuto\/wordpress\/wp-content\/uploads\/2023\/05\/6_SPA_alapszabaly_20230427_v2.pdf\">Alapszab\u00e1ly<\/a><\/strong> (.pdf, 2023.04.27.)<\/p>\n<p style=\"text-align: center;\"><strong><a href=\"http:\/\/www.tabanispartacus.hu\/tajfuto\/wordpress\/wp-content\/uploads\/2020\/08\/SPA_SzMSz_2020_v\u00e9gleges.pdf\">Szervezeti \u00e9s M\u0171k\u00f6d\u00e9si Szab\u00e1lyzat<\/a><\/strong> (.pdf, 2020.08.04.)<\/p>\n<p style=\"text-align: center;\"><strong><a href=\"https:\/\/drive.google.com\/open?id=1EBnio8HAgcXpVCzgXnEuGkqsAGoBQpo5\">Adatv\u00e9delmi \u00e9s adatkezel\u00e9si Szab\u00e1lyzat<\/a><\/strong>&nbsp;(.pdf, 2018.05.25.)<\/p>\n<p style=\"text-align: center;\"><strong><a href=\"https:\/\/drive.google.com\/open?id=1ARZynI8IgjNmngT1l5OhoeV3RwrJ04j0\">Eln\u00f6ks\u00e9gi \u00dcgyrend<\/a><\/strong>&nbsp;(.pdf, 2008.09.08.)<\/p>\n<p style=\"text-align: center;\"><strong><a href=\"http:\/\/www.tabanispartacus.hu\/tajfuto\/wordpress\/?page_id=1486\">K\u00f6zgy\u0171l\u00e9sek jegyz\u0151k\u00f6nyvei<\/a><\/strong><\/p>\n<p style=\"text-align: center;\"><strong><a href=\"http:\/\/www.tabanispartacus.hu\/tajfuto\/wordpress\/?page_id=4206\">Eln\u00f6ks\u00e9gi \u00fcl\u00e9sek jegyz\u0151k\u00f6nyvei<\/a><\/strong><\/p>\n<p style=\"text-align: center;\"><strong><a href=\"http:\/\/www.tabanispartacus.hu\/tajfuto\/wordpress\/?page_id=5345\">Besz\u00e1mol\u00f3k<\/a><\/strong><\/p>\n\n\n<p><\/p>\n","protected":false},"excerpt":{"rendered":"<p>Alapszab\u00e1ly (.pdf, 2023.04.27.) Szervezeti \u00e9s M\u0171k\u00f6d\u00e9si Szab\u00e1lyzat (.pdf, 2020.08.04.) Adatv\u00e9delmi \u00e9s adatkezel\u00e9si Szab\u00e1lyzat&nbsp;(.pdf, 2018.05.25.) Eln\u00f6ks\u00e9gi \u00dcgyrend&nbsp;(.pdf, 2008.09.08.) K\u00f6zgy\u0171l\u00e9sek jegyz\u0151k\u00f6nyvei Eln\u00f6ks\u00e9gi \u00fcl\u00e9sek jegyz\u0151k\u00f6nyvei Besz\u00e1mol\u00f3k<\/p>\n","protected":false},"author":9,"featured_media":0,"parent":0,"menu_order":0,"comment_status":"closed","ping_status":"closed","template":"","meta":{"ngg_post_thumbnail":0},"_links":{"self":[{"href":"https:\/\/www.tabanispartacus.hu\/tajfuto\/wordpress\/index.php?rest_route=\/wp\/v2\/pages\/4205"}],"collection":[{"href":"https:\/\/www.tabanispartacus.hu\/tajfuto\/wordpress\/index.php?rest_route=\/wp\/v2\/pages"}],"about":[{"href":"https:\/\/www.tabanispartacus.hu\/tajfuto\/wordpress\/index.php?rest_route=\/wp\/v2\/types\/page"}],"author":[{"embeddable":true,"href":"https:\/\/www.tabanispartacus.hu\/tajfuto\/wordpress\/index.php?rest_route=\/wp\/v2\/users\/9"}],"replies":[{"embeddable":true,"href":"https:\/\/www.tabanispartacus.hu\/tajfuto\/wordpress\/index.php?rest_route=%2Fwp%2Fv2%2Fcomments&post=4205"}],"version-history":[{"count":13,"href":"https:\/\/www.tabanispartacus.hu\/tajfuto\/wordpress\/index.php?rest_route=\/wp\/v2\/pages\/4205\/revisions"}],"predecessor-version":[{"id":6979,"href":"https:\/\/www.tabanispartacus.hu\/tajfuto\/wordpress\/index.php?rest_route=\/wp\/v2\/pages\/4205\/revisions\/6979"}],"wp:attachment":[{"href":"https:\/\/www.tabanispartacus.hu\/tajfuto\/wordpress\/index.php?rest_route=%2Fwp%2Fv2%2Fmedia&parent=4205"}],"curies":[{"name":"wp","href":"https:\/\/api.w.org\/{rel}","templated":true}]}}