{"id":4203,"date":"2019-02-21T01:32:35","date_gmt":"2019-02-21T01:32:35","guid":{"rendered":"http:\/\/tabanispartacus.home.blog\/?page_id=1467"},"modified":"2022-02-08T17:41:17","modified_gmt":"2022-02-08T16:41:17","slug":"a-tabani-spartacus-emlekerem-2016-evi-kituntetettje-horvath-attila","status":"publish","type":"page","link":"https:\/\/www.tabanispartacus.hu\/tajfuto\/wordpress\/?page_id=4203","title":{"rendered":"A Tab\u00e1ni Spartacus Eml\u00e9k\u00e9rem 2016. \u00e9vi kit\u00fcntetettje <br>Horv\u00e1th Attila"},"content":{"rendered":"<p>Horv\u00e1th Attila 1948-ban sz\u00fcletett, t\u00e1jfut\u00f3 csal\u00e1dba. M\u00e1r \u00e9desapja, Horv\u00e1th S\u00e1ndor is k\u00e9tszeres magyar bajnok, testv\u00e9re, Horv\u00e1th Magda is sokszoros v\u00e1logatott volt.<br \/>\nAtesz nagy alakja volt a korabeli t\u00e1jfut\u00e1snak. OSC-sk\u00e9nt 1966-ban ifik\u00e9nt megnyerte a Budapest bajnoks\u00e1got (aminek akkor m\u00e1s volt m\u00e9g a rangja), a nappali egy\u00e9ni OB-n 2. lett. 1969-ben nyert nappali bajnoks\u00e1got, de tov\u00e1bbi 4 OB-n volt dobog\u00f3s. 1970-ben \u00e9jszakai OB-t nyert. Csapatban (1973, 74, 78) \u00e9s v\u00e1lt\u00f3ban (1968,69,75) \u00f6sszesen hatszor lett bajnok.<br \/>\n1966\u201376 k\u00f6z\u00f6tt 11 \u00e9vig volt a v\u00e1logatott keret tagja, VB-aspir\u00e1nsk\u00e9nt, de csak egyszer jutott ki, 1970-ben, amikor 36. (v\u00e1lt\u00f3ja 7.) lett. (1976-ban a Dixi f\u00e9le \u201eb\u00fcntet\u0151akci\u00f3nak\u201d k\u00f6sz\u00f6nhet\u0151en nem jutott ki.).<br \/>\nN\u00e9h\u00e1ny \u00e9rdekess\u00e9g: 1966-ban az egy\u00e9ni OB-t megnyerte volna a k\u00e9t versenynap id\u0151\u00f6sszes\u00edt\u00e9s\u00e9vel, de akkor helyez\u00e9si pontokat adtak \u00f6ssze. Ebben holtversenyben volt Dixivel, akinek a jobb m\u00e1sodik napi helyez\u00e9se d\u00f6nt\u00f6tt.<br \/>\nM\u00e9g \u00edgy ut\u00f3lag is f\u00e1j\u00f3 belegondolni, hogy v\u00e1lt\u00f3ban t\u00f6bbsz\u00f6r \u0151 \u00fct\u00f6tte ki a Spari kez\u00e9b\u0151l az OB aranyat&#8230;<br \/>\nEgy szem\u00e9lyes eml\u00e9k: 1976-os nappali OB els\u0151 napj\u00e1nak utols\u00f3 pontj\u00e1ra, majd a c\u00e9lig fut\u00f3 kis csapatban Atesszel \u00e9s Mos\u00e1val futottunk egy\u00fctt (T\u00f3dor).<br \/>\n1980-ban igazolt \u00e1t a Szpariba az OSC-b\u0151l. Rezi nagyon megdolgozott, hogy az OSC-b\u0151l megszerezze a m\u00e1r visszavonul\u00f3ban l\u00e9v\u0151 Ateszt. A Sparinak tal\u00e1n egy dzs\u00fad\u00f3st kellett adni \u00e9rte.<br \/>\nA Szpariban 1980-ban egy bronz\u00e9rmet szerzett a V\u00e1lt\u00f3 OB-n. K\u00e9s\u0151bb is rendszeresen a feln\u0151tt csapat tagja volt 1987-ig. 1990-ben t\u00f6bbekkel a Gold SE-be igazolt. 1998-ban t\u00e9rt vissza, de m\u00e1r nem versenyzett. Az egyes\u00fclet eln\u00f6ks\u00e9g\u00e9nek 2008 \u00f3ta tagja.<br \/>\nA Szpariban els\u0151sorban versenyrendez\u00e9si munk\u00e1j\u00e1t kell kiemelni. Sok Tavaszi \u00e9s \u0150szi Spartacus Kup\u00e1nak volt rajtfelel\u0151se, p\u00e1lyakit\u0171z\u0151je, eln\u00f6ke. Valamennyi munk\u00e1j\u00e1t alaposan, felel\u0151ss\u00e9gteljesen, nagy lelkesed\u00e9ssel v\u00e9gezte. Mindig sz\u00edvesen seg\u00edtett, \u00e9s a mai napig is seg\u00edt mind a versenyrendez\u00e9sben, mind a tab\u00e1ni helyis\u00e9geink gondjainak megold\u00e1s\u00e1ban, apr\u00f3, de nehezen megoldhat\u00f3 probl\u00e9m\u00e1inak kezel\u00e9s\u00e9ben.<br \/>\n(Gyalog L\u00e1szl\u00f3)<\/p>\n<p><img src=\"http:\/\/www.tabanispartacus.hu\/tajfuto\/wordpress\/wp-content\/uploads\/2019\/03\/horvathattila-1.jpg\" \/><\/p>\n","protected":false},"excerpt":{"rendered":"<p>Horv\u00e1th Attila 1948-ban sz\u00fcletett, t\u00e1jfut\u00f3 csal\u00e1dba. M\u00e1r \u00e9desapja, Horv\u00e1th S\u00e1ndor is k\u00e9tszeres magyar bajnok, testv\u00e9re, Horv\u00e1th Magda is sokszoros v\u00e1logatott volt. Atesz nagy alakja volt a korabeli t\u00e1jfut\u00e1snak. OSC-sk\u00e9nt 1966-ban ifik\u00e9nt megnyerte a Budapest bajnoks\u00e1got (aminek akkor m\u00e1s volt m\u00e9g a rangja), a nappali egy\u00e9ni OB-n 2. lett. 1969-ben nyert nappali bajnoks\u00e1got, de tov\u00e1bbi 4 &hellip; <a href=\"https:\/\/www.tabanispartacus.hu\/tajfuto\/wordpress\/?page_id=4203\" class=\"more-link\"><span class=\"screen-reader-text\">A Tab\u00e1ni Spartacus Eml\u00e9k\u00e9rem 2016. \u00e9vi kit\u00fcntetettje <br \/>Horv\u00e1th Attila<\/span> olvas\u00e1s\u00e1nak folytat\u00e1sa <span class=\"meta-nav\">&rarr;<\/span><\/a><\/p>\n","protected":false},"author":9,"featured_media":0,"parent":0,"menu_order":0,"comment_status":"closed","ping_status":"closed","template":"","meta":{"ngg_post_thumbnail":0},"_links":{"self":[{"href":"https:\/\/www.tabanispartacus.hu\/tajfuto\/wordpress\/index.php?rest_route=\/wp\/v2\/pages\/4203"}],"collection":[{"href":"https:\/\/www.tabanispartacus.hu\/tajfuto\/wordpress\/index.php?rest_route=\/wp\/v2\/pages"}],"about":[{"href":"https:\/\/www.tabanispartacus.hu\/tajfuto\/wordpress\/index.php?rest_route=\/wp\/v2\/types\/page"}],"author":[{"embeddable":true,"href":"https:\/\/www.tabanispartacus.hu\/tajfuto\/wordpress\/index.php?rest_route=\/wp\/v2\/users\/9"}],"replies":[{"embeddable":true,"href":"https:\/\/www.tabanispartacus.hu\/tajfuto\/wordpress\/index.php?rest_route=%2Fwp%2Fv2%2Fcomments&post=4203"}],"version-history":[{"count":3,"href":"https:\/\/www.tabanispartacus.hu\/tajfuto\/wordpress\/index.php?rest_route=\/wp\/v2\/pages\/4203\/revisions"}],"predecessor-version":[{"id":6573,"href":"https:\/\/www.tabanispartacus.hu\/tajfuto\/wordpress\/index.php?rest_route=\/wp\/v2\/pages\/4203\/revisions\/6573"}],"wp:attachment":[{"href":"https:\/\/www.tabanispartacus.hu\/tajfuto\/wordpress\/index.php?rest_route=%2Fwp%2Fv2%2Fmedia&parent=4203"}],"curies":[{"name":"wp","href":"https:\/\/api.w.org\/{rel}","templated":true}]}}