{"id":42,"date":"2012-07-05T13:37:36","date_gmt":"2012-07-05T11:37:36","guid":{"rendered":"http:\/\/tabanispartacus.wordpress.com\/?page_id=42"},"modified":"2019-07-24T21:50:34","modified_gmt":"2019-07-24T19:50:34","slug":"nyilt-tajfuto-klub","status":"publish","type":"page","link":"https:\/\/www.tabanispartacus.hu\/tajfuto\/wordpress\/?page_id=42","title":{"rendered":"Ny\u00edlt T\u00e1jfut\u00f3 Klub (2008-2010)"},"content":{"rendered":"<table width=\"770\" border=\"0\" cellspacing=\"0\" cellpadding=\"0\">\n<tbody>\n<tr>\n<td align=\"left\" valign=\"top\" width=\"850\">\n<table align=\"left\">\n<tbody>\n<tr>\n<td>\n<a title=\"z\u00e1r\u00e1s\" href=\"http:\/\/www.tabanispartacus.hu\/tajfuto\/index.php?page=nyilt_tajfuto_klub\/zaras.htm\"><strong>T\u00e1jfut\u00f3 klub z\u00e1r\u00e1sa<\/strong><\/a><\/p>\n<table align=\"center\">\n<tbody>\n<tr>\n<td align=\"center\">\n<h1>2010<\/h1>\n<\/td>\n<\/tr>\n<\/tbody>\n<\/table>\n<p><a title=\"megh\u00edv\u00f3\" href=\"http:\/\/www.tabanispartacus.hu\/tajfuto\/index.php?page=nyilt_tajfuto_klub\/2010.12.01_klub.htm\"><strong>decemberi tal\u00e1lkoz\u00f3<\/strong><\/a>, 2010. 12. 01. &#8211; M\u00e9rhet\u0151-e objekt\u00edven a t\u00e1jfut\u00f3 teljes\u00edtm\u00e9ny?<\/p>\n<p><a title=\"megh\u00edv\u00f3\" href=\"http:\/\/www.tabanispartacus.hu\/tajfuto\/index.php?page=nyilt_tajfuto_klub\/2010.11.03_klub.htm\"><strong>novemberi tal\u00e1lkoz\u00f3<\/strong><\/a>, 2010. 11. 03. &#8211; Sport\u00e1gfejleszt\u00e9s r\u00e9gen \u00e9s ma<\/p>\n<p><a title=\"megh\u00edv\u00f3\" href=\"http:\/\/www.tabanispartacus.hu\/tajfuto\/index.php?page=nyilt_tajfuto_klub\/2010.10.13_klub.htm\"><strong>okt\u00f3beri tal\u00e1lkoz\u00f3<\/strong><\/a>, 2010. 10. 13. &#8211; Sport\u00e1gunk fejleszt\u00e9se tervekben \u00e9s gyakorlatban<\/p>\n<p><a title=\"megh\u00edv\u00f3\" href=\"http:\/\/www.tabanispartacus.hu\/tajfuto\/index.php?page=nyilt_tajfuto_klub\/2010.09.08_klub.htm\"><strong>szeptemberi tal\u00e1lkoz\u00f3<\/strong><\/a>, 2010. 09. 08. &#8211; Mi t\u00f6rt\u00e9nt a norv\u00e9giai VB-n?<\/p>\n<p><a title=\"megh\u00edv\u00f3\" href=\"http:\/\/www.tabanispartacus.hu\/tajfuto\/index.php?page=nyilt_tajfuto_klub\/2010.06.02_klub.htm\"><strong>j\u00faniusi tal\u00e1lkoz\u00f3<\/strong><\/a>, 2010. 06. 02. &#8211; Extr\u00e9m sport-e a t\u00e1jfut\u00e1s? (Gondolatok az elmaradt Di\u00e1kolimpia 2. napja kapcs\u00e1n.)<\/p>\n<p><a title=\"megh\u00edv\u00f3\" href=\"http:\/\/www.tabanispartacus.hu\/tajfuto\/index.php?page=nyilt_tajfuto_klub\/2010.05.05_klub.htm\"><strong>m\u00e1jusi tal\u00e1lkoz\u00f3<\/strong><\/a>, 2010. 05. 05. &#8211; Tio Mila, a vil\u00e1g legnagyobb v\u00e1lt\u00f3versenye<\/p>\n<p><a title=\"megh\u00edv\u00f3\" href=\"http:\/\/www.tabanispartacus.hu\/tajfuto\/index.php?page=nyilt_tajfuto_klub\/2010.04.07_klub.htm\"><strong>\u00e1prilisi tal\u00e1lkoz\u00f3<\/strong><\/a>, 2010. 04. 07. &#8211; T\u00e1jfut\u00e1s, ahogy a csehek csin\u00e1lj\u00e1k<\/p>\n<p><a title=\"megh\u00edv\u00f3\" href=\"http:\/\/www.tabanispartacus.hu\/tajfuto\/index.php?page=nyilt_tajfuto_klub\/2010.03.03_klub.htm\"><strong>m\u00e1rciusi tal\u00e1lkoz\u00f3<\/strong><\/a>, 2010. 03. 03. &#8211; S\u00edt\u00e1jfut\u00f3 Vil\u00e1gh\u00e9t Cs\u00edkszered\u00e1ban<\/p>\n<p><a title=\"megh\u00edv\u00f3\" href=\"http:\/\/www.tabanispartacus.hu\/tajfuto\/index.php?page=nyilt_tajfuto_klub\/2010.02.03_klub.htm\"><strong>febru\u00e1ri tal\u00e1lkoz\u00f3<\/strong><\/a>, 2010. 02. 03. &#8211; Besz\u00e9lgess\u00fcnk a p\u00e9nzr\u0151l, meg lehets\u00e9ges forr\u00e1sair\u00f3l!<\/p>\n<p><a title=\"megh\u00edv\u00f3\" href=\"http:\/\/www.tabanispartacus.hu\/tajfuto\/index.php?page=nyilt_tajfuto_klub\/2010.01.06_klub_beszamolo.htm\"><strong>janu\u00e1ri tal\u00e1lkoz\u00f3<\/strong><\/a>, 2010. 01. 06. &#8211; Tisztelet a d\u00edjaknak (t\u00e1jfut\u00f3 \u00e9rmek 1925-t\u0151l napjainkig). Lehetnek-e magyar t\u00e1jfut\u00f3k a vil\u00e1g \u00e9lmez\u0151ny\u00e9ben (besz\u00e9lget\u00e9s az \u00e9lversenyz\u0151kr\u0151l \u00e9s a nekik jut\u00f3 elismer\u00e9sr\u0151l)<\/p>\n<table align=\"center\">\n<tbody>\n<tr>\n<td align=\"center\">\n<hr>\n<h1>2009<\/h1>\n<\/td>\n<\/tr>\n<\/tbody>\n<\/table>\n<p>&nbsp;<\/p>\n<p><a title=\"megh\u00edv\u00f3\" href=\"http:\/\/www.tabanispartacus.hu\/tajfuto\/index.php?page=nyilt_tajfuto_klub\/2009.12.09_klub_beszamolo.htm\"><strong>decemberi tal\u00e1lkoz\u00f3<\/strong><\/a>, 2009. 12. 09. &#8211; A j\u00f6v\u0151 t\u00e1jfut\u00f3i \u00e9s a m\u00falt eml\u00e9kei. Besz\u00e9lgess\u00fcnk az ut\u00e1np\u00f3tl\u00e1sr\u00f3l, meg arr\u00f3l, hogy 40 \u00e9ves a Magyar T\u00e1jfut\u00f3 Sz\u00f6vets\u00e9g.<\/p>\n<p><a title=\"november 2009\" href=\"http:\/\/www.tabanispartacus.hu\/tajfuto\/index.php?page=nyilt_tajfuto_klub\/2009.11.04_klub_beszamolo\"><strong>novemberi tal\u00e1lkoz\u00f3<\/strong><\/a>, 2009.11.04. &#8211; Vajon a sv\u00e1jciak hogy csin\u00e1lj\u00e1k? A 2003- as sv\u00e1jci VB sprint d\u00f6nt\u0151 filmje; v\u00e9lem\u00e9nyek a VB-nek a m\u00e9di\u00e1val \u00e9s a t\u00f6megsporttal val\u00f3 kapcsolat\u00e1r\u00f3l<\/p>\n<p><strong><a title=\"besz\" href=\"http:\/\/www.tabanispartacus.hu\/tajfuto\/index.php?page=nyilt_tajfuto_klub\/2009.10.07_klub_beszamolo\">okt\u00f3beri tal\u00e1lkoz\u00f3<\/a><\/strong>, 2009.10.07. &#8211; A VB \u00fczenet\u00e9nek vallat\u00e1sa. A sport\u00e1gr\u00f3l a VB kapcs\u00e1n (vitavezet\u0151: Boz\u00e1n Gy\u00f6rgy); vet\u00edt\u00e9s (a Sport1 k\u00f6zvet\u00edt\u00e9se); S\u0151t\u00e9r J\u00e1nos k\u00f6sz\u00f6nt\u00e9se<\/p>\n<p><strong><a href=\"http:\/\/www.tabanispartacus.hu\/tajfuto\/index.php?page=nyilt_tajfuto_klub\/2009.09.09_klub_beszamolo\">szeptemberi tal\u00e1lkoz\u00f3<\/a><\/strong>, 2009.09.09. &#8211; A miskolci VB eml\u00e9kezetes pillanatai (mi az, ami a Sport1-b\u0151l kimaradt). Vet\u00edt\u00e9s \u00e9s besz\u00e9lget\u00e9s.<\/p>\n<p><a href=\"http:\/\/www.tabanispartacus.hu\/tajfuto\/index.php?page=nyilt_tajfuto_klub\/2009.05.06_klub_beszamolo\"><strong>m\u00e1jusi tal\u00e1lkoz\u00f3<\/strong><\/a>, 2009. 05. 06. &#8211; A Post\u00e1s Kup\u00e1k t\u00f6rt\u00e9nete (Schell Antal)<\/p>\n<p><a href=\"http:\/\/www.tabanispartacus.hu\/tajfuto\/index.php?page=nyilt_tajfuto_klub\/2009.04.08_klub_beszamolo\"><strong>\u00e1prilisi tal\u00e1lkoz\u00f3<\/strong><\/a>, 2009. 04. 08. &#8211; Skerletz Iv\u00e1nra eml\u00e9kezt\u00fcnk<\/p>\n<p><a href=\"http:\/\/www.tabanispartacus.hu\/tajfuto\/index.php?page=nyilt_tajfuto_klub\/2009.03.04_klub_beszamolo\"><strong>m\u00e1rciusi tal\u00e1lkoz\u00f3<\/strong><\/a>, 2009. 03. 04. &#8211; T\u00e1jfut\u00f3 filmek (V\u00e1s\u00e1rhelyi Tass), VB-es\u00e9lyek (Heged\u00fcs Zolt\u00e1n)<\/p>\n<p><a href=\"http:\/\/www.tabanispartacus.hu\/tajfuto\/index.php?page=nyilt_tajfuto_klub\/2009.02.04_klub_beszamolo\"><strong>febru\u00e1ri tal\u00e1lkoz\u00f3<\/strong><\/a>, 2009. 02. 04. &#8211; \u00fajra filmet vet\u00edtett\u00fcnk a klubban (A s\u00fcmegi EB &#8211; V\u00e1s\u00e1rhelyi Tass)<\/p>\n<p><a href=\"http:\/\/www.tabanispartacus.hu\/tajfuto\/index.php?page=nyilt_tajfuto_klub\/2009.01.07_klub_beszamolo\"><strong>janu\u00e1ri tal\u00e1lkoz\u00f3<\/strong><\/a>, 2009. 01. 07. &#8211; Filmvet\u00edt\u00e9s a klubban (72-es OB-k \u00e9s a csehszlov\u00e1kiai VB &#8211; V\u00edzkelety L\u00e1szl\u00f3 filmjei)<\/p>\n<hr>\n<table align=\"center\">\n<tbody>\n<tr>\n<td align=\"center\">\n<h1>2008<\/h1>\n<\/td>\n<\/tr>\n<\/tbody>\n<\/table>\n<p><a href=\"http:\/\/www.tabanispartacus.hu\/tajfuto\/index.php?page=nyilt_tajfuto_klub\/2008.12.03_klub\"><strong>10. tal\u00e1lkoz\u00f3<\/strong><\/a>, 2008. 12. 03. &#8211; megh\u00edv\u00f3<\/p>\n<p><a href=\"http:\/\/www.tabanispartacus.hu\/tajfuto\/index.php?page=nyilt_tajfuto_klub\/2008.11.05_klub_beszamolo\"><strong>9. tal\u00e1lkoz\u00f3<\/strong><\/a>, 2008. 11. 05. &#8211; A Nagy Okt\u00f3beri Szocialista Forradalom \u00e9s a November 7. eml\u00e9kversenyek t\u00f6rt\u00e9nete (Boz\u00e1n Gy\u00f6rgy)<\/p>\n<p><a href=\"http:\/\/www.tabanispartacus.hu\/tajfuto\/index.php?page=nyilt_tajfuto_klub\/2008.09.03_klub_beszamolo\"><strong>7. tal\u00e1lkoz\u00f3<\/strong><\/a>, 2008. 09. 03. &#8211; A t\u00e1j\u00e9koz\u00f3d\u00e1si versenyz\u00e9s eszk\u00f6zei, kell\u00e9kei a k\u00f6zelebbi \u00e9s a t\u00e1volabbi m\u00faltb\u00f3l, avagy mi\u00e9rt ne lehetne nek\u00fcnk is T\u00e1JFUT\u00f3 M\u00faZEUM-unk! (Boz\u00e1n Gy\u00f6rgy)<\/p>\n<p><a href=\"http:\/\/www.tabanispartacus.hu\/tajfuto\/index.php?page=nyilt_tajfuto_klub\/2008.06.04_klub_beszamolo\"><strong>6. tal\u00e1lkoz\u00f3<\/strong><\/a>, 2008. 06. 04. &#8211; A t\u00e1jfut\u00e1s m\u00faltj\u00e1nak iparm\u0171v\u00e9szeti eml\u00e9kei.<br \/>\nJelv\u00e9nyek \u00e9s \u00e9rmek a sport\u00e1g kialakul\u00e1s\u00e1nak kezdet\u00e9n (Sv\u00e1b L\u00e1szl\u00f3)<\/p>\n<p><a href=\"http:\/\/www.tabanispartacus.hu\/tajfuto\/index.php?page=nyilt_tajfuto_klub\/2008.05.07_klub_beszamolo\"><strong>5. tal\u00e1lkoz\u00f3<\/strong><\/a>, 2008. 05. 07. &#8211; A Hung\u00e1ria Kup\u00e1k t\u00f6rt\u00e9nete (Scult\u00e9ty G\u00e1bor)<\/p>\n<p><a href=\"http:\/\/www.tabanispartacus.hu\/tajfuto\/index.php?page=nyilt_tajfuto_klub\/2008.04.02_klub_beszamolo\"><strong>4. tal\u00e1lkoz\u00f3<\/strong><\/a>, 2008. 04. 02. &#8211; Felszabadul\u00e1si eml\u00e9kversenyek t\u00f6rt\u00e9nete k\u00e9pekben (Thur\u00f3czy Lajos, Sch\u00f6nviszky Gy\u00f6rgy, Boz\u00e1n Gy\u00f6rgy, Homoki G\u00e9za)<\/p>\n<p><a href=\"http:\/\/www.tabanispartacus.hu\/tajfuto\/index.php?page=nyilt_tajfuto_klub\/2008.03.05_klub_beszamolo\"><strong>3. tal\u00e1lkoz\u00f3<\/strong><\/a>, 2008. 03. 05. &#8211; K\u00e9pek az 1962-65 k\u00f6z\u00f6tti v\u00e1logatottakr\u00f3l (V\u00f6r\u00f6s Pista)<\/p>\n<p><a href=\"http:\/\/www.tabanispartacus.hu\/tajfuto\/index.php?page=nyilt_tajfuto_klub\/2008.02.06_klub_beszamolo\"><strong>2. tal\u00e1lkoz\u00f3<\/strong><\/a>, 2008. 02. 06. &#8211; Mikor merre mutat a t\u00e1jol\u00f3? (a m\u00e1gneses \u00e9szakr\u00f3l &#8211; Sch\u0151nviszky L\u00e1szl\u00f3); Vita Heged\u00fcs Zolt\u00e1n javaslat\u00e1r\u00f3l (Versenyek pontoz\u00e1sa)<\/p>\n<p><a href=\"http:\/\/www.tabanispartacus.hu\/tajfuto\/index.php?page=nyilt_tajfuto_klub\/2008.01.09_klub\"><strong>1. tal\u00e1lkoz\u00f3<\/strong><\/a>, 2008. 01. 09. &#8211; K\u00e9pek az 1960-as \u00e9vekr\u0151l, a Pedag\u00f3gusr\u00f3l (Homoki G\u00e9za); A klub c\u00e9lkit\u0171z\u00e9sei (Boz\u00e1n Gy\u00f6rgy); Javaslat a versenyek pontoz\u00e1s\u00e1r\u00f3l (Heged\u00fcs Zolt\u00e1n).<\/td>\n<\/tr>\n<\/tbody>\n<\/table>\n<\/td>\n<\/tr>\n<\/tbody>\n<\/table>\n","protected":false},"excerpt":{"rendered":"<p>T\u00e1jfut\u00f3 klub z\u00e1r\u00e1sa 2010 decemberi tal\u00e1lkoz\u00f3, 2010. 12. 01. &#8211; M\u00e9rhet\u0151-e objekt\u00edven a t\u00e1jfut\u00f3 teljes\u00edtm\u00e9ny? novemberi tal\u00e1lkoz\u00f3, 2010. 11. 03. &#8211; Sport\u00e1gfejleszt\u00e9s r\u00e9gen \u00e9s ma okt\u00f3beri tal\u00e1lkoz\u00f3, 2010. 10. 13. &#8211; Sport\u00e1gunk fejleszt\u00e9se tervekben \u00e9s gyakorlatban szeptemberi tal\u00e1lkoz\u00f3, 2010. 09. 08. &#8211; Mi t\u00f6rt\u00e9nt a norv\u00e9giai VB-n? j\u00faniusi tal\u00e1lkoz\u00f3, 2010. 06. 02. &#8211; Extr\u00e9m sport-e &hellip; <a href=\"https:\/\/www.tabanispartacus.hu\/tajfuto\/wordpress\/?page_id=42\" class=\"more-link\"><span class=\"screen-reader-text\">Ny\u00edlt T\u00e1jfut\u00f3 Klub (2008-2010)<\/span> olvas\u00e1s\u00e1nak folytat\u00e1sa <span class=\"meta-nav\">&rarr;<\/span><\/a><\/p>\n","protected":false},"author":1,"featured_media":0,"parent":0,"menu_order":0,"comment_status":"closed","ping_status":"closed","template":"","meta":{"ngg_post_thumbnail":0},"_links":{"self":[{"href":"https:\/\/www.tabanispartacus.hu\/tajfuto\/wordpress\/index.php?rest_route=\/wp\/v2\/pages\/42"}],"collection":[{"href":"https:\/\/www.tabanispartacus.hu\/tajfuto\/wordpress\/index.php?rest_route=\/wp\/v2\/pages"}],"about":[{"href":"https:\/\/www.tabanispartacus.hu\/tajfuto\/wordpress\/index.php?rest_route=\/wp\/v2\/types\/page"}],"author":[{"embeddable":true,"href":"https:\/\/www.tabanispartacus.hu\/tajfuto\/wordpress\/index.php?rest_route=\/wp\/v2\/users\/1"}],"replies":[{"embeddable":true,"href":"https:\/\/www.tabanispartacus.hu\/tajfuto\/wordpress\/index.php?rest_route=%2Fwp%2Fv2%2Fcomments&post=42"}],"version-history":[{"count":2,"href":"https:\/\/www.tabanispartacus.hu\/tajfuto\/wordpress\/index.php?rest_route=\/wp\/v2\/pages\/42\/revisions"}],"predecessor-version":[{"id":5120,"href":"https:\/\/www.tabanispartacus.hu\/tajfuto\/wordpress\/index.php?rest_route=\/wp\/v2\/pages\/42\/revisions\/5120"}],"wp:attachment":[{"href":"https:\/\/www.tabanispartacus.hu\/tajfuto\/wordpress\/index.php?rest_route=%2Fwp%2Fv2%2Fmedia&parent=42"}],"curies":[{"name":"wp","href":"https:\/\/api.w.org\/{rel}","templated":true}]}}