{"id":4199,"date":"2019-02-21T01:28:07","date_gmt":"2019-02-21T01:28:07","guid":{"rendered":"http:\/\/tabanispartacus.home.blog\/?page_id=1452"},"modified":"2019-02-21T01:28:07","modified_gmt":"2019-02-21T01:28:07","slug":"a-tabani-spartacus-emlekerem-2011-evi-dijazottja-gyalog-laszlo","status":"publish","type":"page","link":"https:\/\/www.tabanispartacus.hu\/tajfuto\/wordpress\/?page_id=4199","title":{"rendered":"A Tab\u00e1ni Spartacus Eml\u00e9k\u00e9rem 2011. \u00e9vi d\u00edjazottja  Gyalog L\u00e1szl\u00f3"},"content":{"rendered":"<p>Gyalog L\u00e1szl\u00f3 1949-ben sz\u00fcletett Budapesten. 1972 \u00f3ta geol\u00f3gusk\u00e9nt dolgozik a Magyar \u00c1llami F\u00f6ldtani Int\u00e9zetben. A t\u00e1jfut\u00e1st 1966-ban, 17 \u00e9vesen kezdte a V\u00f6r\u00f6s Meteorban.<br \/>\nIfik\u00e9nt 1967-ben egy\u00e9niben 6. v\u00e1lt\u00f3ban 2. volt. Feln\u0151ttk\u00e9nt 1974-g a V\u00f6r\u00f6s Meteorban, ennek megsz\u0171n\u00e9se ut\u00e1n 1975\u201376-ban a Post\u00e1sban, majd m\u00e1ig a Spartacusban (G\u00e9pipari Spartacus, G\u00e9p- \u00e9s Vegyipari Spartacus, Flexo-Spartacus, Tab\u00e1ni Spartacus) versenyez. 1976-ban \u00e9jszakai OB-t nyert, nappal 6. lett. V\u00e1lt\u00f3ban t\u00f6bbsz\u00f6r dobog\u00f3s volt, szenior OB-n, F40-ben k\u00e9tszer (1990, 1991) harmadik lett. 1968-ban ut\u00e1np\u00f3tl\u00e1s, 1973-ban, 1975-ben \u00e9s 1977-ben feln\u0151tt v\u00e1logatott kerettag volt. 1970\u201376 k\u00f6z\u00f6tt minden \u00e9vben I. oszt\u00e1ly\u00fa min\u0151s\u00edt\u00e9st \u00e9rt el.<br \/>\nA Spartacusban 1982\u201384 k\u00f6z\u00f6tt, majd 1991\u20131993 k\u00f6z\u00f6tt szakoszt\u00e1lyvezet\u0151 volt. Az \u00f6n\u00e1ll\u00f3 egyes\u00fclett\u00e9 szervez\u0151d\u0151 Flexo-Spartacusnak 1991\u201395 k\u00f6z\u00f6tt els\u0151 \u00fcgyvezet\u0151 eln\u00f6ke lett.<br \/>\nA Tab\u00e1ni Spartacus T\u00e1jfut\u00f3 Szakoszt\u00e1ly\u00e1nak 2007 decembere \u00f3ta szakoszt\u00e1ly vezet\u0151je, mely ir\u00e1ny\u00edt\u00e1s\u00e1val m\u00e1ra az orsz\u00e1g m\u00e1sodik legeredm\u00e9nyesebb t\u00e1jfut\u00f3 szakoszt\u00e1lya lett.<br \/>\nA Tavaszi Spartacus Kup\u00e1k, az \u0150szi Spartacus Kup\u00e1k szervez\u00e9s\u00e9ben 1991 \u00f3ta eln\u00f6kk\u00e9nt vagy eln\u00f6khelyettesk\u00e9nt vette ki r\u00e9sz\u00e9t. Versenyb\u00edr\u00f3k\u00e9nt I. oszt\u00e1ly\u00fa min\u0151s\u00edt\u00e9ssel rendelkezik. K\u00f6z\u00e9pfok\u00fa edz\u0151, 1995 \u00f3ta edz\u0151k\u00e9nt is dolgozik. A jelenlegi t\u00e1jfut\u00f3 sikercsapat, a Tab\u00e1ni Spartacus felfuttat\u00e1sa az \u0150 nev\u00e9hez f\u0171z\u0151dik. P\u00e1ly\u00e1z\u00e1sokkal, egy\u00e9b forr\u00e1sok\u00a0 felkutat\u00e1s\u00e1val megteremti a hatalmass\u00e1 duzzadt szakoszt\u00e1ly m\u0171k\u00f6d\u00e9s\u00e9nek anyagi felt\u00e9teleit. Sok iskol\u00e1val tart kapcsolatot, ahol n\u00e9pszer\u0171s\u00edt\u0151 versenyeket rendez. Az innen, \u00e9s m\u00e1shonnan a klubhoz ker\u00fcl\u0151 gyerekek edz\u0151jek\u00e9nt is dolgozik. Legt\u00f6bb energi\u00e1j\u00e1t m\u00e9gis a versenyei rendez\u00e9s\u00e9be ford\u00edtja. \u00c9vtizedek \u00f3ta rendez\u0151je, eln\u00f6ke a Tavaszi \u00e9s \u0150szi Spartacus Kup\u00e1knak, melyek mindig sz\u00ednvonalas, j\u00f3l szervezett versenyek. 2011-ben a nagyszab\u00e1s\u00fa, szerte\u00e1gaz\u00f3 szervez\u0151munk\u00e1t ig\u00e9nyl\u0151 &#8220;Budapesti Di\u00e1kolimpia, \u00e9s T\u00e1j\u00e9koz\u00f3d\u00e1si Sportok Fesztiv\u00e1lja&#8221; nev\u0171 rendezv\u00e9ny\u00a0 eln\u00f6ke volt, ami nagyon nagy siker lett. Lelkiismeretes, mindenre kiterjed\u0151, f\u00e1radts\u00e1got nem ismer\u0151 munkav\u00e9gz\u00e9s\u00e9t nagy szerencs\u00e9nkre a t\u00e1jfut\u00e1sba fektette.<br \/>\n<img src=\"http:\/\/www.tabanispartacus.hu\/egyesulet\/emlekerem\/todor_120412_7418.jpg\" \/><\/p>\n","protected":false},"excerpt":{"rendered":"<p>Gyalog L\u00e1szl\u00f3 1949-ben sz\u00fcletett Budapesten. 1972 \u00f3ta geol\u00f3gusk\u00e9nt dolgozik a Magyar \u00c1llami F\u00f6ldtani Int\u00e9zetben. A t\u00e1jfut\u00e1st 1966-ban, 17 \u00e9vesen kezdte a V\u00f6r\u00f6s Meteorban. Ifik\u00e9nt 1967-ben egy\u00e9niben 6. v\u00e1lt\u00f3ban 2. volt. Feln\u0151ttk\u00e9nt 1974-g a V\u00f6r\u00f6s Meteorban, ennek megsz\u0171n\u00e9se ut\u00e1n 1975\u201376-ban a Post\u00e1sban, majd m\u00e1ig a Spartacusban (G\u00e9pipari Spartacus, G\u00e9p- \u00e9s Vegyipari Spartacus, Flexo-Spartacus, Tab\u00e1ni Spartacus) versenyez. &hellip; <a href=\"https:\/\/www.tabanispartacus.hu\/tajfuto\/wordpress\/?page_id=4199\" class=\"more-link\"><span class=\"screen-reader-text\">A Tab\u00e1ni Spartacus Eml\u00e9k\u00e9rem 2011. \u00e9vi d\u00edjazottja  Gyalog L\u00e1szl\u00f3<\/span> olvas\u00e1s\u00e1nak folytat\u00e1sa <span class=\"meta-nav\">&rarr;<\/span><\/a><\/p>\n","protected":false},"author":9,"featured_media":0,"parent":0,"menu_order":0,"comment_status":"closed","ping_status":"closed","template":"","meta":{"ngg_post_thumbnail":0},"_links":{"self":[{"href":"https:\/\/www.tabanispartacus.hu\/tajfuto\/wordpress\/index.php?rest_route=\/wp\/v2\/pages\/4199"}],"collection":[{"href":"https:\/\/www.tabanispartacus.hu\/tajfuto\/wordpress\/index.php?rest_route=\/wp\/v2\/pages"}],"about":[{"href":"https:\/\/www.tabanispartacus.hu\/tajfuto\/wordpress\/index.php?rest_route=\/wp\/v2\/types\/page"}],"author":[{"embeddable":true,"href":"https:\/\/www.tabanispartacus.hu\/tajfuto\/wordpress\/index.php?rest_route=\/wp\/v2\/users\/9"}],"replies":[{"embeddable":true,"href":"https:\/\/www.tabanispartacus.hu\/tajfuto\/wordpress\/index.php?rest_route=%2Fwp%2Fv2%2Fcomments&post=4199"}],"version-history":[{"count":0,"href":"https:\/\/www.tabanispartacus.hu\/tajfuto\/wordpress\/index.php?rest_route=\/wp\/v2\/pages\/4199\/revisions"}],"wp:attachment":[{"href":"https:\/\/www.tabanispartacus.hu\/tajfuto\/wordpress\/index.php?rest_route=%2Fwp%2Fv2%2Fmedia&parent=4199"}],"curies":[{"name":"wp","href":"https:\/\/api.w.org\/{rel}","templated":true}]}}