{"id":4198,"date":"2019-02-21T01:27:20","date_gmt":"2019-02-21T01:27:20","guid":{"rendered":"http:\/\/tabanispartacus.home.blog\/?page_id=1449"},"modified":"2019-02-21T01:27:20","modified_gmt":"2019-02-21T01:27:20","slug":"a-tabani-spartacus-emlekerem-2010-evi-dijazottja-schonviszky-laszlo","status":"publish","type":"page","link":"https:\/\/www.tabanispartacus.hu\/tajfuto\/wordpress\/?page_id=4198","title":{"rendered":"A Tab\u00e1ni Spartacus Eml\u00e9k\u00e9rem 2010. \u00e9vi d\u00edjazottja  SCH\u0150NVISZKY L\u00e1szl\u00f3"},"content":{"rendered":"<p>Sch\u0151nviszky L\u00e1szl\u00f3 1937. m\u00e1jus 17-\u00e9n sz\u00fcletett. Egyes\u00fclet\u00fcnknek \u00e9s jogel\u0151djeinek 15 \u00e9ves kora, 1952 \u00f3ta tagja. \u0150 a J\u00f3zsefv\u00e1rosi Spartacus \u00e1gr\u00f3l \u00e9rkezett. 1953-54-ben t\u00e9rk\u00e9polvas\u00f3i tanfolyamot v\u00e9gzett \u00e9s 1954-ben m\u00e1r I. oszt\u00e1ly\u00fa min\u0151s\u00edt\u00e9st szerzett. 1964-ben \u00faj t\u00e9rk\u00e9pjeleket alkotott, 1965-ben pedig sz\u00ednes t\u00e9rk\u00e9pet (az els\u0151 magyar sz\u00ednes t\u00e9rk\u00e9pek egyikek\u00e9nt) k\u00e9sz\u00edtett testv\u00e9r\u00e9vel \u00e9s Skerletz Iv\u00e1nnal.<\/p>\n<p>1960-ban orsz\u00e1gos feln\u0151tt egy\u00e9ni bajnoki c\u00edmet nyert, \u00f6tsz\u00f6r (1961-64, 1966) volt orsz\u00e1gos csapatbajnoki arany\u00e9rmes, h\u00e1romszor (1958-60) ez\u00fcst\u00e9rmes. 1965-69 k\u00f6z\u00f6tt ut\u00e1np\u00f3tl\u00e1s edz\u0151k\u00e9nt dolgozott.<\/p>\n<p>Jelenleg is szenior versenyz\u0151, egyes\u00fclet\u00fcnk fel\u00fcgyel\u0151 bizotts\u00e1g\u00e1nak eln\u00f6ke, a Dobog\u00f3k\u0151i Hegyi Fut\u00f3verseny h\u00e1zigazd\u00e1ja, nagy versenyeink rajtfelel\u0151se.<\/p>\n<p>Civilben 51 \u00e9ve v\u00e9gzett a b\u00e1nyam\u00e9rn\u00f6ki karon Miskolcon, k\u00f6rnyezetv\u00e9delmi \u00e9s talajm\u00e9rn\u00f6ki szak\u00e9rt\u0151, a Magyar Geofizikai Egyes\u00fclet tagja, az MTE eln\u00f6ke, tagja a t\u00e9rk\u00e9pbar\u00e1tok t\u00e1rsulat\u00e1nak.<\/p>\n<p>Igazi csapatember, mindig a Spari \u00e9rdekeit k\u00e9pviselte. Tud\u00e1s\u00e1val, megfontolts\u00e1g\u00e1val \u00e9s fenti \u00e9let\u00fatj\u00e1val ki\u00e9rdemelte a Tab\u00e1ni Spartacus Eml\u00e9k\u00e9rmet.<\/p>\n<p><img src=\"http:\/\/www.tabanispartacus.hu\/egyesulet\/emlekerem\/2010_schonviszky.jpg\" \/><br \/>\nMonspart Sarolta, egyes\u00fclet\u00fcnk t\u00e1rsadalmi eln\u00f6ke \u00e1tadja a d\u00edjat Sch\u0151nviszky L\u00e1szl\u00f3nak<\/p>\n","protected":false},"excerpt":{"rendered":"<p>Sch\u0151nviszky L\u00e1szl\u00f3 1937. m\u00e1jus 17-\u00e9n sz\u00fcletett. Egyes\u00fclet\u00fcnknek \u00e9s jogel\u0151djeinek 15 \u00e9ves kora, 1952 \u00f3ta tagja. \u0150 a J\u00f3zsefv\u00e1rosi Spartacus \u00e1gr\u00f3l \u00e9rkezett. 1953-54-ben t\u00e9rk\u00e9polvas\u00f3i tanfolyamot v\u00e9gzett \u00e9s 1954-ben m\u00e1r I. oszt\u00e1ly\u00fa min\u0151s\u00edt\u00e9st szerzett. 1964-ben \u00faj t\u00e9rk\u00e9pjeleket alkotott, 1965-ben pedig sz\u00ednes t\u00e9rk\u00e9pet (az els\u0151 magyar sz\u00ednes t\u00e9rk\u00e9pek egyikek\u00e9nt) k\u00e9sz\u00edtett testv\u00e9r\u00e9vel \u00e9s Skerletz Iv\u00e1nnal. 1960-ban orsz\u00e1gos feln\u0151tt egy\u00e9ni &hellip; <a href=\"https:\/\/www.tabanispartacus.hu\/tajfuto\/wordpress\/?page_id=4198\" class=\"more-link\"><span class=\"screen-reader-text\">A Tab\u00e1ni Spartacus Eml\u00e9k\u00e9rem 2010. \u00e9vi d\u00edjazottja  SCH\u0150NVISZKY L\u00e1szl\u00f3<\/span> olvas\u00e1s\u00e1nak folytat\u00e1sa <span class=\"meta-nav\">&rarr;<\/span><\/a><\/p>\n","protected":false},"author":9,"featured_media":0,"parent":0,"menu_order":0,"comment_status":"closed","ping_status":"closed","template":"","meta":{"ngg_post_thumbnail":0},"_links":{"self":[{"href":"https:\/\/www.tabanispartacus.hu\/tajfuto\/wordpress\/index.php?rest_route=\/wp\/v2\/pages\/4198"}],"collection":[{"href":"https:\/\/www.tabanispartacus.hu\/tajfuto\/wordpress\/index.php?rest_route=\/wp\/v2\/pages"}],"about":[{"href":"https:\/\/www.tabanispartacus.hu\/tajfuto\/wordpress\/index.php?rest_route=\/wp\/v2\/types\/page"}],"author":[{"embeddable":true,"href":"https:\/\/www.tabanispartacus.hu\/tajfuto\/wordpress\/index.php?rest_route=\/wp\/v2\/users\/9"}],"replies":[{"embeddable":true,"href":"https:\/\/www.tabanispartacus.hu\/tajfuto\/wordpress\/index.php?rest_route=%2Fwp%2Fv2%2Fcomments&post=4198"}],"version-history":[{"count":0,"href":"https:\/\/www.tabanispartacus.hu\/tajfuto\/wordpress\/index.php?rest_route=\/wp\/v2\/pages\/4198\/revisions"}],"wp:attachment":[{"href":"https:\/\/www.tabanispartacus.hu\/tajfuto\/wordpress\/index.php?rest_route=%2Fwp%2Fv2%2Fmedia&parent=4198"}],"curies":[{"name":"wp","href":"https:\/\/api.w.org\/{rel}","templated":true}]}}