{"id":419,"date":"2012-07-12T12:42:33","date_gmt":"2012-07-12T10:42:33","guid":{"rendered":"http:\/\/tabanispartacus.wordpress.com\/?page_id=419"},"modified":"2012-07-12T12:42:33","modified_gmt":"2012-07-12T10:42:33","slug":"versenyeink-2006-ban","status":"publish","type":"page","link":"https:\/\/www.tabanispartacus.hu\/tajfuto\/wordpress\/?page_id=419","title":{"rendered":"Versenyeink 2006-ban"},"content":{"rendered":"<p>&nbsp;<\/p>\n<table width=\"100%\" border=\"0\" cellspacing=\"0\" cellpadding=\"10\">\n<tbody>\n<tr>\n<td valign=\"top\" width=\"100%\">\n<p align=\"center\"><strong><span style=\"font-size:small;\">2006<\/span><\/strong><\/p>\n<p align=\"left\"><strong>11. Dobog\u00f3k\u0151i Hegyi Fut\u00f3verseny<\/strong><br \/>\n<em>2006. november 25., Dobog\u00f3k\u0151<\/em><\/p>\n<ul>\n<li>\n<p align=\"left\"><strong><a href=\"http:\/\/www.tabanispartacus.hu\/tajfuto\/index.php?page=2006\/dobogoko_kiiras\">Ki\u00edr\u00e1s<\/a><\/strong><\/p>\n<\/li>\n<li>\n<p align=\"left\"><strong><a href=\"http:\/\/www.tabanispartacus.hu\/tajfuto\/index.php?page=2006\/dobogoko_terkep\">T\u00e9rk\u00e9p<\/a><\/strong><\/p>\n<\/li>\n<li>\n<p align=\"left\"><strong><a href=\"http:\/\/www.tabanispartacus.hu\/tajfuto\/index.php?page=2006\/dobogoko_info\">Inform\u00e1ci\u00f3 az \u00fatvonalr\u00f3l<\/a><\/strong><\/p>\n<\/li>\n<li>\n<p align=\"left\"><strong><a href=\"http:\/\/www.tabanispartacus.hu\/tajfuto\/2006\/dobogoko_eredmenyek2006.xls\">Eredm\u00e9nyek<\/a><\/strong><\/p>\n<\/li>\n<\/ul>\n<hr size=\"1\" \/>\n<p align=\"left\"><strong>54. \u0150szi Spari kupa<br \/>\n54th Autumn Spartacus Cup<\/strong><br \/>\n<em>2006. november 4-5., Cs\u00e1kber\u00e9ny<\/em><\/p>\n<p>Magyarul:<\/p>\n<ul>\n<li>\n<p align=\"left\"><strong><a href=\"http:\/\/www.tabanispartacus.hu\/tajfuto\/wre2006\/hun\">Ki\u00edr\u00e1s<\/a><\/strong><\/p>\n<\/li>\n<li>\n<p align=\"left\"><strong><a href=\"http:\/\/www.tabanispartacus.hu\/tajfuto\/index.php?page=2006\/csakbereny\">R\u00f6vid ismertet\u0151 a terepr\u0151l<\/a><\/strong><\/p>\n<\/li>\n<li>\n<p align=\"left\"><strong><a href=\"http:\/\/www.tabanispartacus.hu\/tajfuto\/index.php?page=2006\/ertesito%2006\">\u00c9rtes\u00edt\u0151<\/a><\/strong><\/p>\n<\/li>\n<li>\n<p align=\"left\"><strong><a href=\"http:\/\/www.tabanispartacus.hu\/tajfuto\/2006\/spari_rajtlista_kat.html\">Rajtlista kateg\u00f3ri\u00e1nk\u00e9nt<\/a><\/strong><\/p>\n<\/li>\n<li>\n<p align=\"left\"><strong><a href=\"http:\/\/www.tabanispartacus.hu\/tajfuto\/2006\/spari_rajtlista_klub.html\">Rajtlista klubonk\u00e9nt<\/a><\/strong><\/p>\n<\/li>\n<li>\n<p align=\"left\"><strong><a href=\"http:\/\/www.tabanispartacus.hu\/tajfuto\/2006\/spari_veg.html\">Eredm\u00e9ny<\/a><\/strong><\/p>\n<\/li>\n<li>\n<p align=\"left\"><strong><a href=\"http:\/\/www.tabanispartacus.hu\/tajfuto\/2006\/spari_1nap_si.html\">1. napi r\u00e9szid\u0151k<\/a><\/strong><\/p>\n<\/li>\n<li>\n<p align=\"left\"><strong><a href=\"http:\/\/www.tabanispartacus.hu\/tajfuto\/2006\/spari_2nap_si.html\">2. napi r\u00e9szid\u0151k<\/a><\/strong><\/p>\n<\/li>\n<li>\n<p align=\"left\"><strong><a href=\"http:\/\/www.tabanispartacus.hu\/tajfuto\/2006\/spari_mikro_si.html\">Mikrosprint r\u00e9szid\u0151k<\/a><\/strong><\/p>\n<\/li>\n<li>\n<p align=\"left\"><strong><a href=\"http:\/\/www.tabanispartacus.hu\/tajfuto\/2006\/spari_mikro.txt\">Mikrosprint eredm\u00e9ny<\/a><\/strong><\/p>\n<\/li>\n<li>\n<p align=\"left\"><strong><a href=\"http:\/\/www.tabanispartacus.hu\/tajfuto\/2006\/spari_gyerek.doc\">Gyerekverseny eredm\u00e9nyek<\/a><\/strong><\/p>\n<\/li>\n<\/ul>\n<p align=\"left\">In English:<\/p>\n<ul>\n<li>\n<p align=\"left\"><strong><a href=\"http:\/\/www.tabanispartacus.hu\/tajfuto\/wre2006\/eng\">Invitation<\/a><\/strong><\/p>\n<\/li>\n<li>\n<p align=\"left\"><strong><a href=\"http:\/\/www.tabanispartacus.hu\/tajfuto\/index.php?page=2006\/csakbereny_en\">Short review of the field<\/a><\/strong><\/p>\n<\/li>\n<li>\n<p align=\"left\"><strong><a href=\"http:\/\/www.tabanispartacus.hu\/tajfuto\/index.php?page=2006\/ertesito%2006_en\">Information<\/a><\/strong><\/p>\n<\/li>\n<li>\n<p align=\"left\"><strong><a href=\"http:\/\/www.tabanispartacus.hu\/tajfuto\/2006\/spari_rajtlista_kat.html\">Startlist by categories<\/a><\/strong><\/p>\n<\/li>\n<li>\n<p align=\"left\"><strong><a href=\"http:\/\/www.tabanispartacus.hu\/tajfuto\/2006\/spari_rajtlista_klub.html\">Startlist by clubs<\/a><\/strong><\/p>\n<\/li>\n<li>\n<p align=\"left\"><strong><a href=\"http:\/\/www.tabanispartacus.hu\/tajfuto\/2006\/spari_veg.html\">Results<\/a><\/strong><\/p>\n<\/li>\n<li>\n<p align=\"left\"><strong><a href=\"http:\/\/www.tabanispartacus.hu\/tajfuto\/2006\/spari_1nap_si.html\">Split times 1st day<\/a><\/strong><\/p>\n<\/li>\n<li>\n<p align=\"left\"><strong><a href=\"http:\/\/www.tabanispartacus.hu\/tajfuto\/2006\/spari_2nap_si.html\">Split times 2nd day<\/a><\/strong><\/p>\n<\/li>\n<li>\n<p align=\"left\"><strong><a href=\"http:\/\/www.tabanispartacus.hu\/tajfuto\/2006\/spari_mikro_si.html\">Mikrosprint split times<\/a><\/strong><\/p>\n<\/li>\n<li>\n<p align=\"left\"><strong><a href=\"http:\/\/www.tabanispartacus.hu\/tajfuto\/2006\/spari_mikro.txt\">Mikrosprint results<\/a><\/strong><\/p>\n<\/li>\n<li>\n<p align=\"left\"><strong><a href=\"http:\/\/www.tabanispartacus.hu\/tajfuto\/2006\/spari_gyerek.doc\">Children&#8217;s race<\/a><\/strong><\/p>\n<\/li>\n<\/ul>\n<hr size=\"1\" \/>\n<p align=\"left\"><strong>Budapest Ny\u00edlt V\u00e1lt\u00f3bajnoks\u00e1ga \u00e9s Sprint kupa<\/strong><br \/>\n<em>2006. j\u00fanius 3., B\u00e9k\u00e1smegyer<\/em><\/p>\n<ul>\n<li>\n<p align=\"left\"><strong><a href=\"http:\/\/www.tabanispartacus.hu\/tajfuto\/index.php?page=2006\/bpvalto_kiiras\">Ki\u00edr\u00e1s<\/a><\/strong><\/p>\n<\/li>\n<li>\n<p align=\"left\"><strong><a href=\"http:\/\/www.tabanispartacus.hu\/tajfuto\/index.php?page=2006\/bpvalto_ertesito\">\u00c9rtes\u00edt\u0151<\/a><\/strong><\/p>\n<\/li>\n<li>\n<p align=\"left\"><strong><a href=\"http:\/\/www.tabanispartacus.hu\/tajfuto\/2006\/bpvalto_eredmeny.htm\">Eredm\u00e9ny<\/a><\/strong><\/p>\n<\/li>\n<\/ul>\n<hr size=\"1\" \/>\n<p align=\"left\"><strong>Budapest Nagyd\u00edj &#8211; Tavaszi Spartacus kupa 2006.<br \/>\nBudapest Grand Prix &#8211; Spring Spartacus Cup 2006<\/strong><br \/>\n<em>2006. m\u00e1rcius 18-19., V\u00e1rgesztes<\/em><\/p>\n<p>Magyarul:<\/p>\n<ul>\n<li>\n<p align=\"left\"><strong><a href=\"http:\/\/www.tabanispartacus.hu\/tajfuto\/index.php?page=2006\/tavasz_kiiras\">Ki\u00edr\u00e1s<\/a><\/strong><\/p>\n<\/li>\n<li>\n<p align=\"left\"><strong><a href=\"http:\/\/www.tabanispartacus.hu\/tajfuto\/index.php?page=2006\/tavasz_ertesito\">\u00c9rtes\u00edt\u0151<\/a><\/strong><\/p>\n<\/li>\n<li>\n<p align=\"left\"><strong><a href=\"http:\/\/www.tabanispartacus.hu\/tajfuto\/2006\/tavasz_startlist_cat.htm\">Rajtlista kateg\u00f3ri\u00e1nk\u00e9nt<\/a><\/strong><\/p>\n<\/li>\n<li>\n<p align=\"left\"><strong><a href=\"http:\/\/www.tabanispartacus.hu\/tajfuto\/2006\/tavasz_startlist_club.htm\">Rajtlista klubonk\u00e9nt<\/a><\/strong><\/p>\n<\/li>\n<li>\n<p align=\"left\"><strong><a href=\"http:\/\/www.tabanispartacus.hu\/tajfuto\/2006\/tavasz_symbol_1.zip\">1. napi szimb\u00f3lok (t\u00f6m\u00f6r\u00edtve)<\/a><\/strong><\/p>\n<\/li>\n<li>\n<p align=\"left\"><strong><a href=\"http:\/\/www.tabanispartacus.hu\/tajfuto\/2006\/tavasz_symbol_2.zip\">2. napi szimb\u00f3lok (t\u00f6m\u00f6r\u00edtve)<\/a><\/strong><\/p>\n<\/li>\n<li>\n<p align=\"left\"><strong><a href=\"http:\/\/www.tabanispartacus.hu\/tajfuto\/2006\/tavasz_eredmeny.htm\">Eredm\u00e9ny<\/a><\/strong><\/p>\n<\/li>\n<li>\n<p align=\"left\"><strong><a href=\"http:\/\/www.tabanispartacus.hu\/tajfuto\/2006\/tavasz_split1.htm\">R\u00e9szid\u0151k 1. nap<\/a><\/strong><\/p>\n<\/li>\n<li>\n<p align=\"left\"><strong><a href=\"http:\/\/www.tabanispartacus.hu\/tajfuto\/2006\/tavasz_split2.htm\">R\u00e9szid\u0151k 2. nap<\/a><\/strong><\/p>\n<\/li>\n<li>\n<p align=\"left\"><strong><a href=\"http:\/\/www.tabanispartacus.hu\/tajfuto\/2006\/tavasz_gyerek.rtf\">Gyerekverseny<\/a><\/strong><\/p>\n<\/li>\n<\/ul>\n<p align=\"left\">In English:<\/p>\n<ul>\n<li>\n<p align=\"left\"><strong><a href=\"http:\/\/www.tabanispartacus.hu\/tajfuto\/index.php?page=2006\/tavasz_kiirase\">Invitation<\/a><\/strong><\/p>\n<\/li>\n<li>\n<p align=\"left\"><strong><a href=\"http:\/\/www.tabanispartacus.hu\/tajfuto\/index.php?page=2006\/tavasz_ertesitoe\">Information<\/a><\/strong><\/p>\n<\/li>\n<li>\n<p align=\"left\"><strong><a href=\"http:\/\/www.tabanispartacus.hu\/tajfuto\/2006\/tavasz_startlist_cat.htm\">Startlist by categories<\/a><\/strong><\/p>\n<\/li>\n<li>\n<p align=\"left\"><strong><a href=\"http:\/\/www.tabanispartacus.hu\/tajfuto\/2006\/tavasz_startlist_club.htm\">Startlist by clubs<\/a><\/strong><\/p>\n<\/li>\n<li>\n<p align=\"left\"><strong><a href=\"http:\/\/www.tabanispartacus.hu\/tajfuto\/2006\/tavasz_symbol_1.zip\">1. day symbols (zipped)<\/a><\/strong><\/p>\n<\/li>\n<li>\n<p align=\"left\"><strong><a href=\"http:\/\/www.tabanispartacus.hu\/tajfuto\/2006\/tavasz_symbol_2.zip\">2. day symbols (zipped)<\/a><\/strong><\/p>\n<\/li>\n<li>\n<p align=\"left\"><strong><a href=\"http:\/\/www.tabanispartacus.hu\/tajfuto\/2006\/tavasz_eredmeny.htm\">Results<\/a><\/strong><\/p>\n<\/li>\n<li>\n<p align=\"left\"><strong><a href=\"http:\/\/www.tabanispartacus.hu\/tajfuto\/2006\/tavasz_split1.htm\">Split times 1st day<\/a><\/strong><\/p>\n<\/li>\n<li>\n<p align=\"left\"><strong><a href=\"http:\/\/www.tabanispartacus.hu\/tajfuto\/2006\/tavasz_split2.htm\">Split times 2nd day<\/a><\/strong><\/p>\n<\/li>\n<li>\n<p align=\"left\"><strong><a href=\"http:\/\/www.tabanispartacus.hu\/tajfuto\/2006\/tavasz_gyerek.rtf\">Children&#8217;s race<\/a><\/strong><\/p>\n<\/li>\n<\/ul>\n<\/td>\n<\/tr>\n<\/tbody>\n<\/table>\n","protected":false},"excerpt":{"rendered":"<p>&nbsp; 2006 11. Dobog\u00f3k\u0151i Hegyi Fut\u00f3verseny 2006. november 25., Dobog\u00f3k\u0151 Ki\u00edr\u00e1s T\u00e9rk\u00e9p Inform\u00e1ci\u00f3 az \u00fatvonalr\u00f3l Eredm\u00e9nyek 54. \u0150szi Spari kupa 54th Autumn Spartacus Cup 2006. november 4-5., Cs\u00e1kber\u00e9ny Magyarul: Ki\u00edr\u00e1s R\u00f6vid ismertet\u0151 a terepr\u0151l \u00c9rtes\u00edt\u0151 Rajtlista kateg\u00f3ri\u00e1nk\u00e9nt Rajtlista klubonk\u00e9nt Eredm\u00e9ny 1. napi r\u00e9szid\u0151k 2. napi r\u00e9szid\u0151k Mikrosprint r\u00e9szid\u0151k Mikrosprint eredm\u00e9ny Gyerekverseny eredm\u00e9nyek In English: Invitation &hellip; <a href=\"https:\/\/www.tabanispartacus.hu\/tajfuto\/wordpress\/?page_id=419\" class=\"more-link\"><span class=\"screen-reader-text\">Versenyeink 2006-ban<\/span> olvas\u00e1s\u00e1nak folytat\u00e1sa <span class=\"meta-nav\">&rarr;<\/span><\/a><\/p>\n","protected":false},"author":1,"featured_media":0,"parent":34,"menu_order":0,"comment_status":"closed","ping_status":"closed","template":"","meta":{"ngg_post_thumbnail":0},"_links":{"self":[{"href":"https:\/\/www.tabanispartacus.hu\/tajfuto\/wordpress\/index.php?rest_route=\/wp\/v2\/pages\/419"}],"collection":[{"href":"https:\/\/www.tabanispartacus.hu\/tajfuto\/wordpress\/index.php?rest_route=\/wp\/v2\/pages"}],"about":[{"href":"https:\/\/www.tabanispartacus.hu\/tajfuto\/wordpress\/index.php?rest_route=\/wp\/v2\/types\/page"}],"author":[{"embeddable":true,"href":"https:\/\/www.tabanispartacus.hu\/tajfuto\/wordpress\/index.php?rest_route=\/wp\/v2\/users\/1"}],"replies":[{"embeddable":true,"href":"https:\/\/www.tabanispartacus.hu\/tajfuto\/wordpress\/index.php?rest_route=%2Fwp%2Fv2%2Fcomments&post=419"}],"version-history":[{"count":0,"href":"https:\/\/www.tabanispartacus.hu\/tajfuto\/wordpress\/index.php?rest_route=\/wp\/v2\/pages\/419\/revisions"}],"up":[{"embeddable":true,"href":"https:\/\/www.tabanispartacus.hu\/tajfuto\/wordpress\/index.php?rest_route=\/wp\/v2\/pages\/34"}],"wp:attachment":[{"href":"https:\/\/www.tabanispartacus.hu\/tajfuto\/wordpress\/index.php?rest_route=%2Fwp%2Fv2%2Fmedia&parent=419"}],"curies":[{"name":"wp","href":"https:\/\/api.w.org\/{rel}","templated":true}]}}