{"id":414,"date":"2012-07-12T12:33:42","date_gmt":"2012-07-12T10:33:42","guid":{"rendered":"http:\/\/tabanispartacus.wordpress.com\/?page_id=414"},"modified":"2012-07-12T12:33:42","modified_gmt":"2012-07-12T10:33:42","slug":"versenyeink-2008-ban","status":"publish","type":"page","link":"https:\/\/www.tabanispartacus.hu\/tajfuto\/wordpress\/?page_id=414","title":{"rendered":"Versenyeink 2008-ban"},"content":{"rendered":"<p>&nbsp;<\/p>\n<table width=\"100%\" border=\"0\" cellspacing=\"0\" cellpadding=\"10\">\n<tbody>\n<tr>\n<td valign=\"top\" width=\"100%\">\n<p align=\"center\"><strong><span style=\"font-size:small;\">2008<\/span><\/strong><\/p>\n<p align=\"left\">\n<strong>XIII. Dobog\u00f3k\u0151i Hegyi Fut\u00f3verseny 2008.<\/strong><br \/>\n<em>november 22., Pilis\u0096Visegr\u00e1di-hegys\u00e9g, Dobog\u00f3k\u0151<\/em><\/p>\n<p>&nbsp;<\/p>\n<ul>\n<li>\n<p align=\"left\"><strong><a href=\"http:\/\/www.tabanispartacus.hu\/tajfuto\/2008\/dobogoko\/hegyif_08_v3.pdf\">T\u00e9rk\u00e9p<\/a><\/strong><\/p>\n<\/li>\n<li>\n<p align=\"left\"><strong><a href=\"http:\/\/www.tabanispartacus.hu\/tajfuto\/2008\/dobogoko\/Dko08kiiras_v7j.doc\">Ki\u00edr\u00e1s<\/a><\/strong><\/p>\n<\/li>\n<li>\n<p align=\"left\"><strong><a href=\"http:\/\/www.tabanispartacus.hu\/tajfuto\/2008\/dobogoko\/2008Dko_Turaidok.doc\">T\u00faraeredm\u00e9nyek<\/a><\/strong><\/p>\n<\/li>\n<li>\n<p align=\"left\"><strong><a href=\"http:\/\/www.tabanispartacus.hu\/tajfuto\/2008\/dobogoko\/2008Dko_Futoeredmenyek.doc\">Fut\u00f3eredm\u00e9nyek<\/a><\/strong><\/p>\n<\/li>\n<\/ul>\n<p>&nbsp;<\/p>\n<hr size=\"1\" \/>\n<p align=\"left\">\n<strong>\u0150szi Spartacus Kupa<\/strong><br \/>\n<em>november 8-9., G\u00e1nt, V\u00e9rtes hg.<\/em><\/p>\n<p>Magyarul:<\/p>\n<ul>\n<li>\n<p align=\"left\"><strong><a href=\"http:\/\/www.tabanispartacus.hu\/tajfuto\/index.php?page=2008\/oszi_spari\/2008OsziSpartacusKupaKiiras_hun_v7\">Ki\u00edr\u00e1s (v.7)<\/a><\/strong><\/p>\n<\/li>\n<li>\n<p align=\"left\"><strong><a href=\"http:\/\/www.tabanispartacus.hu\/tajfuto\/index.php?page=2008\/oszi_spari\/2008_osz_ertesito\">\u00c9rtes\u00edt\u0151<\/a><\/strong><\/p>\n<\/li>\n<li>\n<p align=\"left\"><strong><a href=\"http:\/\/www.tabanispartacus.hu\/tajfuto\/2008\/oszi_spari\/katrajt.html\">Rajtlista kateg\u00f3ri\u00e1nk\u00e9nt<\/a><\/strong><\/p>\n<\/li>\n<li>\n<p align=\"left\"><strong><a href=\"http:\/\/www.tabanispartacus.hu\/tajfuto\/2008\/oszi_spari\/klubrajt.html\">Rajtlista klubonk\u00e9nt<\/a><\/strong><\/p>\n<\/li>\n<li>\n<p align=\"left\"><strong><a href=\"http:\/\/www.tabanispartacus.hu\/tajfuto\/2008\/oszi_spari\/2008_oszi_1nap.html\">Eredm\u00e9nyek &#8211; 1. nap<\/a><\/strong><\/p>\n<\/li>\n<li>\n<p align=\"left\"><strong><a href=\"http:\/\/www.tabanispartacus.hu\/tajfuto\/2008\/oszi_spari\/2008_oszi_2nap.html\">Eredm\u00e9nyek &#8211; 2. nap<\/a><\/strong><\/p>\n<\/li>\n<li>\n<p align=\"left\"><strong><a href=\"http:\/\/www.tabanispartacus.hu\/tajfuto\/2008\/oszi_spari\/2008_oszi_1nap_si.html\">SI-eredm\u00e9nyek &#8211; 1. nap<\/a><\/strong><\/p>\n<\/li>\n<li>\n<p align=\"left\"><strong><a href=\"http:\/\/www.tabanispartacus.hu\/tajfuto\/2008\/oszi_spari\/2008_oszi_2nap_si.html\">SI-eredm\u00e9nyek &#8211; 2. nap<\/a><\/strong><\/p>\n<\/li>\n<li>\n<p align=\"left\"><strong><a href=\"http:\/\/www.tabanispartacus.hu\/tajfuto\/2008\/oszi_spari\/2008_oszi_osszetett.html\">\u00d6sszetett eredm\u00e9nyek<\/a><\/strong><\/p>\n<\/li>\n<li>\n<p align=\"left\"><strong><a href=\"http:\/\/www.tabanispartacus.hu\/tajfuto\/2008\/oszi_spari\/2008_oszi_wre.html\">Vil\u00e1granglista-futam eredm\u00e9nyei<\/a><\/strong><\/p>\n<\/li>\n<li>\n<p align=\"left\"><strong><a href=\"http:\/\/www.tabanispartacus.hu\/tajfuto\/index.php?page=2008\/oszi_spari\/2008_oszi_kiraly-szakasz\">Kir\u00e1ly-szakasz eredm\u00e9nyei<\/a><\/strong><\/p>\n<\/li>\n<li>\n<p align=\"left\"><strong><a href=\"http:\/\/www.tabanispartacus.hu\/tajfuto\/2008\/oszi_spari\/2008OsziSpK_gyerekverseny.doc\">Gyerekverseny eredm\u00e9nyek<\/a><\/strong><\/p>\n<\/li>\n<\/ul>\n<p>&nbsp;<\/p>\n<p>In English:<\/p>\n<ul>\n<li>\n<p align=\"left\"><strong><a href=\"http:\/\/www.tabanispartacus.hu\/tajfuto\/index.php?page=2008\/oszi_spari\/2008OsziSpartacusKupaKiiras_eng_v7\">Invitation (v.7)<\/a><\/strong><\/p>\n<\/li>\n<li>\n<p align=\"left\"><strong><a href=\"http:\/\/www.tabanispartacus.hu\/tajfuto\/index.php?page=2008\/oszi_spari\/2008_osz_ertesito_eng\">Information<\/a><\/strong><\/p>\n<\/li>\n<li>\n<p align=\"left\"><strong><a href=\"http:\/\/www.tabanispartacus.hu\/tajfuto\/2008\/oszi_spari\/katrajt.html\">Startlist by categories<\/a><\/strong><\/p>\n<\/li>\n<li>\n<p align=\"left\"><strong><a href=\"http:\/\/www.tabanispartacus.hu\/tajfuto\/2008\/oszi_spari\/klubrajt.html\">Startlist by clubs<\/a><\/strong><\/p>\n<\/li>\n<li>\n<p align=\"left\"><strong><a href=\"http:\/\/www.tabanispartacus.hu\/tajfuto\/2008\/oszi_spari\/2008_oszi_1nap.html\">1st day&#8217;s results<\/a><\/strong><\/p>\n<\/li>\n<li>\n<p align=\"left\"><strong><a href=\"http:\/\/www.tabanispartacus.hu\/tajfuto\/2008\/oszi_spari\/2008_oszi_2nap.html\">2nd day&#8217;s results<\/a><\/strong><\/p>\n<\/li>\n<li>\n<p align=\"left\"><strong><a href=\"http:\/\/www.tabanispartacus.hu\/tajfuto\/2008\/oszi_spari\/2008_oszi_1nap_si.html\">1st day&#8217;s SI-results<\/a><\/strong><\/p>\n<\/li>\n<li>\n<p align=\"left\"><strong><a href=\"http:\/\/www.tabanispartacus.hu\/tajfuto\/2008\/oszi_spari\/2008_oszi_2nap_si.html\">2nd day&#8217;s SI-results<\/a><\/strong><\/p>\n<\/li>\n<li>\n<p align=\"left\"><strong><a href=\"http:\/\/www.tabanispartacus.hu\/tajfuto\/2008\/oszi_spari\/2008_oszi_osszetett.html\">Overall results<\/a><\/strong><\/p>\n<\/li>\n<li>\n<p align=\"left\"><strong><a href=\"http:\/\/www.tabanispartacus.hu\/tajfuto\/2008\/oszi_spari\/2008_oszi_wre.html\">Results of the World Ranking Event<\/a><\/strong><\/p>\n<\/li>\n<li>\n<p align=\"left\"><strong><a href=\"http:\/\/www.tabanispartacus.hu\/tajfuto\/index.php?page=2008\/oszi_spari\/2008_oszi_kiraly-szakasz\">Results of the King-section<\/a><\/strong><\/p>\n<\/li>\n<li>\n<p align=\"left\"><strong><a href=\"http:\/\/www.tabanispartacus.hu\/tajfuto\/2008\/oszi_spari\/2008OsziSpK_gyerekverseny.doc\">Children&#8217;s race results<\/a><\/strong><\/p>\n<\/li>\n<\/ul>\n<p>&nbsp;<\/p>\n<hr size=\"1\" \/>\n<p align=\"left\">\n<strong>Ny\u00e1ri Spartacus Kupa<\/strong><br \/>\n<em>augusztus 13., Tab\u00e1n<\/em><\/p>\n<p>&nbsp;<\/p>\n<ul>\n<li>\n<p align=\"left\"><strong><a href=\"http:\/\/www.tabanispartacus.hu\/tajfuto\/2008\/nyari_spari\/nyari_spari_kupa_2008_v6.doc\">Ki\u00edr\u00e1s<\/a><\/strong><\/p>\n<\/li>\n<li>\n<p align=\"left\"><strong><a href=\"http:\/\/www.tabanispartacus.hu\/tajfuto\/2008\/nyari_spari\/NyariSpartacusKupa_2008eredmeny.xls\">Eredm\u00e9nyek<\/a><\/strong><\/p>\n<\/li>\n<\/ul>\n<p>&nbsp;<\/p>\n<hr size=\"1\" \/>\n<p align=\"left\">\n<strong>Tavaszi Spartacus Kupa<\/strong><br \/>\n<em>m\u00e1rcius 14-15., G\u00e1nt, V\u00e9rtes hg.<\/em><\/p>\n<p>Magyarul:<\/p>\n<ul>\n<li>\n<p align=\"left\"><strong><a href=\"http:\/\/www.tabanispartacus.hu\/tajfuto\/index.php?page=2008\/tavaszi_spari\/Tavaszi2008_071125_hun\">Ki\u00edr\u00e1s<\/a><\/strong><\/p>\n<\/li>\n<li>\n<p align=\"left\"><strong><a href=\"http:\/\/www.tabanispartacus.hu\/tajfuto\/index.php?page=2008\/tavaszi_spari\/Argay_Zrinyi_v3\">A kor\u00e1bbi Zr\u00ednyi Ilona versenyekr\u0151l r\u00f6vid \u00f6sszefoglal\u00f3<\/a><\/strong><\/p>\n<\/li>\n<li>\n<p align=\"left\"><strong><a href=\"http:\/\/www.tabanispartacus.hu\/tajfuto\/index.php?page=2008\/tavaszi_spari\/TavasziErtesito08_magyar\">\u00c9rtes\u00edt\u0151<\/a><\/strong><\/p>\n<\/li>\n<li>\n<p align=\"left\"><strong><a href=\"http:\/\/www.tabanispartacus.hu\/tajfuto\/index.php?page=2008\/tavaszi_spari\/tavaszi2008_pontmegnev\">Pontmegnevez\u00e9sek<\/a><\/strong><\/p>\n<\/li>\n<li>\n<p align=\"left\"><strong><a href=\"http:\/\/www.tabanispartacus.hu\/tajfuto\/index.php?page=2008\/tavaszi_spari\/tavaszi2008_terkepek\">A Tavaszi Spartacus Kupa versenyterep\u00e9r\u0151l n\u00e9h\u00e1ny kor\u00e1bbi t\u00e9rk\u00e9p<\/a><\/strong><\/p>\n<\/li>\n<li>\n<p align=\"left\"><strong><a href=\"http:\/\/www.tabanispartacus.hu\/tajfuto\/2008\/tavaszi_spari\/tavaszi2008_katrajt.html\">Rajtlista kateg\u00f3ri\u00e1nk\u00e9nt<\/a><\/strong><\/p>\n<\/li>\n<li>\n<p align=\"left\"><strong><a href=\"http:\/\/www.tabanispartacus.hu\/tajfuto\/2008\/tavaszi_spari\/tavaszi2008_klubrajt.html\">Rajtlista klubonk\u00e9nt<\/a><\/strong><\/p>\n<\/li>\n<li>\n<p align=\"left\"><strong><a href=\"http:\/\/www.tabanispartacus.hu\/tajfuto\/2008\/tavaszi_spari\/tavaszi2008_spari1_si.html\">SI-eredm\u00e9nyek &#8211; 1. nap<\/a><\/strong><\/p>\n<\/li>\n<li>\n<p align=\"left\"><strong><a href=\"http:\/\/www.tabanispartacus.hu\/tajfuto\/2008\/tavaszi_spari\/tavaszi2008_spari2_si.html\">SI-eredm\u00e9nyek &#8211; 2. nap<\/a><\/strong><\/p>\n<\/li>\n<li>\n<p align=\"left\"><strong><a href=\"http:\/\/www.tabanispartacus.hu\/tajfuto\/2008\/tavaszi_spari\/tavaszi2008_spari.html\">\u00d6sszetett eredm\u00e9nyek<\/a><\/strong><\/p>\n<\/li>\n<li>\n<p align=\"left\"><strong><a href=\"http:\/\/www.tabanispartacus.hu\/tajfuto\/2008\/tavaszi_spari\/tavaszi2008_mikro.html\">Mikrosprint eredm\u00e9nyek<\/a><\/strong><\/p>\n<\/li>\n<li>\n<p align=\"left\"><strong><a href=\"http:\/\/www.tabanispartacus.hu\/tajfuto\/2008\/tavaszi_spari\/tavaszi2008_mikro_si.html\">Mikrosprint SI-eredm\u00e9nyek<\/a><\/strong><\/p>\n<\/li>\n<li>\n<p align=\"left\"><strong><a href=\"http:\/\/www.tabanispartacus.hu\/tajfuto\/2008\/tavaszi_spari\/2008TavasziGyerekverseny.doc\">Gyerekverseny eredm\u00e9nyek<\/a><\/strong><\/p>\n<\/li>\n<li>\n<p align=\"left\"><strong><a href=\"http:\/\/www.tabanispartacus.hu\/tajfuto\/2008\/tavaszi_spari\/tavaszi2008_bp_normal_eredmeny.html\">Budapest Ny\u00edlt Norm\u00e1lt\u00e1v\u00fa Bajnoks\u00e1g\u00e1nak eredm\u00e9nye<\/a><\/strong><\/p>\n<\/li>\n<li>\n<p align=\"left\"><strong><a href=\"http:\/\/www.tabanispartacus.hu\/tajfuto\/2008\/tavaszi_spari\/tavaszi2008_bp_hosszu_eredmeny.html\">Budapest Ny\u00edlt Hossz\u00fat\u00e1v\u00fa Bajnoks\u00e1g\u00e1nak eredm\u00e9nye<\/a><\/strong><\/p>\n<\/li>\n<\/ul>\n<p align=\"left\">In English:<\/p>\n<ul>\n<li>\n<p align=\"left\"><strong><a href=\"http:\/\/www.tabanispartacus.hu\/tajfuto\/index.php?page=2008\/tavaszi_spari\/Tavaszi2008_071125_eng\">Invitation<\/a><\/strong><\/p>\n<\/li>\n<li>\n<p align=\"left\"><strong><a href=\"http:\/\/www.tabanispartacus.hu\/tajfuto\/index.php?page=2008\/tavaszi_spari\/TavasziErtesito08_angol\">Information<\/a><\/strong><\/p>\n<\/li>\n<li>\n<p align=\"left\"><strong><a href=\"http:\/\/www.tabanispartacus.hu\/tajfuto\/index.php?page=2008\/tavaszi_spari\/tavaszi2008_pontmegnev\">The symbols of the courses<\/a><\/strong><\/p>\n<\/li>\n<li>\n<p align=\"left\"><strong><a href=\"http:\/\/www.tabanispartacus.hu\/tajfuto\/index.php?page=2008\/tavaszi_spari\/tavaszi2008_terkepek\">A few from the previous maps of the competition area<\/a><\/strong><\/p>\n<\/li>\n<li>\n<p align=\"left\"><strong><a href=\"http:\/\/www.tabanispartacus.hu\/tajfuto\/2008\/tavaszi_spari\/tavaszi2008_katrajt.html\">Startlist by categories<\/a><\/strong><\/p>\n<\/li>\n<li>\n<p align=\"left\"><strong><a href=\"http:\/\/www.tabanispartacus.hu\/tajfuto\/2008\/tavaszi_spari\/tavaszi2008_klubrajt.html\">Startlist by clubs<\/a><\/strong><\/p>\n<\/li>\n<li>\n<p align=\"left\"><strong><a href=\"http:\/\/www.tabanispartacus.hu\/tajfuto\/2008\/tavaszi_spari\/tavaszi2008_spari1_si.html\">1st day&#8217;s SI-results<\/a><\/strong><\/p>\n<\/li>\n<li>\n<p align=\"left\"><strong><a href=\"http:\/\/www.tabanispartacus.hu\/tajfuto\/2008\/tavaszi_spari\/tavaszi2008_spari2_si.html\">2nd day&#8217;s SI-results<\/a><\/strong><\/p>\n<\/li>\n<li>\n<p align=\"left\"><strong><a href=\"http:\/\/www.tabanispartacus.hu\/tajfuto\/2008\/tavaszi_spari\/tavaszi2008_spari.html\">Overall results<\/a><\/strong><\/p>\n<\/li>\n<li>\n<p align=\"left\"><strong><a href=\"http:\/\/www.tabanispartacus.hu\/tajfuto\/2008\/tavaszi_spari\/tavaszi2008_mikro.html\">Results of the Microsprint<\/a><\/strong><\/p>\n<\/li>\n<li>\n<p align=\"left\"><strong><a href=\"http:\/\/www.tabanispartacus.hu\/tajfuto\/2008\/tavaszi_spari\/tavaszi2008_mikro_si.html\">SI-results of the Microsprint<\/a><\/strong><\/p>\n<\/li>\n<li>\n<p align=\"left\"><strong><a href=\"http:\/\/www.tabanispartacus.hu\/tajfuto\/2008\/tavaszi_spari\/2008TavasziGyerekverseny.doc\">Children&#8217;s race results<\/a><\/strong><\/p>\n<\/li>\n<li>\n<p align=\"left\"><strong><a href=\"http:\/\/www.tabanispartacus.hu\/tajfuto\/2008\/tavaszi_spari\/tavaszi2008_bp_normal_eredmeny.html\">Normal distance Budapest Open Championship&#8217;s results<\/a><\/strong><\/p>\n<\/li>\n<li>\n<p align=\"left\"><strong><a href=\"http:\/\/www.tabanispartacus.hu\/tajfuto\/2008\/tavaszi_spari\/tavaszi2008_bp_hosszu_eredmeny.html\">Long distance Budapest Open Championship&#8217;s results<\/a><\/strong><\/p>\n<\/li>\n<\/ul>\n<\/td>\n<\/tr>\n<\/tbody>\n<\/table>\n","protected":false},"excerpt":{"rendered":"<p>&nbsp; 2008 XIII. Dobog\u00f3k\u0151i Hegyi Fut\u00f3verseny 2008. november 22., Pilis\u0096Visegr\u00e1di-hegys\u00e9g, Dobog\u00f3k\u0151 &nbsp; T\u00e9rk\u00e9p Ki\u00edr\u00e1s T\u00faraeredm\u00e9nyek Fut\u00f3eredm\u00e9nyek &nbsp; \u0150szi Spartacus Kupa november 8-9., G\u00e1nt, V\u00e9rtes hg. Magyarul: Ki\u00edr\u00e1s (v.7) \u00c9rtes\u00edt\u0151 Rajtlista kateg\u00f3ri\u00e1nk\u00e9nt Rajtlista klubonk\u00e9nt Eredm\u00e9nyek &#8211; 1. nap Eredm\u00e9nyek &#8211; 2. nap SI-eredm\u00e9nyek &#8211; 1. nap SI-eredm\u00e9nyek &#8211; 2. nap \u00d6sszetett eredm\u00e9nyek Vil\u00e1granglista-futam eredm\u00e9nyei Kir\u00e1ly-szakasz eredm\u00e9nyei &hellip; <a href=\"https:\/\/www.tabanispartacus.hu\/tajfuto\/wordpress\/?page_id=414\" class=\"more-link\"><span class=\"screen-reader-text\">Versenyeink 2008-ban<\/span> olvas\u00e1s\u00e1nak folytat\u00e1sa <span class=\"meta-nav\">&rarr;<\/span><\/a><\/p>\n","protected":false},"author":1,"featured_media":0,"parent":34,"menu_order":0,"comment_status":"closed","ping_status":"closed","template":"","meta":{"ngg_post_thumbnail":0},"_links":{"self":[{"href":"https:\/\/www.tabanispartacus.hu\/tajfuto\/wordpress\/index.php?rest_route=\/wp\/v2\/pages\/414"}],"collection":[{"href":"https:\/\/www.tabanispartacus.hu\/tajfuto\/wordpress\/index.php?rest_route=\/wp\/v2\/pages"}],"about":[{"href":"https:\/\/www.tabanispartacus.hu\/tajfuto\/wordpress\/index.php?rest_route=\/wp\/v2\/types\/page"}],"author":[{"embeddable":true,"href":"https:\/\/www.tabanispartacus.hu\/tajfuto\/wordpress\/index.php?rest_route=\/wp\/v2\/users\/1"}],"replies":[{"embeddable":true,"href":"https:\/\/www.tabanispartacus.hu\/tajfuto\/wordpress\/index.php?rest_route=%2Fwp%2Fv2%2Fcomments&post=414"}],"version-history":[{"count":0,"href":"https:\/\/www.tabanispartacus.hu\/tajfuto\/wordpress\/index.php?rest_route=\/wp\/v2\/pages\/414\/revisions"}],"up":[{"embeddable":true,"href":"https:\/\/www.tabanispartacus.hu\/tajfuto\/wordpress\/index.php?rest_route=\/wp\/v2\/pages\/34"}],"wp:attachment":[{"href":"https:\/\/www.tabanispartacus.hu\/tajfuto\/wordpress\/index.php?rest_route=%2Fwp%2Fv2%2Fmedia&parent=414"}],"curies":[{"name":"wp","href":"https:\/\/api.w.org\/{rel}","templated":true}]}}