{"id":406,"date":"2012-07-12T12:28:23","date_gmt":"2012-07-12T10:28:23","guid":{"rendered":"http:\/\/tabanispartacus.wordpress.com\/?page_id=406"},"modified":"2012-07-12T12:28:23","modified_gmt":"2012-07-12T10:28:23","slug":"versenyeink-2011-ben","status":"publish","type":"page","link":"https:\/\/www.tabanispartacus.hu\/tajfuto\/wordpress\/?page_id=406","title":{"rendered":"Versenyeink 2011-ben"},"content":{"rendered":"<p>&nbsp;<\/p>\n<table width=\"100%\" border=\"0\" cellspacing=\"0\" cellpadding=\"10\">\n<tbody>\n<tr>\n<td valign=\"top\" width=\"100%\">\n<p align=\"center\"><strong><span style=\"font-size:small;\">2011<\/span><\/strong><\/p>\n<table>\n<tbody>\n<tr>\n<td><strong><a title=\"XVI. Dobog\u00f3k\u0151i Hegyi Fut\u00f3verseny\/16th Mountain Running of Dobog\u00f3k\u0151\" href=\"http:\/\/www.tabanispartacus.hu\/tajfuto\/sparikupa_11.htm#dobogokoi\">XVI. Dobog\u00f3k\u0151i Hegyi Fut\u00f3verseny\/16th Mountain Running of Dobog\u00f3k\u0151<\/a><\/strong><\/td>\n<td>2011. 11. 19.<\/td>\n<\/tr>\n<tr>\n<td><strong><a title=\"59. \u0150szi Spartacus Kupa\/59th Autumn Spartacus Cup\" href=\"http:\/\/www.tabanispartacus.hu\/tajfuto\/sparikupa_11.htm#oszi\">59. \u0150szi Spartacus Kupa\/59th Autumn Spartacus Cup<\/a><\/strong><\/td>\n<td>2011. 11. 05-06.<\/td>\n<\/tr>\n<tr>\n<td><strong><a title=\"Budapesti Pontbegy\u0171jt\u0151 Csapatbajnoks\u00e1g\" href=\"http:\/\/www.tabanispartacus.hu\/tajfuto\/sparikupa_11.htm#bppcsb\">Budapesti Pontbegy\u0171jt\u0151 Csapatbajnoks\u00e1g<\/a><\/strong><\/td>\n<td>2011. 08. 27.<\/td>\n<\/tr>\n<tr>\n<td><strong><a title=\"Ny\u00e1ri Spartacus Kupa\" href=\"http:\/\/www.tabanispartacus.hu\/tajfuto\/sparikupa_11.htm#nyari\">Ny\u00e1ri Spartacus Kupa<\/a><\/strong><\/td>\n<td>2011. 08. 10.<\/td>\n<\/tr>\n<tr>\n<td><strong><a title=\"Gell\u00e9rthegy Kupa\" href=\"http:\/\/www.tabanispartacus.hu\/tajfuto\/sparikupa_11.htm#gellerthegy\">Gell\u00e9rthegy Kupa<\/a><\/strong><\/td>\n<td>2011. 06. 29.<\/td>\n<\/tr>\n<tr>\n<td><strong><a title=\"T\u00e1j\u00e9koz\u00f3d\u00e1si Sportok F\u0151v\u00e1rosi Fesztiv\u00e1lja \/ Budapesti Di\u00e1kolimpia\" href=\"http:\/\/www.tabanispartacus.hu\/tajfuto\/sparikupa_11.htm#fesztival\">T\u00e1j\u00e9koz\u00f3d\u00e1si Sportok F\u0151v\u00e1rosi Fesztiv\u00e1lja \/ Budapesti Di\u00e1kolimpia<\/a><\/strong><\/td>\n<td>2011. 04. 16.<\/td>\n<\/tr>\n<tr>\n<td><a title=\"48. Tavaszi Spartacus Kupa\/48th Spring Spartacus Cup\" href=\"http:\/\/www.tabanispartacus.hu\/tajfuto\/sparikupa_11.htm#tavaszi\"><strong>48. Tavaszi Spartacus Kupa\/48th Spring Spartacus Cup \/<br \/>\nBudapest Norm\u00e1lt\u00e1v\u00fa Bajnoks\u00e1ga<\/strong><\/a><\/td>\n<td>2011. 03. 14-15.<\/td>\n<\/tr>\n<\/tbody>\n<\/table>\n<hr \/>\n<p>&nbsp;<\/p>\n<p id=\"dobogokoi\" align=\"left\"><strong>XVI. Dobog\u00f3k\u0151i Hegyi Fut\u00f3verseny\/16th Mountain Running of Dobog\u00f3k\u0151<\/strong><br \/>\n<em>2011. 11. 19., Dobog\u00f3k\u0151<\/em><\/p>\n<p>&nbsp;<\/p>\n<ul>\n<li><strong><a title=\"Ki\u00edr\u00e1s\" href=\"http:\/\/www.tabanispartacus.hu\/tajfuto\/2011\/dobogokoi\/2011hegyifuto-kiiras_111115.doc\">Ki\u00edr\u00e1s<\/a><\/strong><\/li>\n<li><strong><a title=\"Ki\u00edr\u00e1s\" href=\"http:\/\/www.tabanispartacus.hu\/tajfuto\/2011\/dobogokoi\/2011hegyifuto-kiiras_angol_j.doc\">Invitation in English<\/a><\/strong><\/li>\n<li><strong><a title=\"T\u00e9rk\u00e9pv\u00e1zlat\/Map\" href=\"http:\/\/www.tabanispartacus.hu\/tajfuto\/2011\/dobogokoi\/hegyif_terkepvazlat.pdf\" target=\"_blank\">T\u00e9rk\u00e9pv\u00e1zlat\/Map showing all of the controls<\/a><\/strong><\/li>\n<li><strong>\u00datvonalle\u00edr\u00e1sok<\/strong>:\n<ul>\n<li><strong><a title=\"Maraton\" href=\"http:\/\/www.tabanispartacus.hu\/tajfuto\/index.php?page=2011\/dobogokoi\/dobogokoi_maratoni_leiras.htm\">Maraton<\/a><\/strong><\/li>\n<li><strong><a title=\"F\u00e9lmaraton\" href=\"http:\/\/www.tabanispartacus.hu\/tajfuto\/index.php?page=2011\/dobogokoi\/dobogokoi_felmaratoni_leiras.htm\">F\u00e9lmaraton<\/a><\/strong><\/li>\n<li><strong><a title=\"Kismaraton\" href=\"http:\/\/www.tabanispartacus.hu\/tajfuto\/index.php?page=2011\/dobogokoi\/dobogokoi_kismaratoni_leiras.htm\">Kismaraton<\/a><\/strong><\/li>\n<\/ul>\n<\/li>\n<li><strong>Eredm\u00e9nyek<\/strong>:\n<ul>\n<li><strong><a title=\"T\u00fara eredm\u00e9nyek\" href=\"http:\/\/www.tabanispartacus.hu\/tajfuto\/2011\/dobogokoi\/eredmeny\/2011_dobogokoi_tura_eredmeny.xls\">T\u00fara kateg\u00f3ri\u00e1k<\/a><\/strong><\/li>\n<li><strong><a title=\"Fut\u00f3 eredm\u00e9nyek\" href=\"http:\/\/www.tabanispartacus.hu\/tajfuto\/2011\/dobogokoi\/eredmeny\/2011_dobogokoi_eredmeny.htm\">Fut\u00f3 kateg\u00f3ri\u00e1k<\/a><\/strong><\/li>\n<li><strong><a title=\"Fut\u00f3 eredm\u00e9nyek SI\" href=\"http:\/\/www.tabanispartacus.hu\/tajfuto\/2011\/dobogokoi\/eredmeny\/2011_dobogokoi_SI_eredmeny.htm\">Fut\u00f3 kateg\u00f3ri\u00e1k SI<\/a><\/strong><\/li>\n<\/ul>\n<\/li>\n<li><strong><a title=\"Tal\u00e1lt!\" href=\"http:\/\/www.tabanispartacus.hu\/tajfuto\/index.php?page=main\">Gazd\u00e1tlan kab\u00e1t!<\/a><\/strong><\/li>\n<\/ul>\n<p>&nbsp;<\/p>\n<p>&nbsp;<\/p>\n<hr \/>\n<p>&nbsp;<\/p>\n<p id=\"oszi\" align=\"left\"><strong>59. \u0150szi Spartacus Kupa\/59th Autumn Spartacus Cup<\/strong><br \/>\n<em>2011. 11. 05-06., V\u00e9rtes, Cs\u00e1kv\u00e1r, Vaskapu-v\u00f6lgy<\/em><\/p>\n<p>&nbsp;<\/p>\n<ul>\n<ul>\n<li><strong>Magyarul<\/strong>:\n<ul>\n<li><a title=\"Ki\u00edr\u00e1s\" href=\"http:\/\/www.tabanispartacus.hu\/tajfuto\/2011\/oszi\/2011oszisparikiiras-hu.doc\">Ki\u00edr\u00e1s<\/a><\/li>\n<li><strong><a title=\"\u00c9rtes\u00edt\u0151\" href=\"http:\/\/www.tabanispartacus.hu\/tajfuto\/2011\/oszi\/2011_oszi_spari_ertesito_hu.doc\">\u00c9rtes\u00edt\u0151<\/a><\/strong><\/li>\n<li><strong><a title=\"P\u00e1lyaadatok\" href=\"http:\/\/www.tabanispartacus.hu\/tajfuto\/2011\/oszi\/2011_oszi_spari_ertesito_palya.doc\">P\u00e1lyaadatok<\/a><\/strong><\/li>\n<li><strong><a title=\"Cs\u00e1kv\u00e1rr\u00f3l\" href=\"http:\/\/www.tabanispartacus.hu\/tajfuto\/2011\/oszi\/csakvar.doc\">Cs\u00e1kv\u00e1rr\u00f3l<\/a><\/strong><\/li>\n<li><strong><a title=\"Rajtlista kateg\u00f3ri\u00e1nk\u00e9nt\" href=\"http:\/\/www.tabanispartacus.hu\/tajfuto\/2011\/oszi\/1-2nap.html\">Rajtlista kateg\u00f3ri\u00e1nk\u00e9nt<\/a><\/strong><\/li>\n<li><strong><a title=\"Rajtlista klubonk\u00e9nt\" href=\"http:\/\/www.tabanispartacus.hu\/tajfuto\/2011\/oszi\/klub.html\">Rajtlista klubonk\u00e9nt<\/a><\/strong><\/li>\n<li><strong>Eredm\u00e9nyek<\/strong>:\n<ul>\n<li><a title=\"1. napi\" href=\"http:\/\/www.tabanispartacus.hu\/tajfuto\/2011\/oszi\/eredmenyek\/1nap.html\" target=\"_blank\"><strong>1. napi<\/strong><\/a><\/li>\n<li><a title=\"1. napi SI\" href=\"http:\/\/www.tabanispartacus.hu\/tajfuto\/2011\/oszi\/eredmenyek\/1nap_si.html\" target=\"_blank\"><strong>1. napi SI<\/strong><\/a><\/li>\n<li><a title=\"1. napi r\u00e9szletes SI\" href=\"http:\/\/www.tabanispartacus.hu\/tajfuto\/2011\/oszi\/eredmenyek\/1nap_si_kiterjesztett.html\" target=\"_blank\"><strong>1. napi r\u00e9szletes SI<\/strong><\/a><\/li>\n<li><a title=\"2. napi\" href=\"http:\/\/www.tabanispartacus.hu\/tajfuto\/2011\/oszi\/eredmenyek\/2nap.html\" target=\"_blank\"><strong>2. napi<\/strong><\/a><\/li>\n<li><a title=\"2. napi SI\" href=\"http:\/\/www.tabanispartacus.hu\/tajfuto\/2011\/oszi\/eredmenyek\/2nap_si.html\" target=\"_blank\"><strong>2. napi SI<\/strong><\/a><\/li>\n<li><a title=\"2. napi r\u00e9szletes SI\" href=\"http:\/\/www.tabanispartacus.hu\/tajfuto\/2011\/oszi\/eredmenyek\/2nap_si_kiterjesztett.html\" target=\"_blank\"><strong>2. napi r\u00e9szletes SI<\/strong><\/a><\/li>\n<li><a title=\"\u00d6sszetett\" href=\"http:\/\/www.tabanispartacus.hu\/tajfuto\/2011\/oszi\/eredmenyek\/osszetett.html\" target=\"_blank\"><strong><span style=\"text-decoration:underline;\">\u00d6sszetett<\/span><\/strong><\/a><\/li>\n<\/ul>\n<\/li>\n<li><strong>V\u00e9lem\u00e9nyek: <a title=\"Nagy S\u00e1ndor blogja\" href=\"http:\/\/dilettanstajfuto.blogspot.com\/2011\/11\/oszi-spari-2011-kek-eg-alatt-szeles.html\" target=\"_blank\">Nagy S\u00e1ndor blogja<\/a><\/strong><\/li>\n<\/ul>\n<\/li>\n<\/ul>\n<\/ul>\n<ul>\n<li><strong>In English<\/strong>:\n<ul>\n<li><a title=\"Invitation\" href=\"http:\/\/www.tabanispartacus.hu\/tajfuto\/2011\/oszi\/2011oszisparikiiras-en.doc\">Invitation<\/a><\/li>\n<li><strong><a title=\"Information\" href=\"http:\/\/www.tabanispartacus.hu\/tajfuto\/2011\/oszi\/2011_oszi_spari_ertesito_en.doc\">Information<\/a><\/strong><\/li>\n<li><strong><a title=\"Data on the courses\" href=\"http:\/\/www.tabanispartacus.hu\/tajfuto\/2011\/oszi\/2011_oszi_spari_ertesito_palya.doc\">Data of the courses<\/a><\/strong><\/li>\n<li><strong><a title=\"Startlist by categories\" href=\"http:\/\/www.tabanispartacus.hu\/tajfuto\/2011\/oszi\/1-2nap.html\">Startlist by categories<\/a><\/strong><\/li>\n<li><strong><a title=\"Startlist by clubs\" href=\"http:\/\/www.tabanispartacus.hu\/tajfuto\/2011\/oszi\/klub.html\">Startlist by clubs<\/a><\/strong><\/li>\n<li><strong>Results<\/strong>:\n<ul>\n<li><a title=\"1st day\" href=\"http:\/\/www.tabanispartacus.hu\/tajfuto\/2011\/oszi\/eredmenyek\/1nap.html\" target=\"_blank\"><strong>1st day<\/strong><\/a><\/li>\n<li><a title=\"1st day SI\" href=\"http:\/\/www.tabanispartacus.hu\/tajfuto\/2011\/oszi\/eredmenyek\/1nap_si.html\" target=\"_blank\"><strong>1st day SI<\/strong><\/a><\/li>\n<li><a title=\"1st day detailed SI\" href=\"http:\/\/www.tabanispartacus.hu\/tajfuto\/2011\/oszi\/eredmenyek\/1nap_si_kiterjesztett.html\" target=\"_blank\"><strong>1st day detailed SI<\/strong><\/a><\/li>\n<li><a title=\"2nd day\" href=\"http:\/\/www.tabanispartacus.hu\/tajfuto\/2011\/oszi\/eredmenyek\/2nap.html\" target=\"_blank\"><strong>2nd day<\/strong><\/a><\/li>\n<li><a title=\"2nd day SI\" href=\"http:\/\/www.tabanispartacus.hu\/tajfuto\/2011\/oszi\/eredmenyek\/2nap_si.html\" target=\"_blank\"><strong>2nd day SI<\/strong><\/a><\/li>\n<li><a title=\"2nd day detailed SI\" href=\"http:\/\/www.tabanispartacus.hu\/tajfuto\/2011\/oszi\/eredmenyek\/2nap_si_kiterjesztett.html\" target=\"_blank\"><strong>2nd day detailed SI<\/strong><\/a><\/li>\n<li><a title=\"Overall\" href=\"http:\/\/www.tabanispartacus.hu\/tajfuto\/2011\/oszi\/eredmenyek\/osszetett.html\" target=\"_blank\"><strong><span style=\"text-decoration:underline;\">Overall<\/span><\/strong><\/a><\/li>\n<\/ul>\n<\/li>\n<\/ul>\n<\/li>\n<\/ul>\n<p>&nbsp;<\/p>\n<p>&nbsp;<\/p>\n<hr \/>\n<p>&nbsp;<\/p>\n<p id=\"bppcsb\" align=\"left\"><strong>Budapesti Pontbegy\u0171jt\u0151 Csapatbajnoks\u00e1g<\/strong><br \/>\n<em>2011. 08. 27., Budapest, Gell\u00e9rt-hegy<\/em><\/p>\n<p>&nbsp;<\/p>\n<ul>\n<li><a title=\"Ki\u00edr\u00e1s\" href=\"http:\/\/www.tabanispartacus.hu\/tajfuto\/index.php?page=2011\/bppcsb\/bppcsb_kiiras\">Ki\u00edr\u00e1s<\/a> (<a title=\"Nyomtathat\u00f3 v\u00e1ltozat\" href=\"http:\/\/www.tabanispartacus.hu\/tajfuto\/2011\/bppcsb\/110827Bp_PCSB_kiiras_j.doc\" target=\"_blank\">Nyomtathat\u00f3 v\u00e1ltozat<\/a>)<\/li>\n<li><a title=\"\u00c9rtes\u00edt\u0151\" href=\"http:\/\/www.tabanispartacus.hu\/tajfuto\/index.php?page=2011\/bppcsb\/bppcsb_ertesito\">\u00c9rtes\u00edt\u0151<\/a> (<a title=\"Nyomtathat\u00f3 v\u00e1ltozat\" href=\"http:\/\/www.tabanispartacus.hu\/tajfuto\/2011\/bppcsb\/2011Bp_PCSB_ertesito.doc\" target=\"_blank\">Nyomtathat\u00f3 v\u00e1ltozat<\/a>)<\/li>\n<li><strong>Eredm\u00e9nyek:<\/strong>\n<ul>\n<li><strong><a title=\"Eredm\u00e9nyek\" href=\"http:\/\/www.tabanispartacus.hu\/tajfuto\/2011\/bppcsb\/bppcsb_2011.html\" target=\"_blank\">Csapatbajnoks\u00e1g<\/a><\/strong><\/li>\n<li><strong><a title=\"SI Eredm\u00e9nyek\" href=\"http:\/\/www.tabanispartacus.hu\/tajfuto\/2011\/bppcsb\/bppcsb_2011_si.html\" target=\"_blank\">Csapatbajnoks\u00e1g SI<\/a><\/strong><\/li>\n<li><strong><a title=\"Egy\u00e9ni Eredm\u00e9nyek\" href=\"http:\/\/www.tabanispartacus.hu\/tajfuto\/2011\/bppcsb\/bppscb_egyeni.xls\" target=\"_blank\">Egy\u00e9ni<\/a><\/strong><\/li>\n<\/ul>\n<\/li>\n<\/ul>\n<p>&nbsp;<\/p>\n<p>&nbsp;<\/p>\n<hr \/>\n<p>&nbsp;<\/p>\n<p id=\"nyari\" align=\"left\"><strong>Ny\u00e1ri Spartacus Kupa<\/strong><br \/>\n<em>2011. 08. 10., Budapest, Tab\u00e1n<\/em><\/p>\n<p>&nbsp;<\/p>\n<ul>\n<li><a title=\"Ki\u00edr\u00e1s\" href=\"http:\/\/www.tabanispartacus.hu\/tajfuto\/index.php?page=2011\/nyari\/nyari_kiiras\">Ki\u00edr\u00e1s<\/a> (<a title=\"Nyomtathat\u00f3 v\u00e1ltozat\" href=\"http:\/\/www.tabanispartacus.hu\/tajfuto\/2011\/nyari\/110810Nyari_spari_kiiras_j.doc\" target=\"_blank\">Nyomtathat\u00f3 v\u00e1ltozat<\/a>)<\/li>\n<li><strong><a title=\"Eredm\u00e9nyek\" href=\"http:\/\/www.tabanispartacus.hu\/tajfuto\/2011\/nyari\/nyari_2011_si.html\">SI Eredm\u00e9nyek<\/a><\/strong><\/li>\n<li><strong><a title=\"Eredm\u00e9nyek\" href=\"http:\/\/www.tabanispartacus.hu\/tajfuto\/2011\/nyari\/nyari_2011.html\">Eredm\u00e9nyek<\/a><\/strong><\/li>\n<\/ul>\n<p>&nbsp;<\/p>\n<p>&nbsp;<\/p>\n<hr \/>\n<p>&nbsp;<\/p>\n<p id=\"gellerthegy\" align=\"left\"><strong>Gell\u00e9rthegy Kupa<\/strong><br \/>\n<em>2011. 06. 29., Budapest, Gell\u00e9rt-hegy<\/em><\/p>\n<p>&nbsp;<\/p>\n<ul>\n<li><a title=\"Ki\u00edr\u00e1s\" href=\"http:\/\/www.tabanispartacus.hu\/tajfuto\/index.php?page=2011\/gellerthegy\/gellerthegy_kiiras\">Ki\u00edr\u00e1s<\/a> (<a title=\"Nyomtathat\u00f3 v\u00e1ltozat\" href=\"http:\/\/www.tabanispartacus.hu\/tajfuto\/2011\/gellerthegy\/110629Gellerthegy-K_kiiras_j.doc\" target=\"_blank\">Nyomtathat\u00f3 v\u00e1ltozat<\/a>)<\/li>\n<li><strong><a title=\"eredm\u00e9nyek\" href=\"http:\/\/www.tabanispartacus.hu\/tajfuto\/2011\/gellerthegy\/eredmeny.txt\">Eredm\u00e9nyek<\/a><\/strong><\/li>\n<\/ul>\n<p>&nbsp;<\/p>\n<p>&nbsp;<\/p>\n<hr \/>\n<p>&nbsp;<\/p>\n<p id=\"fesztival\" align=\"left\"><strong>T\u00e1j\u00e9koz\u00f3d\u00e1si Sportok F\u0151v\u00e1rosi Fesztiv\u00e1lja \/ Budapesti Di\u00e1kolimpia<\/strong><br \/>\n<em>2011. 04. 16., Budapest, XI., Gazdagr\u00e9t<\/em><\/p>\n<p>&nbsp;<\/p>\n<ul>\n<li><strong><a title=\"Honlapja\" href=\"http:\/\/www.tabanispartacus.hu\/tajfuto\/2011\/fesztival\/fesztival.html\">Honlapja<\/a><\/strong><\/li>\n<\/ul>\n<p>&nbsp;<\/p>\n<p>&nbsp;<\/p>\n<hr \/>\n<p>&nbsp;<\/p>\n<p id=\"tavaszi\" align=\"left\"><strong>48. Tavaszi Spartacus Kupa\/48th Spring Spartacus Cup \/ Budapest Norm\u00e1lt\u00e1v\u00fa Bajnoks\u00e1ga<\/strong><br \/>\n<em>2011. 03. 14-15., V\u00e9rtes, G\u00e1nt-B\u00e1nyatelep<\/em><\/p>\n<ul>\n<li><strong><a title=\"Honlapja\" href=\"http:\/\/www.tabanispartacus.hu\/tajfuto\/2011\/tavaszi\/tavasz.htm\">Honlapja<\/a><\/strong><\/li>\n<li><strong><a title=\"Honlapja\" href=\"http:\/\/www.tabanispartacus.hu\/tajfuto\/2011\/tavaszi\/english.htm\">Website<\/a><\/strong><\/li>\n<\/ul>\n<p>&nbsp;<\/p>\n<p>&nbsp;<\/td>\n<\/tr>\n<\/tbody>\n<\/table>\n","protected":false},"excerpt":{"rendered":"<p>&nbsp; 2011 XVI. Dobog\u00f3k\u0151i Hegyi Fut\u00f3verseny\/16th Mountain Running of Dobog\u00f3k\u0151 2011. 11. 19. 59. \u0150szi Spartacus Kupa\/59th Autumn Spartacus Cup 2011. 11. 05-06. Budapesti Pontbegy\u0171jt\u0151 Csapatbajnoks\u00e1g 2011. 08. 27. Ny\u00e1ri Spartacus Kupa 2011. 08. 10. Gell\u00e9rthegy Kupa 2011. 06. 29. T\u00e1j\u00e9koz\u00f3d\u00e1si Sportok F\u0151v\u00e1rosi Fesztiv\u00e1lja \/ Budapesti Di\u00e1kolimpia 2011. 04. 16. 48. Tavaszi Spartacus Kupa\/48th Spring &hellip; <a href=\"https:\/\/www.tabanispartacus.hu\/tajfuto\/wordpress\/?page_id=406\" class=\"more-link\"><span class=\"screen-reader-text\">Versenyeink 2011-ben<\/span> olvas\u00e1s\u00e1nak folytat\u00e1sa <span class=\"meta-nav\">&rarr;<\/span><\/a><\/p>\n","protected":false},"author":1,"featured_media":0,"parent":34,"menu_order":0,"comment_status":"closed","ping_status":"closed","template":"","meta":{"ngg_post_thumbnail":0},"_links":{"self":[{"href":"https:\/\/www.tabanispartacus.hu\/tajfuto\/wordpress\/index.php?rest_route=\/wp\/v2\/pages\/406"}],"collection":[{"href":"https:\/\/www.tabanispartacus.hu\/tajfuto\/wordpress\/index.php?rest_route=\/wp\/v2\/pages"}],"about":[{"href":"https:\/\/www.tabanispartacus.hu\/tajfuto\/wordpress\/index.php?rest_route=\/wp\/v2\/types\/page"}],"author":[{"embeddable":true,"href":"https:\/\/www.tabanispartacus.hu\/tajfuto\/wordpress\/index.php?rest_route=\/wp\/v2\/users\/1"}],"replies":[{"embeddable":true,"href":"https:\/\/www.tabanispartacus.hu\/tajfuto\/wordpress\/index.php?rest_route=%2Fwp%2Fv2%2Fcomments&post=406"}],"version-history":[{"count":0,"href":"https:\/\/www.tabanispartacus.hu\/tajfuto\/wordpress\/index.php?rest_route=\/wp\/v2\/pages\/406\/revisions"}],"up":[{"embeddable":true,"href":"https:\/\/www.tabanispartacus.hu\/tajfuto\/wordpress\/index.php?rest_route=\/wp\/v2\/pages\/34"}],"wp:attachment":[{"href":"https:\/\/www.tabanispartacus.hu\/tajfuto\/wordpress\/index.php?rest_route=%2Fwp%2Fv2%2Fmedia&parent=406"}],"curies":[{"name":"wp","href":"https:\/\/api.w.org\/{rel}","templated":true}]}}