{"id":3922,"date":"2019-01-14T21:07:26","date_gmt":"2019-01-14T20:07:26","guid":{"rendered":"http:\/\/www.tabanispartacus.hu\/tajfuto\/wordpress\/?page_id=3922"},"modified":"2019-01-15T09:50:11","modified_gmt":"2019-01-15T08:50:11","slug":"sajtonk-2017","status":"publish","type":"page","link":"https:\/\/www.tabanispartacus.hu\/tajfuto\/wordpress\/?page_id=3922","title":{"rendered":"Sajt\u00f3nk 2017"},"content":{"rendered":"\n<table id=\"wp-table-reloaded-id-39-no-1\" class=\"wp-table-reloaded wp-table-reloaded-id-39\">\n<thead>\n\t<tr class=\"row-1 odd\">\n\t\t<th class=\"column-1\">\u00dajs\u00e1g neve, sz\u00e1ma, honlap neve, cikk id\u00f5pontja<\/th><th class=\"column-2\">oldal<\/th><th class=\"column-3\"><\/th><th class=\"column-4\">Cikk c\u00edme<\/th><th class=\"column-5\">Cikk szerz\u00f5je<\/th>\n\t<\/tr>\n<\/thead>\n<tbody>\n\t<tr class=\"row-2 even\">\n\t\t<td class=\"column-1\"><a target='_blank' href='\/tajfuto\/sajtonk\/2017\/Varnegyed-0126_HajraTSp-2.jpg'>V\u00e1rnegyed XXII\/2<\/a><br \/>\r\n2017.01.26.<\/td><td class=\"column-2\"><\/td><td class=\"column-3\"><\/td><td class=\"column-4\">Hajr\u00e1 Tab\u00e1ni Spartacus<\/td><td rowspan=\"2\" class=\"column-5 rowspan-2\">Zacher M\u00e1rton<\/td>\n\t<\/tr>\n\t<tr class=\"row-3 odd\">\n\t\t<td class=\"column-1\"><a target='_blank' href='https:\/\/drive.google.com\/file\/d\/0ByMAHJXv8dryOVZlRElQbTFpbmM\/view'>Attila \u00fat 2.<\/a><br \/>\r\n2017.02.15.<\/td><td class=\"column-2\"><\/td><td class=\"column-3\"><\/td><td class=\"column-4\">Edz\u00e9s az \u00faj konditerm\u00fcnkben<\/td>\n\t<\/tr>\n\t<tr class=\"row-4 even\">\n\t\t<td class=\"column-1\"><a target='_blank' href='\/tajfuto\/sajtonk\/2017\/Fehervar-0406_Palotavarostol__2.jpg'>Feh\u00e9rV\u00e1r c\u00edmlap<\/a><br \/>\r\n<a target='_blank' href='\/tajfuto\/sajtonk\/2017\/Fehervar-0406_Palotavarostol__1.jpg'>Feh\u00e9rV\u00e1r 29<\/a><br \/>\r\n2017.04.06.<\/td><td class=\"column-2\">c\u00edmlap, 29<\/td><td class=\"column-3\"><\/td><td class=\"column-4\">Palotav\u00e1rost\u00f3l a Gaja-szurdokig<\/td><td class=\"column-5\">N\u00e9meth Kriszti\u00e1n<\/td>\n\t<\/tr>\n\t<tr class=\"row-5 odd\">\n\t\t<td class=\"column-1\"><a target='_blank' href='\/tajfuto\/sajtonk\/2017\/MTFSZ-honlapon\/170717_Bajnoki_pontverseny_allasa.doc'>mtfsz.hu<\/a><br \/>\r\n2017.07.17.<\/td><td class=\"column-2\"><\/td><td class=\"column-3\"><\/td><td class=\"column-4\">A Bajnoki pontverseny \u00e1ll\u00e1sa<\/td><td class=\"column-5\">Moln\u00e1r P\u00e9ter<br \/>\r\n(fot\u00f3: M\u00e1th\u00e9 Istv\u00e1n)<\/td>\n\t<\/tr>\n\t<tr class=\"row-6 even\">\n\t\t<td class=\"column-1\"><a target='_blank' href='\/tajfuto\/sajtonk\/2017\/MTFSZ-honlapon\/170724_Vilagjatekok_beharangozo.doc'>mtfsz.hu<\/a><br \/>\r\n2017.07.24.<br \/>\r\n<a target='_blank' href='\/tajfuto\/sajtonk\/2017\/MTFSZ-honlapon\/170726_Vilagjatekok_MajaAlm_es_JerkerLysell_nyertek_a_sprintet.doc'>mtfsz.hu<\/a><br \/>\r\n2017.07.26.<br \/>\r\n<a target='_blank' href='\/tajfuto\/sajtonk\/2017\/MTFSZ-honlapon\/170727-1_Vilagjatekok_HelenaJansson_es_MatthiasKyburz_a_kozeptav_gyoztesei.doc'>mtfsz.hu<\/a><br \/>\r\n2017.07.27.<br \/>\r\n<a target='_blank' href='\/tajfuto\/sajtonk\/2017\/MTFSZ-honlapon\/170727-2_Vilagjatekok_Dan_elsoseg_a_valton.doc'>mtfsz.hu<\/a><\/td><td class=\"column-2\"><\/td><td class=\"column-3\"><\/td><td class=\"column-4\">Vil\u00e1gj\u00e1t\u00e9kok<br \/>\r\n(beharangoz\u00f3)<br \/>\r\n(Maja Alm \u00e9s Jerker Lysell nyert\u00e9k a sprintet)<br \/>\r\n(Helena Jansson \u00e9s Matthias Kyburz a k\u00f6z\u00e9pt\u00e1v gy\u0151ztesei)<br \/>\r\n(D\u00e1n els\u0151s\u00e9g a v\u00e1lt\u00f3n)<\/td><td class=\"column-5\">Moln\u00e1r P\u00e9ter<br \/>\r\n(fot\u00f3: orienteering.org)<\/td>\n\t<\/tr>\n\t<tr class=\"row-7 odd\">\n\t\t<td class=\"column-1\"><a target='_blank' href='\/tajfuto\/sajtonk\/2017\/MTFSZ-honlapon\/170814_Hungaria_kupa_Orfun.doc'>mtfsz.hu<\/a><br \/>\r\n2017.08.14.<\/td><td class=\"column-2\"><\/td><td class=\"column-3\"><\/td><td class=\"column-4\">Hung\u00e1ria kupa Orf\u0171n<\/td><td class=\"column-5\">Moln\u00e1r P\u00e9ter<\/td>\n\t<\/tr>\n\t<tr class=\"row-8 even\">\n\t\t<td class=\"column-1\"><a target='_blank' href='\/tajfuto\/sajtonk\/2017\/MTFSZ-honlapon\/170917_WeilerVirag_es_TugyiLevente_a_sprint_bajnokok_SPA.doc'>mtfsz.hu<\/a><br \/>\r\n2017.09.17.<\/td><td class=\"column-2\"><\/td><td class=\"column-3\"><\/td><td class=\"column-4\">Weiler Vir\u00e1g \u00e9s Tugyi Levente<br \/>\r\na sprint bajnokok<\/td><td class=\"column-5\">Moln\u00e1r P\u00e9ter<br \/>\r\n(fot\u00f3: rendez\u0151k)<\/td>\n\t<\/tr>\n\t<tr class=\"row-9 odd\">\n\t\t<td class=\"column-1\"><a target='_blank' href='\/tajfuto\/sajtonk\/2017\/MTFSZ-honlapon\/170918_A TabaniSpartacus_nyerte_a_SprintValtoOB-t_SPA.doc'>mtfsz.hu<\/a><br \/>\r\n2017.09.18.<\/td><td class=\"column-2\"><\/td><td class=\"column-3\"><\/td><td class=\"column-4\">A Tab\u00e1ni Spartacus nyerte a Sprint V\u00e1lt\u00f3 OB-t<\/td><td class=\"column-5\">Moln\u00e1r P\u00e9ter<\/td>\n\t<\/tr>\n\t<tr class=\"row-10 even\">\n\t\t<td class=\"column-1\"><a target='_blank' href='\/tajfuto\/sajtonk\/2017\/MTFSZ-honlapon\/170928_Abajnok_pontverseny_allasa.doc'>mtfsz.hu<\/a><br \/>\r\n2017.09.28.<\/td><td class=\"column-2\"><\/td><td class=\"column-3\"><\/td><td class=\"column-4\">A Bajnoki pontverseny \u00e1ll\u00e1sa<\/td><td class=\"column-5\">Moln\u00e1r P\u00e9ter<br \/>\r\n(fot\u00f3: M\u00e1th\u00e9 Istv\u00e1n)<\/td>\n\t<\/tr>\n\t<tr class=\"row-11 odd\">\n\t\t<td class=\"column-1\"><a target='_blank' href='\/tajfuto\/sajtonk\/2017\/Varnegyed-1012_Prolog-elozetes.jpg'>V\u00e1rnegyed XXII\/17<\/a><br \/>\r\n2017.10.12.<\/td><td class=\"column-2\">8<\/td><td class=\"column-3\"><\/td><td class=\"column-4\">Nemzetk\u00f6zi t\u00e1jfut\u00f3 mez\u0151ny a Gell\u00e9rt-hegyen<br \/>\r\n(\u0150szi Spartacus Kupa Prol\u00f3g beharangoz\u00f3)<\/td><td class=\"column-5\">Tab\u00e1ni Spartacus SKE<\/td>\n\t<\/tr>\n\t<tr class=\"row-12 even\">\n\t\t<td class=\"column-1\"><a target='_blank' href='\/tajfuto\/sajtonk\/2017\/MTFSZ-honlapon\/171016-1_PVSK_es_TabaniSpartacus_gyozelem_a_CsapatOB-n_SPA.doc'>mtfsz.hu<\/a><br \/>\r\n---<br \/>\r\n<a target='_blank' href='\/tajfuto\/sajtonk\/2017\/MTFSZ-honlapon\/171016-2_A_SZVSE_es_a_Spari_nyertek_a_PCSB-t_SPA.doc'>mtfsz.hu<\/a><br \/>\r\n2017.10.16.<\/td><td class=\"column-2\"><\/td><td class=\"column-3\"><\/td><td class=\"column-4\">PVSK \u00e9s Tab\u00e1ni Spartacus gy\u0151zelem a Csapat OB-n<br \/>\r\n---<br \/>\r\nA SZVSE \u00e9s a Spari nyert\u00e9k a PCSB-t<\/td><td class=\"column-5\">Moln\u00e1r P\u00e9ter<br \/>\r\n(fot\u00f3: M\u00e1th\u00e9 Istv\u00e1n)<\/td>\n\t<\/tr>\n\t<tr class=\"row-13 odd\">\n\t\t<td class=\"column-1\"><a target='_blank' href='\/tajfuto\/sajtonk\/2017\/MTFSZ-honlapon\/171023_MOM_es_Tab\u00e1niSpartacus_siker_az_egyesuleti_valton_SPA.doc'>mtfsz.hu<\/a><br \/>\r\n2017.10.23.<\/td><td class=\"column-2\"><\/td><td class=\"column-3\"><\/td><td class=\"column-4\">MOM \u00e9s Tab\u00e1ni Spartacus<br \/>\r\nsiker az egyes\u00fcleti v\u00e1lt\u00f3n<\/td><td rowspan=\"2\" class=\"column-5 rowspan-2\">(fot\u00f3: M\u00e1th\u00e9 Istv\u00e1n)<\/td>\n\t<\/tr>\n\t<tr class=\"row-14 even\">\n\t\t<td class=\"column-1\"><a target='_blank' href='\/tajfuto\/sajtonk\/2017\/MTFSZ-honlapon\/171110_WeilerVirag_es_BaumholczerMate_nyertek_az_osszetett_bajnoksagot_SPA.doc'>mtfsz.hu<\/a><br \/>\r\n2017.11.10.<\/td><td class=\"column-2\"><\/td><td class=\"column-3\"><\/td><td class=\"column-4\">Weiler Vir\u00e1g \u00e9s Baumholczer M\u00e1t\u00e9 nyert\u00e9k az \u00f6sszetett bajnoks\u00e1got<\/td>\n\t<\/tr>\n\t<tr class=\"row-15 odd\">\n\t\t<td class=\"column-1\"><a target='_blank' href='\/tajfuto\/sajtonk\/2017\/MTFSZ-honlapon\/171111_ATabaniSpartacus_a_bajnoki_pontverseny_gyoztese_SPA.doc'>mtfsz.hu<\/a><br \/>\r\n2017.11.11.<\/td><td class=\"column-2\"><\/td><td class=\"column-3\"><\/td><td class=\"column-4\">A Tab\u00e1ni Spartacus a bajnoki pontverseny gy\u0151ztese<\/td><td rowspan=\"2\" class=\"column-5 rowspan-2\">Moln\u00e1r P\u00e9ter<br \/>\r\n(fot\u00f3: M\u00e1th\u00e9 Istv\u00e1n)<\/td>\n\t<\/tr>\n\t<tr class=\"row-16 even\">\n\t\t<td class=\"column-1\"><a target='_blank' href='\/tajfuto\/sajtonk\/2017\/Varnegyed-171221Tajf-varosn-TSp.jpg'>V\u00e1rnegyed XXII\/22<\/a><br \/>\r\n2017.12.21.<\/td><td class=\"column-2\">7<\/td><td class=\"column-3\"><\/td><td class=\"column-4\">T\u00e1jfut\u00f3 v\u00e1rosn\u00e9z\u00e9s a Gell\u00e9rt-hegyr\u0151l a Tab\u00e1ni Szparisokkal<br \/>\r\n(besz\u00e1mol\u00f3 a Prol\u00f3gr\u00f3l)<\/td>\n\t<\/tr>\n<\/tbody>\n<\/table>\n\n","protected":false},"excerpt":{"rendered":"","protected":false},"author":1,"featured_media":0,"parent":0,"menu_order":0,"comment_status":"closed","ping_status":"closed","template":"","meta":{"ngg_post_thumbnail":0},"_links":{"self":[{"href":"https:\/\/www.tabanispartacus.hu\/tajfuto\/wordpress\/index.php?rest_route=\/wp\/v2\/pages\/3922"}],"collection":[{"href":"https:\/\/www.tabanispartacus.hu\/tajfuto\/wordpress\/index.php?rest_route=\/wp\/v2\/pages"}],"about":[{"href":"https:\/\/www.tabanispartacus.hu\/tajfuto\/wordpress\/index.php?rest_route=\/wp\/v2\/types\/page"}],"author":[{"embeddable":true,"href":"https:\/\/www.tabanispartacus.hu\/tajfuto\/wordpress\/index.php?rest_route=\/wp\/v2\/users\/1"}],"replies":[{"embeddable":true,"href":"https:\/\/www.tabanispartacus.hu\/tajfuto\/wordpress\/index.php?rest_route=%2Fwp%2Fv2%2Fcomments&post=3922"}],"version-history":[{"count":6,"href":"https:\/\/www.tabanispartacus.hu\/tajfuto\/wordpress\/index.php?rest_route=\/wp\/v2\/pages\/3922\/revisions"}],"predecessor-version":[{"id":3932,"href":"https:\/\/www.tabanispartacus.hu\/tajfuto\/wordpress\/index.php?rest_route=\/wp\/v2\/pages\/3922\/revisions\/3932"}],"wp:attachment":[{"href":"https:\/\/www.tabanispartacus.hu\/tajfuto\/wordpress\/index.php?rest_route=%2Fwp%2Fv2%2Fmedia&parent=3922"}],"curies":[{"name":"wp","href":"https:\/\/api.w.org\/{rel}","templated":true}]}}