{"id":3919,"date":"2019-01-14T21:06:50","date_gmt":"2019-01-14T20:06:50","guid":{"rendered":"http:\/\/www.tabanispartacus.hu\/tajfuto\/wordpress\/?page_id=3919"},"modified":"2019-01-14T21:06:50","modified_gmt":"2019-01-14T20:06:50","slug":"sajtonk-2016","status":"publish","type":"page","link":"https:\/\/www.tabanispartacus.hu\/tajfuto\/wordpress\/?page_id=3919","title":{"rendered":"Sajt\u00f3nk 2016"},"content":{"rendered":"\n<table id=\"wp-table-reloaded-id-36-no-1\" class=\"wp-table-reloaded wp-table-reloaded-id-36\">\n<thead>\n\t<tr class=\"row-1 odd\">\n\t\t<th class=\"column-1\">\u00dajs\u00e1g neve, sz\u00e1ma, honlap neve, cikk id\u00f5pontja<\/th><th class=\"column-2\">oldal<\/th><th class=\"column-3\"><\/th><th class=\"column-4\">Cikk c\u00edme<\/th><th class=\"column-5\">Cikk szerz\u00f5je<\/th>\n\t<\/tr>\n<\/thead>\n<tbody>\n\t<tr class=\"row-2 even\">\n\t\t<td class=\"column-1\"><a target='_blank' href='\/tajfuto\/sajtonk\/2016\/x2.jpg'>T\u00e1jol\u00f3, 16\/1<\/a><\/td><td class=\"column-2\">10-11<\/td><td class=\"column-3\">T16\/1<\/td><td class=\"column-4\">Budapesti T\u00e1jfut\u00f3 Napok<br \/>\r\n(\u00c1bel, Misi)<\/td><td class=\"column-5\">foto M\u00e1th\u00e9 Istv\u00e1n<\/td>\n\t<\/tr>\n\t<tr class=\"row-3 odd\">\n\t\t<td class=\"column-1\"><a target='_blank' href='\/tajfuto\/sajtonk\/2016\/x1.jpg'>T\u00e1jol\u00f3, 16\/1<\/a><\/td><td class=\"column-2\">12-13<\/td><td class=\"column-3\">T16\/1<\/td><td class=\"column-4\">Az \u00e9v T\u00e1j\u00e9koz\u00f3d\u00e1si fut\u00f3i<br \/>\r\n(\u00c1ron)<\/td><td class=\"column-5\">Heged\u0171s B\u00e9la<\/td>\n\t<\/tr>\n\t<tr class=\"row-4 even\">\n\t\t<td class=\"column-1\"><a target='_blank' href='\/tajfuto\/sajtonk\/2016\/16-2Tajolo_0_c\u00edmlap_HOB-dobogo.jpg'>T\u00e1jol\u00f3, 16\/2<\/a><\/td><td class=\"column-2\">c\u00edmlap<\/td><td class=\"column-3\">T16\/2<\/td><td class=\"column-4\">HOB 21-dobog\u00f3_2.\u00c1ron, 3.Vir\u00e1g,Krisz<br \/>\r\n<\/td><td rowspan=\"5\" class=\"column-5 rowspan-5\">-<\/td>\n\t<\/tr>\n\t<tr class=\"row-5 odd\">\n\t\t<td class=\"column-1\"><a target='_blank' href='\/tajfuto\/sajtonk\/2016\/16-2Tajolo_3_HOB-1_foto-Orsi.jpg'>T\u00e1jol\u00f3, 16\/2<\/a><\/td><td class=\"column-2\">3<\/td><td class=\"column-3\">T16\/2<\/td><td class=\"column-4\">Orsi - kicsit s\u00e1ros lettem<\/td>\n\t<\/tr>\n\t<tr class=\"row-6 even\">\n\t\t<td class=\"column-1\"><a target='_blank' href='\/tajfuto\/sajtonk\/2016\/16-2Tajolo_4-5_HOB-2_foto-Krisz.jpg'>T\u00e1jol\u00f3, 16\/2<\/a><\/td><td class=\"column-2\">4<\/td><td class=\"column-3\">T16\/2<\/td><td class=\"column-4\">Krisz - Interj\u00fa<\/td>\n\t<\/tr>\n\t<tr class=\"row-7 odd\">\n\t\t<td class=\"column-1\"><a target='_blank' href='\/tajfuto\/sajtonk\/2016\/16-2Tajolo_6_MTSZ-kozgy.jpg'>T\u00e1jol\u00f3, 16\/2<\/a><\/td><td class=\"column-2\">6<\/td><td class=\"column-3\">T16\/2<\/td><td class=\"column-4\">MTFSZ k\u00f6zgy\u0171l\u00e9s<br \/>\r\nVir\u00e1g, Misi - eredm\u00e9nyes<br \/>\r\nTab\u00e1ni Spartacus - I. bajnoki pontversenyben<br \/>\r\nBug\u00e1r J\u00f3zsef - mtfsz eln\u00f6k<\/td>\n\t<\/tr>\n\t<tr class=\"row-8 even\">\n\t\t<td class=\"column-1\"><a target='_blank' href='\/tajfuto\/sajtonk\/2016\/16-2Tajolo_7_Nemzetk-min.jpg'>T\u00e1jol\u00f3, 16\/2<\/a><\/td><td class=\"column-2\">7<\/td><td class=\"column-3\">T16\/2<\/td><td class=\"column-4\">Vir\u00e1g - Nemzetk\u00f6zi min\u0151s\u00edt\u00e9s<\/td>\n\t<\/tr>\n\t<tr class=\"row-9 odd\">\n\t\t<td class=\"column-1\"><a target='_blank' href='\/tajfuto\/sajtonk\/2016\/16-2Tajolo_8_TSpK-labirintus_OrmayMisi.jpg'>T\u00e1jol\u00f3, 16\/2<\/a><\/td><td class=\"column-2\">8<\/td><td class=\"column-3\">T16\/2<\/td><td class=\"column-4\">Behajtani tilos! - Tavaszi Spari kupa labirintus<\/td><td class=\"column-5\">Ormay Misi<\/td>\n\t<\/tr>\n\t<tr class=\"row-10 even\">\n\t\t<td class=\"column-1\"><a target='_blank' href='\/tajfuto\/sajtonk\/2016\/16-2Tajolo_9_Erdon-mezon_atl_Virag1.jpg'>T\u00e1jol\u00f3, 16\/2<\/a><br \/>\r\n<a target='_blank' href='\/tajfuto\/sajtonk\/2016\/16-2Tajolo_10-11_Erdon-mezon_atl_Virag2.jpg'>T\u00e1jol\u00f3, 16\/2<\/a><\/td><td class=\"column-2\">9<br \/>\r\n10-11<\/td><td class=\"column-3\">T16\/2<\/td><td class=\"column-4\">ERD\u0150N, MEZ\u0150N, \u00daTON, P\u00c1LY\u00c1N<\/td><td class=\"column-5\">BP<\/td>\n\t<\/tr>\n\t<tr class=\"row-11 odd\">\n\t\t<td class=\"column-1\"><a target='_blank' href='\/tajfuto\/sajtonk\/2016\/16-2Tajolo_hatlap_TavasziSpK-pontjan.jpg'>T\u00e1jol\u00f3, 16\/2<\/a><\/td><td class=\"column-2\">h\u00e1tlap<\/td><td class=\"column-3\">T16\/2<\/td><td class=\"column-4\">Tavaszi Spartacus Kupa egyik pontj\u00e1n<\/td><td class=\"column-5\">T\u00e1jol\u00f3<\/td>\n\t<\/tr>\n\t<tr class=\"row-12 even\">\n\t\t<td class=\"column-1\"><a target='_blank' href='\/tajfuto\/sajtonk\/2016\/16-3Tajolo_2_BTFSZ-elnokseg_Todor.jpg'>T\u00e1jol\u00f3, 16\/3<\/a><\/td><td class=\"column-2\">2<\/td><td class=\"column-3\">T16\/3<\/td><td class=\"column-4\">T\u00f3dor a BTFSZ eln\u00f6ks\u00e9g\u00e9ben<\/td><td class=\"column-5\">(S.A.)<\/td>\n\t<\/tr>\n\t<tr class=\"row-13 odd\">\n\t\t<td class=\"column-1\"><a target='_blank' href='\/tajfuto\/sajtonk\/2016\/16-3Tajolo_4-5_EOB-besz-fotoAron-Krisz.jpg'>T\u00e1jol\u00f3, 16\/3<\/a><br \/>\r\n<a target='_blank' href='\/tajfuto\/sajtonk\/2016\/16-3Tajolo_6_EOB-besz-foto-N21dobogo.jpg'>T\u00e1jol\u00f3, 16\/3<\/a><\/td><td class=\"column-2\">4-5<br \/>\r\n6<\/td><td class=\"column-3\">T16\/3<\/td><td class=\"column-4\">EOB-besz\u00e1mol\u00f3, fot\u00f3k,<br \/>\r\nN21 dobog\u00f3<\/td><td class=\"column-5\">Bacs\u00f3 Piroska<br \/>\r\nfot\u00f3 M\u00e1th\u00e9 Istv\u00e1n<\/td>\n\t<\/tr>\n\t<tr class=\"row-14 even\">\n\t\t<td class=\"column-1\"><a target='_blank' href='\/tajfuto\/sajtonk\/2016\/16-3Tajolo_7_MEFOB_szoveg_Virag-Aron-Bugic-Krisz.jpg'>T\u00e1jol\u00f3, 16\/3<\/a><\/td><td class=\"column-2\">7<\/td><td class=\"column-3\">T16\/3<\/td><td class=\"column-4\">MEFOB Miskolcon<\/td><td class=\"column-5\">T\u00e1jol\u00f3 - Moln\u00e1r P\u00e9ter,<br \/>\r\nScult\u00e9ty M\u00e1rton<\/td>\n\t<\/tr>\n\t<tr class=\"row-15 odd\">\n\t\t<td class=\"column-1\"><a target='_blank' href='\/tajfuto\/sajtonk\/2016\/16-3Tajolo_11_Bp-dol - foto_Ocsi.jpg'>T\u00e1jol\u00f3, 16\/3<\/a><\/td><td class=\"column-2\">11<\/td><td class=\"column-3\">T16\/3<\/td><td class=\"column-4\">\u00d6csi - Bp-dol<\/td><td class=\"column-5\">foto M\u00e1th\u00e9 Pista<\/td>\n\t<\/tr>\n\t<tr class=\"row-16 even\">\n\t\t<td class=\"column-1\"><a target='_blank' href='\/tajfuto\/sajtonk\/2016\/16-3Tajolo_12-13_Mezei-futoIskolaiVB-Bp-en_Vince.jpg'>T\u00e1jol\u00f3, 16\/3<\/a><\/td><td class=\"column-2\">12-13<\/td><td class=\"column-3\">T16\/3<\/td><td class=\"column-4\">T\u00c1JFUT\u00d3 IFJAINK A MEZEI FUT\u00d3 ISKOLAI VIL\u00c1GBAJNOKS\u00c1GON - BUDAPESTEN<\/td><td class=\"column-5\">T\u00e1jol\u00f3<\/td>\n\t<\/tr>\n\t<tr class=\"row-17 odd\">\n\t\t<td class=\"column-1\"><a target='_blank' href='\/tajfuto\/sajtonk\/2016\/16-3Tajolo_17_MTFSZ-hirek_Orsi-Todor_biz-tagok.jpg'>T\u00e1jol\u00f3, 16\/3<\/a><br \/>\r\n<a target='_blank' href='\/tajfuto\/sajtonk\/2016\/16-3Tajolo_18-19_MTFSZ-hirek_Aron_biz-tag_EB-junVB-csapat_BPisti-TajfAl.jpg'>T\u00e1jol\u00f3, 16\/3<\/a><\/td><td class=\"column-2\">17<br \/>\r\n18-19<\/td><td class=\"column-3\">T16\/3<\/td><td class=\"column-4\">H\u00edrek az MTFSZ-b\u0151l - Eln\u00f6ks\u00e9gi \u00fcl\u00e9sek<\/td><td class=\"column-5\">T\u00e1jol\u00f3<\/td>\n\t<\/tr>\n\t<tr class=\"row-18 even\">\n\t\t<td class=\"column-1\"><a target='_blank' href='\/tajfuto\/sajtonk\/2016\/16-3Tajolo_22-23_HonvedK_foto_Aron-Hanga-Viktor.jpg'>T\u00e1jol\u00f3, 16\/3<\/a><\/td><td class=\"column-2\">22-23<\/td><td class=\"column-3\">T16\/3<\/td><td class=\"column-4\">Itt mindig ilyen kem\u00e9ny p\u00e1ly\u00e1k vannak <br \/>\r\n- Honv\u00e9d kupa - \u00c1ron-Hanga-Viktor<\/td><td class=\"column-5\">Popey<\/td>\n\t<\/tr>\n\t<tr class=\"row-19 odd\">\n\t\t<td class=\"column-1\"><a target='_blank' href='\/tajfuto\/sajtonk\/2016\/16-3Tajolo_29_SzondiFerenc-elhunyt.jpg'>T\u00e1jol\u00f3, 16\/3<\/a><\/td><td class=\"column-2\">29<\/td><td class=\"column-3\">T16\/3<\/td><td class=\"column-4\">Elhunyt Szondi Ferenc<\/td><td class=\"column-5\">Boz\u00e1n Gy\u00f6rgy<\/td>\n\t<\/tr>\n\t<tr class=\"row-20 even\">\n\t\t<td class=\"column-1\"><a target='_blank' href='\/tajfuto\/sajtonk\/2016\/16-3Tajolo_32_ODOL_bajn-Ocsi-Kelen-Misi-Dani.jpg'>T\u00e1jol\u00f3, 16\/3<\/a><\/td><td class=\"column-2\">32<\/td><td class=\"column-3\">T16\/3<\/td><td class=\"column-4\">Orsz\u00e1gos Di\u00e1kolimpia -<br \/>\r\n\u00d6csi, Kel\u00e9n, Misi, Dani<\/td><td class=\"column-5\">(mtfsz.hu)<\/td>\n\t<\/tr>\n\t<tr class=\"row-21 odd\">\n\t\t<td class=\"column-1\"><a target='_blank' href='\/tajfuto\/sajtonk\/2016\/16-3Tajolo_39_Felnott-EB_Aron-Virag-Bugic-Krisz.jpg'>T\u00e1jol\u00f3, 16\/3<\/a><\/td><td class=\"column-2\">39<\/td><td class=\"column-3\">T16\/3<\/td><td class=\"column-4\">Feln\u0151tt Eur\u00f3pa Bajnoks\u00e1g -<br \/>\r\n\u00c1ron, Vir\u00e1g, Bugic, Krisz<\/td><td class=\"column-5\">(mtfsz.hu)<\/td>\n\t<\/tr>\n\t<tr class=\"row-22 even\">\n\t\t<td class=\"column-1\"><a target='_blank' href='\/tajfuto\/sajtonk\/2016\/16-3Tajolo_46_OEVB-ONEB 2016-beharangozo_Aron.jpg'>T\u00e1jol\u00f3, 16\/3<\/a><\/td><td class=\"column-2\">46<\/td><td class=\"column-3\">T16\/3<\/td><td class=\"column-4\">OEVB-ONEB 2016<\/td><td class=\"column-5\">Bak\u00f3 \u00c1ron<\/td>\n\t<\/tr>\n\t<tr class=\"row-23 odd\">\n\t\t<td class=\"column-1\"><a target='_blank' href='\/tajfuto\/sajtonk\/2016\/16-4Tajolo_0_cimlap-IfiEB_16-os -bajnokcsapat-Dorka.jpg'>T\u00e1jol\u00f3, 16\/4 c\u00edmlap<\/a><br \/>\r\n<a target='_blank' href='\/tajfuto\/sajtonk\/2016\/16-4Tajolo_3_IfiEB-1_csapatfoto.jpg'>T\u00e1jol\u00f3, 16\/4<\/a><br \/>\r\n<a target='_blank' href='\/tajfuto\/sajtonk\/2016\/16-4Tajolo_4-5_IfiEB2-3_szoveg-eredm.jpg'>T\u00e1jol\u00f3, 16\/4<\/a><br \/>\r\n<a target='_blank' href='\/tajfuto\/sajtonk\/2016\/16-4Tajolo_6_IfiEB-4_szoveg-eredm_Dorka-csapatfoto.jpg'>T\u00e1jol\u00f3, 16\/4<\/a><br \/>\r\n<\/td><td class=\"column-2\">c\u00edmlap<br \/>\r\n3<br \/>\r\n4-5<br \/>\r\n6<\/td><td class=\"column-3\">T16\/4<\/td><td class=\"column-4\">Ifi\u00fas\u00e1gi Eur\u00f3pa Bajnoks\u00e1g<\/td><td class=\"column-5\">Gera Tibor<br \/>\r\n(foto M\u00e1th\u00e9 Istv\u00e1n)<\/td>\n\t<\/tr>\n\t<tr class=\"row-24 even\">\n\t\t<td class=\"column-1\"><a target='_blank' href='\/tajfuto\/sajtonk\/2016\/16-4Tajolo_7_KOB-VOB_fotoBugarJozsi.jpg'>T\u00e1jol\u00f3, 16\/4<\/a><br \/>\r\n<a target='_blank' href='\/tajfuto\/sajtonk\/2016\/16-4Tajolo_7_KOB-VOB_foto-Panni-Dorka.jpg'>T\u00e1jol\u00f3, 16\/4<\/a><br \/>\r\n<\/td><td class=\"column-2\">7<br \/>\r\n10-11<\/td><td class=\"column-3\">T16\/4<\/td><td class=\"column-4\">Felt\u00f6rt\u00fck a malacperselyt - K\u00f6z\u00e9pt\u00e1v\u00fa \u00e9s V\u00e1lt\u00f3 OB egy versenyz\u0151 szem\u00e9vel<\/td><td class=\"column-5\">foto M\u00e1th\u00e9 Istv\u00e1n<\/td>\n\t<\/tr>\n\t<tr class=\"row-25 odd\">\n\t\t<td class=\"column-1\"><a target='_blank' href='\/tajfuto\/sajtonk\/2016\/16-4Tajolo_13_KOB-VOB_ellbiroi-szem_foto-Aron.jpg'>T\u00e1jol\u00f3, 16\/4<\/a><br \/>\r\n<\/td><td class=\"column-2\">13<\/td><td class=\"column-3\">T16\/4<\/td><td class=\"column-4\">KOB-VOB ellen\u00f6rz\u0151b\u00edr\u00f3i szemmel<\/td><td class=\"column-5\">Bak\u00f3 \u00c1ron<\/td>\n\t<\/tr>\n\t<tr class=\"row-26 even\">\n\t\t<td class=\"column-1\"><a target='_blank' href='\/tajfuto\/sajtonk\/2016\/16-4Tajolo_16_KozmaLaci.jpg'>T\u00e1jol\u00f3, 16\/4<\/a><\/td><td class=\"column-2\">16<\/td><td class=\"column-3\">T16\/4<\/td><td class=\"column-4\">Kozma L\u00e1szl\u00f3 (1936-2016)<\/td><td class=\"column-5\">Horv\u00e1th Imre<\/td>\n\t<\/tr>\n\t<tr class=\"row-27 odd\">\n\t\t<td class=\"column-1\"><a target='_blank' href='\/tajfuto\/sajtonk\/2016\/16-4Tajolo_17_JWOC_csapatfoto_szoveg-Virag.jpg'>T\u00e1jol\u00f3, 16\/4<\/a><br \/>\r\n<a target='_blank' href='\/tajfuto\/sajtonk\/2016\/16-4Tajolo_18-19_JWOC_foto-Virag_szoveg-Virag-Dani-Misi-Patrik-Suti.jpg'>T\u00e1jol\u00f3, 16\/4<\/a><br \/>\r\n<a target='_blank' href='\/tajfuto\/sajtonk\/2016\/16-4Tajolo_20_JWOC.jpg'>T\u00e1jol\u00f3, 16\/4<\/a><\/td><td class=\"column-2\">17<br \/>\r\n18-19<br \/>\r\n20<\/td><td class=\"column-3\">T16\/4<\/td><td class=\"column-4\">JUNIOR VB 2016 - <br \/>\r\nSV\u00c1JC-SCUOL<br \/>\r\n(Vir\u00e1g, Dani, Misi, Patrik, S\u00fcti)<\/td><td class=\"column-5\">Viniczai Ferenc<br \/>\r\n(foto Gyalog Zolt\u00e1n)<\/td>\n\t<\/tr>\n\t<tr class=\"row-28 even\">\n\t\t<td class=\"column-1\"><a target='_blank' href='\/tajfuto\/sajtonk\/2016\/16-4Tajolo_22_IfiEB-szurkolok_HentesIldi.jpg'>T\u00e1jol\u00f3, 16\/4<\/a><\/td><td class=\"column-2\">22<\/td><td class=\"column-3\">T16\/4<\/td><td class=\"column-4\">Magyar szurkol\u00f3k az Ifj\u00fas\u00e1gi Eur\u00f3pa-bajnoks\u00e1gon<\/td><td class=\"column-5\">Hentes Ildi<\/td>\n\t<\/tr>\n\t<tr class=\"row-29 odd\">\n\t\t<td class=\"column-1\"><a target='_blank' href='\/tajfuto\/sajtonk\/2016\/16-4Tajolo_24_EYOC_szoveg_Dorka-Suti-Misi_csapatfoto.jpg'>T\u00e1jol\u00f3, 16\/4<\/a><\/td><td class=\"column-2\">24<\/td><td class=\"column-3\">T16\/4<\/td><td class=\"column-4\">EYOC - <br \/>\r\nRendhagy\u00f3 besz\u00e1mol\u00f3<\/td><td class=\"column-5\">Horv\u00e1th Hanga<\/td>\n\t<\/tr>\n\t<tr class=\"row-30 even\">\n\t\t<td class=\"column-1\"><a target='_blank' href='\/tajfuto\/sajtonk\/2016\/16-4Tajolo_hatlap_VOB-F21csapat.jpg'>T\u00e1jol\u00f3, 16\/4<\/a><\/td><td class=\"column-2\">h\u00e1tlap<\/td><td class=\"column-3\">T16\/4<\/td><td class=\"column-4\">VOB - F21 csapat<\/td><td class=\"column-5\">T\u00e1jol\u00f3<\/td>\n\t<\/tr>\n\t<tr class=\"row-31 odd\">\n\t\t<td class=\"column-1\"><a target='_blank' href='\/tajfuto\/sajtonk\/2016\/16-5Tajolo_3_Foisk-VB_szoveg_Virag-Hanga-Aron-Bugic.jpg'>T\u00e1jol\u00f3, 16\/5<\/a><br \/>\r\n<a target='_blank' href='\/tajfuto\/sajtonk\/2016\/16-5Tajolo_4_Foisk-VB_szoveg_Aron-Krisz-Virag-Hanga.jpg'>T\u00e1jol\u00f3, 16\/5<\/a><br \/>\r\n<a target='_blank' href='\/tajfuto\/sajtonk\/2016\/16-5Tajolo_6_Foisk-VBFoisk-VB_csapatfoto_szoveg_Krisz-Bugic-Virag-Hanga-Aron.jpg'>T\u00e1jol\u00f3, 16\/5<\/a><\/td><td class=\"column-2\">3<br \/>\r\n4<br \/>\r\n6<\/td><td class=\"column-3\">T16\/5<\/td><td class=\"column-4\">F\u0151iskol\u00e1s VB Miskolcon<br \/>\r\n(Vir\u00e1g, Hanga, \u00c1ron, Bugic)<br \/>\r\n(\u00c1ron, Krisz, Vir\u00e1g, Hanga)<br \/>\r\n(Krisz, Bugic, Vir\u00e1g, Hanga, \u00c1ron)<\/td><td class=\"column-5\">mtfsz.hu-Moln\u00e1r P\u00e9ter alapj\u00e1n<br \/>\r\n(foto M\u00e1th\u00e9 Istv\u00e1n)<\/td>\n\t<\/tr>\n\t<tr class=\"row-32 even\">\n\t\t<td class=\"column-1\"><a target='_blank' href='\/tajfuto\/sajtonk\/2016\/16-5Tajolo_33_Felnott-VB_szoveg_Virag-Aron.jpg'>T\u00e1jol\u00f3, 16\/5<\/a><br \/>\r\n<a target='_blank' href='\/tajfuto\/sajtonk\/2016\/16-5Tajolo_34-35_Felnott-VB_csapatfotok_szoveg_Virag-Aron.jpg'>T\u00e1jol\u00f3, 16\/5<\/a><\/td><td class=\"column-2\">33<br \/>\r\n34-35<\/td><td class=\"column-3\">T16\/5<\/td><td class=\"column-4\">Feln\u0151tt VB Sv\u00e9dorsz\u00e1gban<br \/>\r\n(Vir\u00e1g, \u00c1ron)<\/td><td class=\"column-5\">mtfsz.hu-Moln\u00e1r P\u00e9ter alapj\u00e1n<br \/>\r\n(foto Zentai L\u00e1szl\u00f3)<\/td>\n\t<\/tr>\n\t<tr class=\"row-33 odd\">\n\t\t<td class=\"column-1\"><a target='_blank' href='\/tajfuto\/sajtonk\/2016\/16-5Tajolo_36_Temp-O-OB_SubaPeter-Imola.jpg'>T\u00e1jol\u00f3, 16\/5<\/a><\/td><td class=\"column-2\">36<\/td><td class=\"column-3\">T16\/5<\/td><td class=\"column-4\">TempO OB<br \/>\r\n(K\u00e1lm\u00e1n Imola, Suba P\u00e9ter)<\/td><td class=\"column-5\">B\u00edr\u00f3 F.<\/td>\n\t<\/tr>\n\t<tr class=\"row-34 even\">\n\t\t<td class=\"column-1\"><a target='_blank' href='\/tajfuto\/sajtonk\/2016\/16-6Tajolo_0_cimlap_ONEB-F21dobogo_Aron-Krisz.jpg'>T\u00e1jol\u00f3, 16\/6<\/a><\/td><td class=\"column-2\">c\u00edmlap<\/td><td class=\"column-3\">T16\/6<\/td><td class=\"column-4\">ONEB F21 dobog\u00f3 (\u00c1ron, Krisz)<\/td><td class=\"column-5\">T\u00e1jol\u00f3<\/td>\n\t<\/tr>\n\t<tr class=\"row-35 odd\">\n\t\t<td class=\"column-1\"><a target='_blank' href='\/tajfuto\/sajtonk\/2016\/16-6Tajolo_3_OEVB_szerzo-KiaczBence_Ferfi-dobogo_1-2-SPA.jpg'>T\u00e1jol\u00f3, 16\/6<\/a><\/td><td class=\"column-2\">3<\/td><td class=\"column-3\">T16\/6<\/td><td class=\"column-4\">Egy h\u00edj\u00e1n h\u00fasz<br \/>\r\n(19. Egyes\u00fcleti V\u00e1lt\u00f3bajnoks\u00e1g)<\/td><td class=\"column-5\">Ki\u00e1cz Bence<br \/>\r\n(foto M\u00e1th\u00e9 Istv\u00e1n)<\/td>\n\t<\/tr>\n\t<tr class=\"row-36 even\">\n\t\t<td class=\"column-1\"><a target='_blank' href='\/tajfuto\/sajtonk\/2016\/16-6Tajolo_4-5_ONEB_szerzo-Zsebe_21-utvonalak.jpg'>T\u00e1jol\u00f3, 16\/6<\/a><br \/>\r\n<a target='_blank' href='\/tajfuto\/sajtonk\/2016\/16-6Tajolo_6-7_ONEB_szerzo-Zsebe_21-utvonalak.jpg'>T\u00e1jol\u00f3, 16\/6<\/a><\/td><td class=\"column-2\">4-5<br \/>\r\n6-7<\/td><td class=\"column-3\">T16\/6<\/td><td class=\"column-4\">V\u00e9rtesi Galaxisker\u00fcl\u0151<br \/>\r\nBajnoks\u00e1g - ONEB 2016<\/td><td class=\"column-5\">Zsebe Isti<\/td>\n\t<\/tr>\n\t<tr class=\"row-37 odd\">\n\t\t<td class=\"column-1\"><a target='_blank' href='\/tajfuto\/sajtonk\/2016\/16-6Tajolo_9_ROB-21-dobogo_Virag-Aron.jpg'>T\u00e1jol\u00f3, 16\/6<\/a><\/td><td class=\"column-2\">9<\/td><td class=\"column-3\">T16\/6<\/td><td class=\"column-4\">ORVB M\u00e1traf\u00fcred - <br \/>\r\nFN21 dobog\u00f3<\/td><td class=\"column-5\">Horv\u00e1th S\u00e1ndor<\/td>\n\t<\/tr>\n\t<tr class=\"row-38 even\">\n\t\t<td class=\"column-1\"><a target='_blank' href='\/tajfuto\/sajtonk\/2016\/16-6Tajolo_15_OCSB_foto-F14csapat.jpg'>T\u00e1jol\u00f3, 16\/6<\/a><\/td><td class=\"column-2\">15<\/td><td class=\"column-3\">T16\/6<\/td><td class=\"column-4\">OCSB F14 dobog\u00f3<\/td><td class=\"column-5\">foto M\u00e1th\u00e9 Istv\u00e1n<\/td>\n\t<\/tr>\n\t<tr class=\"row-39 odd\">\n\t\t<td class=\"column-1\"><a target='_blank' href='\/tajfuto\/sajtonk\/2016\/16-6Tajolo_37_JenovaiKlara.jpg'>T\u00e1jol\u00f3, 16\/6<\/a><\/td><td class=\"column-2\">37<\/td><td class=\"column-3\">T16\/6<\/td><td class=\"column-4\">Nagyn\u00e9 Jenovai Kl\u00e1ra<br \/>\r\n1949-2016<\/td><td class=\"column-5\">Dr Felf\u00f6ldi K\u00e1roly<\/td>\n\t<\/tr>\n\t<tr class=\"row-40 even\">\n\t\t<td class=\"column-1\"><a target='_blank' href='\/tajfuto\/sajtonk\/2016\/161015-16CsakberenyiHirek-2016_11-12-szinesben.pdf'>Cs\u00e1kber\u00e9nyi H\u00edrek 2016<\/a><\/td><td class=\"column-2\">6-8<\/td><td class=\"column-3\"><\/td><td class=\"column-4\">T\u00c1J\u00c9KOZ\u00d3D\u00c1SI FUT\u00c1S<br \/>\r\nCS\u00c1KBER\u00c9NYBEN<\/td><td class=\"column-5\">Tak\u00e1cs Antal<\/td>\n\t<\/tr>\n\t<tr class=\"row-41 odd\">\n\t\t<td class=\"column-1\"><a target='_blank' href='\/tajfuto\/sajtonk\/2016\/161108NemzetiSport_Dko.pdf'>Nemzeti Sport<\/a><\/td><td class=\"column-2\">III<\/td><td class=\"column-3\"><\/td><td class=\"column-4\">Sportnapt\u00e1r\/Fut\u00e1s<br \/>\r\nDobog\u00f3k\u0151i hegyi fut\u00f3verseny<\/td><td class=\"column-5\"><\/td>\n\t<\/tr>\n<\/tbody>\n<\/table>\n\n","protected":false},"excerpt":{"rendered":"","protected":false},"author":1,"featured_media":0,"parent":0,"menu_order":0,"comment_status":"closed","ping_status":"closed","template":"","meta":{"ngg_post_thumbnail":0},"_links":{"self":[{"href":"https:\/\/www.tabanispartacus.hu\/tajfuto\/wordpress\/index.php?rest_route=\/wp\/v2\/pages\/3919"}],"collection":[{"href":"https:\/\/www.tabanispartacus.hu\/tajfuto\/wordpress\/index.php?rest_route=\/wp\/v2\/pages"}],"about":[{"href":"https:\/\/www.tabanispartacus.hu\/tajfuto\/wordpress\/index.php?rest_route=\/wp\/v2\/types\/page"}],"author":[{"embeddable":true,"href":"https:\/\/www.tabanispartacus.hu\/tajfuto\/wordpress\/index.php?rest_route=\/wp\/v2\/users\/1"}],"replies":[{"embeddable":true,"href":"https:\/\/www.tabanispartacus.hu\/tajfuto\/wordpress\/index.php?rest_route=%2Fwp%2Fv2%2Fcomments&post=3919"}],"version-history":[{"count":3,"href":"https:\/\/www.tabanispartacus.hu\/tajfuto\/wordpress\/index.php?rest_route=\/wp\/v2\/pages\/3919\/revisions"}],"predecessor-version":[{"id":3925,"href":"https:\/\/www.tabanispartacus.hu\/tajfuto\/wordpress\/index.php?rest_route=\/wp\/v2\/pages\/3919\/revisions\/3925"}],"wp:attachment":[{"href":"https:\/\/www.tabanispartacus.hu\/tajfuto\/wordpress\/index.php?rest_route=%2Fwp%2Fv2%2Fmedia&parent=3919"}],"curies":[{"name":"wp","href":"https:\/\/api.w.org\/{rel}","templated":true}]}}