{"id":3903,"date":"2019-01-02T13:02:40","date_gmt":"2019-01-02T12:02:40","guid":{"rendered":"http:\/\/www.tabanispartacus.hu\/tajfuto\/wordpress\/?page_id=3903"},"modified":"2019-01-20T20:01:29","modified_gmt":"2019-01-20T19:01:29","slug":"velunk-tortent-2019-ben","status":"publish","type":"page","link":"https:\/\/www.tabanispartacus.hu\/tajfuto\/wordpress\/?page_id=3903","title":{"rendered":"Vel\u00fcnk t\u00f6rt\u00e9nt 2019-ben"},"content":{"rendered":"\n<table id=\"wp-table-reloaded-id-40-no-1\" class=\"wp-table-reloaded wp-table-reloaded-id-40\">\n<tbody>\n\t<tr class=\"row-1 odd\">\n\t\t<td class=\"column-1\">Ny\u00e1ri Sparis Edz\u0151t\u00e1bor<br \/>\r\n2019. j\u00fanius 16-20.<br \/>\r\nEcseg<\/td><td class=\"column-2\">(Lengyel \u00c1d\u00e1m)<br \/>\r\n(Gyalog L\u00e1szl\u00f3)<br \/>\r\n(Lengyel \u00c1d\u00e1m \u00e9s Gyalog L\u00e1szl\u00f3)<\/td><td class=\"column-3\"><a target=\"_blank\" href=\"http:\/\/www.tabanispartacus.hu\/tajfuto\/wordpress\/wp-content\/uploads\/2019\/07\/Ny\u00e1riET2019_\u00e9rtes\u00edt\u0151.pdf\" title=\"http:\/\/www.tabanispartacus.hu\/tajfuto\/wordpress\/wp-content\/uploads\/2019\/07\/N\u00e9h\u00e1ny-k\u00e9p-az-ecsegi-edz\u0151t\u00e1borr\u00f3l.pdf\" >\u00c9rtes\u00edt\u0151<\/a><br \/>\r\n<a target=\"_blank\" href=\"http:\/\/www.tabanispartacus.hu\/tajfuto\/wordpress\/wp-content\/uploads\/2019\/07\/N\u00e9h\u00e1ny-k\u00e9p-az-ecsegi-edz\u0151t\u00e1borr\u00f3l.pdf\" title=\"\" >F\u00e9nyk\u00e9pes \u00f6ssze\u00e1ll\u00edt\u00e1s<\/a><br \/>\r\n<a target=\"_blank\" href=\"http:\/\/www.tabanispartacus.hu\/tajfuto\/wordpress\/wp-content\/uploads\/2019\/07\/SPA-et\u00e1bor_190616-20besz_v2.pdf\" title=\"\" >Besz\u00e1mol\u00f3<\/a><\/td>\n\t<\/tr>\n\t<tr class=\"row-2 even\">\n\t\t<td class=\"column-1\">K\u00f6z\u00e9pt\u00e1v\u00fa \u00e9s V\u00e1lt\u00f3 OB<br \/>\r\n2019.06.01-02.<br \/>\r\n\u00d6sk\u00fc<\/td><td class=\"column-2\">(M\u00e1th\u00e9 Istv\u00e1n)<br \/>\r\n<br \/>\r\n(Gyalog L\u00e1szl\u00f3)<\/td><td class=\"column-3\"><a target=\"_blank\" href=\"https:\/\/www.flickr.com\/photos\/101487580@N03\/albums\/72157708921684071?fbclid=IwAR3cx3N1GE48v_2r5J2XjKHchE2Dce82RYAre8YS4tyXski3DBXO8N0aJz8\" title=\"\" >K\u00f6z\u00e9pt\u00e1v\u00fa OB F\u00e9nyk\u00e9pek<\/a><br \/>\r\n<a target=\"_blank\" href=\"https:\/\/www.flickr.com\/photos\/101487580@N03\/albums\/72157708924883048?fbclid=IwAR3QGPKqco5bouQFVXIWCOU5oHO_RuF9TB9_F6RsxGN_kOfB8BI5yKLAO6I\" title=\"\" >V\u00e1lt\u00f3 OB F\u00e9nyk\u00e9pek<\/a><br \/>\r\n<a target=\"_blank\" href=\"http:\/\/www.tabanispartacus.hu\/tajfuto\/wordpress\/wp-content\/uploads\/2019\/06\/Orsz%C3%A1gos-V%C3%A1lt%C3%B3bajnoks%C3%A1g_j.pdf\" title=\"\" >V\u00e1lt\u00f3 OB F\u00e9nyk\u00e9p\u00f6ssze\u00e1ll\u00edt\u00e1s<\/a><\/td>\n\t<\/tr>\n\t<tr class=\"row-3 odd\">\n\t\t<td class=\"column-1\">Orsz\u00e1gos Di\u00e1kolimpia \u00e9s Bridgestone Kupa<br \/>\r\n2019.05.18-19.<\/td><td class=\"column-2\">(M\u00e1th\u00e9 Istv\u00e1n)<\/td><td class=\"column-3\"><a target=\"_blank\" href=\"https:\/\/www.flickr.com\/photos\/101487580@N03\/albums\/72157705233669482\" title=\"\" >F\u00e9nyk\u00e9pek<\/a><\/td>\n\t<\/tr>\n\t<tr class=\"row-4 even\">\n\t\t<td class=\"column-1\">Mecsek Open<br \/>\r\n2019.04.19-21.<\/td><td class=\"column-2\">(M\u00e1th\u00e9 Istv\u00e1n)<\/td><td class=\"column-3\"><a target=\"_blank\" href=\"https:\/\/www.flickr.com\/photos\/101487580@N03\/albums\/72157691027700613\" title=\"\" >1. napi f\u00e9nyk\u00e9pek<\/a><br \/>\r\n<a target=\"_blank\" href=\"https:\/\/www.flickr.com\/photos\/101487580@N03\/albums\/72157691028332013\" title=\"\" >2-3. napi f\u00e9nyk\u00e9pek<\/a><\/td>\n\t<\/tr>\n\t<tr class=\"row-5 odd\">\n\t\t<td class=\"column-1\">T\u00f6megrajtos Csapat \u00e9s Szenior Hossz\u00fat\u00e1v\u00fa OB<br \/>\r\n2019.04.13.<br \/>\r\nHarangod, T\u00e9ka T\u00e1bor<\/td><td class=\"column-2\">(Zacher No\u00e9mi)<br \/>\r\n(M\u00e1th\u00e9 Istv\u00e1n)<\/td><td class=\"column-3\"><a target=\"_blank\" href=\"http:\/\/www.tabanispartacus.hu\/tajfuto\/wordpress\/wp-content\/uploads\/2019\/04\/beszamolo.pdf\" title=\"\" >Besz\u00e1mol\u00f3<\/a><br \/>\r\n<a target=\"_blank\" href=\"https:\/\/www.flickr.com\/photos\/101487580@N03\/albums\/72157704563768602\" title=\"\" >F\u00e9nyk\u00e9pek<\/a><\/td>\n\t<\/tr>\n\t<tr class=\"row-6 even\">\n\t\t<td class=\"column-1\">Post\u00e1s-Parkerd\u0151 Kupa<br \/>\r\n2019.03.30-31.<br \/>\r\nPilismar\u00f3t<\/td><td class=\"column-2\">(M\u00e1th\u00e9 Istv\u00e1n)<\/td><td class=\"column-3\"><a target=\"_blank\" href=\"https:\/\/www.flickr.com\/photos\/101487580@N03\/sets\/72157677477183337\" title=\"\" >1. napi k\u00e9pek<\/a><br \/>\r\n<a target=\"_blank\" href=\"https:\/\/www.flickr.com\/photos\/101487580@N03\/sets\/72157679648438748\" title=\"\" >2. napi k\u00e9pek<\/a><\/td>\n\t<\/tr>\n\t<tr class=\"row-7 odd\">\n\t\t<td class=\"column-1\">Tavaszi Spartacus kupa<br \/>\r\n2019.03.15-17.<br \/>\r\nSz\u00e1r-Sz\u00e1ll\u00e1sk\u00fatpuszta<\/td><td class=\"column-2\">(Hutter R\u00f3bert)<br \/>\r\n(M\u00e1th\u00e9 Istv\u00e1n)<\/td><td class=\"column-3\"><a target=\"_blank\" href=\"http:\/\/www.tabanispartacus.hu\/tajfuto\/wordpress\/wp-content\/uploads\/2019\/04\/Hutter_TSp_cikk_GyL-jav2.pdf\" title=\"\" >Besz\u00e1mol\u00f3<\/a><br \/>\r\n<a target=\"_blank\" href=\"https:\/\/www.flickr.com\/photos\/101487580@N03\/sets\/72157704211265192\" title=\"\" >F\u00e9nyk\u00e9pek<\/a><\/td>\n\t<\/tr>\n\t<tr class=\"row-8 even\">\n\t\t<td rowspan=\"3\" class=\"column-1 rowspan-3\">\u00c9vz\u00e1r\u00f3 \u00e9s<br \/>\r\nszakoszt\u00e1lygy\u0171l\u00e9s<br \/>\r\n2019.01.12.<br \/>\r\nG\u00e1nt<\/td><td class=\"column-2\">(M\u00e1th\u00e9 Istv\u00e1n)<\/td><td class=\"column-3\"><a target=\"_blank\" href=\"https:\/\/www.flickr.com\/photos\/101487580@N03\/sets\/72157707705263604\" title=\"\" >Fot\u00f3k<\/a><\/td>\n\t<\/tr>\n\t<tr class=\"row-9 odd\">\n\t\t<td class=\"column-2\">besz\u00e1mol\u00f3k<br \/>\r\n(Gyalog T\u00f3dor)<\/td><td class=\"column-3\"><a target=\"_blank\" href=\"\/tajfuto\/2019\/2018-evzaro\/1-Evzaro_szo-gyulesrol_190112_v1.pdf\" title=\"\" >\u00c9vz\u00e1r\u00f3-szakoszt\u00e1lygy\u0171l\u00e9s<\/a><br \/>\r\n<a target=\"_blank\" href=\"\/tajfuto\/2019\/2018-evzaro\/190112_Szo-ules_SPA-resztevok.xls\" title=\"\" >(akik r\u00e9sztvettek)<\/a><br \/>\r\n<a target=\"_blank\" href=\"\/tajfuto\/2019\/2018-evzaro\/2018-rol_Tajf-szo_besz_v3-honlapra.pdf\" title=\"\" >\u00c9ves besz\u00e1mol\u00f3<\/a><\/td>\n\t<\/tr>\n\t<tr class=\"row-10 even\">\n\t\t<td class=\"column-2\">t\u00e1bl\u00e1zatok<br \/>\r\n(Gyalog T\u00f3dor)<\/td><td class=\"column-3\"><a target=\"_blank\" href=\"\/tajfuto\/2019\/2018-evzaro\/2018_bajnoki_ermesek_honlapra.xls\" title=\"\" >Bajnoki \u00e9rmeseink 2018<\/a><br \/>\r\n<a target=\"_blank\" href=\"\/tajfuto\/2019\/2018-evzaro\/2018_bajnoki_pontszerzoink_honlapra.pdf\" title=\"\" >Bajnoki pontszerz\u0151ink 2018<\/a><\/td>\n\t<\/tr>\n<\/tbody>\n<\/table>\n\n<p><a href=\"http:\/\/www.tabanispartacus.hu\/tajfuto\/wordpress\/?page_id=550\">Vel\u00fcnk t\u00f6rt\u00e9nt kor\u00e1bban<\/a><\/p>\n","protected":false},"excerpt":{"rendered":"<p>Vel\u00fcnk t\u00f6rt\u00e9nt kor\u00e1bban<\/p>\n","protected":false},"author":1,"featured_media":0,"parent":0,"menu_order":0,"comment_status":"closed","ping_status":"closed","template":"","meta":{"ngg_post_thumbnail":0},"_links":{"self":[{"href":"https:\/\/www.tabanispartacus.hu\/tajfuto\/wordpress\/index.php?rest_route=\/wp\/v2\/pages\/3903"}],"collection":[{"href":"https:\/\/www.tabanispartacus.hu\/tajfuto\/wordpress\/index.php?rest_route=\/wp\/v2\/pages"}],"about":[{"href":"https:\/\/www.tabanispartacus.hu\/tajfuto\/wordpress\/index.php?rest_route=\/wp\/v2\/types\/page"}],"author":[{"embeddable":true,"href":"https:\/\/www.tabanispartacus.hu\/tajfuto\/wordpress\/index.php?rest_route=\/wp\/v2\/users\/1"}],"replies":[{"embeddable":true,"href":"https:\/\/www.tabanispartacus.hu\/tajfuto\/wordpress\/index.php?rest_route=%2Fwp%2Fv2%2Fcomments&post=3903"}],"version-history":[{"count":3,"href":"https:\/\/www.tabanispartacus.hu\/tajfuto\/wordpress\/index.php?rest_route=\/wp\/v2\/pages\/3903\/revisions"}],"predecessor-version":[{"id":3953,"href":"https:\/\/www.tabanispartacus.hu\/tajfuto\/wordpress\/index.php?rest_route=\/wp\/v2\/pages\/3903\/revisions\/3953"}],"wp:attachment":[{"href":"https:\/\/www.tabanispartacus.hu\/tajfuto\/wordpress\/index.php?rest_route=%2Fwp%2Fv2%2Fmedia&parent=3903"}],"curies":[{"name":"wp","href":"https:\/\/api.w.org\/{rel}","templated":true}]}}