{"id":3889,"date":"2019-01-02T12:46:06","date_gmt":"2019-01-02T11:46:06","guid":{"rendered":"http:\/\/www.tabanispartacus.hu\/tajfuto\/wordpress\/?page_id=3889"},"modified":"2019-12-19T01:37:23","modified_gmt":"2019-12-19T00:37:23","slug":"versenyeink-2019-ben","status":"publish","type":"page","link":"https:\/\/www.tabanispartacus.hu\/tajfuto\/wordpress\/?page_id=3889","title":{"rendered":"Versenyeink 2019-ben"},"content":{"rendered":"<p><a href=\"http:\/\/www.tabanispartacus.hu\/tajfuto\/wordpress\/?page_id=3890\"><img loading=\"lazy\" src=\"http:\/\/www.tabanispartacus.hu\/tajfuto\/2016\/tavaszi\/Union-jack.jpg\" alt=\"\" width=\"80\" height=\"50\" align=\"right\" \/><\/a><\/p>\n<table>\n<tbody>\n<tr>\n<td style=\"font-size: 75%;\"><strong><a href=\"#dobogokoi\">XXIV. Dobog\u00f3k\u0151i Hegyi Fut\u00f3verseny<\/a><\/strong><\/td>\n<td style=\"font-size: 75%;\">2019. 11. 23., Dobog\u00f3k\u0151, Pilis\u2013Visegr\u00e1di-hg<\/td>\n<\/tr>\n<tr>\n<td style=\"font-size: 75%;\"><strong><a href=\"#oszi\">67. \u0150szi Spartacus Kupa<\/a><\/strong><\/td>\n<td style=\"font-size: 75%;\">2019. 11. 02-03., V\u00e9rtes<\/td>\n<\/tr>\n<tr>\n<td style=\"font-size: 75%;\"><strong><a href=\"#oszi0\">\u0150szi Spartacus Kupa Prol\u00f3g<\/a><\/strong><\/td>\n<td style=\"font-size: 75%;\">2019. 11. 01. Budapest, Gell\u00e9rt-hegy<\/td>\n<\/tr>\n<tr>\n<td style=\"font-size: 75%;\"><strong><a href=\"#nyari\">Ny\u00e1ri Spari Kupa<\/a><\/strong><\/td>\n<td style=\"font-size: 75%;\">2019. 08. 07., Tab\u00e1n (-Gell\u00e9rt-hegy)<\/td>\n<\/tr>\n<tr>\n<td style=\"font-size: 75%;\"><strong><a href=\"#gazdagret\">Gazdagr\u00e9t Kupa<\/a><\/strong><\/td>\n<td style=\"font-size: 75%;\">2019. 06. 12., Csikihegyek Iskola<\/td>\n<\/tr>\n<tr>\n<td style=\"font-size: 75%;\"><strong><a href=\"#wod\">Vil\u00e1gnap Kupa<\/a><\/strong><\/td>\n<td style=\"font-size: 75%;\">2019. 05. 15., Gell\u00e9rt-hegy<\/td>\n<\/tr>\n<tr>\n<td style=\"font-size: 75%;\"><strong><a href=\"#gladiator\">Gladi\u00e1tor Kupa<\/a><\/strong><\/td>\n<td style=\"font-size: 75%;\">2019. 04. 24., V\u00e9rmez\u0151<\/td>\n<\/tr>\n<tr>\n<td style=\"font-size: 75%;\"><strong><a href=\"#tavaszi\">56. Tavaszi Spartacus Kupa<\/a><\/strong><\/td>\n<td style=\"font-size: 75%;\">2019. 03. 15-17.,\u00a0Sz\u00e1r, V\u00e9rtes<\/td>\n<\/tr>\n<tr>\n<td style=\"font-size: 75%;\"><strong><a href=\"#bp_dol\">Budapesti Di\u00e1k Teremt\u00e1jfut\u00f3 Bajnoks\u00e1g<\/a><\/strong><\/td>\n<td style=\"font-size: 75%;\">2019. 01. 19., Budapest, Cs\u00edki-hegyek u. 13-15.<\/td>\n<\/tr>\n<\/tbody>\n<\/table>\n<p><strong id=\"dobogokoi\">XXIV. Dobog\u00f3k\u0151i Hegyi Fut\u00f3verseny<\/strong><br \/>\n<em>2019. 11. 23.,\u00a0Dobog\u00f3k\u0151, Pilis\u2013Visegr\u00e1di-hg<\/em><\/p>\n<ul>\n<li><strong><a href=\"http:\/\/www.tabanispartacus.hu\/tajfuto\/wordpress\/wp-content\/uploads\/2019\/10\/DK-2019-1.pdf\" target=\"_blank\" rel=\"noopener noreferrer\">Ki\u00edr\u00e1s<\/a><\/strong><\/li>\n<li><span style=\"color: #000000;\"><strong>\u00datvonalle\u00edr\u00e1sok<\/strong><\/span>\n<ul>\n<li><strong><a href=\"http:\/\/www.tabanispartacus.hu\/tajfuto\/2016\/dobogokoi\/maratoni_utvonal_2016.pdf\">Maraton<\/a><\/strong><\/li>\n<li><strong><a href=\"http:\/\/www.tabanispartacus.hu\/tajfuto\/2016\/dobogokoi\/felmaratoni_utvonal_2016.pdf\">F\u00e9lmaraton<\/a><\/strong><\/li>\n<li><strong><a href=\"http:\/\/www.tabanispartacus.hu\/tajfuto\/2016\/dobogokoi\/kismaratoni_utvonal_2016.pdf\">Kismaraton<\/a><\/strong><\/li>\n<\/ul>\n<\/li>\n<li><strong>T\u00e9rk\u00e9pek (mivel az \u00fatvonal nem v\u00e1ltozott, a tavalyi t\u00e9rk\u00e9pek)<\/strong>\n<ul>\n<li><strong><a href=\"http:\/\/www.tabanispartacus.hu\/tajfuto\/2016\/dobogokoi\/hegyi_maratonx.jpg\">Maraton<\/a><\/strong><\/li>\n<li><strong><a href=\"http:\/\/www.tabanispartacus.hu\/tajfuto\/2016\/dobogokoi\/hegyi_felmaratonx.jpg\">F\u00e9lmaraton<\/a><\/strong><\/li>\n<li><strong><a href=\"http:\/\/www.tabanispartacus.hu\/tajfuto\/2016\/dobogokoi\/hegyi_kismaratonx.jpg\">Kismaraton<\/a><\/strong><\/li>\n<li><strong><a href=\"http:\/\/www.tabanispartacus.hu\/tajfuto\/2016\/dobogokoi\/minimaratonx.jpg\">Minimaraton<\/a><\/strong><\/li>\n<li><a href=\"http:\/\/www.tabanispartacus.hu\/tajfuto\/2016\/dobogokoi\/nehez_teljesitmenyturax.jpg\"><strong>Neh\u00e9z teljes\u00edtm\u00e9nyt\u00fara<\/strong><\/a><\/li>\n<li><a href=\"http:\/\/www.tabanispartacus.hu\/tajfuto\/2016\/dobogokoi\/konnyu_teljesitmenyturax.jpg\"><strong>K\u00f6nny\u0171 teljes\u00edtm\u00e9nyt\u00fara<\/strong><\/a><\/li>\n<\/ul>\n<\/li>\n<li><strong>Gps track-ek<\/strong>\n<ul>\n<li><strong><a href=\"http:\/\/www.tabanispartacus.hu\/tajfuto\/2016\/dobogokoi\/maraton.gpx\">Maraton<\/a><\/strong><\/li>\n<li><strong><a href=\"http:\/\/www.tabanispartacus.hu\/tajfuto\/2016\/dobogokoi\/felmaraton.gpx\">F\u00e9lmaraton<\/a><\/strong><\/li>\n<li><strong><a href=\"http:\/\/www.tabanispartacus.hu\/tajfuto\/2016\/dobogokoi\/kismaraton.gpx\">Kismaraton<\/a><\/strong><\/li>\n<li><strong><a href=\"http:\/\/www.tabanispartacus.hu\/tajfuto\/2016\/dobogokoi\/minimaraton.gpx\">Minimaraton<\/a><\/strong><\/li>\n<\/ul>\n<\/li>\n<\/ul>\n<p><strong id=\"oszi\">\u0150szi Spartacus Kupa<br \/>\n<\/strong>2019. 11. 02-03.,\u00a0Cs\u00e1kv\u00e1r<\/p>\n<ul>\n<li><strong><a href=\"http:\/\/www.tabanispartacus.hu\/tajfuto\/wordpress\/wp-content\/uploads\/2019\/10\/19-oszi-ert-hu-20191025v3.pdf\">\u00c9rtes\u00edt\u0151<\/a><\/strong><\/li>\n<li><a href=\"http:\/\/www.tabanispartacus.hu\/tajfuto\/wordpress\/?page_id=5380\"><strong>Rajtlist\u00e1k<\/strong><\/a><\/li>\n<\/ul>\n<p><strong id=\"oszi0\">\u0150szi Spartacus Kupa Prol\u00f3g<br \/>\n<\/strong>2019. 11. 01., Budapest (Gell\u00e9rt-hegy)<\/p>\n<ul>\n<li><a href=\"http:\/\/www.tabanispartacus.hu\/tajfuto\/wordpress\/wp-content\/uploads\/2019\/10\/\u00e9rtes\u00edt\u0151.pdf\"><strong>\u00c9rtes\u00edt\u0151<\/strong><\/a><\/li>\n<li><strong><a href=\"http:\/\/www.tabanispartacus.hu\/tajfuto\/wordpress\/wp-content\/uploads\/2019\/07\/2019_\u0151szi-prol\u00f3g-ki\u00edr\u00e1s.docx\">Ki\u00edr\u00e1s<\/a><\/strong><\/li>\n<\/ul>\n<p><strong id=\"nyari\"><b>Ny\u00e1ri Spari Kupa<\/b><br \/>\n<\/strong><em>2019. 08. 07., 1013 Budapest, Attila \u00fat 2.<\/em><\/p>\n<ul>\n<li><strong><a href=\"http:\/\/www.tabanispartacus.hu\/tajfuto\/wordpress\/wp-content\/uploads\/2019\/08\/2019Nyari-spartacus-kupa.pdf\" target=\"_blank\" rel=\"noopener noreferrer\">Ki\u00edr\u00e1s<\/a><\/strong><\/li>\n<li><strong><a href=\"http:\/\/www.tabanispartacus.hu\/tajfuto\/wordpress\/?page_id=5150\">Eredm\u00e9nyek<\/a><\/strong><\/li>\n<\/ul>\n<p><strong id=\"gazdagret\">Gazdagr\u00e9t Kupa<br \/>\n<\/strong>2019. j\u00fanius 12., Budapest, Gazdagr\u00e9t<\/p>\n<ul>\n<li><strong><a href=\"http:\/\/www.tabanispartacus.hu\/tajfuto\/wordpress\/wp-content\/uploads\/2019\/06\/21379_Gazdagret-kupa.pdf\">Ki\u00edr\u00e1s<\/a><\/strong><\/li>\n<li><strong><a href=\"http:\/\/www.tabanispartacus.hu\/tajfuto\/wordpress\/?page_id=5051\">Eredm\u00e9nyek<\/a><\/strong><\/li>\n<\/ul>\n<p><strong id=\"wod\">Vil\u00e1gnap Kupa<\/strong><br \/>\n2019. 05. 15., Gell\u00e9rt-hegy<\/p>\n<ul>\n<li><strong><a href=\"http:\/\/www.tabanispartacus.hu\/tajfuto\/wordpress\/wp-content\/uploads\/2019\/05\/Ki\u00edr\u00e1s.pdf\">Ki\u00edr\u00e1s<\/a><\/strong><\/li>\n<li><a href=\"http:\/\/www.tabanispartacus.hu\/tajfuto\/wordpress\/?page_id=5472\"><strong>Eredm\u00e9nyek<\/strong><\/a><\/li>\n<\/ul>\n<p><strong id=\"gladiator\">Gladi\u00e1tor Kupa<br \/>\n<\/strong>2019. \u00e1prilis 24., Budapest, V\u00e9rmez\u0151<\/p>\n<ul>\n<li><strong><a href=\"http:\/\/www.tabanispartacus.hu\/tajfuto\/wordpress\/wp-content\/uploads\/2019\/04\/Gladi\u00e1torKupa-2.pdf\">Ki\u00edr\u00e1s<\/a><\/strong><\/li>\n<li><a href=\"http:\/\/www.tabanispartacus.hu\/tajfuto\/wordpress\/?page_id=4922\"><strong>Eredm\u00e9nyek<\/strong><\/a><\/li>\n<\/ul>\n<p><strong id=\"tavaszi\">56. Tavaszi Spartacus Kupa<\/strong><br \/>\n<em>2019. 03. 15-17.,\u00a0Sz\u00e1r, V\u00e9rtes<\/em><\/p>\n<ul>\n<li><strong><a href=\"http:\/\/www.tabanispartacus.hu\/tajfuto\/wordpress\/wp-content\/uploads\/2019\/08\/ertesito_v7.pdf\">Ki\u00edr\u00e1s<\/a><\/strong><\/li>\n<li><strong><a href=\"http:\/\/www.tabanispartacus.hu\/tajfuto\/wordpress\/wp-content\/uploads\/2019\/03\/P\u00e1lyaadatok_v\u00e9gleges.pdf\">P\u00e1lyaadatok<\/a><\/strong><\/li>\n<li><strong><a href=\"http:\/\/www.tabanispartacus.hu\/tajfuto\/wordpress\/wp-content\/uploads\/2019\/03\/ertesito_v7.pdf\">\u00c9rtes\u00edt\u0151<\/a><\/strong><\/li>\n<li><strong><a href=\"http:\/\/www.tabanispartacus.hu\/tajfuto\/wordpress\/?page_id=4747\">Rajtlist\u00e1k<\/a><\/strong><\/li>\n<li><strong><a href=\"http:\/\/www.tabanispartacus.hu\/tajfuto\/wordpress\/?page_id=4780\">T\u00e1jfut\u00f3-biatlon eredm\u00e9nyek<\/a><\/strong><\/li>\n<li><a href=\"http:\/\/www.tabanispartacus.hu\/tajfuto\/wordpress\/wp-content\/uploads\/2019\/04\/20644_labir2019_all.pdf\"><strong>Labirintus eredm\u00e9nyek<\/strong><\/a><\/li>\n<li><strong><a href=\"http:\/\/www.tabanispartacus.hu\/tajfuto\/wordpress\/?page_id=4741\">1. napi eredm\u00e9nyek<\/a><\/strong><\/li>\n<li><a href=\"http:\/\/www.tabanispartacus.hu\/tajfuto\/wordpress\/?page_id=4758\"><strong>2. napi \u00f6sszetett eredm\u00e9nyek<\/strong><\/a><\/li>\n<li><strong><a href=\"https:\/\/drive.google.com\/open?id=1PeHBiWeR-YzDq6irNTjdH8GsatlvozKv\">3. napi vad\u00e1szrajt rajtlista<\/a><\/strong><\/li>\n<li><strong><a href=\"http:\/\/www.tabanispartacus.hu\/tajfuto\/wordpress\/?page_id=4770\">3. napi \u00e9s \u00f6sszetett eredm\u00e9nyek<\/a><\/strong><\/li>\n<\/ul>\n<p><strong id=\"bp_dol\">Di\u00e1k Teremt\u00e1jfut\u00f3 Budapest Bajnoks\u00e1g<\/strong><br \/>\n<em>2019. 01. 19.,\u00a0Budapest, Cs\u00edki-hegyek u. 13-15.<\/em><\/p>\n<ul>\n<li><strong><a href=\"http:\/\/www.tabanispartacus.hu\/tajfuto\/2019\/bp_dol\/Bp_teremtajfuto_bajn_kiiras-v2-2.pdf\" target=\"_blank\" rel=\"noopener noreferrer\">Ki\u00edr\u00e1s<\/a><\/strong><\/li>\n<li><strong><strong><a href=\"http:\/\/www.tabanispartacus.hu\/tajfuto\/2019\/bp_dol\/Bp_terem_edmeny.pdf\">Eredm\u00e9nyek<\/a><\/strong><\/strong><\/li>\n<\/ul>\n","protected":false},"excerpt":{"rendered":"<p>XXIV. Dobog\u00f3k\u0151i Hegyi Fut\u00f3verseny 2019. 11. 23., Dobog\u00f3k\u0151, Pilis\u2013Visegr\u00e1di-hg 67. \u0150szi Spartacus Kupa 2019. 11. 02-03., V\u00e9rtes \u0150szi Spartacus Kupa Prol\u00f3g 2019. 11. 01. Budapest, Gell\u00e9rt-hegy Ny\u00e1ri Spari Kupa 2019. 08. 07., Tab\u00e1n (-Gell\u00e9rt-hegy) Gazdagr\u00e9t Kupa 2019. 06. 12., Csikihegyek Iskola Vil\u00e1gnap Kupa 2019. 05. 15., Gell\u00e9rt-hegy Gladi\u00e1tor Kupa 2019. 04. 24., V\u00e9rmez\u0151 56. Tavaszi &hellip; <a href=\"https:\/\/www.tabanispartacus.hu\/tajfuto\/wordpress\/?page_id=3889\" class=\"more-link\"><span class=\"screen-reader-text\">Versenyeink 2019-ben<\/span> olvas\u00e1s\u00e1nak folytat\u00e1sa <span class=\"meta-nav\">&rarr;<\/span><\/a><\/p>\n","protected":false},"author":1,"featured_media":0,"parent":0,"menu_order":0,"comment_status":"closed","ping_status":"closed","template":"","meta":{"ngg_post_thumbnail":0},"_links":{"self":[{"href":"https:\/\/www.tabanispartacus.hu\/tajfuto\/wordpress\/index.php?rest_route=\/wp\/v2\/pages\/3889"}],"collection":[{"href":"https:\/\/www.tabanispartacus.hu\/tajfuto\/wordpress\/index.php?rest_route=\/wp\/v2\/pages"}],"about":[{"href":"https:\/\/www.tabanispartacus.hu\/tajfuto\/wordpress\/index.php?rest_route=\/wp\/v2\/types\/page"}],"author":[{"embeddable":true,"href":"https:\/\/www.tabanispartacus.hu\/tajfuto\/wordpress\/index.php?rest_route=\/wp\/v2\/users\/1"}],"replies":[{"embeddable":true,"href":"https:\/\/www.tabanispartacus.hu\/tajfuto\/wordpress\/index.php?rest_route=%2Fwp%2Fv2%2Fcomments&post=3889"}],"version-history":[{"count":67,"href":"https:\/\/www.tabanispartacus.hu\/tajfuto\/wordpress\/index.php?rest_route=\/wp\/v2\/pages\/3889\/revisions"}],"predecessor-version":[{"id":5499,"href":"https:\/\/www.tabanispartacus.hu\/tajfuto\/wordpress\/index.php?rest_route=\/wp\/v2\/pages\/3889\/revisions\/5499"}],"wp:attachment":[{"href":"https:\/\/www.tabanispartacus.hu\/tajfuto\/wordpress\/index.php?rest_route=%2Fwp%2Fv2%2Fmedia&parent=3889"}],"curies":[{"name":"wp","href":"https:\/\/api.w.org\/{rel}","templated":true}]}}