{"id":3535,"date":"2017-10-17T09:18:02","date_gmt":"2017-10-17T07:18:02","guid":{"rendered":"http:\/\/www.tabanispartacus.hu\/tajfuto\/wordpress\/?page_id=3535"},"modified":"2021-11-06T20:41:19","modified_gmt":"2021-11-06T19:41:19","slug":"kozelgo-esemenyek","status":"publish","type":"page","link":"https:\/\/www.tabanispartacus.hu\/tajfuto\/wordpress\/?page_id=3535","title":{"rendered":"Versenyeink 2018-ban"},"content":{"rendered":"<p><a href=\"http:\/\/www.tabanispartacus.hu\/tajfuto\/wordpress\/?page_id=3530\"><img loading=\"lazy\" src=\"http:\/\/www.tabanispartacus.hu\/tajfuto\/2016\/tavaszi\/Union-jack.jpg\" alt=\"\" width=\"80\" height=\"50\" align=\"right\"><\/a><\/p>\n<table>\n<tbody>\n<tr>\n<td style=\"font-size: 75%;\"><strong><a href=\"#dobogokoi\">XXIII. Dobog\u00f3k\u0151i Hegyi Fut\u00f3verseny<\/a><\/strong><\/td>\n<td style=\"font-size: 75%;\">2018. 11. 17., Dobog\u00f3k\u0151, Pilis\u2013Visegr\u00e1di-hg<\/td>\n<\/tr>\n<tr>\n<td style=\"font-size: 75%;\"><strong><a href=\"#oszi\">66. \u0150szi Spartacus Kupa<\/a><\/strong><\/td>\n<td style=\"font-size: 75%;\">2018. 11. 3-4., V\u00e1rgesztes\u2013K\u0151h\u00e1ny\u00e1spuszta, V\u00e9rtes<\/td>\n<\/tr>\n<tr>\n<td style=\"font-size: 75%;\"><strong><a href=\"#nyari\">Ny\u00e1ri Spartacus Kupa<\/a><\/strong><\/td>\n<td style=\"font-size: 75%;\">2018. 08. 08., Budapest, Tab\u00e1n<\/td>\n<\/tr>\n<tr>\n<td style=\"font-size: 75%;\"><strong><a href=\"#kob\">K\u00f6z\u00e9pt\u00e1v\u00fa \u00e9s V\u00e1lt\u00f3 OB<\/a><\/strong><\/td>\n<td style=\"font-size: 75%;\">2018. 06. 23-24.,&nbsp;G\u00e9m-hegy K, V\u00e9rtes<\/td>\n<\/tr>\n<tr>\n<td style=\"font-size: 75%;\"><strong><a href=\"#gazdagret\">Gazdagr\u00e9t Kupa<\/a><\/strong><\/td>\n<td style=\"font-size: 75%;\">2018. 06. 20.,&nbsp;Budapest,<em>&nbsp;<\/em>Csiki-hegyek u. 13-15<\/td>\n<\/tr>\n<tr>\n<td style=\"font-size: 75%;\"><strong><a href=\"#wod\">Vil\u00e1gnap Kupa<\/a><\/strong><\/td>\n<td style=\"font-size: 75%;\">2018. 05. 23.,&nbsp;Budapest, Gell\u00e9rt-hegy<\/td>\n<\/tr>\n<tr>\n<td style=\"font-size: 75%;\"><strong><a href=\"#gladiator\">Gladi\u00e1tor Kupa<\/a><\/strong><\/td>\n<td style=\"font-size: 75%;\">2018. 04. 25.,&nbsp;Budapest, V\u00e9rmez\u0151<\/td>\n<\/tr>\n<tr>\n<td style=\"font-size: 75%;\"><strong><a href=\"#tavaszi\">CEYOC \u00e9s 55. Tavaszi Spartacus Kupa<\/a><\/strong><\/td>\n<td style=\"font-size: 75%;\">2018. 04. 6-8.,&nbsp;Cs\u00e1kv\u00e1r\u2013V\u00e9rteskozma, V\u00e9rtes<\/td>\n<\/tr>\n<tr>\n<td style=\"font-size: 75%;\"><strong><a href=\"#bp_dol\">Di\u00e1k Teremt\u00e1jfut\u00f3 Budapest Bajnoks\u00e1g<\/a><\/strong><\/td>\n<td style=\"font-size: 75%;\">2018. 01. 20.,&nbsp;Budapest, Gazdagr\u00e9t<\/td>\n<\/tr>\n<\/tbody>\n<\/table>\n<p><strong id=\"dobogokoi\">XXIII. Dobog\u00f3k\u0151i Hegyi Fut\u00f3verseny<\/strong><br \/>\n<em>2018. 11. 17.,&nbsp;Dobog\u00f3k\u0151, Pilis\u2013Visegr\u00e1di-hg<\/em><\/p>\n<ul>\n<li><strong><a href=\"http:\/\/www.tabanispartacus.hu\/tajfuto\/2018\/dobogokoi\/2018Dko-kiiras_181117_v8.pdf\" target=\"_blank\" rel=\"noopener noreferrer\">Ki\u00edr\u00e1s<\/a><\/strong><\/li>\n<li><strong>Ki\u00edr\u00e1s kieg\u00e9sz\u00edt\u00e9s:<\/strong>\n<div id=\"yui_3_16_0_ym19_1_1510040133851_23782\">&#8211; 10% kedvezm\u00e9ny a turistah\u00e1zban \u00e9telre-italra,<\/div>\n<div id=\"yui_3_16_0_ym19_1_1510040133851_23780\">&#8211; f\u00e9l\u00e1r\u00fa parkol\u00e1s,<\/div>\n<div id=\"yui_3_16_0_ym19_1_1510040133851_23778\">&#8211; ingyenes ruhat\u00e1r.<\/div>\n<\/li>\n<li>\n<div><strong><a href=\"https:\/\/www.facebook.com\/dobogokoihegyifuto\/?fref=ts\">Facebook<\/a><\/strong><\/div>\n<\/li>\n<li><span style=\"color: #000000;\"><strong>\u00datvonalle\u00edr\u00e1sok<\/strong><\/span>\n<ul>\n<li><a href=\"http:\/\/www.tabanispartacus.hu\/tajfuto\/2016\/dobogokoi\/maratoni_utvonal_2016.pdf\">Maraton<\/a><\/li>\n<li><a href=\"http:\/\/www.tabanispartacus.hu\/tajfuto\/2016\/dobogokoi\/felmaratoni_utvonal_2016.pdf\">F\u00e9lmaraton<\/a><\/li>\n<li><a href=\"http:\/\/www.tabanispartacus.hu\/tajfuto\/2016\/dobogokoi\/kismaratoni_utvonal_2016.pdf\">Kismaraton<\/a><\/li>\n<\/ul>\n<\/li>\n<li><strong>T\u00e9rk\u00e9pek (mivel az \u00fatvonal nem v\u00e1ltozott, a tavalyi t\u00e9rk\u00e9pek)<\/strong>\n<ul>\n<li><a href=\"http:\/\/www.tabanispartacus.hu\/tajfuto\/2016\/dobogokoi\/hegyi_maratonx.jpg\">Maraton<\/a><\/li>\n<li><a href=\"http:\/\/www.tabanispartacus.hu\/tajfuto\/2016\/dobogokoi\/hegyi_felmaratonx.jpg\">F\u00e9lmaraton<\/a><\/li>\n<li><a href=\"http:\/\/www.tabanispartacus.hu\/tajfuto\/2016\/dobogokoi\/hegyi_kismaratonx.jpg\">Kismaraton<\/a><\/li>\n<li><a href=\"http:\/\/www.tabanispartacus.hu\/tajfuto\/2016\/dobogokoi\/minimaratonx.jpg\">Minimaraton<\/a><\/li>\n<li><a href=\"http:\/\/www.tabanispartacus.hu\/tajfuto\/2016\/dobogokoi\/nehez_teljesitmenyturax.jpg\">Neh\u00e9z teljes\u00edtm\u00e9nyt\u00fara<\/a><\/li>\n<li><a href=\"http:\/\/www.tabanispartacus.hu\/tajfuto\/2016\/dobogokoi\/konnyu_teljesitmenyturax.jpg\">K\u00f6nny\u0171 teljes\u00edtm\u00e9nyt\u00fara<\/a><\/li>\n<\/ul>\n<\/li>\n<li><strong>Gps track-ek<\/strong>\n<ul>\n<li><a href=\"http:\/\/www.tabanispartacus.hu\/tajfuto\/2016\/dobogokoi\/maraton.gpx\">Maraton<\/a><\/li>\n<li><a href=\"http:\/\/www.tabanispartacus.hu\/tajfuto\/2016\/dobogokoi\/felmaraton.gpx\">F\u00e9lmaraton<\/a><\/li>\n<li><a href=\"http:\/\/www.tabanispartacus.hu\/tajfuto\/2016\/dobogokoi\/kismaraton.gpx\">Kismaraton<\/a><\/li>\n<li><a href=\"http:\/\/www.tabanispartacus.hu\/tajfuto\/2016\/dobogokoi\/minimaraton.gpx\">Minimaraton<\/a><\/li>\n<\/ul>\n<\/li>\n<\/ul>\n<ul>\n<li><strong><strong><a href=\"http:\/\/www.tabanispartacus.hu\/tajfuto\/wordpress\/wp-content\/uploads\/2018\/11\/Dobogokoi2018.pdf\">EREDM\u00c9NYEK<\/a>(<a href=\"http:\/\/www.tabanispartacus.hu\/tajfuto\/wordpress\/wp-content\/uploads\/2019\/12\/20232_Dobogokoi2018_reszidos.pdf\">r\u00e9szid\u0151s<\/a>)<br \/>\n<\/strong><\/strong><\/li>\n<li><strong>Teljes\u00edtm\u00e9nyt\u00fara <a href=\"http:\/\/www.tabanispartacus.hu\/tajfuto\/wordpress\/wp-content\/uploads\/2019\/12\/Dkoi-Tura-2018j.pdf\">eredm\u00e9nyek<\/a><\/strong><\/li>\n<li><strong>M\u00e1th\u00e9 Pista <a href=\"https:\/\/www.flickr.com\/photos\/101487580@N03\/sets\/72157702213850741\" target=\"_blank\" rel=\"noopener noreferrer\">fot\u00f3i<\/a><\/strong><\/li>\n<\/ul>\n<p><strong id=\"oszi\">\u0150szi Spartacus Kupa<\/strong><br \/>\n<em>2018. 11. 3-4., V\u00e1rgesztes\u2013K\u0151h\u00e1ny\u00e1spuszta, V\u00e9rtes<\/em><\/p>\n<ul>\n<li><strong><a href=\"http:\/\/www.tabanispartacus.hu\/tajfuto\/2018\/oszi\/2018_Osp_kiiras_hu_v4.pdf\" target=\"_blank\" rel=\"noopener noreferrer\">Ki\u00edr\u00e1s<\/a><\/strong><\/li>\n<li><a href=\"http:\/\/www.tabanispartacus.hu\/tajfuto\/2018\/oszi\/18-osp-ert-hu_v4.pdf\" target=\"_blank\" rel=\"noopener noreferrer\"><strong>\u00c9rtes\u00edt\u0151<\/strong><\/a><\/li>\n<li><strong>Rajtlista<\/strong>\n<ul>\n<li><a href=\"http:\/\/www.tabanispartacus.hu\/tajfuto\/2018\/oszi\/Rajtlista_klubonkent.html\" target=\"_blank\" rel=\"noopener noreferrer\"><strong>Klubonk\u00e9nt<\/strong><\/a><\/li>\n<li><a href=\"http:\/\/www.tabanispartacus.hu\/tajfuto\/2018\/oszi\/Rajtlista_kategoriankent-1nap.html\" target=\"_blank\" rel=\"noopener noreferrer\"><strong>Kateg\u00f3ri\u00e1nk\u00e9nt 1.nap<\/strong><\/a><\/li>\n<li><strong><a href=\"http:\/\/www.tabanispartacus.hu\/tajfuto\/2018\/oszi\/Rajtlista_kategoriankent-2nap.html\" target=\"_blank\" rel=\"noopener noreferrer\">&#8230;&nbsp; 2.nap<\/a><\/strong><\/li>\n<\/ul>\n<\/li>\n<li><strong>Eredm\u00e9nyek<\/strong>\n<ul>\n<li><a href=\"http:\/\/www.tabanispartacus.hu\/tajfuto\/2018\/oszi\/OSZI_SPARTACUS_KUPA2018-Eredmenyek1.html\" target=\"_blank\" rel=\"noopener noreferrer\"><strong>1.nap<\/strong><\/a><strong> (<a href=\"http:\/\/www.tabanispartacus.hu\/tajfuto\/2018\/oszi\/OSZI_SPARTACUS_KUPA2018-Reszidos_eredmenyek1.html\" target=\"_blank\" rel=\"noopener noreferrer\">r\u00e9szid\u0151s<\/a>)<\/strong><\/li>\n<li><a href=\"http:\/\/www.tabanispartacus.hu\/tajfuto\/2018\/oszi\/OSZI_SPARTACUS_KUPA2018-Eredmenyek2.html\" target=\"_blank\" rel=\"noopener noreferrer\"><strong>2.nap<\/strong><\/a><strong> (<a href=\"http:\/\/www.tabanispartacus.hu\/tajfuto\/2018\/oszi\/OSZI_SPARTACUS_KUPA2018-Reszidos_eredmenyek2.html\" target=\"_blank\" rel=\"noopener noreferrer\">r\u00e9szid\u0151s<\/a>)<\/strong><\/li>\n<li><strong><a href=\"http:\/\/www.tabanispartacus.hu\/tajfuto\/2018\/oszi\/OSZI_SPARTACUS_KUPA2018-Osszetett_eredmenyek.html\" target=\"_blank\" rel=\"noopener noreferrer\">\u00d6sszetett eredm\u00e9nyek<\/a><\/strong><\/li>\n<li><strong>Mikrosprint <a href=\"http:\/\/www.tabanispartacus.hu\/tajfuto\/2018\/oszi\/Mikrosprint_2018_autumnSPA-Reszidos_eredmenyek-Palya1.html\" target=\"_blank\" rel=\"noopener noreferrer\">1.p\u00e1lya<\/a>, <a href=\"http:\/\/www.tabanispartacus.hu\/tajfuto\/2018\/oszi\/Mikrosprint_2018_autumnSPA-Reszidos_eredmenyek-Palya2.html\" target=\"_blank\" rel=\"noopener noreferrer\">2.p\u00e1lya<\/a>, <a href=\"http:\/\/www.tabanispartacus.hu\/tajfuto\/2018\/oszi\/Mikrosprint_2018_autumnSPA-Reszidos_eredmenyek-Palya3.html\" target=\"_blank\" rel=\"noopener noreferrer\">3.p\u00e1lya<\/a><\/strong><\/li>\n<\/ul>\n<\/li>\n<li><strong>M\u00e1th\u00e9 Pista <a href=\"https:\/\/www.flickr.com\/photos\/101487580@N03\/albums\/72157673139637797\" target=\"_blank\" rel=\"noopener noreferrer\">fot\u00f3i<\/a><\/strong><\/li>\n<\/ul>\n<p><strong id=\"nyari\">Ny\u00e1ri Spari Kupa<\/strong><br \/>\n2018.08.08., Budapest, Tab\u00e1n<\/p>\n<ul>\n<li><strong><a href=\"http:\/\/www.tabanispartacus.hu\/tajfuto\/2018\/nyari\/NyariSpartacusKupa2018.pdf\" target=\"_blank\" rel=\"noopener noreferrer\">Ki\u00edr\u00e1s<\/a><\/strong><\/li>\n<li><strong><a href=\"http:\/\/www.tabanispartacus.hu\/tajfuto\/2018\/nyari\/NyariSpari_normal_eredmeny.pdf\" target=\"_blank\" rel=\"noopener noreferrer\">Eredm\u00e9ny<\/a> (<a href=\"http:\/\/www.tabanispartacus.hu\/tajfuto\/2018\/nyari\/NyariSpari_reszidos_eredmenyek.pdf\" target=\"_blank\" rel=\"noopener noreferrer\">r\u00e9szid\u0151s<\/a>)<\/strong><\/li>\n<\/ul>\n<p><strong id=\"kob\">K\u00f6z\u00e9pt\u00e1v\u00fa \u00e9s V\u00e1lt\u00f3 OB<\/strong><br \/>\n<em>2018. 06. 23-24.,&nbsp;G\u00e9m-hegy K, V\u00e9rtes<\/em><\/p>\n<ul>\n<li><strong><a href=\"http:\/\/www.tabanispartacus.hu\/tajfuto\/2018\/kob-vob\/Kiiras_2018_KOB-VOB.pdf\" target=\"_blank\" rel=\"noopener noreferrer\">Ki\u00edr\u00e1s<\/a><\/strong><\/li>\n<li><strong><a href=\"http:\/\/www.tabanispartacus.hu\/tajfuto\/2018\/kob-vob\/Ertesito_2018_KOB_VOB_0614.pdf\" target=\"_blank\" rel=\"noopener noreferrer\">\u00c9rtes\u00edt\u0151<\/a><\/strong><\/li>\n<li><strong><a href=\"http:\/\/www.tabanispartacus.hu\/tajfuto\/2018\/kob-vob\/Kiegesztes.pdf\" target=\"_blank\" rel=\"noopener noreferrer\">Kieg\u00e9sz\u00edt\u00e9s<\/a><\/strong><\/li>\n<li><strong>Rajtlista<\/strong>\n<ul>\n<li><strong>K\u00f6z\u00e9pt\u00e1v\u00fa OB Selejtez\u0151<\/strong>\n<ul>\n<li><strong><a href=\"http:\/\/www.tabanispartacus.hu\/tajfuto\/2018\/kob-vob\/kob_selejtezo.html\" target=\"_blank\" rel=\"noopener noreferrer\">kateg\u00f3ri\u00e1nk\u00e9nt<\/a><\/strong><\/li>\n<li><strong><a href=\"http:\/\/www.tabanispartacus.hu\/tajfuto\/2018\/kob-vob\/kob_selejtezo_klub.html\" target=\"_blank\" rel=\"noopener noreferrer\">klubonk\u00e9nt<\/a><\/strong><\/li>\n<\/ul>\n<\/li>\n<li><strong>&#8230; D\u00f6nt\u0151<\/strong>\n<ul>\n<li><strong><a href=\"http:\/\/www.tabanispartacus.hu\/tajfuto\/2018\/kob-vob\/kob_donto_szenior.html\" target=\"_blank\" rel=\"noopener noreferrer\">Szeniorok kateg\u00f3ri\u00e1nk\u00e9nt<\/a><\/strong><\/li>\n<li><strong><a href=\"http:\/\/www.tabanispartacus.hu\/tajfuto\/2018\/kob-vob\/kob_donto_szenior_klub.html\" target=\"_blank\" rel=\"noopener noreferrer\">&#8230; klubonk\u00e9nt<\/a><\/strong><\/li>\n<\/ul>\n<\/li>\n<li><strong><a href=\"http:\/\/www.tabanispartacus.hu\/tajfuto\/2018\/kob-vob\/valto.html\" target=\"_blank\" rel=\"noopener noreferrer\">V\u00e1lt\u00f3 OB<\/a><\/strong><\/li>\n<\/ul>\n<\/li>\n<li><strong>Eredm\u00e9nyek<\/strong>\n<ul>\n<li><strong>K\u00f6z\u00e9pt\u00e1v\u00fa OB<\/strong>\n<ul>\n<li><strong><a href=\"http:\/\/www.tabanispartacus.hu\/tajfuto\/2018\/kob-vob\/kob_selejtezo-eredmenyek.html\" target=\"_blank\" rel=\"noopener noreferrer\">Selejtez\u0151<\/a> (<a href=\"http:\/\/www.tabanispartacus.hu\/tajfuto\/2018\/kob-vob\/kob_selejtezo-reszidos_eredmenyek.html\" target=\"_blank\" rel=\"noopener noreferrer\">r\u00e9szid\u0151s<\/a>)<\/strong><\/li>\n<li><strong><a href=\"http:\/\/www.tabanispartacus.hu\/tajfuto\/2018\/kob-vob\/kob_nyilt-eredmenyek.html\" target=\"_blank\" rel=\"noopener noreferrer\">Ny\u00edlt kateg\u00f3ri\u00e1k<\/a> (<a href=\"http:\/\/www.tabanispartacus.hu\/tajfuto\/2018\/kob-vob\/kob_nyilt-reszidos_eredmenyek.html\" target=\"_blank\" rel=\"noopener noreferrer\">r\u00e9szid\u0151s<\/a>)<\/strong><\/li>\n<\/ul>\n<\/li>\n<li><strong><a href=\"http:\/\/www.tabanispartacus.hu\/tajfuto\/2018\/kob-vob\/kob_donto-eredmenyek.html\" target=\"_blank\" rel=\"noopener noreferrer\"> D\u00f6nt\u0151<\/a> (<a href=\"http:\/\/www.tabanispartacus.hu\/tajfuto\/2018\/kob-vob\/kob_donto-reszidos_eredmenyek.html\" target=\"_blank\" rel=\"noopener noreferrer\">r\u00e9szid\u0151s<\/a>)<\/strong><\/li>\n<\/ul>\n<ul>\n<li><strong>V\u00e1lt\u00f3 OB<\/strong>\n<ul>\n<li><strong><a href=\"http:\/\/www.tabanispartacus.hu\/tajfuto\/2018\/kob-vob\/vob2018-eredmenyek_j.html\" target=\"_blank\" rel=\"noopener noreferrer\">VOB Eredm\u00e9ny<\/a> (<a href=\"http:\/\/www.tabanispartacus.hu\/tajfuto\/2018\/kob-vob\/vob2018-reszidos_eredmenyek.html\" target=\"_blank\" rel=\"noopener noreferrer\">r\u00e9szid\u0151s<\/a>)<\/strong><\/li>\n<li><strong><a href=\"http:\/\/www.tabanispartacus.hu\/tajfuto\/2018\/kob-vob\/vob_nyilt-eredmenyek.html\" target=\"_blank\" rel=\"noopener noreferrer\">Ny\u00edlt kateg\u00f3ri\u00e1k<\/a> (<a href=\"http:\/\/www.tabanispartacus.hu\/tajfuto\/2018\/kob-vob\/vob_nyilt-reszidos_eredmenyek.html\" target=\"_blank\" rel=\"noopener noreferrer\">r\u00e9szid\u0151s<\/a>)<\/strong><\/li>\n<\/ul>\n<\/li>\n<\/ul>\n<\/li>\n<\/ul>\n<p><strong id=\"gazdagret\">Gazdagr\u00e9t Kupa<\/strong><br \/>\n<em>2018.06.20., Budapest, Csiki-hegyek utca 13-15<\/em><\/p>\n<ul>\n<li><strong><a href=\"http:\/\/www.tabanispartacus.hu\/tajfuto\/2018\/gazdagret\/Gazdagret-kupa_kiras.pdf\" target=\"_blank\" rel=\"noopener noreferrer\">\u00c9rtes\u00edt\u0151<\/a><\/strong><\/li>\n<li><strong><a href=\"http:\/\/www.tabanispartacus.hu\/tajfuto\/2018\/gazdagret\/Gazdagret_normal.pdf\" target=\"_blank\" rel=\"noopener noreferrer\">Eredm\u00e9ny<\/a> (<a href=\"http:\/\/www.tabanispartacus.hu\/tajfuto\/2018\/gazdagret\/Gazdagret_reszidos.pdf\" target=\"_blank\" rel=\"noopener noreferrer\">r\u00e9szid\u0151s<\/a>)<\/strong><\/li>\n<\/ul>\n<p><strong id=\"wod\">Vil\u00e1gnap Kupa<\/strong><br \/>\n<em>2018.05.23., Budapest, Gell\u00e9rt-hegy<\/em><\/p>\n<ul>\n<li><strong><a href=\"http:\/\/www.tabanispartacus.hu\/tajfuto\/2018\/wod\/VilagnapKupa_j.pdf\" target=\"_blank\" rel=\"noopener noreferrer\">\u00c9rtes\u00edt\u0151<\/a><\/strong><\/li>\n<li><strong><a href=\"http:\/\/www.tabanispartacus.hu\/tajfuto\/2018\/wod\/Vilagnap_normaleredmeny.pdf\" target=\"_blank\" rel=\"noopener noreferrer\">Eredm\u00e9ny<\/a> (<a href=\"http:\/\/www.tabanispartacus.hu\/tajfuto\/2018\/wod\/Vilagnap_reszidos_eredmenyek.pdf\" target=\"_blank\" rel=\"noopener noreferrer\">r\u00e9szid\u0151s<\/a>)<\/strong><\/li>\n<\/ul>\n<p><strong id=\"gladiator\">Gladi\u00e1tor Kupa<\/strong><br \/>\n<em>2018. 04. 25.,&nbsp;Budapest, V\u00e9rmez\u0151<\/em><\/p>\n<ul>\n<li><strong><a href=\"http:\/\/www.tabanispartacus.hu\/tajfuto\/2018\/gladiator\/Ertesito.pdf\" target=\"_blank\" rel=\"noopener noreferrer\">\u00c9rtes\u00edt\u0151<\/a><\/strong><\/li>\n<li><a href=\"http:\/\/www.tabanispartacus.hu\/tajfuto\/2018\/gladiator\/Gladiator_normal_eredmeny.pdf\" target=\"_blank\" rel=\"noopener noreferrer\"><strong>Eredm\u00e9nyek<\/strong><\/a> (<a href=\"http:\/\/www.tabanispartacus.hu\/tajfuto\/2018\/gladiator\/Gladiator_reszidos_eredmenyek.pdf\" target=\"_blank\" rel=\"noopener noreferrer\"><strong>r\u00e9szid\u0151s<\/strong><\/a>)<\/li>\n<\/ul>\n<p><strong id=\"tavaszi\">CEYOC \u00e9s Tavaszi Spartacus Kupa<\/strong><br \/>\n<em>2018. 04. 6-8.,&nbsp;Cs\u00e1kv\u00e1r\u2013V\u00e9rteskozma, V\u00e9rtes<\/em><\/p>\n<ul>\n<li><strong><a href=\"http:\/\/www.tabanispartacus.hu\/tajfuto\/2018\/tavaszi-ceyoc\/ceyoc_55_spa_spring_cup_j2xyy.jpg\" target=\"_blank\" rel=\"noopener noreferrer\">Megh\u00edv\u00f3<\/a><\/strong><\/li>\n<li><strong><a href=\"http:\/\/www.tabanispartacus.hu\/tajfuto\/2018\/tavaszi-ceyoc\/2018_tsp_invitation_hu_dizajnos_180207.pdf\" target=\"_blank\" rel=\"noopener noreferrer\">Ki\u00edr\u00e1s<\/a><\/strong><\/li>\n<li><strong><a href=\"http:\/\/www.tabanispartacus.hu\/tajfuto\/2018\/tavaszi-ceyoc\/2018_tsp_ertesito_hu_180404.pdf\" target=\"_blank\" rel=\"noopener noreferrer\">\u00c9rtes\u00edt\u0151<\/a><\/strong><\/li>\n<li><strong>Rajtlista<\/strong>\n<ul>\n<li><strong><a href=\"http:\/\/www.tabanispartacus.hu\/tajfuto\/2018\/tavaszi-ceyoc\/2018_tsp_startlist_classes.pdf\" target=\"_blank\" rel=\"noopener noreferrer\">kateg\u00f3ri\u00e1nk\u00e9nt<\/a><\/strong><\/li>\n<li><strong><a href=\"http:\/\/www.tabanispartacus.hu\/tajfuto\/2018\/tavaszi-ceyoc\/2018_tsp_startlist_clubs.pdf\" target=\"_blank\" rel=\"noopener noreferrer\">klubonk\u00e9nt<\/a><\/strong><\/li>\n<\/ul>\n<\/li>\n<li><strong>Eredm\u00e9nyek<\/strong>\n<ul>\n<li><strong>CEYOC<\/strong>\n<ul>\n<li><strong><a href=\"http:\/\/www.tabanispartacus.hu\/tajfuto\/2018\/tavaszi-ceyoc\/CEYOC2018Relay-Eredmenyek_kategoriankent.html\" target=\"_blank\" rel=\"noopener noreferrer\">V\u00e1lt\u00f3<\/a> (<a href=\"http:\/\/www.tabanispartacus.hu\/tajfuto\/2018\/tavaszi-ceyoc\/CEYOC2018Relay-Reszidos_eredmenyek.html\" target=\"_blank\" rel=\"noopener noreferrer\">r\u00e9szid\u0151s<\/a>)<\/strong><\/li>\n<li><strong><a href=\"http:\/\/www.tabanispartacus.hu\/tajfuto\/2018\/tavaszi-ceyoc\/CEYOC2018-Eredmenyek-Classic_distance.html\" target=\"_blank\" rel=\"noopener noreferrer\">Norm\u00e1lt\u00e1v<\/a> (<a href=\"http:\/\/www.tabanispartacus.hu\/tajfuto\/2018\/tavaszi-ceyoc\/CEYOC2018-Reszidos_eredmenyek-Classic_distance.html\" target=\"_blank\" rel=\"noopener noreferrer\">r\u00e9szid\u0151s<\/a>)<\/strong><\/li>\n<li><strong><a href=\"http:\/\/www.tabanispartacus.hu\/tajfuto\/2018\/tavaszi-ceyoc\/CEYOC2018-Eredmenyek-Middle_distance.html\" target=\"_blank\" rel=\"noopener noreferrer\">K\u00f6z\u00e9pt\u00e1v<\/a> (<a href=\"http:\/\/www.tabanispartacus.hu\/tajfuto\/2018\/tavaszi-ceyoc\/CEYOC2018-Reszidos_eredmenyek-Middle_distance.html\" target=\"_blank\" rel=\"noopener noreferrer\">r\u00e9szid\u0151s<\/a>)<\/strong><\/li>\n<\/ul>\n<\/li>\n<li><strong>Tavaszi Spartacus Kupa<\/strong>\n<ul>\n<li><strong><a href=\"http:\/\/www.tabanispartacus.hu\/tajfuto\/2018\/tavaszi-ceyoc\/2018TavasziSpartacusKupaProlog-Eredmenyek.html\" target=\"_blank\" rel=\"noopener noreferrer\">Prol\u00f3g<\/a> (<a href=\"http:\/\/www.tabanispartacus.hu\/tajfuto\/2018\/tavaszi-ceyoc\/2018TavasziSpartacusKupaProlog-Reszidos_eredmenyek.html\" target=\"_blank\" rel=\"noopener noreferrer\">r\u00e9szid\u0151s<\/a>)<\/strong><\/li>\n<li><strong><a href=\"http:\/\/www.tabanispartacus.hu\/tajfuto\/2018\/tavaszi-ceyoc\/CEYOC-SpringSpartacusCup2018-Eredmenyek-Classic_distance.html\" target=\"_blank\" rel=\"noopener noreferrer\">Norm\u00e1lt\u00e1v<\/a> (<a href=\"http:\/\/www.tabanispartacus.hu\/tajfuto\/2018\/tavaszi-ceyoc\/CEYOC-SpringSpartacusCup2018-Reszidos_ eredmenyek-Classic_distance.html\" target=\"_blank\" rel=\"noopener noreferrer\">r\u00e9szid\u0151s<\/a>)<\/strong><\/li>\n<li><strong><a href=\"http:\/\/www.tabanispartacus.hu\/tajfuto\/2018\/tavaszi-ceyoc\/CEYOC-SpringSpartacusCup2018-Eredmenyek-Middle_distance.html\" target=\"_blank\" rel=\"noopener noreferrer\">K\u00f6z\u00e9pt\u00e1v<\/a>&nbsp;(<a href=\"http:\/\/www.tabanispartacus.hu\/tajfuto\/2018\/tavaszi-ceyoc\/CEYOC-SpringSpartacusCup2018-Reszidos_eredmenyek-Middle_distance.html\" target=\"_blank\" rel=\"noopener noreferrer\">R\u00e9szid\u0151s<\/a>)<\/strong><\/li>\n<li><a href=\"http:\/\/www.tabanispartacus.hu\/tajfuto\/2018\/tavaszi-ceyoc\/CEYOC-SpringSpartacusCup2018-Osszetett_eredmenyek.html\" target=\"_blank\" rel=\"noopener noreferrer\"><strong>\u00d6sszetett eredm\u00e9nyek<\/strong><\/a><\/li>\n<\/ul>\n<\/li>\n<\/ul>\n<\/li>\n<li><strong>M\u00e1th\u00e9 Pista fot\u00f3i<\/strong>\n<ul>\n<li><strong><a href=\"https:\/\/www.flickr.com\/photos\/101487580@N03\/sets\/72157695457219035\" target=\"_blank\" rel=\"noopener noreferrer\">V\u00e1lt\u00f3-Prol\u00f3g<\/a><\/strong><\/li>\n<li><strong><a href=\"https:\/\/www.flickr.com\/photos\/101487580@N03\/sets\/72157693667805111\" target=\"_blank\" rel=\"noopener noreferrer\">Norm\u00e1lt\u00e1v<\/a><\/strong><\/li>\n<li><strong><a href=\"https:\/\/www.flickr.com\/photos\/101487580@N03\/sets\/72157689696182550\" target=\"_blank\" rel=\"noopener noreferrer\">K\u00f6z\u00e9pt\u00e1v<\/a><\/strong><\/li>\n<\/ul>\n<\/li>\n<\/ul>\n<p><strong id=\"bp_dol\">Di\u00e1k Teremt\u00e1jfut\u00f3 Budapest Bajnoks\u00e1g<\/strong><br \/>\n<em>2018. 01. 20.,&nbsp;Budapest, Gazdagr\u00e9t<\/em><\/p>\n<ul>\n<li><strong><a href=\"http:\/\/www.tabanispartacus.hu\/tajfuto\/2018\/bp_dol\/Bp_teremtajfuto_bajn_kiiras_j.pdf\" target=\"_blank\" rel=\"noopener noreferrer\">Ki\u00edr\u00e1s<\/a><\/strong><\/li>\n<li><strong><a href=\"http:\/\/www.tabanispartacus.hu\/tajfuto\/2018\/bp_dol\/eredmenyek2.pdf\" target=\"_blank\" rel=\"noopener noreferrer\">Eredm\u00e9nyek<\/a><\/strong><\/li>\n<\/ul>\n","protected":false},"excerpt":{"rendered":"<p>XXIII. Dobog\u00f3k\u0151i Hegyi Fut\u00f3verseny 2018. 11. 17., Dobog\u00f3k\u0151, Pilis\u2013Visegr\u00e1di-hg 66. \u0150szi Spartacus Kupa 2018. 11. 3-4., V\u00e1rgesztes\u2013K\u0151h\u00e1ny\u00e1spuszta, V\u00e9rtes Ny\u00e1ri Spartacus Kupa 2018. 08. 08., Budapest, Tab\u00e1n K\u00f6z\u00e9pt\u00e1v\u00fa \u00e9s V\u00e1lt\u00f3 OB 2018. 06. 23-24.,&nbsp;G\u00e9m-hegy K, V\u00e9rtes Gazdagr\u00e9t Kupa 2018. 06. 20.,&nbsp;Budapest,&nbsp;Csiki-hegyek u. 13-15 Vil\u00e1gnap Kupa 2018. 05. 23.,&nbsp;Budapest, Gell\u00e9rt-hegy Gladi\u00e1tor Kupa 2018. 04. 25.,&nbsp;Budapest, V\u00e9rmez\u0151 CEYOC &hellip; <a href=\"https:\/\/www.tabanispartacus.hu\/tajfuto\/wordpress\/?page_id=3535\" class=\"more-link\"><span class=\"screen-reader-text\">Versenyeink 2018-ban<\/span> olvas\u00e1s\u00e1nak folytat\u00e1sa <span class=\"meta-nav\">&rarr;<\/span><\/a><\/p>\n","protected":false},"author":1,"featured_media":0,"parent":0,"menu_order":0,"comment_status":"closed","ping_status":"closed","template":"","meta":{"ngg_post_thumbnail":0},"_links":{"self":[{"href":"https:\/\/www.tabanispartacus.hu\/tajfuto\/wordpress\/index.php?rest_route=\/wp\/v2\/pages\/3535"}],"collection":[{"href":"https:\/\/www.tabanispartacus.hu\/tajfuto\/wordpress\/index.php?rest_route=\/wp\/v2\/pages"}],"about":[{"href":"https:\/\/www.tabanispartacus.hu\/tajfuto\/wordpress\/index.php?rest_route=\/wp\/v2\/types\/page"}],"author":[{"embeddable":true,"href":"https:\/\/www.tabanispartacus.hu\/tajfuto\/wordpress\/index.php?rest_route=\/wp\/v2\/users\/1"}],"replies":[{"embeddable":true,"href":"https:\/\/www.tabanispartacus.hu\/tajfuto\/wordpress\/index.php?rest_route=%2Fwp%2Fv2%2Fcomments&post=3535"}],"version-history":[{"count":110,"href":"https:\/\/www.tabanispartacus.hu\/tajfuto\/wordpress\/index.php?rest_route=\/wp\/v2\/pages\/3535\/revisions"}],"predecessor-version":[{"id":5967,"href":"https:\/\/www.tabanispartacus.hu\/tajfuto\/wordpress\/index.php?rest_route=\/wp\/v2\/pages\/3535\/revisions\/5967"}],"wp:attachment":[{"href":"https:\/\/www.tabanispartacus.hu\/tajfuto\/wordpress\/index.php?rest_route=%2Fwp%2Fv2%2Fmedia&parent=3535"}],"curies":[{"name":"wp","href":"https:\/\/api.w.org\/{rel}","templated":true}]}}