{"id":3443,"date":"2017-07-31T16:45:44","date_gmt":"2017-07-31T14:45:44","guid":{"rendered":"http:\/\/www.tabanispartacus.hu\/tajfuto\/wordpress\/?page_id=3443"},"modified":"2017-07-31T22:28:31","modified_gmt":"2017-07-31T20:28:31","slug":"4-fenntartasi-ev","status":"publish","type":"page","link":"https:\/\/www.tabanispartacus.hu\/tajfuto\/wordpress\/?page_id=3443","title":{"rendered":"4. fenntart\u00e1si \u00e9v"},"content":{"rendered":"<p><span style=\"color: #333333;\">A T\u00e1rsadalmi Meg\u00fajul\u00e1s Operat\u00edv Program (T\u00c1MOP) 3.2.11\/10\/1\/KMR sz\u00e1m\u00fa Nevel\u00e9si-oktat\u00e1si int\u00e9zm\u00e9nyek tan\u00f3rai, tan\u00f3r\u00e1n k\u00edv\u00fcli \u00e9s szabadid\u0151s tev\u00e9kenys\u00e9geinek t\u00e1mogat\u00e1sa c\u00edm\u0171 p\u00e1ly\u00e1zati felh\u00edv\u00e1s\u00e1ra beny\u00fajtott<\/span><span style=\"color: #333333;\">\u00a0<\/span><strong><span style=\"color: #333333;\">\u201cSport, Term\u00e9szet, Eg\u00e9szs\u00e9g\u201d<\/span><\/strong><span style=\"color: #333333;\">\u00a0<\/span><span style=\"color: #333333;\">c\u00edm\u0171 p\u00e1ly\u00e1zat megval\u00f3s\u00edt\u00e1sa.<\/span><\/p>\n<p><strong><span style=\"color: #333333;\">A p\u00e1ly\u00e1zatban r\u00e9sztvev\u0151 oktat\u00e1si int\u00e9zm\u00e9nyek:<\/span><\/strong><span style=\"color: #333333;\"><span style=\"font-family: Georgia, serif;\"><br \/>\n<\/span><\/span><em>(az iskola nev\u00e9re kattintva l\u00e1that\u00f3ak az adott iskol\u00e1ban megval\u00f3sul\u00f3 programok)<\/em><\/p>\n<p><span style=\"color: #333333;\">A 4. fenntart\u00e1si \u00e9v (2016. 09. \u2013 2017. 08.) esem\u00e9nyei iskol\u00e1nk\u00e9nt<\/span><\/p>\n<p><span style=\"color: #0000ff;\"><span style=\"text-decoration: underline;\"><a href=\"http:\/\/www.tabanispartacus.hu\/egyesulet\/palyazat\/4\/5-arpad_temahet_2017j.pdf\" target=\"_blank\"><span style=\"color: #743399;\"><span style=\"font-family: Georgia, serif;\"><strong>\u00c1rp\u00e1d Gimn\u00e1zium<\/strong><\/span><\/span><\/a><\/span><\/span><span style=\"color: #333333;\">, 1034 Budapest, Nagyszombat u. 19.<br \/>\n<\/span><span style=\"color: #0000ff;\"><span style=\"text-decoration: underline;\"><a href=\"http:\/\/www.tabanispartacus.hu\/egyesulet\/palyazat\/4\/10-Bleyer-beszamolo_2017_j2.pdf\" target=\"_blank\"><span style=\"color: #743399;\"><span style=\"font-family: Georgia, serif;\"><strong>Bleyer Jakab N\u00e9met Nemzetis\u00e9gi \u00c1ltal\u00e1nos Iskola<\/strong><\/span><\/span><\/a><\/span><\/span><span style=\"color: #333333;\">, 2040 Buda\u00f6rs, Iskola t\u00e9r 1.<br \/>\n<\/span><span style=\"color: #0000ff;\"><span style=\"text-decoration: underline;\"><a href=\"http:\/\/www.tabanispartacus.hu\/egyesulet\/palyazat\/4\/6-Szent_Imre-beszamolo_2017_j.pdf\" target=\"_blank\"><span style=\"color: #743399;\"><span style=\"font-family: Georgia, serif;\"><strong>Budai Ciszterci Szent Imre Gimn\u00e1zium<\/strong><\/span><\/span><\/a><\/span><\/span><span style=\"color: #333333;\">, 1114 Budapest, Vill\u00e1nyi \u00fat 27.<br \/>\n<\/span><span style=\"color: #0000ff;\"><span style=\"text-decoration: underline;\"><a href=\"http:\/\/www.tabanispartacus.hu\/egyesulet\/palyazat\/4\/14-Budai-kozepiskola_Vilagnap_v2.pdf\" target=\"_blank\"><span style=\"color: #743399;\"><span style=\"font-family: Georgia, serif;\"><strong>Budai K\u00f6z\u00e9piskola<\/strong><\/span><\/span><\/a><\/span><\/span><span style=\"color: #333333;\">, 1126 Budapest, M\u00e1rv\u00e1ny u. 32.<br \/>\n<\/span><span style=\"color: #0000ff;\"><span style=\"text-decoration: underline;\"><a href=\"http:\/\/www.tabanispartacus.hu\/egyesulet\/palyazat\/4\/8-Budavari-Tajf-Vilagnap_170524_v4.pdf\" target=\"_blank\"><span style=\"color: #743399;\"><span style=\"font-family: Georgia, serif;\"><strong>Budav\u00e1ri \u00c1ltal\u00e1nos Iskola<\/strong><\/span><\/span><\/a><\/span><\/span><span style=\"color: #333333;\">, 1014 Budapest, T\u00e1rnok u. 9-11.<br \/>\n<\/span><span style=\"color: #0000ff;\"><span style=\"text-decoration: underline;\"><a href=\"http:\/\/www.tabanispartacus.hu\/egyesulet\/palyazat\/4\/2-csiki_verseny_2017j2.pdf\" target=\"_blank\"><span style=\"color: #743399;\"><span style=\"font-family: Georgia, serif;\"><strong>Csikihegyek \u00c1ltal\u00e1nos Iskola<\/strong><\/span><\/span><\/a><\/span><\/span><span style=\"color: #333333;\">, 1118 Budapest, Csikihegyek u. 13-15.<br \/>\n<\/span><span style=\"color: #0000ff;\"><span style=\"text-decoration: underline;\"><a href=\"http:\/\/www.tabanispartacus.hu\/egyesulet\/palyazat\/4\/11-DeakDiak_170524_TajfVilagn_v1.pdf\" target=\"_blank\"><span style=\"color: #743399;\"><span style=\"font-family: Georgia, serif;\"><strong>De\u00e1k Di\u00e1k \u00c1ltal\u00e1nos Iskola<\/strong><\/span><\/span><\/a><\/span><\/span><span style=\"color: #333333;\">, 1081 Budapest, II. J\u00e1nos P\u00e1l p\u00e1pa t\u00e9r (kor\u00e1bban K\u00f6zt\u00e1rsas\u00e1g t\u00e9r) 4.<br \/>\n<\/span><span style=\"color: #0000ff;\"><span style=\"text-decoration: underline;\"><a href=\"http:\/\/www.tabanispartacus.hu\/egyesulet\/palyazat\/4\/12-Vecses-161205_j.pdf\" target=\"_blank\"><span style=\"color: #743399;\"><span style=\"font-family: Georgia, serif;\"><strong>Grassalkovich Antal \u00c1ltal\u00e1nos Iskola (kor\u00e1bban Falusi \u00c1ltal\u00e1nos Iskola)<\/strong><\/span><\/span><\/a><\/span><\/span><span style=\"color: #333333;\">, Vecs\u00e9s, F\u0151 \u00fat 90-92.<br \/>\n<\/span><span style=\"color: #0000ff;\"><span style=\"text-decoration: underline;\"><a href=\"http:\/\/www.tabanispartacus.hu\/egyesulet\/palyazat\/4\/3-farkasret_verseny_2017_j.pdf\" target=\"_blank\"><span style=\"color: #743399;\"><span style=\"font-family: Georgia, serif;\"><strong>Farkasr\u00e9ti \u00c1ltal\u00e1nos Iskola<\/strong><\/span><\/span><\/a><\/span><\/span><span style=\"color: #333333;\">, 1112 Budapest, \u00c9rdi \u00fat 2.<br \/>\n<\/span><span style=\"color: #0000ff;\"><span style=\"text-decoration: underline;\"><a href=\"http:\/\/www.tabanispartacus.hu\/egyesulet\/palyazat\/4\/4-170524_Lisznyai-TajfVilag_v4j.pdf\" target=\"_blank\"><span style=\"color: #743399;\"><span style=\"font-family: Georgia, serif;\"><strong>Lisznyai \u00c1ltal\u00e1nos Iskola<\/strong><\/span><\/span><\/a><\/span><\/span><span style=\"color: #333333;\">, 1016 Budapest, Lisznyai u. 40-42.<br \/>\n<\/span><span style=\"color: #0000ff;\"><span style=\"text-decoration: underline;\"><a href=\"http:\/\/www.tabanispartacus.hu\/egyesulet\/palyazat\/4\/13-ovoda-Csiki_verseny_2017.pdf\" target=\"_blank\"><span style=\"color: #743399;\"><span style=\"font-family: Georgia, serif;\"><strong>Naphegyi \u00d3voda<\/strong><\/span><\/span><\/a><\/span><\/span><span style=\"color: #333333;\">, 1016 Budapest, Ny\u00e1rs u. 2-4.<br \/>\n<\/span><span style=\"color: #0000ff;\"><span style=\"text-decoration: underline;\"><a href=\"http:\/\/www.tabanispartacus.hu\/egyesulet\/palyazat\/4\/15-Waldorf-Csiki_temahet_2017_j3.pdf\" target=\"_blank\"><span style=\"color: #743399;\"><span style=\"font-family: Georgia, serif;\"><strong>\u00d3budai Waldorf Iskola<\/strong><\/span><\/span><\/a><\/span><\/span><span style=\"color: #333333;\">, 1037 Budapest, B\u00e9csi \u00fat 375.<br \/>\n<\/span><span style=\"color: #0000ff;\"><span style=\"text-decoration: underline;\"><a href=\"http:\/\/www.tabanispartacus.hu\/egyesulet\/palyazat\/4\/9-Szinyei_2017_TAMOP.pdf\" target=\"_blank\"><span style=\"color: #743399;\"><span style=\"font-family: Georgia, serif;\"><strong>Szinyei Merse P\u00e1l Gimn\u00e1zium<\/strong><\/span><\/span><\/a><\/span><\/span><span style=\"color: #333333;\">, 1063 Budapest, Szinyei Merse u. 7.<br \/>\n<\/span><span style=\"color: #0000ff;\"><span style=\"text-decoration: underline;\"><a href=\"http:\/\/www.tabanispartacus.hu\/egyesulet\/palyazat\/4\/1-torok_verseny_2017j3.pdf\" target=\"_blank\"><span style=\"color: #743399;\"><span style=\"font-family: Georgia, serif;\"><strong>T\u00f6r\u00f6kugrat\u00f3 \u00c1ltal\u00e1nos Iskola<\/strong><\/span><\/span><\/a><\/span><\/span><span style=\"color: #333333;\">, 1118 Budapest, T\u00f6r\u00f6kugrat\u00f3 u. 15.<br \/>\n<\/span><span style=\"color: #0000ff;\"><span style=\"text-decoration: underline;\"><a href=\"http:\/\/www.tabanispartacus.hu\/egyesulet\/palyazat\/4\/7-Vaci_170524_TajfVilagn_v4.pdf\" target=\"_blank\"><span style=\"color: #743399;\"><span style=\"font-family: Georgia, serif;\"><strong>V\u00e1ci utcai \u00c9nek-zenei \u00c1ltal\u00e1nos Iskola<\/strong><\/span><\/span><\/a><\/span><\/span><span style=\"color: #333333;\">, 1053 Budapest, V\u00e1ci u. 53.<\/span><\/p>\n<p>&nbsp;<\/p>\n","protected":false},"excerpt":{"rendered":"<p>A T\u00e1rsadalmi Meg\u00fajul\u00e1s Operat\u00edv Program (T\u00c1MOP) 3.2.11\/10\/1\/KMR sz\u00e1m\u00fa Nevel\u00e9si-oktat\u00e1si int\u00e9zm\u00e9nyek tan\u00f3rai, tan\u00f3r\u00e1n k\u00edv\u00fcli \u00e9s szabadid\u0151s tev\u00e9kenys\u00e9geinek t\u00e1mogat\u00e1sa c\u00edm\u0171 p\u00e1ly\u00e1zati felh\u00edv\u00e1s\u00e1ra beny\u00fajtott\u00a0\u201cSport, Term\u00e9szet, Eg\u00e9szs\u00e9g\u201d\u00a0c\u00edm\u0171 p\u00e1ly\u00e1zat megval\u00f3s\u00edt\u00e1sa. A p\u00e1ly\u00e1zatban r\u00e9sztvev\u0151 oktat\u00e1si int\u00e9zm\u00e9nyek: (az iskola nev\u00e9re kattintva l\u00e1that\u00f3ak az adott iskol\u00e1ban megval\u00f3sul\u00f3 programok) A 4. fenntart\u00e1si \u00e9v (2016. 09. \u2013 2017. 08.) esem\u00e9nyei iskol\u00e1nk\u00e9nt \u00c1rp\u00e1d Gimn\u00e1zium, 1034 Budapest, &hellip; <a href=\"https:\/\/www.tabanispartacus.hu\/tajfuto\/wordpress\/?page_id=3443\" class=\"more-link\"><span class=\"screen-reader-text\">4. fenntart\u00e1si \u00e9v<\/span> olvas\u00e1s\u00e1nak folytat\u00e1sa <span class=\"meta-nav\">&rarr;<\/span><\/a><\/p>\n","protected":false},"author":1,"featured_media":0,"parent":0,"menu_order":0,"comment_status":"closed","ping_status":"closed","template":"","meta":{"ngg_post_thumbnail":0},"_links":{"self":[{"href":"https:\/\/www.tabanispartacus.hu\/tajfuto\/wordpress\/index.php?rest_route=\/wp\/v2\/pages\/3443"}],"collection":[{"href":"https:\/\/www.tabanispartacus.hu\/tajfuto\/wordpress\/index.php?rest_route=\/wp\/v2\/pages"}],"about":[{"href":"https:\/\/www.tabanispartacus.hu\/tajfuto\/wordpress\/index.php?rest_route=\/wp\/v2\/types\/page"}],"author":[{"embeddable":true,"href":"https:\/\/www.tabanispartacus.hu\/tajfuto\/wordpress\/index.php?rest_route=\/wp\/v2\/users\/1"}],"replies":[{"embeddable":true,"href":"https:\/\/www.tabanispartacus.hu\/tajfuto\/wordpress\/index.php?rest_route=%2Fwp%2Fv2%2Fcomments&post=3443"}],"version-history":[{"count":20,"href":"https:\/\/www.tabanispartacus.hu\/tajfuto\/wordpress\/index.php?rest_route=\/wp\/v2\/pages\/3443\/revisions"}],"predecessor-version":[{"id":3447,"href":"https:\/\/www.tabanispartacus.hu\/tajfuto\/wordpress\/index.php?rest_route=\/wp\/v2\/pages\/3443\/revisions\/3447"}],"wp:attachment":[{"href":"https:\/\/www.tabanispartacus.hu\/tajfuto\/wordpress\/index.php?rest_route=%2Fwp%2Fv2%2Fmedia&parent=3443"}],"curies":[{"name":"wp","href":"https:\/\/api.w.org\/{rel}","templated":true}]}}