{"id":34,"date":"2012-07-05T13:35:08","date_gmt":"2012-07-05T11:35:08","guid":{"rendered":"http:\/\/tabanispartacus.wordpress.com\/?page_id=34"},"modified":"2026-01-03T14:20:13","modified_gmt":"2026-01-03T13:20:13","slug":"versenyeink-tortenete","status":"publish","type":"page","link":"https:\/\/www.tabanispartacus.hu\/tajfuto\/wordpress\/?page_id=34","title":{"rendered":"Versenyeink t\u00f6rt\u00e9nete"},"content":{"rendered":"<table border=\"0\" width=\"100%\" cellspacing=\"0\" cellpadding=\"10\">\n<tbody>\n<tr>\n<td align=\"center\" valign=\"top\" width=\"100%\">\n<table border=\"0\" width=\"100%\" cellspacing=\"10\" cellpadding=\"0\">\n<tbody>\n<tr>\n<td align=\"center\" width=\"10%\"><\/td>\n<td align=\"center\" width=\"10%\"><strong><a title=\"Versenyeink 1961-ben\" href=\"http:\/\/www.tabanispartacus.hu\/tajfuto\/wordpress\/?page_id=508\">1961.<\/a><\/strong><\/td>\n<td align=\"center\" width=\"10%\">1962.<\/td>\n<td align=\"center\" width=\"10%\"><strong><a title=\"Versenyeink 1963-ban\" href=\"http:\/\/www.tabanispartacus.hu\/tajfuto\/wordpress\/?page_id=506\">1963.<\/a><\/strong><\/td>\n<td align=\"center\" width=\"10%\">1964.<\/td>\n<\/tr>\n<tr>\n<td align=\"center\" width=\"10%\"><strong><a title=\"Versenyeink 1965-ben\" href=\"http:\/\/www.tabanispartacus.hu\/tajfuto\/wordpress\/?page_id=504\">1965.<\/a><\/strong><\/td>\n<td align=\"center\" width=\"10%\"><strong><a title=\"Versenyeink 1966-ban\" href=\"http:\/\/www.tabanispartacus.hu\/tajfuto\/wordpress\/?page_id=502\">1966.<\/a><\/strong><\/td>\n<td align=\"center\" width=\"10%\">1967.<\/td>\n<td align=\"center\" width=\"10%\">1968.<\/td>\n<td align=\"center\" width=\"10%\">1969.<\/td>\n<\/tr>\n<tr>\n<td align=\"center\" width=\"10%\"><strong><a title=\"Versenyeink 1970-ben\" href=\"http:\/\/www.tabanispartacus.hu\/tajfuto\/wordpress\/?page_id=500\">1970.<\/a><\/strong><\/td>\n<td align=\"center\" width=\"10%\"><strong><a title=\"Versenyeink 1971-ben\" href=\"http:\/\/www.tabanispartacus.hu\/tajfuto\/wordpress\/?page_id=498\">1971.<\/a><\/strong><\/td>\n<td align=\"center\" width=\"10%\">1972.<\/td>\n<td align=\"center\" width=\"10%\"><strong><a title=\"Versenyeink 1973-ban\" href=\"http:\/\/www.tabanispartacus.hu\/tajfuto\/wordpress\/?page_id=496\">1973.<\/a><\/strong><\/td>\n<td align=\"center\" width=\"10%\"><strong><a title=\"Versenyeink 1974-ben\" href=\"http:\/\/www.tabanispartacus.hu\/tajfuto\/wordpress\/?page_id=494\">1974.<\/a><\/strong><\/td>\n<\/tr>\n<tr>\n<td align=\"center\" width=\"10%\"><strong><a title=\"Versenyeink 1975-ben\" href=\"http:\/\/www.tabanispartacus.hu\/tajfuto\/wordpress\/?page_id=492\">1975.<\/a><\/strong><\/td>\n<td align=\"center\" width=\"10%\"><strong><a title=\"Versenyeink 1976-ban\" href=\"http:\/\/www.tabanispartacus.hu\/tajfuto\/wordpress\/?page_id=490\">1976.<\/a><\/strong><\/td>\n<td align=\"center\" width=\"10%\"><strong><a title=\"Versenyeink 1977-ben\" href=\"http:\/\/www.tabanispartacus.hu\/tajfuto\/wordpress\/?page_id=488\">1977.<\/a><\/strong><\/td>\n<td align=\"center\" width=\"10%\"><strong><a title=\"Versenyeink 1978-ban\" href=\"http:\/\/www.tabanispartacus.hu\/tajfuto\/wordpress\/?page_id=486\">1978.<\/a><\/strong><\/td>\n<td align=\"center\" width=\"10%\"><strong><a title=\"Versenyeink 1979-ben\" href=\"http:\/\/www.tabanispartacus.hu\/tajfuto\/wordpress\/?page_id=484\">1979.<\/a><\/strong><\/td>\n<\/tr>\n<tr>\n<td align=\"center\" width=\"10%\"><strong><a title=\"Versenyeink 1980-ban\" href=\"http:\/\/www.tabanispartacus.hu\/tajfuto\/wordpress\/?page_id=469\">1980.<\/a><\/strong><\/td>\n<td align=\"center\" width=\"10%\">1981.<\/td>\n<td align=\"center\" width=\"10%\"><strong><a title=\"Versenyeink 1982-ben\" href=\"http:\/\/www.tabanispartacus.hu\/tajfuto\/wordpress\/?page_id=467\">1982.<\/a><\/strong><\/td>\n<td align=\"center\" width=\"10%\"><strong><a title=\"Versenyeink 1983-ban\" href=\"http:\/\/www.tabanispartacus.hu\/tajfuto\/wordpress\/?page_id=465\">1983.<\/a><\/strong><\/td>\n<td align=\"center\" width=\"10%\">1984.<\/td>\n<\/tr>\n<tr>\n<td align=\"center\" width=\"10%\">1985.<\/td>\n<td align=\"center\" width=\"10%\">1986.<\/td>\n<td align=\"center\" width=\"10%\">1987.<\/td>\n<td align=\"center\" width=\"10%\">1988.<\/td>\n<td align=\"center\" width=\"10%\">1989.<\/td>\n<\/tr>\n<tr>\n<td align=\"center\" width=\"10%\">1990.<\/td>\n<td align=\"center\" width=\"10%\">1991.<\/td>\n<td align=\"center\" width=\"10%\"><strong><a title=\"Versenyeink 1992-ben\" href=\"http:\/\/www.tabanispartacus.hu\/tajfuto\/wordpress\/?page_id=463\">1992.<\/a><\/strong><\/td>\n<td align=\"center\" width=\"10%\"><strong><a title=\"Versenyeink 1993-ban\" href=\"http:\/\/www.tabanispartacus.hu\/tajfuto\/wordpress\/?page_id=461\">1993.<\/a><\/strong><\/td>\n<td align=\"center\" width=\"10%\"><strong><a title=\"Versenyeink 1994-ben\" href=\"http:\/\/www.tabanispartacus.hu\/tajfuto\/wordpress\/?page_id=459\">1994.<\/a><\/strong><\/td>\n<\/tr>\n<tr>\n<td align=\"center\" width=\"10%\"><strong><a title=\"Versenyeink 1995-ben\" href=\"http:\/\/www.tabanispartacus.hu\/tajfuto\/wordpress\/?page_id=457\">1995.<\/a><\/strong><\/td>\n<td align=\"center\" width=\"10%\"><strong><a title=\"Versenyeink 1996-ban\" href=\"http:\/\/www.tabanispartacus.hu\/tajfuto\/wordpress\/?page_id=455\">1996.<\/a><\/strong><\/td>\n<td align=\"center\" width=\"10%\"><strong><a title=\"Versenyeink 1997-ben\" href=\"http:\/\/www.tabanispartacus.hu\/tajfuto\/wordpress\/?page_id=451\">1997.<\/a><\/strong><\/td>\n<td align=\"center\" width=\"10%\"><strong><a title=\"Versenyeink 1998-ban\" href=\"http:\/\/www.tabanispartacus.hu\/tajfuto\/wordpress\/?page_id=449\">1998.<\/a><\/strong><\/td>\n<td align=\"center\" width=\"10%\"><strong><a title=\"Versenyeink 1999-ben\" href=\"http:\/\/www.tabanispartacus.hu\/tajfuto\/wordpress\/?page_id=447\">1999.<\/a><\/strong><\/td>\n<\/tr>\n<tr>\n<td align=\"center\" width=\"10%\"><strong><a title=\"Versenyeink 2000-ben\" href=\"http:\/\/www.tabanispartacus.hu\/tajfuto\/wordpress\/?page_id=445\">2000.<\/a><\/strong><\/td>\n<td align=\"center\" width=\"10%\"><strong><a title=\"Versenyeink 2001-ben\" href=\"http:\/\/www.tabanispartacus.hu\/tajfuto\/wordpress\/?page_id=429\">2001.<\/a><\/strong><\/td>\n<td align=\"center\" width=\"10%\"><strong><a title=\"Versenyeink 2002-ben\" href=\"http:\/\/www.tabanispartacus.hu\/tajfuto\/wordpress\/?page_id=427\">2002.<\/a><\/strong><\/td>\n<td align=\"center\" width=\"10%\"><strong><a title=\"Versenyeink 2003-ban\" href=\"http:\/\/www.tabanispartacus.hu\/tajfuto\/wordpress\/?page_id=425\">2003.<\/a><\/strong><\/td>\n<td align=\"center\" width=\"10%\"><strong><a title=\"Versenyeink 2004-ben\" href=\"http:\/\/www.tabanispartacus.hu\/tajfuto\/wordpress\/?page_id=423\">2004.<\/a><\/strong><\/td>\n<\/tr>\n<tr>\n<td align=\"center\" width=\"10%\"><strong><a title=\"Versenyeink 2005-ben\" href=\"http:\/\/www.tabanispartacus.hu\/tajfuto\/wordpress\/?page_id=421\">2005.<\/a><\/strong><\/td>\n<td align=\"center\" width=\"10%\"><strong><a title=\"Versenyeink 2006-ban\" href=\"http:\/\/www.tabanispartacus.hu\/tajfuto\/wordpress\/?page_id=419\">2006.<\/a><\/strong><\/td>\n<td align=\"center\" width=\"10%\"><strong><a title=\"Versenyeink 2007-ben\" href=\"http:\/\/www.tabanispartacus.hu\/tajfuto\/wordpress\/?page_id=417\">2007.<\/a><\/strong><\/td>\n<td align=\"center\" width=\"10%\"><strong><a title=\"Versenyeink 2008-ban\" href=\"http:\/\/www.tabanispartacus.hu\/tajfuto\/wordpress\/?page_id=414\">2008.<\/a><\/strong><\/td>\n<td align=\"center\" width=\"10%\"><strong><a title=\"Versenyeink 2009-ben\" href=\"http:\/\/www.tabanispartacus.hu\/tajfuto\/wordpress\/?page_id=410\">2009.<\/a><\/strong><\/td>\n<\/tr>\n<tr>\n<td align=\"center\" width=\"10%\"><strong><a title=\"Versenyeink 2010-ben\" href=\"http:\/\/www.tabanispartacus.hu\/tajfuto\/wordpress\/?page_id=408\">2010.<\/a><\/strong><\/td>\n<td align=\"center\" width=\"10%\"><strong><a title=\"Versenyeink 2011-ben\" href=\"http:\/\/www.tabanispartacus.hu\/tajfuto\/wordpress\/?page_id=406\">2011.<\/a><\/strong><\/td>\n<td align=\"center\" width=\"10%\"><strong><a title=\"Versenyeink 2012-ben\" href=\"http:\/\/www.tabanispartacus.hu\/tajfuto\/wordpress\/?page_id=18\">2012.<\/a><\/strong><\/td>\n<td align=\"center\" width=\"10%\"><a title=\"Versenyeink 2013-ban\" href=\"http:\/\/www.tabanispartacus.hu\/tajfuto\/wordpress\/?page_id=1324\"><strong>2013.<\/strong><\/a><\/td>\n<td align=\"center\" width=\"10%\"><a title=\"Versenyeink 2014-ben\" href=\"http:\/\/www.tabanispartacus.hu\/tajfuto\/wordpress\/?page_id=1780\"><strong>2014.<\/strong><\/a><\/td>\n<\/tr>\n<tr>\n<td align=\"center\" width=\"10%\"><strong><a title=\"Versenyeink 2015-ben\" href=\"http:\/\/www.tabanispartacus.hu\/tajfuto\/wordpress\/?page_id=2305\">2015.<\/a><\/strong><\/td>\n<td align=\"center\" width=\"10%\"><strong><a title=\"Versenyeink 2016-ban\" href=\"http:\/\/www.tabanispartacus.hu\/tajfuto\/wordpress\/?page_id=2615\">2016.<\/a><\/strong><\/td>\n<td align=\"center\" width=\"10%\">\u00a0<strong><a href=\"http:\/\/www.tabanispartacus.hu\/tajfuto\/wordpress\/?page_id=3234\">2017.<\/a><\/strong><\/td>\n<td align=\"center\" width=\"10%\">\u00a0<strong><a href=\"http:\/\/www.tabanispartacus.hu\/tajfuto\/wordpress\/?page_id=3535\">2018.<\/a><\/strong><\/td>\n<td align=\"center\" width=\"10%\"><a href=\"http:\/\/www.tabanispartacus.hu\/tajfuto\/wordpress\/?page_id=3889\"><strong>2019.<\/strong><\/a><\/td>\n<\/tr>\n<tr>\n<td align=\"center\" width=\"10%\"><a href=\"http:\/\/www.tabanispartacus.hu\/tajfuto\/wordpress\/?page_id=5494\"><strong>2020.<\/strong><\/a><\/td>\n<td align=\"center\" width=\"10%\"><a href=\"http:\/\/www.tabanispartacus.hu\/tajfuto\/wordpress\/?page_id=5812\"><strong>2021.<\/strong><\/a><\/td>\n<td align=\"center\" width=\"10%\"><a href=\"http:\/\/www.tabanispartacus.hu\/tajfuto\/wordpress\/?page_id=6230\"><strong>2022.<\/strong><\/a><\/td>\n<td align=\"center\" width=\"10%\"><a href=\"https:\/\/www.tabanispartacus.hu\/tajfuto\/wordpress\/?page_id=6902\"><strong>2023.<\/strong><\/a><\/td>\n<td align=\"center\" width=\"10%\"><a href=\"https:\/\/www.tabanispartacus.hu\/tajfuto\/wordpress\/?page_id=7115\"><strong>2024.<\/strong><\/a><\/td>\n<\/tr>\n<tr>\n<td align=\"center\" width=\"10%\"><a href=\"https:\/\/www.tabanispartacus.hu\/tajfuto\/wordpress\/?page_id=7361\"><strong>2025.<\/strong><\/a><\/td>\n<\/tr>\n<\/tbody>\n<\/table>\n<\/td>\n<\/tr>\n<\/tbody>\n<\/table>\n<div>\n<h3>A Spartacus versenyekr\u0151l 1953-80(89) k\u00f6z\u00f6tt:<\/h3>\n<p><strong><a href=\"http:\/\/www.tabanispartacus.hu\/tajfuto\/index.php?page=nyilt_tajfuto_klub\/2008.11.05_klub_beszamolo\">A Nagy Okt\u00f3beri Szocialista Forradalom \u00e9s a November 7. eml\u00e9kversenyek t\u00f6rt\u00e9nete 1953-1989 k\u00f6z\u00f6tt<\/a><\/strong><\/p>\n<p><strong><a href=\"http:\/\/www.tabanispartacus.hu\/tajfuto\/index.php?page=spa_vers_tort_konyv\">Spartacus T\u00e1j\u00e9koz\u00f3d\u00e1si versenyek t\u00f6rt\u00e9nete 1953-80.<\/a><\/strong><\/p>\n<\/div>\n","protected":false},"excerpt":{"rendered":"<p>1961. 1962. 1963. 1964. 1965. 1966. 1967. 1968. 1969. 1970. 1971. 1972. 1973. 1974. 1975. 1976. 1977. 1978. 1979. 1980. 1981. 1982. 1983. 1984. 1985. 1986. 1987. 1988. 1989. 1990. 1991. 1992. 1993. 1994. 1995. 1996. 1997. 1998. 1999. 2000. 2001. 2002. 2003. 2004. 2005. 2006. 2007. 2008. 2009. 2010. 2011. 2012. 2013. 2014. 2015. &hellip; <a href=\"https:\/\/www.tabanispartacus.hu\/tajfuto\/wordpress\/?page_id=34\" class=\"more-link\"><span class=\"screen-reader-text\">Versenyeink t\u00f6rt\u00e9nete<\/span> olvas\u00e1s\u00e1nak folytat\u00e1sa <span class=\"meta-nav\">&rarr;<\/span><\/a><\/p>\n","protected":false},"author":1,"featured_media":0,"parent":18,"menu_order":0,"comment_status":"closed","ping_status":"closed","template":"","meta":{"ngg_post_thumbnail":0},"_links":{"self":[{"href":"https:\/\/www.tabanispartacus.hu\/tajfuto\/wordpress\/index.php?rest_route=\/wp\/v2\/pages\/34"}],"collection":[{"href":"https:\/\/www.tabanispartacus.hu\/tajfuto\/wordpress\/index.php?rest_route=\/wp\/v2\/pages"}],"about":[{"href":"https:\/\/www.tabanispartacus.hu\/tajfuto\/wordpress\/index.php?rest_route=\/wp\/v2\/types\/page"}],"author":[{"embeddable":true,"href":"https:\/\/www.tabanispartacus.hu\/tajfuto\/wordpress\/index.php?rest_route=\/wp\/v2\/users\/1"}],"replies":[{"embeddable":true,"href":"https:\/\/www.tabanispartacus.hu\/tajfuto\/wordpress\/index.php?rest_route=%2Fwp%2Fv2%2Fcomments&post=34"}],"version-history":[{"count":20,"href":"https:\/\/www.tabanispartacus.hu\/tajfuto\/wordpress\/index.php?rest_route=\/wp\/v2\/pages\/34\/revisions"}],"predecessor-version":[{"id":7593,"href":"https:\/\/www.tabanispartacus.hu\/tajfuto\/wordpress\/index.php?rest_route=\/wp\/v2\/pages\/34\/revisions\/7593"}],"up":[{"embeddable":true,"href":"https:\/\/www.tabanispartacus.hu\/tajfuto\/wordpress\/index.php?rest_route=\/wp\/v2\/pages\/18"}],"wp:attachment":[{"href":"https:\/\/www.tabanispartacus.hu\/tajfuto\/wordpress\/index.php?rest_route=%2Fwp%2Fv2%2Fmedia&parent=34"}],"curies":[{"name":"wp","href":"https:\/\/api.w.org\/{rel}","templated":true}]}}