{"id":3266,"date":"2017-01-03T15:34:34","date_gmt":"2017-01-03T14:34:34","guid":{"rendered":"http:\/\/www.tabanispartacus.hu\/tajfuto\/wordpress\/?page_id=3266"},"modified":"2017-01-03T15:40:35","modified_gmt":"2017-01-03T14:40:35","slug":"3266-2","status":"publish","type":"page","link":"https:\/\/www.tabanispartacus.hu\/tajfuto\/wordpress\/?page_id=3266","title":{"rendered":"Vel\u00fcnk t\u00f6rt\u00e9nt 2017-ben"},"content":{"rendered":"\n<table id=\"wp-table-reloaded-id-31-no-1\" class=\"wp-table-reloaded wp-table-reloaded-id-31\">\n<tbody class=\"row-hover\">\n\t<tr class=\"row-1 odd\">\n\t\t<td class=\"column-1\"><\/td><td class=\"column-2\"><\/td><td class=\"column-3\"><\/td>\n\t<\/tr>\n\t<tr class=\"row-2 even\">\n\t\t<td class=\"column-1\">Szparisok OB- \u00e9s vil\u00e1gverseny-eredm\u00e9nye 2017-ben<\/td><td class=\"column-2\">(Gyalog T\u00f3dor)<\/td><td class=\"column-3\"><a target=\"_blank\" href=\"\/tajfuto\/velunktortent\/2017\/2017_OB-eredm_vegl-sorrend_171023_j4.pdf\" title=\"\" >Eredm\u00e9nyek<\/a><\/td>\n\t<\/tr>\n\t<tr class=\"row-3 odd\">\n\t\t<td rowspan=\"2\" class=\"column-1 rowspan-2\">ROB-ORVB<br \/>\r\n2017.09.16-17<br \/>\r\nGyula<\/td><td class=\"column-2\">(Mantuano Eszti)<\/td><td class=\"column-3\"><a target=\"_blank\" href=\"\/tajfuto\/velunktortent\/2017\/170916-17ROB-ORVB_MEszti_jx.pdf\" title=\"\" >Besz\u00e1mol\u00f3<\/a><\/td>\n\t<\/tr>\n\t<tr class=\"row-4 even\">\n\t\t<td class=\"column-2\">fot\u00f3k (Gyalog T\u00f3dor)<\/td><td class=\"column-3\"><a target=\"_blank\" href=\"\/tajfuto\/velunktortent\/2017\/170916ROB-dobogosok-helyezettek.pdf\" title=\"\" >Dobog\u00f3sok, helyezettek<\/a><br \/>\r\n<a target=\"_blank\" href=\"\/tajfuto\/velunktortent\/2017\/170916ROB-dobogosok_futas_kozben.pdf\" title=\"\" >Dobog\u00f3sok fut\u00e1s k\u00f6zben<\/a><br \/>\r\n<a target=\"_blank\" href=\"\/tajfuto\/velunktortent\/2017\/170916ROB-menobbek.pdf\" title=\"\" >Men\u0151bbek<\/a><br \/>\r\n<a target=\"_blank\" href=\"\/tajfuto\/velunktortent\/2017\/170916ROB-fiatalok.pdf\" title=\"\" >Fiatalok<\/a><br \/>\r\n<a target=\"_blank\" href=\"\/tajfuto\/velunktortent\/2017\/170916ROB-idosebbek.pdf\" title=\"\" >Id\u0151sebbek<\/a><\/td>\n\t<\/tr>\n\t<tr class=\"row-5 odd\">\n\t\t<td class=\"column-1\">K\u00f6z\u00e9pt\u00e1v\u00fa \u00e9s V\u00e1lt\u00f3 OB<br \/>\r\n2017.06.24-25<br \/>\r\nB\u00fckkszentl\u00e1szl\u00f3, Csanyik-v\u00f6lgy<\/td><td class=\"column-2\">(K\u00e1lm\u00e1n Imola, Kir\u00e1ly Bor\u00f3ka,<br \/>\r\nZacher No\u00e9mi)<br \/>\r\nfot\u00f3k (M\u00e1th\u00e9 Pista)<\/td><td class=\"column-3\"><a target=\"_blank\" href=\"\/tajfuto\/velunktortent\/2017\/170624-25KOB-VOB_j3.pdf\" title=\"\" >Verseny\u00e9rt\u00e9kel\u00e9s<\/a><\/td>\n\t<\/tr>\n\t<tr class=\"row-6 even\">\n\t\t<td class=\"column-1\">N\u00f3gr\u00e1d Nagyd\u00edj<br \/>\r\n2017.04.30-05.01<br \/>\r\nSzilv\u00e1s-k\u0151, Kaz\u00e1r, Zagyvar\u00f3na<\/td><td class=\"column-2\">(Zacher No\u00e9mi)<\/td><td class=\"column-3\"><a target=\"_blank\" href=\"\/tajfuto\/velunktortent\/2017\/170429-0501Nograd_Noemi_j.pdf\" title=\"\" >Verseny\u00e9rt\u00e9kel\u00e9s<\/a><\/td>\n\t<\/tr>\n\t<tr class=\"row-7 odd\">\n\t\t<td class=\"column-1\">Portugal O' Meeting<br \/>\r\n2017.02.25-28.<br \/>\r\nCrato,  Alter do Ch\u00e3o,<br \/>\r\nPortalegre<\/td><td class=\"column-2\">(Sulyok \u00c1bel)<\/td><td class=\"column-3\"><a target=\"_blank\" href=\"http:\/\/indavideo.hu\/video\/POM_2017\" title=\"\" >Sparisok Portug\u00e1li\u00e1ban<\/a><\/td>\n\t<\/tr>\n\t<tr class=\"row-8 even\">\n\t\t<td class=\"column-1\">Edz\u00e9s az \u00faj konditerm\u00fcnkben<br \/>\r\n2017.02.15.<br \/>\r\nAttila u..2.<\/td><td class=\"column-2\">(Zacher Marci)<\/td><td class=\"column-3\"><a target=\"_blank\" href=\"https:\/\/drive.google.com\/file\/d\/0ByMAHJXv8dryOVZlRElQbTFpbmM\/view\" title=\"\" >kondivideo<\/a><\/td>\n\t<\/tr>\n\t<tr class=\"row-9 odd\">\n\t\t<td class=\"column-1\">Szadai edz\u0151t\u00e1bor<br \/>\r\n2017.02.10.-12.<\/td><td class=\"column-2\">(Zacher Marci, K\u00e1lm\u00e1n Erik)<\/td><td class=\"column-3\"><a target=\"_blank\" href=\"https:\/\/www.youtube.com\/watch?v=0oytypAdO1Q&amp;feature=youtu.be\" title=\"\" >besz\u00e1mol\u00f3 egy kicsit m\u00e1sk\u00e9pp<\/a><\/td>\n\t<\/tr>\n\t<tr class=\"row-10 even\">\n\t\t<td class=\"column-1\">T\u00e1jfut\u00f3 G\u00e1la<br \/>\r\n2017.01.28.<br \/>\r\nBudapest<\/td><td class=\"column-2\">(Gyalog T\u00f3dor)<\/td><td class=\"column-3\"><a target=\"_blank\" href=\"\/tajfuto\/velunktortent\/2017\/TajfutoGala3.pdf\" title=\"\" >Sparisok a G\u00e1l\u00e1n<\/a><\/td>\n\t<\/tr>\n\t<tr class=\"row-11 odd\">\n\t\t<td class=\"column-1\">Di\u00e1k-teremt\u00e1jfut\u00f3 Budapest Bajnoks\u00e1g<br \/>\r\n2017.01.21.<br \/>\r\nGazdagr\u00e9t<\/td><td class=\"column-2\">(M\u00e1th\u00e9 Pista)<br \/>\r\n(K\u00e1lm\u00e1n Erik)<br \/>\r\n(Gyalog Zoli)<\/td><td class=\"column-3\"><a target=\"_blank\" href=\"https:\/\/www.flickr.com\/photos\/101487580@N03\/albums\/72157679321436766\" title=\"\" >Fot\u00f3k<\/a><br \/>\r\n<a target=\"_blank\" href=\"https:\/\/youtu.be\/WKju6UkfD1k\" title=\"\" >Vide\u00f3<\/a><br \/>\r\n<a target=\"_blank\" href=\"\/tajfuto\/2017\/bp_dol\/eredmenyek_Bp_DOL.pdf\" title=\"\" >Eredm\u00e9nyek<\/a><\/td>\n\t<\/tr>\n\t<tr class=\"row-12 even\">\n\t\t<td rowspan=\"4\" class=\"column-1 rowspan-4\">\u00c9vz\u00e1r\u00f3 \u00e9s<br \/>\r\nszakoszt\u00e1lygy\u0171l\u00e9s<br \/>\r\n2017.01.14<br \/>\r\nG\u00e1nt<\/td><td class=\"column-2\">fot\u00f3k (M\u00e1th\u00e9 Pista)<br \/>\r\n<br \/>\r\nvide\u00f3k (Hentes Ildi)<br \/>\r\n<\/td><td class=\"column-3\"><a target=\"_blank\" href=\"https:\/\/www.flickr.com\/photos\/101487580@N03\/albums\/72157675559368213\" title=\"\" >Fot\u00f3k<\/a><br \/>\r\n<a target=\"_blank\" href=\"http:\/\/indavideo.hu\/video\/SPA_evzaro_2016_nosztalgia\" title=\"\" >\u00c9letk\u00e9pek, portr\u00e9k 2012-2007<\/a><br \/>\r\n<a target=\"_blank\" href=\"http:\/\/indavideo.hu\/video\/SPA_evzaro_2016\" title=\"\" >A Tab\u00e1ni Spartacus bemutatja ...<\/a><br \/>\r\n<a target=\"_blank\" href=\"http:\/\/indavideo.hu\/video\/SPA_evzaro_2016_ermesek\" title=\"\" >Tab\u00e1ni Spartacus Bajnokok 2016<\/a><\/td>\n\t<\/tr>\n\t<tr class=\"row-13 odd\">\n\t\t<td class=\"column-2\">tartalom,<br \/>\r\nd\u00edjaz\u00e1s,<br \/>\r\nk\u00f6sz\u00f6net<br \/>\r\n(Gyalog Zoli)<br \/>\r\n<br \/>\r\n\u00f6sszefoglal\u00e1s ( sz\u00f6veg - Gyalog Zoli, grafikon - Gyalog T\u00f3dor)<\/td><td class=\"column-3\"><a target=\"_blank\" href=\"\/tajfuto\/2017\/2016_Evzaro\/evzaro_tartalom_2017.pptx\" title=\"\" >\u00c9vz\u00e1r\u00f3 \u00fcnnep\u00e9ly<\/a><br \/>\r\n<a target=\"_blank\" href=\"\/tajfuto\/2017\/2016_Evzaro\/dijazas_2016.pptx\" title=\"\" >2016 Sparis pontszerz\u0151inek \u00e9v\u00e9rt\u00e9kel\u00e9se<\/a><br \/>\r\n<a target=\"_blank\" href=\"\/tajfuto\/2017\/2016_Evzaro\/Koszonetnyilvanitas_2016.pptx\" title=\"\" >K\u00f6sz\u00f6net a Sparit t\u00e1rsadalmi munk\u00e1ban seg\u00edt\u0151 tagjainknak<\/a><br \/>\r\n<a target=\"_blank\" href=\"\/tajfuto\/2017\/2016_Evzaro\/Vezeto_edzoi_beszamolo_2016.pptx\" title=\"\" >A Spari a bajnoki pontversenyben (sz\u00f6veg 2002-t\u0151l)<\/a><br \/>\r\n<a target=\"_blank\" href=\"\/tajfuto\/2017\/2016_Evzaro\/SPA_bajn-pontverseny_1970-2016.pdf\" title=\"\" >(grafikon 1970-t\u0151l)<\/a><\/td>\n\t<\/tr>\n\t<tr class=\"row-14 even\">\n\t\t<td class=\"column-2\">besz\u00e1mol\u00f3k<br \/>\r\n(Gyalog T\u00f3dor)<\/td><td class=\"column-3\"><a target=\"_blank\" href=\"\/tajfuto\/2017\/2016_Evzaro\/1-evzaro_szo-gyulesrol_170114.pdf\" title=\"\" >szakoszt\u00e1lygy\u0171l\u00e9s<\/a><br \/>\r\n<a target=\"_blank\" href=\"\/tajfuto\/2017\/2016_Evzaro\/2-2016-rol_Tajf-szo_besz_v8.pdf\" title=\"\" >\u00e9ves besz\u00e1mol\u00f3<\/a><\/td>\n\t<\/tr>\n\t<tr class=\"row-15 odd\">\n\t\t<td class=\"column-2\">t\u00e1bl\u00e1zatok<br \/>\r\n(Gyalog T\u00f3dor)<\/td><td class=\"column-3\"><a target=\"_blank\" href=\"\/tajfuto\/2017\/2016_Evzaro\/2016ob-pontszerzok.pdf\" title=\"\" >bajnoki pontszerz\u0151ink<\/a><br \/>\r\n<a target=\"_blank\" href=\"\/tajfuto\/2017\/2016_Evzaro\/2016ob-ermesek.pdf\" title=\"\" >bajnoki \u00e9rmeseink<\/a><br \/>\r\n<a target=\"_blank\" href=\"\/tajfuto\/2017\/2016_Evzaro\/2016_ermesek-es-szeniorok.pdf\" title=\"\" >bajnoki \u00e9rmeink<\/a><br \/>\r\n<a target=\"_blank\" href=\"\/tajfuto\/2017\/2016_Evzaro\/2016_SPA_minositesek-szoveg.pdf\" title=\"\" >min\u0151s\u00edt\u00e9sek \u00f6sszes\u00edt\u00e9s<\/a><br \/>\r\n<a target=\"_blank\" href=\"\/tajfuto\/2017\/2016_Evzaro\/2016_SPA-min-ranglista.pdf\" title=\"\" >min\u0151s\u00edt\u00e9sek \/ rangsorpontok<\/a><br \/>\r\n<\/td>\n\t<\/tr>\n<\/tbody>\n<\/table>\n\n<p><!--more--><\/p>\n<p><a href=\"http:\/\/www.tabanispartacus.hu\/tajfuto\/wordpress\/?page_id=550\">Vel\u00fcnk t\u00f6rt\u00e9nt kor\u00e1bban<\/a><\/p>\n","protected":false},"excerpt":{"rendered":"","protected":false},"author":1,"featured_media":0,"parent":0,"menu_order":0,"comment_status":"closed","ping_status":"closed","template":"","meta":{"ngg_post_thumbnail":0},"_links":{"self":[{"href":"https:\/\/www.tabanispartacus.hu\/tajfuto\/wordpress\/index.php?rest_route=\/wp\/v2\/pages\/3266"}],"collection":[{"href":"https:\/\/www.tabanispartacus.hu\/tajfuto\/wordpress\/index.php?rest_route=\/wp\/v2\/pages"}],"about":[{"href":"https:\/\/www.tabanispartacus.hu\/tajfuto\/wordpress\/index.php?rest_route=\/wp\/v2\/types\/page"}],"author":[{"embeddable":true,"href":"https:\/\/www.tabanispartacus.hu\/tajfuto\/wordpress\/index.php?rest_route=\/wp\/v2\/users\/1"}],"replies":[{"embeddable":true,"href":"https:\/\/www.tabanispartacus.hu\/tajfuto\/wordpress\/index.php?rest_route=%2Fwp%2Fv2%2Fcomments&post=3266"}],"version-history":[{"count":3,"href":"https:\/\/www.tabanispartacus.hu\/tajfuto\/wordpress\/index.php?rest_route=\/wp\/v2\/pages\/3266\/revisions"}],"predecessor-version":[{"id":3656,"href":"https:\/\/www.tabanispartacus.hu\/tajfuto\/wordpress\/index.php?rest_route=\/wp\/v2\/pages\/3266\/revisions\/3656"}],"wp:attachment":[{"href":"https:\/\/www.tabanispartacus.hu\/tajfuto\/wordpress\/index.php?rest_route=%2Fwp%2Fv2%2Fmedia&parent=3266"}],"curies":[{"name":"wp","href":"https:\/\/api.w.org\/{rel}","templated":true}]}}