{"id":3235,"date":"2016-12-07T10:52:01","date_gmt":"2016-12-07T09:52:01","guid":{"rendered":"http:\/\/www.tabanispartacus.hu\/tajfuto\/wordpress\/?page_id=3235"},"modified":"2017-10-29T16:33:10","modified_gmt":"2017-10-29T15:33:10","slug":"competitions-2017","status":"publish","type":"page","link":"https:\/\/www.tabanispartacus.hu\/tajfuto\/wordpress\/?page_id=3235","title":{"rendered":"Competitions 2017"},"content":{"rendered":"<p><a href=\"http:\/\/www.tabanispartacus.hu\/tajfuto\/wordpress\/?page_id=3234\"><img loading=\"lazy\" src=\"http:\/\/www.tabanispartacus.hu\/tajfuto\/2016\/tavaszi\/elem\/z_hun.gif\" alt=\"\" width=\"80\" height=\"50\" align=\"right\" \/><\/a><\/p>\n<table>\n<tbody>\n<tr>\n<td style=\"font-size: 75%;\"><strong><a href=\"http:\/\/www.tabanispartacus.hu\/tajfuto\/wordpress\/?page_id=3234#dobogokoi\">XXII. Mountain Running of Dobog\u00f3k\u0151<\/a><\/strong><\/td>\n<td style=\"font-size: 75%;\">18 November 2017., Dobog\u00f3k\u0151, Visegr\u00e1d Hills &#8211; Pilis<\/td>\n<\/tr>\n<tr>\n<td style=\"font-size: 75%;\"><strong><a href=\"#oszi\">65th Autumn Spartacus Cup<\/a><\/strong><\/td>\n<td style=\"font-size: 75%;\">28-29 October 2017., Cs\u00e1kber\u00e9ny, V\u00e9rtes<\/td>\n<\/tr>\n<tr>\n<td style=\"font-size: 75%;\"><strong><a href=\"#prolog\">Autumn Spartacus Cup Prologue Race<\/a><\/strong><\/td>\n<td style=\"font-size: 75%;\">27 October 2017., Budapest, Gell\u00e9rt-hill<\/td>\n<\/tr>\n<tr>\n<td style=\"font-size: 75%;\"><strong><a href=\"#tavaszi\">54th Spring Spartacus Cup<\/a><\/strong><\/td>\n<td style=\"font-size: 75%;\">18-19 March 2017., Oroszl\u00e1ny\u2013Mindszentpuszta, V\u00e9rtes<\/td>\n<\/tr>\n<\/tbody>\n<\/table>\n<p>&nbsp;<\/p>\n<p><strong id=\"oszi\">Autumn Spartacus Cup<\/strong><br \/>\n<em>28-29 October 2017.,\u00a0<em>Cs\u00e1kber\u00e9ny, V\u00e9rtes<\/em><\/em><\/p>\n<ul>\n<li><strong><a href=\"http:\/\/www.tabanispartacus.hu\/tajfuto\/2017\/oszi\/2017_osp_kiiras_en_v1.pdf\" target=\"_blank\">Invitation<\/a><\/strong><\/li>\n<li><strong><a href=\"http:\/\/www.tabanispartacus.hu\/tajfuto\/2017\/oszi\/17-oszi-ert-en_v9.pdf\" target=\"_blank\">Bulletin<\/a><\/strong><\/li>\n<li><strong><strong>Startlists<\/strong><\/strong>\n<ul>\n<li><a href=\"http:\/\/www.tabanispartacus.hu\/tajfuto\/2017\/oszi\/rajtlista_kat.html\" target=\"_blank\"><strong>by categories<\/strong><\/a><\/li>\n<li><strong><strong><a href=\"http:\/\/www.tabanispartacus.hu\/tajfuto\/2017\/oszi\/rajtlista_klub.html\" target=\"_blank\">by clubs<\/a><\/strong><\/strong><\/li>\n<\/ul>\n<\/li>\n<li><strong><strong><strong>Results<\/strong><\/strong><\/strong>\n<ul>\n<li><strong><strong><a href=\"http:\/\/www.tabanispartacus.hu\/tajfuto\/2017\/oszi\/1nap.html\" target=\"_blank\">Day 1<\/a>\u00a0(<a href=\"http:\/\/www.tabanispartacus.hu\/tajfuto\/2017\/oszi\/1nap_resz.html\" target=\"_blank\">Split times<\/a>)<\/strong><\/strong><\/li>\n<li><strong><a href=\"http:\/\/www.tabanispartacus.hu\/tajfuto\/2017\/oszi\/2nap.html\" target=\"_blank\">Day 2<\/a>\u00a0(<a href=\"http:\/\/www.tabanispartacus.hu\/tajfuto\/2017\/oszi\/2nap_resz.html\" target=\"_blank\">Split times<\/a>)<\/strong><\/li>\n<li><strong><a href=\"http:\/\/www.tabanispartacus.hu\/tajfuto\/2017\/oszi\/osszetett.html\" target=\"_blank\">Overall results<\/a><\/strong><\/li>\n<\/ul>\n<\/li>\n<\/ul>\n<p><strong id=\"prolog\">Autumn Spartacus Cup Prologue Race<\/strong><br \/>\n<em>27 October 2017.,\u00a0<em>Budapest, Gell\u00e9rt-hill<\/em><\/em><\/p>\n<ul>\n<li><strong><a href=\"http:\/\/www.tabanispartacus.hu\/tajfuto\/2017\/oszi\/Invitation.pdf\" target=\"_blank\">Invitation<\/a><\/strong><\/li>\n<li><strong><a href=\"http:\/\/www.tabanispartacus.hu\/tajfuto\/2017\/oszi\/prologue_bulletin_2_final.pdf\" target=\"_blank\">Bulletin<\/a><\/strong><\/li>\n<li><strong><a href=\"http:\/\/www.tabanispartacus.hu\/tajfuto\/2017\/oszi\/Rajtlista.html\">Startlist<\/a><\/strong><\/li>\n<li><strong><a href=\"http:\/\/www.tabanispartacus.hu\/tajfuto\/2017\/oszi\/prologer.html\" target=\"_blank\">Results<\/a><\/strong><\/li>\n<li><strong><a href=\"http:\/\/www.tabanispartacus.hu\/tajfuto\/2017\/oszi\/prologresz.html\" target=\"_blank\">Split times<\/a><\/strong><\/li>\n<\/ul>\n<p><strong id=\"tavaszi\">54th SPRING SPARTACUS CUP<\/strong><br \/>\n<em>18-19 March 2017.,\u00a0<em>Oroszl\u00e1ny-Mindszentpuszta, V\u00e9rtes Hills<\/em><\/em><\/p>\n<ul>\n<li><strong><strong><strong><a href=\"http:\/\/www.tabanispartacus.hu\/tajfuto\/2017\/tavaszi\/17TSpK_en_kiiras_0124_MV.pdf\" target=\"_blank\">Invitation<\/a>\u00a0<\/strong><\/strong><\/strong><\/li>\n<li><strong><a href=\"http:\/\/www.tabanispartacus.hu\/tajfuto\/2017\/tavaszi\/2017_TSP_palyaadatok_1.pdf\" target=\"_blank\">Courses<\/a><\/strong><\/li>\n<li><strong><a href=\"http:\/\/www.tabanispartacus.hu\/tajfuto\/2017\/tavaszi\/17TSpK_en_ertesito.pdf\" target=\"_blank\">Information<\/a><\/strong><\/li>\n<li><strong><strong>Startlists<\/strong><\/strong>\n<ul>\n<li><a href=\"http:\/\/www.tabanispartacus.hu\/tajfuto\/2017\/tavaszi\/rajtlista.html\" target=\"_blank\"><strong>by categories<\/strong><\/a><\/li>\n<li><a href=\"http:\/\/www.tabanispartacus.hu\/tajfuto\/2017\/tavaszi\/klublista.html\" target=\"_blank\"><strong>by clubs<\/strong><\/a><\/li>\n<\/ul>\n<ul>\n<li><strong><a href=\"http:\/\/www.tabanispartacus.hu\/tajfuto\/2017\/tavaszi\/1nap_rajtlista.pdf\" target=\"_blank\">Day 1<\/a><\/strong><\/li>\n<li><strong><a href=\"http:\/\/www.tabanispartacus.hu\/tajfuto\/2017\/tavaszi\/2nap_rajtlista.pdf\" target=\"_blank\">Day 2<\/a><\/strong><\/li>\n<\/ul>\n<\/li>\n<li><strong>Results<\/strong>\n<ul>\n<li><strong><a href=\"http:\/\/www.tabanispartacus.hu\/tajfuto\/wordpress\/wp-content\/uploads\/2017\/03\/tspari17_1nap.html\">Day 1<\/a>\u00a0(<a href=\"http:\/\/www.tabanispartacus.hu\/tajfuto\/wordpress\/wp-content\/uploads\/2017\/03\/tspari17_1nap_si.html\">Split times<\/a>)<\/strong><\/li>\n<li><strong><a href=\"http:\/\/www.tabanispartacus.hu\/tajfuto\/wordpress\/wp-content\/uploads\/2017\/03\/tspari17_2nap.html\">Day 2<\/a>\u00a0(<a href=\"http:\/\/www.tabanispartacus.hu\/tajfuto\/wordpress\/wp-content\/uploads\/2017\/03\/tspari17_2nap_si.html\">Split times<\/a>)<\/strong><\/li>\n<li><strong><a href=\"http:\/\/www.tabanispartacus.hu\/tajfuto\/wordpress\/wp-content\/uploads\/2017\/03\/tspari17_osszetett.html\">Overall results<\/a>\u00a0<\/strong><\/li>\n<\/ul>\n<\/li>\n<\/ul>\n","protected":false},"excerpt":{"rendered":"<p>XXII. Mountain Running of Dobog\u00f3k\u0151 18 November 2017., Dobog\u00f3k\u0151, Visegr\u00e1d Hills &#8211; Pilis 65th Autumn Spartacus Cup 28-29 October 2017., Cs\u00e1kber\u00e9ny, V\u00e9rtes Autumn Spartacus Cup Prologue Race 27 October 2017., Budapest, Gell\u00e9rt-hill 54th Spring Spartacus Cup 18-19 March 2017., Oroszl\u00e1ny\u2013Mindszentpuszta, V\u00e9rtes &nbsp; Autumn Spartacus Cup 28-29 October 2017.,\u00a0Cs\u00e1kber\u00e9ny, V\u00e9rtes Invitation Bulletin Startlists by categories by &hellip; <a href=\"https:\/\/www.tabanispartacus.hu\/tajfuto\/wordpress\/?page_id=3235\" class=\"more-link\"><span class=\"screen-reader-text\">Competitions 2017<\/span> olvas\u00e1s\u00e1nak folytat\u00e1sa <span class=\"meta-nav\">&rarr;<\/span><\/a><\/p>\n","protected":false},"author":1,"featured_media":0,"parent":0,"menu_order":0,"comment_status":"closed","ping_status":"closed","template":"","meta":{"ngg_post_thumbnail":0},"_links":{"self":[{"href":"https:\/\/www.tabanispartacus.hu\/tajfuto\/wordpress\/index.php?rest_route=\/wp\/v2\/pages\/3235"}],"collection":[{"href":"https:\/\/www.tabanispartacus.hu\/tajfuto\/wordpress\/index.php?rest_route=\/wp\/v2\/pages"}],"about":[{"href":"https:\/\/www.tabanispartacus.hu\/tajfuto\/wordpress\/index.php?rest_route=\/wp\/v2\/types\/page"}],"author":[{"embeddable":true,"href":"https:\/\/www.tabanispartacus.hu\/tajfuto\/wordpress\/index.php?rest_route=\/wp\/v2\/users\/1"}],"replies":[{"embeddable":true,"href":"https:\/\/www.tabanispartacus.hu\/tajfuto\/wordpress\/index.php?rest_route=%2Fwp%2Fv2%2Fcomments&post=3235"}],"version-history":[{"count":42,"href":"https:\/\/www.tabanispartacus.hu\/tajfuto\/wordpress\/index.php?rest_route=\/wp\/v2\/pages\/3235\/revisions"}],"predecessor-version":[{"id":3249,"href":"https:\/\/www.tabanispartacus.hu\/tajfuto\/wordpress\/index.php?rest_route=\/wp\/v2\/pages\/3235\/revisions\/3249"}],"wp:attachment":[{"href":"https:\/\/www.tabanispartacus.hu\/tajfuto\/wordpress\/index.php?rest_route=%2Fwp%2Fv2%2Fmedia&parent=3235"}],"curies":[{"name":"wp","href":"https:\/\/api.w.org\/{rel}","templated":true}]}}