{"id":3234,"date":"2016-12-07T10:17:48","date_gmt":"2016-12-07T09:17:48","guid":{"rendered":"http:\/\/www.tabanispartacus.hu\/tajfuto\/wordpress\/?page_id=3234"},"modified":"2018-01-07T11:16:52","modified_gmt":"2018-01-07T10:16:52","slug":"versenyeink-2017-ben","status":"publish","type":"page","link":"https:\/\/www.tabanispartacus.hu\/tajfuto\/wordpress\/?page_id=3234","title":{"rendered":"Versenyeink 2017-ben"},"content":{"rendered":"<p><a href=\"http:\/\/www.tabanispartacus.hu\/tajfuto\/wordpress\/?page_id=3235\"><img loading=\"lazy\" src=\"http:\/\/www.tabanispartacus.hu\/tajfuto\/2016\/tavaszi\/Union-jack.jpg\" alt=\"\" width=\"80\" height=\"50\" align=\"right\" \/><\/a><\/p>\n<table>\n<tbody>\n<tr>\n<td style=\"font-size: 80%;\"><strong><a href=\"#dobogokoi\">XXII. Dobog\u00f3k\u0151i Hegyi Fut\u00f3verseny<\/a><\/strong><\/td>\n<td style=\"font-size: 80%;\">2017. 11. 18.,\u00a0Dobog\u00f3k\u0151, Pilis\u2013Visegr\u00e1di-hg<\/td>\n<\/tr>\n<tr>\n<td style=\"font-size: 80%;\"><strong><a href=\"#oszi\">65. \u0150szi Spartacus Kupa<\/a><\/strong><\/td>\n<td style=\"font-size: 80%;\">2017. 10. 28-29., Cs\u00e1kber\u00e9ny, V\u00e9rtes<\/td>\n<\/tr>\n<tr>\n<td style=\"font-size: 80%;\"><strong><a href=\"#prolog\">\u0150szi Spartacus Kupa Prol\u00f3g<\/a><\/strong><\/td>\n<td style=\"font-size: 80%;\">2017. 10. 27., Budapest, Gell\u00e9rt-hegy<\/td>\n<\/tr>\n<tr>\n<td style=\"font-size: 80%;\"><strong><a href=\"#pocs-ocsb\">Orsz\u00e1gos Pontbegy\u0171jt\u0151 Csapatbajnoks\u00e1g<\/a><\/strong><\/td>\n<td style=\"font-size: 80%;\">2017. 10. 15., Sz\u00e1r, V\u00e9rtes<\/td>\n<\/tr>\n<tr>\n<td style=\"font-size: 80%;\"><strong><a href=\"#pocs-ocsb\">Orsz\u00e1gos Csapatbajnoks\u00e1g<\/a><\/strong><\/td>\n<td style=\"font-size: 80%;\">2017. 10. 14., Sz\u00e1r, V\u00e9rtes<\/td>\n<\/tr>\n<tr>\n<td style=\"font-size: 80%;\"><strong><a href=\"#nyari\">Ny\u00e1ri Spari Kupa<\/a><\/strong><\/td>\n<td style=\"font-size: 80%;\">2017. 08. 16., Budapest, Tab\u00e1n<\/td>\n<\/tr>\n<tr>\n<td style=\"font-size: 80%;\"><strong><a href=\"#gazdagret\">Gazdagr\u00e9t Kupa<\/a><\/strong><\/td>\n<td style=\"font-size: 80%;\">2017. 06. 21., Budapest, Gazdagr\u00e9t<\/td>\n<\/tr>\n<tr>\n<td style=\"font-size: 80%;\"><strong><a href=\"#wod\">Vil\u00e1gnap \u00e9s Liget Futam<\/a><\/strong><\/td>\n<td style=\"font-size: 80%;\">2017. 05. 24., Budapest, V\u00e1rosliget<\/td>\n<\/tr>\n<tr>\n<td style=\"font-size: 80%;\"><strong><a href=\"#gladiator\">Gladi\u00e1tor Kupa<\/a><\/strong><\/td>\n<td style=\"font-size: 80%;\">2017. 04. 19., Budapest, V\u00e9rmez\u0151<\/td>\n<\/tr>\n<tr>\n<td style=\"font-size: 80%;\"><strong><a href=\"#tavaszi\">54. Tavaszi Spartacus Kupa<\/a><\/strong><\/td>\n<td style=\"font-size: 80%;\">2017. 03. 18-19., Oroszl\u00e1ny\u2013Mindszentpuszta, V\u00e9rtes<\/td>\n<\/tr>\n<\/tbody>\n<\/table>\n<p>&nbsp;<\/p>\n<p><strong id=\"dobogokoi\">XXII. Dobog\u00f3k\u0151i Hegyi Fut\u00f3verseny<\/strong><br \/>\n<em>2017. 11. 18.,\u00a0Dobog\u00f3k\u0151, Pilis\u2013Visegr\u00e1di-hg<\/em><\/p>\n<ul>\n<ul>\n<ul>\n<li><strong><a href=\"http:\/\/www.tabanispartacus.hu\/tajfuto\/2017\/dobogokoi\/2017Dko-kiiras_170130_v6a.pdf\" target=\"_blank\">Ki\u00edr\u00e1s<\/a><\/strong><\/li>\n<li><strong>Ki\u00edr\u00e1s kieg\u00e9sz\u00edt\u00e9s:<\/strong>\n<div id=\"yui_3_16_0_ym19_1_1510040133851_23782\">&#8211; 10% kajakedvezm\u00e9ny,<\/div>\n<div id=\"yui_3_16_0_ym19_1_1510040133851_23780\">&#8211; f\u00e9l\u00e1r\u00fa parkol\u00e1s,<\/div>\n<div id=\"yui_3_16_0_ym19_1_1510040133851_23778\">&#8211; el\u0151re nevezettek a helysz\u00ednen p\u00f3td\u00edj n\u00e9lk\u00fcl fizethetnek.<\/div>\n<\/li>\n<\/ul>\n<ul>\n<li>\n<div><strong><a href=\"https:\/\/www.facebook.com\/dobogokoihegyifuto\/?fref=ts\">Facebook<\/a><\/strong><\/div>\n<\/li>\n<li><span style=\"color: #000000;\"><strong>\u00datvonalle\u00edr\u00e1sok<\/strong><\/span>\n<ul>\n<li><a href=\"http:\/\/www.tabanispartacus.hu\/tajfuto\/2016\/dobogokoi\/maratoni_utvonal_2016.pdf\">Maraton<\/a><\/li>\n<li><a href=\"http:\/\/www.tabanispartacus.hu\/tajfuto\/2016\/dobogokoi\/felmaratoni_utvonal_2016.pdf\">F\u00e9lmaraton<\/a><\/li>\n<li><a href=\"http:\/\/www.tabanispartacus.hu\/tajfuto\/2016\/dobogokoi\/kismaratoni_utvonal_2016.pdf\">Kismaraton<\/a><\/li>\n<\/ul>\n<\/li>\n<li><strong>T\u00e9rk\u00e9pek (mivel az \u00fatvonal nem v\u00e1ltozott, a tavalyi t\u00e9rk\u00e9pek)<\/strong>\n<ul>\n<li><a href=\"http:\/\/www.tabanispartacus.hu\/tajfuto\/2016\/dobogokoi\/hegyi_maratonx.jpg\">Maraton<\/a><\/li>\n<li><a href=\"http:\/\/www.tabanispartacus.hu\/tajfuto\/2016\/dobogokoi\/hegyi_felmaratonx.jpg\">F\u00e9lmaraton<\/a><\/li>\n<li><a href=\"http:\/\/www.tabanispartacus.hu\/tajfuto\/2016\/dobogokoi\/hegyi_kismaratonx.jpg\">Kismaraton<\/a><\/li>\n<li><a href=\"http:\/\/www.tabanispartacus.hu\/tajfuto\/2016\/dobogokoi\/minimaratonx.jpg\">Minimaraton<\/a><\/li>\n<li><a href=\"http:\/\/www.tabanispartacus.hu\/tajfuto\/2016\/dobogokoi\/nehez_teljesitmenyturax.jpg\">Neh\u00e9z teljes\u00edtm\u00e9nyt\u00fara<\/a><\/li>\n<li><a href=\"http:\/\/www.tabanispartacus.hu\/tajfuto\/2016\/dobogokoi\/konnyu_teljesitmenyturax.jpg\">K\u00f6nny\u0171 teljes\u00edtm\u00e9nyt\u00fara<\/a><\/li>\n<\/ul>\n<\/li>\n<li><strong>Gps track-ek<\/strong>\n<ul>\n<li><a href=\"http:\/\/www.tabanispartacus.hu\/tajfuto\/2016\/dobogokoi\/maraton.gpx\">Maraton<\/a><\/li>\n<li><a href=\"http:\/\/www.tabanispartacus.hu\/tajfuto\/2016\/dobogokoi\/felmaraton.gpx\">F\u00e9lmaraton<\/a><\/li>\n<li><a href=\"http:\/\/www.tabanispartacus.hu\/tajfuto\/2016\/dobogokoi\/kismaraton.gpx\">Kismaraton<\/a><\/li>\n<li><a href=\"http:\/\/www.tabanispartacus.hu\/tajfuto\/2016\/dobogokoi\/minimaraton.gpx\">Minimaraton<\/a><\/li>\n<\/ul>\n<\/li>\n<li><strong>Eredm\u00e9nyek<\/strong>\n<ul>\n<li><strong><a href=\"http:\/\/www.tabanispartacus.hu\/tajfuto\/wordpress\/wp-content\/uploads\/2017\/11\/Dobogokoi_2017_eredmenyek.pdf\">Fut\u00f3verseny<\/a> (<a href=\"http:\/\/www.tabanispartacus.hu\/tajfuto\/wordpress\/wp-content\/uploads\/2017\/11\/Dobogokoi_2017_reszidoseredmenyek1.pdf\">r\u00e9szid\u0151s<\/a>)<\/strong><\/li>\n<li><strong><a href=\"http:\/\/www.tabanispartacus.hu\/tajfuto\/2017\/dobogokoi\/dobogoko2017_tt_eredmeny.pdf\">Teljes\u00edtm\u00e9nyt\u00fara<\/a><\/strong><\/li>\n<\/ul>\n<\/li>\n<li><strong>M\u00e1th\u00e9 Pista <a href=\"https:\/\/www.flickr.com\/photos\/101487580@N03\/sets\/72157689746893575\">fot\u00f3i<\/a>\u00a0a versenyr\u0151l<\/strong><\/li>\n<\/ul>\n<\/ul>\n<\/ul>\n<p><strong id=\"oszi\">\u0150szi Spartacus kupa<\/strong><br \/>\n<em>2017. 10. 28-29.,\u00a0<em>Cs\u00e1kber\u00e9ny, V\u00e9rtes<\/em><\/em><\/p>\n<ul>\n<ul>\n<ul>\n<li><strong><a href=\"http:\/\/www.tabanispartacus.hu\/tajfuto\/2017\/oszi\/2017_osp_kiiras_hu_v3.pdf\" target=\"_blank\">Ki\u00edr\u00e1s<\/a><\/strong><\/li>\n<li><strong><a href=\"http:\/\/www.tabanispartacus.hu\/tajfuto\/2017\/oszi\/17-oszi-ert-hu_v9.pdf\" target=\"_blank\">\u00c9rtes\u00edt\u0151<\/a><\/strong><\/li>\n<li><strong><strong><strong><strong>Rajtlista<\/strong><\/strong><\/strong><\/strong>\n<ul>\n<li><a href=\"http:\/\/www.tabanispartacus.hu\/tajfuto\/2017\/oszi\/rajtlista_kat.html\" target=\"_blank\"><strong>Kateg\u00f3ri\u00e1nk\u00e9nt<\/strong><\/a><\/li>\n<li><strong><a href=\"http:\/\/www.tabanispartacus.hu\/tajfuto\/2017\/oszi\/rajtlista_klub.html\" target=\"_blank\">Klubonk\u00e9nt<\/a><\/strong><\/li>\n<\/ul>\n<\/li>\n<li><strong><strong><strong><strong>Eredm\u00e9nyek<\/strong><\/strong><\/strong><\/strong>\n<ul>\n<li><strong><a href=\"http:\/\/www.tabanispartacus.hu\/tajfuto\/2017\/oszi\/1nap.html\" target=\"_blank\">1.nap<\/a>\u00a0(<a href=\"http:\/\/www.tabanispartacus.hu\/tajfuto\/2017\/oszi\/1nap_resz.html\" target=\"_blank\">r\u00e9szid\u0151s<\/a>)<\/strong><\/li>\n<li><strong><a href=\"http:\/\/www.tabanispartacus.hu\/tajfuto\/2017\/oszi\/2nap.html\" target=\"_blank\">2.nap<\/a>\u00a0(<a href=\"http:\/\/www.tabanispartacus.hu\/tajfuto\/2017\/oszi\/2nap_resz.html\" target=\"_blank\">r\u00e9szid\u0151s<\/a>)<\/strong><\/li>\n<li><strong><a href=\"http:\/\/www.tabanispartacus.hu\/tajfuto\/2017\/oszi\/osszetett.html\" target=\"_blank\">\u00d6sszetett<\/a><\/strong><\/li>\n<\/ul>\n<\/li>\n<\/ul>\n<\/ul>\n<\/ul>\n<p><strong id=\"prolog\">\u0150szi Spartacus kupa Prol\u00f3g<\/strong><br \/>\n<em>2017. 10. 27.,\u00a0<em>Budapest, Gell\u00e9rt-hegy<\/em><\/em><\/p>\n<ul>\n<ul>\n<ul>\n<ul>\n<li><strong><a href=\"http:\/\/www.tabanispartacus.hu\/tajfuto\/2017\/oszi\/prolog_kiiras_v4.pdf\" target=\"_blank\">Ki\u00edr\u00e1s<\/a><\/strong><\/li>\n<li><strong><a href=\"http:\/\/www.tabanispartacus.hu\/tajfuto\/2017\/oszi\/ertesito_vegleges.pdf\" target=\"_blank\">\u00c9rtes\u00edt\u0151<\/a><\/strong><\/li>\n<li><a href=\"http:\/\/www.tabanispartacus.hu\/tajfuto\/2017\/oszi\/Rajtlista.html\" target=\"_blank\"><strong>Rajtlista<\/strong><\/a><\/li>\n<li><a href=\"http:\/\/www.tabanispartacus.hu\/tajfuto\/2017\/oszi\/prologer.html\" target=\"_blank\"><strong>Eredm\u00e9nyek<\/strong><\/a><\/li>\n<li><strong><a href=\"http:\/\/www.tabanispartacus.hu\/tajfuto\/2017\/oszi\/prologresz.html\" target=\"_blank\">R\u00e9szid\u0151s eredm\u00e9nyek<\/a><\/strong><\/li>\n<\/ul>\n<\/ul>\n<\/ul>\n<\/ul>\n<p><strong id=\"pocs-ocsb\">Orsz\u00e1gos Csapatbajnoks\u00e1g<\/strong><br \/>\n<em>2017. 10. 14-15., Sz\u00e1r, <em>V\u00e9rtes<\/em><\/em><\/p>\n<ul>\n<ul>\n<ul>\n<ul>\n<ul>\n<li><strong><a href=\"http:\/\/www.tabanispartacus.hu\/tajfuto\/2017\/ocsb-pcsb\/Kiiras_2017_OCSB_PCSBj7.pdf\" target=\"_blank\">Ki\u00edr\u00e1s<\/a><\/strong><\/li>\n<li>R\u00e9gebbi t\u00e9rk\u00e9pek a terepr\u0151l (<strong><a href=\"http:\/\/www.tabanispartacus.hu\/tajfuto\/2017\/ocsb-pcsb\/7_2_k.jpg\" target=\"_blank\">1971<\/a><\/strong>), (<strong><a href=\"http:\/\/www.tabanispartacus.hu\/tajfuto\/2017\/ocsb-pcsb\/nagycsakany0002_k.jpg\" target=\"_blank\">1982<\/a><\/strong>)<\/li>\n<li><strong><a href=\"http:\/\/www.tabanispartacus.hu\/tajfuto\/2017\/ocsb-pcsb\/ertesito_2017_ocsb_pcsb_1010.pdf\" target=\"_blank\">\u00c9rtes\u00edt\u0151<\/a><\/strong><\/li>\n<li>POCSB\n<ul>\n<li><a href=\"http:\/\/www.tabanispartacus.hu\/tajfuto\/2017\/ocsb-pcsb\/pcsb2017_rajtlista.html\" target=\"_blank\">Rajtlista<\/a><\/li>\n<li>Ny\u00edlt rajtlista <a href=\"http:\/\/www.tabanispartacus.hu\/tajfuto\/2017\/ocsb-pcsb\/pocsb_nyilt_klub.html\" target=\"_blank\">klubonk\u00e9nt<\/a><\/li>\n<li>Ny\u00edlt rajtlista <a href=\"http:\/\/www.tabanispartacus.hu\/tajfuto\/2017\/ocsb-pcsb\/pocsb_nyilt_kategoria.html\" target=\"_blank\">kateg\u00f3ri\u00e1nk\u00e9nt<\/a><\/li>\n<li>POCSB <strong><a href=\"http:\/\/www.tabanispartacus.hu\/tajfuto\/2017\/ocsb-pcsb\/pocsb-vegeredmeny.html\" target=\"_blank\">csapat<\/a>\u00a0<\/strong>(<strong><a href=\"http:\/\/www.tabanispartacus.hu\/tajfuto\/2017\/ocsb-pcsb\/pocsb_si.html\" target=\"_blank\">p\u00e1ly\u00e1nk\u00e9nt r\u00e9szid\u0151s<\/a><\/strong>) eredm\u00e9nyek<\/li>\n<li><a href=\"http:\/\/www.tabanispartacus.hu\/tajfuto\/2017\/ocsb-pcsb\/pocsb_nyilt.html\" target=\"_blank\"><strong>Ny\u00edlt eredm\u00e9nyek<\/strong><\/a> (<a href=\"http:\/\/www.tabanispartacus.hu\/tajfuto\/2017\/ocsb-pcsb\/pocsb_nyilt_si_htm.html\" target=\"_blank\"><strong>r\u00e9szid\u0151s<\/strong><\/a>)<\/li>\n<\/ul>\n<\/li>\n<li>OCSB\n<ul>\n<li><a href=\"http:\/\/www.tabanispartacus.hu\/tajfuto\/2017\/ocsb-pcsb\/17116_rajtlista.pdf\" target=\"_blank\">Rajtlista<\/a><\/li>\n<li>Ny\u00edlt rajtlista <a href=\"http:\/\/www.tabanispartacus.hu\/tajfuto\/2017\/ocsb-pcsb\/ocsb_nyilt_klub.html\" target=\"_blank\">klubonk\u00e9nt<\/a><\/li>\n<li>Ny\u00edlt rajtlista <a href=\"http:\/\/www.tabanispartacus.hu\/tajfuto\/2017\/ocsb-pcsb\/ocsb_nyilt_kategoria.html\" target=\"_blank\">kateg\u00f3ri\u00e1nk\u00e9nt<\/a><\/li>\n<li>OCSB <strong><a href=\"http:\/\/www.tabanispartacus.hu\/tajfuto\/2017\/ocsb-pcsb\/ocsb_eredmeny.html\" target=\"_blank\">\u00f6sszetett csapat<\/a><\/strong> (<strong><a href=\"http:\/\/www.tabanispartacus.hu\/tajfuto\/2017\/ocsb-pcsb\/ocsb_palyankenti_eredmenyek.html\" target=\"_blank\">p\u00e1ly\u00e1nk\u00e9nti<\/a><\/strong>, <strong><a href=\"http:\/\/www.tabanispartacus.hu\/tajfuto\/2017\/ocsb-pcsb\/ocsb_palyankenti_reszeredmenyek.html\" target=\"_blank\">p\u00e1ly\u00e1nk\u00e9nt r\u00e9szid\u0151s<\/a><\/strong>)\u00a0eredm\u00e9nyek<\/li>\n<li><strong><a href=\"http:\/\/www.tabanispartacus.hu\/tajfuto\/2017\/ocsb-pcsb\/ocsb_nyilt_kategoriak_eredmenyei.html\" target=\"_blank\">Ny\u00edlt eredm\u00e9nyek<\/a><\/strong> (<strong><a href=\"http:\/\/www.tabanispartacus.hu\/tajfuto\/2017\/ocsb-pcsb\/ocsb_nyilt_reszidoseredmenyek.html\" target=\"_blank\">r\u00e9szid\u0151s<\/a><\/strong>)<\/li>\n<\/ul>\n<\/li>\n<\/ul>\n<\/ul>\n<\/ul>\n<\/ul>\n<\/ul>\n<p><strong id=\"nyari\">Ny\u00e1ri Spartacus Kupa<\/strong><br \/>\n<em>2017. 08. 16.,\u00a0<em>Budapest, Tab\u00e1n<\/em><\/em><\/p>\n<ul>\n<ul>\n<ul>\n<ul>\n<ul>\n<li><a href=\"http:\/\/www.tabanispartacus.hu\/tajfuto\/2017\/nyari\/NyariSpartacusKupa_j.pdf\" target=\"_blank\"><strong>Ki\u00edr\u00e1s<\/strong><\/a><\/li>\n<li><a href=\"http:\/\/www.tabanispartacus.hu\/tajfuto\/2017\/nyari\/nyarispari2017eredmeny_x.pdf\" target=\"_blank\"><strong>Eredm\u00e9nyek<\/strong><\/a><\/li>\n<\/ul>\n<\/ul>\n<\/ul>\n<\/ul>\n<\/ul>\n<p><strong id=\"gazdagret\">Gazdagr\u00e9t Kupa<\/strong><br \/>\n<em>2017. 06. 21.,\u00a0<em>Budapest, Gazdagr\u00e9t<\/em><\/em><\/p>\n<ul>\n<ul>\n<ul>\n<ul>\n<ul>\n<li><strong><a href=\"http:\/\/www.tabanispartacus.hu\/tajfuto\/2017\/gazdagret\/Gazdagret-kupa_kiras.pdf\" target=\"_blank\">Ki\u00edr\u00e1s<\/a><\/strong><\/li>\n<li><a href=\"http:\/\/www.tabanispartacus.hu\/tajfuto\/wordpress\/wp-content\/uploads\/2017\/06\/GazdagretKupa_Eredmenyek1.pdf\" target=\"_blank\"><strong>Eredm\u00e9nyek<\/strong><\/a><\/li>\n<\/ul>\n<\/ul>\n<\/ul>\n<\/ul>\n<\/ul>\n<p><strong id=\"wod\">Vil\u00e1gnap \u00e9s Liget Futam<\/strong><br \/>\n<em>2017. 05. 24.,\u00a0<em>Budapest, V\u00e1rosliget<\/em><\/em><\/p>\n<ul>\n<ul>\n<ul>\n<ul>\n<ul>\n<li><strong><a href=\"http:\/\/www.tabanispartacus.hu\/tajfuto\/2017\/vilagnapkupa\/Vilagnap_Liget_futam.pdf\" target=\"_blank\">Ki\u00edr\u00e1s<\/a><\/strong><\/li>\n<li><strong><a href=\"http:\/\/www.tabanispartacus.hu\/tajfuto\/2017\/vilagnapkupa\/eredmenyek.pdf\" target=\"_blank\">Eredm\u00e9nyek<\/a><\/strong><\/li>\n<\/ul>\n<\/ul>\n<\/ul>\n<\/ul>\n<\/ul>\n<p><strong id=\"gladiator\">Gladi\u00e1tor Kupa<\/strong><br \/>\n<em>2017. 04. 19.,\u00a0<em>Budapest, V\u00e9rmez\u0151<\/em><\/em><\/p>\n<ul>\n<ul>\n<ul>\n<ul>\n<ul>\n<li><a href=\"http:\/\/www.tabanispartacus.hu\/tajfuto\/2017\/gladiator\/Ertesito.pdf\"><strong>Ki\u00edr\u00e1s<\/strong><\/a><\/li>\n<li><strong><a href=\"http:\/\/www.tabanispartacus.hu\/tajfuto\/2017\/gladiator\/Gladiator_eredmenyek.pdf\">Eredm\u00e9nyek<\/a><\/strong><\/li>\n<\/ul>\n<\/ul>\n<\/ul>\n<\/ul>\n<\/ul>\n<p><strong id=\"tavaszi\">54.Tavaszi Spartacus Kupa<\/strong><br \/>\n<em>2017. 03. 18-19.,\u00a0<em>Oroszl\u00e1ny-Mindszentpuszta, V\u00e9rtes<\/em><\/em><\/p>\n<ul>\n<ul>\n<ul>\n<ul>\n<ul>\n<li><strong><a href=\"http:\/\/www.tabanispartacus.hu\/tajfuto\/2017\/tavaszi\/17TSpK_hu_kiiras_0120_MV.pdf\">Ki\u00edr\u00e1s<\/a><\/strong><\/li>\n<li><strong><a href=\"http:\/\/www.tabanispartacus.hu\/tajfuto\/2017\/tavaszi\/2017_TSP_palyaadatok_1.pdf\">P\u00e1lyaadatok<\/a><\/strong><\/li>\n<li><strong><a href=\"http:\/\/www.tabanispartacus.hu\/tajfuto\/2017\/tavaszi\/17TSpK_hu_ertesito_2.pdf\" target=\"_blank\">\u00c9rtes\u00edt\u0151<\/a><\/strong><\/li>\n<li><strong>Rajtlist\u00e1k<\/strong>\n<ul>\n<li><a href=\"http:\/\/www.tabanispartacus.hu\/tajfuto\/2017\/tavaszi\/rajtlista.html\" target=\"_blank\"><strong>kateg\u00f3ri\u00e1nk\u00e9nt<\/strong><\/a><\/li>\n<li><a href=\"http:\/\/www.tabanispartacus.hu\/tajfuto\/2017\/tavaszi\/klublista.html\" target=\"_blank\"><strong>klubonk\u00e9nt<\/strong><\/a><\/li>\n<li><strong><a href=\"http:\/\/www.tabanispartacus.hu\/tajfuto\/2017\/tavaszi\/1nap.html\" target=\"_blank\">1.nap<\/a><\/strong><\/li>\n<li><a href=\"http:\/\/www.tabanispartacus.hu\/tajfuto\/wordpress\/wp-content\/uploads\/2017\/03\/tspari17_2nap_rajtlista.html\"><strong><strong>2. nap<\/strong><\/strong><\/a><\/li>\n<\/ul>\n<\/li>\n<li><strong>Eredm\u00e9nyek<\/strong>\n<ul>\n<li><strong><a href=\"http:\/\/www.tabanispartacus.hu\/tajfuto\/wordpress\/wp-content\/uploads\/2017\/03\/tspari17_1nap.html\">1. nap<\/a> (<a href=\"http:\/\/www.tabanispartacus.hu\/tajfuto\/wordpress\/wp-content\/uploads\/2017\/03\/tspari17_1nap_si.html\">r\u00e9szid\u0151s<\/a>)<\/strong><\/li>\n<li><strong><a href=\"http:\/\/www.tabanispartacus.hu\/tajfuto\/wordpress\/wp-content\/uploads\/2017\/03\/tspari17_2nap.html\">2. nap<\/a> (<a href=\"http:\/\/www.tabanispartacus.hu\/tajfuto\/wordpress\/wp-content\/uploads\/2017\/03\/tspari17_2nap_si.html\">r\u00e9szid\u0151s<\/a>)<\/strong><\/li>\n<li><a href=\"http:\/\/www.tabanispartacus.hu\/tajfuto\/wordpress\/wp-content\/uploads\/2017\/03\/tspari17_osszetett.html\"><strong>\u00d6sszetett<\/strong><\/a><\/li>\n<\/ul>\n<\/li>\n<\/ul>\n<\/ul>\n<\/ul>\n<\/ul>\n<\/ul>\n<p><iframe loading=\"lazy\" src=\"https:\/\/www.google.com\/maps\/d\/embed?mid=1vjKRnWlfad-Isvuq5IjmyBIRmI0\" width=\"700\" height=\"550\"><\/iframe><\/p>\n","protected":false},"excerpt":{"rendered":"<p>XXII. Dobog\u00f3k\u0151i Hegyi Fut\u00f3verseny 2017. 11. 18.,\u00a0Dobog\u00f3k\u0151, Pilis\u2013Visegr\u00e1di-hg 65. \u0150szi Spartacus Kupa 2017. 10. 28-29., Cs\u00e1kber\u00e9ny, V\u00e9rtes \u0150szi Spartacus Kupa Prol\u00f3g 2017. 10. 27., Budapest, Gell\u00e9rt-hegy Orsz\u00e1gos Pontbegy\u0171jt\u0151 Csapatbajnoks\u00e1g 2017. 10. 15., Sz\u00e1r, V\u00e9rtes Orsz\u00e1gos Csapatbajnoks\u00e1g 2017. 10. 14., Sz\u00e1r, V\u00e9rtes Ny\u00e1ri Spari Kupa 2017. 08. 16., Budapest, Tab\u00e1n Gazdagr\u00e9t Kupa 2017. 06. 21., Budapest, &hellip; <a href=\"https:\/\/www.tabanispartacus.hu\/tajfuto\/wordpress\/?page_id=3234\" class=\"more-link\"><span class=\"screen-reader-text\">Versenyeink 2017-ben<\/span> olvas\u00e1s\u00e1nak folytat\u00e1sa <span class=\"meta-nav\">&rarr;<\/span><\/a><\/p>\n","protected":false},"author":1,"featured_media":0,"parent":0,"menu_order":0,"comment_status":"closed","ping_status":"closed","template":"","meta":{"ngg_post_thumbnail":0},"_links":{"self":[{"href":"https:\/\/www.tabanispartacus.hu\/tajfuto\/wordpress\/index.php?rest_route=\/wp\/v2\/pages\/3234"}],"collection":[{"href":"https:\/\/www.tabanispartacus.hu\/tajfuto\/wordpress\/index.php?rest_route=\/wp\/v2\/pages"}],"about":[{"href":"https:\/\/www.tabanispartacus.hu\/tajfuto\/wordpress\/index.php?rest_route=\/wp\/v2\/types\/page"}],"author":[{"embeddable":true,"href":"https:\/\/www.tabanispartacus.hu\/tajfuto\/wordpress\/index.php?rest_route=\/wp\/v2\/users\/1"}],"replies":[{"embeddable":true,"href":"https:\/\/www.tabanispartacus.hu\/tajfuto\/wordpress\/index.php?rest_route=%2Fwp%2Fv2%2Fcomments&post=3234"}],"version-history":[{"count":137,"href":"https:\/\/www.tabanispartacus.hu\/tajfuto\/wordpress\/index.php?rest_route=\/wp\/v2\/pages\/3234\/revisions"}],"predecessor-version":[{"id":3255,"href":"https:\/\/www.tabanispartacus.hu\/tajfuto\/wordpress\/index.php?rest_route=\/wp\/v2\/pages\/3234\/revisions\/3255"}],"wp:attachment":[{"href":"https:\/\/www.tabanispartacus.hu\/tajfuto\/wordpress\/index.php?rest_route=%2Fwp%2Fv2%2Fmedia&parent=3234"}],"curies":[{"name":"wp","href":"https:\/\/api.w.org\/{rel}","templated":true}]}}