{"id":2828,"date":"2016-02-07T00:03:02","date_gmt":"2016-02-06T23:03:02","guid":{"rendered":"http:\/\/www.tabanispartacus.hu\/tajfuto\/wordpress\/?page_id=2828"},"modified":"2016-02-07T00:03:02","modified_gmt":"2016-02-06T23:03:02","slug":"2-fenntartasi-ev","status":"publish","type":"page","link":"https:\/\/www.tabanispartacus.hu\/tajfuto\/wordpress\/?page_id=2828","title":{"rendered":"2. fenntart\u00e1si \u00e9v"},"content":{"rendered":"<p>A T\u00e1rsadalmi Meg\u00fajul\u00e1s Operat\u00edv Program (T\u00c1MOP) 3.2.11\/10\/1\/KMR sz\u00e1m\u00fa Nevel\u00e9si-oktat\u00e1si int\u00e9zm\u00e9nyek tan\u00f3rai, tan\u00f3r\u00e1n k\u00edv\u00fcli \u00e9s szabadid\u0151s tev\u00e9kenys\u00e9geinek t\u00e1mogat\u00e1sa c\u00edm\u0171 p\u00e1ly\u00e1zati felh\u00edv\u00e1s\u00e1ra beny\u00fajtott <strong>&#8220;Sport, Term\u00e9szet, Eg\u00e9szs\u00e9g&#8221;<\/strong> c\u00edm\u0171 p\u00e1ly\u00e1zat megval\u00f3s\u00edt\u00e1sa.<\/p>\n<p><strong>A p\u00e1ly\u00e1zatban r\u00e9sztvev\u0151 oktat\u00e1si int\u00e9zm\u00e9nyek:<\/strong><br \/>\n<em>(az iskola nev\u00e9re kattintva l\u00e1that\u00f3ak az adott iskol\u00e1ban megval\u00f3sul\u00f3 programok)<\/em><\/p>\n<p>A 2. fenntart\u00e1si \u00e9v (2014. 09. &#8211; 2015. 08.) esem\u00e9nyei iskol\u00e1nk\u00e9nt<\/p>\n<p><strong><a title=\"\u00c1rp\u00e1d Gimn\u00e1zium\" href=\"http:\/\/www.tabanispartacus.hu\/egyesulet\/palyazat\/2\/arpad\/5-arpad_temahet_2015_j.pdf\" target=\"_blank\">\u00c1rp\u00e1d Gimn\u00e1zium<\/a><\/strong>, 1034 Budapest, Nagyszombat u. 19.<br \/>\n<strong><a title=\"Bleyer Jakab N\u00e9met Nemzetis\u00e9gi \u00c1ltal\u00e1nos Iskola\" href=\"http:\/\/www.tabanispartacus.hu\/egyesulet\/palyazat\/2\/bleyer\/10-bleyer.pdf\" target=\"_blank\">Bleyer Jakab N\u00e9met Nemzetis\u00e9gi \u00c1ltal\u00e1nos Iskola<\/a><\/strong>, 2040 Buda\u00f6rs, Iskola t\u00e9r 1.<br \/>\n<strong><a title=\"Budai Ciszterci Szent Imre Gimn\u00e1zium\" href=\"http:\/\/www.tabanispartacus.hu\/egyesulet\/palyazat\/2\/szt-imre\/6-150422_sztimre_j1.pdf\" target=\"_blank\">Budai Ciszterci Szent Imre Gimn\u00e1zium<\/a><\/strong>, 1114 Budapest, Vill\u00e1nyi \u00fat 27.<br \/>\n<strong><a title=\"Budai K\u00f6z\u00e9piskola\" href=\"http:\/\/www.tabanispartacus.hu\/egyesulet\/palyazat\/2\/budai\/14-budai-kozepiskola_verseny_2015_j1.pdf\" target=\"_blank\">Budai K\u00f6z\u00e9piskola<\/a><\/strong>, 1126 Budapest, M\u00e1rv\u00e1ny u. 32.<br \/>\n<strong><a title=\"Budav\u00e1ri \u00c1ltal\u00e1nos Iskola\" href=\"http:\/\/www.tabanispartacus.hu\/egyesulet\/palyazat\/2\/budavari\/8-budavari_sportnap_2015_j1.pdf\" target=\"_blank\">Budav\u00e1ri \u00c1ltal\u00e1nos Iskola<\/a><\/strong>, 1014 Budapest, T\u00e1rnok u. 9-11.<br \/>\n<strong><a title=\"Csiki-hegyek \u00c1ltal\u00e1nos Iskola\" href=\"http:\/\/www.tabanispartacus.hu\/egyesulet\/palyazat\/2\/csiki\/2-csiki_verseny_2015_j1.pdf\" target=\"_blank\">Csiki-hegyek \u00c1ltal\u00e1nos Iskola<\/a><\/strong>, 1118 Budapest, Csiki-hegyek u. 13-15.<br \/>\n<strong><a title=\"De\u00e1k Di\u00e1k \u00c1ltal\u00e1nos Iskola\" href=\"http:\/\/www.tabanispartacus.hu\/egyesulet\/palyazat\/2\/deak-diak\/11-deak-diak.pdf\" target=\"_blank\">De\u00e1k Di\u00e1k \u00c1ltal\u00e1nos Iskola<\/a><\/strong>, 1081 Budapest, II. J\u00e1nos P\u00e1l p\u00e1pa t\u00e9r (kor\u00e1bban K\u00f6zt\u00e1rsas\u00e1g t\u00e9r) 4.<br \/>\n<strong><a title=\"Grassalkovich Antal \u00c1ltal\u00e1nos Iskola (Falusi \u00c1ltal\u00e1nos Iskola)\" href=\"http:\/\/www.tabanispartacus.hu\/egyesulet\/palyazat\/2\/vecses\/12-beszamolo_vecses_j2.pdf\" target=\"_blank\">Grassalkovich Antal \u00c1ltal\u00e1nos Iskola (Falusi \u00c1ltal\u00e1nos Iskola)<\/a><\/strong>, Vecs\u00e9s, F\u0151 \u00fat 90-92.<br \/>\n<strong><a title=\"Farkasr\u00e9ti \u00c1ltal\u00e1nos Iskola\" href=\"http:\/\/www.tabanispartacus.hu\/egyesulet\/palyazat\/2\/farkasreti\/3-farkasret_temahet_2015_j1.pdf\" target=\"_blank\">Farkasr\u00e9ti \u00c1ltal\u00e1nos Iskola<\/a><\/strong>, 1112 Budapest, \u00c9rdi \u00fat 2.<br \/>\n<strong><a title=\"Lisznyai \u00c1ltal\u00e1nos Iskola\" href=\"http:\/\/www.tabanispartacus.hu\/egyesulet\/palyazat\/2\/lisznyai\/4-lisznyai_verseny_2015_j2.pdf\" target=\"_blank\">Lisznyai \u00c1ltal\u00e1nos Iskola<\/a><\/strong>, 1016 Budapest, Lisznyai u. 40-42.<br \/>\n<strong><a title=\"Naphegyi \u00d3voda\" href=\"http:\/\/www.tabanispartacus.hu\/egyesulet\/palyazat\/2\/naphegyovoda\/13-naphegy-ovoda_2015_j1.pdf\" target=\"_blank\">Naphegyi \u00d3voda<\/a><\/strong>, 1016 Budapest, Ny\u00e1rs u. 2-4.<br \/>\n<strong><a title=\"\u00d3budai Waldorf Iskola\" href=\"http:\/\/www.tabanispartacus.hu\/egyesulet\/palyazat\/2\/waldorf\/15-waldorf_tehetsegg_2015_j.pdf\" target=\"_blank\">\u00d3budai Waldorf Iskola<\/a><\/strong>, 1037 Budapest, B\u00e9csi \u00fat 375.<br \/>\n<strong><a title=\"\" href=\"http:\/\/www.tabanispartacus.hu\/egyesulet\/palyazat\/2\/szinyei\/9-szinyei-roplabda.pdf\" target=\"_blank\">Szinyei Merse P\u00e1l Gimn\u00e1zium<\/a><\/strong>, 1063 Budapest, Szinyei Merse u. 7.<br \/>\n<strong><a title=\"T\u00f6r\u00f6kugrat\u00f3 \u00c1ltal\u00e1nos Iskola\" href=\"http:\/\/www.tabanispartacus.hu\/egyesulet\/palyazat\/2\/torok\/1-torok_verseny_2015_j2.pdf\" target=\"_blank\">T\u00f6r\u00f6kugrat\u00f3 \u00c1ltal\u00e1nos Iskola<\/a><\/strong>, 1118 Budapest, T\u00f6r\u00f6kugrat\u00f3 u. 15.<br \/>\n<strong><a title=\"V\u00e1ci Utcai \u00c9nek-Zenei \u00c1ltal\u00e1nos Iskola\" href=\"http:\/\/www.tabanispartacus.hu\/egyesulet\/palyazat\/2\/vaci\/7-140930vaci-msziget_j1.pdf\" target=\"_blank\">V\u00e1ci Utcai \u00c9nek-Zenei \u00c1ltal\u00e1nos Iskola<\/a><\/strong>, 1053 Budapest, V\u00e1ci u. 53.<\/p>\n","protected":false},"excerpt":{"rendered":"<p>A T\u00e1rsadalmi Meg\u00fajul\u00e1s Operat\u00edv Program (T\u00c1MOP) 3.2.11\/10\/1\/KMR sz\u00e1m\u00fa Nevel\u00e9si-oktat\u00e1si int\u00e9zm\u00e9nyek tan\u00f3rai, tan\u00f3r\u00e1n k\u00edv\u00fcli \u00e9s szabadid\u0151s tev\u00e9kenys\u00e9geinek t\u00e1mogat\u00e1sa c\u00edm\u0171 p\u00e1ly\u00e1zati felh\u00edv\u00e1s\u00e1ra beny\u00fajtott &#8220;Sport, Term\u00e9szet, Eg\u00e9szs\u00e9g&#8221; c\u00edm\u0171 p\u00e1ly\u00e1zat megval\u00f3s\u00edt\u00e1sa. A p\u00e1ly\u00e1zatban r\u00e9sztvev\u0151 oktat\u00e1si int\u00e9zm\u00e9nyek: (az iskola nev\u00e9re kattintva l\u00e1that\u00f3ak az adott iskol\u00e1ban megval\u00f3sul\u00f3 programok) A 2. fenntart\u00e1si \u00e9v (2014. 09. &#8211; 2015. 08.) esem\u00e9nyei iskol\u00e1nk\u00e9nt \u00c1rp\u00e1d Gimn\u00e1zium, &hellip; <a href=\"https:\/\/www.tabanispartacus.hu\/tajfuto\/wordpress\/?page_id=2828\" class=\"more-link\"><span class=\"screen-reader-text\">2. fenntart\u00e1si \u00e9v<\/span> olvas\u00e1s\u00e1nak folytat\u00e1sa <span class=\"meta-nav\">&rarr;<\/span><\/a><\/p>\n","protected":false},"author":1,"featured_media":0,"parent":0,"menu_order":0,"comment_status":"closed","ping_status":"closed","template":"","meta":{"ngg_post_thumbnail":0},"_links":{"self":[{"href":"https:\/\/www.tabanispartacus.hu\/tajfuto\/wordpress\/index.php?rest_route=\/wp\/v2\/pages\/2828"}],"collection":[{"href":"https:\/\/www.tabanispartacus.hu\/tajfuto\/wordpress\/index.php?rest_route=\/wp\/v2\/pages"}],"about":[{"href":"https:\/\/www.tabanispartacus.hu\/tajfuto\/wordpress\/index.php?rest_route=\/wp\/v2\/types\/page"}],"author":[{"embeddable":true,"href":"https:\/\/www.tabanispartacus.hu\/tajfuto\/wordpress\/index.php?rest_route=\/wp\/v2\/users\/1"}],"replies":[{"embeddable":true,"href":"https:\/\/www.tabanispartacus.hu\/tajfuto\/wordpress\/index.php?rest_route=%2Fwp%2Fv2%2Fcomments&post=2828"}],"version-history":[{"count":3,"href":"https:\/\/www.tabanispartacus.hu\/tajfuto\/wordpress\/index.php?rest_route=\/wp\/v2\/pages\/2828\/revisions"}],"predecessor-version":[{"id":2832,"href":"https:\/\/www.tabanispartacus.hu\/tajfuto\/wordpress\/index.php?rest_route=\/wp\/v2\/pages\/2828\/revisions\/2832"}],"wp:attachment":[{"href":"https:\/\/www.tabanispartacus.hu\/tajfuto\/wordpress\/index.php?rest_route=%2Fwp%2Fv2%2Fmedia&parent=2828"}],"curies":[{"name":"wp","href":"https:\/\/api.w.org\/{rel}","templated":true}]}}