{"id":2821,"date":"2016-02-06T23:56:43","date_gmt":"2016-02-06T22:56:43","guid":{"rendered":"http:\/\/www.tabanispartacus.hu\/tajfuto\/wordpress\/?page_id=2821"},"modified":"2016-02-06T23:59:55","modified_gmt":"2016-02-06T22:59:55","slug":"1-fenntartasi-ev","status":"publish","type":"page","link":"https:\/\/www.tabanispartacus.hu\/tajfuto\/wordpress\/?page_id=2821","title":{"rendered":"1. fenntart\u00e1si \u00e9v"},"content":{"rendered":"<p>A T\u00e1rsadalmi Meg\u00fajul\u00e1s Operat\u00edv Program (T\u00c1MOP) 3.2.11\/10\/1\/KMR sz\u00e1m\u00fa Nevel\u00e9si-oktat\u00e1si int\u00e9zm\u00e9nyek tan\u00f3rai, tan\u00f3r\u00e1n k\u00edv\u00fcli \u00e9s szabadid\u0151s tev\u00e9kenys\u00e9geinek t\u00e1mogat\u00e1sa c\u00edm\u0171 p\u00e1ly\u00e1zati felh\u00edv\u00e1s\u00e1ra beny\u00fajtott <strong>&#8220;Sport, Term\u00e9szet, Eg\u00e9szs\u00e9g&#8221;<\/strong> c\u00edm\u0171 p\u00e1ly\u00e1zat megval\u00f3s\u00edt\u00e1sa.<\/p>\n<p><strong>A p\u00e1ly\u00e1zatban r\u00e9sztvev\u0151 oktat\u00e1si int\u00e9zm\u00e9nyek:<\/strong><\/p>\n<p>Az 1. fenntart\u00e1si \u00e9v (2012. 04. 16 &#8211; 2014. 08. 31.) esem\u00e9nyei iskol\u00e1nk\u00e9nt<\/p>\n<p><span style=\"text-decoration: underline;\"><strong>\u00c1rp\u00e1d Gimn\u00e1zium<\/strong><\/span>, 1034 Budapest, Nagyszombat u. 19.<\/p>\n<p style=\"text-align: justify;\"><strong>2014.I.f\u00e9l\u00e9v<\/strong><\/p>\n<ul>\n<li style=\"text-align: justify;\"><strong><a href=\"http:\/\/www.tabanispartacus.hu\/egyesulet\/palyazat\/1\/arpad\/arpad_nevsor_kepek_2014_j.pdf\" target=\"_blank\">N\u00e9vsor<\/a><\/strong><strong><\/strong><\/li>\n<li style=\"text-align: justify;\"><strong><a title=\"Besz\u00e1mol\u00f3\" href=\"http:\/\/www.tabanispartacus.hu\/egyesulet\/palyazat\/1\/arpad\/arpad_temahet_2014_j.pdf\" target=\"_blank\">Besz\u00e1mol\u00f3<\/a><\/strong><\/li>\n<\/ul>\n<p><span style=\"text-decoration: underline;\"><strong>Bleyer Jakab N\u00e9met Nemzetis\u00e9gi \u00c1ltal\u00e1nos Iskola<\/strong><\/span>, 2040 Buda\u00f6rs, Iskola t\u00e9r 1.<\/p>\n<p><strong>2013.II.f\u00e9l\u00e9v<\/strong><\/p>\n<ul>\n<li><strong><a href=\"http:\/\/www.tabanispartacus.hu\/egyesulet\/palyazat\/1\/bleyer\/bleyer_nevsor_v3.pdf\" target=\"_blank\">N\u00e9vsor<\/a><\/strong><strong><\/strong><\/li>\n<li><strong><a title=\"Besz\u00e1mol\u00f3\" href=\"http:\/\/www.tabanispartacus.hu\/egyesulet\/palyazat\/1\/bleyer\/bleyer_sportnap_2013_v3.pdf\" target=\"_blank\">Besz\u00e1mol\u00f3<\/a><\/strong><\/li>\n<\/ul>\n<p><span style=\"text-decoration: underline;\"><strong>Budai Ciszterci Szent Imre Gimn\u00e1zium<\/strong><\/span>, 1114 Budapest, Vill\u00e1nyi \u00fat 27.<\/p>\n<p><strong>2012.II.f\u00e9l\u00e9v<\/strong><\/p>\n<ul>\n<li><strong><a title=\"Besz\u00e1mol\u00f3\" href=\"http:\/\/www.tabanispartacus.hu\/egyesulet\/palyazat\/1\/szt-imre\/besz-eredm-foto_szt.imre_121001.pdf\" target=\"_blank\">Besz\u00e1mol\u00f3<\/a><\/strong><\/li>\n<\/ul>\n<p><span style=\"text-decoration: underline;\"><strong>Budai K\u00f6z\u00e9piskola<\/strong><\/span>, 1126 Budapest, M\u00e1rv\u00e1ny u. 32.<\/p>\n<p><strong>2014.I.f\u00e9l\u00e9v<\/strong><\/p>\n<ul>\n<li><a href=\"http:\/\/www.tabanispartacus.hu\/egyesulet\/palyazat\/1\/budai\/140418_foldnapja_budai-kozep_v2.pdf\" target=\"_blank\"><strong>Besz\u00e1mol\u00f3<\/strong><\/a><strong><\/strong><\/li>\n<li><a href=\"http:\/\/www.tabanispartacus.hu\/egyesulet\/palyazat\/1\/budai\/140418_budai_foldnapja_eredm_v3.pdf\" target=\"_blank\"><strong><strong>Eredm\u00e9nyek<\/strong><\/strong><\/a><strong><\/strong><\/li>\n<\/ul>\n<p><span style=\"text-decoration: underline;\"><strong>Budav\u00e1ri \u00c1ltal\u00e1nos Iskola<\/strong><\/span>, 1014 Budapest, T\u00e1rnok u. 9-11.<\/p>\n<p><strong>2012.II.f\u00e9l\u00e9v<\/strong><\/p>\n<ul>\n<li><a href=\"http:\/\/www.tabanispartacus.hu\/egyesulet\/palyazat\/1\/budavari\/120928_bvanri_taban_besz-fenykeppel.pdf\" target=\"_blank\"><strong>Besz\u00e1mol\u00f3<\/strong><\/a><strong><\/strong><\/li>\n<li><a href=\"http:\/\/www.tabanispartacus.hu\/egyesulet\/palyazat\/1\/budavari\/120928_bvanri_taban_eredm2.pdf\" target=\"_blank\"><strong>Eredm\u00e9nyek<\/strong><\/a><\/li>\n<\/ul>\n<p><span style=\"text-decoration: underline;\"><strong>Csiki-hegyek \u00c1ltal\u00e1nos Iskola<\/strong><\/span>, 1118 Budapest, Csiki-hegyek u. 13-15.<\/p>\n<p><strong>2014.I.f\u00e9l\u00e9v<\/strong><\/p>\n<ul>\n<li><a href=\"http:\/\/www.tabanispartacus.hu\/egyesulet\/palyazat\/1\/csiki\/14418_csiki_verseny_v2.pdf\" target=\"_blank\"><strong>Besz\u00e1mol\u00f3<\/strong><\/a><strong><\/strong><\/li>\n<li><a href=\"http:\/\/www.tabanispartacus.hu\/egyesulet\/palyazat\/1\/csiki\/14418_csiki_foldnapja_eredm_v3.pdf\" target=\"_blank\"><strong>Eredm\u00e9nyek<\/strong><\/a><\/li>\n<\/ul>\n<p><span style=\"text-decoration: underline;\"><strong>De\u00e1k Di\u00e1k \u00c1ltal\u00e1nos Iskola<\/strong><\/span>, 1081 Budapest, II. J\u00e1nos P\u00e1l p\u00e1pa t\u00e9r (kor\u00e1bban K\u00f6zt\u00e1rsas\u00e1g t\u00e9r) 4.<\/p>\n<p><strong>2012.II.f\u00e9l\u00e9v<\/strong><\/p>\n<ul>\n<li><a href=\"http:\/\/www.tabanispartacus.hu\/egyesulet\/palyazat\/1\/deak_diak\/deakdiak_besz-jelenleti_120919-21.pdf\" target=\"_blank\"><strong>Besz\u00e1mol\u00f3<\/strong><\/a><strong><\/strong><\/li>\n<li><strong><a href=\"http:\/\/www.tabanispartacus.hu\/egyesulet\/palyazat\/1\/deak_diak\/deakdiak_fenykepek_120919-21.pdf\" target=\"_blank\">F\u00e9nyk\u00e9pek<\/a><\/strong><\/li>\n<li><strong>Mell\u00e9kletek<\/strong>\n<ul>\n<li><a href=\"http:\/\/www.tabanispartacus.hu\/egyesulet\/palyazat\/1\/deak_diak\/mell%e9kletek\/megfigyelesek-tataviz2011.pdf\" target=\"_blank\"><strong>Feladatlap<\/strong><\/a><\/li>\n<li><strong><a href=\"http:\/\/www.tabanispartacus.hu\/egyesulet\/palyazat\/1\/deak_diak\/mell%e9kletek\/tata.pdf\" target=\"_blank\">Ismertet\u0151<\/a><\/strong><\/li>\n<li><a href=\"http:\/\/www.tabanispartacus.hu\/egyesulet\/palyazat\/1\/deak_diak\/mell%e9kletek\/tatatoto.pdf\" target=\"_blank\">TOTO<\/a><\/li>\n<li><a href=\"http:\/\/www.tabanispartacus.hu\/egyesulet\/palyazat\/1\/deak_diak\/mell%e9kletek\/tekergo.pdf\" target=\"_blank\">Feladat<\/a><\/li>\n<\/ul>\n<\/li>\n<\/ul>\n<p><span style=\"text-decoration: underline;\"><strong>Grassalkovich Antal \u00c1ltal\u00e1nos Iskola (Falusi \u00c1ltal\u00e1nos Iskola)<\/strong><\/span>, Vecs\u00e9s, F\u0151 \u00fat 90-92.<\/p>\n<p><strong>2012.II.f\u00e9l\u00e9v<\/strong><\/p>\n<ul>\n<li><a href=\"http:\/\/www.tabanispartacus.hu\/egyesulet\/palyazat\/1\/vecses\/121012_vecses_besz-jelenl-foto.pdf\" target=\"_blank\"><strong>Besz\u00e1mol\u00f3<\/strong><\/a><\/li>\n<\/ul>\n<p><span style=\"text-decoration: underline;\"><strong>Farkasr\u00e9ti \u00c1ltal\u00e1nos Iskola<\/strong><\/span>, 1112 Budapest, \u00c9rdi \u00fat 2.<\/p>\n<p><strong>2014.I.f\u00e9l\u00e9v<\/strong><\/p>\n<ul>\n<li><a href=\"http:\/\/www.tabanispartacus.hu\/egyesulet\/palyazat\/1\/farkasreti\/140217-22farkasret_sitabor2.pdf\" target=\"_blank\"><strong>Besz\u00e1mol\u00f3<\/strong><\/a><\/li>\n<\/ul>\n<p><span style=\"text-decoration: underline;\"><strong>Lisznyai \u00c1ltal\u00e1nos Iskola<\/strong><\/span>, 1016 Budapest, Lisznyai u. 40-42.<\/p>\n<p><strong>2014.I.f\u00e9l\u00e9v<\/strong><\/p>\n<ul>\n<li><a href=\"http:\/\/www.tabanispartacus.hu\/egyesulet\/palyazat\/1\/lisznyai\/140611lisznyai_verseny.pdf\" target=\"_blank\"><strong>Besz\u00e1mol\u00f3<\/strong><\/a><strong><\/strong><\/li>\n<li><strong><a href=\"http:\/\/www.tabanispartacus.hu\/egyesulet\/palyazat\/1\/lisznyai\/140611_lisznyai_verseny_eredmeny.pdf\" target=\"_blank\">F\u00e9nyk\u00e9pek<\/a><\/strong><\/li>\n<\/ul>\n<p><span style=\"text-decoration: underline;\"><strong>Naphegyi \u00d3voda<\/strong><\/span>, 1016 Budapest, Ny\u00e1rs u. 2-4.<\/p>\n<p><strong>2014.I.f\u00e9l\u00e9v<\/strong><\/p>\n<ul>\n<li><a href=\"http:\/\/www.tabanispartacus.hu\/egyesulet\/palyazat\/1\/naphegyovoda\/140224naphegy-ovoda.pdf\" target=\"_blank\"><strong>Besz\u00e1mol\u00f3<\/strong><\/a><\/li>\n<\/ul>\n<p><span style=\"text-decoration: underline;\"><strong>\u00d3budai Waldorf Iskola<\/strong><\/span>, 1037 Budapest, B\u00e9csi \u00fat 375.<\/p>\n<p><strong>2013.II.f\u00e9l\u00e9v-2014.I.f\u00e9l\u00e9v<\/strong><\/p>\n<ul>\n<li><a href=\"http:\/\/www.tabanispartacus.hu\/egyesulet\/palyazat\/1\/waldorf\/2013-14waldorf_tehetsegg_v2.pdf\" target=\"_blank\"><strong>Besz\u00e1mol\u00f3<\/strong><\/a><\/li>\n<\/ul>\n<p><span style=\"text-decoration: underline;\"><strong>Szinyei Merse P\u00e1l Gimn\u00e1zium<\/strong><\/span>, 1063 Budapest, Szinyei Merse u. 7.<\/p>\n<p><strong>2014.I.f\u00e9l\u00e9v<\/strong><\/p>\n<ul>\n<li><a href=\"http:\/\/www.tabanispartacus.hu\/egyesulet\/palyazat\/1\/szinyei\/140504_szinyei_besz-sitabor_140110-17.pdf\" target=\"_blank\"><strong>Besz\u00e1mol\u00f3<\/strong><\/a><\/li>\n<\/ul>\n<p><span style=\"text-decoration: underline;\"><strong>T\u00f6r\u00f6kugrat\u00f3 \u00c1ltal\u00e1nos Iskola<\/strong><\/span>, 1118 Budapest, T\u00f6r\u00f6kugrat\u00f3 u. 15.<\/p>\n<ul>\n<li><strong>2014.I.f\u00e9l\u00e9v<\/strong>\n<ul>\n<li><a href=\"http:\/\/www.tabanispartacus.hu\/egyesulet\/palyazat\/1\/torok\/140418_torok_verseny_v3.pdf\" target=\"_blank\"><strong>Besz\u00e1mol\u00f3<\/strong><\/a><strong><\/strong><\/li>\n<li><a href=\"http:\/\/www.tabanispartacus.hu\/egyesulet\/palyazat\/1\/torok\/140418_torok_foldnapja_eredm_v3.pdf\" target=\"_blank\"><strong>Eredm\u00e9nyek<\/strong><\/a><\/li>\n<\/ul>\n<\/li>\n<\/ul>\n<p><span style=\"text-decoration: underline;\"><strong>V\u00e1ci Utcai \u00c9nek-Zenei \u00c1ltal\u00e1nos Iskola<\/strong><\/span>, 1053 Budapest, V\u00e1ci u. 53.<\/p>\n<p><strong>2013.II.f\u00e9l\u00e9v<\/strong><\/p>\n<ul>\n<li><a href=\"http:\/\/www.tabanispartacus.hu\/egyesulet\/palyazat\/1\/vaci\/130925vanci-msziget_beszanmolon_v4.pdf\" target=\"_blank\"><strong>Besz\u00e1mol\u00f3<\/strong><\/a><strong><\/strong><\/li>\n<li><a href=\"http:\/\/www.tabanispartacus.hu\/egyesulet\/palyazat\/1\/vaci\/130925vanci-msziget_resztvevok_v3.pdf\" target=\"_blank\"><strong>N\u00e9vsor<\/strong><\/a><\/li>\n<li><a href=\"http:\/\/www.tabanispartacus.hu\/egyesulet\/palyazat\/1\/vaci\/thumbs.db\" target=\"_blank\"><strong>thumbs.db<\/strong><\/a><\/li>\n<\/ul>\n","protected":false},"excerpt":{"rendered":"<p>A T\u00e1rsadalmi Meg\u00fajul\u00e1s Operat\u00edv Program (T\u00c1MOP) 3.2.11\/10\/1\/KMR sz\u00e1m\u00fa Nevel\u00e9si-oktat\u00e1si int\u00e9zm\u00e9nyek tan\u00f3rai, tan\u00f3r\u00e1n k\u00edv\u00fcli \u00e9s szabadid\u0151s tev\u00e9kenys\u00e9geinek t\u00e1mogat\u00e1sa c\u00edm\u0171 p\u00e1ly\u00e1zati felh\u00edv\u00e1s\u00e1ra beny\u00fajtott &#8220;Sport, Term\u00e9szet, Eg\u00e9szs\u00e9g&#8221; c\u00edm\u0171 p\u00e1ly\u00e1zat megval\u00f3s\u00edt\u00e1sa. A p\u00e1ly\u00e1zatban r\u00e9sztvev\u0151 oktat\u00e1si int\u00e9zm\u00e9nyek: Az 1. fenntart\u00e1si \u00e9v (2012. 04. 16 &#8211; 2014. 08. 31.) esem\u00e9nyei iskol\u00e1nk\u00e9nt \u00c1rp\u00e1d Gimn\u00e1zium, 1034 Budapest, Nagyszombat u. 19. 2014.I.f\u00e9l\u00e9v N\u00e9vsor Besz\u00e1mol\u00f3 &hellip; <a href=\"https:\/\/www.tabanispartacus.hu\/tajfuto\/wordpress\/?page_id=2821\" class=\"more-link\"><span class=\"screen-reader-text\">1. fenntart\u00e1si \u00e9v<\/span> olvas\u00e1s\u00e1nak folytat\u00e1sa <span class=\"meta-nav\">&rarr;<\/span><\/a><\/p>\n","protected":false},"author":1,"featured_media":0,"parent":0,"menu_order":0,"comment_status":"closed","ping_status":"closed","template":"","meta":{"ngg_post_thumbnail":0},"_links":{"self":[{"href":"https:\/\/www.tabanispartacus.hu\/tajfuto\/wordpress\/index.php?rest_route=\/wp\/v2\/pages\/2821"}],"collection":[{"href":"https:\/\/www.tabanispartacus.hu\/tajfuto\/wordpress\/index.php?rest_route=\/wp\/v2\/pages"}],"about":[{"href":"https:\/\/www.tabanispartacus.hu\/tajfuto\/wordpress\/index.php?rest_route=\/wp\/v2\/types\/page"}],"author":[{"embeddable":true,"href":"https:\/\/www.tabanispartacus.hu\/tajfuto\/wordpress\/index.php?rest_route=\/wp\/v2\/users\/1"}],"replies":[{"embeddable":true,"href":"https:\/\/www.tabanispartacus.hu\/tajfuto\/wordpress\/index.php?rest_route=%2Fwp%2Fv2%2Fcomments&post=2821"}],"version-history":[{"count":7,"href":"https:\/\/www.tabanispartacus.hu\/tajfuto\/wordpress\/index.php?rest_route=\/wp\/v2\/pages\/2821\/revisions"}],"predecessor-version":[{"id":2827,"href":"https:\/\/www.tabanispartacus.hu\/tajfuto\/wordpress\/index.php?rest_route=\/wp\/v2\/pages\/2821\/revisions\/2827"}],"wp:attachment":[{"href":"https:\/\/www.tabanispartacus.hu\/tajfuto\/wordpress\/index.php?rest_route=%2Fwp%2Fv2%2Fmedia&parent=2821"}],"curies":[{"name":"wp","href":"https:\/\/api.w.org\/{rel}","templated":true}]}}