{"id":2698,"date":"2016-01-23T18:59:26","date_gmt":"2016-01-23T17:59:26","guid":{"rendered":"http:\/\/www.tabanispartacus.hu\/tajfuto\/wordpress\/?page_id=2698"},"modified":"2016-11-08T12:08:59","modified_gmt":"2016-11-08T11:08:59","slug":"orienteering-events-2016","status":"publish","type":"page","link":"https:\/\/www.tabanispartacus.hu\/tajfuto\/wordpress\/?page_id=2698","title":{"rendered":"Competitions 2016"},"content":{"rendered":"<p><a href=\"http:\/\/www.tabanispartacus.hu\/tajfuto\/wordpress\/?page_id=2615\"><img loading=\"lazy\" src=\"http:\/\/www.tabanispartacus.hu\/tajfuto\/2016\/tavaszi\/elem\/z_hun.gif\" alt=\"\" width=\"80\" height=\"50\" align=\"right\" \/><\/a><\/p>\n<table>\n<tbody>\n<tr>\n<td style=\"font-size: 75%;\"><strong><a href=\"#dobogokoi\">XXI. Mountain Running of Dobog\u00f3k\u0151<\/a><\/strong><\/td>\n<td style=\"font-size: 75%;\">19 November 2016., Dobog\u00f3k\u0151, Pilis\u2013Visegr\u00e1d Hills<\/td>\n<\/tr>\n<tr>\n<td style=\"font-size: 75%;\"><strong><a href=\"#oszi\">64th Autumn Spartacus Cup<\/a><\/strong><\/td>\n<td style=\"font-size: 75%;\">05-06 November 2016., G\u00e1nt, V\u00e9rtes<\/td>\n<\/tr>\n<tr>\n<td style=\"font-size: 75%;\"><strong><a href=\"#ob\">Open Hungarian Classic Distance Championships<\/a><\/strong><\/td>\n<td style=\"font-size: 75%;\">16 October 2016., Cs\u00e1kber\u00e9ny, V\u00e9rtes<\/td>\n<\/tr>\n<tr>\n<td style=\"font-size: 75%;\"><strong><a href=\"#ob\">Open Hungarian Club-Relay Championships<\/a><\/strong><\/td>\n<td style=\"font-size: 75%;\">15 October 2016., Cs\u00e1kber\u00e9ny, V\u00e9rtes<\/td>\n<\/tr>\n<tr>\n<td style=\"font-size: 75%;\"><strong><a href=\"#tavaszi\">53rd Spring Spartacus Cup<\/a><\/strong><\/td>\n<td style=\"font-size: 75%;\">19\u201320 March 2016., Cs\u00e1kber\u00e9ny &#8211; Horog-valley, V\u00e9rtes<\/td>\n<\/tr>\n<\/tbody>\n<\/table>\n<p>&nbsp;<\/p>\n<p><strong id=\"oszi\">64th AUTUMN SPARTACUS CUP<\/strong><br \/>\n<em>2016. 11. 05-06., <em>G\u00e1nt, B\u00e1nyatelep, V\u00e9rtes hg.<\/em><\/em><\/p>\n<ul>\n<li><a href=\"http:\/\/www.tabanispartacus.hu\/tajfuto\/2016\/oszi\/2016_osp_kiiras_en_v4.pdf\">Invitation<\/a><\/li>\n<li><a href=\"http:\/\/www.tabanispartacus.hu\/tajfuto\/2016\/oszi\/16-oszi-ert-en_v6.pdf\">Information<\/a><\/li>\n<li>Start list <a href=\"http:\/\/www.tabanispartacus.hu\/tajfuto\/2016\/oszi\/ospari_rajtlista_v.html\">classes<\/a><\/li>\n<li>Start list <a href=\"http:\/\/www.tabanispartacus.hu\/tajfuto\/2016\/oszi\/ospari_klublista_v.html\">clubs<\/a><\/li>\n<li>1.day\u00a0<a href=\"http:\/\/www.tabanispartacus.hu\/tajfuto\/2016\/oszi\/ospari16_1nap.html\">Results<\/a><\/li>\n<li><a href=\"http:\/\/www.tabanispartacus.hu\/tajfuto\/2016\/oszi\/ospari16_1nap_si.html\">Split time results<\/a><\/li>\n<li><a href=\"http:\/\/www.tabanispartacus.hu\/tajfuto\/2016\/oszi\/ospari16_1nap_si_kiterjesztett.html\">Split time results (extended)<\/a><\/li>\n<li><a href=\"http:\/\/www.tabanispartacus.hu\/tajfuto\/wordpress\/wp-content\/uploads\/2016\/11\/2016_oszi_labirintus_1.html\">Labyrinth cup results (1)<\/a><\/li>\n<li><a href=\"http:\/\/www.tabanispartacus.hu\/tajfuto\/wordpress\/wp-content\/uploads\/2016\/11\/2016_oszi_labirintus_2.html\">Labyrinth cup results (2)<\/a><\/li>\n<li><a href=\"http:\/\/www.tabanispartacus.hu\/tajfuto\/wordpress\/wp-content\/uploads\/2016\/11\/2016_spa_labirintus_kupa.html\">Labyrinth cup final results<\/a><\/li>\n<li>2.day <a href=\"http:\/\/www.tabanispartacus.hu\/tajfuto\/2016\/oszi\/ospari16_2nap.html\">Results<\/a><\/li>\n<li><a href=\"http:\/\/www.tabanispartacus.hu\/tajfuto\/2016\/oszi\/ospari16_2nap_si.html\">Split time results<\/a><\/li>\n<li><a href=\"http:\/\/www.tabanispartacus.hu\/tajfuto\/2016\/oszi\/ospari16_2nap_si_kiterjesztett.html\">Split time results (extended)<\/a><\/li>\n<li><a href=\"http:\/\/www.tabanispartacus.hu\/tajfuto\/2016\/oszi\/ospari16_osszetett.html\">Final results<\/a><\/li>\n<\/ul>\n<p><strong id=\"ob\" style=\"font-size: 16px;\">Open Hungarian Club-Relay Championships (OEVB)<\/strong><br \/>\n<strong id=\"ob\" style=\"font-size: 16px;\">Open Hungarian Classic Distance Championships (ONEB)<\/strong><br \/>\n<em>2016. 10. 15-16., <em>Cs\u00e1kber\u00e9ny, V\u00e9rtes<\/em><\/em><\/p>\n<ul>\n<li><a href=\"http:\/\/www.tabanispartacus.hu\/tajfuto\/2016\/oneb_oevb\/ONEB_OEVB_english_final_j.pdf\">Invitation<\/a><\/li>\n<li><a href=\"http:\/\/www.tabanispartacus.hu\/tajfuto\/2016\/oneb_oevb\/csakbereny_tajfutox.jpg\">Old map<\/a><\/li>\n<li><a href=\"http:\/\/www.tabanispartacus.hu\/tajfuto\/wordpress\/wp-content\/uploads\/2016\/10\/\u00c9rtes\u00edt\u0151_2016_ONEB_OEVB2.pdf\">Information<\/a><\/li>\n<li>ONEB\u00a0<a href=\"http:\/\/www.tabanispartacus.hu\/tajfuto\/2016\/oneb_oevb\/rajtlista_klub_v2.html\">Start list (by club)<\/a><\/li>\n<li>ONEB\u00a0<a href=\"http:\/\/www.tabanispartacus.hu\/tajfuto\/2016\/oneb_oevb\/oneb_rajtlista.pdf\">Start list (by class)<\/a><\/li>\n<li>OEVB\u00a0<a href=\"http:\/\/www.tabanispartacus.hu\/tajfuto\/wordpress\/wp-content\/uploads\/2016\/10\/oevb_eredmeny.html\" target=\"_blank\">Results<\/a>\u00a0(<a href=\"http:\/\/www.tabanispartacus.hu\/tajfuto\/wordpress\/wp-content\/uploads\/2016\/10\/oevb_si_eredmeny.html\" target=\"_blank\">Split time results<\/a>)<\/li>\n<li>OEVB open\u00a0<a href=\"http:\/\/www.tabanispartacus.hu\/tajfuto\/wordpress\/wp-content\/uploads\/2016\/10\/oevb_nyilt_eredmeny.html\" target=\"_blank\">Results<\/a>\u00a0(<a href=\"http:\/\/www.tabanispartacus.hu\/tajfuto\/wordpress\/wp-content\/uploads\/2016\/10\/oevb_nyilt_si_eredmeny.html\" target=\"_blank\">Split time results<\/a>)<\/li>\n<li>ONEB\u00a0<a href=\"http:\/\/www.tabanispartacus.hu\/tajfuto\/wordpress\/wp-content\/uploads\/2016\/11\/oneb_eredmeny.html\">Results<\/a>\u00a0(<a href=\"http:\/\/www.tabanispartacus.hu\/tajfuto\/wordpress\/wp-content\/uploads\/2016\/11\/oneb_si_eredmeny.html\">Split time results<\/a>)<\/li>\n<\/ul>\n<p><strong id=\"tavaszi\" style=\"font-size: 16px;\">53rd Spring Spartacus Cup<\/strong><\/p>\n<p><em>19\u201320 March 2016., <em>Cs\u00e1kber\u00e9ny E, V\u00e9rtes-Hills<\/em><\/em><\/p>\n<ul>\n<li><strong><a title=\"INVITATION \u2013 SPRING SPARTACUS CUP\" href=\"http:\/\/www.tabanispartacus.hu\/tajfuto\/2016\/tavaszi\/16tspk_en_kiiras_151210j2.pdf\">Invitation<\/a><\/strong><\/li>\n<li><strong><a href=\"http:\/\/www.tabanispartacus.hu\/tajfuto\/2016\/tavaszi\/2-TSpKErtesito16-7_en.pdf\" target=\"_blank\">Information<\/a><\/strong><\/li>\n<li><strong><a href=\"http:\/\/www.tabanispartacus.hu\/tajfuto\/2016\/tavaszi\/palyaadatok_j_en.pdf\" target=\"_blank\">Course lengths<\/a><\/strong><\/li>\n<li><a href=\"\/tajfuto\/2016\/tavaszi\/tspari16_12.pdf\" target=\"_blank\"><strong>Startlist as category<\/strong><\/a><\/li>\n<li><strong><a href=\"\/tajfuto\/2016\/tavaszi\/tspari16_klub.pdf\" target=\"_blank\">Startlist as clubs<\/a><\/strong><\/li>\n<li><strong><a href=\"http:\/\/www.tabanispartacus.hu\/tajfuto\/2016\/tavaszi\/1nap.html\">Results (day 1)<\/a><\/strong><\/li>\n<li><strong><a href=\"http:\/\/www.tabanispartacus.hu\/tajfuto\/2016\/tavaszi\/1nap_si.html\">Split time results (day 1)<\/a><\/strong><\/li>\n<li><strong><a href=\"http:\/\/www.tabanispartacus.hu\/tajfuto\/2016\/tavaszi\/bp_kozeptav.html\">Budapest Open Middle Distance Championship results<\/a><\/strong><\/li>\n<li><strong><a href=\"http:\/\/www.tabanispartacus.hu\/tajfuto\/2016\/tavaszi\/rajtlista_2nap.html\">Start list (chasing start) (day 2)<\/a><\/strong><\/li>\n<li><strong><a href=\"http:\/\/www.tabanispartacus.hu\/tajfuto\/2016\/tavaszi\/2nap.html\">Results (day 2)<\/a><\/strong><\/li>\n<li><strong><a href=\"http:\/\/www.tabanispartacus.hu\/tajfuto\/2016\/tavaszi\/2nap_si.html\">Split time results (day 2)<\/a><\/strong><\/li>\n<li><strong><a href=\"http:\/\/www.tabanispartacus.hu\/tajfuto\/2016\/tavaszi\/bp_normaltav.html\">Budapest Open Long Distance Championship results<\/a><\/strong><\/li>\n<li><strong><a href=\"http:\/\/www.tabanispartacus.hu\/tajfuto\/2016\/tavaszi\/osszetett.html\">Final Results<\/a><\/strong><\/li>\n<li><a href=\"\/tajfuto\/2016\/tavaszi\/53_tavaszi_labirintus.html\" target=\"_blank\"><strong>Labyrinth results<\/strong><\/a><\/li>\n<\/ul>\n","protected":false},"excerpt":{"rendered":"<p>XXI. Mountain Running of Dobog\u00f3k\u0151 19 November 2016., Dobog\u00f3k\u0151, Pilis\u2013Visegr\u00e1d Hills 64th Autumn Spartacus Cup 05-06 November 2016., G\u00e1nt, V\u00e9rtes Open Hungarian Classic Distance Championships 16 October 2016., Cs\u00e1kber\u00e9ny, V\u00e9rtes Open Hungarian Club-Relay Championships 15 October 2016., Cs\u00e1kber\u00e9ny, V\u00e9rtes 53rd Spring Spartacus Cup 19\u201320 March 2016., Cs\u00e1kber\u00e9ny &#8211; Horog-valley, V\u00e9rtes &nbsp; 64th AUTUMN SPARTACUS CUP &hellip; <a href=\"https:\/\/www.tabanispartacus.hu\/tajfuto\/wordpress\/?page_id=2698\" class=\"more-link\"><span class=\"screen-reader-text\">Competitions 2016<\/span> olvas\u00e1s\u00e1nak folytat\u00e1sa <span class=\"meta-nav\">&rarr;<\/span><\/a><\/p>\n","protected":false},"author":1,"featured_media":0,"parent":0,"menu_order":0,"comment_status":"closed","ping_status":"closed","template":"","meta":{"ngg_post_thumbnail":0},"_links":{"self":[{"href":"https:\/\/www.tabanispartacus.hu\/tajfuto\/wordpress\/index.php?rest_route=\/wp\/v2\/pages\/2698"}],"collection":[{"href":"https:\/\/www.tabanispartacus.hu\/tajfuto\/wordpress\/index.php?rest_route=\/wp\/v2\/pages"}],"about":[{"href":"https:\/\/www.tabanispartacus.hu\/tajfuto\/wordpress\/index.php?rest_route=\/wp\/v2\/types\/page"}],"author":[{"embeddable":true,"href":"https:\/\/www.tabanispartacus.hu\/tajfuto\/wordpress\/index.php?rest_route=\/wp\/v2\/users\/1"}],"replies":[{"embeddable":true,"href":"https:\/\/www.tabanispartacus.hu\/tajfuto\/wordpress\/index.php?rest_route=%2Fwp%2Fv2%2Fcomments&post=2698"}],"version-history":[{"count":59,"href":"https:\/\/www.tabanispartacus.hu\/tajfuto\/wordpress\/index.php?rest_route=\/wp\/v2\/pages\/2698\/revisions"}],"predecessor-version":[{"id":2703,"href":"https:\/\/www.tabanispartacus.hu\/tajfuto\/wordpress\/index.php?rest_route=\/wp\/v2\/pages\/2698\/revisions\/2703"}],"wp:attachment":[{"href":"https:\/\/www.tabanispartacus.hu\/tajfuto\/wordpress\/index.php?rest_route=%2Fwp%2Fv2%2Fmedia&parent=2698"}],"curies":[{"name":"wp","href":"https:\/\/api.w.org\/{rel}","templated":true}]}}