{"id":263,"date":"2012-07-12T11:30:21","date_gmt":"2012-07-12T09:30:21","guid":{"rendered":"http:\/\/tabanispartacus.wordpress.com\/?page_id=263"},"modified":"2012-07-12T11:30:21","modified_gmt":"2012-07-12T09:30:21","slug":"eredmenyeink-1995-ben","status":"publish","type":"page","link":"https:\/\/www.tabanispartacus.hu\/tajfuto\/wordpress\/?page_id=263","title":{"rendered":"Eredm\u00e9nyeink 1995-ben"},"content":{"rendered":"<p><strong>1995<\/strong><\/p>\n<table>\n<tbody>\n<tr>\n<td colspan=\"3\"><strong>Orsz\u00e1gos Egy\u00e9ni Bajnoks\u00e1g (1995. 10. 14., Dejt\u00e1r)<\/strong><\/td>\n<\/tr>\n<tr>\n<td>F20 (25 indul\u00f3, 14,23 km \/ 29 ep)<\/td>\n<td><\/td>\n<td><\/td>\n<\/tr>\n<tr>\n<td>(1. Moln\u00e1r R\u00f3bert<\/td>\n<td>ARA<\/td>\n<td>77:20)<\/td>\n<\/tr>\n<tr>\n<td>5. \u00dajh\u00e1zy Kolos<\/td>\n<td>SPA<\/td>\n<td>86:33:00<\/td>\n<\/tr>\n<tr>\n<td>\u2013 Vass Zolt\u00e1n<\/td>\n<td>SPA<\/td>\n<td>disq<\/td>\n<\/tr>\n<tr>\n<td><\/td>\n<td><\/td>\n<td><\/td>\n<\/tr>\n<tr>\n<td>F14 (29 indul\u00f3, 5,88 km \/ 15 ep)<\/td>\n<td><\/td>\n<td><\/td>\n<\/tr>\n<tr>\n<td>(1. Sprok Bence<\/td>\n<td>OSC<\/td>\n<td>34:39)<\/td>\n<\/tr>\n<tr>\n<td>10. Sz\u0171cs Levente<\/td>\n<td>SPA<\/td>\n<td>43:02:00<\/td>\n<\/tr>\n<tr>\n<td><\/td>\n<td><\/td>\n<td><\/td>\n<\/tr>\n<tr>\n<td>N18 (27 indul\u00f3, 7,2 km \/ 20 ep)<\/td>\n<td><\/td>\n<td><\/td>\n<\/tr>\n<tr>\n<td>(1. Tokaji M\u00f3nika<\/td>\n<td>HRF<\/td>\n<td>50:59)<\/td>\n<\/tr>\n<tr>\n<td>7. Szuromi M\u00e1rta<\/td>\n<td>SPA<\/td>\n<td>58:10:00<\/td>\n<\/tr>\n<tr>\n<td>16. Gyalog Zsuzsanna<\/td>\n<td>SPA<\/td>\n<td>64:09:00<\/td>\n<\/tr>\n<tr>\n<td>17. Prinzhausen Judit<\/td>\n<td>SPA<\/td>\n<td>64:32:00<\/td>\n<\/tr>\n<tr>\n<td><\/td>\n<td><\/td>\n<td><\/td>\n<\/tr>\n<tr>\n<td>N16 (23 indul\u00f3, 5,7 km \/ 15 ep)<\/td>\n<td><\/td>\n<td><\/td>\n<\/tr>\n<tr>\n<td>(1. Hecz Katalin<\/td>\n<td>MKG<\/td>\n<td>39:43)<\/td>\n<\/tr>\n<tr>\n<td>9. Makrai \u00c9va<\/td>\n<td>SPA<\/td>\n<td>54:08:00<\/td>\n<\/tr>\n<tr>\n<td>20. \u00c9zsi\u00e1s Katalin<\/td>\n<td>SPA<\/td>\n<td>71:49:00<\/td>\n<\/tr>\n<tr>\n<td><\/td>\n<td><\/td>\n<td><\/td>\n<\/tr>\n<tr>\n<td colspan=\"3\"><strong>Orsz\u00e1gos Szenior Nappali Egy\u00e9ni Bajnoks\u00e1g (1995. 09. 23., Nagyk\u00e1ll\u00f3)<\/strong><\/td>\n<\/tr>\n<tr>\n<td>F45 (1. Boros Zolt\u00e1n<\/td>\n<td>ESP<\/td>\n<td>65,87)<\/td>\n<\/tr>\n<tr>\n<td>14. Gyalog L\u00e1szl\u00f3<\/td>\n<td>SPA<\/td>\n<td>85,72<\/td>\n<\/tr>\n<tr>\n<td>22. Sz\u0171cs B. Levente<\/td>\n<td>SPA<\/td>\n<td>94,48<\/td>\n<\/tr>\n<tr>\n<td><\/td>\n<td><\/td>\n<td><\/td>\n<\/tr>\n<tr>\n<td>F50<\/td>\n<td><\/td>\n<td><\/td>\n<\/tr>\n<tr>\n<td><strong>1. Boz\u00e1n Gy\u00f6rgy<\/strong><\/td>\n<td><strong>Tab\u00e1ni Spartacus SKE<\/strong><\/td>\n<td><strong>63,53<\/strong><\/td>\n<\/tr>\n<tr>\n<td>9. Tarj\u00e1ni Tibor<\/td>\n<td>SPA<\/td>\n<td>81,48<\/td>\n<\/tr>\n<tr>\n<td><\/td>\n<td><\/td>\n<td><\/td>\n<\/tr>\n<tr>\n<td>F55 (1. P\u00e1hy Tibor<\/td>\n<td>ARA<\/td>\n<td>66,88)<\/td>\n<\/tr>\n<tr>\n<td>17. Pataki Zsolt<\/td>\n<td>SPA<\/td>\n<td>107,40<\/td>\n<\/tr>\n<tr>\n<td>19. \u00d3hegyi Albin<\/td>\n<td>SPA<\/td>\n<td>125,88<\/td>\n<\/tr>\n<tr>\n<td><\/td>\n<td><\/td>\n<td><\/td>\n<\/tr>\n<tr>\n<td>F60 (1. Szebeli Istv\u00e1n<\/td>\n<td>SSC<\/td>\n<td>53,42)<\/td>\n<\/tr>\n<tr>\n<td>10. Csurg\u00f3 Mih\u00e1ly<\/td>\n<td>SPA<\/td>\n<td>78,03<\/td>\n<\/tr>\n<tr>\n<td><\/td>\n<td><\/td>\n<td><\/td>\n<\/tr>\n<tr>\n<td colspan=\"3\"><strong>Orsz\u00e1gos \u00c9jszakai Bajnoks\u00e1g (1995. 06. 10., Zalaegerszeg)<\/strong><\/td>\n<\/tr>\n<tr>\n<td>F21 (27 indul\u00f3) (1. Pavlovics G\u00e1bor, PVS<\/td>\n<td>71:00)<\/td>\n<td><\/td>\n<\/tr>\n<tr>\n<td>20. Kemenczky Jen\u0151<\/td>\n<td>SPA<\/td>\n<td>97:26:00<\/td>\n<\/tr>\n<tr>\n<td><\/td>\n<td><\/td>\n<td><\/td>\n<\/tr>\n<tr>\n<td colspan=\"3\"><strong>I. Szenior Orsz\u00e1gos \u00c9jszakai Bajnoks\u00e1g (1995. 07. 07., P\u00e9cel,<\/strong><\/td>\n<\/tr>\n<tr>\n<td colspan=\"3\"><strong>\u00c9jszakai Vil\u00e1gverseny 1. nap)<\/strong><\/td>\n<\/tr>\n<tr>\n<td>F45 (1. Korb\u00e9ly Tibor<\/td>\n<td>PSE<\/td>\n<td>76,25)<\/td>\n<\/tr>\n<tr>\n<td>6. Sz\u0171cs B. Levente<\/td>\n<td>SPA<\/td>\n<td>91,25<\/td>\n<\/tr>\n<tr>\n<td><\/td>\n<td><\/td>\n<td><\/td>\n<\/tr>\n<tr>\n<td>F55 (1. Argay Gyula<\/td>\n<td>BEA<\/td>\n<td>77,18)<\/td>\n<\/tr>\n<tr>\n<td>7. \u00d3hegyi Albin<\/td>\n<td>SPA<\/td>\n<td>126,58<\/td>\n<\/tr>\n<tr>\n<td>\u2013 Pataki Zsolt<\/td>\n<td>SPA<\/td>\n<td>hiba<\/td>\n<\/tr>\n<tr>\n<td><\/td>\n<td><\/td>\n<td><\/td>\n<\/tr>\n<tr>\n<td>F60 (1. Dud\u00e1s Istv\u00e1n<\/td>\n<td>OSC<\/td>\n<td>73,40)<\/td>\n<\/tr>\n<tr>\n<td>7. Csurg\u00f3 Mih\u00e1ly<\/td>\n<td>SPA<\/td>\n<td>138,08<\/td>\n<\/tr>\n<tr>\n<td><\/td>\n<td><\/td>\n<td><\/td>\n<\/tr>\n<tr>\n<td colspan=\"3\"><strong>Orsz\u00e1gos Hossz\u00fat\u00e1v\u00fa Bajnoks\u00e1g (1995. 04. 08,, Velem)<\/strong><\/td>\n<\/tr>\n<tr>\n<td>F20 (27 indul\u00f3) (1. Vajda Kolos<\/td>\n<td>SMA<\/td>\n<td>117,20)<\/td>\n<\/tr>\n<tr>\n<td><strong>2. \u00dajh\u00e1zy Kolos<\/strong><\/td>\n<td><strong>SPA<\/strong><\/td>\n<td><strong>123,80<\/strong><\/td>\n<\/tr>\n<tr>\n<td><\/td>\n<td><\/td>\n<td><\/td>\n<\/tr>\n<tr>\n<td>N20 (15 indul\u00f3) 1. Lubinszki M\u00e1ria, DTC<\/td>\n<td>91,80)<\/td>\n<td><\/td>\n<\/tr>\n<tr>\n<td>8. Lux Andrea<\/td>\n<td>SPA<\/td>\n<td>113,13<\/td>\n<\/tr>\n<tr>\n<td><\/td>\n<td><\/td>\n<td><\/td>\n<\/tr>\n<tr>\n<td>N18 (27 indul\u00f3) (1. Heged\u0171s Kl\u00e1ri, OSC<\/td>\n<td>98,36)<\/td>\n<td><\/td>\n<\/tr>\n<tr>\n<td>7. Makrai \u00c9va<\/td>\n<td>SPA<\/td>\n<td>105,28<\/td>\n<\/tr>\n<tr>\n<td>8. Gyalog Zsuzsanna<\/td>\n<td>SPA<\/td>\n<td>106,03<\/td>\n<\/tr>\n<tr>\n<td>9. Szuromi M\u00e1rta<\/td>\n<td>SPA<\/td>\n<td>110,29<\/td>\n<\/tr>\n<tr>\n<td>21. Prinzhausen Judit<\/td>\n<td>SPA<\/td>\n<td>131,91<\/td>\n<\/tr>\n<tr>\n<td><\/td>\n<td><\/td>\n<td><\/td>\n<\/tr>\n<tr>\n<td>F45 (25 indul\u00f3) (1. Heged\u0171s Andr\u00e1s, BEA<\/td>\n<td>88,36)<\/td>\n<td><\/td>\n<\/tr>\n<tr>\n<td>4. Boz\u00e1n Gy\u00f6rgy<\/td>\n<td>SPA<\/td>\n<td>95,73<\/td>\n<\/tr>\n<tr>\n<td>8. Gyalog L\u00e1szl\u00f3<\/td>\n<td>SPA<\/td>\n<td>108,95<\/td>\n<\/tr>\n<tr>\n<td><\/td>\n<td><\/td>\n<td><\/td>\n<\/tr>\n<tr>\n<td colspan=\"3\"><strong>Orsz\u00e1gos R\u00f6vidt\u00e1v\u00fa Bajnoks\u00e1g (1995. 07. 01., Mende)<\/strong><\/td>\n<\/tr>\n<tr>\n<td>F20 (31 indul\u00f3) (1. Farkas D\u00e1vid, SZV<\/td>\n<td>27,82)<\/td>\n<td><\/td>\n<\/tr>\n<tr>\n<td>12. Uhlir P\u00e9ter<\/td>\n<td>SPA<\/td>\n<td>37,57<\/td>\n<\/tr>\n<tr>\n<td>20. Vass Zolt\u00e1n<\/td>\n<td>SPA<\/td>\n<td>51,65<\/td>\n<\/tr>\n<tr>\n<td><\/td>\n<td><\/td>\n<td><\/td>\n<\/tr>\n<tr>\n<td>F14 (30 indul\u00f3) (1. Sprok Bence, OSC<\/td>\n<td>24,90)<\/td>\n<td><\/td>\n<\/tr>\n<tr>\n<td>12. Scult\u00e9ty M\u00e1rton<\/td>\n<td>SPA<\/td>\n<td>34,75<\/td>\n<\/tr>\n<tr>\n<td>14. Szentkir\u00e1lyi Mikl\u00f3s<\/td>\n<td>SPA<\/td>\n<td>39,07<\/td>\n<\/tr>\n<tr>\n<td><\/td>\n<td><\/td>\n<td><\/td>\n<\/tr>\n<tr>\n<td>N20 (26 indul\u00f3)<\/td>\n<td><\/td>\n<td><\/td>\n<\/tr>\n<tr>\n<td><strong>1. Lux Andrea<\/strong><\/td>\n<td><strong>Tab\u00e1ni Spartacus SKE<\/strong><\/td>\n<td><strong>31,83<\/strong><\/td>\n<\/tr>\n<tr>\n<td><\/td>\n<td><\/td>\n<td><\/td>\n<\/tr>\n<tr>\n<td>N18 (28 indul\u00f3) (1. J\u00f3zsa Dorottya, MOM<\/td>\n<td>27,95)<\/td>\n<td><\/td>\n<\/tr>\n<tr>\n<td>5. Gyalog Zsuzsanna<\/td>\n<td>SPA<\/td>\n<td>35,50<\/td>\n<\/tr>\n<tr>\n<td>15. Prinzhausen Judit<\/td>\n<td>SPA<\/td>\n<td>41,55<\/td>\n<\/tr>\n<tr>\n<td><\/td>\n<td><\/td>\n<td><\/td>\n<\/tr>\n<tr>\n<td>N16 (23 indul\u00f3) (1. Zsebeh\u00e1zi Eszter, MOM<\/td>\n<td>17,75)<\/td>\n<td><\/td>\n<\/tr>\n<tr>\n<td>2. Makrai \u00c9va<\/td>\n<td>Tab\u00e1ni Spartacus SKE<\/td>\n<td>18,12<\/td>\n<\/tr>\n<tr>\n<td>19. \u00c9zsi\u00e1s Katalin<\/td>\n<td>SPA<\/td>\n<td>36,73<\/td>\n<\/tr>\n<tr>\n<td><\/td>\n<td><\/td>\n<td><\/td>\n<\/tr>\n<tr>\n<td colspan=\"3\"><strong>I. Veter\u00e1n R\u00f6vidt\u00e1v\u00fa Bajnoks\u00e1g (1995. 10. 14., Dejt\u00e1r)<\/strong><\/td>\n<\/tr>\n<tr>\n<td>F45 (1. Sindely P\u00e1l dr.<\/td>\n<td>SZV<\/td>\n<td>24:17)<\/td>\n<\/tr>\n<tr>\n<td>21. Sz\u0171cs B. Levente<\/td>\n<td>SPA<\/td>\n<td>42:39:00<\/td>\n<\/tr>\n<tr>\n<td><\/td>\n<td><\/td>\n<td><\/td>\n<\/tr>\n<tr>\n<td>F50 (1. Jelinek Istv\u00e1n<\/td>\n<td>PSE<\/td>\n<td>23:22)<\/td>\n<\/tr>\n<tr>\n<td>9. Boz\u00e1n Gy\u00f6rgy<\/td>\n<td>SPA<\/td>\n<td>29:05:00<\/td>\n<\/tr>\n<tr>\n<td>15. Tarj\u00e1ni Tibor<\/td>\n<td>SPA<\/td>\n<td>34:38:00<\/td>\n<\/tr>\n<tr>\n<td><\/td>\n<td><\/td>\n<td><\/td>\n<\/tr>\n<tr>\n<td>F55 (1. Ny\u00f6g\u00e9ri Imre<\/td>\n<td>FAB<\/td>\n<td>23:08)<\/td>\n<\/tr>\n<tr>\n<td>12. Pataki Zsolt<\/td>\n<td>SPA<\/td>\n<td>34:12:00<\/td>\n<\/tr>\n<tr>\n<td>16. \u00d3hegyi Albin<\/td>\n<td>SPA<\/td>\n<td>46:06:00<\/td>\n<\/tr>\n<tr>\n<td><\/td>\n<td><\/td>\n<td><\/td>\n<\/tr>\n<tr>\n<td colspan=\"3\"><strong>Orsz\u00e1gos Csapatbajnoks\u00e1g (1995. 10. 21., J\u00e1vork\u00fat)<\/strong><\/td>\n<\/tr>\n<tr>\n<td colspan=\"2\">F21 (24 indul\u00f3) (1. SMA [Vajda, Horv\u00e1th, Mesics, D\u00e9nes]<\/td>\n<td>369,83)<\/td>\n<\/tr>\n<tr>\n<td colspan=\"2\">19. SPA (Szombathelyi Bal\u00e1zs, Kemenczky Jen\u0151, Vass Zolt\u00e1n<\/td>\n<td><\/td>\n<\/tr>\n<tr>\n<td colspan=\"2\">Somogyi Zolt\u00e1n)<\/td>\n<td>503,26<\/td>\n<\/tr>\n<tr>\n<td colspan=\"2\"><\/td>\n<td><\/td>\n<\/tr>\n<tr>\n<td colspan=\"2\">N18 (9 indul\u00f3) (1. MOM [J\u00f3zsa, B\u00edr\u00f3, Szigethy]<\/td>\n<td>201,47)<\/td>\n<\/tr>\n<tr>\n<td colspan=\"2\"><strong>2. Tab\u00e1ni Spartacus SKE (Szuromi M\u00e1rta, Farkas Fruzsina,<\/strong><\/td>\n<td><strong><br \/>\n<\/strong><\/td>\n<\/tr>\n<tr>\n<td colspan=\"2\"><strong>Gyalog Zsuzsanna)<\/strong><\/td>\n<td><strong>211,58<\/strong><\/td>\n<\/tr>\n<tr>\n<td colspan=\"2\"><\/td>\n<td><\/td>\n<\/tr>\n<tr>\n<td colspan=\"2\">N16 (10 indul\u00f3) (1. MOM [Friedrich, Czinege, Zsebeh\u00e1zy]<\/td>\n<td>170,64)<\/td>\n<\/tr>\n<tr>\n<td colspan=\"2\">4. SPA (Makrai \u00c9va, Udvarnagyi Eszter, \u00c9zsi\u00e1s Katalin)<\/td>\n<td>206,86<\/td>\n<\/tr>\n<tr>\n<td><\/td>\n<td><\/td>\n<td><\/td>\n<\/tr>\n<tr>\n<td colspan=\"3\"><strong>Orsz\u00e1gos V\u00e1lt\u00f3bajnoks\u00e1g (1995. 07. 02., Mende)<\/strong><\/td>\n<\/tr>\n<tr>\n<td colspan=\"2\">F21 (28 indul\u00f3) (1. SMA [Mesics, Vajda, Horv\u00e1th, D\u00e9nes]<\/td>\n<td>331,33)<\/td>\n<\/tr>\n<tr>\n<td colspan=\"2\">&#8211; SPA (Szombathelyi Bal\u00e1zs, Vass Zolt\u00e1n, Uhlir P\u00e9ter,<\/td>\n<td><\/td>\n<\/tr>\n<tr>\n<td colspan=\"2\">Kemenczky Jen\u0151)<\/td>\n<td>disq<\/td>\n<\/tr>\n<tr>\n<td colspan=\"2\"><\/td>\n<td><\/td>\n<\/tr>\n<tr>\n<td colspan=\"2\">F14 (16 indul\u00f3) (1. SZD [Bajtay, Gyulai, Billig]<\/td>\n<td>157,52)<\/td>\n<\/tr>\n<tr>\n<td colspan=\"2\">11. SPA [Scult\u00e9ty M\u00e1rton, Szentkir\u00e1lyi Andr\u00e1s,<\/td>\n<td><\/td>\n<\/tr>\n<tr>\n<td colspan=\"2\">Szentkir\u00e1lyi Mikl\u00f3s]<\/td>\n<td>250,73<\/td>\n<\/tr>\n<tr>\n<td colspan=\"2\"><\/td>\n<td><\/td>\n<\/tr>\n<tr>\n<td colspan=\"2\">N18 (13 indul\u00f3) (1. FAB [Horv\u00e1th, T\u00f3th, Pog\u00e1ny]<\/td>\n<td>147,50)<\/td>\n<\/tr>\n<tr>\n<td colspan=\"2\"><strong>2. Tab\u00e1ni Spartacus SKE (Prinzhausen Judit,<\/strong><\/td>\n<td><strong><br \/>\n<\/strong><\/td>\n<\/tr>\n<tr>\n<td colspan=\"2\"><strong>Farkas Fruzsina, Gyalog Zsuzsanna)<\/strong><\/td>\n<td><strong>152,72<\/strong><\/td>\n<\/tr>\n<tr>\n<td colspan=\"2\"><\/td>\n<td><\/td>\n<\/tr>\n<tr>\n<td colspan=\"2\">N16 (8 indul\u00f3) (1. MOM [B\u00edr\u00f3, Friedrich, Zsebeh\u00e1zy]<\/td>\n<td>124,33)<\/td>\n<\/tr>\n<tr>\n<td colspan=\"2\"><strong>3. Tab\u00e1ni Spartacus SKE (Sz\u0151ke Zs\u00f3fia, \u00c9zsi\u00e1s Katalin,<\/strong><\/td>\n<td><strong><br \/>\n<\/strong><\/td>\n<\/tr>\n<tr>\n<td colspan=\"2\"><strong>Makrai \u00c9va)<\/strong><\/td>\n<td><strong>179,42<\/strong><\/td>\n<\/tr>\n<tr>\n<td><\/td>\n<td><\/td>\n<td><\/td>\n<\/tr>\n<tr>\n<td colspan=\"3\"><strong>Ifj\u00fas\u00e1gi Eur\u00f3pa Bajnoks\u00e1g (Youth Match) (1995. 06. 23\u201325., Zlat\u00e9 Moravce,<\/strong><\/td>\n<\/tr>\n<tr>\n<td colspan=\"3\"><strong>Szlov\u00e1kia)<\/strong><\/td>\n<\/tr>\n<tr>\n<td>W18 (28 indul\u00f3, 7,2 km \/ 215 m \/ 13 ep)<\/td>\n<td><\/td>\n<td><\/td>\n<\/tr>\n<tr>\n<td>(1. Kicerkov\u00e1, Regina<\/td>\n<td>CZE<\/td>\n<td>42:59)<\/td>\n<\/tr>\n<tr>\n<td>26. Gyalog Zsuzsanna<\/td>\n<td>HUN<\/td>\n<td>75:17:00<\/td>\n<\/tr>\n<tr>\n<td><\/td>\n<td><\/td>\n<td><\/td>\n<\/tr>\n<tr>\n<td>W16 (29 indul\u00f3, 5,4 km \/ 140 m \/ 11 ep)<\/td>\n<td><\/td>\n<td><\/td>\n<\/tr>\n<tr>\n<td>(1. Hullinger, Regula<\/td>\n<td>SUI<\/td>\n<td>36:00)<\/td>\n<\/tr>\n<tr>\n<td>17. Makrai \u00c9va<\/td>\n<td>HUN<\/td>\n<td>51:11:00<\/td>\n<\/tr>\n<\/tbody>\n<\/table>\n","protected":false},"excerpt":{"rendered":"<p>1995 Orsz\u00e1gos Egy\u00e9ni Bajnoks\u00e1g (1995. 10. 14., Dejt\u00e1r) F20 (25 indul\u00f3, 14,23 km \/ 29 ep) (1. Moln\u00e1r R\u00f3bert ARA 77:20) 5. \u00dajh\u00e1zy Kolos SPA 86:33:00 \u2013 Vass Zolt\u00e1n SPA disq F14 (29 indul\u00f3, 5,88 km \/ 15 ep) (1. Sprok Bence OSC 34:39) 10. Sz\u0171cs Levente SPA 43:02:00 N18 (27 indul\u00f3, 7,2 km \/ &hellip; <a href=\"https:\/\/www.tabanispartacus.hu\/tajfuto\/wordpress\/?page_id=263\" class=\"more-link\"><span class=\"screen-reader-text\">Eredm\u00e9nyeink 1995-ben<\/span> olvas\u00e1s\u00e1nak folytat\u00e1sa <span class=\"meta-nav\">&rarr;<\/span><\/a><\/p>\n","protected":false},"author":1,"featured_media":0,"parent":22,"menu_order":0,"comment_status":"closed","ping_status":"closed","template":"","meta":{"ngg_post_thumbnail":0},"_links":{"self":[{"href":"https:\/\/www.tabanispartacus.hu\/tajfuto\/wordpress\/index.php?rest_route=\/wp\/v2\/pages\/263"}],"collection":[{"href":"https:\/\/www.tabanispartacus.hu\/tajfuto\/wordpress\/index.php?rest_route=\/wp\/v2\/pages"}],"about":[{"href":"https:\/\/www.tabanispartacus.hu\/tajfuto\/wordpress\/index.php?rest_route=\/wp\/v2\/types\/page"}],"author":[{"embeddable":true,"href":"https:\/\/www.tabanispartacus.hu\/tajfuto\/wordpress\/index.php?rest_route=\/wp\/v2\/users\/1"}],"replies":[{"embeddable":true,"href":"https:\/\/www.tabanispartacus.hu\/tajfuto\/wordpress\/index.php?rest_route=%2Fwp%2Fv2%2Fcomments&post=263"}],"version-history":[{"count":0,"href":"https:\/\/www.tabanispartacus.hu\/tajfuto\/wordpress\/index.php?rest_route=\/wp\/v2\/pages\/263\/revisions"}],"up":[{"embeddable":true,"href":"https:\/\/www.tabanispartacus.hu\/tajfuto\/wordpress\/index.php?rest_route=\/wp\/v2\/pages\/22"}],"wp:attachment":[{"href":"https:\/\/www.tabanispartacus.hu\/tajfuto\/wordpress\/index.php?rest_route=%2Fwp%2Fv2%2Fmedia&parent=263"}],"curies":[{"name":"wp","href":"https:\/\/api.w.org\/{rel}","templated":true}]}}