{"id":24,"date":"2012-07-05T13:31:50","date_gmt":"2012-07-05T11:31:50","guid":{"rendered":"http:\/\/tabanispartacus.wordpress.com\/?page_id=24"},"modified":"2012-11-10T13:32:10","modified_gmt":"2012-11-10T12:32:10","slug":"velunk-tortent-2012","status":"publish","type":"page","link":"https:\/\/www.tabanispartacus.hu\/tajfuto\/wordpress\/?page_id=24","title":{"rendered":"Vel\u00fcnk t\u00f6rt\u00e9nt 2012"},"content":{"rendered":"\n<table id=\"wp-table-reloaded-id-6-no-1\" class=\"wp-table-reloaded wp-table-reloaded-id-6\">\n<tbody class=\"row-hover\">\n\t<tr class=\"row-1 odd\">\n\t\t<td class=\"column-1\">Dobog\u00f3k\u0151i Hegyi Fut\u00f3verseny<br \/>\r\n2012.11.24.<\/td><td class=\"column-2\">fot\u00f3k<\/td><td class=\"column-3\"><a title=\"M\u00e1th\u00e9 Pisti f\u00e9nyk\u00e9pei, 2012 Dobog\u00f3k\u0151i Hegyi Fut\u00f3verseny\" href=\"https:\/\/picasaweb.google.com\/106500310250141220415\/Dobogokoi_hegyi_futo_2012\" target=\"_blank\">M\u00e1th\u00e9 Istv\u00e1n<\/a><br \/><a title=\"Zai B\u00e1lint f\u00e9nyk\u00e9pei, 2012 Dobog\u00f3k\u0151i Hegyi Fut\u00f3verseny\" href=\"https:\/\/picasaweb.google.com\/111722235094025596806\/20121124DobogokoiHegyiFutoverseny\" target=\"_blank\">Zai B\u00e1lint<\/a><\/td>\n\t<\/tr>\n\t<tr class=\"row-2 even\">\n\t\t<td class=\"column-1\">\u0150szi Spartacus Kupa<br \/>\r\n2012.11.02-04., V\u00e9rtes<\/td><td class=\"column-2\">fot\u00f3k<\/td><td class=\"column-3\"><a href=\"https:\/\/picasaweb.google.com\/111722235094025596806\/2012110204OsziSpartacusKupa\" target=\"_blank\">Zai B\u00e1lint<\/a><br \/>\r\n<a title=\"M\u00e1th\u00e9 Pisti f\u00e9nyk\u00e9pei, 2012 \u0150szi Spartacus Kupa\" href=\"https:\/\/picasaweb.google.com\/112281015882875336722\/60Oszi_spari\" target=\"_blank\">M\u00e1th\u00e9 Istv\u00e1n<\/a><\/td>\n\t<\/tr>\n\t<tr class=\"row-3 odd\">\n\t\t<td class=\"column-1\">OCSB, OEVB<br \/>\r\n2012.10.20-21., Kab-hegy<\/td><td class=\"column-2\">fot\u00f3k<\/td><td class=\"column-3\"><a title=\"OCSB, EOVB\" href=\"https:\/\/picasaweb.google.com\/104688966768957978601\/OCSBEOVBBalintfele?authkey=Gv1sRgCN38vMHditWZBg&amp;feat=email\" target=\"_blank\">Zai B\u00e1lint<\/a><\/td>\n\t<\/tr>\n\t<tr class=\"row-4 even\">\n\t\t<td class=\"column-1\">ONEB<br \/>\r\n2012.10.13-14., Mecsek<\/td><td class=\"column-2\">besz\u00e1mol\u00f3<\/td><td class=\"column-3\"><a title=\"ONEB 2012 besz\u00e1mol\u00f3\" href=\"http:\/\/www.tabanispartacus.hu\/tajfuto\/wordpress\/?page_id=1248\">Weiler Vir\u00e1g<\/a><\/td>\n\t<\/tr>\n\t<tr class=\"row-5 odd\">\n\t\t<td class=\"column-1\">A 2012. \u00e9vi bajnoks\u00e1gokr\u00f3l \u00e9s a bajnoki pontversenyr\u0151l<br \/>\r\n<\/td><td class=\"column-2\">besz\u00e1mol\u00f3<\/td><td class=\"column-3\"><a title=\"A 2012. \u00e9vi bajnoks\u00e1gokr\u00f3l \u00e9s a bajnoki\u00a0pontversenyr\u0151l\" href=\"http:\/\/tabanispartacus.wordpress.com\/velunk-tortent-2012\/a-2012-evi-bajnoksagokrol-es-a-bajnoki-pontversenyrol\/\">Gyalog L\u00e1szl\u00f3<\/a><\/td>\n\t<\/tr>\n\t<tr class=\"row-6 even\">\n\t\t<td class=\"column-1\">K\u00f6ves-b\u00e9rci edz\u00e9s<br \/>\r\n2012.09.23<\/td><td class=\"column-2\">eredm\u00e9nyek<\/td><td class=\"column-3\"><a title=\"SI\" href=\"\/tajfuto\/velunktortent\/2012\/2012.09.23_kezdo.html\">kezd\u0151<\/a><br \/>\r\n<a title=\"SI\" href=\"\/tajfuto\/velunktortent\/2012\/2012.09.23_kozephalado.html\">k\u00f6z\u00e9phalad\u00f3<\/a><br \/>\r\n<a title=\"SI\" href=\"\/tajfuto\/velunktortent\/2012\/2012.09.23_halado.html\">halad\u00f3<\/a><br \/>\r\n<a title=\"SI\" href=\"\/tajfuto\/velunktortent\/2012\/2012.09.23_meno.html\">men\u0151<\/a><br \/>\r\n<a title=\"SI\" href=\"\/tajfuto\/velunktortent\/2012\/2012.09.23_farsta.html\">farsta<\/a><\/td>\n\t<\/tr>\n\t<tr class=\"row-7 odd\">\n\t\t<td class=\"column-1\">Budapesti Pontbegy\u0171jt\u0151 Csapatbajnoks\u00e1g<br \/>\r\n2012.09.02., Budapest, Gazdagr\u00e9t<\/td><td class=\"column-2\">besz\u00e1mol\u00f3<\/td><td class=\"column-3\"><a title=\"\" href=\"http:\/\/11.kerulet.ittlakunk.hu\/sport\/120902\/pontbegyujto-budapest-bajnoksag-gazdagreten\" target=\"_blank\">Peregi Tam\u00e1s<\/a><\/td>\n\t<\/tr>\n\t<tr class=\"row-8 even\">\n\t\t<td class=\"column-1\">Budapest r\u00f6vidt\u00e1v\u00fa \u00e9s 2x2 f\u0151s v\u00e1lt\u00f3 bajnoks\u00e1ga<br \/>\r\n2012.09.01., Solym\u00e1r<\/td><td class=\"column-2\">besz\u00e1mol\u00f3<\/td><td class=\"column-3\"><a title=\"\" href=\"http:\/\/www.tabanispartacus.hu\/tajfuto\/index.php?page=velunktortent\/2012\/2012_bp_rovidtav\">Peregi D\u00e1vid<\/a><\/td>\n\t<\/tr>\n\t<tr class=\"row-9 odd\">\n\t\t<td class=\"column-1\">Hung\u00e1ria Kupa<br \/>\r\n2012.08.15-19., Kelet-Magyarorsz\u00e1g<\/td><td class=\"column-2\">besz\u00e1mol\u00f3<\/td><td class=\"column-3\"><a title=\"\" href=\"http:\/\/www.tabanispartacus.hu\/tajfuto\/velunktortent\/2012\/Zempleni_Hungaria_Kupa_2012.doc\">V\u00f6lgyesi Melody<\/a><\/td>\n\t<\/tr>\n\t<tr class=\"row-10 even\">\n\t\t<td class=\"column-1\">JWOC<br \/>\r\n2012.08.07-17., Kassa<\/td><td class=\"column-2\">besz\u00e1mol\u00f3<\/td><td class=\"column-3\"><a title=\"Liszka Kriszti\u00e1n\" href=\"http:\/\/www.tabanispartacus.hu\/tajfuto\/index.php?page=velunktortent\/2012\/2012_JWOC\">Liszka Kriszti\u00e1n<\/a><\/td>\n\t<\/tr>\n\t<tr class=\"row-11 odd\">\n\t\t<td rowspan=\"2\" class=\"column-1 rowspan-2\">Otthonalv\u00f3s edz\u0151t\u00e1bor<br \/>\r\n2012.08.06-10.<\/td><td class=\"column-2\">besz\u00e1mol\u00f3<\/td><td class=\"column-3\"><a title=\"Gyalog Zolt\u00e1n\" href=\"http:\/\/www.tabanispartacus.hu\/tajfuto\/index.php?page=velunktortent\/2012\/2012_2nyari_et\">Gyalog Zolt\u00e1n<\/a><\/td>\n\t<\/tr>\n\t<tr class=\"row-12 even\">\n\t\t<td class=\"column-2\">eredm\u00e9nyek<\/td><td class=\"column-3\"><a title=\"norm\u00e1l\" href=\"\/tajfuto\/2012\/ET_08\/et_h_du.html\">h\u00e9tf\u0151 d\u00e9lut\u00e1n<\/a><br \/>\r\n<a title=\"SI\" href=\"\/tajfuto\/2012\/ET_08\/et_h_du_split.html\">h\u00e9tf\u0151 d\u00e9lut\u00e1n SI<\/a><br \/>\r\n<hr \/><br \/>\r\n<a title=\"norm\u00e1l\" href=\"\/tajfuto\/2012\/ET_08\/et_k_de.html\">kedd d\u00e9lel\u0151tt<\/a><br \/>\r\n<a title=\"SI\" href=\"\/tajfuto\/2012\/ET_08\/et_k_de_split.html\">kedd d\u00e9lel\u0151tt SI<\/a><br \/>\r\n<hr \/><br \/>\r\n<a title=\"norm\u00e1l\" href=\"\/tajfuto\/2012\/ET_08\/et_k_du.html\">kedd d\u00e9lut\u00e1n<\/a><br \/>\r\n<a title=\"SI\" href=\"\/tajfuto\/2012\/ET_08\/et_k_du_split.html\">kedd d\u00e9lut\u00e1n SI<\/a><br \/>\r\n<hr \/><br \/>\r\n<a title=\"norm\u00e1l\" href=\"\/tajfuto\/2012\/ET_08\/et_sz_de_rovid.html\">szerda d\u00e9lel\u0151tt r\u00f6vid<\/a><br \/>\r\n<a title=\"SI\" href=\"\/tajfuto\/2012\/ET_08\/et_sz_de_rovid_split.html\">szerda d\u00e9lel\u0151tt r\u00f6vid SI<\/a><br \/>\r\n<a title=\"norm\u00e1l\" href=\"\/tajfuto\/2012\/ET_08\/et_sz_de_hosszu.html\">szerda d\u00e9lel\u0151tt hossz\u00fa<\/a><br \/>\r\n<a title=\"SI\" href=\"\/tajfuto\/2012\/ET_08\/et_sz_de_hosszu_split.html\">szerda d\u00e9lel\u0151tt hossz\u00fa SI<\/a><br \/>\r\n<a title=\"norm\u00e1l\" href=\"\/tajfuto\/2012\/ET_08\/et_sz_de_pontbegyujto.html\">szerda d\u00e9lel\u0151tt pontbegy\u00fcjt\u0151<\/a><br \/>\r\n<a title=\"SI\" href=\"\/tajfuto\/2012\/ET_08\/et_sz_de_pontbegyujto_split.html\">szerda d\u00e9lel\u0151tt pontbegy\u00fcjt\u0151 SI<\/a><br \/>\r\n<hr \/><br \/>\r\n<a title=\"norm\u00e1l\" href=\"\/tajfuto\/2012\/ET_08\/et_cs_de_farsta.html\">cs\u00fct\u00f6rt\u00f6k d\u00e9lel\u0151tt farsta<\/a><br \/>\r\n<a title=\"norm\u00e1l\" href=\"\/tajfuto\/2012\/ET_08\/et_cs_de_fiatalember_split.html\">cs\u00fct\u00f6rt\u00f6k d\u00e9lel\u0151tt fiatalember SI<\/a><br \/>\r\n<a title=\"norm\u00e1l\" href=\"\/tajfuto\/2012\/ET_08\/et_cs_de_kajla_split.html\">cs\u00fct\u00f6rt\u00f6k d\u00e9lel\u0151tt kajla SI<\/a><br \/>\r\n<hr \/><br \/>\r\n<a title=\"norm\u00e1l\" href=\"\/tajfuto\/2012\/ET_08\/et_cs_du_csakhaz.html\">cs\u00fct\u00f6rt\u00f6k d\u00e9lut\u00e1n csakh\u00e1z<\/a><br \/>\r\n<a title=\"norm\u00e1l\" href=\"\/tajfuto\/2012\/ET_08\/et_cs_du_fujjdzsuva.html\">cs\u00fct\u00f6rt\u00f6k d\u00e9lut\u00e1n f\u00fajjdzsuva<\/a><br \/>\r\n<a title=\"norm\u00e1l\" href=\"\/tajfuto\/2012\/ET_08\/et_cs_du_microsprint.html\">cs\u00fct\u00f6rt\u00f6k d\u00e9lut\u00e1n microsprint<\/a><br \/>\r\n<a title=\"norm\u00e1l\" href=\"\/tajfuto\/2012\/ET_08\/et_cs_du_sprint.html\">cs\u00fct\u00f6rt\u00f6k d\u00e9lut\u00e1n sprint<\/a><br \/>\r\n<hr \/><br \/>\r\n<a title=\"norm\u00e1l\" href=\"\/tajfuto\/2012\/ET_08\/et_p_de_sprint.html\">p\u00e9ntek d\u00e9lel\u0151tt sprint<\/a><br \/>\r\n<a title=\"norm\u00e1l\" href=\"\/tajfuto\/2012\/ET_08\/et_p_de_pontbegyujto.html\">p\u00e9ntek d\u00e9lel\u0151tt pontbegy\u0171jt\u0151<\/a><\/td>\n\t<\/tr>\n\t<tr class=\"row-13 odd\">\n\t\t<td class=\"column-1\">1. ny\u00e1ri edz\u0151t\u00e1bor<br \/>\r\n2012.06.28\u201307.01.<\/td><td class=\"column-2\">besz\u00e1mol\u00f3<\/td><td class=\"column-3\"><a title=\"Gyalog Zolt\u00e1n\" href=\"http:\/\/www.tabanispartacus.hu\/tajfuto\/index.php?page=velunktortent\/2012\/2012_nyari_et\">Gyalog Zolt\u00e1n<\/a><\/td>\n\t<\/tr>\n\t<tr class=\"row-14 even\">\n\t\t<td class=\"column-1\">KOB, VOB<br \/>\r\n2012.06.23-24., Olaszkapu<\/td><td class=\"column-2\">fot\u00f3k<\/td><td class=\"column-3\"><a title=\"KOB, VOB, junior et\" href=\"https:\/\/picasaweb.google.com\/108937530125125195863\/KOBVOBJuniorEt?authkey=Gv1sRgCND1z82knvLiMg\" target=\"_blank\">Sulyok \u00c1bel<\/a><\/td>\n\t<\/tr>\n\t<tr class=\"row-15 odd\">\n\t\t<td class=\"column-1\">Orsz\u00e1gos \u00c9jszakai Egy\u00e9ni Bajnoks\u00e1g<br \/>\r\n2012.06.09.<\/td><td class=\"column-2\">besz\u00e1mol\u00f3<\/td><td class=\"column-3\"><a title=\"Gyalog Zolt\u00e1n\" href=\"http:\/\/www.tabanispartacus.hu\/tajfuto\/index.php?page=velunktortent\/2012\/2012_eob\">Gyalog Zolt\u00e1n<\/a><\/td>\n\t<\/tr>\n\t<tr class=\"row-16 even\">\n\t\t<td class=\"column-1\">EYOC<br \/>\r\n2012.06.03<\/td><td class=\"column-2\">besz\u00e1mol\u00f3<\/td><td class=\"column-3\"><a title=\"\" href=\"http:\/\/www.tabanispartacus.hu\/tajfuto\/index.php?page=velunktortent\/2012\/2012_eyoc\">Peregi D\u00e1niel<\/a><\/td>\n\t<\/tr>\n\t<tr class=\"row-17 odd\">\n\t\t<td class=\"column-1\">Borsod Junior<br \/>\r\n2012.06.02-03<\/td><td class=\"column-2\">besz\u00e1mol\u00f3<\/td><td class=\"column-3\"><a title=\"\" href=\"http:\/\/www.tabanispartacus.hu\/tajfuto\/index.php?page=velunktortent\/2012\/2012_borsod_junior\">Liszka Kriszti\u00e1n<\/a><\/td>\n\t<\/tr>\n\t<tr class=\"row-18 even\">\n\t\t<td rowspan=\"2\" class=\"column-1 rowspan-2\">Cseh r\u00f6vidt\u00e1v\u00fa OB<br \/>\r\n2012.05.26-27., Lipnik nad Bec\u02d8ov (Helfs\u02d8tyn)<\/td><td class=\"column-2\">fot\u00f3k<\/td><td class=\"column-3\"><a title=\"Cseh ROB\" href=\"https:\/\/picasaweb.google.com\/108937530125125195863\/Csehorszag2012Majus?authkey=Gv1sRgCPf_0Zrv2vOoCw\" target=\"_blank\">Sulyok \u00c1bel<\/a><\/td>\n\t<\/tr>\n\t<tr class=\"row-19 odd\">\n\t\t<td class=\"column-2\">besz\u00e1mol\u00f3<\/td><td class=\"column-3\"><a title=\"Cseh ROB\" href=\"\/tajfuto\/index.php?page=velunktortent\/2012\/2012_cseh_tura\">Gyalog Zolt\u00e1n<\/a><\/td>\n\t<\/tr>\n\t<tr class=\"row-20 even\">\n\t\t<td class=\"column-1\">Orsz\u00e1gos Di\u00e1kolimpia 2012<br \/>\r\n2012.05.19-20., Cs\u00e1kv\u00e1r, Cs\u00e1kber\u00e9ny<\/td><td class=\"column-2\">fot\u00f3k<\/td><td class=\"column-3\"><a title=\"ODOL2012\" href=\"https:\/\/picasaweb.google.com\/108937530125125195863\/ODOL2012?authkey=Gv1sRgCJaD59WRsoTRMg\" target=\"_blank\">Sulyok \u00c1bel<\/a><\/td>\n\t<\/tr>\n\t<tr class=\"row-21 odd\">\n\t\t<td rowspan=\"2\" class=\"column-1 rowspan-2\">A Spari 60 \u00e9ves \u00e9vfordul\u00f3ja<br \/>\r\n2012.05.11., Budapest<\/td><td class=\"column-2\">besz\u00e1mol\u00f3<\/td><td class=\"column-3\"><a title=\"60 \u00e9ves a Spartacus t\u00e1j\u00e9koz\u00f3d\u00e1s!\" href=\"http:\/\/www.tabanispartacus.hu\/tajfuto\/wordpress\/?page_id=1237\">Gyalog L\u00e1szl\u00f3<\/a><\/td>\n\t<\/tr>\n\t<tr class=\"row-22 even\">\n\t\t<td class=\"column-2\">fot\u00f3k<\/td><td class=\"column-3\"><a title=\"60 \u00e9ves \u00e9vfordul\u00f3\" href=\"https:\/\/picasaweb.google.com\/112281015882875336722\/SPA_60_2012_05_11?authkey=Gv1sRgCJDUsvWstuj5MQ#\" target=\"_blank\">M\u00e1th\u00e9 Pisti<\/a><\/td>\n\t<\/tr>\n\t<tr class=\"row-23 odd\">\n\t\t<td class=\"column-1\">Tipo Kupa<br \/>\r\n2012.04.28-30., Pusztamar\u00f3t<\/td><td class=\"column-2\">fot\u00f3k<\/td><td class=\"column-3\"><a title=\"Tipo Kupa 2012\" href=\"https:\/\/picasaweb.google.com\/weilerzsolt\/20120430_tajfutas_Pilismarot?authuser=0&amp;authkey=Gv1sRgCMfWtO7nkruLdA&amp;feat=directlink\" target=\"_blank\">Weiler Zsolt<\/a><br \/>\r\n<a title=\"Tipo Kupa 2012\" href=\"https:\/\/picasaweb.google.com\/108937530125125195863\/TIPO2012?authkey=Gv1sRgCNu5j7-qt8TergE\" target=\"_blank\">Sulyok \u00c1bel<\/a><br \/>\r\n<\/td>\n\t<\/tr>\n\t<tr class=\"row-24 even\">\n\t\t<td class=\"column-1\">Budapest \u00c9jszakai Bajnoks\u00e1ga<br \/>\r\n2012.04.21.<\/td><td class=\"column-2\">besz\u00e1mol\u00f3<\/td><td class=\"column-3\"><a title=\"\" href=\"\/tajfuto\/index.php?page=velunktortent\/2012\/2012_bp_ejszakai\">Gyalog Zolt\u00e1n<\/a><\/td>\n\t<\/tr>\n\t<tr class=\"row-25 odd\">\n\t\t<td class=\"column-1\">Post\u00e1s Kupa<br \/>\r\n2012.04.15-16., Pilisszentkereszt<\/td><td class=\"column-2\">fot\u00f3k<\/td><td class=\"column-3\"><a title=\"Post\u00e1s Kupa 2012\" href=\"https:\/\/picasaweb.google.com\/weilerzsolt\/20120416_tajfutas_Pilisszentkereszt?authuser=0&amp;authkey=Gv1sRgCMGW4c_M0Y_VEQ&amp;feat=directlink\" target=\"_blank\">Weiler Zsolt<\/a><\/td>\n\t<\/tr>\n\t<tr class=\"row-26 even\">\n\t\t<td class=\"column-1\">N\u00f3gr\u00e1d Nagyd\u00edj<br \/>\r\n2012.04.06-08., M\u00e1traszentimre<\/td><td class=\"column-2\">besz\u00e1mol\u00f3<\/td><td class=\"column-3\"><a title=\"Bak\u00f3 \u00c1ron\" href=\"\/tajfuto\/index.php?page=velunktortent\/2012\/Nograd\">Bak\u00f3 \u00c1ron<\/a><\/td>\n\t<\/tr>\n\t<tr class=\"row-27 odd\">\n\t\t<td class=\"column-1\">N\u00f3gr\u00e1d Nagyd\u00edj<br \/>\r\n2012.04.06-08., M\u00e1traszentimre<\/td><td class=\"column-2\">fot\u00f3k<\/td><td class=\"column-3\"><a title=\"N\u00f3gr\u00e1d Nagyd\u00edj 2012\" href=\"https:\/\/picasaweb.google.com\/108937530125125195863\/NogradNagydij2012?authkey=Gv1sRgCNPx4euw19ChCg\" target=\"_blank\">Sulyok \u00c1bel<\/a><\/td>\n\t<\/tr>\n\t<tr class=\"row-28 even\">\n\t\t<td class=\"column-1\">T\u00e1j\u00e9koz\u00f3d\u00e1si Sportok F\u0151v\u00e1rosi Fesztiv\u00e1lja \/ T\u00c1MOP p\u00e1ly\u00e1zat z\u00e1r\u00f3\u00fcnneps\u00e9ge<br \/>\r\n2012.04.05., Tab\u00e1n<\/td><td class=\"column-2\">besz\u00e1mol\u00f3<\/td><td class=\"column-3\"><a title=\"Gyalog L\u00e1szl\u00f3\" href=\"http:\/\/www.tabanispartacus.hu\/egyesulet\/index.php?page=palyazat\/zaro\/zaro\">Gyalog L\u00e1szl\u00f3<\/a><\/td>\n\t<\/tr>\n\t<tr class=\"row-29 odd\">\n\t\t<td class=\"column-1\">E\u00f6tv\u00f6s Kupa<br \/>\r\n2012.04.01., Solym\u00e1r<\/td><td class=\"column-2\">besz\u00e1mol\u00f3<\/td><td class=\"column-3\"><a title=\"Gyalog Zolt\u00e1n\" href=\"\/tajfuto\/index.php?page=velunktortent\/2012\/2012_eotvos\">Gyalog Zolt\u00e1n<\/a><\/td>\n\t<\/tr>\n\t<tr class=\"row-30 even\">\n\t\t<td rowspan=\"2\" class=\"column-1 rowspan-2\">HOB<br \/>\r\n2012.03.31., B\u00e9r<\/td><td class=\"column-2\">fot\u00f3k<\/td><td class=\"column-3\"><a title=\"HOB 2012\" href=\"https:\/\/picasaweb.google.com\/108937530125125195863\/HOB2012?authkey=Gv1sRgCPvijruE_rKyhQE#\" target=\"_blank\">Sulyok \u00c1bel<\/a><\/td>\n\t<\/tr>\n\t<tr class=\"row-31 odd\">\n\t\t<td class=\"column-2\">besz\u00e1mol\u00f3<\/td><td class=\"column-3\"><a title=\"Gyalog Zolt\u00e1n\" href=\"\/tajfuto\/index.php?page=velunktortent\/2012\/2012_HOB\">Gyalog Zolt\u00e1n<\/a><\/td>\n\t<\/tr>\n\t<tr class=\"row-32 even\">\n\t\t<td class=\"column-1\">Tavaszi Spartacus Kupa<br \/>\r\n2012.03.17-18., V\u00e9rtes<\/td><td class=\"column-2\">fot\u00f3k<\/td><td class=\"column-3\"><a title=\"Tavaszi Spartacus Kupa 2012\" href=\"https:\/\/picasaweb.google.com\/108937530125125195863\/TavasziSpari2012?authkey=Gv1sRgCMWN9NXT6-7HnQE#\" target=\"_blank\">Sulyok \u00c1bel<\/a><\/td>\n\t<\/tr>\n\t<tr class=\"row-33 odd\">\n\t\t<td class=\"column-1\">M\u00e1rcius 15-ei hossz\u00fa h\u00e9tv\u00e9ge versenyei, ifi \u00e9s serd\u00fcl\u0151 edz\u0151t\u00e1bora<br \/>\r\n2012.03.15-18., V\u00e9rtes<\/td><td class=\"column-2\">besz\u00e1mol\u00f3<\/td><td class=\"column-3\"><a title=\"Bug\u00e1r Gerg\u0151\" href=\"\/tajfuto\/index.php?page=velunktortent\/2012\/2012_03_15_et\">Bug\u00e1r Gerg\u0151<\/a><\/td>\n\t<\/tr>\n\t<tr class=\"row-34 even\">\n\t\t<td class=\"column-1\"><a title=\"Szparis d\u00edjak az MTFSZ k\u00f6zgy\u0171l\u00e9s\u00e9n\" href=\"http:\/\/www.tabanispartacus.hu\/tajfuto\/index.php?page=velunktortent\/2012\/2012_szparis_dijak\">Szparis d\u00edjak az MTFSZ k\u00f6zgy\u0171l\u00e9s\u00e9n<\/a><\/td><td class=\"column-2\">besz\u00e1mol\u00f3<\/td><td class=\"column-3\"><\/td>\n\t<\/tr>\n\t<tr class=\"row-35 odd\">\n\t\t<td class=\"column-1\">Fizikai Edz\u0151t\u00e1bor<br \/>\r\n2012.01.26-28., G\u00e1nt<\/td><td class=\"column-2\">besz\u00e1mol\u00f3<\/td><td class=\"column-3\"><a title=\"Fizikai Edz\u0151t\u00e1bor\" href=\"\/tajfuto\/index.php?page=velunktortent\/2012\/2012_teli_fizikai_et\">Egri B\u00e1lint<\/a><\/td>\n\t<\/tr>\n\t<tr class=\"row-36 even\">\n\t\t<td class=\"column-1\">Fizikai Edz\u0151t\u00e1bor<br \/>\r\n2012.01.26-28., G\u00e1nt<\/td><td class=\"column-2\">fot\u00f3k<\/td><td class=\"column-3\"><a title=\"Fizikai Edz\u0151t\u00e1bor\" href=\"https:\/\/picasaweb.google.com\/108937530125125195863\/FizikaiET?authkey=Gv1sRgCJi2jsGXlb66ZA\" target=\"_blank\">Sulyok \u00c1bel<\/a><\/td>\n\t<\/tr>\n\t<tr class=\"row-37 odd\">\n\t\t<td class=\"column-1\">Bajnokok vacsor\u00e1ja<br \/>\r\n2012.01.21., Budapest<\/td><td class=\"column-2\">fot\u00f3k<\/td><td class=\"column-3\"><a title=\"Bajnokok vacsor\u00e1ja\" href=\"https:\/\/picasaweb.google.com\/108937530125125195863\/BajnokokVacsoraja?authkey=Gv1sRgCL6Y9siwyObcXQ\" target=\"_blank\">Sulyok \u00c1bel<\/a><\/td>\n\t<\/tr>\n\t<tr class=\"row-38 even\">\n\t\t<td class=\"column-1\">Tornatermi di\u00e1kt\u00e1jfut\u00e1s<br \/>\r\n2012.01.21., Budapest<\/td><td class=\"column-2\">fot\u00f3k<\/td><td class=\"column-3\"><a title=\"Tornatermi di\u00e1kt\u00e1jfut\u00e1s\" href=\"https:\/\/picasaweb.google.com\/108937530125125195863\/TornatermiTajfutas?authkey=Gv1sRgCLuxkMCmxI_JyAE\" target=\"_blank\">Sulyok \u00c1bel<\/a><\/td>\n\t<\/tr>\n\t<tr class=\"row-39 odd\">\n\t\t<td class=\"column-1\">\u00c9vz\u00e1r\u00f3<br \/>\r\n2012.01.07., G\u00e1nt<\/td><td class=\"column-2\">fot\u00f3k<\/td><td class=\"column-3\"><a title=\"\u00c9vz\u00e1r\u00f3\" href=\"https:\/\/picasaweb.google.com\/weilerzsolt\/20120108_SPA_tajfuto_evzaro?authuser=0&amp;authkey=Gv1sRgCL704_TIt4CGsQE&amp;feat=directlink\" target=\"_blank\">Weiler Zsolt<\/a><br \/>\r\n<a title=\"\u00c9vz\u00e1r\u00f3\" href=\"https:\/\/plus.google.com\/photos\/114580031131469308655\/albums\/5695207439285213265?authkey=CPPaoNqS5cjfRA&amp;banner=pwa\" target=\"_blank\">Dalos Attila<\/a><br \/>\r\n<a title=\"\u00c9vz\u00e1r\u00f3\" href=\"https:\/\/picasaweb.google.com\/108937530125125195863\/Evzaro?authkey=Gv1sRgCMPPpPuDtt_9Iw\" target=\"_blank\">Sulyok \u00c1bel<\/a><\/td>\n\t<\/tr>\n\t<tr class=\"row-40 even\">\n\t\t<td class=\"column-1\">\u00c9vz\u00e1r\u00f3<br \/>\r\n2012.01.07., G\u00e1nt<\/td><td class=\"column-2\">besz\u00e1mol\u00f3k<\/td><td class=\"column-3\"><a title=\"Besz\u00e1mol\u00f3 az ut\u00e1np\u00f3tl\u00e1s csoportr\u00f3l (Gyalog Zolt\u00e1n)\" href=\"\/tajfuto\/velunktortent\/2012\/Zoli_evzaro_beszamolo.doc\">Besz\u00e1mol\u00f3 az ut\u00e1np\u00f3tl\u00e1s csoportr\u00f3l (Gyalog Zolt\u00e1n)<\/a><br \/>\r\n<a title=\"Besz\u00e1mol\u00f3 (Gyalog L\u00e1szl\u00f3)\" href=\"\/tajfuto\/velunktortent\/2012\/evzaro-honlapra_GyL.doc\">Besz\u00e1mol\u00f3 (Gyalog L\u00e1szl\u00f3)<\/a><br \/>\r\n<a title=\"2011. \u00e9vi tev\u00e9kenys\u00e9g (Gyalog L\u00e1szl\u00f3)\" href=\"\/tajfuto\/velunktortent\/2012\/2011_beszamolo_GyL_120107_v4-honlapra.doc\">2011. \u00e9vi tev\u00e9kenys\u00e9g (Gyalog L\u00e1szl\u00f3)<\/a><\/td>\n\t<\/tr>\n\t<tr class=\"row-41 odd\">\n\t\t<td class=\"column-1\"><\/td><td class=\"column-2\"><\/td><td class=\"column-3\"><\/td>\n\t<\/tr>\n<\/tbody>\n<\/table>\n\n<hr \/>\n<p><a href=\"http:\/\/www.tabanispartacus.hu\/tajfuto\/index.php?page=velunktortent\/velunktortent_2011\"><strong>Vel\u00fcnk t\u00f6rt\u00e9nt<\/strong><br \/>\n2011-ben<\/a><\/p>\n<p><a href=\"http:\/\/www.tabanispartacus.hu\/tajfuto\/index.php?page=velunktortent\/velunktortent_2010\"><strong>Vel\u00fcnk t\u00f6rt\u00e9nt<\/strong><br \/>\n2010-ben<\/a><\/p>\n<p><a href=\"http:\/\/www.tabanispartacus.hu\/tajfuto\/index.php?page=velunktortent\/velunktortent_2009\"><strong>Vel\u00fcnk t\u00f6rt\u00e9nt<\/strong><br \/>\n2009-ben<\/a><\/p>\n<p><a href=\"http:\/\/www.tabanispartacus.hu\/tajfuto\/index.php?page=velunktortent\/velunktortent_2008\"><strong>Vel\u00fcnk t\u00f6rt\u00e9nt<\/strong><br \/>\n2008-ban<\/a><\/p>\n<p><a href=\"http:\/\/www.tabanispartacus.hu\/tajfuto\/index.php?page=velunktortent\/velunktortent_2007\"><strong>Vel\u00fcnk t\u00f6rt\u00e9nt<\/strong><br \/>\n2007-ben<\/a><\/p>\n<p><a href=\"http:\/\/www.tabanispartacus.hu\/tajfuto\/index.php?page=velunktortent\/velunktortent_2006\"><strong>Vel\u00fcnk t\u00f6rt\u00e9nt<\/strong><br \/>\n2006-ban<\/a><\/p>\n<p><a href=\"http:\/\/www.tabanispartacus.hu\/tajfuto\/index.php?page=velunktortent\/velunktortent_2005\"><strong>Vel\u00fcnk t\u00f6rt\u00e9nt<\/strong><br \/>\n2005-ben<\/a><\/p>\n<p><a href=\"http:\/\/www.tabanispartacus.hu\/tajfuto\/index.php?page=velunktortent\/velunktortent_2004\"><strong>Vel\u00fcnk t\u00f6rt\u00e9nt<\/strong><br \/>\n2004-ben<\/a><\/p>\n<p><a href=\"http:\/\/www.tabanispartacus.hu\/tajfuto\/index.php?page=velunktortent\/velunktortent_2003\"><strong>Vel\u00fcnk t\u00f6rt\u00e9nt<\/strong><br \/>\n2003-ban<\/a><\/p>\n","protected":false},"excerpt":{"rendered":"<p>Vel\u00fcnk t\u00f6rt\u00e9nt 2011-ben Vel\u00fcnk t\u00f6rt\u00e9nt 2010-ben Vel\u00fcnk t\u00f6rt\u00e9nt 2009-ben Vel\u00fcnk t\u00f6rt\u00e9nt 2008-ban Vel\u00fcnk t\u00f6rt\u00e9nt 2007-ben Vel\u00fcnk t\u00f6rt\u00e9nt 2006-ban Vel\u00fcnk t\u00f6rt\u00e9nt 2005-ben Vel\u00fcnk t\u00f6rt\u00e9nt 2004-ben Vel\u00fcnk t\u00f6rt\u00e9nt 2003-ban<\/p>\n","protected":false},"author":1,"featured_media":0,"parent":0,"menu_order":0,"comment_status":"closed","ping_status":"closed","template":"","meta":{"ngg_post_thumbnail":0},"_links":{"self":[{"href":"https:\/\/www.tabanispartacus.hu\/tajfuto\/wordpress\/index.php?rest_route=\/wp\/v2\/pages\/24"}],"collection":[{"href":"https:\/\/www.tabanispartacus.hu\/tajfuto\/wordpress\/index.php?rest_route=\/wp\/v2\/pages"}],"about":[{"href":"https:\/\/www.tabanispartacus.hu\/tajfuto\/wordpress\/index.php?rest_route=\/wp\/v2\/types\/page"}],"author":[{"embeddable":true,"href":"https:\/\/www.tabanispartacus.hu\/tajfuto\/wordpress\/index.php?rest_route=\/wp\/v2\/users\/1"}],"replies":[{"embeddable":true,"href":"https:\/\/www.tabanispartacus.hu\/tajfuto\/wordpress\/index.php?rest_route=%2Fwp%2Fv2%2Fcomments&post=24"}],"version-history":[{"count":11,"href":"https:\/\/www.tabanispartacus.hu\/tajfuto\/wordpress\/index.php?rest_route=\/wp\/v2\/pages\/24\/revisions"}],"predecessor-version":[{"id":1255,"href":"https:\/\/www.tabanispartacus.hu\/tajfuto\/wordpress\/index.php?rest_route=\/wp\/v2\/pages\/24\/revisions\/1255"}],"wp:attachment":[{"href":"https:\/\/www.tabanispartacus.hu\/tajfuto\/wordpress\/index.php?rest_route=%2Fwp%2Fv2%2Fmedia&parent=24"}],"curies":[{"name":"wp","href":"https:\/\/api.w.org\/{rel}","templated":true}]}}