{"id":2316,"date":"2015-01-15T21:52:38","date_gmt":"2015-01-15T20:52:38","guid":{"rendered":"http:\/\/www.tabanispartacus.hu\/tajfuto\/wordpress\/?page_id=2316"},"modified":"2015-01-15T21:52:38","modified_gmt":"2015-01-15T20:52:38","slug":"velunk-tortent-2015-ben","status":"publish","type":"page","link":"https:\/\/www.tabanispartacus.hu\/tajfuto\/wordpress\/?page_id=2316","title":{"rendered":"Vel\u00fcnk t\u00f6rt\u00e9nt 2015-ben"},"content":{"rendered":"\n<table id=\"wp-table-reloaded-id-25-no-1\" class=\"wp-table-reloaded wp-table-reloaded-id-25\">\n<tbody class=\"row-hover\">\n\t<tr class=\"row-1 odd\">\n\t\t<td class=\"column-1\">OCSB, POCSB<br \/>\r\n2015.10.24-25<br \/>\r\n<\/td><td class=\"column-2\">k\u00e9pek<\/td><td class=\"column-3\"><a target=\"_blank\" href=\"https:\/\/www.flickr.com\/photos\/101487580@N03\/sets\/72157660402753401?ytcheck=1\" title=\"\" >Szparis v\u00e1logat\u00e1s (M\u00e1th\u00e9 Istv\u00e1n)<\/a><\/td>\n\t<\/tr>\n\t<tr class=\"row-2 even\">\n\t\t<td class=\"column-1\"><\/td><td class=\"column-2\"><\/td><td class=\"column-3\"><\/td>\n\t<\/tr>\n\t<tr class=\"row-3 odd\">\n\t\t<td class=\"column-1\">OB eredm\u00e9nyeink<br \/>\r\n2015.09.13-ig<\/td><td class=\"column-2\">besz\u00e1mol\u00f3<\/td><td class=\"column-3\"><a target=\"_blank\" href=\"\/tajfuto\/velunktortent\/2015\/2015_ob-eredm_honlapra_150913.doc\" title=\"\" >OB eredm\u00e9nyeink (Gyalog T\u00f3dor)<\/a><\/td>\n\t<\/tr>\n\t<tr class=\"row-4 even\">\n\t\t<td class=\"column-1\">ROB \u00e9s ORVB<br \/>\r\n2015.09.12-13<br \/>\r\nSzeged<\/td><td class=\"column-2\">besz\u00e1mol\u00f3<\/td><td class=\"column-3\"><a target=\"_blank\" href=\"\/tajfuto\/velunktortent\/2015\/rob_orvb_2015_beszamolo_mantuanoeszti_j.pdf\" title=\"\" >ROB \u00e9s ORVB 2015 (Mantuano Eszti)<\/a><\/td>\n\t<\/tr>\n\t<tr class=\"row-5 odd\">\n\t\t<td rowspan=\"2\" class=\"column-1 rowspan-2\">Szparisok 2015 vil\u00e1gversenyein<br \/>\r\nEYOC,  JWOC,  WOC<br \/>\r\n2015<\/td><td class=\"column-2\">besz\u00e1mol\u00f3<\/td><td class=\"column-3\"><a target=\"_blank\" href=\"\/tajfuto\/velunktortent\/2015\/szparisok_2015-vilagversenyein_gyl.doc\" title=\"\" >Szparisok a vil\u00e1gversenyeken<\/a><\/td>\n\t<\/tr>\n\t<tr class=\"row-6 even\">\n\t\t<td class=\"column-2\">eredm\u00e9nyek<\/td><td class=\"column-3\"><a target=\"_blank\" href=\"\/tajfuto\/velunktortent\/2015\/vilagverseny-eredmenyek.doc\" title=\"\" >(Gyalog T\u00f3dor)<\/a><\/td>\n\t<\/tr>\n\t<tr class=\"row-7 odd\">\n\t\t<td class=\"column-1\">WOC<br \/>\r\n2015.07.31-08.07<br \/>\r\nInverness<br \/>\r\n<\/td><td class=\"column-2\">\u00e9lm\u00e9nybesz\u00e1mol\u00f3<\/td><td class=\"column-3\"><a target=\"_blank\" href=\"\/tajfuto\/velunktortent\/2015\/woc2015.pdf\" title=\"\" >WOC 2015 (Bak\u00f3 \u00c1ron)<\/a><\/td>\n\t<\/tr>\n\t<tr class=\"row-8 even\">\n\t\t<td class=\"column-1\">Ecsegi edz\u0151t\u00e1bor<br \/>\r\n2015.06.29-07.03.<\/td><td class=\"column-2\">besz\u00e1mol\u00f3<\/td><td class=\"column-3\"><a target=\"_blank\" href=\"\/tajfuto\/velunktortent\/2015\/2015_ecseg_et.pdf\" title=\"\" >Hentes Ildik\u00f3<\/a><\/td>\n\t<\/tr>\n\t<tr class=\"row-9 odd\">\n\t\t<td class=\"column-1\">EYOC<br \/>\r\n2015.06.26-28<br \/>\r\nKolozsv\u00e1r<\/td><td class=\"column-2\">besz\u00e1mol\u00f3<\/td><td class=\"column-3\"><a target=\"_blank\" href=\"\/tajfuto\/velunktortent\/2015\/EYOC_2015_Kolozsvar.pdf\" title=\"\" >EYOC 2015 (Ormay Misi)<\/a><\/td>\n\t<\/tr>\n\t<tr class=\"row-10 even\">\n\t\t<td class=\"column-1\">Orsz\u00e1gos bajnoki pontverseny \u00e1ll\u00e1sa<br \/>\r\n2015 els\u0151 f\u00e9l\u00e9v<\/td><td class=\"column-2\">t\u00e1bl\u00e1zat<\/td><td class=\"column-3\"><a target=\"_blank\" href=\"\/tajfuto\/velunktortent\/2015\/bajnoki_pontverseny_150621j.pdf\" title=\"\" >Orsz\u00e1gos bajnoki pontverseny els\u0151 f\u00e9l\u00e9vben (Gyalog T\u00f3dor)<\/a><\/td>\n\t<\/tr>\n\t<tr class=\"row-11 odd\">\n\t\t<td class=\"column-1\">OB eredm\u00e9nyeink<br \/>\r\n2015 els\u0151 f\u00e9l\u00e9v<\/td><td class=\"column-2\">besz\u00e1mol\u00f3<\/td><td class=\"column-3\"><a target=\"_blank\" href=\"\/tajfuto\/velunktortent\/2015\/2015_ob-eredm_honlapra_150621.pdf\" title=\"\" >OB eredm\u00e9nyeink (Gyalog T\u00f3dor)<\/a><\/td>\n\t<\/tr>\n\t<tr class=\"row-12 even\">\n\t\t<td class=\"column-1\">KOB-VOB<br \/>\r\n2015.06.20-21<br \/>\r\nM\u00e1nfa<\/td><td class=\"column-2\">besz\u00e1mol\u00f3<\/td><td class=\"column-3\"><a target=\"_blank\" href=\"\/tajfuto\/velunktortent\/2015\/kob_vob_2015_hentesildiko.pdf\" title=\"\" >KOB-VOB h\u00e9tv\u00e9ge (Hentes Ildik\u00f3)<\/a><\/td>\n\t<\/tr>\n\t<tr class=\"row-13 odd\">\n\t\t<td class=\"column-1\">10MILA<br \/>\r\n2015.05.09-10<br \/>\r\nUppland, Skepptuna<\/td><td class=\"column-2\">besz\u00e1mol\u00f3<\/td><td class=\"column-3\"><a target=\"_blank\" href=\"\/tajfuto\/velunktortent\/2015\/10mila_aron.pdf\" title=\"\" >A t\u00f6k\u00e9letes nap (Bak\u00f3 \u00c1ron)<\/a><\/td>\n\t<\/tr>\n\t<tr class=\"row-14 even\">\n\t\t<td class=\"column-1\">Idei szparis<br \/>\r\nv\u00e1logatottjaink<\/td><td class=\"column-2\">besz\u00e1mol\u00f3<\/td><td class=\"column-3\"><a target=\"_blank\" href=\"\/tajfuto\/velunktortent\/2015\/2015_szparis-valogatottak.pdf\" title=\"\" >Szparis v\u00e1logatottak (Gyalog Zoli)<\/a><\/td>\n\t<\/tr>\n\t<tr class=\"row-15 odd\">\n\t\t<td rowspan=\"3\" class=\"column-1 rowspan-3\">\u00c9vz\u00e1r\u00f3 szakoszt\u00e1lygy\u0171l\u00e9s<br \/>\r\n2015.01.10<br \/>\r\nG\u00e1nt<\/td><td class=\"column-2\">f\u00e9nyk\u00e9pek<\/td><td class=\"column-3\"><a target=\"_blank\" href=\"https:\/\/www.flickr.com\/photos\/101487580@N03\/sets\/72157649835020260\/\">M\u00e1th\u00e9 Istv\u00e1n<\/a><\/td>\n\t<\/tr>\n\t<tr class=\"row-16 even\">\n\t\t<td class=\"column-2\">besz\u00e1mol\u00f3k<\/td><td class=\"column-3\"><a target=\"_blank\" href=\"\/tajfuto\/2015\/2014_evzaro\/evzaro-beszamolo_150110_j.pdf\" title=\"\" >Szakoszt\u00e1lygy\u0171l\u00e9s (Gyalog T\u00f3dor)<\/a><br \/>\r\n<a target=\"_blank\" href=\"\/tajfuto\/2015\/2014_evzaro\/2014-rol_tajf-szo_besz_j2.pdf\" title=\"\" >\u00c9ves besz\u00e1mol\u00f3 (Gyalog T\u00f3dor)<\/a><br \/>\r\n<a target=\"_blank\" href=\"\/tajfuto\/2015\/2014_evzaro\/vezeto_edzoi_beszamolo_2014_j.doc\" title=\"\" >Vezet\u0151 edz\u0151i besz\u00e1mol\u00f3 (Gyalog Zoli)<\/a><br \/>\r\n<a target=\"_blank\" href=\"\/tajfuto\/2015\/2014_evzaro\/eves_szemelyi_ertekeles_j.pdf\" title=\"\" >Szem\u00e9lyi \u00e9rt\u00e9kel\u00e9s (Gyalog Zoli)<\/a><\/td>\n\t<\/tr>\n\t<tr class=\"row-17 odd\">\n\t\t<td class=\"column-2\">min\u0151s\u00edt\u00e9sek, rangsorpontok<\/td><td class=\"column-3\"><a target=\"_blank\" href=\"\/tajfuto\/2015\/2014_evzaro\/2014_spa_minositesek-szoveg.pdf\" title=\"\" >Min\u0151s\u00edt\u00e9sek \u00f6sszes\u00edt\u00e9s<\/a><br \/>\r\n<a target=\"_blank\" href=\"\/tajfuto\/2015\/2014_evzaro\/2014_spa-minositesek.pdf\" title=\"\" >Min\u0151s\u00edt\u00e9sek n\u00e9v szerint<\/a><br \/>\r\n<a target=\"_blank\" href=\"\/tajfuto\/2015\/2014_evzaro\/2014_spa-min-ranglista.pdf\" title=\"\" >Rangsorpontok<\/a><\/td>\n\t<\/tr>\n<\/tbody>\n<\/table>\n\n<p><!--more--><\/p>\n<p><a href=\"http:\/\/www.tabanispartacus.hu\/tajfuto\/wordpress\/?page_id=550\">Vel\u00fcnk t\u00f6rt\u00e9nt kor\u00e1bban<\/a><\/p>\n","protected":false},"excerpt":{"rendered":"","protected":false},"author":1,"featured_media":0,"parent":0,"menu_order":0,"comment_status":"closed","ping_status":"closed","template":"","meta":{"ngg_post_thumbnail":0},"_links":{"self":[{"href":"https:\/\/www.tabanispartacus.hu\/tajfuto\/wordpress\/index.php?rest_route=\/wp\/v2\/pages\/2316"}],"collection":[{"href":"https:\/\/www.tabanispartacus.hu\/tajfuto\/wordpress\/index.php?rest_route=\/wp\/v2\/pages"}],"about":[{"href":"https:\/\/www.tabanispartacus.hu\/tajfuto\/wordpress\/index.php?rest_route=\/wp\/v2\/types\/page"}],"author":[{"embeddable":true,"href":"https:\/\/www.tabanispartacus.hu\/tajfuto\/wordpress\/index.php?rest_route=\/wp\/v2\/users\/1"}],"replies":[{"embeddable":true,"href":"https:\/\/www.tabanispartacus.hu\/tajfuto\/wordpress\/index.php?rest_route=%2Fwp%2Fv2%2Fcomments&post=2316"}],"version-history":[{"count":4,"href":"https:\/\/www.tabanispartacus.hu\/tajfuto\/wordpress\/index.php?rest_route=\/wp\/v2\/pages\/2316\/revisions"}],"predecessor-version":[{"id":2520,"href":"https:\/\/www.tabanispartacus.hu\/tajfuto\/wordpress\/index.php?rest_route=\/wp\/v2\/pages\/2316\/revisions\/2520"}],"wp:attachment":[{"href":"https:\/\/www.tabanispartacus.hu\/tajfuto\/wordpress\/index.php?rest_route=%2Fwp%2Fv2%2Fmedia&parent=2316"}],"curies":[{"name":"wp","href":"https:\/\/api.w.org\/{rel}","templated":true}]}}