{"id":2305,"date":"2015-01-11T22:05:02","date_gmt":"2015-01-11T21:05:02","guid":{"rendered":"http:\/\/www.tabanispartacus.hu\/tajfuto\/wordpress\/?page_id=2305"},"modified":"2016-02-07T17:32:50","modified_gmt":"2016-02-07T16:32:50","slug":"versenyeink-2015-ben","status":"publish","type":"page","link":"https:\/\/www.tabanispartacus.hu\/tajfuto\/wordpress\/?page_id=2305","title":{"rendered":"Versenyeink 2015-ben"},"content":{"rendered":"<table>\n<tbody>\n<tr>\n<td style=\"font-size: 90%;\"><strong><a href=\"#dobogokoi\">XX. Dobog\u00f3k\u0151i Hegyi Fut\u00f3verseny<\/a><\/strong><\/td>\n<td style=\"font-size: 80%;\">2015. 11. 21., Dobog\u00f3k\u0151, Pilis\u2013Visegr\u00e1di-hegys\u00e9g<\/td>\n<\/tr>\n<tr>\n<td style=\"font-size: 90%;\"><strong><a href=\"#oszi\">63. \u0150szi Spartacus Kupa \/ 63st Autumn Spartacus Cup<\/a><\/strong><\/td>\n<td style=\"font-size: 80%;\">2015. 11. 07-08., G\u00e1nt-K\u00e1polnapuszta, V\u00e9rtes hg.<\/td>\n<\/tr>\n<tr>\n<td style=\"font-size: 90%;\"><strong><a href=\"#nyari\">Ny\u00e1ri Spartacus Kupa<\/a><\/strong><\/td>\n<td style=\"font-size: 80%;\">2015. 08. 05., Budapest<\/td>\n<\/tr>\n<tr>\n<td style=\"font-size: 90%;\"><strong><a href=\"#gellert-hegy\">Gell\u00e9rt-hegy Kupa<\/a><\/strong><\/td>\n<td style=\"font-size: 80%;\">2015. 06. 24., Budapest, Gell\u00e9rt-hegy<\/td>\n<\/tr>\n<tr>\n<td style=\"font-size: 90%;\"><strong><a href=\"#gazdagret\">Gazdagr\u00e9t Kupa<\/a><\/strong><\/td>\n<td style=\"font-size: 80%;\">2015. 05. 20., Budapest XI, Gazdagr\u00e9t, Csikihegyek \u00c1ltal\u00e1nos Iskola<\/td>\n<\/tr>\n<tr>\n<td style=\"font-size: 90%;\"><strong><a href=\"#gladiator\">Gladi\u00e1tor Kupa<\/a><\/strong><\/td>\n<td style=\"font-size: 80%;\">2015. 04. 29., Budapest, V\u00e9rmez\u0151<\/td>\n<\/tr>\n<tr>\n<td style=\"font-size: 90%;\"><strong><a href=\"#tavaszi\">52. Tavaszi Spartacus Kupa \/ 52st Spring Spartacus Cup<\/a><\/strong><\/td>\n<td style=\"font-size: 80%;\">2015. 03. 14-15., V\u00e9rteskozma, V\u00e9rtes-hg.<\/td>\n<\/tr>\n<\/tbody>\n<\/table>\n<p>&nbsp;<\/p>\n<p><strong id=\"dobogokoi\">XX. Dobog\u00f3k\u0151i Hegyi Fut\u00f3verseny<\/strong><br \/>\n<em>2015. 11.21., Dobog\u00f3k\u0151, Pilis\u2013Visegr\u00e1di-hegys\u00e9g<\/em><\/p>\n<ul>\n<li><a href=\"http:\/\/www.tabanispartacus.hu\/tajfuto\/2015\/dobogokoi\/2015dko-kiiras_150618.pdf\" target=\"_blank\">Ki\u00edr\u00e1s<\/a><\/li>\n<li><a href=\"https:\/\/www.facebook.com\/dobogokoihegyifuto\" target=\"_blank\">Facebook<\/a><\/li>\n<li><a href=\"http:\/\/www.tabanispartacus.hu\/tajfuto\/wordpress\/wp-content\/uploads\/2015\/11\/2015_dobogokoi_si.html\" target=\"_blank\">Eredm\u00e9nyek<\/a><\/li>\n<li><a href=\"http:\/\/www.tabanispartacus.hu\/tajfuto\/2015\/dobogokoi\/2015_dko_tura_eredm_j.pdf\" target=\"_blank\">T\u00faraeredm\u00e9nyek<\/a><\/li>\n<li><a href=\"https:\/\/www.flickr.com\/photos\/101487580@N03\/albums\/72157659184252104\" target=\"_blank\">F\u00e9nyk\u00e9pek<\/a><\/li>\n<\/ul>\n<p><strong id=\"oszi\">63. \u0150szi Spartacus Kupa \/ 63st Autumn Spartacus Cup<\/strong><br \/>\n<em>2015. 11.07-08., G\u00e1nt-K\u00e1polnapuszta, V\u00e9rtes hg<\/em><\/p>\n<ul>\n<li><a href=\"http:\/\/www.tabanispartacus.hu\/tajfuto\/2015\/oszi\/2015_osp_kappsz_kiiras1_hu.doc\" target=\"_blank\">Ki\u00edr\u00e1s<\/a> \/ <a href=\"http:\/\/www.tabanispartacus.hu\/tajfuto\/2015\/oszi\/2015_osp_kappsz_kiiras1_en.doc\" target=\"_blank\">Invitation<\/a><\/li>\n<li><a href=\"https:\/\/www.facebook.com\/events\/629749300499367\/\">Facebook<\/a><\/li>\n<li><a href=\"https:\/\/www.youtube.com\/watch?v=5asrINSnriw&amp;feature=youtu.be\">Promo video<\/a><\/li>\n<li><a href=\"http:\/\/www.tabanispartacus.hu\/tajfuto\/2015\/oszi\/15-oszi-ert-hu_20151104j.pdf\">\u00c9rtes\u00edt\u0151<\/a> \/ <a href=\"http:\/\/www.tabanispartacus.hu\/tajfuto\/2015\/oszi\/15-autumn-spa-eng-1104j.pdf\">Information<\/a><\/li>\n<li><a href=\"http:\/\/www.tabanispartacus.hu\/tajfuto\/2015\/oszi\/ospari15_klub.html\">Rajtlista klubonk\u00e9nt<\/a><\/li>\n<li><a href=\"http:\/\/www.tabanispartacus.hu\/tajfuto\/2015\/oszi\/ospari15_rajtlista.html\">Rajtlista kateg\u00f3ri\u00e1nk\u00e9nt<\/a><\/li>\n<li><\/li>\n<li><a title=\"Eredm\u00e9nyek\/Results\" href=\"http:\/\/www.tabanispartacus.hu\/tajfuto\/wordpress\/wp-content\/uploads\/2015\/11\/1nap.html\">Eredm\u00e9nyek (1. nap) \/ Results (day 1)<\/a><\/li>\n<li><a title=\"R\u00e9szid\u0151s eredm\u00e9nyek\/Split time results\" href=\"http:\/\/www.tabanispartacus.hu\/tajfuto\/wordpress\/wp-content\/uploads\/2015\/11\/1nap_si.html\">R\u00e9szid\u0151s eredm\u00e9nyek (1. nap) \/ Split time results (day 1)<\/a><\/li>\n<li><span style=\"color: #0000ff;\"><strong><a href=\"http:\/\/www.tabanispartacus.hu\/tajfuto\/2015\/oszi\/kiralyatmenet_eredmenyek_v3.pdf\"><span style=\"color: #0000ff;\">Kir\u00e1ly\u00e1tmenet eredm\u00e9nyek<\/span><\/a><\/strong><\/span><\/li>\n<li><a title=\"Eredm\u00e9nyek\/Results\" href=\"http:\/\/www.tabanispartacus.hu\/tajfuto\/wordpress\/wp-content\/uploads\/2015\/11\/2nap.html\">Eredm\u00e9nyek (2. nap) \/ Results (day 2)<\/a><\/li>\n<li><a title=\"R\u00e9szid\u0151s eredm\u00e9nyek\/Split time results\" href=\"http:\/\/www.tabanispartacus.hu\/tajfuto\/wordpress\/wp-content\/uploads\/2015\/11\/2nap_si.html\">R\u00e9szid\u0151s eredm\u00e9nyek (2. nap) \/ Split time results (day 2)<\/a><\/li>\n<li><span style=\"color: #0000ff;\"><strong><a title=\"R\u00e9szid\u0151s eredm\u00e9nyek\/Split time results\" href=\"http:\/\/www.tabanispartacus.hu\/tajfuto\/2015\/oszi\/osszetett.html\"><span style=\"color: #0000ff;\">\u00d6sszetett eredm\u00e9nyek<\/span><\/a><\/strong><\/span><\/li>\n<li><a href=\"http:\/\/www.tabanispartacus.hu\/tajfuto\/wordpress\/wp-content\/uploads\/2015\/11\/2015_oszi_labirintus.html\" target=\"_blank\">Labirintus eredm\u00e9nyek<\/a><\/li>\n<\/ul>\n<div>\n<p><strong id=\"nyari\">Ny\u00e1ri Spartacus Kupa<\/strong><br \/>\n2015.08.05.<\/p>\n<ul>\n<li><a href=\"http:\/\/www.tabanispartacus.hu\/tajfuto\/2015\/nyari\/nyari_spa2015.pdf\" target=\"_blank\">\u00c9rtes\u00edt\u0151<\/a><\/li>\n<li><a href=\"http:\/\/www.tabanispartacus.hu\/tajfuto\/2015\/nyari\/nyarispari2015_eredm.pdf\" target=\"_blank\">Eredm\u00e9nyek<\/a><\/li>\n<\/ul>\n<p><strong id=\"gellert-hegy\">Gell\u00e9rt-hegy kupa<\/strong><br \/>\n2015.06.24., Budapest, Gell\u00e9rt-hegy<\/p>\n<ul>\n<li><a href=\"http:\/\/www.tabanispartacus.hu\/tajfuto\/2015\/gellert-hegy\/gellertjav.docx\" target=\"_blank\">Ki\u00edr\u00e1s<\/a><\/li>\n<li><a href=\"http:\/\/www.tabanispartacus.hu\/tajfuto\/2015\/gellert-hegy\/gellertertesito.pdf\" target=\"_blank\">\u00c9rtes\u00edt\u0151<\/a><\/li>\n<li><a href=\"http:\/\/www.tabanispartacus.hu\/tajfuto\/2015\/gellert-hegy\/gellerthegy_eredmenyekx.pdf\" target=\"_blank\">Eredm\u00e9nyek<\/a><\/li>\n<\/ul>\n<p><strong id=\"gazdagret\">Gazdagr\u00e9t Kupa<\/strong><br \/>\n<em>2015. 05. 20., Budapest XI, Gazdagr\u00e9t, Csikihegyek \u00c1ltal\u00e1nos Iskola<\/em><\/p>\n<ul>\n<li><a href=\"http:\/\/www.tabanispartacus.hu\/tajfuto\/2015\/gazdagret\/gazdagret_kupa_ertesitox_2015.pdf\" target=\"_blank\">\u00c9rtes\u00edt\u0151<\/a><\/li>\n<li><a href=\"http:\/\/www.tabanispartacus.hu\/tajfuto\/2015\/gazdagret\/kisverseny_gazdagret_kupa_m.pdf\" target=\"_blank\">Eredm\u00e9nyek<\/a><\/li>\n<\/ul>\n<\/div>\n<div>\n<p><strong id=\"gladiator\">Gladi\u00e1tor Kupa<\/strong><br \/>\n<em>2015. 04. 29., V\u00e9rmez\u0151, Budapest<\/em><\/p>\n<ul>\n<li><a href=\"http:\/\/mtfsz.hu\/versenyinfo\/10670_i_Gladiator_kupa_2015.pdf\" target=\"_blank\">\u00c9rtes\u00edt\u0151<\/a><\/li>\n<li><a href=\"http:\/\/www.tabanispartacus.hu\/tajfuto\/2015\/gladiator\/gladiator_eredmenyek_2015u.pdf\" target=\"_blank\">Eredm\u00e9nyek<\/a><\/li>\n<\/ul>\n<\/div>\n<p><strong id=\"tavaszi\">52.Tavaszi Spartacus Kupa \/ 52st Spring Spartacus Cup<\/strong><br \/>\n<em>2015. 03. 14-15., V\u00e9rteskozma, <em>V\u00e9rtes-hg<\/em><\/em><\/p>\n<ul>\n<li><strong style=\"font-size: 16px;\"><a title=\"TAVASZI SPARTACUS KUPA NEMZETK\u00d6ZI T\u00c1J\u00c9KOZ\u00d3D\u00c1SI FUT\u00d3VERSENY KI\u00cdR\u00c1SA\" href=\"http:\/\/www.tabanispartacus.hu\/tajfuto\/2015\/Tavaszi\/15tspk_hu_kiiras_150105.pdf\">Ki\u00edr\u00e1s<\/a> \/ <\/strong><strong style=\"font-size: 16px;\"><a title=\"INVITATION \u2013 SPRING SPARTACUS CUP\" href=\"http:\/\/www.tabanispartacus.hu\/tajfuto\/2015\/Tavaszi\/15tspk_en_kiiras_150105.pdf\">Invitation<\/a><\/strong><\/li>\n<li><a style=\"font-size: 16px;\" href=\"http:\/\/www.tabanispartacus.hu\/tajfuto\/2015\/Tavaszi\/Palyaadatok2.pdf\">P\u00e1lyaadatok<\/a><span style=\"font-size: 16px;\"> \/ <\/span><a style=\"font-size: 16px;\" href=\"http:\/\/www.tabanispartacus.hu\/tajfuto\/2015\/Tavaszi\/Palyaadatok_en2.pdf\">Data of the courses<\/a><\/li>\n<li><a style=\"font-size: 16px;\" href=\"http:\/\/www.tabanispartacus.hu\/tajfuto\/wordpress\/wp-content\/uploads\/2015\/01\/1-TSpKErtesito15-9_hu.pdf\">\u00c9rtes\u00edt\u0151<\/a><span style=\"font-size: 16px;\">   \/  <\/span><a style=\"font-size: 16px;\" href=\"http:\/\/www.tabanispartacus.hu\/tajfuto\/wordpress\/wp-content\/uploads\/2015\/01\/2-TSpKErtesito15-9_en.pdf\">Information<\/a><\/li>\n<li><a style=\"font-size: 16px;\" href=\"http:\/\/www.tabanispartacus.hu\/tajfuto\/2015\/Tavaszi\/tspari15_rajtlista.pdf\"><span style=\"font-size: medium;\">Rajtlista k<\/span>ateg\u00f3ri\u00e1nk\u00e9nt<\/a><\/li>\n<li><a style=\"font-size: 16px;\" href=\"http:\/\/www.tabanispartacus.hu\/tajfuto\/2015\/Tavaszi\/klub.html\">Rajtlista klubonk\u00e9nt<\/a><\/li>\n<li><a style=\"font-size: 16px;\" href=\"http:\/\/www.tabanispartacus.hu\/tajfuto\/wordpress\/wp-content\/uploads\/2015\/01\/rajt2.html\">2. napi vad\u00e1szrajt rajtlista<\/a><\/li>\n<li><\/li>\n<li><a href=\"http:\/\/www.tabanispartacus.hu\/tajfuto\/2015\/Tavaszi\/1nap_ered.htm\">1. napi eredm\u00e9nyek<\/a><\/li>\n<li><a href=\"http:\/\/www.tabanispartacus.hu\/tajfuto\/2015\/Tavaszi\/1nap_si.htm\">1. napi r\u00e9szid\u0151s eredm\u00e9nyek<\/a><\/li>\n<li><a href=\"http:\/\/www.tabanispartacus.hu\/tajfuto\/2015\/Tavaszi\/kozeptav.html\">Budapest Ny\u00edlt K\u00f6z\u00e9pt\u00e1v\u00faBajnoks\u00e1ga<\/a><\/li>\n<li><a href=\"http:\/\/www.tabanispartacus.hu\/tajfuto\/2015\/Tavaszi\/2nap_ered.html\">2.napi eredm\u00e9nyek<\/a><\/li>\n<li><a href=\"http:\/\/www.tabanispartacus.hu\/tajfuto\/2015\/Tavaszi\/2nap_si.html\">2.napi r\u00e9szid\u0151s eredm\u00e9nyek<\/a><\/li>\n<li><a href=\"http:\/\/www.tabanispartacus.hu\/tajfuto\/2015\/Tavaszi\/normaltav.html\">Budapest Ny\u00edlt Norm\u00e1lt\u00e1v\u00fa Bajnoks\u00e1ga<\/a><\/li>\n<li><a href=\"http:\/\/www.tabanispartacus.hu\/tajfuto\/2015\/Tavaszi\/osszetett.html\">\u00d6sszetett eredm\u00e9nyek<\/a><\/li>\n<\/ul>\n","protected":false},"excerpt":{"rendered":"<p>XX. Dobog\u00f3k\u0151i Hegyi Fut\u00f3verseny 2015. 11. 21., Dobog\u00f3k\u0151, Pilis\u2013Visegr\u00e1di-hegys\u00e9g 63. \u0150szi Spartacus Kupa \/ 63st Autumn Spartacus Cup 2015. 11. 07-08., G\u00e1nt-K\u00e1polnapuszta, V\u00e9rtes hg. Ny\u00e1ri Spartacus Kupa 2015. 08. 05., Budapest Gell\u00e9rt-hegy Kupa 2015. 06. 24., Budapest, Gell\u00e9rt-hegy Gazdagr\u00e9t Kupa 2015. 05. 20., Budapest XI, Gazdagr\u00e9t, Csikihegyek \u00c1ltal\u00e1nos Iskola Gladi\u00e1tor Kupa 2015. 04. 29., Budapest, &hellip; <a href=\"https:\/\/www.tabanispartacus.hu\/tajfuto\/wordpress\/?page_id=2305\" class=\"more-link\"><span class=\"screen-reader-text\">Versenyeink 2015-ben<\/span> olvas\u00e1s\u00e1nak folytat\u00e1sa <span class=\"meta-nav\">&rarr;<\/span><\/a><\/p>\n","protected":false},"author":1,"featured_media":0,"parent":0,"menu_order":0,"comment_status":"closed","ping_status":"closed","template":"","meta":{"ngg_post_thumbnail":0},"_links":{"self":[{"href":"https:\/\/www.tabanispartacus.hu\/tajfuto\/wordpress\/index.php?rest_route=\/wp\/v2\/pages\/2305"}],"collection":[{"href":"https:\/\/www.tabanispartacus.hu\/tajfuto\/wordpress\/index.php?rest_route=\/wp\/v2\/pages"}],"about":[{"href":"https:\/\/www.tabanispartacus.hu\/tajfuto\/wordpress\/index.php?rest_route=\/wp\/v2\/types\/page"}],"author":[{"embeddable":true,"href":"https:\/\/www.tabanispartacus.hu\/tajfuto\/wordpress\/index.php?rest_route=\/wp\/v2\/users\/1"}],"replies":[{"embeddable":true,"href":"https:\/\/www.tabanispartacus.hu\/tajfuto\/wordpress\/index.php?rest_route=%2Fwp%2Fv2%2Fcomments&post=2305"}],"version-history":[{"count":77,"href":"https:\/\/www.tabanispartacus.hu\/tajfuto\/wordpress\/index.php?rest_route=\/wp\/v2\/pages\/2305\/revisions"}],"predecessor-version":[{"id":2310,"href":"https:\/\/www.tabanispartacus.hu\/tajfuto\/wordpress\/index.php?rest_route=\/wp\/v2\/pages\/2305\/revisions\/2310"}],"wp:attachment":[{"href":"https:\/\/www.tabanispartacus.hu\/tajfuto\/wordpress\/index.php?rest_route=%2Fwp%2Fv2%2Fmedia&parent=2305"}],"curies":[{"name":"wp","href":"https:\/\/api.w.org\/{rel}","templated":true}]}}