{"id":1870,"date":"2014-02-23T15:56:02","date_gmt":"2014-02-23T14:56:02","guid":{"rendered":"http:\/\/www.tabanispartacus.hu\/tajfuto\/wordpress\/?page_id=1870"},"modified":"2014-02-23T16:05:25","modified_gmt":"2014-02-23T15:05:25","slug":"sajtonk-2012","status":"publish","type":"page","link":"https:\/\/www.tabanispartacus.hu\/tajfuto\/wordpress\/?page_id=1870","title":{"rendered":"Sajt\u00f3nk 2012"},"content":{"rendered":"\n<table id=\"wp-table-reloaded-id-11-no-1\" class=\"wp-table-reloaded wp-table-reloaded-id-11\">\n<thead>\n\t<tr class=\"row-1 odd\">\n\t\t<th class=\"column-1\"><\/th><th class=\"column-2\"><b>\u00dajs\u00e1g neve, sz\u00e1ma<\/b><\/th><th class=\"column-3\"><b>oldal<\/b><\/th><th class=\"column-4\"><\/th><th class=\"column-5\"><b>Cikk c\u00edme<\/b><\/th><th class=\"column-6\"><b>Cikk szerz\u0151je<\/b><\/th>\n\t<\/tr>\n<\/thead>\n<tbody>\n\t<tr class=\"row-2 even\">\n\t\t<td rowspan=\"37\" class=\"column-1 rowspan-37\">2012<\/td><td class=\"column-2\"><a target='_blank' href='\/tajfuto\/sajtonk\/2012\/12-2tajolo_3_mtfsz-kozgy.jpg'>T\u00e1jol\u00f3, 12\/2<\/a><\/td><td class=\"column-3\">3<\/td><td class=\"column-4\">T12\/03<\/td><td class=\"column-5\">MTFSZ k\u00f6zgy\u0171l\u00e9s \/ D\u00edjak \u00e1tad\u00e1sa \/ Ripsz\u00e1m Henrik-d\u00edjat kapott: Gyalog L\u00e1szl\u00f3 <\/td><td class=\"column-6\">\u2014<\/td>\n\t<\/tr>\n\t<tr class=\"row-3 odd\">\n\t\t<td class=\"column-2\"><a target='_blank' href='\/tajfuto\/sajtonk\/2012\/12-2tajolo_4-5_mtfsz-kozgy.jpg'>T\u00e1jol\u00f3, 12\/2<\/a><\/td><td class=\"column-3\">4\u20135<\/td><td class=\"column-4\">T12\/03<\/td><td class=\"column-5\">H\u00edrek az MTFSZ-b\u0151l; Az \u00e9v edz\u0151je d\u00edj: Gyalog Zolt\u00e1n; f\u00e9nyk\u00e9p: Egy csal\u00e1d, k\u00e9t d\u00edj <\/td><td class=\"column-6\">mtfsz.hu, fot\u00f3 M\u00e1th\u00e9 Istv\u00e1n<\/td>\n\t<\/tr>\n\t<tr class=\"row-4 even\">\n\t\t<td class=\"column-2\"><a target='_blank' href='\/tajfuto\/sajtonk\/2012\/12-2tajolo_6-7_bp-up-val_marci-tilla.jpg'>T\u00e1jol\u00f3, 12\/2<\/a><\/td><td class=\"column-3\">6\u20137<\/td><td class=\"column-4\">T12\/03<\/td><td class=\"column-5\">Budapest ut\u00e1np\u00f3tl\u00e1s v\u00e1logatottja \/ Zacher M\u00e1rton, Bal\u00e1zs Ot\u00edlia<\/td><td class=\"column-6\">\u2014<\/td>\n\t<\/tr>\n\t<tr class=\"row-5 odd\">\n\t\t<td class=\"column-2\"><a target='_blank' href='\/tajfuto\/sajtonk\/2012\/12-3tajolo_2_tavaszispk.jpg'>T\u00e1jol\u00f3, 12\/3<\/a><\/td><td class=\"column-3\">2<\/td><td class=\"column-4\">T12\/03<\/td><td class=\"column-5\">Versenybesz\u00e1mol\u00f3 \/ Tavaszi Spartacus Kupa<\/td><td class=\"column-6\">Schell A., fot\u00f3 M\u00e1th\u00e9 I.<\/td>\n\t<\/tr>\n\t<tr class=\"row-6 even\">\n\t\t<td class=\"column-2\"><a target='_blank' href='\/tajfuto\/sajtonk\/2012\/12-3tajolo_9_bp-val_bako-bugic.jpg'>T\u00e1jol\u00f3, 12\/3<\/a><\/td><td class=\"column-3\">9<\/td><td class=\"column-4\">T12\/03<\/td><td class=\"column-5\">Budapest  v\u00e1logatottak \/ Bak\u00f3 \u00c1ron, Bug\u00e1r Gergely<\/td><td class=\"column-6\">\u2014<\/td>\n\t<\/tr>\n\t<tr class=\"row-7 odd\">\n\t\t<td class=\"column-2\"><a target='_blank' href='\/tajfuto\/sajtonk\/2012\/12-3tajolo_31_legn_up-klub1.jpg'>T\u00e1jol\u00f3, 12\/3<\/a><\/td><td class=\"column-3\">31<\/td><td class=\"column-4\">T12\/03<\/td><td class=\"column-5\">A legnagyobb hazai ut\u00e1np\u00f3tl\u00e1s klub 1<\/td><td class=\"column-6\">Kov\u00e1cs Bal\u00e1zs (fot\u00f3: Sulyok \u00c1bel)<\/td>\n\t<\/tr>\n\t<tr class=\"row-8 even\">\n\t\t<td class=\"column-2\"><a target='_blank' href='\/tajfuto\/sajtonk\/2012\/12-3tajolo_32-33_legn_up-klub2-3.jpg'>T\u00e1jol\u00f3, 12\/3<\/a><\/td><td class=\"column-3\">32\u201333<\/td><td class=\"column-4\">T12\/03<\/td><td class=\"column-5\">A legnagyobb hazai ut\u00e1np\u00f3tl\u00e1s klub 2\u20133<\/td><td class=\"column-6\"><\/td>\n\t<\/tr>\n\t<tr class=\"row-9 odd\">\n\t\t<td class=\"column-2\"><a target='_blank' href='\/tajfuto\/sajtonk\/2012\/12-3tajolo_hatlap_f20dobogo.jpg'>T\u00e1jol\u00f3, 12\/3<\/a><\/td><td class=\"column-3\">h\u00e1tlap<\/td><td class=\"column-4\">T12\/03<\/td><td class=\"column-5\">Junior l\u00e1nyok \u00e9s fi\u00fak a dobog\u00f3n a Hossz\u00fat\u00e1v\u00fa OB-n (1. Bak\u00f3, 2. Liszka)<\/td><td class=\"column-6\">\u2014<\/td>\n\t<\/tr>\n\t<tr class=\"row-10 even\">\n\t\t<td class=\"column-2\"><a target='_blank' href='\/tajfuto\/sajtonk\/2012\/12-4tajolo_6_bp-val_liszka_e-k.jpg'>T\u00e1jol\u00f3, 12\/4<\/a><\/td><td class=\"column-3\">6<\/td><td class=\"column-4\">T12\/04<\/td><td class=\"column-5\">Budapest  v\u00e1logatottak \/ Liszka Eszter, Liszka Kriszti\u00e1n<\/td><td class=\"column-6\">\u2014<\/td>\n\t<\/tr>\n\t<tr class=\"row-11 odd\">\n\t\t<td class=\"column-2\"><a target='_blank' href='\/tajfuto\/sajtonk\/2012\/12-4tajolo_11_tipok_lengyela_szparis-valto-3.jpg'>T\u00e1jol\u00f3, 12\/4<\/a><\/td><td class=\"column-3\">11<\/td><td class=\"column-4\">T12\/04<\/td><td class=\"column-5\">F\u00e9nyk\u00e9p (Versenybesz\u00e1mol\u00f3 \/ Tip\u00f3 Kupa): 3. szparis v\u00e1lt\u00f3 (Lengyel \u00c1d\u00e1m)<\/td><td class=\"column-6\">\u2014<\/td>\n\t<\/tr>\n\t<tr class=\"row-12 even\">\n\t\t<td class=\"column-2\"><a target='_blank' href='\/tajfuto\/sajtonk\/2012\/12-4tajolo_30-31_60eves-a-szpari_1-2.jpg'>T\u00e1jol\u00f3, 12\/4<\/a><\/td><td class=\"column-3\">30\u201331<\/td><td class=\"column-4\">T12\/04<\/td><td class=\"column-5\">Jubileum: 60 \u00e9ves a Szpari 1-2<\/td><td class=\"column-6\">Gyalog L\u00e1szl\u00f3 (fot\u00f3: M\u00e1th\u00e9 Istv\u00e1n) <\/td>\n\t<\/tr>\n\t<tr class=\"row-13 odd\">\n\t\t<td class=\"column-2\"><a target='_blank' href='\/tajfuto\/sajtonk\/2012\/12-4tajolo_32_60eves-a-szpari_3.jpg'>T\u00e1jol\u00f3, 12\/4<\/a><\/td><td class=\"column-3\">32<\/td><td class=\"column-4\">T12\/04<\/td><td class=\"column-5\">Jubileum: 60 \u00e9ves a Szpari 3<\/td><td class=\"column-6\"><\/td>\n\t<\/tr>\n\t<tr class=\"row-14 even\">\n\t\t<td class=\"column-2\"><a target='_blank' href='\/tajfuto\/sajtonk\/2012\/12-5tajolo_7_bp-val_sulyok-weiler.jpg'>T\u00e1jol\u00f3, 12\/5<\/a><\/td><td class=\"column-3\">7<\/td><td class=\"column-4\">T12\/05<\/td><td class=\"column-5\">Budapest  v\u00e1logatottak \/ Sulyok \u00c1bel, Weiler Vir\u00e1g<\/td><td class=\"column-6\">\u2014<\/td>\n\t<\/tr>\n\t<tr class=\"row-15 odd\">\n\t\t<td class=\"column-2\"><a target='_blank' href='\/tajfuto\/sajtonk\/2012\/12-5tajolo_30-31_vertesi_diakolimpia.jpg'>T\u00e1jol\u00f3, 12\/5<\/a><\/td><td class=\"column-3\">30\u201331<\/td><td class=\"column-4\">T12\/05<\/td><td class=\"column-5\">V\u00e9rtesi di\u00e1kolimpia<\/td><td class=\"column-6\">(mtfsz.hu)[Gyalog L.], fot\u00f3 Nemesh\u00e1zi I.<\/td>\n\t<\/tr>\n\t<tr class=\"row-16 even\">\n\t\t<td class=\"column-2\"><a target='_blank' href='\/tajfuto\/sajtonk\/2012\/12-5tajolo_hatlap_odol-ffi-valto_7_spa-s.jpg'>T\u00e1jol\u00f3, 12\/5<\/a><\/td><td class=\"column-3\">h\u00e1tlap<\/td><td class=\"column-4\">T12\/05<\/td><td class=\"column-5\">A f\u00e9rfi v\u00e1lt\u00f3 eredm\u00e9nyhirdet\u00e9se (ODOL): I. Bp. 2-es, II.  I. Bp. 1-es,  III. Bp. 3-as csapata <\/td><td class=\"column-6\">\u2014<\/td>\n\t<\/tr>\n\t<tr class=\"row-17 odd\">\n\t\t<td class=\"column-2\"><a target='_blank' href='\/tajfuto\/sajtonk\/2012\/12-6tajolo_8_kob-f14_1.patrik_foto.jpg'>T\u00e1jol\u00f3, 12\/6<\/a><\/td><td class=\"column-3\">8<\/td><td class=\"column-4\">T12\/06<\/td><td class=\"column-5\">KOB, m\u00e9gKOBb, leginkobb<\/td><td class=\"column-6\">Lux Iv\u00e1n (fot\u00f3: M\u00e1th\u00e9 Istv\u00e1n) <\/td>\n\t<\/tr>\n\t<tr class=\"row-18 even\">\n\t\t<td class=\"column-2\"><a target='_blank' href='\/tajfuto\/sajtonk\/2012\/12-6tajolo_10-11_jwoc-2012.jpg'>T\u00e1jol\u00f3, 12\/6<\/a><\/td><td class=\"column-3\">10\u201311<\/td><td class=\"column-4\">T12\/06<\/td><td class=\"column-5\">JWOC, 2012. j\u00falius 6\u201314. Kassa<\/td><td class=\"column-6\">Zempl\u00e9ni R\u00e9ka (fot\u00f3: M\u00e1th\u00e9 Istv\u00e1n) <\/td>\n\t<\/tr>\n\t<tr class=\"row-19 odd\">\n\t\t<td class=\"column-2\"><a target='_blank' href='\/tajfuto\/sajtonk\/2012\/12-6tajolo_16_ifjusagieb.jpg'>T\u00e1jol\u00f3, 12\/6<\/a><\/td><td class=\"column-3\">16<\/td><td class=\"column-4\">T12\/06<\/td><td class=\"column-5\">Ifj\u00fas\u00e1gi EB<\/td><td class=\"column-6\">\u2014<\/td>\n\t<\/tr>\n\t<tr class=\"row-20 even\">\n\t\t<td class=\"column-2\"><a target='_blank' href='\/tajfuto\/sajtonk\/2012\/12-6tajolo_36_ovb-f14_1.es3.spa_foto.jpg'>T\u00e1jol\u00f3, 12\/6<\/a><\/td><td class=\"column-3\">36<\/td><td class=\"column-4\">T12\/06<\/td><td class=\"column-5\">(L\u00e9pesm\u00e9zbe s\u00fcllyed\u0151 puha moha \u2013 OVB-r\u0151l) \/ F14_1. \u00e9s 3. SPA (fot\u00f3)<\/td><td class=\"column-6\">Zempl\u00e9ni R\u00e9ka (fot\u00f3: M\u00e1th\u00e9 Istv\u00e1n) <\/td>\n\t<\/tr>\n\t<tr class=\"row-21 odd\">\n\t\t<td class=\"column-2\"><a target='_blank' href='\/tajfuto\/sajtonk\/2012\/12-7tajolo_4-5_rob-foto_f20dobogo,petra.jpg'>T\u00e1jol\u00f3, 12\/7<\/a><\/td><td class=\"column-3\">4\u20135<\/td><td class=\"column-4\">T12\/07<\/td><td class=\"column-5\">(Sprint Bajnoks\u00e1g Z\u00e1nk\u00e1n \u2013 ROB-r\u00f3l) \/ F20 dobog\u00f3, Petra (fot\u00f3)<\/td><td class=\"column-6\">Dosek \u00c1goston (fot\u00f3: M\u00e1th\u00e9 Istv\u00e1n) <\/td>\n\t<\/tr>\n\t<tr class=\"row-22 even\">\n\t\t<td class=\"column-2\"><a target='_blank' href='\/tajfuto\/sajtonk\/2012\/12-7tajolo_11_pcsb-foto_f16dobogo.jpg'>T\u00e1jol\u00f3, 12\/7<\/a><\/td><td class=\"column-3\">11<\/td><td class=\"column-4\">T12\/07<\/td><td class=\"column-5\">Pontbegy\u0171jt\u0151 CSB \u2013 Uzsa \/ F16-ban a SPA nyert a TTE \u00e9s a ZTC csapata el\u0151tt<\/td><td class=\"column-6\">Boz\u00e1n Gy\u00f6rgy (fot\u00f3: M\u00e1th\u00e9 Istv\u00e1n) <\/td>\n\t<\/tr>\n\t<tr class=\"row-23 odd\">\n\t\t<td class=\"column-2\"><a target='_blank' href='\/tajfuto\/sajtonk\/2012\/12-7tajolo_12_pcsb-foto_n16-n18dobogo.jpg'>T\u00e1jol\u00f3, 12\/7<\/a><\/td><td class=\"column-3\">12<\/td><td class=\"column-4\">T12\/07<\/td><td class=\"column-5\">Pontbegy\u0171jt\u0151 CSB \u2013 Uzsa \/ Az N16-os l\u00e1nyok dobog\u00f3ja; Az N18 kateg\u00f3ria eredm\u00e9nyhirdet\u00e9se (fot\u00f3k)<\/td><td class=\"column-6\"><\/td>\n\t<\/tr>\n\t<tr class=\"row-24 even\">\n\t\t<td class=\"column-2\"><a target='_blank' href='\/tajfuto\/sajtonk\/2012\/12-7tajolo_hatlap_pcsb-f14dobogo.jpg'>T\u00e1jol\u00f3, 12\/7<\/a><\/td><td class=\"column-3\">h\u00e1tlap<\/td><td class=\"column-4\">T12\/07<\/td><td class=\"column-5\">A Pontbegy\u0171jt\u0151 OCSB F14 kateg\u00f3ri\u00e1j\u00e1nak dobog\u00f3sai<\/td><td class=\"column-6\">\u2014<\/td>\n\t<\/tr>\n\t<tr class=\"row-25 odd\">\n\t\t<td class=\"column-2\"><a target='_blank' href='\/tajfuto\/sajtonk\/2012\/12-8tajolo_4-5_eovb_-spa-fotok.jpg'>T\u00e1jol\u00f3, 12\/8<\/a><\/td><td class=\"column-3\">4\u20135<\/td><td class=\"column-4\">T12\/08<\/td><td class=\"column-5\">(15 \u00e9ves az Egyes\u00fcleti V\u00e1lt\u00f3bajnoks\u00e1g) \/ A Spari f\u00e9rfi v\u00e1lt\u00f3ja edz\u0151j\u00fckkel, Szenior n\u0151i kateg\u00f3ri\u00e1k rajtja (Jeannette), Nagy a ny\u00fczsg\u00e9s az \u00e1tfut\u00f3 ponton (Viki)<\/td><td class=\"column-6\">Skul\u00f3 Marci (fot\u00f3: M\u00e1th\u00e9 Istv\u00e1n) <\/td>\n\t<\/tr>\n\t<tr class=\"row-26 even\">\n\t\t<td class=\"column-2\"><a target='_blank' href='\/tajfuto\/sajtonk\/2012\/12-8tajolo_9_ocsb_spa-f14-dobogo.jpg'>T\u00e1jol\u00f3, 12\/8<\/a><\/td><td class=\"column-3\">9<\/td><td class=\"column-4\">T12\/08<\/td><td class=\"column-5\">F\u00e9nyk\u00e9p (Kell-e nek\u00fcnk OCSB? ): F14 dobog\u00f3 (1. SPA1, 2. SPA2)<\/td><td class=\"column-6\">fot\u00f3: M\u00e1th\u00e9 Istv\u00e1n<\/td>\n\t<\/tr>\n\t<tr class=\"row-27 odd\">\n\t\t<td class=\"column-2\"><a target='_blank' href='\/tajfuto\/sajtonk\/2012\/12-8tajolo_20_orsi-rejtvenye.jpg'>T\u00e1jol\u00f3, 12\/8<\/a><\/td><td class=\"column-3\">20<\/td><td class=\"column-4\">T12\/08<\/td><td class=\"column-5\">Rejtv\u00e9ny<\/td><td class=\"column-6\">Krasznai Orsolya<\/td>\n\t<\/tr>\n\t<tr class=\"row-28 even\">\n\t\t<td class=\"column-2\"><a target='_blank' href='\/tajfuto\/sajtonk\/2012\/12-8tajolo_24_mosa-ocsb-n.jpg'>T\u00e1jol\u00f3, 12\/8<\/a><\/td><td class=\"column-3\">24<\/td><td class=\"column-4\">T12\/08<\/td><td class=\"column-5\">Nosztalgia besz\u00e9lget\u00e9s \u00e9s k\u00f6z\u00f6ns\u00e9gtal\u00e1lkoz\u00f3 (Mosa)<\/td><td class=\"column-6\">\/kissendre\/ (Kiss Endre)<\/td>\n\t<\/tr>\n\t<tr class=\"row-29 odd\">\n\t\t<td class=\"column-2\"><a target='_blank' href='\/tajfuto\/sajtonk\/2012\/12-8tajolo_30-31_ospk_gyl.jpg'>T\u00e1jol\u00f3, 12\/8<\/a><\/td><td class=\"column-3\">30\u201331<\/td><td class=\"column-4\">T12\/08<\/td><td class=\"column-5\">A 60. \u0150szi Spartacus Kupa a V\u00e9rtesben<\/td><td class=\"column-6\">Gyalog L\u00e1szl\u00f3 (fot\u00f3: M\u00e1th\u00e9 Istv\u00e1n \u00e9s Gyalog L\u00e1szl\u00f3)<\/td>\n\t<\/tr>\n\t<tr class=\"row-30 even\">\n\t\t<td class=\"column-2\"><a target='_blank' href='\/tajfuto\/sajtonk\/2012\/12-8tajolo_hatlap_oevb-spa-f-csapat.jpg'>T\u00e1jol\u00f3, 12\/8<\/a><\/td><td class=\"column-3\">h\u00e1tlap<\/td><td class=\"column-4\">T12\/08<\/td><td class=\"column-5\">C\u00e9lba \u00e9s a Tab\u00e1ni Spartacus gy\u0151ztes v\u00e1lt\u00f3ja az Egyes\u00fcleti V\u00e1lt\u00f3 OB-n<\/td><td class=\"column-6\">\u2014<\/td>\n\t<\/tr>\n\t<tr class=\"row-31 odd\">\n\t\t<td class=\"column-2\"><a target='_blank' href='\/tajfuto\/sajtonk\/2012\/120323varnegyed_torok_tajf-szakkor.jpg'>V\u00e1rnegyed, 2012.03.23.<\/a><\/td><td class=\"column-3\">6<\/td><td class=\"column-4\">V12\/03<\/td><td class=\"column-5\">T\u00f6r\u00f6kugrat\u00f3 t\u00e1jfut\u00f3 szakk\u00f6r<\/td><td class=\"column-6\">V.L. (Vass L\u00e1szl\u00f3)<\/td>\n\t<\/tr>\n\t<tr class=\"row-32 even\">\n\t\t<td class=\"column-2\"><a target='_blank' href='\/tajfuto\/sajtonk\/2012\/120505varnegyed_feszt_sp-term-egeszs.jpg'>V\u00e1rnegyed, 2012.05.05.<\/a><\/td><td class=\"column-3\"><\/td><td class=\"column-4\">V12\/05<\/td><td class=\"column-5\">Sport, term\u00e9szet, eg\u00e9szs\u00e9g<\/td><td class=\"column-6\">Vass L\u00e1szl\u00f3<\/td>\n\t<\/tr>\n\t<tr class=\"row-33 odd\">\n\t\t<td class=\"column-2\"><a target='_blank' href='\/tajfuto\/sajtonk\/2012\/120519fejer-m-hirlap_tajfuto_diakolimpia..doc'>Fej\u00e9rmegyei H\u00edrlap, 2012.05.19.<\/a><\/td><td class=\"column-3\"><\/td><td class=\"column-4\">Fh\/05<\/td><td class=\"column-5\">T\u00e1jfut\u00f3 di\u00e1kolimpia \u00e9s k\u00eds\u00e9r\u0151 versenyek a V\u00e9rtesben<\/td><td class=\"column-6\">Silye S\u00e1ndor<\/td>\n\t<\/tr>\n\t<tr class=\"row-34 even\">\n\t\t<td class=\"column-2\"><a target='_blank' href='\/tajfuto\/sajtonk\/2012\/120519fejer-m-hirlap_tajfuto_diakolimpia..pdf'>Fej\u00e9rmegyei H\u00edrlap, 2012.05.19.<\/a><\/td><td class=\"column-3\"><\/td><td class=\"column-4\">Fh\/05<\/td><td class=\"column-5\">T\u00e1jfut\u00f3 di\u00e1kolimpia \u00e9s k\u00eds\u00e9r\u0151 versenyek a V\u00e9rtesben<\/td><td class=\"column-6\"><\/td>\n\t<\/tr>\n\t<tr class=\"row-35 odd\">\n\t\t<td class=\"column-2\"><a target='_blank' href='\/tajfuto\/sajtonk\/2012\/120529_mob-honlap_orsztajfutodol-a-vertesben.doc'>MOB-honlap, 2012.05.29.<\/a><\/td><td class=\"column-3\">\u2014<\/td><td class=\"column-4\">MOB\/05<\/td><td class=\"column-5\">Orsz\u00e1gos T\u00e1jfut\u00f3 Di\u00e1kolimpia a V\u00e9rtesben<\/td><td class=\"column-6\">(sz\u00f6veg \u00e9s fot\u00f3: Gyalog L\u00e1szl\u00f3)<\/td>\n\t<\/tr>\n\t<tr class=\"row-36 even\">\n\t\t<td class=\"column-2\"><a target='_blank' href='\/tajfuto\/sajtonk\/2012\/120903_ittlakunk.hu.doc'>ittlakunk.hu_honlap, 2012.09.03.<\/a><\/td><td class=\"column-3\">\u2014<\/td><td class=\"column-4\">i-l\/09<\/td><td class=\"column-5\">Pontbegy\u0171jt\u0151 Budapest bajnoks\u00e1g Gazdagr\u00e9ten<\/td><td class=\"column-6\">(Peregi Tam\u00e1s gy\u0171jt\u00e9se)<\/td>\n\t<\/tr>\n\t<tr class=\"row-37 odd\">\n\t\t<td class=\"column-2\"><a target='_blank' href='\/tajfuto\/sajtonk\/2012\/121125www.terepsport.hu.doc'>Terepsport h\u00edrek, 2012. 11. 25.<\/a><\/td><td class=\"column-3\">\u2014<\/td><td class=\"column-4\"><\/td><td class=\"column-5\">Dobog\u00f3k\u0151i terepfut\u00f3 verseny nagyszer\u0171 mez\u0151nnyel \u00e9s sajn\u00e1latos balesettel<\/td><td class=\"column-6\">\u2014<\/td>\n\t<\/tr>\n\t<tr class=\"row-38 even\">\n\t\t<td class=\"column-2\"><a target='_blank' href='\/tajfuto\/sajtonk\/2012\/121125overmagazin.com_mentes-dkoin.doc'>Over \u00c9letm\u00f3d Magazin, 2012. 11. 25.<\/a><\/td><td class=\"column-3\">\u2014<\/td><td class=\"column-4\"><\/td><td class=\"column-5\">Baleset \u00e9s extr\u00e9m hegyiment\u00e9s a dobog\u00f3k\u0151i terepfut\u00f3 versenyen<\/td><td class=\"column-6\">www.terepsport.hu<\/td>\n\t<\/tr>\n\t<tr class=\"row-39 odd\">\n\t\t<td rowspan=\"2\" class=\"column-1 rowspan-2\"><\/td><td class=\"column-2\"><\/td><td class=\"column-3\"><\/td><td class=\"column-4\"><\/td><td class=\"column-5\"><\/td><td class=\"column-6\"><\/td>\n\t<\/tr>\n\t<tr class=\"row-40 even\">\n\t\t<td class=\"column-2\"><a target='_blank' href='\/tajfuto\/sajtonk\/2012\/121126pinter_feri_dko-maraton-besz.doc'>forum.index.hu<\/a><\/td><td class=\"column-3\">\u2014<\/td><td class=\"column-4\"><\/td><td class=\"column-5\">Dobog\u00f3k\u0151 hegyifut\u00f3 verseny 2012<\/td><td class=\"column-6\">Pint\u00e9r Ferenc<\/td>\n\t<\/tr>\n<\/tbody>\n<\/table>\n\n","protected":false},"excerpt":{"rendered":"","protected":false},"author":1,"featured_media":0,"parent":0,"menu_order":0,"comment_status":"closed","ping_status":"closed","template":"","meta":{"ngg_post_thumbnail":0},"_links":{"self":[{"href":"https:\/\/www.tabanispartacus.hu\/tajfuto\/wordpress\/index.php?rest_route=\/wp\/v2\/pages\/1870"}],"collection":[{"href":"https:\/\/www.tabanispartacus.hu\/tajfuto\/wordpress\/index.php?rest_route=\/wp\/v2\/pages"}],"about":[{"href":"https:\/\/www.tabanispartacus.hu\/tajfuto\/wordpress\/index.php?rest_route=\/wp\/v2\/types\/page"}],"author":[{"embeddable":true,"href":"https:\/\/www.tabanispartacus.hu\/tajfuto\/wordpress\/index.php?rest_route=\/wp\/v2\/users\/1"}],"replies":[{"embeddable":true,"href":"https:\/\/www.tabanispartacus.hu\/tajfuto\/wordpress\/index.php?rest_route=%2Fwp%2Fv2%2Fcomments&post=1870"}],"version-history":[{"count":3,"href":"https:\/\/www.tabanispartacus.hu\/tajfuto\/wordpress\/index.php?rest_route=\/wp\/v2\/pages\/1870\/revisions"}],"predecessor-version":[{"id":1872,"href":"https:\/\/www.tabanispartacus.hu\/tajfuto\/wordpress\/index.php?rest_route=\/wp\/v2\/pages\/1870\/revisions\/1872"}],"wp:attachment":[{"href":"https:\/\/www.tabanispartacus.hu\/tajfuto\/wordpress\/index.php?rest_route=%2Fwp%2Fv2%2Fmedia&parent=1870"}],"curies":[{"name":"wp","href":"https:\/\/api.w.org\/{rel}","templated":true}]}}