{"id":1824,"date":"2014-01-27T20:14:50","date_gmt":"2014-01-27T19:14:50","guid":{"rendered":"http:\/\/www.tabanispartacus.hu\/tajfuto\/wordpress\/?page_id=1824"},"modified":"2014-01-27T20:18:34","modified_gmt":"2014-01-27T19:18:34","slug":"velunk-tortent-2014","status":"publish","type":"page","link":"https:\/\/www.tabanispartacus.hu\/tajfuto\/wordpress\/?page_id=1824","title":{"rendered":"Vel\u00fcnk t\u00f6rt\u00e9nt 2014"},"content":{"rendered":"<p><strong>\n<table id=\"wp-table-reloaded-id-10-no-1\" class=\"wp-table-reloaded wp-table-reloaded-id-10\">\n<tbody class=\"row-hover\">\n\t<tr class=\"row-1 odd\">\n\t\t<td rowspan=\"2\" class=\"column-1 rowspan-2\">Dobog\u00f3k\u0151i Hegyi Fut\u00f3verseny<br \/>\r\n2014.11.22.<\/td><td class=\"column-2\">f\u00e9nyk\u00e9pek<\/td><td class=\"column-3\"><a target=\"_blank\" href=\"https:\/\/www.flickr.com\/photos\/101487580@N03\/sets\/72157649002921047\/\">M\u00e1th\u00e9 Istv\u00e1n<\/a><\/td>\n\t<\/tr>\n\t<tr class=\"row-2 even\">\n\t\t<td class=\"column-2\">egy versenyz\u0151 blogja<\/td><td class=\"column-3\"><a target=\"_blank\" href=\"http:\/\/janosfut.wordpress.com\/2014\/11\/22\/xix-dobogokoi-hegyi-futoverseny-csak-a-legkemenyebbeknek\/\">Thaller J\u00e1nos<\/a><\/td>\n\t<\/tr>\n\t<tr class=\"row-3 odd\">\n\t\t<td rowspan=\"2\" class=\"column-1 rowspan-2\">2014. november 16-\u00e1n<br \/>\r\nhosszas betegs\u00e9g ut\u00e1n<br \/>\r\nelhunyt Sch\u00f6nviszky Gy\u00f6rgy<\/td><td class=\"column-2\">b\u00facs\u00faztat\u00f3<\/td><td class=\"column-3\"><a target=\"_blank\"  href=\"\/tajfuto\/velunktortent\/2014\/schonviszky_gyorgy_141119.pdf\" title=\"\" >Gyalog T\u00f3dor<\/a><\/td>\n\t<\/tr>\n\t<tr class=\"row-4 even\">\n\t\t<td class=\"column-2\">nekrol\u00f3g<\/td><td class=\"column-3\"><a target=\"_blank\"  href=\"\/tajfuto\/velunktortent\/2014\/schonviszky_gyorgy_elhunyt2.doc\" title=\"\" >Boxi<\/a><\/td>\n\t<\/tr>\n\t<tr class=\"row-5 odd\">\n\t\t<td rowspan=\"2\" class=\"column-1 rowspan-2\">A 2014. \u00e9vi t\u00e1jfut\u00f3 orsz\u00e1gos<br \/>\r\nbajnoks\u00e1gok pontverseny\u00e9nek<br \/>\r\ngy\u0151ztese a Tab\u00e1ni Spartacus <\/td><td class=\"column-2\">elemz\u00e9s<\/td><td class=\"column-3\"><a target=\"_blank\"  href=\"http:\/\/www.tabanispartacus.hu\/tajfuto\/wordpress\/?page_id=2225\" title=\"\" >Gyalog T\u00f3dor<\/a><\/td>\n\t<\/tr>\n\t<tr class=\"row-6 even\">\n\t\t<td class=\"column-2\">t\u00e1bl\u00e1zat<\/td><td class=\"column-3\"><a target=\"_blank\" href=\"\/tajfuto\/velunktortent\/2014\/Bajnoki_pontverseny_2014_teljes.xls\" title=\"\" >Gyalog T\u00f3dor<\/a><\/td>\n\t<\/tr>\n\t<tr class=\"row-7 odd\">\n\t\t<td rowspan=\"2\" class=\"column-1 rowspan-2\">\u0150szi Spartacus Kupa<br \/>\r\n2014.11.01-02<br \/>\r\nG\u00e1nt<\/td><td class=\"column-2\">k\u00e9pek<\/td><td class=\"column-3\"><a href=\"https:\/\/www.flickr.com\/photos\/101487580@N03\/sets\/72157649050673746\/\" target=\"_blank\">M\u00e1th\u00e9 Istv\u00e1n<\/a><br \/>\r\n<a href=\"http:\/\/goo.gl\/qcLgYp\" target=\"_blank\">J\u00e1rosi \u00c1d\u00e1m<\/a><br \/>\r\n<a href=\"https:\/\/picasaweb.google.com\/111722235094025596806\/201410311102OsziSpartacusKupa?authkey=Gv1sRgCMLV3_Ci0djT4wE\" target=\"_blank\">Zai B\u00e1lint<\/a><\/td>\n\t<\/tr>\n\t<tr class=\"row-8 even\">\n\t\t<td class=\"column-2\">besz\u00e1mol\u00f3k<\/td><td class=\"column-3\"><a target=\"_blank\" href=\"\/tajfuto\/velunktortent\/2014\/beszamolo_2014_oszisparikupa_egyben.doc\" title=\"\" >Gyalog T\u00f3dor, Zacher Marci<\/a><\/td>\n\t<\/tr>\n\t<tr class=\"row-9 odd\">\n\t\t<td class=\"column-1\">ONEB<br \/>\r\n2014.10.12-13<br \/>\r\nZsana<\/td><td class=\"column-2\">besz\u00e1mol\u00f3<\/td><td class=\"column-3\"><a target=\"_blank\" href=\"\/tajfuto\/2014\/ONEB.doc\" title=\"\" >Hajnal Dorka<\/a><\/td>\n\t<\/tr>\n\t<tr class=\"row-10 even\">\n\t\t<td class=\"column-1\">Szeged kupa<br \/>\r\n2014.10.04-05<br \/>\r\nT\u00e1zl\u00e1r<\/td><td class=\"column-2\">besz\u00e1mol\u00f3<\/td><td class=\"column-3\"><a target=\"_blank\" href=\"\/tajfuto\/2014\/Szegedkupa.doc\" title=\"\" >Lengyel \u00c1d\u00e1m<\/a><\/td>\n\t<\/tr>\n\t<tr class=\"row-11 odd\">\n\t\t<td class=\"column-1\">Cseh OB<br \/>\r\n2014.09.27-28<br \/>\r\nNovy Bor<\/td><td class=\"column-2\">elemz\u00e9s<\/td><td class=\"column-3\"><a target=\"_blank\" href=\"\/tajfuto\/2014\/140927-28CsehOB_elemzes_j.pdf\" title=\"\" >Bak\u00f3 \u00c1ron<\/a><\/td>\n\t<\/tr>\n\t<tr class=\"row-12 even\">\n\t\t<td class=\"column-1\">ROB-PCSB<br \/>\r\n2014. 09.13-14<br \/>\r\nPaks<\/td><td class=\"column-2\">besz\u00e1mol\u00f3<\/td><td class=\"column-3\"><a target=\"_blank\" href=\"\/tajfuto\/2014\/ROB-PCSB_Szparifanasztikusbajnokihetveg  je_kepekkel.pdf\" title=\"\" >Gyalog T\u00f3dor<\/a><\/td>\n\t<\/tr>\n\t<tr class=\"row-13 odd\">\n\t\t<td class=\"column-1\">Kecskem\u00e9t kupa<br \/>\r\n2014.09.06<\/td><td class=\"column-2\">besz\u00e1mol\u00f3<\/td><td class=\"column-3\"><a target=\"_blank\" href=\"\/tajfuto\/2014\/Kecskemet_Kupa.doc\" title=\"\" >Vidor Gerg\u0151<\/a><\/td>\n\t<\/tr>\n\t<tr class=\"row-14 even\">\n\t\t<td class=\"column-1\">JWOC<br \/>\r\n2014.07.22-27<br \/>\r\nBorovets<\/td><td class=\"column-2\">besz\u00e1mol\u00f3<\/td><td class=\"column-3\"><a target=\"_blank\" href=\"\/tajfuto\/2014\/JWOC2014_Bulgaria_Virag.pdf\" title=\"\" >Weiler Vir\u00e1g<\/a><\/td>\n\t<\/tr>\n\t<tr class=\"row-15 odd\">\n\t\t<td class=\"column-1\">Ifi \u00e9s Serd\u00fcl\u0151 EB<br \/>\r\n2014.06.25-28<br \/>\r\nStrumica<\/td><td class=\"column-2\">besz\u00e1mol\u00f3<\/td><td class=\"column-3\"><a target=\"_blank\" href=\"\/tajfuto\/2014\/EB_Macedonia_2014.doc\" title=\"\" >Hajnal Dorka<\/a><\/td>\n\t<\/tr>\n\t<tr class=\"row-16 even\">\n\t\t<td class=\"column-1\">Szparisok VB-ken<br \/>\r\n2014.06.-08.<br \/>\r\nMaced\u00f3nia, Olaszorsz\u00e1g, Bulg\u00e1ria, Csehorsz\u00e1g<\/td><td class=\"column-2\">besz\u00e1mol\u00f3<\/td><td class=\"column-3\"><a target=\"_blank\" href=\"\/tajfuto\/2014\/Szparisok2014-vilagversenyein.pdf\" title=\"\" >Gyalog T\u00f3dor<\/a><\/td>\n\t<\/tr>\n\t<tr class=\"row-17 odd\">\n\t\t<td rowspan=\"2\" class=\"column-1 rowspan-2\">KOB-VOB<br \/>\r\n2014.06.21-22<br \/>\r\nUzsa<\/td><td class=\"column-2\">besz\u00e1mol\u00f3<\/td><td class=\"column-3\"><a target=\"_blank\" href=\"\/tajfuto\/2014\/KOB-VOBszparissikerei.pdf\" title=\"\" >Gyalog T\u00f3dor<\/a><\/td>\n\t<\/tr>\n\t<tr class=\"row-18 even\">\n\t\t<td class=\"column-2\">f\u00e9nyk\u00e9pek<\/td><td class=\"column-3\"><a target=\"_blank\" href=\"\/tajfuto\/2014\/140621-22KOB-VOB_GyL-kepek.pdf\" title=\"\" >Gyalog T\u00f3dor<\/a><\/td>\n\t<\/tr>\n\t<tr class=\"row-19 odd\">\n\t\t<td class=\"column-1\">Tipo kupa<br \/>\r\n2014.05.02-03<br \/>\r\nPusztamar\u00f3t<\/td><td class=\"column-2\">besz\u00e1mol\u00f3<\/td><td class=\"column-3\"><a target=\"_blank\" href=\"\/tajfuto\/2014\/Tipobeszamolo.pdf\" title=\"\" >Zacher Enik\u0151,<br \/>\r\nBart\u00f3k Panni,<br \/>\r\nZacher No\u00e9mi<\/a><\/td>\n\t<\/tr>\n\t<tr class=\"row-20 even\">\n\t\t<td class=\"column-1\">Post\u00e1s kupa<br \/>\r\n2014.04.12-13<br \/>\r\nPiliscsaba<\/td><td class=\"column-2\">besz\u00e1mol\u00f3<\/td><td class=\"column-3\"><a target=\"_blank\" href=\"\/tajfuto\/2014\/Postasbeszamolo.pdf\" title=\"\" >Zacher M\u00e1rton<\/a><\/td>\n\t<\/tr>\n\t<tr class=\"row-21 odd\">\n\t\t<td class=\"column-1\">Olaszorsz\u00e1gi edz\u0151t\u00e1bor+MOC<br \/>\r\n2014.03.10-16<br \/>\r\nVelence, Firenze, Cecina, Montecatini<\/td><td class=\"column-2\">besz\u00e1mol\u00f3<\/td><td class=\"column-3\"><a target=\"_blank\" href=\"\/tajfuto\/2014\/Olaszorszagi_edzotabor.pdf\" title=\"\" >Weiler Vir\u00e1g<\/a><\/td>\n\t<\/tr>\n\t<tr class=\"row-22 even\">\n\t\t<td class=\"column-1\">Fizikai edz\u0151t\u00e1bor<br \/>\r\nG\u00e1nt-B\u00e1nyatelep<br \/>\r\n2014.02.07-09<\/td><td class=\"column-2\">besz\u00e1mol\u00f3<\/td><td class=\"column-3\"><a target=\"_blank\" href=\"\/tajfuto\/2014\/FizikaiEdzotabor.pdf\" title=\"\" >Liszka Eszter<\/a><\/td>\n\t<\/tr>\n\t<tr class=\"row-23 odd\">\n\t\t<td class=\"column-1\">Budapesti Teremt\u00e1jfut\u00f3 Bajnoks\u00e1g<br \/>\r\n2014.01.18.<\/td><td class=\"column-2\">f\u00e9nyk\u00e9pek<\/td><td class=\"column-3\"><a target=\"_blank\" href=\"https:\/\/picasaweb.google.com\/106500310250141220415\/Teremtajfutas_20140118\">M\u00e1th\u00e9 Istv\u00e1n<\/a><br \/>\r\n<a target=\"_blank\" href=\"https:\/\/picasaweb.google.com\/111722235094025596806\/20140118BudapestiTeremtajfutoBajnoksag\">Gyalog T\u00f3dor<\/a><\/td>\n\t<\/tr>\n\t<tr class=\"row-24 even\">\n\t\t<td rowspan=\"3\" class=\"column-1 rowspan-3\">\u00c9vz\u00e1r\u00f3<br \/>\r\n2014.01.11.<\/td><td class=\"column-2\">f\u00e9nyk\u00e9pek<\/td><td class=\"column-3\"><a target=\"_blank\" href=\"https:\/\/picasaweb.google.com\/111722235094025596806\/20140111EvzaroSprintEdzes\">sprint edz\u00e9s (Peregi \u00c9va, Gyalog T\u00f3dor)<\/a><br \/>\r\n<a target=\"_blank\" href=\"https:\/\/plus.google.com\/photos\/114600184610274690890\/albums\/5968027004769035409?authkey=CMPhvbCU8MD_NQ\">Weiler Zsolt<\/a><\/td>\n\t<\/tr>\n\t<tr class=\"row-25 odd\">\n\t\t<td class=\"column-2\">besz\u00e1mol\u00f3k<\/td><td class=\"column-3\"><a target=\"_blank\" href=\"\/tajfuto\/2014\/2013_evzaro\/boxi14_0111_evnyito_koszonto.pdf\" title=\"\" >Boxi k\u00f6sz\u00f6nt\u0151je<\/a><br \/>\r\n<a target=\"_blank\" href=\"\/tajfuto\/2014\/2013_evzaro\/2013tajfuto-evzaro_besz_140111.pdf\" title=\"\" >Besz\u00e1mol\u00f3 (Gyalog T\u00f3dor)<\/a><br \/>\r\n<a target=\"_blank\" href=\"\/tajfuto\/2014\/2013_evzaro\/2014korosztalyok_131212.xls\" title=\"\" >2014. \u00e9vi koroszt\u00e1lyok<\/a><\/td>\n\t<\/tr>\n\t<tr class=\"row-26 even\">\n\t\t<td class=\"column-2\">pontversenyek - \u00e9rmek - pontszerz\u0151k<\/td><td class=\"column-3\"><a target=\"_blank\" href=\"\/tajfuto\/2014\/2013_evzaro\/1-bajnoki_pontverseny_tajekozodasi_futo_szakag_2013.pdf\" title=\"\" >Pontverseny - T\u00e1jfut\u00f3 szak\u00e1g<\/a><br \/>\r\n<a target=\"_blank\" href=\"\/tajfuto\/2014\/2013_evzaro\/2-bajnoki_pontverseny_sitajfuto_szakag_2013.pdf\" title=\"\" >Pontverseny - S\u00edt\u00e1jfut\u00f3 szak\u00e1g<\/a><br \/>\r\n<a target=\"_blank\" href=\"\/tajfuto\/2014\/2013_evzaro\/3-bajnoki_pontverseny_mtbo_szakag_2013.pdf\" title=\"\" >Pontverseny - MTBO szak\u00e1g<\/a><br \/>\r\n<a target=\"_blank\" href=\"\/tajfuto\/2014\/2013_evzaro\/4-bajnoki_pontverseny_trailo_szakag_2013.pdf\" title=\"\" >Pontverseny - Trail-O szak\u00e1g<\/a><br \/>\r\n<a target=\"_blank\" href=\"\/tajfuto\/2014\/2013_evzaro\/osszetett_bajnoki_pontverseny_2013.xlsx\" title=\"\" >\u00d6sszetett bajnoki pontverseny<\/a><br \/>\r\n<a target=\"_blank\" href=\"\/tajfuto\/2014\/2013_evzaro\/2013_ermesek_versenyzonkent_j2.xls\" title=\"\" >\u00c9rmesek versenyz\u0151nk\u00e9nt<\/a><br \/>\r\n<a target=\"_blank\" href=\"\/tajfuto\/2014\/2013_evzaro\/2013ob-pontszerzok_j2.xls\" title=\"\" >Pontszerz\u0151k<\/a><br \/>\r\n<a target=\"_blank\" href=\"\/tajfuto\/2014\/2013_evzaro\/bajnoki_1970-2013.xls\" title=\"\" >Bajnoki eredm\u00e9nyek 1970-2013<\/a><\/td>\n\t<\/tr>\n\t<tr class=\"row-27 odd\">\n\t\t<td class=\"column-1\"><\/td><td class=\"column-2\"><\/td><td class=\"column-3\"><\/td>\n\t<\/tr>\n\t<tr class=\"row-28 even\">\n\t\t<td class=\"column-1\">M\u00e1mor kupa<br \/>\r\n2013.12.31.<\/td><td class=\"column-2\">f\u00e9nyk\u00e9pek<\/td><td class=\"column-3\"><a target=\"_blank\" href=\"https:\/\/picasaweb.google.com\/112281015882875336722\/SpariMamorKupa2013?noredirect=1\">M\u00e1th\u00e9 Istv\u00e1n<\/a><\/td>\n\t<\/tr>\n<\/tbody>\n<\/table>\n<\/strong><!--more--><\/p>\n<p><a title=\"Vel\u00fcnk t\u00f6rt\u00e9nt kor\u00e1bban\" href=\"http:\/\/www.tabanispartacus.hu\/tajfuto\/wordpress\/?page_id=550\">Vel\u00fcnk t\u00f6rt\u00e9nt kor\u00e1bban<\/a><\/p>\n","protected":false},"excerpt":{"rendered":"","protected":false},"author":1,"featured_media":0,"parent":550,"menu_order":0,"comment_status":"closed","ping_status":"closed","template":"","meta":{"ngg_post_thumbnail":0},"_links":{"self":[{"href":"https:\/\/www.tabanispartacus.hu\/tajfuto\/wordpress\/index.php?rest_route=\/wp\/v2\/pages\/1824"}],"collection":[{"href":"https:\/\/www.tabanispartacus.hu\/tajfuto\/wordpress\/index.php?rest_route=\/wp\/v2\/pages"}],"about":[{"href":"https:\/\/www.tabanispartacus.hu\/tajfuto\/wordpress\/index.php?rest_route=\/wp\/v2\/types\/page"}],"author":[{"embeddable":true,"href":"https:\/\/www.tabanispartacus.hu\/tajfuto\/wordpress\/index.php?rest_route=\/wp\/v2\/users\/1"}],"replies":[{"embeddable":true,"href":"https:\/\/www.tabanispartacus.hu\/tajfuto\/wordpress\/index.php?rest_route=%2Fwp%2Fv2%2Fcomments&post=1824"}],"version-history":[{"count":3,"href":"https:\/\/www.tabanispartacus.hu\/tajfuto\/wordpress\/index.php?rest_route=\/wp\/v2\/pages\/1824\/revisions"}],"predecessor-version":[{"id":1980,"href":"https:\/\/www.tabanispartacus.hu\/tajfuto\/wordpress\/index.php?rest_route=\/wp\/v2\/pages\/1824\/revisions\/1980"}],"up":[{"embeddable":true,"href":"https:\/\/www.tabanispartacus.hu\/tajfuto\/wordpress\/index.php?rest_route=\/wp\/v2\/pages\/550"}],"wp:attachment":[{"href":"https:\/\/www.tabanispartacus.hu\/tajfuto\/wordpress\/index.php?rest_route=%2Fwp%2Fv2%2Fmedia&parent=1824"}],"curies":[{"name":"wp","href":"https:\/\/api.w.org\/{rel}","templated":true}]}}