{"id":18,"date":"2012-07-05T13:30:19","date_gmt":"2012-07-05T11:30:19","guid":{"rendered":"http:\/\/tabanispartacus.wordpress.com\/?page_id=18"},"modified":"2016-02-07T17:20:00","modified_gmt":"2016-02-07T16:20:00","slug":"versenyeink","status":"publish","type":"page","link":"https:\/\/www.tabanispartacus.hu\/tajfuto\/wordpress\/?page_id=18","title":{"rendered":"Versenyeink 2012-ben"},"content":{"rendered":"<table width=\"100%\" border=\"0\" cellspacing=\"0\" cellpadding=\"10\">\n<tbody>\n<tr>\n<td valign=\"top\" width=\"100%\">\n<p style=\"width: 95%;\" align=\"center\"><strong><span style=\"font-size: small;\">2012<\/span><\/strong><\/p>\n<p align=\"center\">(a 2012 el\u0151tti versenyekkel kapcsolatos anyagok a <strong><a href=\"index.php?page=sparikupa\">Versenyeink t\u00f6rt\u00e9nete<\/a><\/strong> men\u00fcpont alatt)<\/p>\n<div style=\"float: left; width: 30%;\" align=\"center\">\n<hr \/>\n<\/div>\n<div style=\"float: left; width: 30%;\" align=\"center\"><span style=\"text-decoration: underline;\"><strong>Versenyeink<\/strong><\/span><\/div>\n<div style=\"float: left; width: 30%;\" align=\"center\">\n<hr \/>\n<\/div>\n<table>\n<tbody>\n<tr>\n<td style=\"font-size: 80%;\" width=\"70%\"><a title=\"XVII. Dobog\u00f3k\u0151i Hegyi Fut\u00f3verseny \/ 17th Mountain Running of Dobog\u00f3k\u0151\" href=\"#dobogoko\"><strong>XVII. Dobog\u00f3k\u0151i Hegyi Fut\u00f3verseny \/ 17th Mountain Running of Dobog\u00f3k\u0151<\/strong><\/a><\/td>\n<td style=\"font-size: 80%;\">2012. 11. 24.<\/td>\n<\/tr>\n<tr>\n<td style=\"font-size: 80%;\"><strong><a title=\"60. \u0150szi Spartacus Kupa \/ 60th Autumn Spartacus Cup\" href=\"#oszi\">60. \u0150szi Spartacus Kupa \/ 60th Autumn Spartacus Cup<\/a><\/strong><\/td>\n<td style=\"font-size: 80%;\">2012. 11. 03-04.<\/td>\n<\/tr>\n<tr>\n<td style=\"font-size: 80%;\"><strong><a title=\"Bp.-i Pontbegy\u0171jt\u0151 Csapatbajnoks\u00e1g\" href=\"#bppcsb\">Bp.-i Pontbegy\u0171jt\u0151 Csapatbajnoks\u00e1g<\/a><\/strong><\/td>\n<td style=\"font-size: 80%;\">2012. 09. 02.<\/td>\n<\/tr>\n<tr>\n<td style=\"font-size: 80%;\"><strong><a title=\"Ny\u00e1ri Spartacus Kupa - Tab\u00e1n\" href=\"#nyari\">Ny\u00e1ri Spartacus Kupa &#8211; Tab\u00e1n<\/a><\/strong><\/td>\n<td style=\"font-size: 80%;\">2012. 08. 08.<\/td>\n<\/tr>\n<tr>\n<td style=\"font-size: 80%;\"><a title=\"Ut\u00e1np\u00f3tl\u00e1s Edz\u0151t\u00e1bor 2 - Budapest\" href=\"#ET2\"><strong>Ut\u00e1np\u00f3tl\u00e1s Edz\u0151t\u00e1bor 2 &#8211; Budapest<\/strong><\/a><\/td>\n<td style=\"font-size: 80%;\">2012.08.06-10.<\/td>\n<\/tr>\n<tr>\n<td style=\"font-size: 80%;\"><a title=\"Ut\u00e1np\u00f3tl\u00e1s Edz\u0151t\u00e1bor 1 - V\u00e9rtes, G\u00e1nt\" href=\"#ET1\"><strong>Ut\u00e1np\u00f3tl\u00e1s Edz\u0151t\u00e1bor 1 &#8211; V\u00e9rtes, G\u00e1nt<\/strong><\/a><\/td>\n<td style=\"font-size: 80%;\">2012.06.28-07.01.<\/td>\n<\/tr>\n<tr>\n<td style=\"font-size: 80%;\"><strong><a title=\"Gell\u00e9rt-hegy Kupa - Gell\u00e9rthegy\" href=\"#gellert\">Gell\u00e9rt-hegy Kupa &#8211; Gell\u00e9rthegy<\/a><\/strong><\/td>\n<td style=\"font-size: 80%;\">2012. 06. 27.<\/td>\n<\/tr>\n<tr>\n<td style=\"font-size: 80%;\"><strong><a title=\"Gazdagr\u00e9t Kupa\" href=\"#gazdagret\">Gazdagr\u00e9t Kupa<\/a><\/strong><\/td>\n<td style=\"font-size: 80%;\">2012. 05. 23.<\/td>\n<\/tr>\n<tr>\n<td style=\"font-size: 80%;\"><strong><a title=\"Orsz\u00e1gos Di\u00e1kolimpia\" href=\"#dol\">Orsz\u00e1gos Di\u00e1kolimpia \/ Cs\u00e1kv\u00e1r Kupa<\/a><\/strong><\/td>\n<td style=\"font-size: 80%;\">2012. 05. 19-20.<\/td>\n<\/tr>\n<tr>\n<td style=\"font-size: 80%;\"><strong><a title=\"Gladi\u00e1tor Kupa - V\u00e9rmez\u0151\" href=\"#gladiator\">Gladi\u00e1tor Kupa &#8211; V\u00e9rmez\u0151<\/a><\/strong><\/td>\n<td style=\"font-size: 80%;\">2012. 05. 02.<\/td>\n<\/tr>\n<tr>\n<td style=\"font-size: 80%;\"><strong><a title=\"T\u00e1j\u00e9koz\u00f3d\u00e1si Sportok F\u0151v\u00e1rosi Fesztiv\u00e1lja \/ T\u00c1MOP p\u00e1ly\u00e1zat z\u00e1r\u00f3\u00fcnneps\u00e9ge\" href=\"#fesztival\">T\u00e1j\u00e9koz\u00f3d\u00e1si Sportok F\u0151v\u00e1rosi Fesztiv\u00e1lja \/ T\u00c1MOP p\u00e1ly\u00e1zat z\u00e1r\u00f3\u00fcnneps\u00e9ge<\/a><\/strong><\/td>\n<td style=\"font-size: 80%;\">2012. 04. 05.<\/td>\n<\/tr>\n<tr>\n<td style=\"font-size: 80%;\">XI. ker\u00fcleti T\u00e1jfut\u00f3 Di\u00e1kolimpia &#8211; Gazdagr\u00e9t<\/td>\n<td style=\"font-size: 80%;\">2012. 04. 03.<\/td>\n<\/tr>\n<tr>\n<td style=\"font-size: 80%;\"><strong><a title=\"48. Tavaszi Spartacus Kupa\/48th Spring Spartacus Cup\" href=\"#tavaszi\">49. Tavaszi Spartacus Kupa \/ 49th Spring Spartacus Cup \/ Budapest Norm\u00e1lt\u00e1v\u00fa \u00e9s K\u00f6z\u00e9pt\u00e1v\u00fa Bajnoks\u00e1ga<\/a><\/strong><\/td>\n<td style=\"font-size: 80%;\">2012. 03. 17-18.<\/td>\n<\/tr>\n<\/tbody>\n<\/table>\n<hr \/>\n<p id=\"dobogoko\" align=\"left\"><strong>XVII. Dobog\u00f3k\u0151i Hegyi Fut\u00f3verseny \/ 17th Mountain Running of Dobog\u00f3k\u0151<\/strong><br \/>\n<em>2012. 11. 24., Dobog\u00f3k\u0151<\/em><\/p>\n<ul>\n<li><strong><a title=\"A XVII. Dobog\u00f3k\u0151i Hegyi Fut\u00f3verseny 2012. \u00e9vi ki\u00edr\u00e1sa\" href=\"http:\/\/www.tabanispartacus.hu\/tajfuto\/wordpress\/?page_id=1212\">Ki\u00edr\u00e1s<\/a> (<a title=\"nyomtathat\u00f3 form\u00e1tum\" href=\"\/tajfuto\/2012\/dobogoko\/2012hegyifuto-kiiras_120910.doc\" target=\"_blank\">.doc<\/a>)<\/strong><\/li>\n<li><strong><a title=\"Information\" href=\"\/tajfuto\/2012\/dobogoko\/2012hegyifuto-kiiras_angol.doc\">Information<\/a><\/strong><\/li>\n<li><strong><a title=\"T\u00e9rk\u00e9pv\u00e1zlat\/Map\" href=\"http:\/\/www.tabanispartacus.hu\/tajfuto\/2011\/dobogokoi\/hegyif_terkepvazlat.pdf\" target=\"_blank\">T\u00e9rk\u00e9pv\u00e1zlat\/Map showing every control<\/a><\/strong><\/li>\n<li><strong>\u00datvonalle\u00edr\u00e1sok<\/strong>:\n<ul>\n<li><strong><a title=\"Maraton\" href=\"http:\/\/www.tabanispartacus.hu\/tajfuto\/2012\/dobogoko\/Maratoni_utvonal_2012.doc\">Maraton<\/a><\/strong><\/li>\n<li><strong><a title=\"F\u00e9lmaraton\" href=\"http:\/\/www.tabanispartacus.hu\/tajfuto\/2012\/dobogoko\/Felmaratoni_utvonal_2012.doc\">F\u00e9lmaraton<\/a><\/strong><\/li>\n<li><strong><a title=\"Kismaraton\" href=\"http:\/\/www.tabanispartacus.hu\/tajfuto\/2012\/dobogoko\/Kismaratoni_utvonal_2012.doc\">Kismaraton<\/a><\/strong><\/li>\n<\/ul>\n<\/li>\n<li><strong>Eredm\u00e9nyek:<\/strong>\n<ul>\n<li><strong><a title=\"fut\u00f3 eredm\u00e9nyek\" href=\"http:\/\/www.tabanispartacus.hu\/tajfuto\/2012\/dobogoko\/2012.11.24_dobogoko.htm\">Fut\u00f3 eredm\u00e9nyek<\/a><\/strong><\/li>\n<li><strong><a title=\"r\u00e9szletes fut\u00f3 eredm\u00e9nyek\" href=\"http:\/\/www.tabanispartacus.hu\/tajfuto\/2012\/dobogoko\/2012.11.24_dobogoko_si.htm\">R\u00e9szletes fut\u00f3 eredm\u00e9nyek<\/a><\/strong><\/li>\n<li><a title=\"t\u00far\u00e1k eredm\u00e9nye\" href=\"\/tajfuto\/2012\/dobogoko\/telj_turak_eredmenye.xls\"><strong>T\u00faraeredm\u00e9nyek<\/strong><\/a><\/li>\n<\/ul>\n<\/li>\n<\/ul>\n<hr \/>\n<p id=\"oszi\" align=\"left\"><strong>60. \u0150szi Spartacus Kupa\/60th Autumn Spartacus Cup<\/strong><br \/>\n<em>2012. 11. 03-04., V\u00e9rtes<\/em><\/p>\n<ul>\n<ul>\n<li><strong><a title=\"Honlap\" href=\"http:\/\/www.tabanispartacus.hu\/tajfuto\/2012\/oszi\/kiiras.html\">Honlap<\/a><\/strong><\/li>\n<\/ul>\n<\/ul>\n<p>&nbsp;<\/p>\n<ul>\n<li><strong><a title=\"Webpage\" href=\"http:\/\/www.tabanispartacus.hu\/tajfuto\/2012\/oszi\/invitation.htm\">Webpage<\/a><\/strong><\/li>\n<\/ul>\n<hr \/>\n<p id=\"bppcsb\" align=\"left\"><strong>Bp.-i Pontbegy\u0171jt\u0151 Csapatbajnoks\u00e1g<\/strong><br \/>\n2012. 09. 02., Gazdagr\u00e9t \u2013 Hossz\u00fa-hegy<\/p>\n<ul>\n<li><strong><a title=\"bppcsb\" href=\"\/tajfuto\/2012\/bppcsb\/120902Bp_PCSB_kiiras.doc\">Ki\u00edr\u00e1s<\/a><\/strong><\/li>\n<li><strong><a title=\"bppcsb\" href=\"\/tajfuto\/2012\/bppcsb\/BPPOCSB.html\">Eredm\u00e9nyek<\/a><\/strong><\/li>\n<\/ul>\n<hr \/>\n<p id=\"nyari\" align=\"left\"><strong>Ny\u00e1ri Spartacus Kupa<\/strong><br \/>\n2012.08.08., Budapest, Tab\u00e1n<\/p>\n<ul>\n<li><strong><a title=\"nyari\" href=\"\/tajfuto\/2012\/nyari\/120808Nyari_spari_kiiras.doc\">Ki\u00edr\u00e1s<\/a><\/strong><\/li>\n<li>Eredm\u00e9nyek:\n<ul>\n<li><strong><a title=\"T\u00e1jfut\u00e1s eredm\u00e9nyek\" href=\"\/tajfuto\/2012\/nyari\/Rovid.html\">R\u00f6vid<\/a><\/strong><\/li>\n<li><strong><a title=\"T\u00e1jfut\u00e1s eredm\u00e9nyek\" href=\"\/tajfuto\/2012\/nyari\/Rovid_split.html\">R\u00f6vid SI<\/a><\/strong><\/li>\n<li><strong><a title=\"T\u00e1jfut\u00e1s eredm\u00e9nyek\" href=\"\/tajfuto\/2012\/nyari\/Kozepes.html\">K\u00f6zepes<\/a><\/strong><\/li>\n<li><strong><a title=\"T\u00e1jfut\u00e1s eredm\u00e9nyek\" href=\"\/tajfuto\/2012\/nyari\/Kozepes_split.html\">K\u00f6zepes SI<\/a><\/strong><\/li>\n<li><strong><a title=\"T\u00e1jfut\u00e1s eredm\u00e9nyek\" href=\"\/tajfuto\/2012\/nyari\/Hosszu.html\">Hossz\u00fa<\/a><\/strong><\/li>\n<li><strong><a title=\"T\u00e1jfut\u00e1s eredm\u00e9nyek\" href=\"\/tajfuto\/2012\/nyari\/Hosszu_split.html\">Hossz\u00fa SI<\/a><\/strong><\/li>\n<li><strong><a title=\"T\u00e1jfut\u00e1s eredm\u00e9nyek\" href=\"\/tajfuto\/2012\/nyari\/Domborzati.html\">Domborzati<\/a><\/strong><\/li>\n<li><strong><a title=\"T\u00e1jfut\u00e1s eredm\u00e9nyek\" href=\"\/tajfuto\/2012\/nyari\/Domborzati_split.html\">Domborzati SI<\/a><\/strong><\/li>\n<li><strong><a title=\"T\u00e1jfut\u00e1s eredm\u00e9nyek\" href=\"\/tajfuto\/2012\/nyari\/Pontbegyujto.html\">Pontbegy\u0171jt\u0151<\/a><\/strong><\/li>\n<li><strong><a title=\"T\u00e1jfut\u00e1s eredm\u00e9nyek\" href=\"\/tajfuto\/2012\/nyari\/Pontbegyujto_split.html\">Pontbegy\u0171jt\u0151 SI<\/a><\/strong><\/li>\n<\/ul>\n<\/li>\n<\/ul>\n<hr \/>\n<p id=\"ET2\" align=\"left\"><strong>Ut\u00e1np\u00f3tl\u00e1s Edz\u0151t\u00e1bor 2<\/strong><br \/>\n2012.08.06-10., Budapest<\/p>\n<ul>\n<li><strong><a title=\"ET2\" href=\"index.php?page=2012\/ET\/ET2\">Inform\u00e1ci\u00f3k<\/a><\/strong><\/li>\n<\/ul>\n<hr \/>\n<p id=\"ET1\" align=\"left\"><strong>Ut\u00e1np\u00f3tl\u00e1s Edz\u0151t\u00e1bor 1<\/strong><br \/>\n2012.06.28-07.01., V\u00e9rtes, G\u00e1nt<\/p>\n<ul>\n<li><strong><a title=\"ET\" href=\"index.php?page=2012\/ET\/ET1\">Inform\u00e1ci\u00f3k<\/a><\/strong><\/li>\n<\/ul>\n<hr \/>\n<p id=\"gellert\" align=\"left\"><strong>Gell\u00e9rt-hegy Kupa<br \/>\n<em>2012. 06. 27., Gell\u00e9rthegy<\/em> <\/strong><\/p>\n<ul>\n<li><strong><a title=\"Ki\u00edr\u00e1s\" href=\"\/tajfuto\/2012\/gellert\/Gellerthegy-K_kiiras.doc\">Ki\u00edr\u00e1s<\/a><\/strong><\/li>\n<li><strong><a title=\"Eredm\u00e9nyek\" href=\"\/tajfuto\/2012\/gellert\/2012.06.27_gellerthegy.htm\">Eredm\u00e9nyek<\/a><\/strong><\/li>\n<li><strong><a title=\"SI eredm\u00e9nyek\" href=\"\/tajfuto\/2012\/gellert\/2012.06.27_gellerthegy_si.htm\">SI eredm\u00e9nyek<\/a><\/strong><\/li>\n<li>T\u00e9rk\u00e9pek\n<ul>\n<li><strong><a title=\"r\u00f6vid p\u00e1lya\" href=\"\/tajfuto\/2012\/gellert\/gellerthegykupa2012.rovid.jpg\">r\u00f6vid p\u00e1lya<\/a><\/strong><\/li>\n<li><strong><a title=\"r\u00f6vid p\u00e1lya\" href=\"\/tajfuto\/2012\/gellert\/gellerthegykupa2012.kozepes.jpg\">k\u00f6zepes p\u00e1lya<\/a><\/strong><\/li>\n<li><strong><a title=\"r\u00f6vid p\u00e1lya\" href=\"\/tajfuto\/2012\/gellert\/gellerthegykupa2012.hosszu.jpg\">hossz\u00fa p\u00e1lya<\/a><\/strong><\/li>\n<\/ul>\n<\/li>\n<\/ul>\n<hr \/>\n<p id=\"gazdagret\" align=\"left\"><strong>Gazdagr\u00e9t Kupa<br \/>\n<em>2012. 05. 23., Gazdagr\u00e9t<\/em> <\/strong><\/p>\n<ul>\n<li><strong><a title=\"Ki\u00edr\u00e1s\" href=\"\/tajfuto\/2012\/gazdagret\/Gazdagret_kiir_2012.pdf\">Ki\u00edr\u00e1s<\/a><\/strong><\/li>\n<li><strong><a title=\"EREDM\u00c9NY\" href=\"\/tajfuto\/2012\/gazdagret\/gazdagret_2012.html\">Eredm\u00e9nyek<\/a><\/strong><\/li>\n<li><strong><a title=\"EREDM\u00c9NY SI\" href=\"\/tajfuto\/2012\/gazdagret\/gazdagret_2012_si.html\">Eredm\u00e9nyek SI<\/a><\/strong><\/li>\n<\/ul>\n<hr \/>\n<p id=\"dol\" align=\"left\"><strong>Orsz\u00e1gos Di\u00e1kolimpia<\/strong> (Cs\u00e1kv\u00e1r kupa, DOL k\u00eds\u00e9r\u0151verseny)<br \/>\n<em>2012. 05. 19-20., Cs\u00e1kv\u00e1r-Cs\u00e1kber\u00e9ny<\/em><\/p>\n<ul>\n<li><strong><a title=\"2012 ODOL honlapja\" href=\"http:\/\/www.tabanispartacus.hu\/tajfuto\/2012\/Diakolimpia2012\/2012diakolimpia.html\" target=\"_blank\">Honlapja<\/a><\/strong><\/li>\n<\/ul>\n<ul>\n<li><strong><a title=\"Ki\u00edr\u00e1s\" href=\"http:\/\/www.tabanispartacus.hu\/tajfuto\/2012\/dol\/2012_dol_kiiras.doc\">Di\u00e1kolimpia ki\u00edr\u00e1s<\/a><\/strong><\/li>\n<li><strong><a title=\"Ki\u00edr\u00e1s\" href=\"http:\/\/www.tabanispartacus.hu\/tajfuto\/2012\/dol\/2012_csakvar_kiiras.doc\">Cs\u00e1kv\u00e1r kupa ki\u00edr\u00e1s<\/a><\/strong><\/li>\n<\/ul>\n<hr \/>\n<p id=\"gladiator\" align=\"left\"><strong>Gladi\u00e1tor Kupa<\/strong><br \/>\n<em>2012. 05. 02., Budapest, V\u00e9rmez\u0151<\/em><\/p>\n<ul>\n<li><a title=\"Ki\u00edr\u00e1s\" href=\"http:\/\/www.tabanispartacus.hu\/tajfuto\/2012\/gladiator\/ertesito.doc\"><strong>Ki\u00edr\u00e1s<\/strong><\/a><\/li>\n<li><a title=\"Eredm\u00e9nyek\" href=\"http:\/\/www.tabanispartacus.hu\/tajfuto\/2012\/gladiator\/2012_gladiator.xls\"><strong>Eredm\u00e9nyek<\/strong><\/a><\/li>\n<\/ul>\n<hr \/>\n<p id=\"fesztival\" align=\"left\"><strong>T\u00e1j\u00e9koz\u00f3d\u00e1si Sportok F\u0151v\u00e1rosi Fesztiv\u00e1lja \/ T\u00c1MOP p\u00e1ly\u00e1zat z\u00e1r\u00f3\u00fcnneps\u00e9ge<\/strong><br \/>\n<em>2012. 04. 05., Budapest, Tab\u00e1n<\/em><\/p>\n<ul>\n<li><strong><a title=\"Programf\u00fczet\" href=\"http:\/\/www.tabanispartacus.hu\/tajfuto\/2012\/fesztival\/2012_TajekozodasSportokFovarosiFesztFesztivalja.pdf\">Programf\u00fczet<\/a><\/strong><\/li>\n<li>Eredm\u00e9nyek:\n<ul>\n<li><strong><a title=\"T\u00e1jfut\u00e1s eredm\u00e9nyek\" href=\"\/tajfuto\/2012\/fesztival\/1-tajfuto_eredmenyek.doc\">T\u00e1jfut\u00e1s<\/a><\/strong><\/li>\n<li><strong><a title=\"Labirintus eredm\u00e9nyek\" href=\"\/tajfuto\/2012\/fesztival\/2-labirintus-eredmenyek.doc\">Labirintus<\/a><\/strong><\/li>\n<li><strong><a title=\"Udvari verseny eredm\u00e9nyek\" href=\"\/tajfuto\/2012\/fesztival\/3-udvari-verseny_eredmenyek.doc\">Udvari verseny<\/a><\/strong><\/li>\n<li><strong><a title=\"Mikrosprint eredm\u00e9nyek\" href=\"\/tajfuto\/2012\/fesztival\/4-mikrosprint_eredmenyek.doc\">Mikrosprint<\/a><\/strong><\/li>\n<li><strong><a title=\"Mobilos eredm\u00e9nyek\" href=\"\/tajfuto\/2012\/fesztival\/5-mobilos_eredmenyek.doc\">Mobilos<\/a><\/strong><\/li>\n<li><strong><a title=\"Trail-O eredm\u00e9nyek\" href=\"\/tajfuto\/2012\/fesztival\/6-trail-o_eredmenyek.doc\">Trail-O<\/a><\/strong><\/li>\n<li><strong><a title=\"GPS verseny eredm\u00e9nyek\" href=\"\/tajfuto\/2012\/fesztival\/7-gps-eredmenyek.doc\">GPS verseny<\/a><\/strong><\/li>\n<\/ul>\n<\/li>\n<\/ul>\n<hr \/>\n<p id=\"tavaszi\" align=\"left\"><strong>49. Tavaszi Spartacus Kupa\/49th Spring Spartacus Cup \/ Budapest Norm\u00e1lt\u00e1v\u00fa Bajnoks\u00e1ga<\/strong><br \/>\n<em>2012. 03. 17-18., V\u00e9rtes, V\u00e9rteskozma<\/em><\/p>\n<ul>\n<li><strong><a title=\"Honlap\" href=\"http:\/\/www.tabanispartacus.hu\/tajfuto\/2012\/tavaszi\/tavasz.html\">Honlapja<\/a><\/strong><\/li>\n<li><strong><a title=\"Website\" href=\"http:\/\/www.tabanispartacus.hu\/tajfuto\/2012\/tavaszi\/invitation.htm\">Website<\/a><\/strong><\/li>\n<\/ul>\n<\/td>\n<\/tr>\n<\/tbody>\n<\/table>\n","protected":false},"excerpt":{"rendered":"<p>2012 (a 2012 el\u0151tti versenyekkel kapcsolatos anyagok a Versenyeink t\u00f6rt\u00e9nete men\u00fcpont alatt) Versenyeink XVII. Dobog\u00f3k\u0151i Hegyi Fut\u00f3verseny \/ 17th Mountain Running of Dobog\u00f3k\u0151 2012. 11. 24. 60. \u0150szi Spartacus Kupa \/ 60th Autumn Spartacus Cup 2012. 11. 03-04. Bp.-i Pontbegy\u0171jt\u0151 Csapatbajnoks\u00e1g 2012. 09. 02. Ny\u00e1ri Spartacus Kupa &#8211; Tab\u00e1n 2012. 08. 08. Ut\u00e1np\u00f3tl\u00e1s Edz\u0151t\u00e1bor 2 &hellip; <a href=\"https:\/\/www.tabanispartacus.hu\/tajfuto\/wordpress\/?page_id=18\" class=\"more-link\"><span class=\"screen-reader-text\">Versenyeink 2012-ben<\/span> olvas\u00e1s\u00e1nak folytat\u00e1sa <span class=\"meta-nav\">&rarr;<\/span><\/a><\/p>\n","protected":false},"author":1,"featured_media":0,"parent":22,"menu_order":0,"comment_status":"closed","ping_status":"closed","template":"","meta":{"ngg_post_thumbnail":0},"_links":{"self":[{"href":"https:\/\/www.tabanispartacus.hu\/tajfuto\/wordpress\/index.php?rest_route=\/wp\/v2\/pages\/18"}],"collection":[{"href":"https:\/\/www.tabanispartacus.hu\/tajfuto\/wordpress\/index.php?rest_route=\/wp\/v2\/pages"}],"about":[{"href":"https:\/\/www.tabanispartacus.hu\/tajfuto\/wordpress\/index.php?rest_route=\/wp\/v2\/types\/page"}],"author":[{"embeddable":true,"href":"https:\/\/www.tabanispartacus.hu\/tajfuto\/wordpress\/index.php?rest_route=\/wp\/v2\/users\/1"}],"replies":[{"embeddable":true,"href":"https:\/\/www.tabanispartacus.hu\/tajfuto\/wordpress\/index.php?rest_route=%2Fwp%2Fv2%2Fcomments&post=18"}],"version-history":[{"count":11,"href":"https:\/\/www.tabanispartacus.hu\/tajfuto\/wordpress\/index.php?rest_route=\/wp\/v2\/pages\/18\/revisions"}],"predecessor-version":[{"id":1216,"href":"https:\/\/www.tabanispartacus.hu\/tajfuto\/wordpress\/index.php?rest_route=\/wp\/v2\/pages\/18\/revisions\/1216"}],"up":[{"embeddable":true,"href":"https:\/\/www.tabanispartacus.hu\/tajfuto\/wordpress\/index.php?rest_route=\/wp\/v2\/pages\/22"}],"wp:attachment":[{"href":"https:\/\/www.tabanispartacus.hu\/tajfuto\/wordpress\/index.php?rest_route=%2Fwp%2Fv2%2Fmedia&parent=18"}],"curies":[{"name":"wp","href":"https:\/\/api.w.org\/{rel}","templated":true}]}}