{"id":1788,"date":"2013-12-09T14:25:38","date_gmt":"2013-12-09T13:25:38","guid":{"rendered":"http:\/\/www.tabanispartacus.hu\/tajfuto\/wordpress\/?page_id=1788"},"modified":"2021-11-04T21:57:22","modified_gmt":"2021-11-04T20:57:22","slug":"palyazatok","status":"publish","type":"page","link":"https:\/\/www.tabanispartacus.hu\/tajfuto\/wordpress\/?page_id=1788","title":{"rendered":"T\u00c1MOP p\u00e1ly\u00e1zat 2011-12"},"content":{"rendered":"<p>A T\u00e1rsadalmi Meg\u00fajul\u00e1s Operat\u00edv Program (T\u00c1MOP) 3.2.11\/10\/1\/KMR sz\u00e1m\u00fa Nevel\u00e9si-oktat\u00e1si int\u00e9zm\u00e9nyek tan\u00f3rai, tan\u00f3r\u00e1n k\u00edv\u00fcli \u00e9s szabadid\u0151s tev\u00e9kenys\u00e9geinek t\u00e1mogat\u00e1sa c\u00edm\u0171 p\u00e1ly\u00e1zati felh\u00edv\u00e1s\u00e1ra beny\u00fajtott <strong>&#8220;Sport, Term\u00e9szet, Eg\u00e9szs\u00e9g&#8221;<\/strong> c\u00edm\u0171 p\u00e1ly\u00e1zat megval\u00f3s\u00edt\u00e1sa.<\/p>\n<p><a href=\"http:\/\/www.tabanispartacus.hu\/tajfuto\/wordpress\/?page_id=2807\">P\u00e1ly\u00e1zat keret\u00e9ben megval\u00f3sult programok<\/a> &#8211; (2011. 04. 16. &#8211; 2012. 04. 15.)<br \/>\n<a href=\"http:\/\/www.tabanispartacus.hu\/tajfuto\/wordpress\/?page_id=2821\">1. fenntart\u00e1si \u00e9v<\/a> &#8211; (2012. 04. 16 &#8211; 2014. 08. 31.)<br \/>\n<a href=\"http:\/\/www.tabanispartacus.hu\/tajfuto\/wordpress\/?page_id=2828\">2. fenntart\u00e1si \u00e9v<\/a> &#8211; (2014. 09. &#8211; 2015. 08.)<br \/>\n<a href=\"http:\/\/www.tabanispartacus.hu\/tajfuto\/wordpress\/?page_id=3039\">3. fenntart\u00e1si \u00e9v<\/a> &#8211; (2015. 09. \u2013 2016. 08.)<br \/>\n<a href=\"http:\/\/www.tabanispartacus.hu\/tajfuto\/wordpress\/?page_id=3443\">4. fenntart\u00e1si \u00e9v<\/a>&nbsp;&#8211; (2016. 09. \u2013 2017. 08.)<br \/>\n<a href=\"http:\/\/www.tabanispartacus.hu\/tajfuto\/wordpress\/?page_id=4660\">5. fenntart\u00e1si \u00e9v<\/a> &#8211; (2017. 09. \u2013 2018. 08.)<\/p>\n","protected":false},"excerpt":{"rendered":"<p>A T\u00e1rsadalmi Meg\u00fajul\u00e1s Operat\u00edv Program (T\u00c1MOP) 3.2.11\/10\/1\/KMR sz\u00e1m\u00fa Nevel\u00e9si-oktat\u00e1si int\u00e9zm\u00e9nyek tan\u00f3rai, tan\u00f3r\u00e1n k\u00edv\u00fcli \u00e9s szabadid\u0151s tev\u00e9kenys\u00e9geinek t\u00e1mogat\u00e1sa c\u00edm\u0171 p\u00e1ly\u00e1zati felh\u00edv\u00e1s\u00e1ra beny\u00fajtott &#8220;Sport, Term\u00e9szet, Eg\u00e9szs\u00e9g&#8221; c\u00edm\u0171 p\u00e1ly\u00e1zat megval\u00f3s\u00edt\u00e1sa. P\u00e1ly\u00e1zat keret\u00e9ben megval\u00f3sult programok &#8211; (2011. 04. 16. &#8211; 2012. 04. 15.) 1. fenntart\u00e1si \u00e9v &#8211; (2012. 04. 16 &#8211; 2014. 08. 31.) 2. fenntart\u00e1si \u00e9v &#8211; (2014. &hellip; <a href=\"https:\/\/www.tabanispartacus.hu\/tajfuto\/wordpress\/?page_id=1788\" class=\"more-link\"><span class=\"screen-reader-text\">T\u00c1MOP p\u00e1ly\u00e1zat 2011-12<\/span> olvas\u00e1s\u00e1nak folytat\u00e1sa <span class=\"meta-nav\">&rarr;<\/span><\/a><\/p>\n","protected":false},"author":1,"featured_media":0,"parent":0,"menu_order":0,"comment_status":"closed","ping_status":"closed","template":"","meta":{"ngg_post_thumbnail":0},"_links":{"self":[{"href":"https:\/\/www.tabanispartacus.hu\/tajfuto\/wordpress\/index.php?rest_route=\/wp\/v2\/pages\/1788"}],"collection":[{"href":"https:\/\/www.tabanispartacus.hu\/tajfuto\/wordpress\/index.php?rest_route=\/wp\/v2\/pages"}],"about":[{"href":"https:\/\/www.tabanispartacus.hu\/tajfuto\/wordpress\/index.php?rest_route=\/wp\/v2\/types\/page"}],"author":[{"embeddable":true,"href":"https:\/\/www.tabanispartacus.hu\/tajfuto\/wordpress\/index.php?rest_route=\/wp\/v2\/users\/1"}],"replies":[{"embeddable":true,"href":"https:\/\/www.tabanispartacus.hu\/tajfuto\/wordpress\/index.php?rest_route=%2Fwp%2Fv2%2Fcomments&post=1788"}],"version-history":[{"count":26,"href":"https:\/\/www.tabanispartacus.hu\/tajfuto\/wordpress\/index.php?rest_route=\/wp\/v2\/pages\/1788\/revisions"}],"predecessor-version":[{"id":5940,"href":"https:\/\/www.tabanispartacus.hu\/tajfuto\/wordpress\/index.php?rest_route=\/wp\/v2\/pages\/1788\/revisions\/5940"}],"wp:attachment":[{"href":"https:\/\/www.tabanispartacus.hu\/tajfuto\/wordpress\/index.php?rest_route=%2Fwp%2Fv2%2Fmedia&parent=1788"}],"curies":[{"name":"wp","href":"https:\/\/api.w.org\/{rel}","templated":true}]}}