{"id":1636,"date":"2019-02-25T22:05:40","date_gmt":"2019-02-25T22:05:40","guid":{"rendered":"http:\/\/tabanispartacus.home.blog\/?page_id=1636"},"modified":"2019-02-25T22:05:40","modified_gmt":"2019-02-25T22:05:40","slug":"velunk-tortent-2010-ben","status":"publish","type":"page","link":"https:\/\/www.tabanispartacus.hu\/tajfuto\/wordpress\/?page_id=1636","title":{"rendered":"Vel\u00fcnk t\u00f6rt\u00e9nt 2010-ben"},"content":{"rendered":"<table class=\"aligncenter\" border=\"1\" cellspacing=\"10\" cellpadding=\"10\" align=\"center\">\n<tbody>\n<tr>\n<td><b><a title=\"Velencei t\u00e1jfut\u00e1s\" href=\"\/velencei-kalandok-2010\">Velencei t\u00e1jfut\u00e1s<\/a><\/b><\/p>\n<p>2010.11.14.,<br \/>\nVelence, Olaszorsz\u00e1g<\/td>\n<td>besz\u00e1mol\u00f3<\/td>\n<td>Weiler Zsolt<\/td>\n<\/tr>\n<tr>\n<td>Pusztav\u00e1mi edz\u0151t\u00e1bor<\/p>\n<p>2010.10.02-03.<\/td>\n<td>&#8211;<\/td>\n<td><a href=\"https:\/\/drive.google.com\/open?id=1WfJP3FU3swnl9hJnXKuSBAELjLzGXPx2\">1. nap, d\u00e9lel\u0151tti eredm\u00e9nyek<\/a><br \/>\n<a href=\"https:\/\/drive.google.com\/open?id=1Pyx1mYktkJ7UOAt9fXAjaq-CgpXibvds\">1. nap, d\u00e9lut\u00e1ni eredm\u00e9nyek<\/a><br \/>\n<a href=\"https:\/\/drive.google.com\/open?id=1GARP4U9t_3u5G9zle64Qrsc8Cdhm1hoS\">2. nap, d\u00e9lut\u00e1ni eredm\u00e9nyek<\/a><\/td>\n<\/tr>\n<tr>\n<td>Sz\u00f6gligeti edz\u0151t\u00e1bor<\/p>\n<p>2010.07.28-01.<\/td>\n<td>f\u00e9nyk\u00e9pek<\/td>\n<td><a title=\"aggteleki edz\u0151t\u00e1bor\" href=\"http:\/\/picasaweb.google.com\/tabanispartacus.photos2\/20100729SzogligetiEdzotabor#\" target=\"_blank\" rel=\"noopener noreferrer\"><b>Gyalog Zoli<\/b><\/a><\/td>\n<\/tr>\n<tr>\n<td>Hung\u00e1ria Kupa<\/p>\n<p>2010.07.21-25.<\/td>\n<td>f\u00e9nyk\u00e9pek<\/td>\n<td><a title=\"HUNCUP\" href=\"http:\/\/picasaweb.google.com\/tabanispartacus.photos2\/20100725Huncup#\" target=\"_blank\" rel=\"noopener noreferrer\"><b>Gyalog Zoli<\/b><\/a><\/td>\n<\/tr>\n<tr>\n<td><b><a title=\"Spanyol EB\" href=\"\/tajfuto-ifjusagi-es-serdulo-europa-bajnoksag\">Spanyol EB<\/a><\/b><\/p>\n<p>2010.07.01-04.<\/td>\n<td>besz\u00e1mol\u00f3<\/td>\n<td>Weiler Vir\u00e1g<\/td>\n<\/tr>\n<tr>\n<td>B\u00fckkszentkereszti edz\u0151t\u00e1bor<\/p>\n<p>2010.06.22-25.<\/td>\n<td>f\u00e9nyk\u00e9pek<\/td>\n<td><a title=\"b\u00fckk edz\u0151t\u00e1bor\" href=\"http:\/\/picasaweb.google.com\/tabanispartacus.photos2\/20100622BukkszentkeresztEdzotabor#\" target=\"_blank\" rel=\"noopener noreferrer\"><b>Gyalog Zoli<\/b><\/a><\/td>\n<\/tr>\n<tr>\n<td>Di\u00e1kolimpia2<\/p>\n<p>2010.06.20.<\/td>\n<td>f\u00e9nyk\u00e9pek<\/td>\n<td><a title=\"Di\u00e1kolimpia2\" href=\"http:\/\/picasaweb.google.com\/tabanispartacus.photos2\/06_20_dol#\" target=\"_blank\" rel=\"noopener noreferrer\"><b>Gyalog Zoli<\/b><\/a><\/td>\n<\/tr>\n<tr>\n<td>KOB &#8211; VOB<\/p>\n<p>2010.06.12-13.<\/td>\n<td>f\u00e9nyk\u00e9pek<\/td>\n<td><a title=\"KOB - VOB\" href=\"http:\/\/picasaweb.google.com\/tabanispartacus.photos2\/20100612KOBVOB#\" target=\"_blank\" rel=\"noopener noreferrer\"><b>Gyalog Zoli<\/b><\/a><br \/>\n<a title=\"Weiler Zsolt\" href=\"http:\/\/picasaweb.google.hu\/weilerzsolt\/20100612_tajfutas_Tazlar#\" target=\"_blank\" rel=\"noopener noreferrer\"><b>Weiler Zsolt<\/b><\/a><\/td>\n<\/tr>\n<tr>\n<td>24 \u00f3r\u00e1s<\/p>\n<p>2010.05.29-30.<\/td>\n<td>f\u00e9nyk\u00e9pek<\/td>\n<td><b><a title=\"Weiler Zsolt\" href=\"http:\/\/picasaweb.google.com\/weilerzsolt\/20100529_Tajfutas_Pusztamarot?feat=email#\" target=\"_blank\" rel=\"noopener noreferrer\">Weiler Zsolt<\/a><\/b><br \/>\n<b><a title=\"Lat\u00e1k Rudi\" href=\"http:\/\/picasaweb.google.com\/tabanispartacus.photos2\/201005293024Oras#\" target=\"_blank\" rel=\"noopener noreferrer\">Lat\u00e1k Rudi, Ebinger M\u00f3nika, Gyalog Zolt\u00e1n<\/a><\/b><\/td>\n<\/tr>\n<tr>\n<td><b><a title=\"Sparis v\u00e1logatott jel\u00f6ltek \u00e9rt\u00e9kel\u00e9se\" href=\"http:\/\/www.tabanispartacus.hu\/tajfuto\/index.php?page=velunktortent\/2010\/2010_valogatott_jeloltek\">Sparis v\u00e1logatott jel\u00f6ltek els\u0151 negyed\u00e9ves \u00e9rt\u00e9kel\u00e9se<\/a><\/b><\/td>\n<td>besz\u00e1mol\u00f3<\/td>\n<td>Gyalog Zoli<\/td>\n<\/tr>\n<tr>\n<td><b><a title=\"Mecsek Kupa\" href=\"\/mecsek-kupa\">Mecsek Kupa<\/a><\/b><\/p>\n<p>2010.05.22-24.<\/td>\n<td>besz\u00e1mol\u00f3<\/td>\n<td>Gyalog Zoli<\/td>\n<\/tr>\n<tr>\n<td>Mecsek Kupa<\/p>\n<p>2010.05.22-24.<\/td>\n<td>f\u00e9nyk\u00e9pek<\/td>\n<td><b><a title=\"Weiler Zsolt\" href=\"http:\/\/picasaweb.google.hu\/weilerzsolt\/20100524_Tajfutas_Mecsek?authkey=Gv1sRgCPHl9Kz6na_TLQ&amp;feat=directlink#\" target=\"_blank\" rel=\"noopener noreferrer\">Weiler Zsolt<\/a><\/b><br \/>\n<b><a title=\"Lat\u00e1k Rudi\" href=\"http:\/\/mecsekkupa.rudibacsi.fotoalbum.hu\/\" target=\"_blank\" rel=\"noopener noreferrer\">Lat\u00e1k Rudi<\/a><\/b><br \/>\n<b><a title=\"Lat\u00e1k Rudi\" href=\"http:\/\/picasaweb.google.com\/tabanispartacus.photos2\/2010052224MecsekKupa#\" target=\"_blank\" rel=\"noopener noreferrer\">Gyalog Zolt\u00e1n<\/a><\/b><\/td>\n<\/tr>\n<tr>\n<td>Orsz\u00e1gos Di\u00e1kolimpia Sprint dobog\u00f3sok, helyezettek<\/p>\n<p>2010.05.14.<\/td>\n<td>f\u00e9nyk\u00e9pek<\/td>\n<td><b><a title=\"di\u00e1kol2010\" href=\"http:\/\/picasaweb.google.com\/tabanispartacus.photos2\/20100514OrszagosDiakolimpiaSprintDobogosok#\" target=\"_blank\" rel=\"noopener noreferrer\">Gyalog L\u00e1szl\u00f3<\/a><\/b><\/td>\n<\/tr>\n<tr>\n<td><a title=\"Orsz\u00e1gos Di\u00e1kolimpia\" href=\"\/gyozelmek-seteterdoben-ozonvizben\">Orsz\u00e1gos Di\u00e1kolimpia<\/a><\/p>\n<p>2010.05.14.<\/td>\n<td>besz\u00e1mol\u00f3<\/td>\n<td>Weiler Zsolt<\/td>\n<\/tr>\n<tr>\n<td>\u00c9OB, Maccabi Kupa<\/p>\n<p>2010.05.08-09., T\u00e1zl\u00e1r<\/td>\n<td>f\u00e9nyk\u00e9pek<\/td>\n<td><b><a title=\"\u00c9OB\" href=\"http:\/\/picasaweb.google.com\/tabanispartacus.photos2\/05_08_EOB_Macabi#\" target=\"_blank\" rel=\"noopener noreferrer\">Gyalog Zoli<\/a><\/b><\/td>\n<\/tr>\n<tr>\n<td>Kassai Szlov\u00e1k OB<\/p>\n<p>2010.05.01.<\/td>\n<td>f\u00e9nyk\u00e9pek<\/td>\n<td><b><a title=\"Weiler Zsolt\" href=\"http:\/\/picasaweb.google.com\/tabanispartacus.photos2\/20100501SzlovakOB?authkey=Gv1sRgCKnEsevF8e3I9gE#\" target=\"_blank\" rel=\"noopener noreferrer\">Weiler Zsolt<\/a><\/b><br \/>\n<b><a title=\"Gyalog Zolt\u00e1n\" href=\"http:\/\/picasaweb.google.com\/tabanispartacus.photos2\/20100501SzlovakOBEdzotabor#\" target=\"_blank\" rel=\"noopener noreferrer\">Gyalog Zolt\u00e1n<\/a><\/b><\/td>\n<\/tr>\n<tr>\n<td><b><a title=\"BpPCSB\" href=\"http:\/\/picasaweb.google.com\/tabanispartacus.photos2\/20100424BpPCSB\" target=\"_blank\" rel=\"noopener noreferrer\">Budapesti Csapatbajnoks\u00e1g<\/a><\/b><\/p>\n<p>2010.04.25.<\/td>\n<td>f\u00e9nyk\u00e9pek<\/td>\n<td>Gyalog L\u00e1szl\u00f3<br \/>\nGyalog Zolt\u00e1n<\/td>\n<\/tr>\n<tr>\n<td><b><a title=\"Tab\u00e1ni edz\u00e9s\" href=\"http:\/\/picasaweb.google.com\/tabanispartacus.photos2\/20100422TabanEdzes#\" target=\"_blank\" rel=\"noopener noreferrer\">Tab\u00e1ni edz\u00e9s<\/a><\/b><\/p>\n<p>2010.04.22.<\/td>\n<td>f\u00e9nyk\u00e9pek<\/td>\n<td>Gyalog Zolt\u00e1n<\/td>\n<\/tr>\n<tr>\n<td><b><a title=\"F\u00f6ld napja 2010\" href=\"http:\/\/picasaweb.google.hu\/tabanispartacus.photos2\/20100422FoldNapja#\" target=\"_blank\" rel=\"noopener noreferrer\">F\u00f6ld-napja<\/a><\/b><\/p>\n<p>2010.04.22.<\/td>\n<td>f\u00e9nyk\u00e9pek<\/td>\n<td>Gyalog L\u00e1szl\u00f3<\/td>\n<\/tr>\n<tr>\n<td><b><a title=\"post\u00e1s kupa 2010\" href=\"\/postas-kupa-beszamolo\">Post\u00e1s Kupa<\/a><\/b><\/p>\n<p>2010.04.17.<\/td>\n<td>besz\u00e1mol\u00f3<\/td>\n<td>Gyalog Zolt\u00e1n<\/td>\n<\/tr>\n<tr>\n<td>Post\u00e1s Kupa<\/p>\n<p>2010.04.17-18.<\/td>\n<td>f\u00e9nyk\u00e9pek<\/td>\n<td><b><a title=\"post\u00e1s kupa 2010\" href=\"http:\/\/picasaweb.google.hu\/tabanispartacus.photos2\/20100417PostasKupa#\" target=\"_blank\" rel=\"noopener noreferrer\">Gyalog L\u00e1szl\u00f3<\/a><\/b><br \/>\n<b><a title=\"post\u00e1s kupa 2010\" href=\"http:\/\/picasaweb.google.com\/tabanispartacus.photos2\/04_18_postas#\" target=\"_blank\" rel=\"noopener noreferrer\">Gyalog Zoli<\/a><\/b><\/td>\n<\/tr>\n<tr>\n<td>Budapesti Di\u00e1kolimpia<\/p>\n<p>2010.04.11., Budapest<\/td>\n<td>f\u00e9nyk\u00e9pek<\/td>\n<td><b><a title=\"Weiler Zsolt k\u00e9pei\" href=\"http:\/\/picasaweb.google.com\/weilerzsolt\/20100411_BP_Diakolimpia_tajfutas?authkey=Gv1sRgCPyTytvum6yVfA&amp;feat=directlink#\" target=\"_blank\" rel=\"noopener noreferrer\">Weiler Zsolt k\u00e9pei<\/a><\/b><br \/>\n<b><a title=\"Gyalog Zoli k\u00e9pei\" href=\"http:\/\/picasaweb.google.com\/tabanispartacus.photos2\/04_11_BPDiakolimpia#\" target=\"_blank\" rel=\"noopener noreferrer\">Gyalog Zoli k\u00e9pei<\/a><\/b><\/td>\n<\/tr>\n<tr>\n<td>HOB<\/p>\n<p>2010.04.10., HOB<\/td>\n<td>f\u00e9nyk\u00e9pek<\/td>\n<td><b><a title=\"Gyalog Zoli k\u00e9pei\" href=\"http:\/\/picasaweb.google.com\/tabanispartacus.photos2\/04_10_HOB#\" target=\"_blank\" rel=\"noopener noreferrer\">Gyalog Zoli<\/a><\/b><\/td>\n<\/tr>\n<tr>\n<td>N\u00f3gr\u00e1d nagyd\u00edj<\/p>\n<p>2010.04.03-05., M\u00e1trakeresztes<\/td>\n<td>f\u00e9nyk\u00e9pek<\/td>\n<td><b><a title=\"Weiler Zsolt k\u00e9pei\" href=\"http:\/\/picasaweb.google.com\/weilerzsolt\/20100405_Matrakeresztes_valto?authkey=Gv1sRgCLnl_rSFroiz4QE&amp;feat=directlink#\" target=\"_blank\" rel=\"noopener noreferrer\">Weiler Zsolt k\u00e9pei<\/a><\/b><\/td>\n<\/tr>\n<tr>\n<td>Hegyisport Kupa \u00e9s Semmelweis eml\u00e9kverseny, edz\u0151t\u00e1bor<\/p>\n<p>2010.03.27-28., V\u00e9rtes<\/td>\n<td>f\u00e9nyk\u00e9pek<\/td>\n<td><b><a title=\"Lat\u00e1k Rudi k\u00e9pei\" href=\"http:\/\/semhsedzotabor.rudibacsi.fotoalbum.hu\/\" target=\"_blank\" rel=\"noopener noreferrer\">Lat\u00e1k Rudi k\u00e9pei<\/a><\/b><\/td>\n<\/tr>\n<tr>\n<td><b><a title=\"Tavaszi Spari Kupa\" href=\"http:\/\/picasaweb.google.com\/tabanispartacus.photos2\/2010031215TavasziSpari\" target=\"_blank\" rel=\"noopener noreferrer\">Tavaszi Spari Kupa<\/a><\/b><\/p>\n<p>2010.03.12-15., V\u00e9rtes<\/td>\n<td>f\u00e9nyk\u00e9pek<\/td>\n<td>Gyalog L\u00e1szl\u00f3,<br \/>\nZai B\u00e1lint,<br \/>\n\u00e9s m\u00e9g aki a kez\u00e9be kaparintotta<\/td>\n<\/tr>\n<tr>\n<td align=\"center\" width=\"40%\"><b>\u00e9vz\u00e1r\u00f3<br \/>\n<a title=\"1\" href=\"https:\/\/drive.google.com\/open?id=1nzRi7H3qjEtRbyi9vcbilBrZyyMuqT0n\">szakosz\u00e1lygy\u0171l\u00e9s<\/a><br \/>\n<a title=\"2\" href=\"https:\/\/drive.google.com\/open?id=1lWBwmzWdWH_EFmh7NtEClXBk571dhkpQ\">OB statisztik\u00e1k<\/a><br \/>\n<a title=\"3\" href=\"https:\/\/drive.google.com\/open?id=1qp5AP7l68u--ymNxK-J9-AJnFh4vwq5F\">bajnoki pontok<\/a><br \/>\n<a title=\"4\" href=\"https:\/\/drive.google.com\/open?id=1wRezFWKJsKr-hL09Of9Jp0e6JJ3Q7pf4\">\u00e9vz\u00e1r\u00f3 besz\u00e1mol\u00f3<\/a><br \/>\n<a title=\"\u00e9vz\u00e1r\u00f3 besz\u00e9d\" href=\"\/2009-es-ev-beszamoloja-a-tabani-spartacus-utanpotlas-szakosztalyanak\">Besz\u00e1mol\u00f3 az\u00a0ut\u00e1np\u00f3tl\u00e1s-csoport<br \/>\n2009. \u00e9vi tev\u00e9kenys\u00e9g\u00e9r\u0151l<\/a><\/b>2010.01.23., G\u00e1nt<\/td>\n<td align=\"center\" width=\"20%\">anyagok<\/td>\n<td align=\"center\" width=\"40%\">Gyalog L\u00e1szl\u00f3<br \/>\nGyalog Zolt\u00e1n<\/td>\n<\/tr>\n<tr>\n<td align=\"center\" width=\"40%\">Teremt\u00e1jfut\u00f3\/\u00e9vz\u00e1r\u00f3<\/td>\n<td align=\"center\" width=\"20%\">fot\u00f3k<\/td>\n<td align=\"center\" width=\"40%\"><a title=\"van\" href=\"http:\/\/picasaweb.google.com\/weilerzsolt\/20100123_TeremetajfutasSPA_evzaro?authkey=Gv1sRgCIrv7dvd3arpkQE&amp;feat=directlink\" target=\"_blank\" rel=\"noopener noreferrer\"><b>Weiler Zsolt<\/b><\/a><br \/>\n<a title=\"van\" href=\"http:\/\/picasaweb.google.com\/tabanispartacus.photos2\/2009Evzaro#\" target=\"_blank\" rel=\"noopener noreferrer\"><b>Gyalog L\u00e1szl\u00f3<\/b><\/a><br \/>\n<a title=\"van\" href=\"http:\/\/gazdagretteremtajfutas.rudibacsi.fotoalbum.hu\/\" target=\"_blank\" rel=\"noopener noreferrer\"><b>Lat\u00e1k Rudi<\/b><\/a><br \/>\n<a title=\"van\" href=\"http:\/\/picasaweb.google.com\/tabanispartacus.photos2\/2010012324Evzaro#\" target=\"_blank\" rel=\"noopener noreferrer\"><b>Zai B\u00e1lint<\/b><\/a><\/td>\n<\/tr>\n<tr>\n<td><b><a title=\"t\u00e9li fizikai et\" href=\"\/teli-fizikai-edzotabor\">Fizikai edz\u0151t\u00e1bor<\/a><br \/>\n<\/b>2010.01.08-10., G\u00e1nt<\/td>\n<td>besz\u00e1mol\u00f3<\/td>\n<td>Gyalog Zoli<\/td>\n<\/tr>\n<\/tbody>\n<\/table>\n","protected":false},"excerpt":{"rendered":"<p>Velencei t\u00e1jfut\u00e1s 2010.11.14., Velence, Olaszorsz\u00e1g besz\u00e1mol\u00f3 Weiler Zsolt Pusztav\u00e1mi edz\u0151t\u00e1bor 2010.10.02-03. &#8211; 1. nap, d\u00e9lel\u0151tti eredm\u00e9nyek 1. nap, d\u00e9lut\u00e1ni eredm\u00e9nyek 2. nap, d\u00e9lut\u00e1ni eredm\u00e9nyek Sz\u00f6gligeti edz\u0151t\u00e1bor 2010.07.28-01. f\u00e9nyk\u00e9pek Gyalog Zoli Hung\u00e1ria Kupa 2010.07.21-25. f\u00e9nyk\u00e9pek Gyalog Zoli Spanyol EB 2010.07.01-04. besz\u00e1mol\u00f3 Weiler Vir\u00e1g B\u00fckkszentkereszti edz\u0151t\u00e1bor 2010.06.22-25. f\u00e9nyk\u00e9pek Gyalog Zoli Di\u00e1kolimpia2 2010.06.20. f\u00e9nyk\u00e9pek Gyalog Zoli KOB &#8211; &hellip; <a href=\"https:\/\/www.tabanispartacus.hu\/tajfuto\/wordpress\/?page_id=1636\" class=\"more-link\"><span class=\"screen-reader-text\">Vel\u00fcnk t\u00f6rt\u00e9nt 2010-ben<\/span> olvas\u00e1s\u00e1nak folytat\u00e1sa <span class=\"meta-nav\">&rarr;<\/span><\/a><\/p>\n","protected":false},"author":9,"featured_media":0,"parent":0,"menu_order":0,"comment_status":"closed","ping_status":"closed","template":"","meta":{"ngg_post_thumbnail":0},"_links":{"self":[{"href":"https:\/\/www.tabanispartacus.hu\/tajfuto\/wordpress\/index.php?rest_route=\/wp\/v2\/pages\/1636"}],"collection":[{"href":"https:\/\/www.tabanispartacus.hu\/tajfuto\/wordpress\/index.php?rest_route=\/wp\/v2\/pages"}],"about":[{"href":"https:\/\/www.tabanispartacus.hu\/tajfuto\/wordpress\/index.php?rest_route=\/wp\/v2\/types\/page"}],"author":[{"embeddable":true,"href":"https:\/\/www.tabanispartacus.hu\/tajfuto\/wordpress\/index.php?rest_route=\/wp\/v2\/users\/9"}],"replies":[{"embeddable":true,"href":"https:\/\/www.tabanispartacus.hu\/tajfuto\/wordpress\/index.php?rest_route=%2Fwp%2Fv2%2Fcomments&post=1636"}],"version-history":[{"count":0,"href":"https:\/\/www.tabanispartacus.hu\/tajfuto\/wordpress\/index.php?rest_route=\/wp\/v2\/pages\/1636\/revisions"}],"wp:attachment":[{"href":"https:\/\/www.tabanispartacus.hu\/tajfuto\/wordpress\/index.php?rest_route=%2Fwp%2Fv2%2Fmedia&parent=1636"}],"curies":[{"name":"wp","href":"https:\/\/api.w.org\/{rel}","templated":true}]}}