{"id":16,"date":"2012-07-05T13:28:50","date_gmt":"2012-07-05T11:28:50","guid":{"rendered":"http:\/\/tabanispartacus.wordpress.com\/?page_id=16"},"modified":"2026-04-28T14:55:27","modified_gmt":"2026-04-28T12:55:27","slug":"kapcsolat","status":"publish","type":"page","link":"https:\/\/www.tabanispartacus.hu\/tajfuto\/wordpress\/?page_id=16","title":{"rendered":"Kapcsolat"},"content":{"rendered":"<p><strong>El\u00e9rhet\u0151s\u00e9geink:<\/strong><br \/>\nC\u00edm: 1013 Budapest, Attila \u00fat 2. (pincehelyis\u00e9g)<br \/>\nInternet: <a href=\"http:\/\/www.tabanispartacus.hu\/\">www.tabanispartacus.hu<\/a><br \/>\n<a href=\"https:\/\/www.facebook.com\/search\/top\/?q=tab%C3%A1ni%20spartacus%20ske\">Facebook<\/a>on vagy<br \/>\n<a href=\"https:\/\/www.instagram.com\/tabanispartacusofficial\/\">Instagram<\/a>on is megtal\u00e1ltok minket<\/p>\n<p><strong>Morandini Viktor<\/strong>, egyes\u00fcleti eln\u00f6k<br \/>\n06-30-259-7071<br \/>\n<a href=\"mailto:viktor.morandini@gmail.com\" target=\"_blank\" rel=\"noreferrer noopener\">viktor.morandini@gmail.com<\/a><\/p>\n<p><strong>Lengyel \u00c1d\u00e1m<\/strong>, egyes\u00fcleti \u00fcgyvezet\u0151 eln\u00f6k, edz\u0151 (k\u00f6zepesek)<br \/>\n06-20-491-0365<br \/>\n<a href=\"mailto:lengyel.adam96@gmail.com\" target=\"_blank\" rel=\"noreferrer noopener\">lengyel.adam96@gmail.com<\/a><\/p>\n<p><strong>Bak\u00f3 \u00c1ron<\/strong>, edz\u0151 (halad\u00f3k)<br \/>\n06-20-221-8218<br \/>\n<a href=\"mailto:aronbako@gmail.com\" target=\"_blank\" rel=\"noreferrer noopener\">aronbako@gmail.com<\/a><\/p>\n<p><strong>Divin Zs\u00f3fia<\/strong>, edz\u0151 (k\u00f6zepesek)<br \/>\n06-30-475-9898<br \/>\n<a href=\"mailto:sarkozy.zsofi@gmail.com\">sarkozy.zsofi@gmail.com<\/a><\/p>\n<p><strong>Dank\u00f3 Edina<\/strong>, edz\u0151 (kezd\u0151k)<br \/>\n06-30-561-3323<br \/>\n<a title=\"dankoedina@gmail.com\" href=\"mailto:dankoedina@gmail.com\">dankoedina@gmail.com<\/a><\/p>\n","protected":false},"excerpt":{"rendered":"<p>El\u00e9rhet\u0151s\u00e9geink: C\u00edm: 1013 Budapest, Attila \u00fat 2. (pincehelyis\u00e9g) Internet: www.tabanispartacus.hu Facebookon vagy Instagramon is megtal\u00e1ltok minket Morandini Viktor, egyes\u00fcleti eln\u00f6k 06-30-259-7071 viktor.morandini@gmail.com Lengyel \u00c1d\u00e1m, egyes\u00fcleti \u00fcgyvezet\u0151 eln\u00f6k, edz\u0151 (k\u00f6zepesek) 06-20-491-0365 lengyel.adam96@gmail.com Bak\u00f3 \u00c1ron, edz\u0151 (halad\u00f3k) 06-20-221-8218 aronbako@gmail.com Divin Zs\u00f3fia, edz\u0151 (k\u00f6zepesek) 06-30-475-9898 sarkozy.zsofi@gmail.com Dank\u00f3 Edina, edz\u0151 (kezd\u0151k) 06-30-561-3323 dankoedina@gmail.com<\/p>\n","protected":false},"author":1,"featured_media":0,"parent":0,"menu_order":0,"comment_status":"closed","ping_status":"closed","template":"","meta":{"ngg_post_thumbnail":0},"_links":{"self":[{"href":"https:\/\/www.tabanispartacus.hu\/tajfuto\/wordpress\/index.php?rest_route=\/wp\/v2\/pages\/16"}],"collection":[{"href":"https:\/\/www.tabanispartacus.hu\/tajfuto\/wordpress\/index.php?rest_route=\/wp\/v2\/pages"}],"about":[{"href":"https:\/\/www.tabanispartacus.hu\/tajfuto\/wordpress\/index.php?rest_route=\/wp\/v2\/types\/page"}],"author":[{"embeddable":true,"href":"https:\/\/www.tabanispartacus.hu\/tajfuto\/wordpress\/index.php?rest_route=\/wp\/v2\/users\/1"}],"replies":[{"embeddable":true,"href":"https:\/\/www.tabanispartacus.hu\/tajfuto\/wordpress\/index.php?rest_route=%2Fwp%2Fv2%2Fcomments&post=16"}],"version-history":[{"count":13,"href":"https:\/\/www.tabanispartacus.hu\/tajfuto\/wordpress\/index.php?rest_route=\/wp\/v2\/pages\/16\/revisions"}],"predecessor-version":[{"id":7732,"href":"https:\/\/www.tabanispartacus.hu\/tajfuto\/wordpress\/index.php?rest_route=\/wp\/v2\/pages\/16\/revisions\/7732"}],"wp:attachment":[{"href":"https:\/\/www.tabanispartacus.hu\/tajfuto\/wordpress\/index.php?rest_route=%2Fwp%2Fv2%2Fmedia&parent=16"}],"curies":[{"name":"wp","href":"https:\/\/api.w.org\/{rel}","templated":true}]}}