{"id":1545,"date":"2013-05-30T16:26:00","date_gmt":"2013-05-30T14:26:00","guid":{"rendered":"http:\/\/www.tabanispartacus.hu\/tajfuto\/wordpress\/?page_id=1545"},"modified":"2013-10-09T01:03:53","modified_gmt":"2013-10-08T23:03:53","slug":"61st-autumn-spartacus-cup-invitation","status":"publish","type":"page","link":"https:\/\/www.tabanispartacus.hu\/tajfuto\/wordpress\/?page_id=1545","title":{"rendered":"61st Autumn Spartacus Cup Invitation"},"content":{"rendered":"<p><strong>Date:<\/strong> 2\u20133 November 2013<\/p>\n<p><strong>Locality:<\/strong>V\u00e1rgesztes, V\u00e9rtes (75km from Budapest)<\/p>\n<p><strong>Organizer: <\/strong>Tab\u00e1ni Spartacus SKE<\/p>\n<p><strong>Form of the race:<\/strong> International, two day individual event, normal distance, combined results (day 1 Hungarian ranking event, day 2 special ranking event).<\/p>\n<p><strong>Patron of the competition: <\/strong>Gabriella Menoni, majoress of V\u00e1rgesztes<\/p>\n<p><strong>Organizing committee:<\/strong> Director: Istv\u00e1n M\u00e1th\u00e9<br \/>\nGeneral deputy chairman: Attila Horv\u00e1th<br \/>\nTechnical deputy chairman: S\u00e1ndor T\u00f3th<br \/>\nCourse planners: Gy\u00f6rgy Sch\u00f6nviszky (day 1), \u00c1bel Sulyok (day 2)<br \/>\nController: G\u00e1bor Somlay<br \/>\nMap: Gy\u00f6rgy Sch\u00f6nviszky<br \/>\nSecretary: Anett Gyalogn\u00e9 Dobr\u00f3ka<\/p>\n<p><strong>Map:<\/strong> 1:15.000 \/ 5m, 1:10.000 \/ 5m, revised in 2013, IOF norms<\/p>\n<p><strong>Area: <\/strong>Decideous forest of midlands, dolomite surface, typical V\u00e9rtes-terrain.<\/p>\n<p><strong>Deadline for Entry: <\/strong>23 October 2013, in the application form (on the web), for one day, too.<\/p>\n<p><strong>Address for Entry: <\/strong><strong>e-mail<\/strong>: <a href=\"mailto:tabanispartacus@gmail.com\">tabanispartacus@gmail.com<\/a>, if we accept, we send back OK<br \/>\nwithin 48 hours<br \/>\n<strong>post:<\/strong> Tab\u00e1ni Spartacus SKE, H-1013 Budapest, Attila \u00fat 2.<\/p>\n<p><strong>Entry fee:<\/strong>M\/W16\u2013M65,W60 4000 HUF \/ two days 2200 Ft \/ one day<br \/>\nM\/W10\u201314, M70\u201380, W65\u201370 2200 HUF \/ two days 1200 Ft \/ one day<br \/>\nafter deadline or on the site: 1000 HUF extra fee\/2 days<br \/>\nOpen categories 2200 HUF \/ two days 1200 Ft \/ one day<\/p>\n<p><strong>Drawing:<\/strong>24 of October 2013<\/p>\n<p><strong>Accommodation<\/strong>: Student hostel (Oroszl\u00e1ny) 2300 Ft\/person\/night<br \/>\nGym (V\u00e1rgesztes, primary school) 700 Ft\/person\/night<\/p>\n<p><strong>Planned &#8220;0&#8221; time of the event:<\/strong> 1<sup>st<\/sup> day (Saturday) 10 a.m. 2<sup>nd<\/sup> day (Sunday) 9 a.m.<\/p>\n<p><strong>Prices<\/strong>: Medal for the first three, extra prices for the winners in all categories.<\/p>\n<p><strong>Categories: <\/strong>M\/W 21E,B,BR,C, 20E, 18E, 15-18C, 16E, 14E, 12C, 35A, 40A, 45A, 50A, 55A, 60A, 65A; 70A, M 35BR, 75A; 80A, M\/W 10D (with help of taped route),<br \/>\nOA (open for advanced), OB (open for beginners)<br \/>\nWe name the following categories after deceased competitors of our sports club:<br \/>\nM21E: <strong>Balogh Tam\u00e1s<\/strong>; M35A: <strong>Tarj\u00e1ni Tibor<\/strong>;<br \/>\nM60A: <strong>Csurg\u00f3 Mih\u00e1ly<\/strong>; M65A: <strong>Peiker Gy\u00f6rgy<\/strong>;<br \/>\nM70A: <strong>\u00d3hegyi Albin<\/strong>; W16E: <strong>Szentp\u00e9tery \u00c1kos<\/strong><\/p>\n<p><strong>Other: <\/strong>The <strong>SPORTident electronic punching system<\/strong> is to use. If somebody doesn\u2019t have an own electronic card, it is possible to rent one in the finish area (200 Ft\/day).<\/p>\n<ul>\n<li>Buffet by the finish area, with warm food, too.<\/li>\n<li><strong>Children race<\/strong> both days near the finish area.<\/li>\n<li>Commercial activity is possible only with the permission of the director of the organizing committee.<\/li>\n<\/ul>\n<p><strong>Information in the own website of competition: <\/strong><a href=\"http:\/\/www.tabanispartacus.hu\/\">www.tabanispartacus.hu<\/a><\/p>\n<p><em><strong> WELCOME in the name of<\/strong><\/em><em><strong>Tab\u00e1ni Spartacus SKE<\/strong><\/em><\/p>\n","protected":false},"excerpt":{"rendered":"<p>Date: 2\u20133 November 2013 Locality:V\u00e1rgesztes, V\u00e9rtes (75km from Budapest) Organizer: Tab\u00e1ni Spartacus SKE Form of the race: International, two day individual event, normal distance, combined results (day 1 Hungarian ranking event, day 2 special ranking event). Patron of the competition: Gabriella Menoni, majoress of V\u00e1rgesztes Organizing committee: Director: Istv\u00e1n M\u00e1th\u00e9 General deputy chairman: Attila Horv\u00e1th &hellip; <a href=\"https:\/\/www.tabanispartacus.hu\/tajfuto\/wordpress\/?page_id=1545\" class=\"more-link\"><span class=\"screen-reader-text\">61st Autumn Spartacus Cup Invitation<\/span> olvas\u00e1s\u00e1nak folytat\u00e1sa <span class=\"meta-nav\">&rarr;<\/span><\/a><\/p>\n","protected":false},"author":1,"featured_media":0,"parent":0,"menu_order":0,"comment_status":"closed","ping_status":"closed","template":"","meta":{"ngg_post_thumbnail":0},"_links":{"self":[{"href":"https:\/\/www.tabanispartacus.hu\/tajfuto\/wordpress\/index.php?rest_route=\/wp\/v2\/pages\/1545"}],"collection":[{"href":"https:\/\/www.tabanispartacus.hu\/tajfuto\/wordpress\/index.php?rest_route=\/wp\/v2\/pages"}],"about":[{"href":"https:\/\/www.tabanispartacus.hu\/tajfuto\/wordpress\/index.php?rest_route=\/wp\/v2\/types\/page"}],"author":[{"embeddable":true,"href":"https:\/\/www.tabanispartacus.hu\/tajfuto\/wordpress\/index.php?rest_route=\/wp\/v2\/users\/1"}],"replies":[{"embeddable":true,"href":"https:\/\/www.tabanispartacus.hu\/tajfuto\/wordpress\/index.php?rest_route=%2Fwp%2Fv2%2Fcomments&post=1545"}],"version-history":[{"count":6,"href":"https:\/\/www.tabanispartacus.hu\/tajfuto\/wordpress\/index.php?rest_route=\/wp\/v2\/pages\/1545\/revisions"}],"predecessor-version":[{"id":1712,"href":"https:\/\/www.tabanispartacus.hu\/tajfuto\/wordpress\/index.php?rest_route=\/wp\/v2\/pages\/1545\/revisions\/1712"}],"wp:attachment":[{"href":"https:\/\/www.tabanispartacus.hu\/tajfuto\/wordpress\/index.php?rest_route=%2Fwp%2Fv2%2Fmedia&parent=1545"}],"curies":[{"name":"wp","href":"https:\/\/api.w.org\/{rel}","templated":true}]}}