{"id":152,"date":"2012-07-11T18:59:29","date_gmt":"2012-07-11T16:59:29","guid":{"rendered":"http:\/\/tabanispartacus.wordpress.com\/?page_id=152"},"modified":"2016-02-04T16:48:59","modified_gmt":"2016-02-04T15:48:59","slug":"egyeb","status":"publish","type":"page","link":"https:\/\/www.tabanispartacus.hu\/tajfuto\/wordpress\/?page_id=152","title":{"rendered":"Egy\u00e9b"},"content":{"rendered":"<h5 style=\"text-align: left;\"><a style=\"font-size: 1em; line-height: 1.5em;\" href=\"http:\/\/www.tabanispartacus.hu\/tajfuto\/wordpress\/?page_id=42\">Ny\u00edlt T\u00e1jfut\u00f3 Klub<\/a><\/h5>\n<h5 style=\"text-align: left;\"><a href=\"http:\/\/www.tabanispartacus.hu\/tajfuto\/wordpress\/?page_id=40\">T\u00e1jfut\u00e1s t\u00f6rt\u00e9nete<\/a><\/h5>\n","protected":false},"excerpt":{"rendered":"<p>Ny\u00edlt T\u00e1jfut\u00f3 Klub T\u00e1jfut\u00e1s t\u00f6rt\u00e9nete<\/p>\n","protected":false},"author":1,"featured_media":0,"parent":0,"menu_order":0,"comment_status":"closed","ping_status":"closed","template":"","meta":{"ngg_post_thumbnail":0},"_links":{"self":[{"href":"https:\/\/www.tabanispartacus.hu\/tajfuto\/wordpress\/index.php?rest_route=\/wp\/v2\/pages\/152"}],"collection":[{"href":"https:\/\/www.tabanispartacus.hu\/tajfuto\/wordpress\/index.php?rest_route=\/wp\/v2\/pages"}],"about":[{"href":"https:\/\/www.tabanispartacus.hu\/tajfuto\/wordpress\/index.php?rest_route=\/wp\/v2\/types\/page"}],"author":[{"embeddable":true,"href":"https:\/\/www.tabanispartacus.hu\/tajfuto\/wordpress\/index.php?rest_route=\/wp\/v2\/users\/1"}],"replies":[{"embeddable":true,"href":"https:\/\/www.tabanispartacus.hu\/tajfuto\/wordpress\/index.php?rest_route=%2Fwp%2Fv2%2Fcomments&post=152"}],"version-history":[{"count":3,"href":"https:\/\/www.tabanispartacus.hu\/tajfuto\/wordpress\/index.php?rest_route=\/wp\/v2\/pages\/152\/revisions"}],"predecessor-version":[{"id":2779,"href":"https:\/\/www.tabanispartacus.hu\/tajfuto\/wordpress\/index.php?rest_route=\/wp\/v2\/pages\/152\/revisions\/2779"}],"wp:attachment":[{"href":"https:\/\/www.tabanispartacus.hu\/tajfuto\/wordpress\/index.php?rest_route=%2Fwp%2Fv2%2Fmedia&parent=152"}],"curies":[{"name":"wp","href":"https:\/\/api.w.org\/{rel}","templated":true}]}}