{"id":1486,"date":"2019-02-21T02:09:22","date_gmt":"2019-02-21T02:09:22","guid":{"rendered":"http:\/\/tabanispartacus.home.blog\/?page_id=1486"},"modified":"2025-05-05T10:39:22","modified_gmt":"2025-05-05T08:39:22","slug":"kozgyulesek-jegyzokonyvei","status":"publish","type":"page","link":"https:\/\/www.tabanispartacus.hu\/tajfuto\/wordpress\/?page_id=1486","title":{"rendered":"K\u00f6zgy\u0171l\u00e9sek jegyz\u0151k\u00f6nyvei"},"content":{"rendered":"<p><span style=\"color: #000080;\"><strong><a style=\"color: #000080;\" href=\"http:\/\/www.tabanispartacus.hu\/tajfuto\/wordpress\/wp-content\/uploads\/2025\/05\/2025_SPA_kozgyules_jkv.pdf\">2025. \u00e1prilisi k\u00f6zgy\u0171l\u00e9s jegyz\u0151k\u00f6nyve<\/a><br \/>\n<a style=\"color: #000080;\" href=\"http:\/\/www.tabanispartacus.hu\/tajfuto\/wordpress\/wp-content\/uploads\/2024\/05\/2024_SPA_kozgyules_jkv.pdf\">2024. m\u00e1jusi k\u00f6zgy\u0171l\u00e9s jegyz\u0151k\u00f6nyve<\/a><br \/>\n<a style=\"color: #000080;\" href=\"http:\/\/www.tabanispartacus.hu\/tajfuto\/wordpress\/wp-content\/uploads\/2023\/05\/2023_kozgyules_jegyzokonyv.pdf\">2023. \u00e1prilisi k\u00f6zgy\u0171l\u00e9s jegyz\u0151k\u00f6nyve<\/a><br \/>\n<a style=\"color: #000080;\" href=\"http:\/\/www.tabanispartacus.hu\/tajfuto\/wordpress\/wp-content\/uploads\/2022\/05\/JKV_20220428_v1.pdf\">2022. \u00e1prilisi k\u00f6zgy\u0171l\u00e9s jegyz\u0151k\u00f6nyve<\/a><br \/>\n<a style=\"color: #000080;\" href=\"http:\/\/www.tabanispartacus.hu\/tajfuto\/wordpress\/wp-content\/uploads\/2021\/06\/K\u00f6zgy\u0171l\u00e9s_jkv_2021.pdf\">2021. m\u00e1jusi k\u00f6zgy\u0171l\u00e9s jegyz\u0151k\u00f6nyve<\/a><a style=\"color: #000080;\" href=\"http:\/\/www.tabanispartacus.hu\/tajfuto\/wordpress\/wp-content\/uploads\/2020\/06\/2020_kozgyules_jegyzokonyv-1.pdf\"><br \/>\n2020. m\u00e1jusi k\u00f6zgy\u0171l\u00e9s jegyz\u0151k\u00f6nyve<\/a><br \/>\n<a style=\"color: #000080;\" href=\"http:\/\/www.tabanispartacus.hu\/tajfuto\/wordpress\/wp-content\/uploads\/2019\/12\/190418TSp-k\u00f6zgy\u0171l\u00e9s-jkv_v3_honlapra.pdf\">2019. \u00e1prilisi k\u00f6zgy\u0171l\u00e9s jegyz\u0151k\u00f6nyve<\/a><br \/>\n<\/strong><\/span><span style=\"color: #000080;\"><strong><a style=\"color: #000080;\" href=\"https:\/\/drive.google.com\/open?id=1XeH9qbypUI2n8WPAH-ILI74ZEWzDLM2N\">2018. szeptemberi k\u00f6zgy\u0171l\u00e9s jegyz\u0151k\u00f6nyve<\/a><\/strong><\/span><br \/>\n<span style=\"color: #000080;\"><strong><a style=\"color: #000080;\" href=\"https:\/\/drive.google.com\/open?id=1KncmV06-V6Da1Y3nbiTgD3DtqL7fNEOM\">2018. \u00e1prilisi k\u00f6zgy\u0171l\u00e9s jegyz\u0151k\u00f6nyve<\/a><\/strong><\/span><br \/>\n<span style=\"color: #000080;\"><strong><a style=\"color: #000080;\" href=\"https:\/\/drive.google.com\/open?id=1U3p1Dw-IjRpK2ptD0hRlYhSCVdtG29Ty\">2017. novemberi k\u00f6zgy\u0171l\u00e9s jegyz\u0151k\u00f6nyve<\/a><\/strong><\/span><br \/>\n<span style=\"color: #000080;\"><strong><a style=\"color: #000080;\" href=\"https:\/\/drive.google.com\/open?id=1m-87NzSuheqGctATDRykcT3Dvx3-nZNE\">2017. okt\u00f3beri k\u00f6zgy\u0171l\u00e9s jegyz\u0151k\u00f6nyve<\/a><\/strong><\/span><br \/>\n<span style=\"color: #000080;\"><strong><a style=\"color: #000080;\" href=\"https:\/\/drive.google.com\/open?id=1mJNXvt8x1Ge7zMvVridWNgzRVKE8fyII\">2017. \u00e1prilisi k\u00f6zgy\u0171l\u00e9s jegyz\u0151k\u00f6nyve<\/a><\/strong><\/span><br \/>\n<span style=\"color: #000080;\"><strong><a style=\"color: #000080;\" href=\"https:\/\/drive.google.com\/open?id=1k4WE82mXv3kyEGkml8rY03IISUfVb5US\">2015. m\u00e1rciusi k\u00f6zgy\u0171l\u00e9s jegyz\u0151k\u00f6nyve<\/a><\/strong><\/span><br \/>\n<span style=\"color: #000080;\"><strong><a style=\"color: #000080;\" href=\"https:\/\/drive.google.com\/open?id=1rMi9QUqEN6pqmlp2I7sLPl7pIUTEMAIq\">2015. febru\u00e1ri k\u00f6zgy\u0171l\u00e9s jegyz\u0151k\u00f6nyve<\/a><\/strong><\/span><br \/>\n<span style=\"color: #000080;\"><strong><a style=\"color: #000080;\" href=\"https:\/\/drive.google.com\/open?id=1HeOjtw4M8q8OnfXH44sF1ia3wkv-1ecI\">2014. j\u00faniusi k\u00f6zgy\u0171l\u00e9s jegyz\u0151k\u00f6nyve<\/a><\/strong><\/span><br \/>\n<span style=\"color: #000080;\"><strong><a style=\"color: #000080;\" href=\"https:\/\/drive.google.com\/open?id=1Hs3i9Vz8BBn11hA1P6NUIZY8E5Il0uD0\">2014. m\u00e1rciusi k\u00f6zgy\u0171l\u00e9s jegyz\u0151k\u00f6nyve<\/a><\/strong><\/span><br \/>\n<span style=\"color: #000080;\"><strong><a style=\"color: #000080;\" href=\"https:\/\/drive.google.com\/open?id=1GAZJKOzTLd_3pGMhOi41IagEnvhk7SYl\">2013. \u00e1prilisi k\u00f6zgy\u0171l\u00e9s jegyz\u0151k\u00f6nyve<\/a><\/strong><\/span><br \/>\n<span style=\"color: #000080;\"><strong><a style=\"color: #000080;\" href=\"https:\/\/drive.google.com\/open?id=16lqpCQTcaI47qYTsiFtNOQnxXK4CAAzd\">2012. \u00e1prilisi k\u00f6zgy\u0171l\u00e9s jegyz\u0151k\u00f6nyve<\/a><\/strong><\/span><br \/>\n<span style=\"color: #000080;\"><strong><a style=\"color: #000080;\" href=\"https:\/\/drive.google.com\/open?id=1w1xgLPn_MPLj6vannXVw_Uyy6KQ8Xmnz\">2011. m\u00e1rciusi k\u00f6zgy\u0171l\u00e9s jegyz\u0151k\u00f6nyve<\/a><\/strong><\/span><br \/>\n<span style=\"color: #000080;\"><strong><a style=\"color: #000080;\" href=\"https:\/\/drive.google.com\/open?id=1dvV1RvCNT4OdQM9D61gI9ripbgFkDL90\">2010. m\u00e1rciusi k\u00f6zgy\u0171l\u00e9s jegyz\u0151k\u00f6nyve<\/a><\/strong><\/span><br \/>\n<span style=\"color: #000080;\"><strong><a style=\"color: #000080;\" href=\"https:\/\/drive.google.com\/open?id=1yq-nhj5RBHSFto5B2Osywk8KiBXSxfUz\">2009. m\u00e1jusi k\u00f6zgy\u0171l\u00e9s jegyz\u0151k\u00f6nyve<\/a><\/strong><\/span><br \/>\n<span style=\"color: #000080;\"><strong><a style=\"color: #000080;\" href=\"https:\/\/drive.google.com\/open?id=1yUWDb-kCP3RlKldLT5PaCNJ72WBjwFaA\">2009. febru\u00e1ri k\u00f6zgy\u0171l\u00e9s jegyz\u0151k\u00f6nyve<\/a><\/strong><\/span><br \/>\n<span style=\"color: #000080;\"><strong><a style=\"color: #000080;\" href=\"https:\/\/drive.google.com\/open?id=1jRdY9tShV0-HjKFOiVfkYHoTyk8EIAel\">2008. m\u00e1jusi k\u00f6zgy\u0171l\u00e9s jegyz\u0151k\u00f6nyve<\/a><\/strong><\/span><br \/>\n<span style=\"color: #000080;\"><strong><a style=\"color: #000080;\" href=\"https:\/\/drive.google.com\/open?id=1fDEeFpoHk1cbKnNTSBcWrgZC1yfpksPh\">2008. febru\u00e1ri k\u00f6zgy\u0171l\u00e9s jegyz\u0151k\u00f6nyve<\/a><\/strong><\/span><br \/>\n<span style=\"color: #000080;\"><strong><a style=\"color: #000080;\" href=\"https:\/\/drive.google.com\/open?id=1dxh5sAJTKx1x4OyJBBVzpJ9Vma7zqX8u\">2006. augusztusi k\u00f6zgy\u0171l\u00e9s jegyz\u0151k\u00f6nyve<\/a><\/strong><\/span><\/p>\n","protected":false},"excerpt":{"rendered":"<p>2025. \u00e1prilisi k\u00f6zgy\u0171l\u00e9s jegyz\u0151k\u00f6nyve 2024. m\u00e1jusi k\u00f6zgy\u0171l\u00e9s jegyz\u0151k\u00f6nyve 2023. \u00e1prilisi k\u00f6zgy\u0171l\u00e9s jegyz\u0151k\u00f6nyve 2022. \u00e1prilisi k\u00f6zgy\u0171l\u00e9s jegyz\u0151k\u00f6nyve 2021. m\u00e1jusi k\u00f6zgy\u0171l\u00e9s jegyz\u0151k\u00f6nyve 2020. m\u00e1jusi k\u00f6zgy\u0171l\u00e9s jegyz\u0151k\u00f6nyve 2019. \u00e1prilisi k\u00f6zgy\u0171l\u00e9s jegyz\u0151k\u00f6nyve 2018. szeptemberi k\u00f6zgy\u0171l\u00e9s jegyz\u0151k\u00f6nyve 2018. \u00e1prilisi k\u00f6zgy\u0171l\u00e9s jegyz\u0151k\u00f6nyve 2017. novemberi k\u00f6zgy\u0171l\u00e9s jegyz\u0151k\u00f6nyve 2017. okt\u00f3beri k\u00f6zgy\u0171l\u00e9s jegyz\u0151k\u00f6nyve 2017. \u00e1prilisi k\u00f6zgy\u0171l\u00e9s jegyz\u0151k\u00f6nyve 2015. m\u00e1rciusi k\u00f6zgy\u0171l\u00e9s jegyz\u0151k\u00f6nyve 2015. febru\u00e1ri k\u00f6zgy\u0171l\u00e9s &hellip; <a href=\"https:\/\/www.tabanispartacus.hu\/tajfuto\/wordpress\/?page_id=1486\" class=\"more-link\"><span class=\"screen-reader-text\">K\u00f6zgy\u0171l\u00e9sek jegyz\u0151k\u00f6nyvei<\/span> olvas\u00e1s\u00e1nak folytat\u00e1sa <span class=\"meta-nav\">&rarr;<\/span><\/a><\/p>\n","protected":false},"author":9,"featured_media":0,"parent":0,"menu_order":0,"comment_status":"closed","ping_status":"closed","template":"","meta":{"ngg_post_thumbnail":0},"_links":{"self":[{"href":"https:\/\/www.tabanispartacus.hu\/tajfuto\/wordpress\/index.php?rest_route=\/wp\/v2\/pages\/1486"}],"collection":[{"href":"https:\/\/www.tabanispartacus.hu\/tajfuto\/wordpress\/index.php?rest_route=\/wp\/v2\/pages"}],"about":[{"href":"https:\/\/www.tabanispartacus.hu\/tajfuto\/wordpress\/index.php?rest_route=\/wp\/v2\/types\/page"}],"author":[{"embeddable":true,"href":"https:\/\/www.tabanispartacus.hu\/tajfuto\/wordpress\/index.php?rest_route=\/wp\/v2\/users\/9"}],"replies":[{"embeddable":true,"href":"https:\/\/www.tabanispartacus.hu\/tajfuto\/wordpress\/index.php?rest_route=%2Fwp%2Fv2%2Fcomments&post=1486"}],"version-history":[{"count":12,"href":"https:\/\/www.tabanispartacus.hu\/tajfuto\/wordpress\/index.php?rest_route=\/wp\/v2\/pages\/1486\/revisions"}],"predecessor-version":[{"id":7455,"href":"https:\/\/www.tabanispartacus.hu\/tajfuto\/wordpress\/index.php?rest_route=\/wp\/v2\/pages\/1486\/revisions\/7455"}],"wp:attachment":[{"href":"https:\/\/www.tabanispartacus.hu\/tajfuto\/wordpress\/index.php?rest_route=%2Fwp%2Fv2%2Fmedia&parent=1486"}],"curies":[{"name":"wp","href":"https:\/\/api.w.org\/{rel}","templated":true}]}}