{"id":1446,"date":"2019-02-21T01:26:22","date_gmt":"2019-02-21T01:26:22","guid":{"rendered":"http:\/\/tabanispartacus.home.blog\/?page_id=1446"},"modified":"2019-02-21T01:26:22","modified_gmt":"2019-02-21T01:26:22","slug":"a-tabani-spartacus-emlekerem-2009-evi-dijazottja-schonviszky-gyorgy","status":"publish","type":"page","link":"https:\/\/www.tabanispartacus.hu\/tajfuto\/wordpress\/?page_id=1446","title":{"rendered":"A Tab\u00e1ni Spartacus Eml\u00e9k\u00e9rem 2009. \u00e9vi d\u00edjazottja  SCH\u00d6NVISZKY Gy\u00f6rgy"},"content":{"rendered":"<p>Sch\u00f6nviszky Gy\u00f6rgy 1938. okt\u00f3ber 18-\u00e1n sz\u00fcletett. A Tab\u00e1ni Spartacusnak \u00e9s jogel\u0151djeinek (J\u00f3zsefv\u00e1rosi Spartacus, B\u0151ripari Spartacus, Budapesti Spartacus, Spartacus Turista Egyes\u00fclet,<br \/>\nG\u00e9pipari Spartacus, G\u00e9p- \u00e9s Vegyipari Spartacus, Flexo-Spartacus) 14 \u00e9ves kora, 1952 \u00f3ta tagja.<\/p>\n<p>Feln\u0151tt egy\u00e9ni orsz\u00e1gos bajnoks\u00e1gon m\u00e1r 1956-ban ifik\u00e9nt 5., 1959-ben, 1962-ben, 1967-ben bajnok, 1967-ben \u00e9jszakai bajnok lett. Orsz\u00e1gos csapatbajnoks\u00e1gon 1961 \u00e9s 1972 k\u00f6z\u00f6tt 11-szer, Orsz\u00e1gos v\u00e1lt\u00f3bajnoks\u00e1gon 1967-ben, 1972-ben \u00e9s 1973-ban lett bajnok. \u00cdgy 18 feln\u0151tt magyar bajnoks\u00e1ggal b\u00fcszk\u00e9lkedhet. Egyik szervez\u0151je volt a szakoszt\u00e1ly skandin\u00e1viai t\u00far\u00e1inak, amelyek r\u00e9v\u00e9n megismerhett\u00e9k \u00e9s megismertethett\u00e9k Magyarorsz\u00e1gon a t\u00e1jfut\u00e1s skandin\u00e1viai form\u00e1j\u00e1t.<\/p>\n<p>A T\u00e1jfut\u00f3 szakoszt\u00e1lyt 1970 \u00e9s 1980 k\u00f6z\u00f6tt vezette. Ezalatt versenyek, els\u0151sorban a November 7 eml\u00e9kversenyek szervez\u00e9s\u00e9ben, rendez\u00e9s\u00e9ben jeleskedett. (De p\u00e9ld\u00e1ul \u0151 volt egyik szervez\u0151je a m\u00e1ig egyetlen t\u00e1jfut\u00f3 triatlon [t\u00e1jker\u00e9kp\u00e1r, \u00e9jszakai, hossz\u00fat\u00e1v\u00fa] versenynek Nagykov\u00e1csiban.) K\u00f6zben \u0151 volt a szakoszt\u00e1ly edz\u0151je is 1970 \u00e9s 1977 k\u00f6z\u00f6tt. Ehhez a korszakhoz a feln\u0151tt f\u00e9rfiak mellett a n\u0151k (Monspart Sarolta \u00e9s a csapat) sikerei k\u00f6t\u0151dnek.<\/p>\n<p>Az 1980-as \u00e9vekben a h\u00e1tt\u00e9rb\u0151l figyelte a szakoszt\u00e1ly munk\u00e1j\u00e1t, amelybe a 90-es \u00e9vekben kapcsol\u00f3dott ism\u00e9t jobban bele.<\/p>\n<p>Ekkor a szakoszt\u00e1ly versenyt\u00e9rk\u00e9peinek egyik f\u0151 helyesb\u00edt\u0151je, p\u00e1lyakit\u0171z\u0151je lett. Hossz\u00fat\u00e1v\u00fa terveivel biztos\u00edtotta \u00e9s biztos\u00edtja ma is a versenyhelysz\u00ednek v\u00e1ltozatoss\u00e1g\u00e1t. Ma a szakoszt\u00e1ly t\u00e9rk\u00e9peinek szinte egyed\u00fcli helyesb\u00edt\u0151je \u00e9s a Tavaszi Spartacus Kup\u00e1k p\u00e1lyakit\u0171z\u0151je.<\/p>\n<p><a title=\"\" href=\"http:\/\/www.tabanispartacus.hu\/egyesulet\/emlekerem\/rezi_1968xsas003.jpg\"><img src=\"http:\/\/www.tabanispartacus.hu\/egyesulet\/emlekerem\/rezi_1968xsas003_250.jpg\" \/><\/a>\u00a0<a title=\"\" href=\"http:\/\/www.tabanispartacus.hu\/egyesulet\/emlekerem\/rezi_2006evz_306_0634.jpg\"><img src=\"http:\/\/www.tabanispartacus.hu\/egyesulet\/emlekerem\/rezi_2006evz_306_0634_250.jpg\" \/><\/a><\/p>\n","protected":false},"excerpt":{"rendered":"<p>Sch\u00f6nviszky Gy\u00f6rgy 1938. okt\u00f3ber 18-\u00e1n sz\u00fcletett. A Tab\u00e1ni Spartacusnak \u00e9s jogel\u0151djeinek (J\u00f3zsefv\u00e1rosi Spartacus, B\u0151ripari Spartacus, Budapesti Spartacus, Spartacus Turista Egyes\u00fclet, G\u00e9pipari Spartacus, G\u00e9p- \u00e9s Vegyipari Spartacus, Flexo-Spartacus) 14 \u00e9ves kora, 1952 \u00f3ta tagja. Feln\u0151tt egy\u00e9ni orsz\u00e1gos bajnoks\u00e1gon m\u00e1r 1956-ban ifik\u00e9nt 5., 1959-ben, 1962-ben, 1967-ben bajnok, 1967-ben \u00e9jszakai bajnok lett. Orsz\u00e1gos csapatbajnoks\u00e1gon 1961 \u00e9s 1972 k\u00f6z\u00f6tt &hellip; <a href=\"https:\/\/www.tabanispartacus.hu\/tajfuto\/wordpress\/?page_id=1446\" class=\"more-link\"><span class=\"screen-reader-text\">A Tab\u00e1ni Spartacus Eml\u00e9k\u00e9rem 2009. \u00e9vi d\u00edjazottja  SCH\u00d6NVISZKY Gy\u00f6rgy<\/span> olvas\u00e1s\u00e1nak folytat\u00e1sa <span class=\"meta-nav\">&rarr;<\/span><\/a><\/p>\n","protected":false},"author":9,"featured_media":0,"parent":0,"menu_order":0,"comment_status":"closed","ping_status":"closed","template":"","meta":{"ngg_post_thumbnail":0},"_links":{"self":[{"href":"https:\/\/www.tabanispartacus.hu\/tajfuto\/wordpress\/index.php?rest_route=\/wp\/v2\/pages\/1446"}],"collection":[{"href":"https:\/\/www.tabanispartacus.hu\/tajfuto\/wordpress\/index.php?rest_route=\/wp\/v2\/pages"}],"about":[{"href":"https:\/\/www.tabanispartacus.hu\/tajfuto\/wordpress\/index.php?rest_route=\/wp\/v2\/types\/page"}],"author":[{"embeddable":true,"href":"https:\/\/www.tabanispartacus.hu\/tajfuto\/wordpress\/index.php?rest_route=\/wp\/v2\/users\/9"}],"replies":[{"embeddable":true,"href":"https:\/\/www.tabanispartacus.hu\/tajfuto\/wordpress\/index.php?rest_route=%2Fwp%2Fv2%2Fcomments&post=1446"}],"version-history":[{"count":0,"href":"https:\/\/www.tabanispartacus.hu\/tajfuto\/wordpress\/index.php?rest_route=\/wp\/v2\/pages\/1446\/revisions"}],"wp:attachment":[{"href":"https:\/\/www.tabanispartacus.hu\/tajfuto\/wordpress\/index.php?rest_route=%2Fwp%2Fv2%2Fmedia&parent=1446"}],"curies":[{"name":"wp","href":"https:\/\/api.w.org\/{rel}","templated":true}]}}