{"id":1336,"date":"2012-12-19T14:41:10","date_gmt":"2012-12-19T13:41:10","guid":{"rendered":"http:\/\/www.tabanispartacus.hu\/tajfuto\/wordpress\/?page_id=1336"},"modified":"2013-04-13T20:10:06","modified_gmt":"2013-04-13T18:10:06","slug":"invitation-50th-spring-spartacus-cup","status":"publish","type":"page","link":"https:\/\/www.tabanispartacus.hu\/tajfuto\/wordpress\/?page_id=1336","title":{"rendered":"50th Spring Spartacus Cup Invitation"},"content":{"rendered":"<p>INTERNATIONAL ORIENTEERING EVENT<\/p>\n<p>Budapest Open Championships, Day 1: Middle Distance, Day 2: Normal Distance<\/p>\n<p>Day 1 afternoon: Late Spring Relay<\/p>\n<p>&nbsp;<\/p>\n<p><strong>Date<\/strong>:<\/p>\n<p>15\u201316 June, 2013 (Saturday\u2013Sunday)<\/p>\n<p>(a new date for 16\u201317 March 2013 Spring Spartacus Cup, which was postponed due to extreme weather conditions)<\/p>\n<p><strong>Organizer<\/strong>: Tab\u00e1ni Spartacus SKE<\/p>\n<p><strong>Locality<\/strong>: Pusztav\u00e1m-Sz\u00e9pv\u00edz\u00e9r, V\u00e9rtes Hills, 85 km from Budapest<\/p>\n<p><strong>Form of the race<\/strong>:<\/p>\n<p>International, two-day individual event; middle and normal distance<\/p>\n<p>Both days are also Budapest Open Championship (day 1 \u2013 middle distance, day 2 \u2013 normal distance) In the afternoon of Day 1 \u2013 relay<\/p>\n<p><strong>Patron<\/strong>: L\u00e1szl\u00f3 Merkatz, major of Pusztav\u00e1m<\/p>\n<p><strong>Organizing committee<\/strong>:<\/p>\n<p>Director: L\u00e1szl\u00f3 Gyalog<\/p>\n<p>Deputy chairman: Ildik\u00f3 Kedl<\/p>\n<p>Secretary: Anett Dobr\u00f3ka<\/p>\n<p>SI Zsuzsanna Riczel, G\u00e1bor J\u00f3zsa<\/p>\n<p>Course planners: \u00c1bel Sulyok, \u00c1ron Bak\u00f3 (middle distance)<\/p>\n<p>Viktor Morandini (relay)<\/p>\n<p>Attila Horv\u00e1th (normal distance)<\/p>\n<p>Maps: Gy\u00f6rgy Sch\u00f6nviszky<\/p>\n<p>Controller: Tibor Erd\u00e9lyi<\/p>\n<p><strong>Map<\/strong>:<br \/>\n1:10 000 and 1:15 000 \/ 5 m, revised in 2012<br \/>\nDeciduous forest of midlands, dolomite surface, typical V\u00e9rtes-terrain<\/p>\n<p><strong>Deadline for Entry<\/strong>: 8 June, 2013. Please repeat the entries of March!<\/p>\n<p><strong>Address for Entry<\/strong>:<\/p>\n<p>Post: Tab\u00e1ni Spartacus SKE, H-1013 Budapest, Attila \u00fat 2.<\/p>\n<p>e-mail: tabanispartacus@gmail.com \u2014 if we accept it, we will respond within 48 hours, if there is no reply, please repeat the entry<\/p>\n<p><strong>Entry fee<\/strong>:<\/p>\n<p>M\/W 16\u201360 4000 Ft\/person for two days, 2200 Ft\/person for one day<\/p>\n<p>M\/W 10\u201314, M65\u201380, W65\u201370: 2200 Ft\/person for two days, 1200 Ft\/person for one day<\/p>\n<p>after deadline extra price (empty places) 1000 Ft\/ two days, 500 Ft\/ one day<\/p>\n<p>(in the categories M\/W 21BR, 21C, 10D, 12C, 15-18C, F35BR no extra price)<\/p>\n<p>open categories: 2100 Ft\/person for two days, 1100 Ft\/person\/day<\/p>\n<p>Relay: 3000 Ft\/relay<\/p>\n<p><strong>Accommodation<\/strong>:<\/p>\n<p>Youth hostel (M\u00f3r) 2300 Ft\/person\/night<\/p>\n<p>Gym (Pusztav\u00e1m) 700 Ft\/person\/night<\/p>\n<p><strong>Transport<\/strong>: not organised, if necessary, we will arrange it<\/p>\n<p><strong>Planned &#8220;0&#8221; time<\/strong>:<\/p>\n<p>Day 1 (15 June, Saturday): middle distance 10:30 a.m., relay 3:30 p.m.<\/p>\n<p>Day 2 (16 June, Sunday): normal distance 9:30 a.m.<\/p>\n<p><strong>Prizes<\/strong>:<\/p>\n<p>in the 2 days Spring Spartacus Cup \u2013 medals for the first 3, extra prizes for the winners<\/p>\n<p>Budapest Championships, Middle (Day 1) and Normal Distance (Day 2) \u2013 medal for the first 3<\/p>\n<p>Late Spring Relay \u2013 medals for the first 3<\/p>\n<p><strong>Categories<\/strong>:<\/p>\n<p><span style=\"text-decoration: underline;\">Middle and normal distance<\/span><\/p>\n<p>M\/W 21A, 21B, 21BR, 21C, M\/W 20A, 18B, 16B, 15-18C, 14B, 12C;<\/p>\n<p>M\/W 35A, 40, 45, 50, 55, 60; 65, 70, M35BR, 75, 80;<\/p>\n<p>M\/W 10D \u2014with band by detours;<\/p>\n<p>OB \u2014 Open for beginners;OA \u2013 Open for advanced; OAS \u2013 Open for advanced; short<\/p>\n<p><span style=\"text-decoration: underline;\">Budapest Open Championships<\/span> (day 1 \u2013 normal distance, day 2 \u2013 middle distance):<\/p>\n<p>M\/W12C, 14B, 16B, 18B, 20A, 21A, 35A, 40, 45, 50, 55, 60, 65, 70, M75, 80<\/p>\n<p><span style=\"text-decoration: underline;\">Relay (a three-leg relay)<\/span>: M\/W 14, 18, 21A, 135, Mix<\/p>\n<p><strong>Other<\/strong>:<\/p>\n<p>The SPORTident electronic punching system is to use.<\/p>\n<p>Who doesn\u2019t have an electronic card has to rent in the finish area (200 Ft\/day).<\/p>\n<p>Commercial activity is only allowed with the permission of the organisation committee.<\/p>\n<p>Children race both days near the finish area.<\/p>\n<p>Buffet in the finish area.<\/p>\n<p><strong>Information<\/strong>: http:\/\/www.tabanispartacus.hu<\/p>\n<p>&nbsp;<\/p>\n<p>In the name of Tab\u00e1ni Spartacus SKE we wish to Welcome<\/p>\n<p>the participants of the event<\/p>\n","protected":false},"excerpt":{"rendered":"<p>INTERNATIONAL ORIENTEERING EVENT Budapest Open Championships, Day 1: Middle Distance, Day 2: Normal Distance Day 1 afternoon: Late Spring Relay &nbsp; Date: 15\u201316 June, 2013 (Saturday\u2013Sunday) (a new date for 16\u201317 March 2013 Spring Spartacus Cup, which was postponed due to extreme weather conditions) Organizer: Tab\u00e1ni Spartacus SKE Locality: Pusztav\u00e1m-Sz\u00e9pv\u00edz\u00e9r, V\u00e9rtes Hills, 85 km from &hellip; <a href=\"https:\/\/www.tabanispartacus.hu\/tajfuto\/wordpress\/?page_id=1336\" class=\"more-link\"><span class=\"screen-reader-text\">50th Spring Spartacus Cup Invitation<\/span> olvas\u00e1s\u00e1nak folytat\u00e1sa <span class=\"meta-nav\">&rarr;<\/span><\/a><\/p>\n","protected":false},"author":1,"featured_media":0,"parent":1324,"menu_order":0,"comment_status":"closed","ping_status":"closed","template":"","meta":{"ngg_post_thumbnail":0},"_links":{"self":[{"href":"https:\/\/www.tabanispartacus.hu\/tajfuto\/wordpress\/index.php?rest_route=\/wp\/v2\/pages\/1336"}],"collection":[{"href":"https:\/\/www.tabanispartacus.hu\/tajfuto\/wordpress\/index.php?rest_route=\/wp\/v2\/pages"}],"about":[{"href":"https:\/\/www.tabanispartacus.hu\/tajfuto\/wordpress\/index.php?rest_route=\/wp\/v2\/types\/page"}],"author":[{"embeddable":true,"href":"https:\/\/www.tabanispartacus.hu\/tajfuto\/wordpress\/index.php?rest_route=\/wp\/v2\/users\/1"}],"replies":[{"embeddable":true,"href":"https:\/\/www.tabanispartacus.hu\/tajfuto\/wordpress\/index.php?rest_route=%2Fwp%2Fv2%2Fcomments&post=1336"}],"version-history":[{"count":17,"href":"https:\/\/www.tabanispartacus.hu\/tajfuto\/wordpress\/index.php?rest_route=\/wp\/v2\/pages\/1336\/revisions"}],"predecessor-version":[{"id":1485,"href":"https:\/\/www.tabanispartacus.hu\/tajfuto\/wordpress\/index.php?rest_route=\/wp\/v2\/pages\/1336\/revisions\/1485"}],"up":[{"embeddable":true,"href":"https:\/\/www.tabanispartacus.hu\/tajfuto\/wordpress\/index.php?rest_route=\/wp\/v2\/pages\/1324"}],"wp:attachment":[{"href":"https:\/\/www.tabanispartacus.hu\/tajfuto\/wordpress\/index.php?rest_route=%2Fwp%2Fv2%2Fmedia&parent=1336"}],"curies":[{"name":"wp","href":"https:\/\/api.w.org\/{rel}","templated":true}]}}