{"id":1332,"date":"2012-12-19T14:33:04","date_gmt":"2012-12-19T13:33:04","guid":{"rendered":"http:\/\/www.tabanispartacus.hu\/tajfuto\/wordpress\/?page_id=1332"},"modified":"2013-04-10T14:34:23","modified_gmt":"2013-04-10T12:34:23","slug":"50-tavaszi-spartacus-kupa","status":"publish","type":"page","link":"https:\/\/www.tabanispartacus.hu\/tajfuto\/wordpress\/?page_id=1332","title":{"rendered":"50. Tavaszi Spartacus Kupa"},"content":{"rendered":"<p>1. nap: Budapest Ny\u00edlt K\u00f6z\u00e9pt\u00e1v\u00fa, 2. nap: Ny\u00edlt Norm\u00e1lt\u00e1v\u00fa Bajnoks\u00e1ga<\/p>\n<p>1. nap d\u00e9lut\u00e1n: Tavaszv\u00e9gi v\u00e1lt\u00f3<\/p>\n<p>&nbsp;<\/p>\n<p><strong>Id\u0151pont<\/strong>:<\/p>\n<p>2013. j\u00fanius 15\u201316. (szombat\u2013vas\u00e1rnap),<\/p>\n<p>(a m\u00e1rcius 16\u201317-iki, a rendk\u00edv\u00fcli id\u0151j\u00e1r\u00e1si helyzet miatt elhalasztott verseny \u00faj id\u0151pontja)<\/p>\n<p><strong>Rendez\u0151<\/strong>:<\/p>\n<p>Tab\u00e1ni Spartacus Sport \u00e9s K\u00f6rnyezetv\u00e9d\u0151 Egyes\u00fclet<\/p>\n<p><strong>Helysz\u00edn<\/strong>:<\/p>\n<p>Pusztav\u00e1m-Sz\u00e9pv\u00edz\u00e9r, V\u00e9rtes hg. (Budapestt\u0151l 85 km)<\/p>\n<p><strong>A verseny meghat\u00e1roz\u00e1sa<\/strong>:<\/p>\n<p>K\u00e9tnapos, nemzetk\u00f6zi, nappali, egy\u00e9ni, rangsorol\u00f3, 1. napja k\u00f6z\u00e9pt\u00e1v\u00fa, 2. napja norm\u00e1lt\u00e1v\u00fa (egy\u00fattal Budapest ny\u00edlt K\u00f6z\u00e9pt\u00e1v\u00fa, illetve Norm\u00e1lt\u00e1v\u00fa Bajnoks\u00e1ga is).<\/p>\n<p>Az els\u0151 nap d\u00e9lut\u00e1nj\u00e1n v\u00e1lt\u00f3verseny<\/p>\n<p><strong>A verseny v\u00e9dn\u00f6ke<\/strong>:<\/p>\n<p>Merkatz L\u00e1szl\u00f3, Pusztav\u00e1m polg\u00e1rmestere<\/p>\n<p><strong>A verseny t\u00e1mogat\u00f3ja<\/strong>:<\/p>\n<p>Pusztav\u00e1m k\u00f6zs\u00e9g \u00d6nkorm\u00e1nyzata<\/p>\n<p><strong>Versenyrendez\u0151s\u00e9g<\/strong>:<\/p>\n<p>Eln\u00f6k: Gyalog L\u00e1szl\u00f3<\/p>\n<p>Eln\u00f6khelyettes: Kedl Ildik\u00f3<\/p>\n<p>Titk\u00e1r: Gyalogn\u00e9 Dobr\u00f3ka Anett<\/p>\n<p>P\u00e1lyakit\u0171z\u0151k:<\/p>\n<p>Bak\u00f3 \u00c1ron, Sulyok \u00c1bel (k\u00f6z\u00e9pt\u00e1v)<\/p>\n<p>Morandini Viktor (v\u00e1lt\u00f3)<\/p>\n<p>Horv\u00e1th Attila (norm\u00e1lt\u00e1v)<\/p>\n<p>T\u00e9rk\u00e9p: Sch\u00f6nviszky Gy\u00f6rgy<\/p>\n<p>Ellen\u0151rz\u0151b\u00edr\u00f3: Erd\u00e9lyi Tibor<\/p>\n<p><strong>T\u00e9rk\u00e9p<\/strong>:<\/p>\n<p>2012-ben (kisr\u00e9szben 2013-ban) jav\u00edtott, M=1:15 000 \u00e9s 1:10 000 \/ 5 m<\/p>\n<p><strong>Terep<\/strong>:<\/p>\n<p>k\u00f6z\u00e9phegys\u00e9gi lomberd\u0151, nagyobbr\u00e9szt dolomit felsz\u00edn, \u201ev\u00e9rtesi domborzat\u201d.<\/p>\n<p><strong>Nevez\u00e9si hat\u00e1rid\u0151<\/strong>:<\/p>\n<p>2013. j\u00fanius 8. K\u00e9rj\u00fck a m\u00e1rciusi nevez\u00e9sek megism\u00e9tl\u00e9s\u00e9t!<\/p>\n<p><strong>Nevez\u00e9si c\u00edm<\/strong>:<\/p>\n<p>ENTRY nevez\u00e9si rendszer; e-mail: tabanispartacus@gmail.com;<\/p>\n<p>post\u00e1n: Tab\u00e1ni Spartacus SKE, 1013 Budapest, Attila \u00fat 2.<\/p>\n<p>Az elektronikus form\u00e1ban \u00e9rkez\u0151 nevez\u00e9seket 48 \u00f3r\u00e1n bel\u00fcl visszaigazoljuk.<\/p>\n<p>Ha ez nem t\u00f6rt\u00e9nik meg, k\u00e9rj\u00fck a nevez\u00e9s megism\u00e9tl\u00e9s\u00e9t!<\/p>\n<p><strong>Nevez\u00e9si d\u00edj<\/strong>:<\/p>\n<p>M\/W16\u2013M\/W60 4000 Ft\/2 nap 2200 Ft\/1 nap<\/p>\n<p>M\/W10\u201314, M65\u201380, W65\u201370 2200 Ft\/2 nap 1200 Ft\/1 nap<\/p>\n<p>Hat\u00e1rid\u0151 ut\u00e1ni m\u00f3dos\u00edt\u00e1s\/nevez\u00e9s eset\u00e9n, ill. helysz\u00ednen p\u00f3td\u00edj 1000 Ft\/2 nap, 500 Ft\/1 nap<\/p>\n<p>M\/W21BR, 21C, 10D, 12C, 15-18C, M35BR \u2014 p\u00f3td\u00edj n\u00e9lk\u00fcl lehet a helysz\u00ednen is nevezni<\/p>\n<p>Ny\u00edlt kateg\u00f3ri\u00e1k 2200 Ft\/2 nap 1200 Ft\/1 nap<\/p>\n<p>V\u00e1lt\u00f3: 3000 Ft\/v\u00e1lt\u00f3<\/p>\n<p><strong>Sz\u00e1ll\u00e1s<\/strong>:<\/p>\n<p>turistah\u00e1z (M\u00f3r, Pedro turistah\u00e1z) 2300 Ft\/f\u0151\/\u00e9jszaka<\/p>\n<p>tornaterem (Pusztav\u00e1m, \u00c1ltal\u00e1nos iskola) 700 Ft\/f\u0151\/\u00e9jszaka<\/p>\n<p><strong>Sz\u00e1ll\u00edt\u00e1s<\/strong>:<\/p>\n<p>nincs, az esetleges egy\u00e9ni ig\u00e9nyeket megoldjuk<\/p>\n<p><strong>Tervezett &#8220;0&#8221; id\u0151<\/strong>:<\/p>\n<p>1. nap (j\u00fanius 15. szombat) k\u00f6z\u00e9pt\u00e1v 10:30 v\u00e1lt\u00f3: 15:30<\/p>\n<p>2. nap (j\u00fanius 16. vas\u00e1rnap) norm\u00e1lt\u00e1v 9:30<\/p>\n<p><strong>D\u00edjaz\u00e1s<\/strong>:<\/p>\n<p>A k\u00e9tnapos Tavaszi Spartacus Kup\u00e1n az 1\u20133. helyezettnek \u00e9rem, minden kateg\u00f3ria gy\u0151ztes\u00e9nek tiszteletd\u00edj.<\/p>\n<p>Budapest Ny\u00edlt K\u00f6z\u00e9pt\u00e1v\u00fa \u00e9s Norm\u00e1lt\u00e1v\u00fa Bajnoks\u00e1g\u00e1n: az 1\u20133. helyezettnek \u00e9rem<\/p>\n<p>A Tavaszi V\u00e1lt\u00f3n az 1\u20133. helyezetteknek \u00e9rem<\/p>\n<p><strong>Kateg\u00f3ri\u00e1k<\/strong>:<\/p>\n<p><span style=\"text-decoration: underline;\">K\u00f6z\u00e9p- \u00e9s norm\u00e1lt\u00e1v<\/span>:<\/p>\n<p>M\/W 21A, 21B, 21BR, 21C M\/W 20A, 18B, 16B, 15-18C, 14B, 12C, 10D<\/p>\n<p>M\/W 35A, 40, 45, 50, 55, 60, 65, 70 M35BR, 75, 80;<\/p>\n<p>OB \u2014 ny\u00edlt kezd\u0151; OA \u2014 ny\u00edlt technik\u00e1s; OAS \u2014 ny\u00edlt technik\u00e1s r\u00f6vid<\/p>\n<p>Ha egy kateg\u00f3ri\u00e1ban \u00f6tn\u00e9l kevesebb nevez\u00e9s \u00e9rkezik, \u00e1tsorol\u00e1ssal \u00e9s kateg\u00f3ria-\u00f6sszevon\u00e1ssal \u00e9l\u00fcnk.<\/p>\n<p><span style=\"text-decoration: underline;\">Budapest Ny\u00edlt K\u00f6z\u00e9pt\u00e1v\u00fa \u00e9s Norm\u00e1lt\u00e1v\u00fa Bajnoks\u00e1ga kateg\u00f3ri\u00e1i<\/span>:<\/p>\n<p>M\/F\u2013W\/N 12C, 14B, 16B, 18B, 20A, 21A, 35A, 40, 45, 50, 55, 60, 65, 70, M\/F 75, 80<\/p>\n<p><span style=\"text-decoration: underline;\">V\u00e1lt\u00f3 (3 f\u0151s)<\/span>: M\/W 14, 18, 21A, 135, Mix<\/p>\n<p><strong>Egy\u00e9b<\/strong>:<\/p>\n<p>\u2013 A versenyt a SPORTident elektronikus pont\u00e9rint\u00e9si rendszerrel bonyol\u00edtjuk le.<\/p>\n<p>\u2013 <strong><\/strong>Dug\u00f3ka b\u00e9relhet\u0151 a VK-ban, nevez\u00e9skor (200 Ft\/f\u0151\/futam).<\/p>\n<p>\u2013 Verseny\u00e9rtes\u00edt\u0151t post\u00e1n nem k\u00fcld\u00fcnk, az internetre tessz\u00fck fel, a verseny el\u0151tt kb. 2 h\u00e9ttel.<\/p>\n<p>\u2013 Gyermekverseny mindk\u00e9t nap, a c\u00e9l k\u00f6zel\u00e9ben lesz.<\/p>\n<p>\u2013 A versenyen kereskedelmi tev\u00e9kenys\u00e9g csak a versenyb\u00edr\u00f3s\u00e1g el\u0151zetes enged\u00e9ly\u00e9vel lehets\u00e9ges.<\/p>\n<p>\u2013 A c\u00e9lban mindk\u00e9t napon, rendezv\u00e9nys\u00e1torban b\u00fcf\u00e9 \u00fczemel.<\/p>\n<p>Inform\u00e1ci\u00f3k a versenyr\u0151l: www.tabanispartacus.hu<\/p>\n<p>J\u00d3 VERSENYZ\u00c9ST K\u00cdV\u00c1N \u2014 A RENDEZ\u0150S\u00c9G<\/p>\n","protected":false},"excerpt":{"rendered":"<p>1. nap: Budapest Ny\u00edlt K\u00f6z\u00e9pt\u00e1v\u00fa, 2. nap: Ny\u00edlt Norm\u00e1lt\u00e1v\u00fa Bajnoks\u00e1ga 1. nap d\u00e9lut\u00e1n: Tavaszv\u00e9gi v\u00e1lt\u00f3 &nbsp; Id\u0151pont: 2013. j\u00fanius 15\u201316. (szombat\u2013vas\u00e1rnap), (a m\u00e1rcius 16\u201317-iki, a rendk\u00edv\u00fcli id\u0151j\u00e1r\u00e1si helyzet miatt elhalasztott verseny \u00faj id\u0151pontja) Rendez\u0151: Tab\u00e1ni Spartacus Sport \u00e9s K\u00f6rnyezetv\u00e9d\u0151 Egyes\u00fclet Helysz\u00edn: Pusztav\u00e1m-Sz\u00e9pv\u00edz\u00e9r, V\u00e9rtes hg. (Budapestt\u0151l 85 km) A verseny meghat\u00e1roz\u00e1sa: K\u00e9tnapos, nemzetk\u00f6zi, nappali, egy\u00e9ni, rangsorol\u00f3, &hellip; <a href=\"https:\/\/www.tabanispartacus.hu\/tajfuto\/wordpress\/?page_id=1332\" class=\"more-link\"><span class=\"screen-reader-text\">50. Tavaszi Spartacus Kupa<\/span> olvas\u00e1s\u00e1nak folytat\u00e1sa <span class=\"meta-nav\">&rarr;<\/span><\/a><\/p>\n","protected":false},"author":1,"featured_media":0,"parent":1324,"menu_order":0,"comment_status":"closed","ping_status":"closed","template":"","meta":{"ngg_post_thumbnail":0},"_links":{"self":[{"href":"https:\/\/www.tabanispartacus.hu\/tajfuto\/wordpress\/index.php?rest_route=\/wp\/v2\/pages\/1332"}],"collection":[{"href":"https:\/\/www.tabanispartacus.hu\/tajfuto\/wordpress\/index.php?rest_route=\/wp\/v2\/pages"}],"about":[{"href":"https:\/\/www.tabanispartacus.hu\/tajfuto\/wordpress\/index.php?rest_route=\/wp\/v2\/types\/page"}],"author":[{"embeddable":true,"href":"https:\/\/www.tabanispartacus.hu\/tajfuto\/wordpress\/index.php?rest_route=\/wp\/v2\/users\/1"}],"replies":[{"embeddable":true,"href":"https:\/\/www.tabanispartacus.hu\/tajfuto\/wordpress\/index.php?rest_route=%2Fwp%2Fv2%2Fcomments&post=1332"}],"version-history":[{"count":10,"href":"https:\/\/www.tabanispartacus.hu\/tajfuto\/wordpress\/index.php?rest_route=\/wp\/v2\/pages\/1332\/revisions"}],"predecessor-version":[{"id":1334,"href":"https:\/\/www.tabanispartacus.hu\/tajfuto\/wordpress\/index.php?rest_route=\/wp\/v2\/pages\/1332\/revisions\/1334"}],"up":[{"embeddable":true,"href":"https:\/\/www.tabanispartacus.hu\/tajfuto\/wordpress\/index.php?rest_route=\/wp\/v2\/pages\/1324"}],"wp:attachment":[{"href":"https:\/\/www.tabanispartacus.hu\/tajfuto\/wordpress\/index.php?rest_route=%2Fwp%2Fv2%2Fmedia&parent=1332"}],"curies":[{"name":"wp","href":"https:\/\/api.w.org\/{rel}","templated":true}]}}