{"id":1324,"date":"2012-12-19T14:25:42","date_gmt":"2012-12-19T13:25:42","guid":{"rendered":"http:\/\/www.tabanispartacus.hu\/tajfuto\/wordpress\/?page_id=1324"},"modified":"2016-02-07T17:22:50","modified_gmt":"2016-02-07T16:22:50","slug":"versenyeink-2013-ban","status":"publish","type":"page","link":"https:\/\/www.tabanispartacus.hu\/tajfuto\/wordpress\/?page_id=1324","title":{"rendered":"Versenyeink 2013-ban"},"content":{"rendered":"<table>\n<tbody>\n<tr>\n<td style=\"font-size: 80%;\"><a title=\"\" href=\"#dobogoko\"><strong>XVIII. Dobog\u00f3k\u0151i Hegyi Fut\u00f3verseny<\/strong><\/a><\/td>\n<td style=\"font-size: 80%;\">2013. 11. 23., Dobog\u00f3k\u0151<\/td>\n<\/tr>\n<tr>\n<td style=\"font-size: 80%;\"><strong><a title=\"\" href=\"#oszi\">61. \u0150szi Spartacus Kupa \/ 61st Autumn Spartacus Cup<\/a><\/strong><\/td>\n<td style=\"font-size: 80%;\">2013. 11. 02\u201303., V\u00e1rgesztes, V\u00e9rtes hg.<\/td>\n<\/tr>\n<tr>\n<td style=\"font-size: 80%;\"><strong><a title=\"\" href=\"#rob\">R\u00f6vidt\u00e1v\u00fa Orsz\u00e1gos Bajnoks\u00e1g \/ Pontbegy\u0171jt\u0151 Orsz\u00e1gos Csapatbajnoks\u00e1g<\/a><\/strong><\/td>\n<td style=\"font-size: 80%;\">2013. 09. 07-08., Szentendre<\/td>\n<\/tr>\n<tr>\n<td style=\"font-size: 80%;\"><strong><a title=\"\" href=\"#nyari\">Ny\u00e1ri Spartacus Kupa<\/a><\/strong><\/td>\n<td style=\"font-size: 80%;\">2013. 08. 07.<\/td>\n<\/tr>\n<tr>\n<td style=\"font-size: 80%;\"><strong><a title=\"\" href=\"#gellert\">Gell\u00e9rt-hegy Kupa<\/a><\/strong><\/td>\n<td style=\"font-size: 80%;\">2013. 06. 26.<\/td>\n<\/tr>\n<tr>\n<td style=\"font-size: 80%;\"><strong><a title=\"\" href=\"#tavaszi\">50. Tavaszi Spartacus Kupa \/ 50th Spring Spartacus Cup<\/a><\/strong><\/td>\n<td style=\"font-size: 80%;\">2013. 06. 15-16., V\u00e9rtes, Pusztav\u00e1m-Sz\u00e9pv\u00edz\u00e9r<\/td>\n<\/tr>\n<tr>\n<td style=\"font-size: 80%;\"><strong><a title=\"Gazdagr\u00e9t kupa\" href=\"#gazdagret\">Gazdagr\u00e9t kupa<\/a><\/strong><\/td>\n<td style=\"font-size: 80%;\">2013. 05. 22., Gazdagr\u00e9t, Budapest<\/td>\n<\/tr>\n<\/tbody>\n<\/table>\n<p><strong id=\"dobogoko\">XVIII. Dobog\u00f3k\u0151i Hegyi Fut\u00f3verseny<br \/>\n<\/strong> <em>2013. 11. 23., Dobog\u00f3k\u0151<\/em><\/p>\n<ul>\n<li><strong><a title=\"A XVIII. Dobog\u00f3k\u0151i Hegyi Fut\u00f3verseny 2013. \u00e9vi ki\u00edr\u00e1sa\" href=\"\/tajfuto\/2013\/dobogokoi\/2013Dko-kiiras_131004.pdf\">Ki\u00edr\u00e1s<\/a><\/strong><\/li>\n<li><a href=\"\/tajfuto\/2013\/dobogokoi\/hegyif_terkepvazlat.pdf\" target=\"_blank\"><strong>T\u00e9rk\u00e9pv\u00e1zlat<\/strong><\/a><\/li>\n<li>Jelentkez\u00e9si lapok\n<ul>\n<li><a href=\"\/tajfuto\/2013\/dobogokoi\/dobogoko-jelentk-m.pdf\" target=\"_blank\"><strong>Maraton<\/strong><\/a><\/li>\n<li><a href=\"\/tajfuto\/2013\/dobogokoi\/dobogoko-jelentk-f.pdf\" target=\"_blank\"><strong>F\u00e9lmaraton<\/strong><\/a><\/li>\n<li><a href=\"\/tajfuto\/2013\/dobogokoi\/dobogoko-jelentk-k.pdf\" target=\"_blank\"><strong>Kismaraton<\/strong><\/a><\/li>\n<li><a href=\"\/tajfuto\/2013\/dobogokoi\/dobogoko-jelentk-tn.pdf\" target=\"_blank\"><strong>Neh\u00e9z teljes\u00edtm\u00e9nyt\u00fara<\/strong><\/a><\/li>\n<li><strong><a href=\"\/tajfuto\/2013\/dobogokoi\/dobogoko-jelentk-tk.pdf\" target=\"_blank\">K\u00f6nny\u0171 teljes\u00edtm\u00e9nyt\u00fara<\/a><\/strong><\/li>\n<\/ul>\n<\/li>\n<li>\u00datvonalle\u00edr\u00e1sok\n<ul>\n<li><a href=\"\/tajfuto\/2013\/dobogokoi\/1-maratoni_utvonal_2013.pdf\" target=\"_blank\"><strong>Maraton<\/strong><\/a><\/li>\n<li><a href=\"\/tajfuto\/2013\/dobogokoi\/2-felmaratoni_utvonal_2013.pdf\" target=\"_blank\"><strong>F\u00e9lmaraton<\/strong><\/a><\/li>\n<li><a href=\"\/tajfuto\/2013\/dobogokoi\/3-kismaratoni_utvonal_2013.pdf\" target=\"_blank\"><strong>Kismaraton<\/strong><\/a><\/li>\n<\/ul>\n<\/li>\n<li>T\u00e9rk\u00e9pek\n<ul>\n<li><a href=\"\/tajfuto\/2013\/dobogokoi\/hfut13-1maraton-k2.pdf\" target=\"_blank\"><strong>Maraton<\/strong><\/a><\/li>\n<li><a href=\"\/tajfuto\/2013\/dobogokoi\/hfut13-2fel-k4.pdf\" target=\"_blank\"><strong>F\u00e9lmaraton<\/strong><\/a><\/li>\n<li><a href=\"\/tajfuto\/2013\/dobogokoi\/hfut13-3kis-k2.pdf\" target=\"_blank\"><strong>Kismaraton<\/strong><\/a><\/li>\n<li><a href=\"\/tajfuto\/2013\/dobogokoi\/hfut13-4nehez-k2.pdf\" target=\"_blank\"><strong>Neh\u00e9z t\u00fara<\/strong><\/a><\/li>\n<li><strong><a href=\"\/tajfuto\/2013\/dobogokoi\/hfut13-5kkonnyu-k2.pdf\" target=\"_blank\">K\u00f6nny\u0171 t\u00fara<\/a><\/strong><\/li>\n<li><a href=\"\/tajfuto\/2013\/dobogokoi\/hfut13_osszes.pdf\" target=\"_blank\"><strong>\u00d6sszes pont<\/strong><\/a><\/li>\n<\/ul>\n<\/li>\n<li>Eredm\u00e9nyek\n<ul>\n<li><a title=\"2013 Dobog\u00f3k\u0151i Hegyi Fut\u00f3verseny fut\u00f3eredm\u00e9nyek\" href=\"\/tajfuto\/2013\/dobogokoi\/2013_dobogokoi.html\" target=\"_blank\"><strong>Fut\u00f3 eredm\u00e9nyek<\/strong><\/a><\/li>\n<li><strong><a title=\"2013 Dobog\u00f3k\u0151i Hegyi Fut\u00f3verseny r\u00e9szletes fut\u00f3eredm\u00e9nyek\" href=\"\/tajfuto\/2013\/dobogokoi\/2013_dobogokoi_si.html\" target=\"_blank\">R\u00e9szletes fut\u00f3 eredm\u00e9nyek<\/a><a href=\"\/tajfuto\/2013\/dobogokoi\/hfut13-2fel-k4.doc\" target=\"_blank\"><br \/>\n<\/a><\/strong><\/li>\n<li><strong><a href=\"\/tajfuto\/2013\/dobogokoi\/2013nehez-tura_j.pdf\" target=\"_blank\">Neh\u00e9z t\u00fara eredm\u00e9nyek<\/a><\/strong><\/li>\n<li><strong><a href=\"\/tajfuto\/2013\/dobogokoi\/2013konnyu-tura_j.pdf\" target=\"_blank\">K\u00f6nny\u0171 t\u00fara eredm\u00e9nyek<\/a><\/strong><\/li>\n<\/ul>\n<\/li>\n<li><a title=\"Vel\u00fcnk t\u00f6rt\u00e9nt 2013\" href=\"http:\/\/www.tabanispartacus.hu\/tajfuto\/wordpress\/?page_id=1361\"><strong>Besz\u00e1mol\u00f3k, f\u00e9nyk\u00e9pek<\/strong><\/a><\/li>\n<\/ul>\n<hr \/>\n<p><strong id=\"oszi\">61. \u0150szi Spartacus Kupa \/ 61st Autumn Spartacus Cup<\/strong><br \/>\n<em>2013. 11. 02\u201303., V\u00e1rgesztes, V\u00e9rtes hg.<\/em><\/p>\n<ul>\n<li><strong><a title=\"61. \u0150szi Spartacus Kupa Nemzetk\u00f6zi T\u00e1j\u00e9koz\u00f3d\u00e1si Fut\u00f3verseny Ki\u00edr\u00e1sa\" href=\"http:\/\/www.tabanispartacus.hu\/tajfuto\/wordpress\/?page_id=1541\">Ki\u00edr\u00e1s<\/a><\/strong><\/li>\n<li><strong><a title=\"61st Autumn Spartacus Cup Invitation\" href=\"http:\/\/www.tabanispartacus.hu\/tajfuto\/wordpress\/?page_id=1545\">Invitation<\/a><\/strong><\/li>\n<li><strong><a href=\"https:\/\/docs.google.com\/document\/d\/1EvmQP43NrFg7kKKnoHJXPak9kpvH_2Yo5y189HmGOig\/edit?usp=sharing\" target=\"_blank\">\u00c9rtes\u00edt\u0151<\/a><\/strong><\/li>\n<li><strong><a title=\"Information\" href=\"https:\/\/docs.google.com\/document\/d\/1yRi92NHZ-HM8KFwXBz0313zguv2-vMBfR-N3noihAvA\/edit?usp=sharing\" target=\"_blank\">Information<\/a><\/strong><\/li>\n<li><a href=\"\/tajfuto\/2013\/oszi\/kategoria_rajtlista.html\" target=\"_blank\"><strong>Kateg\u00f3ria rajtlista\/Startlist by categories<\/strong><\/a><\/li>\n<li><strong><a href=\"\/tajfuto\/2013\/oszi\/klub_rajtlista.html\" target=\"_blank\">Klub rajtlista\/Startlist by clubs<\/a><\/strong><\/li>\n<li><strong>Eredm\u00e9nyek\/Results<\/strong>\n<ul>\n<li><strong><a title=\"2013 \u0151szi Spartacus Kupa 1. nap eredm\u00e9nyek\" href=\"\/tajfuto\/2013\/oszi\/1nap.html\" target=\"_blank\">1. nap eredm\u00e9nyek\/1st day results<\/a><\/strong><\/li>\n<li><a title=\"eredm\u00e9nyek si 1.nap\" href=\"\/tajfuto\/2013\/oszi\/1nap_si.html\" target=\"_blank\"><strong>1. nap SI eredm\u00e9nyek\/1st day SI results<\/strong><\/a><\/li>\n<li><a href=\"\/tajfuto\/2013\/oszi\/2nap.html\" target=\"_blank\"><strong>2. nap eredm\u00e9nyek\/2nd day results<\/strong><\/a><\/li>\n<li><a href=\"\/tajfuto\/2013\/oszi\/2nap_si.html\" target=\"_blank\"><strong>2. nap SI eredm\u00e9nyek\/2nd day SI results<\/strong><\/a><\/li>\n<li><a href=\"\/tajfuto\/2013\/oszi\/osszetett.html\" target=\"_blank\"><strong>\u00d6sszetett eredm\u00e9nyek\/Overall results<\/strong><\/a><\/li>\n<\/ul>\n<\/li>\n<\/ul>\n<hr \/>\n<p><strong id=\"rob\">R\u00f6vidt\u00e1v\u00fa Orsz\u00e1gos Bajnoks\u00e1g \/ Pontbegy\u0171jt\u0151 Orsz\u00e1gos Csapatbajnoks\u00e1g<\/strong><br \/>\n<em>2013. 09. 07-08., Szentendre<\/em><\/p>\n<ul>\n<li><strong><a title=\"2013 ROB-PCSB honlap\" href=\"http:\/\/rob-pocs2013.tumblr.com\/\" target=\"_blank\">Honlap<\/a><\/strong><\/li>\n<\/ul>\n<ul>\n<li><span style=\"color: #808080;\">ROB<\/span>\n<ul>\n<li><a href=\"\/tajfuto\/2013\/rob\/eredmenyek\/rob_selejtezo.html\" target=\"_blank\">Selejtez\u0151 eredm\u00e9nyek<\/a><\/li>\n<li><a href=\"\/tajfuto\/2013\/rob\/eredmenyek\/rob_selejtezo_si.html\" target=\"_blank\">Selejtez\u0151 SI eredm\u00e9nyek<\/a><\/li>\n<li><a href=\"\/tajfuto\/2013\/rob\/eredmenyek\/rob_donto.html\" target=\"_blank\">D\u00f6nt\u0151 eredm\u00e9nyek<\/a><\/li>\n<li><a href=\"\/tajfuto\/2013\/rob\/eredmenyek\/rob_donto_si.html\" target=\"_blank\">D\u00f6nt\u0151 SI eredm\u00e9nyek<\/a><\/li>\n<li><a href=\"\/tajfuto\/2013\/rob\/eredmenyek\/rob_donto_magyar.html\" target=\"_blank\">Magyar Bajnoks\u00e1g eredm\u00e9nyek<\/a><\/li>\n<\/ul>\n<\/li>\n<li><span style=\"color: #808080;\">PCSB<\/span>\n<ul>\n<li><a href=\"\/tajfuto\/2013\/pcsb\/eredmenyek\/pocsb_eredmeny.html\" target=\"_blank\">POCSB eredm\u00e9nyek<\/a><\/li>\n<li><a title=\"2013 POCSB SI\" href=\"\/tajfuto\/2013\/pcsb\/eredmenyek\/pillango_pcsb_si.html\" target=\"_blank\">POCSB SI eredm\u00e9nyek<\/a><\/li>\n<li><a href=\"\/tajfuto\/2013\/pcsb\/eredmenyek\/nyilt.html\" target=\"_blank\">Ny\u00edlt eredm\u00e9nyek<\/a><\/li>\n<li><a href=\"\/tajfuto\/2013\/pcsb\/eredmenyek\/nyilt_si.html\" target=\"_blank\">Ny\u00edlt SI eredm\u00e9nyek<\/a><\/li>\n<li><a href=\"https:\/\/plus.google.com\/photos\/100954799619594219109\/albums\/5924456509601254273\" target=\"_blank\">P\u00e1ly\u00e1k t\u00e9rk\u00e9pei<\/a><\/li>\n<\/ul>\n<\/li>\n<\/ul>\n<hr \/>\n<p><strong id=\"nyari\">Ny\u00e1ri Spartacus Kupa<\/strong><br \/>\n<em>2013. 08. 07.<\/em><\/p>\n<ul>\n<li><strong><a title=\"Ny\u00e1ri Spartacus Kupa 2013\" href=\"http:\/\/www.tabanispartacus.hu\/tajfuto\/wordpress\/?page_id=1651\">Ki\u00edr\u00e1s<\/a> (<a href=\"\/tajfuto\/2013\/nyari\/nyari_spa2013.doc\">.doc<\/a>)<\/strong><\/li>\n<li><strong><strong>Eredm\u00e9nyek\/Results<br \/>\n<\/strong><\/strong><\/p>\n<ul>\n<li><a href=\"\/tajfuto\/2013\/nyari\/rovid.htm\" target=\"_blank\">r\u00f6vid<\/a><\/li>\n<li><a href=\"\/tajfuto\/2013\/nyari\/kozepes.htm\" target=\"_blank\">k\u00f6zepes<\/a><\/li>\n<li><a href=\"\/tajfuto\/2013\/nyari\/hosszu.htm\" target=\"_blank\">hossz\u00fa<\/a><\/li>\n<li><a href=\"\/tajfuto\/2013\/nyari\/extra.htm\" target=\"_blank\">extra<\/a><\/li>\n<li><a href=\"\/tajfuto\/2013\/nyari\/rovid_si.htm\" target=\"_blank\">r\u00f6vid SI<\/a><\/li>\n<li><a href=\"\/tajfuto\/2013\/nyari\/kozepes_si.htm\" target=\"_blank\">k\u00f6zepes SI<\/a><\/li>\n<li><a href=\"\/tajfuto\/2013\/nyari\/hosszu_si.htm\" target=\"_blank\">hossz\u00fa SI<\/a><\/li>\n<li><a href=\"\/tajfuto\/2013\/nyari\/extra_si.htm\" target=\"_blank\">extra SI<\/a><\/li>\n<\/ul>\n<\/li>\n<\/ul>\n<hr \/>\n<p><strong id=\"gellert\">Gell\u00e9rt-hegy Kupa<\/strong><br \/>\n<em>2013. 06. 26.<\/em><\/p>\n<ul>\n<li><strong><a title=\"Gell\u00e9rt-hegy Kupa \u2013 2013\" href=\"http:\/\/www.tabanispartacus.hu\/tajfuto\/wordpress\/?page_id=1603\">\u00c9rtes\u00edt\u0151<\/a><\/strong><\/li>\n<li><strong>Eredm\u00e9nyek<\/strong>\n<ul>\n<li><a href=\"\/tajfuto\/2013\/gellerthegy\/2013_gellerthegy.htm\" target=\"_blank\"><strong>Norm\u00e1l<\/strong><\/a><\/li>\n<li><a href=\"\/tajfuto\/2013\/gellerthegy\/2013_gellerthegy_si.htm\" target=\"_blank\"><strong>SI<\/strong><\/a><\/li>\n<\/ul>\n<\/li>\n<\/ul>\n<hr \/>\n<p><strong id=\"tavaszi\">50. Tavaszi Spartacus Kupa \/ 50th Spring Spartacus Cup<\/strong><br \/>\n<em>2013. 06. 15-16., V\u00e9rtes, Pusztav\u00e1m-Sz\u00e9pv\u00edz\u00e9r<\/em><\/p>\n<ul>\n<li><strong><a title=\"50. Tavaszi Spartacus Kupa\" href=\"http:\/\/www.tabanispartacus.hu\/tajfuto\/wordpress\/?page_id=1332\">Ki\u00edr\u00e1s<\/a><\/strong><\/li>\n<li><strong><a title=\"INVITATION \u2014 50th SPRING SPARTACUS CUP\" href=\"http:\/\/www.tabanispartacus.hu\/tajfuto\/wordpress\/?page_id=1336\">Invitation<\/a><\/strong><\/li>\n<li><a href=\"\/tajfuto\/2013\/tavaszi\/2013_tavaszi_ertesito_hu.pdf\" target=\"_blank\"><strong>\u00c9rtes\u00edt\u0151<\/strong><\/a><\/li>\n<li><a href=\"\/tajfuto\/2013\/tavaszi\/2013_tavaszi_ertesito_en.pdf\" target=\"_blank\"><strong>Information<\/strong><\/a><\/li>\n<li><a href=\"\/tajfuto\/2013\/tavaszi\/rajtlista1-2.html\" target=\"_blank\"><strong>Rajtlista\/Startlist<\/strong><\/a><\/li>\n<li><a href=\"\/tajfuto\/2013\/tavaszi\/klublista.html\" target=\"_blank\"><strong>Rajtlista klubonk\u00e9nt\/Startlist by clubs<\/strong><\/a><\/li>\n<li><strong><strong>Eredm\u00e9nyek\/Results<br \/>\n<\/strong><\/strong><\/p>\n<ul>\n<li><a href=\"\/tajfuto\/2013\/tavaszi\/eredmenyek\/kozep_bp.html\" target=\"_blank\">Budapest Ny\u00edlt K\u00f6z\u00e9pt\u00e1v\u00fa Bajnoks\u00e1g<\/a><\/li>\n<li><a href=\"\/tajfuto\/2013\/tavaszi\/eredmenyek\/kozep.html\" target=\"_blank\">1. nap, k\u00f6z\u00e9pt\u00e1v\/First day<\/a><\/li>\n<li><a href=\"\/tajfuto\/2013\/tavaszi\/eredmenyek\/kozep_si.html\" target=\"_blank\">1. nap, k\u00f6z\u00e9pt\u00e1v SI\/First day with SI<\/a><\/li>\n<li><a href=\"\/tajfuto\/2013\/tavaszi\/eredmenyek\/valto.html\" target=\"_blank\">V\u00e1lt\u00f3\/Relay<\/a><\/li>\n<li><a href=\"\/tajfuto\/2013\/tavaszi\/eredmenyek\/valto_futonkent.html\" target=\"_blank\">V\u00e1lt\u00f3 fut\u00f3nk\u00e9nt\/Relay by runners<\/a><\/li>\n<li><a href=\"\/tajfuto\/2013\/tavaszi\/eredmenyek\/valto_si.html\" target=\"_blank\">V\u00e1lt\u00f3 SI\/Relay with SI<\/a><\/li>\n<li><a href=\"\/tajfuto\/2013\/tavaszi\/eredmenyek\/normaltav_bp.html\" target=\"_blank\">Budapest Ny\u00edlt Norm\u00e1lt\u00e1v\u00fa Bajnoks\u00e1ga<\/a><\/li>\n<li><a href=\"\/tajfuto\/2013\/tavaszi\/eredmenyek\/normaltav.html\" target=\"_blank\">2. nap, norm\u00e1lt\u00e1v\/Second day<\/a><\/li>\n<li><a href=\"\/tajfuto\/2013\/tavaszi\/eredmenyek\/normaltav_si.html\" target=\"_blank\">2. nap, norm\u00e1lt\u00e1v SI\/Second day with SI<\/a><\/li>\n<li><a href=\"\/tajfuto\/2013\/tavaszi\/eredmenyek\/osszetett.html\" target=\"_blank\">\u00d6szetett\/Overall<\/a><\/li>\n<\/ul>\n<\/li>\n<\/ul>\n<hr \/>\n<p><strong id=\"gazdagret\">Gazdagr\u00e9t kupa<br \/>\n<\/strong> <em>2013. 05. 22., Gazdagr\u00e9t, Budapest<\/em><\/p>\n<ul>\n<li><strong><a title=\"\u00c9rtes\u00edt\u0151\" href=\"\/tajfuto\/2013\/gazdagret\/2013_gazdagret_kisverseny.pdf\" target=\"_blank\">\u00c9rtes\u00edt\u0151<\/a><\/strong><\/li>\n<li><strong>Eredm\u00e9nyek<\/strong>\n<ul>\n<li><a title=\"V\u00e9gleges eredm\u00e9nyek\" href=\"\/tajfuto\/2013\/gazdagret\/2013_gazdagret.htm\" target=\"_blank\"><strong>V\u00e9gleges<\/strong><\/a><\/li>\n<li><strong><a title=\"SI eredm\u00e9nyek\" href=\"\/tajfuto\/2013\/gazdagret\/2013_gazdagret_si.htm\" target=\"_blank\">SI<\/a><\/strong><\/li>\n<\/ul>\n<\/li>\n<\/ul>\n","protected":false},"excerpt":{"rendered":"<p>XVIII. Dobog\u00f3k\u0151i Hegyi Fut\u00f3verseny 2013. 11. 23., Dobog\u00f3k\u0151 61. \u0150szi Spartacus Kupa \/ 61st Autumn Spartacus Cup 2013. 11. 02\u201303., V\u00e1rgesztes, V\u00e9rtes hg. R\u00f6vidt\u00e1v\u00fa Orsz\u00e1gos Bajnoks\u00e1g \/ Pontbegy\u0171jt\u0151 Orsz\u00e1gos Csapatbajnoks\u00e1g 2013. 09. 07-08., Szentendre Ny\u00e1ri Spartacus Kupa 2013. 08. 07. Gell\u00e9rt-hegy Kupa 2013. 06. 26. 50. Tavaszi Spartacus Kupa \/ 50th Spring Spartacus Cup 2013. &hellip; <a href=\"https:\/\/www.tabanispartacus.hu\/tajfuto\/wordpress\/?page_id=1324\" class=\"more-link\"><span class=\"screen-reader-text\">Versenyeink 2013-ban<\/span> olvas\u00e1s\u00e1nak folytat\u00e1sa <span class=\"meta-nav\">&rarr;<\/span><\/a><\/p>\n","protected":false},"author":1,"featured_media":0,"parent":34,"menu_order":0,"comment_status":"closed","ping_status":"closed","template":"","meta":{"ngg_post_thumbnail":0},"_links":{"self":[{"href":"https:\/\/www.tabanispartacus.hu\/tajfuto\/wordpress\/index.php?rest_route=\/wp\/v2\/pages\/1324"}],"collection":[{"href":"https:\/\/www.tabanispartacus.hu\/tajfuto\/wordpress\/index.php?rest_route=\/wp\/v2\/pages"}],"about":[{"href":"https:\/\/www.tabanispartacus.hu\/tajfuto\/wordpress\/index.php?rest_route=\/wp\/v2\/types\/page"}],"author":[{"embeddable":true,"href":"https:\/\/www.tabanispartacus.hu\/tajfuto\/wordpress\/index.php?rest_route=\/wp\/v2\/users\/1"}],"replies":[{"embeddable":true,"href":"https:\/\/www.tabanispartacus.hu\/tajfuto\/wordpress\/index.php?rest_route=%2Fwp%2Fv2%2Fcomments&post=1324"}],"version-history":[{"count":85,"href":"https:\/\/www.tabanispartacus.hu\/tajfuto\/wordpress\/index.php?rest_route=\/wp\/v2\/pages\/1324\/revisions"}],"predecessor-version":[{"id":1326,"href":"https:\/\/www.tabanispartacus.hu\/tajfuto\/wordpress\/index.php?rest_route=\/wp\/v2\/pages\/1324\/revisions\/1326"}],"up":[{"embeddable":true,"href":"https:\/\/www.tabanispartacus.hu\/tajfuto\/wordpress\/index.php?rest_route=\/wp\/v2\/pages\/34"}],"wp:attachment":[{"href":"https:\/\/www.tabanispartacus.hu\/tajfuto\/wordpress\/index.php?rest_route=%2Fwp%2Fv2%2Fmedia&parent=1324"}],"curies":[{"name":"wp","href":"https:\/\/api.w.org\/{rel}","templated":true}]}}