{"id":1299,"date":"2012-11-14T11:17:06","date_gmt":"2012-11-14T10:17:06","guid":{"rendered":"http:\/\/www.tabanispartacus.hu\/tajfuto\/wordpress\/?page_id=1299"},"modified":"2012-11-14T11:17:06","modified_gmt":"2012-11-14T10:17:06","slug":"sajtonk-1992","status":"publish","type":"page","link":"https:\/\/www.tabanispartacus.hu\/tajfuto\/wordpress\/?page_id=1299","title":{"rendered":"Sajt\u00f3nk 1992"},"content":{"rendered":"<table style=\"width: 99%;\" border=\"1\">\n<tbody>\n<tr>\n<td rowspan=\"4\">1992<\/td>\n<td><strong>&Uacute;js&aacute;g neve, sz&aacute;ma<\/strong><\/td>\n<td><strong>oldal<\/strong><\/td>\n<td><\/td>\n<td><strong>Cikk c&iacute;me<\/strong><\/td>\n<td><strong>Cikk szerz\u0151je<\/strong><\/td>\n<\/tr>\n<tr>\n<td>T&aacute;jfut&aacute;s, 1992\/1-2<\/td>\n<td>h&aacute;tlap<\/td>\n<td>Tf92\/01<\/td>\n<td><a href=\"http:\/\/www.tabanispartacus.hu\/tajfuto\/sajtonk\/1992\/1992-1-2tajfutas-hatlap_a szpari csapata1.jpg\">A Spartacus TE az 1960-as &eacute;vek m&aacute;sodik fel&eacute;ben (fot&oacute; &mdash; &uuml;lnek: Balogh Tam&aacute;s, Egerv&aacute;ri Ott&oacute;, Boz&aacute;n Gy&ouml;rgy, els\u0151 &aacute;ll&oacute; sor: Dobosi Kl&aacute;ra, Jen\u0151v&aacute;ri Gabriella, Dobosi Erzs&eacute;bet, Berend Ott&oacute;, Szopori &Eacute;va, Monspart Sarolta, h&aacute;ts&oacute; sor: Soros L&aacute;szl&oacute;, Dira J&oacute;zsef, Schmiedmeiszter Ilona, Sch&ouml;nviszky Gy&ouml;rgy, ??).<\/a><\/td>\n<td>&mdash;<\/td>\n<\/tr>\n<tr>\n<td>T&aacute;jfut&aacute;s, 1992\/1-2<\/td>\n<td>40<\/td>\n<td>Tf92\/01<\/td>\n<td><a href=\"http:\/\/www.tabanispartacus.hu\/tajfuto\/sajtonk\/1992\/1992-1-2tajfutas-hatlap_a szpari csapata2.jpg\">A h&aacute;tlap sz&ouml;vege<\/a><\/td>\n<td>&mdash;<\/td>\n<\/tr>\n<tr>\n<td>T&aacute;jfut&aacute;s, 1992\/4<\/td>\n<td>88<\/td>\n<td>Tf92\/04<\/td>\n<td><a href=\"http:\/\/www.tabanispartacus.hu\/tajfuto\/sajtonk\/1992\/1992-4tajfutas-88_ifjschgy.jpg\">ifj. Sch&ouml;nviszky Gy&ouml;rgy 1969-1992<\/a><\/td>\n<td>Ki&aacute;cz Bence<\/td>\n<\/tr>\n<\/tbody>\n<\/table>\n","protected":false},"excerpt":{"rendered":"<p>1992 &Uacute;js&aacute;g neve, sz&aacute;ma oldal Cikk c&iacute;me Cikk szerz\u0151je T&aacute;jfut&aacute;s, 1992\/1-2 h&aacute;tlap Tf92\/01 A Spartacus TE az 1960-as &eacute;vek m&aacute;sodik fel&eacute;ben (fot&oacute; &mdash; &uuml;lnek: Balogh Tam&aacute;s, Egerv&aacute;ri Ott&oacute;, Boz&aacute;n Gy&ouml;rgy, els\u0151 &aacute;ll&oacute; sor: Dobosi Kl&aacute;ra, Jen\u0151v&aacute;ri Gabriella, Dobosi Erzs&eacute;bet, Berend Ott&oacute;, Szopori &Eacute;va, Monspart Sarolta, h&aacute;ts&oacute; sor: Soros L&aacute;szl&oacute;, Dira J&oacute;zsef, Schmiedmeiszter Ilona, Sch&ouml;nviszky Gy&ouml;rgy, &hellip; <a href=\"https:\/\/www.tabanispartacus.hu\/tajfuto\/wordpress\/?page_id=1299\" class=\"more-link\"><span class=\"screen-reader-text\">Sajt\u00f3nk 1992<\/span> olvas\u00e1s\u00e1nak folytat\u00e1sa <span class=\"meta-nav\">&rarr;<\/span><\/a><\/p>\n","protected":false},"author":1,"featured_media":0,"parent":545,"menu_order":0,"comment_status":"closed","ping_status":"closed","template":"","meta":{"ngg_post_thumbnail":0},"_links":{"self":[{"href":"https:\/\/www.tabanispartacus.hu\/tajfuto\/wordpress\/index.php?rest_route=\/wp\/v2\/pages\/1299"}],"collection":[{"href":"https:\/\/www.tabanispartacus.hu\/tajfuto\/wordpress\/index.php?rest_route=\/wp\/v2\/pages"}],"about":[{"href":"https:\/\/www.tabanispartacus.hu\/tajfuto\/wordpress\/index.php?rest_route=\/wp\/v2\/types\/page"}],"author":[{"embeddable":true,"href":"https:\/\/www.tabanispartacus.hu\/tajfuto\/wordpress\/index.php?rest_route=\/wp\/v2\/users\/1"}],"replies":[{"embeddable":true,"href":"https:\/\/www.tabanispartacus.hu\/tajfuto\/wordpress\/index.php?rest_route=%2Fwp%2Fv2%2Fcomments&post=1299"}],"version-history":[{"count":1,"href":"https:\/\/www.tabanispartacus.hu\/tajfuto\/wordpress\/index.php?rest_route=\/wp\/v2\/pages\/1299\/revisions"}],"predecessor-version":[{"id":1300,"href":"https:\/\/www.tabanispartacus.hu\/tajfuto\/wordpress\/index.php?rest_route=\/wp\/v2\/pages\/1299\/revisions\/1300"}],"up":[{"embeddable":true,"href":"https:\/\/www.tabanispartacus.hu\/tajfuto\/wordpress\/index.php?rest_route=\/wp\/v2\/pages\/545"}],"wp:attachment":[{"href":"https:\/\/www.tabanispartacus.hu\/tajfuto\/wordpress\/index.php?rest_route=%2Fwp%2Fv2%2Fmedia&parent=1299"}],"curies":[{"name":"wp","href":"https:\/\/api.w.org\/{rel}","templated":true}]}}