{"id":1297,"date":"2012-11-14T11:16:31","date_gmt":"2012-11-14T10:16:31","guid":{"rendered":"http:\/\/www.tabanispartacus.hu\/tajfuto\/wordpress\/?page_id=1297"},"modified":"2012-11-14T11:16:31","modified_gmt":"2012-11-14T10:16:31","slug":"sajtonk-1993","status":"publish","type":"page","link":"https:\/\/www.tabanispartacus.hu\/tajfuto\/wordpress\/?page_id=1297","title":{"rendered":"Sajt\u00f3nk 1993"},"content":{"rendered":"<table style=\"width: 99%;\" border=\"1\">\n<tbody>\n<tr height=\"17\">\n<td class=\"xl22\" width=\"39\" height=\"17\"><strong>&nbsp;<\/strong><\/td>\n<td class=\"xl24\" width=\"108\"><strong>&Uacute;js&aacute;g neve, sz&aacute;ma<\/strong><\/td>\n<td class=\"xl24\" width=\"78\"><strong>oldal<\/strong><\/td>\n<td class=\"xl24\" width=\"45\"><strong>&nbsp;<\/strong><\/td>\n<td class=\"xl24\" width=\"429\"><strong>Cikk c&iacute;me<\/strong><\/td>\n<td class=\"xl24\" width=\"205\"><strong>Cikk szerz\u0151je<\/strong><\/td>\n<\/tr>\n<tr height=\"17\">\n<td class=\"xl22\" rowspan=\"5\" height=\"136\" align=\"right\">1993<\/td>\n<td class=\"xl22\">T&aacute;jol&oacute;, 93\/3<\/td>\n<td class=\"xl24\">c&iacute;mlap<\/td>\n<td class=\"xl26\">T93\/3<\/td>\n<td class=\"xl25\"><a href=\"\/tajfuto\/sajtonk\/1993\/1993-3tajolo_cimlap_flexok-rajt.jpg\">Fot&oacute;: rajt a Flexo Kup&aacute;n<\/a><\/td>\n<td class=\"xl25\">&mdash;<\/td>\n<\/tr>\n<tr height=\"17\">\n<td class=\"xl22\">T&aacute;jol&oacute;, 93\/3<\/td>\n<td class=\"xl24\">33<\/td>\n<td class=\"xl26\">T93\/3<\/td>\n<td class=\"xl25\"><a href=\"\/tajfuto\/sajtonk\/1993\/1993-3tajolo_megkezdodott-a-versenyideny.jpg\">Megkezd\u0151d&ouml;tt a versenyid&eacute;ny<\/a><\/td>\n<td class=\"xl25\">&mdash;<\/td>\n<\/tr>\n<tr height=\"17\">\n<td class=\"xl22\">T&aacute;jol&oacute;, 93\/8<\/td>\n<td class=\"xl24\">121<\/td>\n<td class=\"xl26\">T93\/8<\/td>\n<td class=\"xl25\"><a href=\"\/tajfuto\/sajtonk\/1993\/1993-8tajolo_magyarok-a-dobogon_1.jpg\">Vil&aacute;gbajnoks&aacute;gok t&ouml;rt&eacute;nete: Magyarok a dobog&oacute;n 1<\/a><\/td>\n<td class=\"xl25\" rowspan=\"2\">Schell Antal (fot&oacute;: J&oacute;zsa S&aacute;ndor)<\/td>\n<\/tr>\n<tr height=\"17\">\n<td class=\"xl22\">T&aacute;jol&oacute;, 93\/8<\/td>\n<td class=\"xl24\">122<\/td>\n<td class=\"xl26\">T93\/8<\/td>\n<td class=\"xl25\"><a href=\"\/tajfuto\/sajtonk\/1993\/1993-8tajolo_magyarok-a-dobogon_2.jpg\">Vil&aacute;gbajnoks&aacute;gok t&ouml;rt&eacute;nete: Magyarok a dobog&oacute;n 2<\/a><\/td>\n<\/tr>\n<tr height=\"68\">\n<td class=\"xl22\" height=\"68\">T&aacute;jol&oacute;, 93\/8<\/td>\n<td class=\"xl24\">123<\/td>\n<td class=\"xl26\">T93\/8<\/td>\n<td class=\"xl23\" width=\"429\"><a href=\"\/tajfuto\/sajtonk\/1993\/1993-8tajolo_magyarok-a-dobogon_2.jpg\">Magyar versenyz\u0151k r&eacute;szv&eacute;tele &eacute;s   eredm&eacute;nyei az egy&eacute;ni EB-ken &eacute;s VB-ken (Balogh Tam&aacute;s, B&iacute;r&oacute;n&eacute; Szopori &Eacute;va,   Boz&aacute;n Gy&ouml;rgy, D&aacute;niel Edit, Gyurk&oacute; L&aacute;szl&oacute;, Monspart Sarolta, &Ouml;rsi Andr&aacute;s,   Sch&ouml;nviszky Gy&ouml;rgy, Skerletz Iv&aacute;n)<\/a><\/td>\n<td class=\"xl25\">&mdash;<\/td>\n<\/tr>\n<\/tbody>\n<\/table>\n","protected":false},"excerpt":{"rendered":"<p>&nbsp; &Uacute;js&aacute;g neve, sz&aacute;ma oldal &nbsp; Cikk c&iacute;me Cikk szerz\u0151je 1993 T&aacute;jol&oacute;, 93\/3 c&iacute;mlap T93\/3 Fot&oacute;: rajt a Flexo Kup&aacute;n &mdash; T&aacute;jol&oacute;, 93\/3 33 T93\/3 Megkezd\u0151d&ouml;tt a versenyid&eacute;ny &mdash; T&aacute;jol&oacute;, 93\/8 121 T93\/8 Vil&aacute;gbajnoks&aacute;gok t&ouml;rt&eacute;nete: Magyarok a dobog&oacute;n 1 Schell Antal (fot&oacute;: J&oacute;zsa S&aacute;ndor) T&aacute;jol&oacute;, 93\/8 122 T93\/8 Vil&aacute;gbajnoks&aacute;gok t&ouml;rt&eacute;nete: Magyarok a dobog&oacute;n 2 T&aacute;jol&oacute;, &hellip; <a href=\"https:\/\/www.tabanispartacus.hu\/tajfuto\/wordpress\/?page_id=1297\" class=\"more-link\"><span class=\"screen-reader-text\">Sajt\u00f3nk 1993<\/span> olvas\u00e1s\u00e1nak folytat\u00e1sa <span class=\"meta-nav\">&rarr;<\/span><\/a><\/p>\n","protected":false},"author":1,"featured_media":0,"parent":545,"menu_order":0,"comment_status":"closed","ping_status":"closed","template":"","meta":{"ngg_post_thumbnail":0},"_links":{"self":[{"href":"https:\/\/www.tabanispartacus.hu\/tajfuto\/wordpress\/index.php?rest_route=\/wp\/v2\/pages\/1297"}],"collection":[{"href":"https:\/\/www.tabanispartacus.hu\/tajfuto\/wordpress\/index.php?rest_route=\/wp\/v2\/pages"}],"about":[{"href":"https:\/\/www.tabanispartacus.hu\/tajfuto\/wordpress\/index.php?rest_route=\/wp\/v2\/types\/page"}],"author":[{"embeddable":true,"href":"https:\/\/www.tabanispartacus.hu\/tajfuto\/wordpress\/index.php?rest_route=\/wp\/v2\/users\/1"}],"replies":[{"embeddable":true,"href":"https:\/\/www.tabanispartacus.hu\/tajfuto\/wordpress\/index.php?rest_route=%2Fwp%2Fv2%2Fcomments&post=1297"}],"version-history":[{"count":1,"href":"https:\/\/www.tabanispartacus.hu\/tajfuto\/wordpress\/index.php?rest_route=\/wp\/v2\/pages\/1297\/revisions"}],"predecessor-version":[{"id":1298,"href":"https:\/\/www.tabanispartacus.hu\/tajfuto\/wordpress\/index.php?rest_route=\/wp\/v2\/pages\/1297\/revisions\/1298"}],"up":[{"embeddable":true,"href":"https:\/\/www.tabanispartacus.hu\/tajfuto\/wordpress\/index.php?rest_route=\/wp\/v2\/pages\/545"}],"wp:attachment":[{"href":"https:\/\/www.tabanispartacus.hu\/tajfuto\/wordpress\/index.php?rest_route=%2Fwp%2Fv2%2Fmedia&parent=1297"}],"curies":[{"name":"wp","href":"https:\/\/api.w.org\/{rel}","templated":true}]}}