{"id":1295,"date":"2012-11-14T11:16:10","date_gmt":"2012-11-14T10:16:10","guid":{"rendered":"http:\/\/www.tabanispartacus.hu\/tajfuto\/wordpress\/?page_id=1295"},"modified":"2012-11-14T11:16:10","modified_gmt":"2012-11-14T10:16:10","slug":"sajtonk-1994","status":"publish","type":"page","link":"https:\/\/www.tabanispartacus.hu\/tajfuto\/wordpress\/?page_id=1295","title":{"rendered":"Sajt\u00f3nk 1994"},"content":{"rendered":"<table style=\"width: 99%;\" border=\"1\">\n<tbody>\n<tr>\n<td rowspan=\"7\"><span style=\"font-size: x-small;\">1994<\/span><\/td>\n<td><strong><span style=\"font-size: x-small;\">&Uacute;js&aacute;g neve, sz&aacute;ma<\/span><\/strong><\/td>\n<td><strong><span style=\"font-size: x-small;\">oldal<\/span><\/strong><\/td>\n<td><strong><span style=\"font-size: x-small;\"><br \/><\/span><\/strong><\/td>\n<td><strong><span style=\"font-size: x-small;\">Cikk c&iacute;me<\/span><\/strong><\/td>\n<td><strong><span style=\"font-size: x-small;\">Cikk szerz\u0151je<\/span><\/strong><\/td>\n<\/tr>\n<tr>\n<td><span style=\"font-size: x-small;\">T&aacute;jol&oacute;, 94\/3<\/span><\/td>\n<td><span style=\"font-size: x-small;\">51<\/span><\/td>\n<td><span style=\"font-size: x-small;\">T94\/3<\/span><\/td>\n<td><a href=\"http:\/\/www.tabanispartacus.hu\/tajfuto\/sajtonk\/1994\/1994-3_1tajolo_tavasziflexok.jpg\"><span style=\"font-size: x-small;\">Tavaszi Flexo Kupa<\/span><\/a><\/td>\n<td><span style=\"font-size: x-small;\">Zakari&aacute;s J&aacute;nos<\/span><\/td>\n<\/tr>\n<tr>\n<td><span style=\"font-size: x-small;\">T&aacute;jol&oacute;, 94\/3<\/span><\/td>\n<td><span style=\"font-size: x-small;\">h&aacute;tlap<\/span><\/td>\n<td><span style=\"font-size: x-small;\">T94\/3<\/span><\/td>\n<td><a href=\"http:\/\/www.tabanispartacus.hu\/tajfuto\/sajtonk\/1994\/1994-3_2tajolo_hatlap_tflk-befuto.jpg\"><span style=\"font-size: x-small;\">H&aacute;ts&oacute;k&eacute;p: ifj&uacute; rem&eacute;nys&eacute;g a m&aacute;rcius 15-&eacute;n rendezett id&eacute;nynyit&oacute; Flexo Kupa befut&oacute; pontj&aacute;n<\/span><\/a><\/td>\n<td><span style=\"font-size: x-small;\">&mdash;<\/span><\/td>\n<\/tr>\n<tr>\n<td><span style=\"font-size: x-small;\">T&aacute;jol&oacute;, 94\/9<\/span><\/td>\n<td><span style=\"font-size: x-small;\">c&iacute;mlap<\/span><\/td>\n<td><span style=\"font-size: x-small;\">T94\/9<\/span><\/td>\n<td><a href=\"http:\/\/www.tabanispartacus.hu\/tajfuto\/sajtonk\/1994\/1994-9tajolo_cimlap_luxa-jun.bajnok.jpg\"><span style=\"font-size: x-small;\">Kisk&eacute;p: Lux Adrea \/FSS\/, junior egy&eacute;ni bajnok<\/span><\/a><\/td>\n<td><span style=\"font-size: x-small;\">&mdash;<\/span><\/td>\n<\/tr>\n<tr>\n<td><span style=\"font-size: x-small;\">T&aacute;jol&oacute;, 94\/10<\/span><\/td>\n<td><span style=\"font-size: x-small;\">224&ndash;225<\/span><\/td>\n<td><span style=\"font-size: x-small;\">T94\/10<\/span><\/td>\n<td><a href=\"http:\/\/www.tabanispartacus.hu\/tajfuto\/sajtonk\/1994\/1994-10tajolo_flexok94.jpg\"><span style=\"font-size: x-small;\">Flexo-Kupa \\&#8217;94; alc&iacute;mek: Gondolatok, v&eacute;lem&eacute;nyek az idei &eacute;v utols&oacute; nagy verseny&eacute;r\u0151l; Gondok az id\u0151m&eacute;r&eacute;ssel; J&oacute; verseny &ndash; rossz verseny&hellip;. &eacute;s a felel\u0151ss&eacute;g?; Magyarorsz&aacute;g fejletlen orsz&aacute;gg&aacute; v&aacute;lik a t&aacute;jfut&aacute;s ter&eacute;n?<\/span><\/a><\/td>\n<td><span style=\"font-size: x-small;\">G&aacute;rdonyi Zolt&aacute;n; szerk.; G&aacute;rdonyi Zolt&aacute;n; Juhani Salmenkyl&auml; (Jussi)<\/span><\/td>\n<\/tr>\n<tr>\n<td><span style=\"font-size: x-small;\">T&aacute;jfut&aacute;s, 1994\/4<\/span><\/td>\n<td><span style=\"font-size: x-small;\">c&iacute;mlap<\/span><\/td>\n<td><span style=\"font-size: x-small;\">Tf94\/04<\/span><\/td>\n<td><span style=\"font-size: x-small;\"><a href=\"http:\/\/www.tabanispartacus.hu\/tajfuto\/sajtonk\/1994\/1994-4tajfutas-cimlap_valtas a vasutas kupan jeno.jpg\">V&aacute;lt&aacute;s a Vasutas Kup&aacute;n (Jen\u0151)<\/a><\/span><\/td>\n<td><span style=\"font-size: x-small;\">&mdash;<\/span><\/td>\n<\/tr>\n<tr>\n<td><span style=\"font-size: x-small;\">T&aacute;jfut&aacute;s, 1994\/4<\/span><\/td>\n<td><span style=\"font-size: x-small;\">72<\/span><\/td>\n<td><span style=\"font-size: x-small;\">Tf94\/04<\/span><\/td>\n<td><span style=\"font-size: x-small;\"><a href=\"http:\/\/www.tabanispartacus.hu\/tajfuto\/sajtonk\/1994\/1994-4tajfutas-72_szenob-dobogof45gyl_f50boxi.jpg\">A 72. oldal k&eacute;pei: A k&ouml;z&eacute;pkor&uacute;ak (veter&aacute;n, szenior) bajnoks&aacute;ga. Bal fels\u0151 [F45]: &hellip; 3. Gyalog L&aacute;szl&oacute; FSS. &hellip; Bal als&oacute; [F50]: 1. Boz&aacute;n Gy&ouml;rgy FSS, &#8230;<\/a><\/span><\/td>\n<td><span style=\"font-size: x-small;\">&mdash;<\/span><\/td>\n<\/tr>\n<\/tbody>\n<\/table>\n","protected":false},"excerpt":{"rendered":"<p>1994 &Uacute;js&aacute;g neve, sz&aacute;ma oldal Cikk c&iacute;me Cikk szerz\u0151je T&aacute;jol&oacute;, 94\/3 51 T94\/3 Tavaszi Flexo Kupa Zakari&aacute;s J&aacute;nos T&aacute;jol&oacute;, 94\/3 h&aacute;tlap T94\/3 H&aacute;ts&oacute;k&eacute;p: ifj&uacute; rem&eacute;nys&eacute;g a m&aacute;rcius 15-&eacute;n rendezett id&eacute;nynyit&oacute; Flexo Kupa befut&oacute; pontj&aacute;n &mdash; T&aacute;jol&oacute;, 94\/9 c&iacute;mlap T94\/9 Kisk&eacute;p: Lux Adrea \/FSS\/, junior egy&eacute;ni bajnok &mdash; T&aacute;jol&oacute;, 94\/10 224&ndash;225 T94\/10 Flexo-Kupa \\&#8217;94; alc&iacute;mek: Gondolatok, &hellip; <a href=\"https:\/\/www.tabanispartacus.hu\/tajfuto\/wordpress\/?page_id=1295\" class=\"more-link\"><span class=\"screen-reader-text\">Sajt\u00f3nk 1994<\/span> olvas\u00e1s\u00e1nak folytat\u00e1sa <span class=\"meta-nav\">&rarr;<\/span><\/a><\/p>\n","protected":false},"author":1,"featured_media":0,"parent":545,"menu_order":0,"comment_status":"closed","ping_status":"closed","template":"","meta":{"ngg_post_thumbnail":0},"_links":{"self":[{"href":"https:\/\/www.tabanispartacus.hu\/tajfuto\/wordpress\/index.php?rest_route=\/wp\/v2\/pages\/1295"}],"collection":[{"href":"https:\/\/www.tabanispartacus.hu\/tajfuto\/wordpress\/index.php?rest_route=\/wp\/v2\/pages"}],"about":[{"href":"https:\/\/www.tabanispartacus.hu\/tajfuto\/wordpress\/index.php?rest_route=\/wp\/v2\/types\/page"}],"author":[{"embeddable":true,"href":"https:\/\/www.tabanispartacus.hu\/tajfuto\/wordpress\/index.php?rest_route=\/wp\/v2\/users\/1"}],"replies":[{"embeddable":true,"href":"https:\/\/www.tabanispartacus.hu\/tajfuto\/wordpress\/index.php?rest_route=%2Fwp%2Fv2%2Fcomments&post=1295"}],"version-history":[{"count":1,"href":"https:\/\/www.tabanispartacus.hu\/tajfuto\/wordpress\/index.php?rest_route=\/wp\/v2\/pages\/1295\/revisions"}],"predecessor-version":[{"id":1296,"href":"https:\/\/www.tabanispartacus.hu\/tajfuto\/wordpress\/index.php?rest_route=\/wp\/v2\/pages\/1295\/revisions\/1296"}],"up":[{"embeddable":true,"href":"https:\/\/www.tabanispartacus.hu\/tajfuto\/wordpress\/index.php?rest_route=\/wp\/v2\/pages\/545"}],"wp:attachment":[{"href":"https:\/\/www.tabanispartacus.hu\/tajfuto\/wordpress\/index.php?rest_route=%2Fwp%2Fv2%2Fmedia&parent=1295"}],"curies":[{"name":"wp","href":"https:\/\/api.w.org\/{rel}","templated":true}]}}