{"id":1293,"date":"2012-11-14T11:15:50","date_gmt":"2012-11-14T10:15:50","guid":{"rendered":"http:\/\/www.tabanispartacus.hu\/tajfuto\/wordpress\/?page_id=1293"},"modified":"2012-11-14T11:15:50","modified_gmt":"2012-11-14T10:15:50","slug":"sajtonk-1995","status":"publish","type":"page","link":"https:\/\/www.tabanispartacus.hu\/tajfuto\/wordpress\/?page_id=1293","title":{"rendered":"Sajt\u00f3nk 1995"},"content":{"rendered":"<table style=\"width: 99%;\" border=\"1\">\n<tbody>\n<tr height=\"17\">\n<td class=\"xl22\" width=\"39\" height=\"17\"><strong>&nbsp;<\/strong><\/td>\n<td class=\"xl24\" width=\"108\"><strong>&Uacute;js&aacute;g neve, sz&aacute;ma<\/strong><\/td>\n<td class=\"xl24\" width=\"78\"><strong>oldal<\/strong><\/td>\n<td class=\"xl24\" width=\"45\"><strong>&nbsp;<\/strong><\/td>\n<td class=\"xl24\" width=\"429\"><strong>Cikk c&iacute;me<\/strong><\/td>\n<td class=\"xl24\" width=\"205\"><strong>Cikk szerz\u0151je<\/strong><\/td>\n<\/tr>\n<tr height=\"34\">\n<td class=\"xl24\" rowspan=\"4\" height=\"102\" align=\"right\">1995<\/td>\n<td class=\"xl24\">T&aacute;jol&oacute;, 95\/2<\/td>\n<td class=\"xl26\">32<\/td>\n<td class=\"xl28\">T95\/2<\/td>\n<td class=\"xl25\" width=\"429\"><a href=\"\/tajfuto\/sajtonk\/1995\/1995-2tajolo_atalakult-a-spari.jpg\">Budapesti versenyb&iacute;r&oacute;k   &aacute;tmin\u0151s&iacute;t&eacute;se (Ujh&aacute;zi, Szombathelyi, Marosfalvi M. II o., Cser K., Gyalog L. I   o.)<\/a><\/td>\n<td class=\"xl27\">&mdash;<\/td>\n<\/tr>\n<tr height=\"17\">\n<td class=\"xl24\" height=\"17\">T&aacute;jol&oacute;, 95\/2<\/td>\n<td class=\"xl26\">33<\/td>\n<td class=\"xl28\">T95\/2<\/td>\n<td class=\"xl27\"><a href=\"\/tajfuto\/sajtonk\/1995\/1995-2tajolo_atalakult-a-spari.jpg\">&Aacute;talakult a Spari!<\/a><\/td>\n<td class=\"xl27\">&mdash;<\/td>\n<\/tr>\n<tr height=\"17\">\n<td class=\"xl24\">T&aacute;jol&oacute;, 95\/4<\/td>\n<td class=\"xl26\">c&iacute;mlap<\/td>\n<td class=\"xl28\">T95\/4<\/td>\n<td class=\"xl27\"><a href=\"\/tajfuto\/sajtonk\/1995\/1995-4tajolo_legifjabb-tspk-celban.jpg\">C&iacute;mlapon: a legifjabb versenyz\u0151 a Spartacus kupa c&eacute;lj&aacute;ban<\/a><\/td>\n<td class=\"xl27\">&mdash;<\/td>\n<\/tr>\n<tr height=\"34\">\n<td class=\"xl24\">T&aacute;jol&oacute;, 95\/10<\/td>\n<td class=\"xl26\">222<\/td>\n<td class=\"xl28\">T95\/10<\/td>\n<td class=\"xl25\" width=\"429\"><a href=\"\/tajfuto\/sajtonk\/1995\/1995-10tajolo_ospk.jpg\">44. \u0150szi Spartacus Kupa [fot&oacute;:   Egy versenyz\u0151 &#8211; egy rendez\u0151 a versenyen (G&aacute;rdonyi R&eacute;ka &eacute;s Gyalog L&aacute;szl&oacute;)]<\/a><\/td>\n<td class=\"xl27\">&mdash;<\/td>\n<\/tr>\n<\/tbody>\n<\/table>\n","protected":false},"excerpt":{"rendered":"<p>&nbsp; &Uacute;js&aacute;g neve, sz&aacute;ma oldal &nbsp; Cikk c&iacute;me Cikk szerz\u0151je 1995 T&aacute;jol&oacute;, 95\/2 32 T95\/2 Budapesti versenyb&iacute;r&oacute;k &aacute;tmin\u0151s&iacute;t&eacute;se (Ujh&aacute;zi, Szombathelyi, Marosfalvi M. II o., Cser K., Gyalog L. I o.) &mdash; T&aacute;jol&oacute;, 95\/2 33 T95\/2 &Aacute;talakult a Spari! &mdash; T&aacute;jol&oacute;, 95\/4 c&iacute;mlap T95\/4 C&iacute;mlapon: a legifjabb versenyz\u0151 a Spartacus kupa c&eacute;lj&aacute;ban &mdash; T&aacute;jol&oacute;, 95\/10 222 &hellip; <a href=\"https:\/\/www.tabanispartacus.hu\/tajfuto\/wordpress\/?page_id=1293\" class=\"more-link\"><span class=\"screen-reader-text\">Sajt\u00f3nk 1995<\/span> olvas\u00e1s\u00e1nak folytat\u00e1sa <span class=\"meta-nav\">&rarr;<\/span><\/a><\/p>\n","protected":false},"author":1,"featured_media":0,"parent":545,"menu_order":0,"comment_status":"closed","ping_status":"closed","template":"","meta":{"ngg_post_thumbnail":0},"_links":{"self":[{"href":"https:\/\/www.tabanispartacus.hu\/tajfuto\/wordpress\/index.php?rest_route=\/wp\/v2\/pages\/1293"}],"collection":[{"href":"https:\/\/www.tabanispartacus.hu\/tajfuto\/wordpress\/index.php?rest_route=\/wp\/v2\/pages"}],"about":[{"href":"https:\/\/www.tabanispartacus.hu\/tajfuto\/wordpress\/index.php?rest_route=\/wp\/v2\/types\/page"}],"author":[{"embeddable":true,"href":"https:\/\/www.tabanispartacus.hu\/tajfuto\/wordpress\/index.php?rest_route=\/wp\/v2\/users\/1"}],"replies":[{"embeddable":true,"href":"https:\/\/www.tabanispartacus.hu\/tajfuto\/wordpress\/index.php?rest_route=%2Fwp%2Fv2%2Fcomments&post=1293"}],"version-history":[{"count":1,"href":"https:\/\/www.tabanispartacus.hu\/tajfuto\/wordpress\/index.php?rest_route=\/wp\/v2\/pages\/1293\/revisions"}],"predecessor-version":[{"id":1294,"href":"https:\/\/www.tabanispartacus.hu\/tajfuto\/wordpress\/index.php?rest_route=\/wp\/v2\/pages\/1293\/revisions\/1294"}],"up":[{"embeddable":true,"href":"https:\/\/www.tabanispartacus.hu\/tajfuto\/wordpress\/index.php?rest_route=\/wp\/v2\/pages\/545"}],"wp:attachment":[{"href":"https:\/\/www.tabanispartacus.hu\/tajfuto\/wordpress\/index.php?rest_route=%2Fwp%2Fv2%2Fmedia&parent=1293"}],"curies":[{"name":"wp","href":"https:\/\/api.w.org\/{rel}","templated":true}]}}